{"id":34612,"date":"2018-11-12T10:03:18","date_gmt":"2018-11-12T10:03:18","guid":{"rendered":"https:\/\/www.colt.net\/sip-trunking\/"},"modified":"2024-12-14T14:44:32","modified_gmt":"2024-12-14T14:44:32","slug":"sip-trunking","status":"publish","type":"page","link":"https:\/\/legacy.colt.net\/es\/product\/sip-trunking\/","title":{"rendered":"Servicios SIP Trunking"},"content":{"rendered":"\r\n<h1>\u00a0<\/h1>\r\n<h2>Products &amp; Services<\/h2>\r\n<nav class=\"breadcrumb\"><span><span><a href=\"https:\/\/legacy.colt.net\/es\/\">Home<\/a><\/span><\/span><\/nav>\r\n<p>SIP Trunking simplifica la telefon\u00eda de tu empresa y ahorra dinero. Las empresas multinacionales que desean optimizar su infraestructura de voz y administrar mejor los costos deben considerar a Colt como un proveedor de servicios de SIP Trunking. Con las soluciones SIP Trunking, simplifica todas las telecomunicaciones en una sola red IP.<\/p>\r\n<p>Mantiene todas las caracter\u00edsticas de la telefon\u00eda tradicional y la calidad de las llamadas, al tiempo que obtiene un ahorro mensual de hasta el 50%.<\/p>\r\n<h3>Experiencia rentable<\/h3>\r\n<p>Al reducir la cantidad de suministros en una red IP, ahorra costes. Las llamadas internas gratuitas y el uso compartido de la infraestructura de voz \/ datos tambi\u00e9n reducen los costos de red.<\/p>\r\n<p>Nuestros expertos en servicios de SIP Trunking, altamente certificados, trabajan con las empresas para garantizar que lo hagamos bien a la primera. Estar\u00e1 listo y funcionando r\u00e1pidamente con una interrupci\u00f3n m\u00ednima del negocio.<\/p>\r\n<h3>F\u00e1cil y confiable<\/h3>\r\n<p>Reduzce el tiempo de administraci\u00f3n con nuestra red global. Gestionamos todo y solo tienes que comunicarte con un \u00fanico punto de contacto.<\/p>\r\n<p>Crea una red de voz que satisfaga las necesidades de cumplimiento, recuperaci\u00f3n de desastres y seguridad. Ofrecemos cifrado SRTP y TLS, informes de rendimiento y reemplazo de PSTN.<\/p>\r\n<h3>Cobertura y elecci\u00f3n<\/h3>\r\n<p>El \u00fanico proveedor de servicios con un servicio y una entrega consistentes abarca todos los pa\u00edses. Tenemos verdaderas capacidades &#8220;en el pa\u00eds&#8221; y estamos expandi\u00e9ndonos continuamente a nuevas geograf\u00edas, que ahora cubren 26 pa\u00edses a nivel mundial.<\/p>\r\n<p>Elija la QoS que desee de nuestras redes MPLS o Ethernet de propiedad total. Migraci\u00f3n y transferencia sin problemas, compatibilidad con PSTN, y llamadas de emergencia y manejo de CLI.<\/p>\r\n<h3>Conoce m\u00e1s\u2026<\/h3>\r\n<p>\u00bfQuieres saber m\u00e1s sobre nuestros servicios de telefon\u00eda para empresas?<\/p>\r\n<p>Puedes echar un vistazo al resto de los productos.<\/p>\r\n<h3>Servicios de voz RDSI<\/h3>\r\n<p>Con m\u00e1s de 20 a\u00f1os de experiencia y la red paneuropea m\u00e1s completa, Colt es el proveedor ISDN elegido para miles de empresas en toda Europa.<\/p>\r\n<p><a role=\"button\" href=\"https:\/\/legacy.colt.net\/wp-content\/uploads\/2020\/08\/SIP-Datasheet-ES.pdf\" target=\"_blank\" rel=\"noopener noreferrer\"> Click Here <\/a><\/p>\r\n<h3>\u00bfQuiere aprender m\u00e1s?<\/h3>\r\n<p>Reserve una reuni\u00f3n con nuestro especialista de ventas<\/p>\r\n<p><a role=\"button\" href=\"https:\/\/app.hubspot.com\/meetings\/manuel-carballeda\" target=\"_blank\" rel=\"noopener noreferrer\"> Reservar una reuni\u00f3n <\/a><\/p>\r\n<h5>Case Study<\/h5>\r\n<p><img decoding=\"async\" title=\"Dedicated-Cloud-Access-On-Demand-1-300x182\" src=\"https:\/\/legacy.colt.net\/wp-content\/uploads\/2019\/02\/Dedicated-Cloud-Access-On-Demand-1-300x182.jpg\" alt=\"Dedicated-Cloud-Access-On-Demand-1-300x182\" \/><\/p>\r\n<h3>Dedicated Cloud Access<\/h3>\r\n<p>Colt&#8217;s Dedicated Cloud Access (DCA) service gives businesses a superior cloud networking experience when compared to relying on public internet.<\/p>\r\n<h5>Related Product<\/h5>\r\n<p><img decoding=\"async\" title=\"Dedicated-Cloud-Access-On-Demand-1-300x182\" src=\"https:\/\/legacy.colt.net\/wp-content\/uploads\/2019\/02\/Dedicated-Cloud-Access-On-Demand-1-300x182.jpg\" alt=\"Dedicated-Cloud-Access-On-Demand-1-300x182\" \/><\/p>\r\n<h3>Dedicated Cloud Access<\/h3>\r\n<p>Colt&#8217;s Dedicated Cloud Access (DCA) service gives businesses a superior cloud networking experience when compared to relying on public internet.<\/p>\r\n<h5>Blog<\/h5>\r\n<p><img decoding=\"async\" title=\"DC-Net-On-Demand-iStock-522131988-300x182\" src=\"https:\/\/legacy.colt.net\/wp-content\/uploads\/2019\/02\/DC-Net-On-Demand-iStock-522131988-300x182.jpg\" alt=\"DC-Net-On-Demand-iStock-522131988-300x182\" \/><\/p>\r\n<h3>DC Net<\/h3>\r\n<p>DC Net is Colt&#8217;s advanced data centre interconnection solution offering direct access to over 850 data centres across Europe, Asia and North America.<\/p>\r\n<h3>Meet Noriyuki, Account Executive (Capital Markets)<\/h3>\r\n<p>&#8220;Good thing about Colt is that I am given a wide scope of responsibility and I get involved in many things. As a result, Colt offers a work environment where I can develop myself.&#8221;<\/p>\r\n<p><a role=\"button\" href=\"https:\/\/legacy.colt.net\/es\/careers\/\" target=\"_self\" rel=\"noopener noreferrer\"> Careers at Colt \u00bb <\/a> <img decoding=\"async\" title=\"noriyuki\" src=\"https:\/\/legacy.colt.net\/wp-content\/uploads\/2019\/02\/noriyuki.jpg\" alt=\"noriyuki\" \/><\/p>\r\n<p>The Colt PrizmNet financial extranet connects a global capital markets ecosystem to AWS. It provides market participants with simplified and quick access to cloud-based content and execution services.<\/p>\r\n","protected":false},"excerpt":{"rendered":"<p>\u00a0 Products &amp; Services SIP Trunking simplifica la telefon\u00eda de tu empresa y ahorra dinero. Las empresas multinacionales que desean optimizar su infraestructura de voz y administrar mejor los costos deben considerar a Colt como un proveedor de servicios de SIP Trunking. Con las soluciones SIP Trunking, simplifica todas las telecomunicaciones en una sola red&#8230;<\/p>\n","protected":false},"author":143,"featured_media":0,"parent":35905,"menu_order":0,"comment_status":"closed","ping_status":"closed","template":"page-templates\/template-product.php","meta":{"_acf_changed":false,"footnotes":""},"colt_type":[],"colt_products":[1635],"class_list":["post-34612","page","type-page","status-publish","hentry","colt_products-voice-and-collaboration-es"],"acf":[],"yoast_head":"<!-- This site is optimized with the Yoast SEO plugin v26.8 - https:\/\/yoast.com\/product\/yoast-seo-wordpress\/ -->\n<title>Servicios SIP Trunking | Colt Technology Services | ES<\/title>\n<meta name=\"description\" content=\"El servicio VoIP Access SIP Trunking de Colt le permite simplificar sus activos telef\u00f3nicos, racionalizar las conexiones multiemplazamiento de su empresa en una \u00fanica red IP y reducir los costes\" \/>\n<meta name=\"robots\" content=\"noindex, follow, max-snippet:-1, max-image-preview:large, max-video-preview:-1\" \/>\n<meta property=\"og:locale\" content=\"es_ES\" \/>\n<meta property=\"og:type\" content=\"article\" \/>\n<meta property=\"og:title\" content=\"Servicios SIP Trunking | Colt Technology Services | ES\" \/>\n<meta property=\"og:description\" content=\"El servicio VoIP Access SIP Trunking de Colt le permite simplificar sus activos telef\u00f3nicos, racionalizar las conexiones multiemplazamiento de su empresa en una \u00fanica red IP y reducir los costes\" \/>\n<meta property=\"og:url\" content=\"https:\/\/legacy.colt.net\/es\/product\/sip-trunking\/\" \/>\n<meta property=\"og:site_name\" content=\"Colt Technology Services\" \/>\n<meta property=\"article:publisher\" content=\"https:\/\/www.facebook.com\/ColtTechnologyServices\/\" \/>\n<meta property=\"article:modified_time\" content=\"2024-12-14T14:44:32+00:00\" \/>\n<meta property=\"og:image\" content=\"https:\/\/legacy.colt.net\/wp-content\/uploads\/2019\/02\/Dedicated-Cloud-Access-On-Demand-1-300x182.jpg\" \/>\n<meta name=\"twitter:card\" content=\"summary_large_image\" \/>\n<meta name=\"twitter:site\" content=\"@colt_technology\" \/>\n<script type=\"application\/ld+json\" class=\"yoast-schema-graph\">{\"@context\":\"https:\/\/schema.org\",\"@graph\":[{\"@type\":\"WebPage\",\"@id\":\"https:\/\/legacy.colt.net\/es\/product\/sip-trunking\/\",\"url\":\"https:\/\/legacy.colt.net\/es\/product\/sip-trunking\/\",\"name\":\"Servicios SIP Trunking | Colt Technology Services | ES\",\"isPartOf\":{\"@id\":\"https:\/\/legacy.colt.net\/#website\"},\"primaryImageOfPage\":{\"@id\":\"https:\/\/legacy.colt.net\/es\/product\/sip-trunking\/#primaryimage\"},\"image\":{\"@id\":\"https:\/\/legacy.colt.net\/es\/product\/sip-trunking\/#primaryimage\"},\"thumbnailUrl\":\"https:\/\/legacy.colt.net\/wp-content\/uploads\/2019\/02\/Dedicated-Cloud-Access-On-Demand-1-300x182.jpg\",\"datePublished\":\"2018-11-12T10:03:18+00:00\",\"dateModified\":\"2024-12-14T14:44:32+00:00\",\"description\":\"El servicio VoIP Access SIP Trunking de Colt le permite simplificar sus activos telef\u00f3nicos, racionalizar las conexiones multiemplazamiento de su empresa en una \u00fanica red IP y reducir los costes\",\"breadcrumb\":{\"@id\":\"https:\/\/legacy.colt.net\/es\/product\/sip-trunking\/#breadcrumb\"},\"inLanguage\":\"es-ES\",\"potentialAction\":[{\"@type\":\"ReadAction\",\"target\":[\"https:\/\/legacy.colt.net\/es\/product\/sip-trunking\/\"]}]},{\"@type\":\"ImageObject\",\"inLanguage\":\"es-ES\",\"@id\":\"https:\/\/legacy.colt.net\/es\/product\/sip-trunking\/#primaryimage\",\"url\":\"https:\/\/legacy.colt.net\/wp-content\/uploads\/2019\/02\/Dedicated-Cloud-Access-On-Demand-1-300x182.jpg\",\"contentUrl\":\"https:\/\/legacy.colt.net\/wp-content\/uploads\/2019\/02\/Dedicated-Cloud-Access-On-Demand-1-300x182.jpg\"},{\"@type\":\"BreadcrumbList\",\"@id\":\"https:\/\/legacy.colt.net\/es\/product\/sip-trunking\/#breadcrumb\",\"itemListElement\":[{\"@type\":\"ListItem\",\"position\":1,\"name\":\"Home\",\"item\":\"https:\/\/legacy.colt.net\/es\/\"},{\"@type\":\"ListItem\",\"position\":2,\"name\":\"Productos y servicios\",\"item\":\"https:\/\/legacy.colt.net\/es\/product\/\"},{\"@type\":\"ListItem\",\"position\":3,\"name\":\"Servicios SIP Trunking\"}]},{\"@type\":\"WebSite\",\"@id\":\"https:\/\/legacy.colt.net\/#website\",\"url\":\"https:\/\/legacy.colt.net\/\",\"name\":\"Colt\u30c6\u30af\u30ce\u30ed\u30b8\u30fc\u30b5\u30fc\u30d3\u30b9\u682a\u5f0f\u4f1a\u793e\",\"description\":\"Managed Network &amp; Voice Services Provider\",\"publisher\":{\"@id\":\"https:\/\/legacy.colt.net\/#organization\"},\"potentialAction\":[{\"@type\":\"SearchAction\",\"target\":{\"@type\":\"EntryPoint\",\"urlTemplate\":\"https:\/\/legacy.colt.net\/?s={search_term_string}\"},\"query-input\":{\"@type\":\"PropertyValueSpecification\",\"valueRequired\":true,\"valueName\":\"search_term_string\"}}],\"inLanguage\":\"es-ES\"},{\"@type\":\"Organization\",\"@id\":\"https:\/\/legacy.colt.net\/#organization\",\"name\":\"Colt Technology Services\",\"url\":\"https:\/\/legacy.colt.net\/\",\"logo\":{\"@type\":\"ImageObject\",\"inLanguage\":\"es-ES\",\"@id\":\"https:\/\/legacy.colt.net\/#\/schema\/logo\/image\/\",\"url\":\"https:\/\/legacy.colt.net\/wp-content\/uploads\/2019\/02\/Colt-Logo.png\",\"contentUrl\":\"https:\/\/legacy.colt.net\/wp-content\/uploads\/2019\/02\/Colt-Logo.png\",\"width\":195,\"height\":77,\"caption\":\"Colt Technology Services\"},\"image\":{\"@id\":\"https:\/\/legacy.colt.net\/#\/schema\/logo\/image\/\"},\"sameAs\":[\"https:\/\/www.facebook.com\/ColtTechnologyServices\/\",\"https:\/\/x.com\/colt_technology\",\"https:\/\/www.instagram.com\/colttechnologyservices\/\",\"https:\/\/www.linkedin.com\/company\/colt-technology-services\",\"https:\/\/www.youtube.com\/user\/ColtTechnology\"]}]}<\/script>\n<!-- \/ Yoast SEO plugin. -->","yoast_head_json":{"title":"Servicios SIP Trunking | Colt Technology Services | ES","description":"El servicio VoIP Access SIP Trunking de Colt le permite simplificar sus activos telef\u00f3nicos, racionalizar las conexiones multiemplazamiento de su empresa en una \u00fanica red IP y reducir los costes","robots":{"index":"noindex","follow":"follow","max-snippet":"max-snippet:-1","max-image-preview":"max-image-preview:large","max-video-preview":"max-video-preview:-1"},"og_locale":"es_ES","og_type":"article","og_title":"Servicios SIP Trunking | Colt Technology Services | ES","og_description":"El servicio VoIP Access SIP Trunking de Colt le permite simplificar sus activos telef\u00f3nicos, racionalizar las conexiones multiemplazamiento de su empresa en una \u00fanica red IP y reducir los costes","og_url":"https:\/\/legacy.colt.net\/es\/product\/sip-trunking\/","og_site_name":"Colt Technology Services","article_publisher":"https:\/\/www.facebook.com\/ColtTechnologyServices\/","article_modified_time":"2024-12-14T14:44:32+00:00","og_image":[{"url":"https:\/\/legacy.colt.net\/wp-content\/uploads\/2019\/02\/Dedicated-Cloud-Access-On-Demand-1-300x182.jpg","type":"","width":"","height":""}],"twitter_card":"summary_large_image","twitter_site":"@colt_technology","schema":{"@context":"https:\/\/schema.org","@graph":[{"@type":"WebPage","@id":"https:\/\/legacy.colt.net\/es\/product\/sip-trunking\/","url":"https:\/\/legacy.colt.net\/es\/product\/sip-trunking\/","name":"Servicios SIP Trunking | Colt Technology Services | ES","isPartOf":{"@id":"https:\/\/legacy.colt.net\/#website"},"primaryImageOfPage":{"@id":"https:\/\/legacy.colt.net\/es\/product\/sip-trunking\/#primaryimage"},"image":{"@id":"https:\/\/legacy.colt.net\/es\/product\/sip-trunking\/#primaryimage"},"thumbnailUrl":"https:\/\/legacy.colt.net\/wp-content\/uploads\/2019\/02\/Dedicated-Cloud-Access-On-Demand-1-300x182.jpg","datePublished":"2018-11-12T10:03:18+00:00","dateModified":"2024-12-14T14:44:32+00:00","description":"El servicio VoIP Access SIP Trunking de Colt le permite simplificar sus activos telef\u00f3nicos, racionalizar las conexiones multiemplazamiento de su empresa en una \u00fanica red IP y reducir los costes","breadcrumb":{"@id":"https:\/\/legacy.colt.net\/es\/product\/sip-trunking\/#breadcrumb"},"inLanguage":"es-ES","potentialAction":[{"@type":"ReadAction","target":["https:\/\/legacy.colt.net\/es\/product\/sip-trunking\/"]}]},{"@type":"ImageObject","inLanguage":"es-ES","@id":"https:\/\/legacy.colt.net\/es\/product\/sip-trunking\/#primaryimage","url":"https:\/\/legacy.colt.net\/wp-content\/uploads\/2019\/02\/Dedicated-Cloud-Access-On-Demand-1-300x182.jpg","contentUrl":"https:\/\/legacy.colt.net\/wp-content\/uploads\/2019\/02\/Dedicated-Cloud-Access-On-Demand-1-300x182.jpg"},{"@type":"BreadcrumbList","@id":"https:\/\/legacy.colt.net\/es\/product\/sip-trunking\/#breadcrumb","itemListElement":[{"@type":"ListItem","position":1,"name":"Home","item":"https:\/\/legacy.colt.net\/es\/"},{"@type":"ListItem","position":2,"name":"Productos y servicios","item":"https:\/\/legacy.colt.net\/es\/product\/"},{"@type":"ListItem","position":3,"name":"Servicios SIP Trunking"}]},{"@type":"WebSite","@id":"https:\/\/legacy.colt.net\/#website","url":"https:\/\/legacy.colt.net\/","name":"Colt\u30c6\u30af\u30ce\u30ed\u30b8\u30fc\u30b5\u30fc\u30d3\u30b9\u682a\u5f0f\u4f1a\u793e","description":"Managed Network &amp; Voice Services Provider","publisher":{"@id":"https:\/\/legacy.colt.net\/#organization"},"potentialAction":[{"@type":"SearchAction","target":{"@type":"EntryPoint","urlTemplate":"https:\/\/legacy.colt.net\/?s={search_term_string}"},"query-input":{"@type":"PropertyValueSpecification","valueRequired":true,"valueName":"search_term_string"}}],"inLanguage":"es-ES"},{"@type":"Organization","@id":"https:\/\/legacy.colt.net\/#organization","name":"Colt Technology Services","url":"https:\/\/legacy.colt.net\/","logo":{"@type":"ImageObject","inLanguage":"es-ES","@id":"https:\/\/legacy.colt.net\/#\/schema\/logo\/image\/","url":"https:\/\/legacy.colt.net\/wp-content\/uploads\/2019\/02\/Colt-Logo.png","contentUrl":"https:\/\/legacy.colt.net\/wp-content\/uploads\/2019\/02\/Colt-Logo.png","width":195,"height":77,"caption":"Colt Technology Services"},"image":{"@id":"https:\/\/legacy.colt.net\/#\/schema\/logo\/image\/"},"sameAs":["https:\/\/www.facebook.com\/ColtTechnologyServices\/","https:\/\/x.com\/colt_technology","https:\/\/www.instagram.com\/colttechnologyservices\/","https:\/\/www.linkedin.com\/company\/colt-technology-services","https:\/\/www.youtube.com\/user\/ColtTechnology"]}]}},"_links":{"self":[{"href":"https:\/\/legacy.colt.net\/es\/wp-json\/wp\/v2\/pages\/34612","targetHints":{"allow":["GET"]}}],"collection":[{"href":"https:\/\/legacy.colt.net\/es\/wp-json\/wp\/v2\/pages"}],"about":[{"href":"https:\/\/legacy.colt.net\/es\/wp-json\/wp\/v2\/types\/page"}],"author":[{"embeddable":true,"href":"https:\/\/legacy.colt.net\/es\/wp-json\/wp\/v2\/users\/143"}],"replies":[{"embeddable":true,"href":"https:\/\/legacy.colt.net\/es\/wp-json\/wp\/v2\/comments?post=34612"}],"version-history":[{"count":0,"href":"https:\/\/legacy.colt.net\/es\/wp-json\/wp\/v2\/pages\/34612\/revisions"}],"up":[{"embeddable":true,"href":"https:\/\/legacy.colt.net\/es\/wp-json\/wp\/v2\/pages\/35905"}],"wp:attachment":[{"href":"https:\/\/legacy.colt.net\/es\/wp-json\/wp\/v2\/media?parent=34612"}],"wp:term":[{"taxonomy":"colt_type","embeddable":true,"href":"https:\/\/legacy.colt.net\/es\/wp-json\/wp\/v2\/colt_type?post=34612"},{"taxonomy":"colt_products","embeddable":true,"href":"https:\/\/legacy.colt.net\/es\/wp-json\/wp\/v2\/colt_products?post=34612"}],"curies":[{"name":"wp","href":"https:\/\/api.w.org\/{rel}","templated":true}]}}