{"id":34535,"date":"2018-10-30T11:09:52","date_gmt":"2018-10-30T11:09:52","guid":{"rendered":"https:\/\/www.colt.net\/products-services\/"},"modified":"2021-10-06T12:51:14","modified_gmt":"2021-10-06T11:51:14","slug":"products-services","status":"publish","type":"page","link":"https:\/\/legacy.colt.net\/es\/products-services\/","title":{"rendered":"Productos y servicios"},"content":{"rendered":"\n<h1>\n\t\tProductos y servicios\n\t<\/h1>\n\t<nav class=\"breadcrumb\"><span><span><a href=\"https:\/\/legacy.colt.net\/es\/\">Home<\/a><\/span><\/span><\/nav>\n\t<p>Nuestro cat\u00e1logo de servicios ofrece una experiencia homog\u00e9nea en Europa, Asia y Norteam\u00e9rica sobre una plataforma y una tecnolog\u00eda comunes. Esto permite a las empresas responder a los retos planteados por la digitalizaci\u00f3n, enfoc\u00e1ndose en sus prioridades de negocio y accediendo a mercados nuevos y emergentes.<\/p>\n\t\t\t\t<a href=\"https:\/\/legacy.colt.net\/es\/optical\/\" target=\"_self\" itemprop=\"url\" rel=\"noopener\">\n\t\t\t\t<img loading=\"lazy\" decoding=\"async\" src=\"https:\/\/legacy.colt.net\/wp-content\/uploads\/2020\/12\/Building-your-network-1.png\" alt=\"Building-your-network-1\" itemprop=\"image\" height=\"500\" width=\"500\" title=\"Building-your-network-1\" onerror=\"this.style.display='none'\"  \/>\n\t\t\t\t<\/a>\n<h3>\n\t\t<a href=\"https:\/\/legacy.colt.net\/es\/optical\/\" title=\"Servicios de red de fibra \u00f3ptica\" target=\"_self\" rel=\"noopener\">\n\t\tServicios de red de fibra \u00f3ptica\n\t\t<\/a>\n\t<\/h3>\n\t<p>Un cat\u00e1logo de comunicaciones \u00f3pticas completo y escalable que responde a los requisitos de la banda ancha. Entre las propuestas clave se encuentran:<\/p>\n\t| \u00a0<a href=\"https:\/\/legacy.colt.net\/es\/product\/wave\/\">Wave<\/a><br \/>\n| \u00a0<a href=\"https:\/\/legacy.colt.net\/es\/product\/private-wave\/\">Private Wave<\/a><br \/>\n| \u00a0<a href=\"https:\/\/legacy.colt.net\/es\/product\/spectrum\/\">Long-haul fibre network<\/a><br \/>\n| \u00a0<a href=\"https:\/\/legacy.colt.net\/es\/product\/dark-fibre\/\">Dark Fibre<\/a><br \/>\n| \u00a0<a href=\"https:\/\/legacy.colt.net\/es\/product\/wireless-backhaul\/\">Wireless backhaul<\/a>\n\t\t\t\t<img loading=\"lazy\" decoding=\"async\" src=\"https:\/\/legacy.colt.net\/wp-content\/uploads\/2021\/01\/Ethernet.png\" alt=\"Ethernet\" itemprop=\"image\" height=\"800\" width=\"800\" title=\"Ethernet\" onerror=\"this.style.display='none'\"  \/>\n<h3>\n\t\t<a href=\"https:\/\/legacy.colt.net\/es\/ethernet-sub\/\" title=\"Ethernet services\" target=\"_self\" rel=\"noopener\">\n\t\tEthernet services\n\t\t<\/a>\n\t<\/h3>\n\t<p>Colt tiene el reconocimiento del sector por nuestra cobertura global, foco en el cliente, excelencia t\u00e9cnica e innovaci\u00f3n del servicio. Nuestro cat\u00e1logo galardonado con premios ofrece unas soluciones de conectividad de alta calidad, seguras y rentables, incluyendo:<\/p>\n\t| \u00a0<a href=\"https:\/\/legacy.colt.net\/es\/product\/ethernet-line\/\">Managed ethernet services<\/a><br \/>\n| \u00a0<a href=\"https:\/\/legacy.colt.net\/es\/product\/ethernet-hub-spoke\/\">Managed WAN services<\/a><br \/>\n| \u00a0<a href=\"https:\/\/legacy.colt.net\/es\/product\/ethernet-vpn\/\">Business ethernet VPN<\/a><br \/>\n| \u00a0<a href=\"https:\/\/legacy.colt.net\/es\/product\/private-ethernet\/\">Private ethernet<\/a>\n\t\t\t\t<a href=\"https:\/\/legacy.colt.net\/es\/ip\/\" target=\"_self\" itemprop=\"url\" rel=\"noopener\">\n\t\t\t\t<img loading=\"lazy\" decoding=\"async\" src=\"https:\/\/legacy.colt.net\/wp-content\/uploads\/2021\/01\/IP-Access.png\" alt=\"IP Access\" itemprop=\"image\" height=\"800\" width=\"800\" title=\"IP Access\" onerror=\"this.style.display='none'\"  \/>\n\t\t\t\t<\/a>\n<h3>\n\t\t<a href=\"https:\/\/legacy.colt.net\/es\/ip\/\" title=\"Dedicated internet, SD WAN &amp; IP VPN\" target=\"_self\" rel=\"noopener\">\n\t\tDedicated internet, SD WAN &#038; IP VPN\n\t\t<\/a>\n\t<\/h3>\n\t<p>Colt IP Access permite clientes conectan nodos negocio de cualquier tama\u00f1o de internet con un ancho banda de banda garantizada. Con calidad de servicio, alta disponibilidad garantizada hasta 99,99% y seguimiento proactivo, autoticketing y notificaci\u00f3n.<\/p>\n\t| \u00a0<a href=\"https:\/\/legacy.colt.net\/es\/product\/ip-access\/\">Business internet access<\/a><br \/>\n| \u00a0<a href=\"https:\/\/legacy.colt.net\/es\/product\/sd-wan\/\">SD WAN as a service<\/a><br \/>\n| \u00a0<a href=\"https:\/\/legacy.colt.net\/es\/product\/ip-vpn\/\">IP VPN<\/a>\n\t\t\t\t<a href=\"https:\/\/legacy.colt.net\/es\/voice\/\" target=\"_self\" itemprop=\"url\" rel=\"noopener\">\n\t\t\t\t<img loading=\"lazy\" decoding=\"async\" src=\"https:\/\/legacy.colt.net\/wp-content\/uploads\/2021\/01\/Voice.png\" alt=\"Voice\" itemprop=\"image\" height=\"800\" width=\"800\" title=\"Voice\" onerror=\"this.style.display='none'\"  \/>\n\t\t\t\t<\/a>\n<h3>\n\t\t<a href=\"https:\/\/legacy.colt.net\/es\/voice\/\" title=\"Voz\" target=\"_self\" rel=\"noopener\">\n\t\tVoz\n\t\t<\/a>\n\t<\/h3>\n\t<p>El cat\u00e1logo de voz Colt ofrece servicios de voz de categor\u00eda corporativa para operadores y empresas.<\/p>\n\t| \u00a0<a href=\"https:\/\/legacy.colt.net\/es\/product\/sip-trunking\/\">SIP trunking<\/a><br \/>\n| \u00a0<a href=\"https:\/\/legacy.colt.net\/es\/product\/isdn-voice-services\/\">ISDN services<\/a><br \/>\n| \u00a0<a href=\"https:\/\/legacy.colt.net\/es\/product\/colt-intelligent-communications\/\">Intelligent communications<\/a><br \/>\n|\u00a0 <a href=\"https:\/\/legacy.colt.net\/es\/product\/contact-centre-as-a-service\/\">Contact Centre as a Service<\/a><br \/>\n| \u00a0<a href=\"https:\/\/legacy.colt.net\/es\/in-services\/\">Cloud telephone systems<\/a><br \/>\n| \u00a0<a href=\"https:\/\/legacy.colt.net\/es\/service-provider-solutions\/\">Wholesale voice services<\/a>\n\t\t\t\t<a href=\"https:\/\/legacy.colt.net\/es\/cybersecurity\/\" target=\"_self\" itemprop=\"url\" rel=\"noopener\">\n\t\t\t\t<img loading=\"lazy\" decoding=\"async\" src=\"https:\/\/legacy.colt.net\/wp-content\/uploads\/2021\/01\/Keeping-your-business-secure-1.png\" alt=\"Keeping-your-business-secure-1\" itemprop=\"image\" height=\"500\" width=\"500\" title=\"Keeping-your-business-secure-1\" onerror=\"this.style.display='none'\"  \/>\n\t\t\t\t<\/a>\n<h3>\n\t\t<a href=\"https:\/\/legacy.colt.net\/es\/cybersecurity\/\" title=\"Cybersecurity\" target=\"_self\" rel=\"noopener\">\n\t\tCybersecurity\n\t\t<\/a>\n\t<\/h3>\n\t<p>El cat\u00e1logo Colt Cybersecurity ofrece una serie de servicios de seguridad para monitorizar, detectar y proteger los datos y la infraestructura de TI de los clientes frente a ciberamenazas e incidencias de seguridad y para ayudar a gestionar el riesgo.<\/p>\n\t| \u00a0<a href=\"https:\/\/legacy.colt.net\/es\/product\/managed-firewall\/\">Managed firewall services<\/a><br \/>\n| \u00a0<a href=\"https:\/\/legacy.colt.net\/es\/product\/ddos\/\">DDoS protection<\/a><br \/>\n| \u00a0<a href=\"https:\/\/legacy.colt.net\/es\/product\/network-encryption-services\/\">Network encryption services<\/a>\n\t\t\t\t<a href=\"https:\/\/legacy.colt.net\/es\/cloud-dc\/\" target=\"_self\" itemprop=\"url\" rel=\"noopener\">\n\t\t\t\t<img loading=\"lazy\" decoding=\"async\" src=\"https:\/\/legacy.colt.net\/wp-content\/uploads\/2021\/01\/Connecting-to-the-cloud-1.png\" alt=\"Connecting-to-the-cloud-1\" itemprop=\"image\" height=\"500\" width=\"500\" title=\"Connecting-to-the-cloud-1\" onerror=\"this.style.display='none'\"  \/>\n\t\t\t\t<\/a>\n<h3>\n\t\t<a href=\"https:\/\/legacy.colt.net\/es\/cloud-dc\/\" title=\"Cloud &amp; DC connectivity\" target=\"_self\" rel=\"noopener\">\n\t\tCloud &#038; DC connectivity\n\t\t<\/a>\n\t<\/h3>\n\t<p>Conectividad Ethernet e IP segura y fiable con los proveedores de servicio en nube. Conexiones directas a nube con AWS, Microsoft, Google, IBM y otros proveedores de servicio en nube.<\/p>\n\t| \u00a0<a href=\"https:\/\/legacy.colt.net\/es\/product\/direct-connect\/\">Dedicated cloud access<\/a><br \/>\n| \u00a0<a href=\"https:\/\/legacy.colt.net\/es\/product\/cloud-prioritisation\/\">Cloud prioritisation<\/a><br \/>\n| \u00a0<a href=\"https:\/\/legacy.colt.net\/es\/product\/sd-wan-multi-cloud\/\">SD WAN multi-cloud<\/a><br \/>\n| \u00a0<a href=\"https:\/\/legacy.colt.net\/es\/dc-interconnect\/\">Data centre interconnect<\/a>\n\t\t\t\t<a href=\"https:\/\/legacy.colt.net\/es\/on-demand-network-solutions\/\" target=\"_self\" itemprop=\"url\" rel=\"noopener\">\n\t\t\t\t<img loading=\"lazy\" decoding=\"async\" src=\"https:\/\/legacy.colt.net\/wp-content\/uploads\/2021\/01\/uCPE.png\" alt=\"uCPE\" itemprop=\"image\" height=\"800\" width=\"800\" title=\"uCPE\" onerror=\"this.style.display='none'\"  \/>\n\t\t\t\t<\/a>\n<h3>\n\t\t<a href=\"https:\/\/legacy.colt.net\/es\/on-demand-network-solutions\/\" title=\"On Demand network solutions\" target=\"_self\" rel=\"noopener\">\n\t\tOn Demand network solutions\n\t\t<\/a>\n\t<\/h3>\n\t<p>Una soluci\u00f3n de conectividad autogestionada en tiempo real, incluyendo a los proveedores de servicio en nube.<\/p>\n\t| \u00a0<a href=\"https:\/\/legacy.colt.net\/es\/on-demand-network-solutions\/\">Ethernet On Demand<\/a><br \/>\n| \u00a0<a href=\"https:\/\/legacy.colt.net\/es\/on-demand-network-solutions\/\">DC Net On Demand<\/a><br \/>\n| \u00a0<a href=\"https:\/\/legacy.colt.net\/es\/on-demand-network-solutions\/\">Cloud Access On Demand<\/a>\n\t\t\t\t<img loading=\"lazy\" decoding=\"async\" src=\"https:\/\/legacy.colt.net\/wp-content\/uploads\/2020\/12\/Connecting-your-enterprise-network-2.png\" alt=\"Connecting-your-enterprise-network-2\" itemprop=\"image\" height=\"500\" width=\"500\" title=\"Connecting-your-enterprise-network-2\" onerror=\"this.style.display='none'\"  \/>\n<h3>\n\t\t<a href=\"https:\/\/legacy.colt.net\/es\/solutions\/capital-markets\/\" title=\"Capital markets solutions\" target=\"_self\" rel=\"noopener\">\n\t\tCapital markets solutions\n\t\t<\/a>\n\t<\/h3>\n\t<p>Ofrecemos soluciones de servicios financieros completamente gestionadas y resilientes basadas en la red Colt IQ.<\/p>\n\t| <a href=\"https:\/\/legacy.colt.net\/es\/product\/dedicated-connectivity\/\">Connectividad dedicada<\/a><br \/>\n| <a href=\"https:\/\/legacy.colt.net\/es\/product\/market-data\/\">Servicios de datos de mercado<\/a><br \/>\n| \u00a0<a href=\"https:\/\/legacy.colt.net\/es\/product\/financial-extranet\/\">Financial Extranet<\/a><br \/>\n| <a href=\"https:\/\/legacy.colt.net\/es\/product\/hosting\/\">Colocation gestionada y hosting<\/a><br \/>\n| <a href=\"https:\/\/legacy.colt.net\/es\/product\/ultra-low-latency\/\">Latencia ultrabaja<\/a>\n\n","protected":false},"excerpt":{"rendered":"<p>Productos y servicios Nuestro cat\u00e1logo de servicios ofrece una experiencia homog\u00e9nea en Europa, Asia y Norteam\u00e9rica sobre una plataforma y una tecnolog\u00eda comunes. Esto permite a las empresas responder a los retos planteados por la digitalizaci\u00f3n, enfoc\u00e1ndose en sus prioridades de negocio y accediendo a mercados nuevos y emergentes. Servicios de red de fibra \u00f3ptica&#8230;<\/p>\n","protected":false},"author":143,"featured_media":0,"parent":0,"menu_order":0,"comment_status":"closed","ping_status":"closed","template":"","meta":{"_acf_changed":false,"footnotes":""},"colt_type":[],"colt_products":[],"class_list":["post-34535","page","type-page","status-publish","hentry"],"acf":[],"yoast_head":"<!-- This site is optimized with the Yoast SEO plugin v26.8 - https:\/\/yoast.com\/product\/yoast-seo-wordpress\/ -->\n<title>Productos y servicios | Colt Technology Services | ES<\/title>\n<meta name=\"description\" content=\"Productos y servicios Colt Technology Services\" \/>\n<meta name=\"robots\" content=\"noindex, follow, max-snippet:-1, max-image-preview:large, max-video-preview:-1\" \/>\n<meta property=\"og:locale\" content=\"es_ES\" \/>\n<meta property=\"og:type\" content=\"article\" \/>\n<meta property=\"og:title\" content=\"Productos y servicios | Colt Technology Services | ES\" \/>\n<meta property=\"og:description\" content=\"Productos y servicios Colt Technology Services\" \/>\n<meta property=\"og:url\" content=\"https:\/\/legacy.colt.net\/es\/products-services\/\" \/>\n<meta property=\"og:site_name\" content=\"Colt Technology Services\" \/>\n<meta property=\"article:publisher\" content=\"https:\/\/www.facebook.com\/ColtTechnologyServices\/\" \/>\n<meta property=\"article:modified_time\" content=\"2021-10-06T11:51:14+00:00\" \/>\n<meta property=\"og:image\" content=\"https:\/\/legacy.colt.net\/wp-content\/uploads\/2021\/01\/Brand-2021-Stock-21.jpg\" \/>\n\t<meta property=\"og:image:width\" content=\"1000\" \/>\n\t<meta property=\"og:image:height\" content=\"661\" \/>\n\t<meta property=\"og:image:type\" content=\"image\/jpeg\" \/>\n<meta name=\"twitter:card\" content=\"summary_large_image\" \/>\n<meta name=\"twitter:site\" content=\"@colt_technology\" \/>\n<meta name=\"twitter:label1\" content=\"Est. reading time\" \/>\n\t<meta name=\"twitter:data1\" content=\"2 minutes\" \/>\n<script type=\"application\/ld+json\" class=\"yoast-schema-graph\">{\"@context\":\"https:\/\/schema.org\",\"@graph\":[{\"@type\":\"WebPage\",\"@id\":\"https:\/\/legacy.colt.net\/es\/products-services\/\",\"url\":\"https:\/\/legacy.colt.net\/es\/products-services\/\",\"name\":\"Productos y servicios | Colt Technology Services | ES\",\"isPartOf\":{\"@id\":\"https:\/\/legacy.colt.net\/#website\"},\"primaryImageOfPage\":{\"@id\":\"https:\/\/legacy.colt.net\/es\/products-services\/#primaryimage\"},\"image\":{\"@id\":\"https:\/\/legacy.colt.net\/es\/products-services\/#primaryimage\"},\"thumbnailUrl\":\"https:\/\/legacy.colt.net\/wp-content\/uploads\/2020\/12\/Building-your-network-1.png\",\"datePublished\":\"2018-10-30T11:09:52+00:00\",\"dateModified\":\"2021-10-06T11:51:14+00:00\",\"description\":\"Productos y servicios Colt Technology Services\",\"breadcrumb\":{\"@id\":\"https:\/\/legacy.colt.net\/es\/products-services\/#breadcrumb\"},\"inLanguage\":\"es-ES\",\"potentialAction\":[{\"@type\":\"ReadAction\",\"target\":[\"https:\/\/legacy.colt.net\/es\/products-services\/\"]}]},{\"@type\":\"ImageObject\",\"inLanguage\":\"es-ES\",\"@id\":\"https:\/\/legacy.colt.net\/es\/products-services\/#primaryimage\",\"url\":\"https:\/\/legacy.colt.net\/wp-content\/uploads\/2020\/12\/Building-your-network-1.png\",\"contentUrl\":\"https:\/\/legacy.colt.net\/wp-content\/uploads\/2020\/12\/Building-your-network-1.png\"},{\"@type\":\"BreadcrumbList\",\"@id\":\"https:\/\/legacy.colt.net\/es\/products-services\/#breadcrumb\",\"itemListElement\":[{\"@type\":\"ListItem\",\"position\":1,\"name\":\"Home\",\"item\":\"https:\/\/legacy.colt.net\/es\/\"},{\"@type\":\"ListItem\",\"position\":2,\"name\":\"Products & Services\"}]},{\"@type\":\"WebSite\",\"@id\":\"https:\/\/legacy.colt.net\/#website\",\"url\":\"https:\/\/legacy.colt.net\/\",\"name\":\"Colt\u30c6\u30af\u30ce\u30ed\u30b8\u30fc\u30b5\u30fc\u30d3\u30b9\u682a\u5f0f\u4f1a\u793e\",\"description\":\"Managed Network &amp; Voice Services Provider\",\"publisher\":{\"@id\":\"https:\/\/legacy.colt.net\/#organization\"},\"potentialAction\":[{\"@type\":\"SearchAction\",\"target\":{\"@type\":\"EntryPoint\",\"urlTemplate\":\"https:\/\/legacy.colt.net\/?s={search_term_string}\"},\"query-input\":{\"@type\":\"PropertyValueSpecification\",\"valueRequired\":true,\"valueName\":\"search_term_string\"}}],\"inLanguage\":\"es-ES\"},{\"@type\":\"Organization\",\"@id\":\"https:\/\/legacy.colt.net\/#organization\",\"name\":\"Colt Technology Services\",\"url\":\"https:\/\/legacy.colt.net\/\",\"logo\":{\"@type\":\"ImageObject\",\"inLanguage\":\"es-ES\",\"@id\":\"https:\/\/legacy.colt.net\/#\/schema\/logo\/image\/\",\"url\":\"https:\/\/legacy.colt.net\/wp-content\/uploads\/2019\/02\/Colt-Logo.png\",\"contentUrl\":\"https:\/\/legacy.colt.net\/wp-content\/uploads\/2019\/02\/Colt-Logo.png\",\"width\":195,\"height\":77,\"caption\":\"Colt Technology Services\"},\"image\":{\"@id\":\"https:\/\/legacy.colt.net\/#\/schema\/logo\/image\/\"},\"sameAs\":[\"https:\/\/www.facebook.com\/ColtTechnologyServices\/\",\"https:\/\/x.com\/colt_technology\",\"https:\/\/www.instagram.com\/colttechnologyservices\/\",\"https:\/\/www.linkedin.com\/company\/colt-technology-services\",\"https:\/\/www.youtube.com\/user\/ColtTechnology\"]}]}<\/script>\n<!-- \/ Yoast SEO plugin. -->","yoast_head_json":{"title":"Productos y servicios | Colt Technology Services | ES","description":"Productos y servicios Colt Technology Services","robots":{"index":"noindex","follow":"follow","max-snippet":"max-snippet:-1","max-image-preview":"max-image-preview:large","max-video-preview":"max-video-preview:-1"},"og_locale":"es_ES","og_type":"article","og_title":"Productos y servicios | Colt Technology Services | ES","og_description":"Productos y servicios Colt Technology Services","og_url":"https:\/\/legacy.colt.net\/es\/products-services\/","og_site_name":"Colt Technology Services","article_publisher":"https:\/\/www.facebook.com\/ColtTechnologyServices\/","article_modified_time":"2021-10-06T11:51:14+00:00","og_image":[{"width":1000,"height":661,"url":"https:\/\/legacy.colt.net\/wp-content\/uploads\/2021\/01\/Brand-2021-Stock-21.jpg","type":"image\/jpeg"}],"twitter_card":"summary_large_image","twitter_site":"@colt_technology","twitter_misc":{"Est. reading time":"2 minutes"},"schema":{"@context":"https:\/\/schema.org","@graph":[{"@type":"WebPage","@id":"https:\/\/legacy.colt.net\/es\/products-services\/","url":"https:\/\/legacy.colt.net\/es\/products-services\/","name":"Productos y servicios | Colt Technology Services | ES","isPartOf":{"@id":"https:\/\/legacy.colt.net\/#website"},"primaryImageOfPage":{"@id":"https:\/\/legacy.colt.net\/es\/products-services\/#primaryimage"},"image":{"@id":"https:\/\/legacy.colt.net\/es\/products-services\/#primaryimage"},"thumbnailUrl":"https:\/\/legacy.colt.net\/wp-content\/uploads\/2020\/12\/Building-your-network-1.png","datePublished":"2018-10-30T11:09:52+00:00","dateModified":"2021-10-06T11:51:14+00:00","description":"Productos y servicios Colt Technology Services","breadcrumb":{"@id":"https:\/\/legacy.colt.net\/es\/products-services\/#breadcrumb"},"inLanguage":"es-ES","potentialAction":[{"@type":"ReadAction","target":["https:\/\/legacy.colt.net\/es\/products-services\/"]}]},{"@type":"ImageObject","inLanguage":"es-ES","@id":"https:\/\/legacy.colt.net\/es\/products-services\/#primaryimage","url":"https:\/\/legacy.colt.net\/wp-content\/uploads\/2020\/12\/Building-your-network-1.png","contentUrl":"https:\/\/legacy.colt.net\/wp-content\/uploads\/2020\/12\/Building-your-network-1.png"},{"@type":"BreadcrumbList","@id":"https:\/\/legacy.colt.net\/es\/products-services\/#breadcrumb","itemListElement":[{"@type":"ListItem","position":1,"name":"Home","item":"https:\/\/legacy.colt.net\/es\/"},{"@type":"ListItem","position":2,"name":"Products & Services"}]},{"@type":"WebSite","@id":"https:\/\/legacy.colt.net\/#website","url":"https:\/\/legacy.colt.net\/","name":"Colt\u30c6\u30af\u30ce\u30ed\u30b8\u30fc\u30b5\u30fc\u30d3\u30b9\u682a\u5f0f\u4f1a\u793e","description":"Managed Network &amp; Voice Services Provider","publisher":{"@id":"https:\/\/legacy.colt.net\/#organization"},"potentialAction":[{"@type":"SearchAction","target":{"@type":"EntryPoint","urlTemplate":"https:\/\/legacy.colt.net\/?s={search_term_string}"},"query-input":{"@type":"PropertyValueSpecification","valueRequired":true,"valueName":"search_term_string"}}],"inLanguage":"es-ES"},{"@type":"Organization","@id":"https:\/\/legacy.colt.net\/#organization","name":"Colt Technology Services","url":"https:\/\/legacy.colt.net\/","logo":{"@type":"ImageObject","inLanguage":"es-ES","@id":"https:\/\/legacy.colt.net\/#\/schema\/logo\/image\/","url":"https:\/\/legacy.colt.net\/wp-content\/uploads\/2019\/02\/Colt-Logo.png","contentUrl":"https:\/\/legacy.colt.net\/wp-content\/uploads\/2019\/02\/Colt-Logo.png","width":195,"height":77,"caption":"Colt Technology Services"},"image":{"@id":"https:\/\/legacy.colt.net\/#\/schema\/logo\/image\/"},"sameAs":["https:\/\/www.facebook.com\/ColtTechnologyServices\/","https:\/\/x.com\/colt_technology","https:\/\/www.instagram.com\/colttechnologyservices\/","https:\/\/www.linkedin.com\/company\/colt-technology-services","https:\/\/www.youtube.com\/user\/ColtTechnology"]}]}},"_links":{"self":[{"href":"https:\/\/legacy.colt.net\/es\/wp-json\/wp\/v2\/pages\/34535","targetHints":{"allow":["GET"]}}],"collection":[{"href":"https:\/\/legacy.colt.net\/es\/wp-json\/wp\/v2\/pages"}],"about":[{"href":"https:\/\/legacy.colt.net\/es\/wp-json\/wp\/v2\/types\/page"}],"author":[{"embeddable":true,"href":"https:\/\/legacy.colt.net\/es\/wp-json\/wp\/v2\/users\/143"}],"replies":[{"embeddable":true,"href":"https:\/\/legacy.colt.net\/es\/wp-json\/wp\/v2\/comments?post=34535"}],"version-history":[{"count":0,"href":"https:\/\/legacy.colt.net\/es\/wp-json\/wp\/v2\/pages\/34535\/revisions"}],"wp:attachment":[{"href":"https:\/\/legacy.colt.net\/es\/wp-json\/wp\/v2\/media?parent=34535"}],"wp:term":[{"taxonomy":"colt_type","embeddable":true,"href":"https:\/\/legacy.colt.net\/es\/wp-json\/wp\/v2\/colt_type?post=34535"},{"taxonomy":"colt_products","embeddable":true,"href":"https:\/\/legacy.colt.net\/es\/wp-json\/wp\/v2\/colt_products?post=34535"}],"curies":[{"name":"wp","href":"https:\/\/api.w.org\/{rel}","templated":true}]}}