{"id":34472,"date":"2017-03-13T16:41:52","date_gmt":"2017-03-13T16:41:52","guid":{"rendered":"https:\/\/www.colt.net\/leadership\/"},"modified":"2024-04-09T15:27:48","modified_gmt":"2024-04-09T14:27:48","slug":"leadership","status":"publish","type":"page","link":"https:\/\/legacy.colt.net\/es\/about\/leadership\/","title":{"rendered":"Liderazgo"},"content":{"rendered":"\n\n\t<nav class=\"breadcrumb\"><span><span><a href=\"https:\/\/legacy.colt.net\/es\/\">Home<\/a><\/span><\/span><\/nav>\n<h1>\n\t\tLiderazgo\n\t<\/h1>\n<h3>\n\t\tAcerca de Colt\n\t<\/h3>\n\t\t\t<a href=\"https:\/\/legacy.colt.net\/es\/about\/\" target=\"_self\" rel=\"noopener\">\n\t\t\t\t\t\tVolver\n\t\t\t\t\t<\/a>\n\t\t\t<a href=\"https:\/\/legacy.colt.net\/es\/our-network\/\" target=\"_blank\" rel=\"noopener\">\n\t\t\t\t\t\t\tColt IQ Network\n\t\t\t<\/a>\n\t\t\t\t<img loading=\"lazy\" decoding=\"async\" src=\"https:\/\/legacy.colt.net\/wp-content\/uploads\/2023\/12\/Colt-Image-1.png\" alt=\"Colt-Image-1\" itemprop=\"image\" height=\"922\" width=\"1060\" title=\"Colt-Image-1\" onerror=\"this.style.display='none'\"  \/>\n\t\t\t\t<img decoding=\"async\" src=\"https:\/\/legacy.colt.net\/wp-content\/plugins\/bb-plugin\/img\/pixel.png\" alt=\"\" itemprop=\"image\" onerror=\"this.style.display='none'\"  \/>\n\t<a href=\"https:\/\/legacy.colt.net\/es\/about\/leadership\/keri-gilder\/\" target=\"_self\" aria-label=\"Go to https:\/\/legacy.colt.net\/es\/about\/leadership\/keri-gilder\/\" rel=\"noopener\"><\/a>\n\t\t\t\t<img decoding=\"async\" src=\"https:\/\/legacy.colt.net\/wp-content\/uploads\/bb-plugin\/cache\/Keri-Gilder-scaled-circle.jpg\" alt=\"Keri Gilder\" title=\"Keri Gilder\" itemprop=\"image\"\/>\n\t\t<h3>Keri Gilder<\/h3><h4>Directora Ejecutiva (CEO)<\/h4>\n\t\t\t\t<p>Appointed to the role in May 2020, Keri is responsible for executing Colt&#8217;s strategy, which focuses on putting the power of the digital universe in the hands of its customers, where, when and how they need it.<\/p>\n\t<a href=\"https:\/\/legacy.colt.net\/es\/about\/leadership\/buddy-bayer\/\" target=\"_self\" aria-label=\"Go to https:\/\/legacy.colt.net\/es\/about\/leadership\/buddy-bayer\/\" rel=\"noopener\"><\/a>\n\t\t\t\t<img decoding=\"async\" src=\"https:\/\/legacy.colt.net\/wp-content\/uploads\/bb-plugin\/cache\/Buddy-Circle-1-circle.png\" alt=\"Buddy-Circle 1\" title=\"Buddy-Circle 1\" itemprop=\"image\"\/>\n\t\t<h3>Buddy Bayer<\/h3><h4>Director de Operaciones<\/h4>\n\t\t\t\t<p>Ron \u00abBuddy\u00bb Bayer es el director de Operaciones de Colt. Bayer es responsable de dirigir las operaciones globales y las labores de ingenier\u00eda de Colt. Buddy ser\u00e1 responsable de seguir desarrollando la infraestructura y la estrategia de red de Colt, al tiempo que contin\u00faa promoviendo una experiencia excepcional para el cliente.<\/p>\n\t<a href=\"https:\/\/legacy.colt.net\/es\/about\/leadership\/annette-murphy\/\" target=\"_self\" aria-label=\"Go to https:\/\/legacy.colt.net\/es\/about\/leadership\/annette-murphy\/\" rel=\"noopener\"><\/a>\n\t\t\t\t<img decoding=\"async\" src=\"https:\/\/legacy.colt.net\/wp-content\/uploads\/bb-plugin\/cache\/Annette-Murphy-2-circle.png\" alt=\"Annette-Murphy\" title=\"Annette-Murphy\" itemprop=\"image\"\/>\n\t\t<h3>Annette Murphy<\/h3><h4>Directora Comercial<\/h4>\n<p>Annette Murphy es la directora comercial de Colt y depende directamente de la directora ejecutiva de Colt, Keri Gilder. En este cargo, Annette es responsable de gestionar todas las actividades de salida al mercado de Colt para impulsar un crecimiento rentable de los ingresos y una fuerte presencia en el mercado, liderando equipos globales en las asociaciones de ventas, marketing, \u00e9xito del cliente, productos, comerciales y estrat\u00e9gicas.<\/p>\n\t<a href=\"https:\/\/legacy.colt.net\/es\/about\/leadership\/dan-harris\/\" target=\"_self\" aria-label=\"Go to https:\/\/legacy.colt.net\/es\/about\/leadership\/dan-harris\/\" rel=\"noopener\"><\/a>\n\t\t\t\t<img decoding=\"async\" src=\"https:\/\/legacy.colt.net\/wp-content\/uploads\/bb-plugin\/cache\/Dan_Harris-circle.jpeg\" alt=\"Dan_Harris\" title=\"Dan_Harris\" itemprop=\"image\"\/>\n\t\t<h3>Dan Harris<\/h3><h4>Director financiero<\/h4>\n\t\t\t\t<p>Dan Harris es el director financiero de Colt Technology Services y dirige la entrega de las m\u00e9tricas financieras globales de Colt y la integraci\u00f3n de Lumen EMEA, adem\u00e1s de impulsar las ambiciones de crecimiento de Colt.<\/p>\n\t<a href=\"https:\/\/legacy.colt.net\/es\/about\/leadership\/catherine-leaver\/\" target=\"_self\" aria-label=\"Go to https:\/\/legacy.colt.net\/es\/about\/leadership\/catherine-leaver\/\" rel=\"noopener\"><\/a>\n\t\t\t\t<img decoding=\"async\" src=\"https:\/\/legacy.colt.net\/wp-content\/uploads\/bb-plugin\/cache\/Catherine-circle.png\" alt=\"Catherine\" title=\"Catherine\" itemprop=\"image\"\/>\n\t\t<h3>Catherine Leaver<\/h3><h4>Directora de RRHH de Colt<\/h4>\n<p>Catherine tiene una amplia experiencia como ejecutiva del sector de las telecomunicaciones, con gran trayectoria en el trabajo con plantillas internacionales y en la creaci\u00f3n de equipos potentes, la realizaci\u00f3n de cambios y la obtenci\u00f3n de resultados, al tiempo que se asegura de que el bienestar de la organizaci\u00f3n siga siendo una prioridad absoluta.<\/p>\n\t<a href=\"https:\/\/legacy.colt.net\/es\/about\/leadership\/ashish-surti\/\" target=\"_self\" aria-label=\"Go to https:\/\/legacy.colt.net\/es\/about\/leadership\/ashish-surti\/\" rel=\"noopener\"><\/a>\n\t\t\t\t<img decoding=\"async\" src=\"https:\/\/legacy.colt.net\/wp-content\/uploads\/bb-plugin\/cache\/Ashish-Surti-Square-circle.png\" alt=\"Ashish-Surti-Square\" title=\"Ashish-Surti-Square\" itemprop=\"image\"\/>\n\t\t<h3>Ashish Surti<\/h3><h4>Vice Presidente Ejecutivo &#8211; Technology and Security<\/h4>\n<p>Ashish Surti es responsable de la ejecuci\u00f3n y la estrategia de seguridad y tecnolog\u00eda general de Colt; garantizar que Colt optimice sus sistemas y procesos al mismo tiempo que industrializa las metas digitales de la organizaci\u00f3n, mejora la seguridad y la calidad de los datos en toda la empresa.<\/p>\n\t<a href=\"https:\/\/legacy.colt.net\/es\/about\/leadership\/caroline-griffin-pain\/\" target=\"_self\" aria-label=\"Go to https:\/\/legacy.colt.net\/es\/about\/leadership\/caroline-griffin-pain\/\" rel=\"noopener\"><\/a>\n\t\t\t\t<img decoding=\"async\" src=\"https:\/\/legacy.colt.net\/wp-content\/uploads\/bb-plugin\/cache\/Caroline-Griffin-Pain-Photo-circle.jpg\" alt=\"Caroline Griffin Pain Photo\" title=\"Caroline Griffin Pain Photo\" itemprop=\"image\"\/>\n\t\t<h3>Caroline Griffin Pain<\/h3><h4>Consejera y Secretaria general de la empresa<\/h4>\n<p>Como Consejera General, Caroline tiene la responsabilidad global de los equipos de Legal y Regulatorio, la Secretar\u00eda de la Compa\u00f1\u00eda y la organizaci\u00f3n de la Gerencia de los diferentes pa\u00edses. Caroline tambi\u00e9n es responsable de la estrategia ASG de Colt, incluidas la sostenibilidad y la diversidad e inclusi\u00f3n.<\/p>\n<h2>\n\t\tOur Board of Directors\n\t<\/h2>\n\t\t\t\t<img decoding=\"async\" src=\"https:\/\/legacy.colt.net\/wp-content\/uploads\/bb-plugin\/cache\/Mike-Wilens-circle.jpg\" alt=\"Mike Wilens\" title=\"Mike Wilens\" itemprop=\"image\"\/>\n\t\t<h3>Michael Wilens<\/h3><h4>Consejero<\/h4>\t\t\t\n\t\t\t\t<a href=\"https:\/\/legacy.colt.net\/es\/about\/leadership\/michael-wilens\/\" target=\"_self\" rel=\"noopener\">Read More&#8230;<\/a>\t\t\t\n\t\t\t\t<img decoding=\"async\" src=\"https:\/\/legacy.colt.net\/wp-content\/uploads\/bb-plugin\/cache\/Keri-Gilder-scaled-circle.jpg\" alt=\"Keri Gilder\" title=\"Keri Gilder\" itemprop=\"image\"\/>\n\t\t<h3>Keri Gilder<\/h3><h4>Directora Ejecutiva (CEO)<\/h4>\t\t\t\n\t\t\t\t<a href=\"https:\/\/legacy.colt.net\/es\/about\/leadership\/keri-gilder\/\" target=\"_self\" rel=\"noopener\">Read More&#8230;<\/a>\t\t\t\n\t\t\t\t<img decoding=\"async\" src=\"https:\/\/legacy.colt.net\/wp-content\/uploads\/bb-plugin\/cache\/Caroline-Griffin-Pain-Photo-circle.jpg\" alt=\"Caroline Griffin Pain Photo\" title=\"Caroline Griffin Pain Photo\" itemprop=\"image\"\/>\n\t\t<h3>Caroline Griffin Pain<\/h3><h4>Consejera General y Vicepresidenta Ejecutiva de Recursos Humano<\/h4>\t\t\t\n\t\t\t\t<a href=\"https:\/\/legacy.colt.net\/es\/about\/leadership\/caroline-griffin-pain\/\" target=\"_self\" rel=\"noopener\">Read More&#8230;<\/a>\t\t\t\n\t\t\t\t<img decoding=\"async\" src=\"https:\/\/legacy.colt.net\/wp-content\/uploads\/bb-plugin\/cache\/Abby-Johnson-450x600-circle.jpg\" alt=\"Abby-Johnson-450x600\" title=\"Abby-Johnson-450x600\" itemprop=\"image\"\/>\n\t\t<h3>Abby Johnson<\/h3><h4>Directora No-ejecutiva<\/h4>\t\t\t\n\t\t\t\t<a href=\"https:\/\/legacy.colt.net\/es\/about\/leadership\/abby-johnson\/\" target=\"_self\" rel=\"noopener\">Read More&#8230;<\/a>\t\t\t\n\t\t\t\t<img decoding=\"async\" src=\"https:\/\/legacy.colt.net\/wp-content\/uploads\/bb-plugin\/cache\/Jennifer-Uhrig-450x600-circle.jpg\" alt=\"Jennifer-Uhrig-450x600\" title=\"Jennifer-Uhrig-450x600\" itemprop=\"image\"\/>\n\t\t<h3>Jennifer Uhrig<\/h3><h4>Directora No-ejecutiva<\/h4>\t\t\t\n\t\t\t\t<a href=\"https:\/\/legacy.colt.net\/es\/about\/leadership\/jennifer-uhrig\/\" target=\"_self\" rel=\"noopener\">Read More&#8230;<\/a>\t\t\t\n\t\t\t\t<img decoding=\"async\" src=\"https:\/\/legacy.colt.net\/wp-content\/uploads\/bb-plugin\/cache\/Suzanne-circle.jpg\" alt=\"Suzanne\" title=\"Suzanne\" itemprop=\"image\"\/>\n\t\t<h3>Suzanne Streeter<\/h3><h4>Directora No-ejecutiva<\/h4>\t\t\t\n\t\t\t\t<a href=\"https:\/\/legacy.colt.net\/es\/about\/leadership\/suzanne-streeter\/\" target=\"_self\" rel=\"noopener\">Read More&#8230;<\/a>\t\t\t\n\t\t\t\t<img decoding=\"async\" src=\"https:\/\/legacy.colt.net\/wp-content\/uploads\/bb-plugin\/cache\/Stevee_Neff-circle.jpg\" alt=\"Stevee_Neff\" title=\"Stevee_Neff\" itemprop=\"image\"\/>\n\t\t<h3>Steve Neff<\/h3><h4>Directora No-ejecutiva<\/h4>\t\t\t\n\t\t\t\t<a href=\"https:\/\/legacy.colt.net\/es\/about\/leadership\/stephen-neff\/\" target=\"_self\" rel=\"noopener\">Read More&#8230;<\/a>\t\t\t\n\t\t\t\t<img decoding=\"async\" src=\"https:\/\/legacy.colt.net\/wp-content\/uploads\/bb-plugin\/cache\/John-Avery-circle.png\" alt=\"John Avery\" title=\"John Avery\" itemprop=\"image\"\/>\n\t\t<h3>John Avery<\/h3><h4>Directora No-ejecutiva<\/h4>\t\t\t\n\t\t\t\t<a href=\"https:\/\/legacy.colt.net\/es\/about\/leadership\/john-avery\/\" target=\"_self\" rel=\"noopener\">Read More&#8230;<\/a>\t\t\t\n<h2>\n\t\tAudit Committee\n\t<\/h2>\n\t\t\t\t<img decoding=\"async\" src=\"https:\/\/legacy.colt.net\/wp-content\/uploads\/bb-plugin\/cache\/Jennifer-Uhrig-450x600-circle.jpg\" alt=\"Jennifer-Uhrig-450x600\" title=\"Jennifer-Uhrig-450x600\" itemprop=\"image\"\/>\n\t\t<h3>Jennifer Uhrig<\/h3><h4>Member of Audit Committee<\/h4>\t\t\t\n\t\t\t\t<a href=\"https:\/\/legacy.colt.net\/es\/about\/leadership\/jennifer-uhrig\/\" target=\"_self\" rel=\"noopener\">Read More&#8230;<\/a>\t\t\t\n\t\t\t\t<img decoding=\"async\" src=\"https:\/\/legacy.colt.net\/wp-content\/uploads\/bb-plugin\/cache\/John-Avery-circle.png\" alt=\"John Avery\" title=\"John Avery\" itemprop=\"image\"\/>\n\t\t<h3>John Avery<\/h3><h4>Member of Audit Committee<\/h4>\t\t\t\n\t\t\t\t<a href=\"https:\/\/legacy.colt.net\/es\/about\/leadership\/john-avery\/\" target=\"_self\" rel=\"noopener\">Read More&#8230;<\/a>\t\t\t\n\t\t\t\t<img decoding=\"async\" src=\"https:\/\/legacy.colt.net\/wp-content\/uploads\/bb-plugin\/cache\/Suzanne-circle.jpg\" alt=\"Suzanne\" title=\"Suzanne\" itemprop=\"image\"\/>\n\t\t<h3>Suzanne Streeter<\/h3><h4>Member of Audit Committee<\/h4>\t\t\t\n\t\t\t\t<a href=\"https:\/\/legacy.colt.net\/es\/about\/leadership\/suzanne-streeter\/\" target=\"_self\" rel=\"noopener\">Read More&#8230;<\/a>\t\t\t\n<h2>\n\t\tRemuneration Committee\n\t<\/h2>\n\t\t\t\t<img decoding=\"async\" src=\"https:\/\/legacy.colt.net\/wp-content\/uploads\/bb-plugin\/cache\/Murphy_Pat-1-circle.jpg\" alt=\"Murphy_Pat\" title=\"Murphy_Pat\" itemprop=\"image\"\/>\n\t\t<h3>Pat Murphy<\/h3><h4>Miembro del Comit\u00e9 de Remuneraciones<\/h4>\t\t\t\n\t\t\t\t<a href=\"https:\/\/legacy.colt.net\/es\/about\/leadership\/pat-murphy\/\" target=\"_self\" rel=\"noopener\">Read More&#8230;<\/a>\t\t\t\n\t\t\t\t<img decoding=\"async\" src=\"https:\/\/legacy.colt.net\/wp-content\/uploads\/bb-plugin\/cache\/Stevee_Neff-circle.jpg\" alt=\"Stevee_Neff\" title=\"Stevee_Neff\" itemprop=\"image\"\/>\n\t\t<h3>Steve Neff<\/h3><h4>Miembro del Comit\u00e9 de Remuneraciones<\/h4>\t\t\t\n\t\t\t\t<a href=\"https:\/\/legacy.colt.net\/es\/about\/leadership\/stephen-neff\/\" target=\"_self\" rel=\"noopener\">Read More&#8230;<\/a>\t\t\t\n\t\t\t\t<img decoding=\"async\" src=\"https:\/\/legacy.colt.net\/wp-content\/uploads\/bb-plugin\/cache\/Jason-Hamilton-Photo-circle.jpg\" alt=\"Jason Hamilton Photo\" title=\"Jason Hamilton Photo\" itemprop=\"image\"\/>\n\t\t<h3>Jason Hamilton<\/h3><h4>Miembro del Comit\u00e9 de Remuneraciones<\/h4>\t\t\t\n\t\t\t\t<a href=\"https:\/\/legacy.colt.net\/about\/leadership\/jason-hamilton\/\" target=\"_self\" rel=\"noopener\">Read More&#8230;<\/a>\t\t\t\n\n","protected":false},"excerpt":{"rendered":"<p>Liderazgo Acerca de Colt Volver Colt IQ Network Keri Gilder Directora Ejecutiva (CEO) Appointed to the role in May 2020, Keri is responsible for executing Colt&#8217;s strategy, which focuses on putting the power of the digital universe in the hands of its customers, where, when and how they need it. Buddy Bayer Director de Operaciones&#8230;<\/p>\n","protected":false},"author":2,"featured_media":0,"parent":34772,"menu_order":0,"comment_status":"closed","ping_status":"closed","template":"","meta":{"_acf_changed":false,"footnotes":""},"colt_type":[],"colt_products":[],"class_list":["post-34472","page","type-page","status-publish","hentry"],"acf":[],"yoast_head":"<!-- This site is optimized with the Yoast SEO plugin v26.8 - https:\/\/yoast.com\/product\/yoast-seo-wordpress\/ -->\n<title>Liderazgo | Colt Technology Services | ES<\/title>\n<meta name=\"description\" content=\"Liderazgo Colt Technology Services\" \/>\n<meta name=\"robots\" content=\"noindex, follow, max-snippet:-1, max-image-preview:large, max-video-preview:-1\" \/>\n<meta property=\"og:locale\" content=\"es_ES\" \/>\n<meta property=\"og:type\" content=\"article\" \/>\n<meta property=\"og:title\" content=\"Liderazgo | Colt Technology Services | ES\" \/>\n<meta property=\"og:description\" content=\"Liderazgo Colt Technology Services\" \/>\n<meta property=\"og:url\" content=\"https:\/\/legacy.colt.net\/es\/about\/leadership\/\" \/>\n<meta property=\"og:site_name\" content=\"Colt Technology Services\" \/>\n<meta property=\"article:publisher\" content=\"https:\/\/www.facebook.com\/ColtTechnologyServices\/\" \/>\n<meta property=\"article:modified_time\" content=\"2024-04-09T14:27:48+00:00\" \/>\n<meta property=\"og:image\" content=\"https:\/\/legacy.colt.net\/wp-content\/uploads\/2021\/01\/Brand-2021-Stock-27.jpg\" \/>\n\t<meta property=\"og:image:width\" content=\"1000\" \/>\n\t<meta property=\"og:image:height\" content=\"667\" \/>\n\t<meta property=\"og:image:type\" content=\"image\/jpeg\" \/>\n<meta name=\"twitter:card\" content=\"summary_large_image\" \/>\n<meta name=\"twitter:site\" content=\"@colt_technology\" \/>\n<meta name=\"twitter:label1\" content=\"Est. reading time\" \/>\n\t<meta name=\"twitter:data1\" content=\"3 minutes\" \/>\n<script type=\"application\/ld+json\" class=\"yoast-schema-graph\">{\"@context\":\"https:\/\/schema.org\",\"@graph\":[{\"@type\":\"WebPage\",\"@id\":\"https:\/\/legacy.colt.net\/es\/about\/leadership\/\",\"url\":\"https:\/\/legacy.colt.net\/es\/about\/leadership\/\",\"name\":\"Liderazgo | Colt Technology Services | ES\",\"isPartOf\":{\"@id\":\"https:\/\/legacy.colt.net\/#website\"},\"primaryImageOfPage\":{\"@id\":\"https:\/\/legacy.colt.net\/es\/about\/leadership\/#primaryimage\"},\"image\":{\"@id\":\"https:\/\/legacy.colt.net\/es\/about\/leadership\/#primaryimage\"},\"thumbnailUrl\":\"https:\/\/legacy.colt.net\/wp-content\/uploads\/2023\/12\/Colt-Image-1.png\",\"datePublished\":\"2017-03-13T16:41:52+00:00\",\"dateModified\":\"2024-04-09T14:27:48+00:00\",\"description\":\"Liderazgo Colt Technology Services\",\"breadcrumb\":{\"@id\":\"https:\/\/legacy.colt.net\/es\/about\/leadership\/#breadcrumb\"},\"inLanguage\":\"es-ES\",\"potentialAction\":[{\"@type\":\"ReadAction\",\"target\":[\"https:\/\/legacy.colt.net\/es\/about\/leadership\/\"]}]},{\"@type\":\"ImageObject\",\"inLanguage\":\"es-ES\",\"@id\":\"https:\/\/legacy.colt.net\/es\/about\/leadership\/#primaryimage\",\"url\":\"https:\/\/legacy.colt.net\/wp-content\/uploads\/2023\/12\/Colt-Image-1.png\",\"contentUrl\":\"https:\/\/legacy.colt.net\/wp-content\/uploads\/2023\/12\/Colt-Image-1.png\"},{\"@type\":\"BreadcrumbList\",\"@id\":\"https:\/\/legacy.colt.net\/es\/about\/leadership\/#breadcrumb\",\"itemListElement\":[{\"@type\":\"ListItem\",\"position\":1,\"name\":\"Home\",\"item\":\"https:\/\/legacy.colt.net\/es\/\"},{\"@type\":\"ListItem\",\"position\":2,\"name\":\"Acerca de Colt\",\"item\":\"https:\/\/legacy.colt.net\/es\/about\/\"},{\"@type\":\"ListItem\",\"position\":3,\"name\":\"Liderazgo\"}]},{\"@type\":\"WebSite\",\"@id\":\"https:\/\/legacy.colt.net\/#website\",\"url\":\"https:\/\/legacy.colt.net\/\",\"name\":\"Colt\u30c6\u30af\u30ce\u30ed\u30b8\u30fc\u30b5\u30fc\u30d3\u30b9\u682a\u5f0f\u4f1a\u793e\",\"description\":\"Managed Network &amp; Voice Services Provider\",\"publisher\":{\"@id\":\"https:\/\/legacy.colt.net\/#organization\"},\"potentialAction\":[{\"@type\":\"SearchAction\",\"target\":{\"@type\":\"EntryPoint\",\"urlTemplate\":\"https:\/\/legacy.colt.net\/?s={search_term_string}\"},\"query-input\":{\"@type\":\"PropertyValueSpecification\",\"valueRequired\":true,\"valueName\":\"search_term_string\"}}],\"inLanguage\":\"es-ES\"},{\"@type\":\"Organization\",\"@id\":\"https:\/\/legacy.colt.net\/#organization\",\"name\":\"Colt Technology Services\",\"url\":\"https:\/\/legacy.colt.net\/\",\"logo\":{\"@type\":\"ImageObject\",\"inLanguage\":\"es-ES\",\"@id\":\"https:\/\/legacy.colt.net\/#\/schema\/logo\/image\/\",\"url\":\"https:\/\/legacy.colt.net\/wp-content\/uploads\/2019\/02\/Colt-Logo.png\",\"contentUrl\":\"https:\/\/legacy.colt.net\/wp-content\/uploads\/2019\/02\/Colt-Logo.png\",\"width\":195,\"height\":77,\"caption\":\"Colt Technology Services\"},\"image\":{\"@id\":\"https:\/\/legacy.colt.net\/#\/schema\/logo\/image\/\"},\"sameAs\":[\"https:\/\/www.facebook.com\/ColtTechnologyServices\/\",\"https:\/\/x.com\/colt_technology\",\"https:\/\/www.instagram.com\/colttechnologyservices\/\",\"https:\/\/www.linkedin.com\/company\/colt-technology-services\",\"https:\/\/www.youtube.com\/user\/ColtTechnology\"]}]}<\/script>\n<!-- \/ Yoast SEO plugin. -->","yoast_head_json":{"title":"Liderazgo | Colt Technology Services | ES","description":"Liderazgo Colt Technology Services","robots":{"index":"noindex","follow":"follow","max-snippet":"max-snippet:-1","max-image-preview":"max-image-preview:large","max-video-preview":"max-video-preview:-1"},"og_locale":"es_ES","og_type":"article","og_title":"Liderazgo | Colt Technology Services | ES","og_description":"Liderazgo Colt Technology Services","og_url":"https:\/\/legacy.colt.net\/es\/about\/leadership\/","og_site_name":"Colt Technology Services","article_publisher":"https:\/\/www.facebook.com\/ColtTechnologyServices\/","article_modified_time":"2024-04-09T14:27:48+00:00","og_image":[{"width":1000,"height":667,"url":"https:\/\/legacy.colt.net\/wp-content\/uploads\/2021\/01\/Brand-2021-Stock-27.jpg","type":"image\/jpeg"}],"twitter_card":"summary_large_image","twitter_site":"@colt_technology","twitter_misc":{"Est. reading time":"3 minutes"},"schema":{"@context":"https:\/\/schema.org","@graph":[{"@type":"WebPage","@id":"https:\/\/legacy.colt.net\/es\/about\/leadership\/","url":"https:\/\/legacy.colt.net\/es\/about\/leadership\/","name":"Liderazgo | Colt Technology Services | ES","isPartOf":{"@id":"https:\/\/legacy.colt.net\/#website"},"primaryImageOfPage":{"@id":"https:\/\/legacy.colt.net\/es\/about\/leadership\/#primaryimage"},"image":{"@id":"https:\/\/legacy.colt.net\/es\/about\/leadership\/#primaryimage"},"thumbnailUrl":"https:\/\/legacy.colt.net\/wp-content\/uploads\/2023\/12\/Colt-Image-1.png","datePublished":"2017-03-13T16:41:52+00:00","dateModified":"2024-04-09T14:27:48+00:00","description":"Liderazgo Colt Technology Services","breadcrumb":{"@id":"https:\/\/legacy.colt.net\/es\/about\/leadership\/#breadcrumb"},"inLanguage":"es-ES","potentialAction":[{"@type":"ReadAction","target":["https:\/\/legacy.colt.net\/es\/about\/leadership\/"]}]},{"@type":"ImageObject","inLanguage":"es-ES","@id":"https:\/\/legacy.colt.net\/es\/about\/leadership\/#primaryimage","url":"https:\/\/legacy.colt.net\/wp-content\/uploads\/2023\/12\/Colt-Image-1.png","contentUrl":"https:\/\/legacy.colt.net\/wp-content\/uploads\/2023\/12\/Colt-Image-1.png"},{"@type":"BreadcrumbList","@id":"https:\/\/legacy.colt.net\/es\/about\/leadership\/#breadcrumb","itemListElement":[{"@type":"ListItem","position":1,"name":"Home","item":"https:\/\/legacy.colt.net\/es\/"},{"@type":"ListItem","position":2,"name":"Acerca de Colt","item":"https:\/\/legacy.colt.net\/es\/about\/"},{"@type":"ListItem","position":3,"name":"Liderazgo"}]},{"@type":"WebSite","@id":"https:\/\/legacy.colt.net\/#website","url":"https:\/\/legacy.colt.net\/","name":"Colt\u30c6\u30af\u30ce\u30ed\u30b8\u30fc\u30b5\u30fc\u30d3\u30b9\u682a\u5f0f\u4f1a\u793e","description":"Managed Network &amp; Voice Services Provider","publisher":{"@id":"https:\/\/legacy.colt.net\/#organization"},"potentialAction":[{"@type":"SearchAction","target":{"@type":"EntryPoint","urlTemplate":"https:\/\/legacy.colt.net\/?s={search_term_string}"},"query-input":{"@type":"PropertyValueSpecification","valueRequired":true,"valueName":"search_term_string"}}],"inLanguage":"es-ES"},{"@type":"Organization","@id":"https:\/\/legacy.colt.net\/#organization","name":"Colt Technology Services","url":"https:\/\/legacy.colt.net\/","logo":{"@type":"ImageObject","inLanguage":"es-ES","@id":"https:\/\/legacy.colt.net\/#\/schema\/logo\/image\/","url":"https:\/\/legacy.colt.net\/wp-content\/uploads\/2019\/02\/Colt-Logo.png","contentUrl":"https:\/\/legacy.colt.net\/wp-content\/uploads\/2019\/02\/Colt-Logo.png","width":195,"height":77,"caption":"Colt Technology Services"},"image":{"@id":"https:\/\/legacy.colt.net\/#\/schema\/logo\/image\/"},"sameAs":["https:\/\/www.facebook.com\/ColtTechnologyServices\/","https:\/\/x.com\/colt_technology","https:\/\/www.instagram.com\/colttechnologyservices\/","https:\/\/www.linkedin.com\/company\/colt-technology-services","https:\/\/www.youtube.com\/user\/ColtTechnology"]}]}},"_links":{"self":[{"href":"https:\/\/legacy.colt.net\/es\/wp-json\/wp\/v2\/pages\/34472","targetHints":{"allow":["GET"]}}],"collection":[{"href":"https:\/\/legacy.colt.net\/es\/wp-json\/wp\/v2\/pages"}],"about":[{"href":"https:\/\/legacy.colt.net\/es\/wp-json\/wp\/v2\/types\/page"}],"author":[{"embeddable":true,"href":"https:\/\/legacy.colt.net\/es\/wp-json\/wp\/v2\/users\/2"}],"replies":[{"embeddable":true,"href":"https:\/\/legacy.colt.net\/es\/wp-json\/wp\/v2\/comments?post=34472"}],"version-history":[{"count":0,"href":"https:\/\/legacy.colt.net\/es\/wp-json\/wp\/v2\/pages\/34472\/revisions"}],"up":[{"embeddable":true,"href":"https:\/\/legacy.colt.net\/es\/wp-json\/wp\/v2\/pages\/34772"}],"wp:attachment":[{"href":"https:\/\/legacy.colt.net\/es\/wp-json\/wp\/v2\/media?parent=34472"}],"wp:term":[{"taxonomy":"colt_type","embeddable":true,"href":"https:\/\/legacy.colt.net\/es\/wp-json\/wp\/v2\/colt_type?post=34472"},{"taxonomy":"colt_products","embeddable":true,"href":"https:\/\/legacy.colt.net\/es\/wp-json\/wp\/v2\/colt_products?post=34472"}],"curies":[{"name":"wp","href":"https:\/\/api.w.org\/{rel}","templated":true}]}}