{"id":34447,"date":"2015-05-01T12:20:10","date_gmt":"2015-05-01T12:20:10","guid":{"rendered":"https:\/\/www.colt.net\/legal\/"},"modified":"2024-08-21T12:43:38","modified_gmt":"2024-08-21T11:43:38","slug":"legal","status":"publish","type":"page","link":"https:\/\/legacy.colt.net\/es\/legal\/","title":{"rendered":"Legal"},"content":{"rendered":"\n\n\t<nav class=\"breadcrumb\"><span><span><a href=\"https:\/\/legacy.colt.net\/es\/\">Home<\/a><\/span><\/span><\/nav>\n\t\t\t\t\t\t<h4>El grupo de empresas Colt<\/h4>\n\t\t\t<p>En la siguiente tabla encontrar\u00e1 informaci\u00f3n sobre cada una de las sociedades operativas del grupo Colt (de las que la matriz ultima es Colt Group Holdings Limited, una sociedad domiciliada en Inglaterra y que no es sociedad operativa).<\/p>\n<p>Si es usted cliente o proveedor de un miembro del grupo de empresas Colt (o tiene otra tipo de relaci\u00f3n legal con un miembro del grupo) su Contrato u Orden\u00a0 de Pedido incluir\u00e1 informaci\u00f3n sobre la empresa espec\u00edfica con la que tenga una relaci\u00f3n contractual. Tambi\u00e9n podr\u00e1 encontrar informaci\u00f3n sobre la empresa apropiada en los pedidos, las facturas, los estados de cuenta u otros documentos relevantes.<\/p>\n<p><a href=\"https:\/\/legacy.colt.net\/es\/legal\/el-grupo-de-empresas-colt\/\">Ver la tabla de Colt Group of Companies<\/a><\/p>\n\t\t\t\t\t\t<h4>Colt Supplier Code of Conduct (English)<\/h4>\n\t\t\t<p>Colt is committed to the highest possible standard of corporate governance and responsibility. Our policy is not merely to comply with the letter of laws or regulations, but rather to instil and maintain a true culture of compliance wherever we do business. In consequence, Colt expects that all Suppliers will embrace the letter and spirit of its commitment to integrity.<\/p>\n<p>This Supplier Code of Conduct incorporates the same standards of ethical conduct and integrity as the Colt internal Code of Business Conduct. Suppliers are requested to adhere to this Code and to remain mindful that their activities may have an influence on Colt&#8217;s reputation and relationship of trust with customers, employees and shareholders. We expect that the utmost of care is taken to protect Colt&#8217;s reputation and relationships.<\/p>\n<p><a href=\"https:\/\/legacy.colt.net\/legal\/colt-supplier-code-of-conduct\/\">Read the full Supplier Code of Conduct here.<\/a><\/p>\n\t\t\t\t\t\t<h4>C\u00f3digo de conducta empresarial de Colt<\/h4>\n\t\t\t<p>Colt disfruta de una excelente reputaci\u00f3n de cara a sus clientes, empleados, accionistas y socios comerciales y es responsabilidad de todos mantener y mejorar este buen nombre. El presente C\u00f3digo de Conducta Comercial le ayuda a comprender su papel y resulta fundamental para nuestro \u00e9xito como empresa.<\/p>\n<p>Le rogamos que lea este c\u00f3digo y firme la declaraci\u00f3n adjunta para confirmar que lo ha le\u00eddo, comprendido y aceptado.\u00a0El prop\u00f3sito de este documento es ayudar a todos los empleados a conocer y seguir las mejores conductas que Colt espera a la hora de llevar a cabo sus actividades empresariales. Cubre un amplio abanico de temas, como la manera en la que tratamos a los clientes, proveedores y empleados y su objetivo es garantizar que nuestras acciones no se ven afectadas por conflictos de inter\u00e9s.<\/p>\n<p><a href=\"https:\/\/legacy.colt.net\/es\/legal\/code-of-business-conduct\/\">C\u00f3digo de conducta empresarial de Colt<\/a><\/p>\n\t\t\t\t\t\t<h4>Modern Slavery Act (English)<\/h4>\n\t\t\t<p>This statement is made by Colt Group Holdings Limited as the ultimate parent company of the Colt Group of Companies, which includes all the companies named above.\u00a0 At Colt, we are committed to running our business responsibly.\u00a0 We strive to maintain the highest ethical principles and to respect human rights.\u00a0 Our Code of Business Conduct sets out the overall standards and commitments towards ethical conduct, anti-corruption and legal compliance.\u00a0 These standards extend to Colt&#8217;s suppliers, partners, agents, directors, employees and subcontractors.<\/p>\n<p><a href=\"https:\/\/legacy.colt.net\/legal\/modern-slavery-act-statement\/\">Read our full Modern Slavery Act Statement here<\/a><\/p>\n<p><a href=\"https:\/\/assets.lumen.com\/is\/content\/Lumen\/modern-slavery-statement-1?Creativeid=5dbb9687-e4a8-4a40-ae00-673ce51d6a80&amp;umid=A500DFB3-C5FD-2C05-80E8-703D4AF5282C&amp;auth=19120be9529b25014b618505cb01789c5433dae7-e5f4f3fb002902cb6fabfaa241988df662493452\">Read Lumen EMEA&#8217;s Modern Slavery Statement here<\/a><\/p>\n\t\t\t\t\t\t<h4>Earthworks Notification (English)<\/h4>\n\t\t\t<p>With effect from 1st June 2019, Notification of Earthworks to Licensee must comply and refer to The Info-Communications Media Development Authority &#8211; IMDA&#8217;s directive on full earthworks requirement. This document sets out the minimum requirements of Colt Technology Service Pte Ltd (the Licensee) that must be complied with by Earthworks Contractors for the purposes of Section 29(3)(a) of the Telecoms Act (&#8220;Licensee&#8217;s Earthworks Requirements&#8221;).<\/p>\n<p>The objective is to prevent damages to the underground telecommunication cables which cause disruption to telecommunication services by earthwork contractors.<\/p>\n<p><a href=\"https:\/\/www.nextgen.com.sg\/colt-earthworks.php\"><strong>View or download earthworks notification<\/strong><\/a><\/p>\n\t\t\t\t\t\t<h4>Pol\u00edtica de privacidad<\/h4>\n\t\t\t<p>Colt proporciona servicios de comunicaciones y redes de m\u00e1xima calidad para empresas y clientes mayoristas de los principales centros empresariales de Europa, Asia y Am\u00e9rica del Norte. Colt hace posible la transformaci\u00f3n digital de empresas a trav\u00e9s de su red inteligente, creada espec\u00edficamente para la nube, conocida como Colt IQ Network.<\/p>\n<p><a href=\"https:\/\/legacy.colt.net\/es\/legal\/data-privacy-statement\/\">Pol\u00edtica de privacidad<\/a><\/p>\n\t\t\t\t\t\t<h4>Reglamento General de Protecci\u00f3n de Datos (RGPD)<\/h4>\n\t\t\t<p><a href=\"https:\/\/legacy.colt.net\/es\/legal\/gdpr\/\">Reglamento General de Protecci\u00f3n de Datos (RGPD)<\/a><\/p>\n\t\t\t\t\t\t<h4>Condiciones de Uso<\/h4>\n\t\t\t<p><a href=\"https:\/\/legacy.colt.net\/es\/legal\/terms-and-conditions\/\">Condiciones del sitio web de Colt, Acceptable Use Policy<\/a><\/p>\n\t\t\t\t\t\t<h4>Condi\u00e7\u00f5es t\u00e9cnicas e comerciais para termina\u00e7\u00e3o de tr\u00e1fego de voz na rede fixa da COLT (PT)<\/h4>\n\t\t\t<h4>Condi\u00e7\u00f5es t\u00e9cnicas e comerciais para termina\u00e7\u00e3o de tr\u00e1fego de voz na rede fixa da COLT<\/h4>\n<p>Na sequ\u00eancia da publica\u00e7\u00e3o da Decis\u00e3o da ANACOM, de 28 de setembro de 2018, referente \u00e0 an\u00e1lise dos mercados grossistas de termina\u00e7\u00e3o de chamadas em redes telef\u00f3nicas p\u00fablicas num local fixo, vem a Colt Technology Services, Unipessoal Lda. (&#8220;COLT&#8221;), por este meio, publicar as condi\u00e7\u00f5es t\u00e9cnicas e comerciais para termina\u00e7\u00e3o de tr\u00e1fego de voz na sua rede fixa que entram em vigor \u00e0s 00.00h do dia 23 de outubro de 2018.<\/p>\n<p>Atualmente a COLT possui meios t\u00e9cnicos de comuta\u00e7\u00e3o de chamadas de voz em dois locais:<\/p>\n<ul>\n<li>Carnaxide, em Lisboa<\/li>\n<li>Porto<\/li>\n<\/ul>\n<p>A arquitetura de comuta\u00e7\u00e3o de voz da COLT \u00e9 a seguinte:<\/p>\n<ul>\n<li>Na Carnaxide existem comutador TDM<\/li>\n<li>Em Porto n\u00e3o existem switches TDM, mais existe um POP que permite \u00e0 COLT na interliga\u00e7\u00e3o com outros operadores.<\/li>\n<li>Todos os comutadores VoIP da COLT t\u00eam recursos tecnol\u00f3gicos para interliga\u00e7\u00e3o SIP<\/li>\n<li>Para interliga\u00e7\u00f5es IP, os Sesion Border Controllers &#8211; SBCs &#8211; da COLT est\u00e3o situados fora de Portugal (Frankfurt e Paris).<\/li>\n<li>Os SBCs da COLT poem operar interliga\u00e7\u00f5es de VoIP porque na rede de transporte IP pr\u00f3pria da COLT totalmente redundada tens capacidade de transmiss\u00e3o superiores a 1Gig Links.<\/li>\n<\/ul>\n<p>A Colt disp\u00f5e duma rede IP Pan-europeia que permite na otimiza\u00e7\u00e3o de recursos. \u00c9 por isso que os SBCs da COLT est\u00e3o situados fora de Portugal. Estando a arquitetura VoIP nacional com a MEO definida, a migra\u00e7\u00e3o desta interliga\u00e7\u00e3o ser\u00e1 concretizada nos termos da decis\u00e3o da ANACOM sobre a mat\u00e9ria.<\/p>\n<p>A tabela seguinte identifica os comutadores atualmente dispon\u00edveis na rede da COLT, indicando o tipo de comutador, PGIs e o tipo de interliga\u00e7\u00e3o suportada.<\/p>\n<table width=\"694\" cellspacing=\"0\" cellpadding=\"0\">\n<tbody>\n<tr>\n<td valign=\"middle\">\n<p><b>Location<\/b><\/p>\n<\/td>\n<td valign=\"middle\">\n<p><b>SBC<\/b><\/p>\n<\/td>\n<td valign=\"middle\">\n<p><b>IPx<\/b><\/p>\n<\/td>\n<\/tr>\n<tr>\n<td valign=\"middle\">\n<p>LISBON<\/p>\n<\/td>\n<td valign=\"top\">\n<p>Frankfurt<\/p>\n<p>Schmidtstrasse,12<\/p>\n<p>60326 Frankfurt<\/p>\n<\/td>\n<td valign=\"top\">\n<p>Carnaxide<\/p>\n<p>Estrada da Outurela, 118 &#8211;<\/p>\n<p>Parque Holanda, Edif\u00edcio B1<\/p>\n<p>2790-114 Carnaxide, Portugal<\/p>\n<\/td>\n<\/tr>\n<tr>\n<td valign=\"middle\">\n<p>PORTO<\/p>\n<\/td>\n<td valign=\"top\">\n<p>Paris<\/p>\n<p>Rue Pierre Valette, 23<\/p>\n<p>92240 Paris<\/p>\n<\/td>\n<td valign=\"top\">\n<p>IBM Porto<\/p>\n<p>Rua Gonzalo Sampaio<\/p>\n<p>4150-030 Porto<\/p>\n<\/td>\n<\/tr>\n<\/tbody>\n<\/table>\n<p>O tarif\u00e1rio a aplicar na termina\u00e7\u00e3o de chamadas ser\u00e1 independente do ponto de entrega (PGI) e do cliente recetor, quer este tenha numera\u00e7\u00e3o geogr\u00e1fica ou n\u00f3mada, de acordo com a seguinte tabela:<\/p>\n<table width=\"690\" cellspacing=\"0\" cellpadding=\"0\">\n<tbody>\n<tr>\n<td valign=\"middle\">\n<p><b>Origem do tr\u00e1fego<\/b><\/p>\n<\/td>\n<td valign=\"middle\">\n<p><b>Pre\u00e7o em c\u00eantimos de Euro por minuto<\/b><\/p>\n<\/td>\n<td valign=\"middle\">\n<p><b>Per\u00edodo de aplica\u00e7\u00e3o<\/b><\/p>\n<\/td>\n<\/tr>\n<tr>\n<td valign=\"middle\">\n<p>Nacional* e Espa\u00e7o Econ\u00f3mico Europeu<\/p>\n<\/td>\n<td valign=\"middle\">\n<p>0.047<\/p>\n<\/td>\n<td valign=\"middle\">\n<p>A partir das 00:00 de 23\/10\/2018<\/p>\n<\/td>\n<\/tr>\n<tr>\n<td valign=\"middle\">\n<p>Restantes pa\u00edses e trafego sem CLI, CLI inv\u00e1lido ou manipulado<\/p>\n<\/td>\n<td valign=\"middle\">\n<p>1.5<\/p>\n<\/td>\n<td valign=\"middle\">\n<p>A partir das 00:00 de 23\/10\/2018<\/p>\n<\/td>\n<\/tr>\n<\/tbody>\n<\/table>\n\t\t\t\t\t\t<h4>C\u00f3digo de conducta para socios<\/h4>\n\t\t\t<p>Colt is committed to the highest possible standard of corporate governance and responsibility. Our policy is not merely to comply with the letter of laws or regulations, but rather to instill and maintain a true culture of compliance wherever we do business. In consequence, Colt expects that all Partners (including their sub-partners and affiliates) will embrace the letter and spirit of its commitment to integrity.<\/p>\n<p>This Partner code of conduct incorporates the same standards of ethical conduct and integrity as the Colt internal Code of Business Conduct. Partners are requested to adhere to this Code and to remain mindful that their activities may have an influence on Colt&#8217;s reputation and relationship of trust with customers, employees, shareholders and stakeholders. We expect that the utmost of care is taken to protect these assets.<\/p>\n<p>You can read more on our Colt partner code of conduct in the links below:<\/p>\n<p><a href=\"https:\/\/legacy.colt.net\/wp-content\/uploads\/2023\/10\/Colt-Partner-Code-of-Conduct-2023-011023-V1.1-ES.pdf\">Saber m\u00e1s<\/a><\/p>\n\t\t\t\t\t\t<h4>Estado de Informaci\u00f3n no Financiera 2023<\/h4>\n\t\t\t<p>El Estado de Informaci\u00f3n No Financiera de Colt Technology Services, S.A.U. se formula en cumplimiento de la Ley 11\/2018, de 28 de diciembre de 2018, por la que se modifica el C\u00f3digo de Comercio, el texto refundido de la Ley de Sociedades de Capital aprobado por el Real Decreto Legislativo 1\/2010, de 2 de julio, y la Ley 22\/2015, de 20 de julio, de Auditor\u00eda de Cuentas, en materia de informaci\u00f3n no financiera y diversidad. La informaci\u00f3n contenida forma parte del Informe de Gesti\u00f3n que acompa\u00f1a a las Cuentas Anuales Consolidadas.<\/p>\n<p>El Estado de Informaci\u00f3n No Financiera detalla los principales aspectos del modelo de negocio y riesgos a corto, medio y largo plazo del grupo, as\u00ed como informaci\u00f3n relativa a cuestiones medioambientales, sociales, relativas al personal, la lucha contra la corrupci\u00f3n y el soborno y relativas a los derechos humanos concerniente al ejercicio anual finalizado el 31 de diciembre de\u00a02022.\u00a0El reporte se basa en el marco internacional de reporte\u00a0<i>Global Reporting Initiative<\/i>\u00a0&#8211; GRI.<\/p>\n<p><a href=\"https:\/\/legacy.colt.net\/wp-content\/uploads\/2024\/08\/EINF-Colt-Technology-Services-S.A.-2023_ES.pdf\">Estado de Informaci\u00f3n no Financiera 2023<\/a><\/p>\n\n","protected":false},"excerpt":{"rendered":"<p>El grupo de empresas Colt En la siguiente tabla encontrar\u00e1 informaci\u00f3n sobre cada una de las sociedades operativas del grupo Colt (de las que la matriz ultima es Colt Group Holdings Limited, una sociedad domiciliada en Inglaterra y que no es sociedad operativa). Si es usted cliente o proveedor de un miembro del grupo de&#8230;<\/p>\n","protected":false},"author":2,"featured_media":0,"parent":0,"menu_order":0,"comment_status":"closed","ping_status":"closed","template":"","meta":{"_acf_changed":false,"footnotes":""},"colt_type":[],"colt_products":[],"class_list":["post-34447","page","type-page","status-publish","hentry"],"acf":[],"yoast_head":"<!-- This site is optimized with the Yoast SEO plugin v26.8 - https:\/\/yoast.com\/product\/yoast-seo-wordpress\/ -->\n<title>Legal - Colt Technology Services | ES<\/title>\n<meta name=\"description\" content=\"Legal Colt Technology Services\" \/>\n<meta name=\"robots\" content=\"noindex, follow, max-snippet:-1, max-image-preview:large, max-video-preview:-1\" \/>\n<meta property=\"og:locale\" content=\"es_ES\" \/>\n<meta property=\"og:type\" content=\"article\" \/>\n<meta property=\"og:title\" content=\"Legal - Colt Technology Services | ES\" \/>\n<meta property=\"og:description\" content=\"Legal Colt Technology Services\" \/>\n<meta property=\"og:url\" content=\"https:\/\/legacy.colt.net\/es\/legal\/\" \/>\n<meta property=\"og:site_name\" content=\"Colt Technology Services\" \/>\n<meta property=\"article:publisher\" content=\"https:\/\/www.facebook.com\/ColtTechnologyServices\/\" \/>\n<meta property=\"article:modified_time\" content=\"2024-08-21T11:43:38+00:00\" \/>\n<meta property=\"og:image\" content=\"https:\/\/legacy.colt.net\/wp-content\/uploads\/2021\/01\/Brand-2021-Stock-6-1.jpg\" \/>\n\t<meta property=\"og:image:width\" content=\"1000\" \/>\n\t<meta property=\"og:image:height\" content=\"667\" \/>\n\t<meta property=\"og:image:type\" content=\"image\/jpeg\" \/>\n<meta name=\"twitter:card\" content=\"summary_large_image\" \/>\n<meta name=\"twitter:site\" content=\"@colt_technology\" \/>\n<meta name=\"twitter:label1\" content=\"Est. reading time\" \/>\n\t<meta name=\"twitter:data1\" content=\"7 minutes\" \/>\n<script type=\"application\/ld+json\" class=\"yoast-schema-graph\">{\"@context\":\"https:\/\/schema.org\",\"@graph\":[{\"@type\":\"WebPage\",\"@id\":\"https:\/\/legacy.colt.net\/es\/legal\/\",\"url\":\"https:\/\/legacy.colt.net\/es\/legal\/\",\"name\":\"Legal - Colt Technology Services | ES\",\"isPartOf\":{\"@id\":\"https:\/\/legacy.colt.net\/#website\"},\"datePublished\":\"2015-05-01T12:20:10+00:00\",\"dateModified\":\"2024-08-21T11:43:38+00:00\",\"description\":\"Legal Colt Technology Services\",\"breadcrumb\":{\"@id\":\"https:\/\/legacy.colt.net\/es\/legal\/#breadcrumb\"},\"inLanguage\":\"es-ES\",\"potentialAction\":[{\"@type\":\"ReadAction\",\"target\":[\"https:\/\/legacy.colt.net\/es\/legal\/\"]}]},{\"@type\":\"BreadcrumbList\",\"@id\":\"https:\/\/legacy.colt.net\/es\/legal\/#breadcrumb\",\"itemListElement\":[{\"@type\":\"ListItem\",\"position\":1,\"name\":\"Home\",\"item\":\"https:\/\/legacy.colt.net\/es\/\"},{\"@type\":\"ListItem\",\"position\":2,\"name\":\"Legal\"}]},{\"@type\":\"WebSite\",\"@id\":\"https:\/\/legacy.colt.net\/#website\",\"url\":\"https:\/\/legacy.colt.net\/\",\"name\":\"Colt\u30c6\u30af\u30ce\u30ed\u30b8\u30fc\u30b5\u30fc\u30d3\u30b9\u682a\u5f0f\u4f1a\u793e\",\"description\":\"Managed Network &amp; Voice Services Provider\",\"publisher\":{\"@id\":\"https:\/\/legacy.colt.net\/#organization\"},\"potentialAction\":[{\"@type\":\"SearchAction\",\"target\":{\"@type\":\"EntryPoint\",\"urlTemplate\":\"https:\/\/legacy.colt.net\/?s={search_term_string}\"},\"query-input\":{\"@type\":\"PropertyValueSpecification\",\"valueRequired\":true,\"valueName\":\"search_term_string\"}}],\"inLanguage\":\"es-ES\"},{\"@type\":\"Organization\",\"@id\":\"https:\/\/legacy.colt.net\/#organization\",\"name\":\"Colt Technology Services\",\"url\":\"https:\/\/legacy.colt.net\/\",\"logo\":{\"@type\":\"ImageObject\",\"inLanguage\":\"es-ES\",\"@id\":\"https:\/\/legacy.colt.net\/#\/schema\/logo\/image\/\",\"url\":\"https:\/\/legacy.colt.net\/wp-content\/uploads\/2019\/02\/Colt-Logo.png\",\"contentUrl\":\"https:\/\/legacy.colt.net\/wp-content\/uploads\/2019\/02\/Colt-Logo.png\",\"width\":195,\"height\":77,\"caption\":\"Colt Technology Services\"},\"image\":{\"@id\":\"https:\/\/legacy.colt.net\/#\/schema\/logo\/image\/\"},\"sameAs\":[\"https:\/\/www.facebook.com\/ColtTechnologyServices\/\",\"https:\/\/x.com\/colt_technology\",\"https:\/\/www.instagram.com\/colttechnologyservices\/\",\"https:\/\/www.linkedin.com\/company\/colt-technology-services\",\"https:\/\/www.youtube.com\/user\/ColtTechnology\"]}]}<\/script>\n<!-- \/ Yoast SEO plugin. -->","yoast_head_json":{"title":"Legal - Colt Technology Services | ES","description":"Legal Colt Technology Services","robots":{"index":"noindex","follow":"follow","max-snippet":"max-snippet:-1","max-image-preview":"max-image-preview:large","max-video-preview":"max-video-preview:-1"},"og_locale":"es_ES","og_type":"article","og_title":"Legal - Colt Technology Services | ES","og_description":"Legal Colt Technology Services","og_url":"https:\/\/legacy.colt.net\/es\/legal\/","og_site_name":"Colt Technology Services","article_publisher":"https:\/\/www.facebook.com\/ColtTechnologyServices\/","article_modified_time":"2024-08-21T11:43:38+00:00","og_image":[{"width":1000,"height":667,"url":"https:\/\/legacy.colt.net\/wp-content\/uploads\/2021\/01\/Brand-2021-Stock-6-1.jpg","type":"image\/jpeg"}],"twitter_card":"summary_large_image","twitter_site":"@colt_technology","twitter_misc":{"Est. reading time":"7 minutes"},"schema":{"@context":"https:\/\/schema.org","@graph":[{"@type":"WebPage","@id":"https:\/\/legacy.colt.net\/es\/legal\/","url":"https:\/\/legacy.colt.net\/es\/legal\/","name":"Legal - Colt Technology Services | ES","isPartOf":{"@id":"https:\/\/legacy.colt.net\/#website"},"datePublished":"2015-05-01T12:20:10+00:00","dateModified":"2024-08-21T11:43:38+00:00","description":"Legal Colt Technology Services","breadcrumb":{"@id":"https:\/\/legacy.colt.net\/es\/legal\/#breadcrumb"},"inLanguage":"es-ES","potentialAction":[{"@type":"ReadAction","target":["https:\/\/legacy.colt.net\/es\/legal\/"]}]},{"@type":"BreadcrumbList","@id":"https:\/\/legacy.colt.net\/es\/legal\/#breadcrumb","itemListElement":[{"@type":"ListItem","position":1,"name":"Home","item":"https:\/\/legacy.colt.net\/es\/"},{"@type":"ListItem","position":2,"name":"Legal"}]},{"@type":"WebSite","@id":"https:\/\/legacy.colt.net\/#website","url":"https:\/\/legacy.colt.net\/","name":"Colt\u30c6\u30af\u30ce\u30ed\u30b8\u30fc\u30b5\u30fc\u30d3\u30b9\u682a\u5f0f\u4f1a\u793e","description":"Managed Network &amp; Voice Services Provider","publisher":{"@id":"https:\/\/legacy.colt.net\/#organization"},"potentialAction":[{"@type":"SearchAction","target":{"@type":"EntryPoint","urlTemplate":"https:\/\/legacy.colt.net\/?s={search_term_string}"},"query-input":{"@type":"PropertyValueSpecification","valueRequired":true,"valueName":"search_term_string"}}],"inLanguage":"es-ES"},{"@type":"Organization","@id":"https:\/\/legacy.colt.net\/#organization","name":"Colt Technology Services","url":"https:\/\/legacy.colt.net\/","logo":{"@type":"ImageObject","inLanguage":"es-ES","@id":"https:\/\/legacy.colt.net\/#\/schema\/logo\/image\/","url":"https:\/\/legacy.colt.net\/wp-content\/uploads\/2019\/02\/Colt-Logo.png","contentUrl":"https:\/\/legacy.colt.net\/wp-content\/uploads\/2019\/02\/Colt-Logo.png","width":195,"height":77,"caption":"Colt Technology Services"},"image":{"@id":"https:\/\/legacy.colt.net\/#\/schema\/logo\/image\/"},"sameAs":["https:\/\/www.facebook.com\/ColtTechnologyServices\/","https:\/\/x.com\/colt_technology","https:\/\/www.instagram.com\/colttechnologyservices\/","https:\/\/www.linkedin.com\/company\/colt-technology-services","https:\/\/www.youtube.com\/user\/ColtTechnology"]}]}},"_links":{"self":[{"href":"https:\/\/legacy.colt.net\/es\/wp-json\/wp\/v2\/pages\/34447","targetHints":{"allow":["GET"]}}],"collection":[{"href":"https:\/\/legacy.colt.net\/es\/wp-json\/wp\/v2\/pages"}],"about":[{"href":"https:\/\/legacy.colt.net\/es\/wp-json\/wp\/v2\/types\/page"}],"author":[{"embeddable":true,"href":"https:\/\/legacy.colt.net\/es\/wp-json\/wp\/v2\/users\/2"}],"replies":[{"embeddable":true,"href":"https:\/\/legacy.colt.net\/es\/wp-json\/wp\/v2\/comments?post=34447"}],"version-history":[{"count":0,"href":"https:\/\/legacy.colt.net\/es\/wp-json\/wp\/v2\/pages\/34447\/revisions"}],"wp:attachment":[{"href":"https:\/\/legacy.colt.net\/es\/wp-json\/wp\/v2\/media?parent=34447"}],"wp:term":[{"taxonomy":"colt_type","embeddable":true,"href":"https:\/\/legacy.colt.net\/es\/wp-json\/wp\/v2\/colt_type?post=34447"},{"taxonomy":"colt_products","embeddable":true,"href":"https:\/\/legacy.colt.net\/es\/wp-json\/wp\/v2\/colt_products?post=34447"}],"curies":[{"name":"wp","href":"https:\/\/api.w.org\/{rel}","templated":true}]}}