{"id":34374,"date":"2018-10-30T08:49:06","date_gmt":"2018-10-30T08:49:06","guid":{"rendered":"https:\/\/www.colt.net\/home\/"},"modified":"2025-08-13T09:23:24","modified_gmt":"2025-08-13T08:23:24","slug":"home","status":"publish","type":"page","link":"https:\/\/legacy.colt.net\/es\/","title":{"rendered":"Home ES"},"content":{"rendered":"\n<h2>\n\t\t\tInforme de Infraestructura Digital 2024\t<\/h2>\n<h2>\n\t\t\tEl camino del CIO hacia un futuro mejor\t<\/h2>\n\t<p>El Informe de Infraestructura Digital 2024 de Colt explora c\u00f3mo la infraestructura digital se relaciona con el impacto ambiental y la gobernanza.<\/p>\n\t\t\t<a href=\"https:\/\/legacy.colt.net\/es\/go\/digital-infrastructure-report-2024\/\" target=\"_blank\" rel=\"noopener\">\n\t\t\t\t\t\t\tObt\u00e9n la gu\u00eda\n\t\t\t\t\t<\/a>\n\t\t\t\t<img decoding=\"async\" src=\"https:\/\/legacy.colt.net\/wp-content\/uploads\/2024\/10\/GC3-ES-Cover-Image1.png\" alt=\"GC3-ES-Cover-Image[1]\" itemprop=\"image\" height=\"946\" width=\"997\" title=\"GC3-ES-Cover-Image[1]\" onerror=\"this.style.display='none'\" loading='lazy' \/>\n<h2>\n\t\t\tConectividad extraordinaria\t<\/h2>\n<h2>\n\t\t\tSomos Colt, una empresa internacional de infraestructuras digitales que ofrece excelentes conexiones sin descuidar ning\u00fan detalle.\t<\/h2>\n<h2>\n\t\t\tAhora puedes conectarte m\u00e1s con Colt. Colt te ofrece m\u00e1s soluciones de infraestructura digital para que desarrolles tu negocio, todo ello con la extraordinaria experiencia de cliente de siempre.\t<\/h2>\n\t\t\t<a href=\"https:\/\/legacy.colt.net\/es\/why-colt\/\" target=\"_blank\" rel=\"noopener\">\n\t\t\t\t\t\t\t\u00bfPor qu\u00e9 elegir Colt?\n\t\t\t<\/a>\n\t\t\t<h3>32k+<\/h3>\t\t\t\n\t\t\t\t<p>Los edificios empresariales est\u00e1n conectados directamente por fibra a trav\u00e9s de la propia fibra de Colt en Europa, Asia y Estados Unidos.<\/p>\n\t\t\t<h3>1100+<\/h3>\t\t\t\n\t\t\t\t<p>Centros de datos, nubes y hoteles de carriers conectados, m\u00e1s que cualquier otro proveedor en Europa, Asia y EE. UU.<\/p>\n\t\t\t<h3>230+<\/h3>\t\t\t\n\t\t\t\t<p>Ciudades conectadas a nuestra red, con 50 redes metropolitanas profundas a nivel global.<\/p>\n\t\t\t<h3>27k+<\/h3>\t\t\t\n\t\t\t\t<p>Los clientes obtienen la experiencia l\u00edder en la industria de Colt en 40 pa\u00edses de todo el mundo.<\/p>\n\t\t\t<h3>900+<\/h3>\t\t\t\n\t\t\t\t<p>Interfaces de red a red con otros operadores, asegurando la consistencia en nuestro ecosistema.<\/p>\n\t\t\t<h3>250+<\/h3>\t\t\t\n\t\t\t\t<p>Nodos de nube conectados en todo el mundo con conectividad a proveedores de nube globales.<\/p>\n<h2>\n\t\t\tSoluciones que impulsan la transformaci\u00f3n digital\t<\/h2>\n\t\t\t\t<img decoding=\"async\" src=\"https:\/\/legacy.colt.net\/wp-content\/uploads\/2021\/01\/Connecting-to-the-cloud-1.png\" alt=\"Connecting-to-the-cloud-1\" title=\"Connecting-to-the-cloud-1\" itemprop=\"image\"\/>\n\t\t<h3>Con\u00e9ctate a la nube<\/h3>\t\t\t\n\t\t\t\t<p>Conectividad inteligente y escalable a la nube, en minutos.<\/p>\n\t\t\t\t<img decoding=\"async\" src=\"https:\/\/legacy.colt.net\/wp-content\/uploads\/2021\/01\/Connecting-to-financial-markets-1.png\" alt=\"Connecting-to-financial-markets-1\" title=\"Connecting-to-financial-markets-1\" itemprop=\"image\"\/>\n\t\t<h3>Con\u00e9ctate a los mercados financieros<\/h3>\t\t\t\n\t\t\t\t<p>Habilite el \u00e9xito en el comercio con redes seguras de baja latencia y intercambio.<\/p>\n\t\t\t\t<img decoding=\"async\" src=\"https:\/\/legacy.colt.net\/wp-content\/uploads\/2021\/11\/Hybrid-Workforce.png\" alt=\"Hybrid Workforce\" title=\"Hybrid Workforce\" itemprop=\"image\"\/>\n\t\t<h3>Una plantilla h\u00edbrida conectada<\/h3>\t\t\t\n\t\t\t\t<p>Conectividad inteligente, segura y escalable desde dondequiera que est\u00e9s trabajando.<\/p>\n\t\t\t\t<img decoding=\"async\" src=\"https:\/\/legacy.colt.net\/wp-content\/uploads\/2021\/01\/IP-Access-On-Demand.png\" alt=\"IP Access On Demand\" title=\"IP Access On Demand\" itemprop=\"image\"\/>\n\t\t<h3>Conectividad definida por software y en tiempo real<\/h3>\t\t\t\n\t\t\t\t<p>Logre un control en tiempo real y adaptable de su conectividad de red.\u00a0<\/p>\n\t\t\t\t<img decoding=\"async\" src=\"https:\/\/legacy.colt.net\/wp-content\/uploads\/2020\/12\/Building-your-network-1.png\" alt=\"Building-your-network-1\" title=\"Building-your-network-1\" itemprop=\"image\"\/>\n\t\t<h3>Construye tu red central<\/h3>\t\t\t\n\t\t\t\t<p>Exige una conectividad segura, de alto rendimiento y de gran ancho de banda.<\/p>\n\t\t\t\t<img decoding=\"async\" src=\"https:\/\/legacy.colt.net\/wp-content\/uploads\/2021\/01\/Managed-Firewall.png\" alt=\"Managed Firewall\" title=\"Managed Firewall\" itemprop=\"image\"\/>\n\t\t<h3>Mant\u00e9n tu negocio seguro<\/h3>\t\t\t\n\t\t\t\t<p>Supervisa, detecta y protege tus datos y tu infraestructura de TI.<\/p>\n\t\t\t\t<img decoding=\"async\" src=\"https:\/\/legacy.colt.net\/wp-content\/uploads\/2021\/01\/Connected-voice-services-1-e1748876774245.png\" alt=\"Connected-voice-services 1\" title=\"Connected-voice-services 1\" itemprop=\"image\"\/>\n\t\t<h3>Comunicaci\u00f3n corporativa con impacto<\/h3>\t\t\t\n\t\t\t\t<p>La comunicaci\u00f3n clara es parte esencial de cualquier organizaci\u00f3n.\u00a0<\/p>\n\t\t\t\t<img decoding=\"async\" src=\"https:\/\/legacy.colt.net\/wp-content\/uploads\/2023\/10\/Service-Operations-01.png\" alt=\"Service-Operations-01\" title=\"Service-Operations-01\" itemprop=\"image\"\/>\n\t\t<h3>Explora nuestros servicios gestionados y profesionales<\/h3>\t\t\t\n\t\t\t\t<p>Deja que Colt dise\u00f1e, integre y mantenga tus funciones de red.<\/p>\n\t\t\t\t<img decoding=\"async\" src=\"https:\/\/legacy.colt.net\/wp-content\/uploads\/2024\/09\/CH-Image-01-1.png\" alt=\"CH-Image-01 (1)\" itemprop=\"image\" height=\"986\" width=\"944\" title=\"CH-Image-01 (1)\" onerror=\"this.style.display='none'\" loading='lazy' \/>\n<h3>\n\t\t\t\u00bfQu\u00e9 nos caracteriza?\t<\/h3>\n\t<p>Colt es su ventanilla \u00fanica para servicios de red y de voz, que ofrece un portafolio de servicios armonizado y personalizado que se adapta a su negocio:<\/p>\n\t\t\t<a href=\"https:\/\/legacy.colt.net\/es\/why-colt\/\" target=\"_self\">\n\t\t\t\t\t\t\t\u00bfPor qu\u00e9 elegir Colt?\n\t\t\t\t\t<\/a>\n\t\t\t\t\t\t\t<p>\u00abLa infraestructura de Colt es s\u00f3lida, Colt la controla de extremo a extremo y recibimos una excelente asistencia de nuestros gerentes de cuentas y de servicios, quienes entienden a la perfecci\u00f3n nuestro negocio\u00bb.<\/p>\t\t\t\t\t\t\n\t\t\t\t\t\t\t\tAmanda Thomas\t\t\t\t\t\t\t\t\n\t\t\t\t\t\t\t\t\tVP Telecoms EMEA, Intercall\t\t\t\t\t\t\t\t\n\t\t\t\t\t\t\t<p>\u00abLa evaluaci\u00f3n general del servicio recibido es positiva de dos maneras: primero, debido a la calidad t\u00e9cnica del producto en t\u00e9rminos de su solidez, constancia y seguridad, y segundo, en lo que se refiere al asesoramiento y la asistencia recibidos durante las etapas tanto anteriores como posteriores a la venta\u00bb.<\/p>\u00a0\t\t\t\t\t\t\n\t\t\t\t\t\t\t\tJavier Bartolome\t\t\t\t\t\t\t\t\n\t\t\t\t\t\t\t\t\tTechnology Director, IMSolutions\t\t\t\t\t\t\t\t\n\t\t\t\t\t\t\t<p>\u00abColt ha sido un aut\u00e9ntico socio a lo largo de los a\u00f1os que llevamos trabajando juntos, velando siempre por que sus servicios se mantuviesen al paso del crecimiento de nuestro negocio. Las personas con las que trato directamente en Colt entienden mis necesidades. Tenemos una relaci\u00f3n fluida y eficaz\u00bb.<\/p>\t\t\t\t\t\t\n\t\t\t\t\t\t\t\tMarc Conte\t\t\t\t\t\t\t\t\n\t\t\t\t\t\t\t\t\tSVP of IT, Louvre Hotels\t\t\t\t\t\t\t\t\n\t\t\t\t\t\t\t<p>\u00abSabemos que Colt se concentra en permitir que sus clientes alcancen sus objetivos, en vez de en los aspectos puramente tecnol\u00f3gicos de un proyecto. Esta filosof\u00eda se ajusta perfectamente a la concepci\u00f3n de servicio del festival [Berlinale]\u00bb.<\/p>\t\t\t\t\t\t\n\t\t\t\t\t\t\t\tDieter Kosslick\t\t\t\t\t\t\t\t\n\t\t\t\t\t\t\t\t\tDirector, Berlinale\t\t\t\t\t\t\t\t\n\t\t\t<a href=\"https:\/\/legacy.colt.net\/es\/resources\/type\/case-studies\/\" target=\"_self\">\n\t\t\t\t\t\t\tLea nuestros estudios de caso\n\t\t\t<\/a>\n<h3>\n\t\t\tAcerca de Colt\t<\/h3>\n\t\t\t\t\t\t\t\t\t\t\t\t\t\t<a href=\"https:\/\/legacy.colt.net\/es\/resources\/colt-impulsa-el-futuro-de-internet-como-patrocinador-oficial-de-conectividad-del-ietf-123-en-madrid-2\/\" target=\"_self\" title=\"Colt impulsa el futuro de Internet como patrocinador oficial de conectividad del IETF 123 en Madrid\">\n\t\t\t\t<img decoding=\"async\" src=\"https:\/\/legacy.colt.net\/wp-content\/uploads\/2021\/01\/Brand-2021-Stock-19-720x450.jpg\" alt=\"\" \/>\n\t\t\t\t<\/a>\n\t\t\t\t\t\t<h3>\n\t\t\t\t<a href=https:\/\/legacy.colt.net\/es\/resources\/colt-impulsa-el-futuro-de-internet-como-patrocinador-oficial-de-conectividad-del-ietf-123-en-madrid-2\/ title=\"Colt impulsa el futuro de Internet como patrocinador oficial de conectividad del IETF 123 en Madrid\" tabindex=\"0\">Colt impulsa el futuro de Internet como patrocinador oficial de conectividad del IETF 123 en Madrid<\/a>\t\t\t<\/h3>\n\t\t\t\t\t\t\t\tEl patrocinador de conectividad proporcionar\u00e1 una infraestructura de red segura y de alta capacidad para satisfacer las exigencias t\u00e9cnicas de m\u00e1s de un millar de participantes de todo el mundo. &#8230;\n\t\t\t\t\t<a href=\"https:\/\/legacy.colt.net\/es\/resources\/colt-impulsa-el-futuro-de-internet-como-patrocinador-oficial-de-conectividad-del-ietf-123-en-madrid-2\/\" title=\"Leer m\u00e1s\" target=\"_self\">Sigue leyendo &#8594;<\/a>\t\t\n\t\t\t\t\t\t\t\t\t\t\t\t\t\t<a href=\"https:\/\/legacy.colt.net\/es\/resources\/el-ultimo-estudio-de-colt-revela-que-mas-de-la-mitad-de-las-empresas-espanolas-ya-invierten-en-ia\/\" target=\"_self\" title=\"El \u00faltimo estudio de Colt revela que m\u00e1s de la mitad de las empresas espa\u00f1olas ya invierten en IA\">\n\t\t\t\t<img decoding=\"async\" src=\"https:\/\/legacy.colt.net\/wp-content\/uploads\/2021\/01\/Brand-2021-Stock-37-720x450.jpg\" alt=\"\" \/>\n\t\t\t\t<\/a>\n\t\t\t\t\t\t<h3>\n\t\t\t\t<a href=https:\/\/legacy.colt.net\/es\/resources\/el-ultimo-estudio-de-colt-revela-que-mas-de-la-mitad-de-las-empresas-espanolas-ya-invierten-en-ia\/ title=\"El \u00faltimo estudio de Colt revela que m\u00e1s de la mitad de las empresas espa\u00f1olas ya invierten en IA\" tabindex=\"0\">El \u00faltimo estudio de Colt revela que m\u00e1s de la mitad de las empresas espa\u00f1olas ya invierten en IA<\/a>\t\t\t<\/h3>\n\t\t\t\t\t\t\t\tLa seguridad, las comunicaciones y el trabajo en remoto, entre las principales prioridades de TI en Espa\u00f1a\u00a0 Colt Technology Services, la empresa de infraestructura digital, ha publicado los resultados de &#8230;\n\t\t\t\t\t<a href=\"https:\/\/legacy.colt.net\/es\/resources\/el-ultimo-estudio-de-colt-revela-que-mas-de-la-mitad-de-las-empresas-espanolas-ya-invierten-en-ia\/\" title=\"Leer m\u00e1s\" target=\"_self\">Sigue leyendo &#8594;<\/a>\t\t\n\t\t\t\t\t\t\t\t\t\t\t\t\t\t<a href=\"https:\/\/legacy.colt.net\/es\/resources\/olt-honeywell-y-nokia-unen-fuerzas-para-hacer-una-prueba-de-criptografia-cuantica-segura-con-base-en-el-espacio\/\" target=\"_self\" title=\"Colt, Honeywell y Nokia unen fuerzas para hacer una prueba de criptograf\u00eda cu\u00e1ntica segura con base en el espacio\">\n\t\t\t\t<img decoding=\"async\" src=\"https:\/\/legacy.colt.net\/wp-content\/uploads\/2025\/07\/Colt-Colaboration.jpg\" alt=\"\" \/>\n\t\t\t\t<\/a>\n\t\t\t\t\t\t<h3>\n\t\t\t\t<a href=https:\/\/legacy.colt.net\/es\/resources\/olt-honeywell-y-nokia-unen-fuerzas-para-hacer-una-prueba-de-criptografia-cuantica-segura-con-base-en-el-espacio\/ title=\"Colt, Honeywell y Nokia unen fuerzas para hacer una prueba de criptograf\u00eda cu\u00e1ntica segura con base en el espacio\" tabindex=\"0\">Colt, Honeywell y Nokia unen fuerzas para hacer una prueba de criptograf\u00eda cu\u00e1ntica segura con base en el espacio<\/a>\t\t\t<\/h3>\n\t\t\t\t\t\t\t\tEsta colaboraci\u00f3n tecnol\u00f3gica explorar\u00e1 formas de proteger datos cifrados ante el riesgo cu\u00e1ntico utilizando sat\u00e9lites en \u00f3rbita terrestre baja\u00a0 Colt Technology Services (Colt), la empresa global de infraestructuras digitales, ha &#8230;\n\t\t\t\t\t<a href=\"https:\/\/legacy.colt.net\/es\/resources\/olt-honeywell-y-nokia-unen-fuerzas-para-hacer-una-prueba-de-criptografia-cuantica-segura-con-base-en-el-espacio\/\" title=\"Leer m\u00e1s\" target=\"_self\">Sigue leyendo &#8594;<\/a>\t\t\n\n","protected":false},"excerpt":{"rendered":"<p>Informe de Infraestructura Digital 2024 El camino del CIO hacia un futuro mejor El Informe de Infraestructura Digital 2024 de Colt explora c\u00f3mo la infraestructura digital se relaciona con el impacto ambiental y la gobernanza. Obt\u00e9n la gu\u00eda Conectividad extraordinaria Somos Colt, una empresa internacional de infraestructuras digitales que ofrece excelentes conexiones sin descuidar ning\u00fan&#8230;<\/p>\n","protected":false},"author":143,"featured_media":0,"parent":0,"menu_order":0,"comment_status":"closed","ping_status":"closed","template":"","meta":{"_acf_changed":false,"footnotes":""},"colt_type":[],"colt_products":[],"class_list":["post-34374","page","type-page","status-publish","hentry"],"acf":[],"yoast_head":"<!-- This site is optimized with the Yoast SEO plugin v26.8 - https:\/\/yoast.com\/product\/yoast-seo-wordpress\/ -->\n<title>Proveedor de servicios de red | Colt Technology Services | ES<\/title>\n<meta name=\"description\" content=\"Descubra el alcance global de Colt como proveedor de servicios de red, voz y datos. Trabajamos con clientes mayoristas en los principales nodos empresariales de Europa, Asia y Norteam\u00e9rica.\" \/>\n<meta name=\"robots\" content=\"noindex, follow, max-snippet:-1, max-image-preview:large, max-video-preview:-1\" \/>\n<meta property=\"og:locale\" content=\"es_ES\" \/>\n<meta property=\"og:type\" content=\"article\" \/>\n<meta property=\"og:title\" content=\"Proveedor de servicios de red | Colt Technology Services | ES\" \/>\n<meta property=\"og:description\" content=\"Descubra el alcance global de Colt como proveedor de servicios de red, voz y datos. Trabajamos con clientes mayoristas en los principales nodos empresariales de Europa, Asia y Norteam\u00e9rica.\" \/>\n<meta property=\"og:url\" content=\"https:\/\/legacy.colt.net\/es\/\" \/>\n<meta property=\"og:site_name\" content=\"Colt Technology Services\" \/>\n<meta property=\"article:publisher\" content=\"https:\/\/www.facebook.com\/ColtTechnologyServices\/\" \/>\n<meta property=\"article:modified_time\" content=\"2025-08-13T08:23:24+00:00\" \/>\n<meta property=\"og:image\" content=\"https:\/\/legacy.colt.net\/wp-content\/uploads\/2021\/01\/Brand-2021-Stock-33.jpg\" \/>\n\t<meta property=\"og:image:width\" content=\"1000\" \/>\n\t<meta property=\"og:image:height\" content=\"667\" \/>\n\t<meta property=\"og:image:type\" content=\"image\/jpeg\" \/>\n<meta name=\"twitter:card\" content=\"summary_large_image\" \/>\n<meta name=\"twitter:site\" content=\"@colt_technology\" \/>\n<meta name=\"twitter:label1\" content=\"Est. reading time\" \/>\n\t<meta name=\"twitter:data1\" content=\"8 minutes\" \/>\n<script type=\"application\/ld+json\" class=\"yoast-schema-graph\">{\"@context\":\"https:\/\/schema.org\",\"@graph\":[{\"@type\":\"WebPage\",\"@id\":\"https:\/\/legacy.colt.net\/es\/\",\"url\":\"https:\/\/legacy.colt.net\/es\/\",\"name\":\"Proveedor de servicios de red | Colt Technology Services | ES\",\"isPartOf\":{\"@id\":\"https:\/\/legacy.colt.net\/#website\"},\"primaryImageOfPage\":{\"@id\":\"https:\/\/legacy.colt.net\/es\/#primaryimage\"},\"image\":{\"@id\":\"https:\/\/legacy.colt.net\/es\/#primaryimage\"},\"thumbnailUrl\":\"https:\/\/legacy.colt.net\/wp-content\/uploads\/2024\/10\/GC3-ES-Cover-Image1.png\",\"datePublished\":\"2018-10-30T08:49:06+00:00\",\"dateModified\":\"2025-08-13T08:23:24+00:00\",\"description\":\"Descubra el alcance global de Colt como proveedor de servicios de red, voz y datos. Trabajamos con clientes mayoristas en los principales nodos empresariales de Europa, Asia y Norteam\u00e9rica.\",\"breadcrumb\":{\"@id\":\"https:\/\/legacy.colt.net\/es\/#breadcrumb\"},\"inLanguage\":\"es-ES\",\"potentialAction\":[{\"@type\":\"ReadAction\",\"target\":[\"https:\/\/legacy.colt.net\/es\/\"]}]},{\"@type\":\"ImageObject\",\"inLanguage\":\"es-ES\",\"@id\":\"https:\/\/legacy.colt.net\/es\/#primaryimage\",\"url\":\"https:\/\/legacy.colt.net\/wp-content\/uploads\/2024\/10\/GC3-ES-Cover-Image1.png\",\"contentUrl\":\"https:\/\/legacy.colt.net\/wp-content\/uploads\/2024\/10\/GC3-ES-Cover-Image1.png\"},{\"@type\":\"BreadcrumbList\",\"@id\":\"https:\/\/legacy.colt.net\/es\/#breadcrumb\",\"itemListElement\":[{\"@type\":\"ListItem\",\"position\":1,\"name\":\"Home\",\"item\":\"https:\/\/legacy.colt.net\/es\/\"},{\"@type\":\"ListItem\",\"position\":2,\"name\":\"Home ES\"}]},{\"@type\":\"WebSite\",\"@id\":\"https:\/\/legacy.colt.net\/#website\",\"url\":\"https:\/\/legacy.colt.net\/\",\"name\":\"Colt\u30c6\u30af\u30ce\u30ed\u30b8\u30fc\u30b5\u30fc\u30d3\u30b9\u682a\u5f0f\u4f1a\u793e\",\"description\":\"Managed Network &amp; Voice Services Provider\",\"publisher\":{\"@id\":\"https:\/\/legacy.colt.net\/#organization\"},\"potentialAction\":[{\"@type\":\"SearchAction\",\"target\":{\"@type\":\"EntryPoint\",\"urlTemplate\":\"https:\/\/legacy.colt.net\/?s={search_term_string}\"},\"query-input\":{\"@type\":\"PropertyValueSpecification\",\"valueRequired\":true,\"valueName\":\"search_term_string\"}}],\"inLanguage\":\"es-ES\"},{\"@type\":\"Organization\",\"@id\":\"https:\/\/legacy.colt.net\/#organization\",\"name\":\"Colt Technology Services\",\"url\":\"https:\/\/legacy.colt.net\/\",\"logo\":{\"@type\":\"ImageObject\",\"inLanguage\":\"es-ES\",\"@id\":\"https:\/\/legacy.colt.net\/#\/schema\/logo\/image\/\",\"url\":\"https:\/\/legacy.colt.net\/wp-content\/uploads\/2019\/02\/Colt-Logo.png\",\"contentUrl\":\"https:\/\/legacy.colt.net\/wp-content\/uploads\/2019\/02\/Colt-Logo.png\",\"width\":195,\"height\":77,\"caption\":\"Colt Technology Services\"},\"image\":{\"@id\":\"https:\/\/legacy.colt.net\/#\/schema\/logo\/image\/\"},\"sameAs\":[\"https:\/\/www.facebook.com\/ColtTechnologyServices\/\",\"https:\/\/x.com\/colt_technology\",\"https:\/\/www.instagram.com\/colttechnologyservices\/\",\"https:\/\/www.linkedin.com\/company\/colt-technology-services\",\"https:\/\/www.youtube.com\/user\/ColtTechnology\"]}]}<\/script>\n<!-- \/ Yoast SEO plugin. -->","yoast_head_json":{"title":"Proveedor de servicios de red | Colt Technology Services | ES","description":"Descubra el alcance global de Colt como proveedor de servicios de red, voz y datos. Trabajamos con clientes mayoristas en los principales nodos empresariales de Europa, Asia y Norteam\u00e9rica.","robots":{"index":"noindex","follow":"follow","max-snippet":"max-snippet:-1","max-image-preview":"max-image-preview:large","max-video-preview":"max-video-preview:-1"},"og_locale":"es_ES","og_type":"article","og_title":"Proveedor de servicios de red | Colt Technology Services | ES","og_description":"Descubra el alcance global de Colt como proveedor de servicios de red, voz y datos. Trabajamos con clientes mayoristas en los principales nodos empresariales de Europa, Asia y Norteam\u00e9rica.","og_url":"https:\/\/legacy.colt.net\/es\/","og_site_name":"Colt Technology Services","article_publisher":"https:\/\/www.facebook.com\/ColtTechnologyServices\/","article_modified_time":"2025-08-13T08:23:24+00:00","og_image":[{"width":1000,"height":667,"url":"https:\/\/legacy.colt.net\/wp-content\/uploads\/2021\/01\/Brand-2021-Stock-33.jpg","type":"image\/jpeg"}],"twitter_card":"summary_large_image","twitter_site":"@colt_technology","twitter_misc":{"Est. reading time":"8 minutes"},"schema":{"@context":"https:\/\/schema.org","@graph":[{"@type":"WebPage","@id":"https:\/\/legacy.colt.net\/es\/","url":"https:\/\/legacy.colt.net\/es\/","name":"Proveedor de servicios de red | Colt Technology Services | ES","isPartOf":{"@id":"https:\/\/legacy.colt.net\/#website"},"primaryImageOfPage":{"@id":"https:\/\/legacy.colt.net\/es\/#primaryimage"},"image":{"@id":"https:\/\/legacy.colt.net\/es\/#primaryimage"},"thumbnailUrl":"https:\/\/legacy.colt.net\/wp-content\/uploads\/2024\/10\/GC3-ES-Cover-Image1.png","datePublished":"2018-10-30T08:49:06+00:00","dateModified":"2025-08-13T08:23:24+00:00","description":"Descubra el alcance global de Colt como proveedor de servicios de red, voz y datos. Trabajamos con clientes mayoristas en los principales nodos empresariales de Europa, Asia y Norteam\u00e9rica.","breadcrumb":{"@id":"https:\/\/legacy.colt.net\/es\/#breadcrumb"},"inLanguage":"es-ES","potentialAction":[{"@type":"ReadAction","target":["https:\/\/legacy.colt.net\/es\/"]}]},{"@type":"ImageObject","inLanguage":"es-ES","@id":"https:\/\/legacy.colt.net\/es\/#primaryimage","url":"https:\/\/legacy.colt.net\/wp-content\/uploads\/2024\/10\/GC3-ES-Cover-Image1.png","contentUrl":"https:\/\/legacy.colt.net\/wp-content\/uploads\/2024\/10\/GC3-ES-Cover-Image1.png"},{"@type":"BreadcrumbList","@id":"https:\/\/legacy.colt.net\/es\/#breadcrumb","itemListElement":[{"@type":"ListItem","position":1,"name":"Home","item":"https:\/\/legacy.colt.net\/es\/"},{"@type":"ListItem","position":2,"name":"Home ES"}]},{"@type":"WebSite","@id":"https:\/\/legacy.colt.net\/#website","url":"https:\/\/legacy.colt.net\/","name":"Colt\u30c6\u30af\u30ce\u30ed\u30b8\u30fc\u30b5\u30fc\u30d3\u30b9\u682a\u5f0f\u4f1a\u793e","description":"Managed Network &amp; Voice Services Provider","publisher":{"@id":"https:\/\/legacy.colt.net\/#organization"},"potentialAction":[{"@type":"SearchAction","target":{"@type":"EntryPoint","urlTemplate":"https:\/\/legacy.colt.net\/?s={search_term_string}"},"query-input":{"@type":"PropertyValueSpecification","valueRequired":true,"valueName":"search_term_string"}}],"inLanguage":"es-ES"},{"@type":"Organization","@id":"https:\/\/legacy.colt.net\/#organization","name":"Colt Technology Services","url":"https:\/\/legacy.colt.net\/","logo":{"@type":"ImageObject","inLanguage":"es-ES","@id":"https:\/\/legacy.colt.net\/#\/schema\/logo\/image\/","url":"https:\/\/legacy.colt.net\/wp-content\/uploads\/2019\/02\/Colt-Logo.png","contentUrl":"https:\/\/legacy.colt.net\/wp-content\/uploads\/2019\/02\/Colt-Logo.png","width":195,"height":77,"caption":"Colt Technology Services"},"image":{"@id":"https:\/\/legacy.colt.net\/#\/schema\/logo\/image\/"},"sameAs":["https:\/\/www.facebook.com\/ColtTechnologyServices\/","https:\/\/x.com\/colt_technology","https:\/\/www.instagram.com\/colttechnologyservices\/","https:\/\/www.linkedin.com\/company\/colt-technology-services","https:\/\/www.youtube.com\/user\/ColtTechnology"]}]}},"_links":{"self":[{"href":"https:\/\/legacy.colt.net\/es\/wp-json\/wp\/v2\/pages\/34374","targetHints":{"allow":["GET"]}}],"collection":[{"href":"https:\/\/legacy.colt.net\/es\/wp-json\/wp\/v2\/pages"}],"about":[{"href":"https:\/\/legacy.colt.net\/es\/wp-json\/wp\/v2\/types\/page"}],"author":[{"embeddable":true,"href":"https:\/\/legacy.colt.net\/es\/wp-json\/wp\/v2\/users\/143"}],"replies":[{"embeddable":true,"href":"https:\/\/legacy.colt.net\/es\/wp-json\/wp\/v2\/comments?post=34374"}],"version-history":[{"count":0,"href":"https:\/\/legacy.colt.net\/es\/wp-json\/wp\/v2\/pages\/34374\/revisions"}],"wp:attachment":[{"href":"https:\/\/legacy.colt.net\/es\/wp-json\/wp\/v2\/media?parent=34374"}],"wp:term":[{"taxonomy":"colt_type","embeddable":true,"href":"https:\/\/legacy.colt.net\/es\/wp-json\/wp\/v2\/colt_type?post=34374"},{"taxonomy":"colt_products","embeddable":true,"href":"https:\/\/legacy.colt.net\/es\/wp-json\/wp\/v2\/colt_products?post=34374"}],"curies":[{"name":"wp","href":"https:\/\/api.w.org\/{rel}","templated":true}]}}