{"id":34358,"date":"2017-03-23T14:48:44","date_gmt":"2017-03-23T14:48:44","guid":{"rendered":"https:\/\/www.colt.net\/facts-figures\/"},"modified":"2023-12-12T16:33:43","modified_gmt":"2023-12-12T16:33:43","slug":"facts-figures","status":"publish","type":"page","link":"https:\/\/legacy.colt.net\/es\/facts-figures\/","title":{"rendered":"Hechos"},"content":{"rendered":"\n<h1>\n\t\tDatos y cifras acerca de Colt\n\t<\/h1>\n\t<nav class=\"breadcrumb\"><span><span><a href=\"https:\/\/legacy.colt.net\/es\/\">Home<\/a><\/span><\/span><\/nav>\n\t\t\t\t<img loading=\"lazy\" decoding=\"async\" src=\"https:\/\/legacy.colt.net\/wp-content\/uploads\/2023\/10\/Map-Colt-Connected-Cities-23-Nov-1.png\" alt=\"Map---Colt-Connected-Cities-23-Nov-1\" itemprop=\"image\" height=\"1555\" width=\"2634\" title=\"Map---Colt-Connected-Cities-23-Nov-1\" onerror=\"this.style.display='none'\"  \/>\n\t\t<!-- Comment to fix spacing issue\n\t-->\n\t\t<h1>0k+<\/h1>clientes\n\t<!-- Comment to fix spacing issue\n\t-->\t\n\t\t<!-- Comment to fix spacing issue\n\t-->\n\t\t<h1>0k+<\/h1>Colties\n\t<!-- Comment to fix spacing issue\n\t-->\t\n\t\t<!-- Comment to fix spacing issue\n\t-->\n\t\t<h1>0<\/h1>a\u00f1os de experiencia\n\t<!-- Comment to fix spacing issue\n\t-->\t\n\t\t<!-- Comment to fix spacing issue\n\t-->\n\t\t<h1>0+<\/h1>ciudades conectadas\n\t<!-- Comment to fix spacing issue\n\t-->\t\n<h2>\n\t\tUn impacto positivo\n\t<\/h2>\n\t<p>Colt es una empresa internacional de infraestructuras digitales que ofrece excelentes conexiones sin descuidar ning\u00fan detalle. Colt re\u00fane a gente extraordinaria, redes inteligentes y socios afines en todo el mundo para crear soluciones que pongan en manos de los clientes el poder del universo digital. Colt IQ Network te proporciona la infraestructura digital que necesitas y posibilita los servicios necesarios para que tu negocio funcione.<\/p>\n\t<p>Colt se propone contar con las empresas m\u00e1s punteras del mundo y para ello es fundamental ofrecer una experiencia de cliente inigualable. Ya somos l\u00edderes del sector y apuntamos a\u00fan m\u00e1s alto.<\/p>\n<p>As\u00ed es como Colt crea conexiones excelentes con clientes y socios, con nuestros empleados y con todo el planeta.<\/p>\n<h2>\n\t\tEl alcance de la red de Colt\n\t<\/h2>\n\t<p>Nuestro mapa de cobertura de red de fibra ilustra nuestra red en expansi\u00f3n y de vanguardia, que conecta sin problemas m\u00e1s de 32 000 edificios y m\u00e1s de 1100 data centre en 40+ pa\u00edses.<\/p>\n<p>Empresas de todos los tama\u00f1os y de diferentes sectores se benefician de los servicios proporcionados por la red de Colt, que ofrece los mayores est\u00e1ndares del mercado en cuanto a rendimiento, latencia y seguridad.<\/p>\n\t\t\t<a href=\"https:\/\/legacy.colt.net\/es\/connect\/\" target=\"_blank\" role=\"button\" rel=\"noopener\">\n\t\t\t\t\t\t\tComprobar mi conectividad\n\t\t\t\t\t<\/a>\n\n<h3>\n\t\tLa IQ Network de Colt abarca:\n\t<\/h3>\n\t\t<!-- Comment to fix spacing issue\n\t-->\n\t\t<h1>0+<\/h1>edificios con conexiones directas de fibra\n\t<!-- Comment to fix spacing issue\n\t-->\t\n\t\t<!-- Comment to fix spacing issue\n\t-->\n\t\t<h1>0+<\/h1>ciudades conectadas\n\t<!-- Comment to fix spacing issue\n\t-->\t\n\t\t<!-- Comment to fix spacing issue\n\t-->\n\t\t<h1>0+<\/h1>redes de \u00e1rea metropolitana;\n\t<!-- Comment to fix spacing issue\n\t-->\t\n\t\t<!-- Comment to fix spacing issue\n\t-->\n\t\t<h1>0+<\/h1>data centres\n\t<!-- Comment to fix spacing issue\n\t-->\t\n\t\t<!-- Comment to fix spacing issue\n\t-->\n\t\t<h1>0+<\/h1>PoP en la nube\n\t<!-- Comment to fix spacing issue\n\t-->\t\n<h2>\n\t\tAsociaciones\n\t<\/h2>\n\t<p>Colt trabaja codo con codo con los principales proveedores del sector<\/p>\n\t\t\t\t<a href=\"https:\/\/legacy.colt.net\/es\/why-colt\/partners\/\" target=\"_self\" itemprop=\"url\" rel=\"noopener\">\n\t\t\t\t<img loading=\"lazy\" decoding=\"async\" src=\"https:\/\/legacy.colt.net\/wp-content\/uploads\/2023\/10\/Partnerships-Image-Overview.png\" alt=\"Partnerships Image Overview\" itemprop=\"image\" height=\"308\" width=\"419\" title=\"Partnerships Image Overview\" onerror=\"this.style.display='none'\"  \/>\n\t\t\t\t<\/a>\n<h2>\n\t\tContrata la infraestructura digital que necesitas\n\t<\/h2>\n\t<ul>\n<li>Inteligente, segura, flexible y disponible bajo demanda<\/li>\n<li>La mejor garant\u00eda de protecci\u00f3n de datos del mundo<\/li>\n<li>Conectividad agn\u00f3stica con los principales proveedores de la nube<\/li>\n<li>Redes consolidadas en las ciudades de los mercados m\u00e1s importantes<\/li>\n<\/ul>\n<h2>\n\t\tPremios a la sostenibilidad\n\t<\/h2>\n<h2>\n\t\tMedalla EcoVadis 2023\n\t<\/h2>\n\t<p>Colt se ha situado entre el 1\u00a0% de las empresas mejor valoradas en cuanto a sostenibilidad, un logro que se consigui\u00f3 apenas 12\u00a0meses despu\u00e9s de alcanzar el est\u00e1ndar Platino de EcoVadis<\/p>\n\n","protected":false},"excerpt":{"rendered":"<p>Datos y cifras acerca de Colt 0k+ clientes 0k+ Colties 0 a\u00f1os de experiencia 0+ ciudades conectadas Un impacto positivo Colt es una empresa internacional de infraestructuras digitales que ofrece excelentes conexiones sin descuidar ning\u00fan detalle. Colt re\u00fane a gente extraordinaria, redes inteligentes y socios afines en todo el mundo para crear soluciones que pongan&#8230;<\/p>\n","protected":false},"author":2,"featured_media":0,"parent":0,"menu_order":0,"comment_status":"closed","ping_status":"closed","template":"","meta":{"_acf_changed":false,"footnotes":""},"colt_type":[],"colt_products":[],"class_list":["post-34358","page","type-page","status-publish","hentry"],"acf":[],"yoast_head":"<!-- This site is optimized with the Yoast SEO plugin v26.8 - https:\/\/yoast.com\/product\/yoast-seo-wordpress\/ -->\n<title>Hechos | Colt Technology Services | ES<\/title>\n<meta name=\"description\" content=\"Hechos Colt Technology Services\" \/>\n<meta name=\"robots\" content=\"noindex, follow, max-snippet:-1, max-image-preview:large, max-video-preview:-1\" \/>\n<meta property=\"og:locale\" content=\"es_ES\" \/>\n<meta property=\"og:type\" content=\"article\" \/>\n<meta property=\"og:title\" content=\"Hechos | Colt Technology Services | ES\" \/>\n<meta property=\"og:description\" content=\"Hechos Colt Technology Services\" \/>\n<meta property=\"og:url\" content=\"https:\/\/legacy.colt.net\/es\/facts-figures\/\" \/>\n<meta property=\"og:site_name\" content=\"Colt Technology Services\" \/>\n<meta property=\"article:publisher\" content=\"https:\/\/www.facebook.com\/ColtTechnologyServices\/\" \/>\n<meta property=\"article:modified_time\" content=\"2023-12-12T16:33:43+00:00\" \/>\n<meta property=\"og:image\" content=\"https:\/\/legacy.colt.net\/wp-content\/uploads\/2021\/01\/Brand-2021-Stock-20.jpg\" \/>\n\t<meta property=\"og:image:width\" content=\"1000\" \/>\n\t<meta property=\"og:image:height\" content=\"652\" \/>\n\t<meta property=\"og:image:type\" content=\"image\/jpeg\" \/>\n<meta name=\"twitter:card\" content=\"summary_large_image\" \/>\n<meta name=\"twitter:site\" content=\"@colt_technology\" \/>\n<meta name=\"twitter:label1\" content=\"Est. reading time\" \/>\n\t<meta name=\"twitter:data1\" content=\"2 minutes\" \/>\n<script type=\"application\/ld+json\" class=\"yoast-schema-graph\">{\"@context\":\"https:\/\/schema.org\",\"@graph\":[{\"@type\":\"WebPage\",\"@id\":\"https:\/\/legacy.colt.net\/es\/facts-figures\/\",\"url\":\"https:\/\/legacy.colt.net\/es\/facts-figures\/\",\"name\":\"Hechos | Colt Technology Services | ES\",\"isPartOf\":{\"@id\":\"https:\/\/legacy.colt.net\/#website\"},\"primaryImageOfPage\":{\"@id\":\"https:\/\/legacy.colt.net\/es\/facts-figures\/#primaryimage\"},\"image\":{\"@id\":\"https:\/\/legacy.colt.net\/es\/facts-figures\/#primaryimage\"},\"thumbnailUrl\":\"https:\/\/legacy.colt.net\/wp-content\/uploads\/2023\/10\/Map-Colt-Connected-Cities-23-Nov-1.png\",\"datePublished\":\"2017-03-23T14:48:44+00:00\",\"dateModified\":\"2023-12-12T16:33:43+00:00\",\"description\":\"Hechos Colt Technology Services\",\"breadcrumb\":{\"@id\":\"https:\/\/legacy.colt.net\/es\/facts-figures\/#breadcrumb\"},\"inLanguage\":\"es-ES\",\"potentialAction\":[{\"@type\":\"ReadAction\",\"target\":[\"https:\/\/legacy.colt.net\/es\/facts-figures\/\"]}]},{\"@type\":\"ImageObject\",\"inLanguage\":\"es-ES\",\"@id\":\"https:\/\/legacy.colt.net\/es\/facts-figures\/#primaryimage\",\"url\":\"https:\/\/legacy.colt.net\/wp-content\/uploads\/2023\/10\/Map-Colt-Connected-Cities-23-Nov-1.png\",\"contentUrl\":\"https:\/\/legacy.colt.net\/wp-content\/uploads\/2023\/10\/Map-Colt-Connected-Cities-23-Nov-1.png\"},{\"@type\":\"BreadcrumbList\",\"@id\":\"https:\/\/legacy.colt.net\/es\/facts-figures\/#breadcrumb\",\"itemListElement\":[{\"@type\":\"ListItem\",\"position\":1,\"name\":\"Home\",\"item\":\"https:\/\/legacy.colt.net\/es\/\"},{\"@type\":\"ListItem\",\"position\":2,\"name\":\"Hechos\"}]},{\"@type\":\"WebSite\",\"@id\":\"https:\/\/legacy.colt.net\/#website\",\"url\":\"https:\/\/legacy.colt.net\/\",\"name\":\"Colt\u30c6\u30af\u30ce\u30ed\u30b8\u30fc\u30b5\u30fc\u30d3\u30b9\u682a\u5f0f\u4f1a\u793e\",\"description\":\"Managed Network &amp; Voice Services Provider\",\"publisher\":{\"@id\":\"https:\/\/legacy.colt.net\/#organization\"},\"potentialAction\":[{\"@type\":\"SearchAction\",\"target\":{\"@type\":\"EntryPoint\",\"urlTemplate\":\"https:\/\/legacy.colt.net\/?s={search_term_string}\"},\"query-input\":{\"@type\":\"PropertyValueSpecification\",\"valueRequired\":true,\"valueName\":\"search_term_string\"}}],\"inLanguage\":\"es-ES\"},{\"@type\":\"Organization\",\"@id\":\"https:\/\/legacy.colt.net\/#organization\",\"name\":\"Colt Technology Services\",\"url\":\"https:\/\/legacy.colt.net\/\",\"logo\":{\"@type\":\"ImageObject\",\"inLanguage\":\"es-ES\",\"@id\":\"https:\/\/legacy.colt.net\/#\/schema\/logo\/image\/\",\"url\":\"https:\/\/legacy.colt.net\/wp-content\/uploads\/2019\/02\/Colt-Logo.png\",\"contentUrl\":\"https:\/\/legacy.colt.net\/wp-content\/uploads\/2019\/02\/Colt-Logo.png\",\"width\":195,\"height\":77,\"caption\":\"Colt Technology Services\"},\"image\":{\"@id\":\"https:\/\/legacy.colt.net\/#\/schema\/logo\/image\/\"},\"sameAs\":[\"https:\/\/www.facebook.com\/ColtTechnologyServices\/\",\"https:\/\/x.com\/colt_technology\",\"https:\/\/www.instagram.com\/colttechnologyservices\/\",\"https:\/\/www.linkedin.com\/company\/colt-technology-services\",\"https:\/\/www.youtube.com\/user\/ColtTechnology\"]}]}<\/script>\n<!-- \/ Yoast SEO plugin. -->","yoast_head_json":{"title":"Hechos | Colt Technology Services | ES","description":"Hechos Colt Technology Services","robots":{"index":"noindex","follow":"follow","max-snippet":"max-snippet:-1","max-image-preview":"max-image-preview:large","max-video-preview":"max-video-preview:-1"},"og_locale":"es_ES","og_type":"article","og_title":"Hechos | Colt Technology Services | ES","og_description":"Hechos Colt Technology Services","og_url":"https:\/\/legacy.colt.net\/es\/facts-figures\/","og_site_name":"Colt Technology Services","article_publisher":"https:\/\/www.facebook.com\/ColtTechnologyServices\/","article_modified_time":"2023-12-12T16:33:43+00:00","og_image":[{"width":1000,"height":652,"url":"https:\/\/legacy.colt.net\/wp-content\/uploads\/2021\/01\/Brand-2021-Stock-20.jpg","type":"image\/jpeg"}],"twitter_card":"summary_large_image","twitter_site":"@colt_technology","twitter_misc":{"Est. reading time":"2 minutes"},"schema":{"@context":"https:\/\/schema.org","@graph":[{"@type":"WebPage","@id":"https:\/\/legacy.colt.net\/es\/facts-figures\/","url":"https:\/\/legacy.colt.net\/es\/facts-figures\/","name":"Hechos | Colt Technology Services | ES","isPartOf":{"@id":"https:\/\/legacy.colt.net\/#website"},"primaryImageOfPage":{"@id":"https:\/\/legacy.colt.net\/es\/facts-figures\/#primaryimage"},"image":{"@id":"https:\/\/legacy.colt.net\/es\/facts-figures\/#primaryimage"},"thumbnailUrl":"https:\/\/legacy.colt.net\/wp-content\/uploads\/2023\/10\/Map-Colt-Connected-Cities-23-Nov-1.png","datePublished":"2017-03-23T14:48:44+00:00","dateModified":"2023-12-12T16:33:43+00:00","description":"Hechos Colt Technology Services","breadcrumb":{"@id":"https:\/\/legacy.colt.net\/es\/facts-figures\/#breadcrumb"},"inLanguage":"es-ES","potentialAction":[{"@type":"ReadAction","target":["https:\/\/legacy.colt.net\/es\/facts-figures\/"]}]},{"@type":"ImageObject","inLanguage":"es-ES","@id":"https:\/\/legacy.colt.net\/es\/facts-figures\/#primaryimage","url":"https:\/\/legacy.colt.net\/wp-content\/uploads\/2023\/10\/Map-Colt-Connected-Cities-23-Nov-1.png","contentUrl":"https:\/\/legacy.colt.net\/wp-content\/uploads\/2023\/10\/Map-Colt-Connected-Cities-23-Nov-1.png"},{"@type":"BreadcrumbList","@id":"https:\/\/legacy.colt.net\/es\/facts-figures\/#breadcrumb","itemListElement":[{"@type":"ListItem","position":1,"name":"Home","item":"https:\/\/legacy.colt.net\/es\/"},{"@type":"ListItem","position":2,"name":"Hechos"}]},{"@type":"WebSite","@id":"https:\/\/legacy.colt.net\/#website","url":"https:\/\/legacy.colt.net\/","name":"Colt\u30c6\u30af\u30ce\u30ed\u30b8\u30fc\u30b5\u30fc\u30d3\u30b9\u682a\u5f0f\u4f1a\u793e","description":"Managed Network &amp; Voice Services Provider","publisher":{"@id":"https:\/\/legacy.colt.net\/#organization"},"potentialAction":[{"@type":"SearchAction","target":{"@type":"EntryPoint","urlTemplate":"https:\/\/legacy.colt.net\/?s={search_term_string}"},"query-input":{"@type":"PropertyValueSpecification","valueRequired":true,"valueName":"search_term_string"}}],"inLanguage":"es-ES"},{"@type":"Organization","@id":"https:\/\/legacy.colt.net\/#organization","name":"Colt Technology Services","url":"https:\/\/legacy.colt.net\/","logo":{"@type":"ImageObject","inLanguage":"es-ES","@id":"https:\/\/legacy.colt.net\/#\/schema\/logo\/image\/","url":"https:\/\/legacy.colt.net\/wp-content\/uploads\/2019\/02\/Colt-Logo.png","contentUrl":"https:\/\/legacy.colt.net\/wp-content\/uploads\/2019\/02\/Colt-Logo.png","width":195,"height":77,"caption":"Colt Technology Services"},"image":{"@id":"https:\/\/legacy.colt.net\/#\/schema\/logo\/image\/"},"sameAs":["https:\/\/www.facebook.com\/ColtTechnologyServices\/","https:\/\/x.com\/colt_technology","https:\/\/www.instagram.com\/colttechnologyservices\/","https:\/\/www.linkedin.com\/company\/colt-technology-services","https:\/\/www.youtube.com\/user\/ColtTechnology"]}]}},"_links":{"self":[{"href":"https:\/\/legacy.colt.net\/es\/wp-json\/wp\/v2\/pages\/34358","targetHints":{"allow":["GET"]}}],"collection":[{"href":"https:\/\/legacy.colt.net\/es\/wp-json\/wp\/v2\/pages"}],"about":[{"href":"https:\/\/legacy.colt.net\/es\/wp-json\/wp\/v2\/types\/page"}],"author":[{"embeddable":true,"href":"https:\/\/legacy.colt.net\/es\/wp-json\/wp\/v2\/users\/2"}],"replies":[{"embeddable":true,"href":"https:\/\/legacy.colt.net\/es\/wp-json\/wp\/v2\/comments?post=34358"}],"version-history":[{"count":0,"href":"https:\/\/legacy.colt.net\/es\/wp-json\/wp\/v2\/pages\/34358\/revisions"}],"wp:attachment":[{"href":"https:\/\/legacy.colt.net\/es\/wp-json\/wp\/v2\/media?parent=34358"}],"wp:term":[{"taxonomy":"colt_type","embeddable":true,"href":"https:\/\/legacy.colt.net\/es\/wp-json\/wp\/v2\/colt_type?post=34358"},{"taxonomy":"colt_products","embeddable":true,"href":"https:\/\/legacy.colt.net\/es\/wp-json\/wp\/v2\/colt_products?post=34358"}],"curies":[{"name":"wp","href":"https:\/\/api.w.org\/{rel}","templated":true}]}}