{"id":34323,"date":"2017-03-13T16:45:02","date_gmt":"2017-03-13T16:45:02","guid":{"rendered":"https:\/\/www.colt.net\/careers\/"},"modified":"2023-10-12T11:18:35","modified_gmt":"2023-10-12T10:18:35","slug":"careers","status":"publish","type":"page","link":"https:\/\/legacy.colt.net\/es\/careers\/","title":{"rendered":"Carreras en Colt"},"content":{"rendered":"\n\n\t<nav class=\"breadcrumb\"><span><span><a href=\"https:\/\/legacy.colt.net\/es\/\">Home<\/a><\/span><\/span><\/nav>\n\t\t\t\t<img loading=\"lazy\" decoding=\"async\" src=\"https:\/\/legacy.colt.net\/wp-content\/uploads\/2023\/02\/MYM-04-transparent-background.png\" alt=\"Text saying Make your mark with icons of a gear, hand, and flag\" itemprop=\"image\" height=\"600\" width=\"600\" title=\"MYM-04-transparent-background\" onerror=\"this.style.display='none'\"  \/>\n\t<h3>\u00bfBuscas dejar huella?<\/h3>\n<p>En Colt, marcar\u00e1s la diferencia. Porque en Colt se empodera a las personas. Colt no te dice qu\u00e9 hacer. En lugar de eso, Colt contrata a personas en las que conf\u00eda, que proceden de todo el globo para crear soluciones inteligentes.<\/p>\n<p>Los equipos globales de Colt est\u00e1n repletos de personas con ambici\u00f3n y motivaci\u00f3n que trabajan juntas por un objetivo com\u00fan: poner el poder del universo digital en manos de sus clientes donde, cuando y como quieran.<\/p>\n<p>Colt le da a su personal la oportunidad de inspirar y dirigir equipos y de trabajar en proyectos que conectan personas, ciudades, empresas e ideas. Colt quiere que le ayudes a cambiar el mundo, para mejor.<\/p>\n<p><strong>En Colt puedes dejar tu huella. <\/strong><\/p>\n\t\t\t<a href=\"https:\/\/joblistings.colt.net\/\" target=\"_blank\" role=\"button\" rel=\"noopener\">\n\t\t\t\t\t\t\tEncuentra el trabajo de tus sue\u00f1os\n\t\t\t\t\t<\/a>\n\t\t\t<a href=\"https:\/\/joblistings.colt.net\/\" target=\"_blank\" role=\"button\" rel=\"noopener\">\n\t\t\t\t\t\t\tPrograma Colt Graduate\n\t\t\t\t\t<\/a>\n\t\t\t<a href=\"#Experiencias\" target=\"_blank\" role=\"button\" rel=\"noopener\">\n\t\t\t\t\t\t\tTrabajar en Colt\n\t\t\t\t\t<\/a>\n<h3>\n\t\tExperiencias incre\u00edbles\n\t<\/h3>\n\t<p>Colt ofrece soluciones de vanguardia a sus clientes, por lo que trabajar\u00e1s con una marca que podr\u00e1s poner con orgullo en tu curr\u00edculum. Como Colt est\u00e1 cambiando el mundo, te daremos acceso a aprendizaje a trav\u00e9s de compa\u00f1eros, experiencia pr\u00e1ctica y formaci\u00f3n que preparar\u00e1 tu carrera para el futuro.<\/p>\n<h3>\n\t\tTrabaja en equipos globales\n\t<\/h3>\n\t<p>Trabajar\u00e1s en equipos diversos de diferentes culturas y pa\u00edses. De este modo, experimentamos distintas formas de pensar y aprendemos y crecemos unos de otros. Tendr\u00e1s la posibilidad de debatir, discutir, escuchar y compartir tus ideas, todo ello parar encontrar soluciones para Colt y sus clientes.<\/p>\n\t\t\t\t<img loading=\"lazy\" decoding=\"async\" src=\"https:\/\/legacy.colt.net\/wp-content\/uploads\/2023\/02\/Apply-Image-04.png\" alt=\"A woman laughing and another woman working \" itemprop=\"image\" height=\"421\" width=\"421\" title=\"Apply-Image-04\" onerror=\"this.style.display='none'\"  \/>\n\t\t\t\t<img loading=\"lazy\" decoding=\"async\" src=\"https:\/\/legacy.colt.net\/wp-content\/uploads\/2023\/02\/Apply-Hero-Image-01.png\" alt=\"A man in a white tshirt with the words Make your mark\" itemprop=\"image\" height=\"538\" width=\"716\" title=\"Apply-Hero-Image-01\" onerror=\"this.style.display='none'\"  \/>\n<h3>\n\t\tAccede a todos los \u00e1mbitos\n\t<\/h3>\n\t<p>Colt dise\u00f1a soluciones que te facilitan el trabajo para que des lo mejor de ti. Colt automatiza y simplifica todo lo que puede. La jerarqu\u00eda aqu\u00ed no es una barrera. Tendr\u00e1s acceso a una gran cantidad de expertos, l\u00edderes y redes de pensadores y ejecutores. Colt quiere que les des un buen uso, que contribuyas a reforzar sus redes mundiales para que podamos trabajar juntos y ser pioneros en nuevas soluciones.<\/p>\n<h3>\n\t\tFlexibilidad y apoyo\n\t<\/h3>\n\t<p>Colt te da el control de tu vida laboral. En primer lugar, Colt es flexible; eso es evidente. Es m\u00e1s, Colt quiere fijar contigo objetivos que importen, objetivos din\u00e1micos que se centren en resultados que nos beneficiar\u00e1n a todos. Colt te ayudar\u00e1 a superarte y te apoyar\u00e1. No solo con el aprendizaje, sino tambi\u00e9n cuando se produzcan cambios vitales.<\/p>\n<h2>\n\t\tPlanificaci\u00f3n para el futuro\n\t<\/h2>\n<h2>\n\t\tQu\u00e9 est\u00e1 haciendo Colt para ayudar a crear un futuro sostenible\n\t<\/h2>\n\t<p>Como parte de su compromiso con un futuro s\u00f3lido y sostenible para el negocio, Colt est\u00e1 suscrita a EcoVadis, un \u00edndice global que compara su rendimiento medioambiental, social y de gobernanza (ESG) con el de m\u00e1s de 75\u00a0000\u00a0organizaciones de todos los sectores. Su clasificaci\u00f3n de la industria m\u00e1s reciente ha colocado a Colt en el percentil 91, con una puntuaci\u00f3n de 63. Esto le ha valido una medalla de plata y un puesto en el 10\u00a0% de las mejores empresas de telecomunicaciones registradas por su rendimiento en materia de ESG.<\/p>\n<p>Colt est\u00e1 trabajando para conseguir el objetivo de cero residuos vertidos. Esto significa que est\u00e1 haciendo un esfuerzo concertado para garantizar que todos los residuos se eviten cuando sea posible, se reutilicen o se reciclen. Se incluyen aqu\u00ed los residuos del equipo de red, equipo de TI, equipo de oficina y de la cadena de suministro.<\/p>\n\t\t\t\t\t\t<h5 tabindex=\"0\">Fomentar la pasi\u00f3n de los empleados por el medioambiente<\/h5>\n\t\t\t<p>Colt se enorgullece de ofrecer a sus empleados oportunidades de ser sostenibles en el trabajo. Su iniciativa \u00abGreen Team\u00bb fue iniciada por un apasionado grupo de empleados en el Reino\u00a0Unido en 2019. En 2021 se implement\u00f3 a nivel mundial, lo que permiti\u00f3 a los empleados de todos los pa\u00edses compartir su pasi\u00f3n por el medioambiente y trabajar juntos para potenciar el compromiso medioambiental a nivel local. La formaci\u00f3n sobre concienciaci\u00f3n medioambiental es obligatoria para los empleados en todo el mundo, lo que garantiza estar unidos en la visi\u00f3n de un Colt m\u00e1s ecol\u00f3gico.<\/p>\n\t\t\t\t\t\t<h5 tabindex=\"0\"> Poner el foco en las personas<\/h5>\n\t\t\t<p>Colt se enorgullece de destacar a los empleados que son pioneros en sostenibilidad. Su serie Recycling Heroes destac\u00f3 a los empleados de todo el mundo que tienen un impacto en sus comunidades locales. Su directora general se enorgullece de haber hecho de la salud de nuestro planeta una de sus creencias fundamentales en el lugar de trabajo, ofreciendo un premio especial de director general a dos campeones de la sostenibilidad. Colt celebr\u00f3 el D\u00eda de la Tierra 2021 con dos seminarios web excepcionales en los que participaron expertos en sostenibilidad a distancia desde Jap\u00f3n y Nueva Zelanda.<\/p>\n\t\t\t\t\t\t<h5 tabindex=\"0\">Ser ecol\u00f3gicos en las oficinas<\/h5>\n\t\t\t<p>Colt se compromete a ser sostenible en sus lugares de trabajo. Ha comenzado a eliminar los pl\u00e1sticos de un solo uso en todas sus oficinas, e incluso ha planificado un nuevo jard\u00edn en la azotea de su oficina de Madrid.<\/p>\n<p>Para cuando los empleados de Colt est\u00e9n de viaje, se est\u00e1 trabajando para cambiar toda la flota por veh\u00edculos el\u00e9ctricos en los pr\u00f3ximos a\u00f1os.<\/p>\n\t\t\t\t\t\t<h5 tabindex=\"0\">Adoptar un enfoque sostenible de las TI<\/h5>\n\t\t\t<p>El programa de sustituci\u00f3n de ordenadores port\u00e1tiles de Colt elimina los activos obsoletos de la empresa, pero se env\u00edan a las escuelas locales para ampliar su vida \u00fatil, lo que tambi\u00e9n influye de forma generalizada en la responsabilidad social corporativa y en la inclusi\u00f3n digital.<\/p>\n<p>Los nuevos dispositivos contienen un 65\u00a0% de material reciclado posconsumo, son m\u00e1s eficientes energ\u00e9ticamente y se entregan en cajas fabricadas con un 75\u00a0% de fibras y bamb\u00fa reciclados; de esta forma, se ampl\u00eda la vida \u00fatil de los materiales clave y se reduce la necesidad de recursos v\u00edrgenes, lo que enlaza con el modelo de econom\u00eda circular.<\/p>\n\n","protected":false},"excerpt":{"rendered":"<p>\u00bfBuscas dejar huella? En Colt, marcar\u00e1s la diferencia. Porque en Colt se empodera a las personas. Colt no te dice qu\u00e9 hacer. En lugar de eso, Colt contrata a personas en las que conf\u00eda, que proceden de todo el globo para crear soluciones inteligentes. Los equipos globales de Colt est\u00e1n repletos de personas con ambici\u00f3n&#8230;<\/p>\n","protected":false},"author":2,"featured_media":0,"parent":0,"menu_order":0,"comment_status":"closed","ping_status":"closed","template":"","meta":{"_acf_changed":false,"footnotes":""},"colt_type":[],"colt_products":[],"class_list":["post-34323","page","type-page","status-publish","hentry"],"acf":[],"yoast_head":"<!-- This site is optimized with the Yoast SEO plugin v26.8 - https:\/\/yoast.com\/product\/yoast-seo-wordpress\/ -->\n<title>Carreras en Colt | Colt Technology Services | ES<\/title>\n<meta name=\"description\" content=\"Carreras en Colt Colt Technology Services\" \/>\n<meta name=\"robots\" content=\"noindex, follow, max-snippet:-1, max-image-preview:large, max-video-preview:-1\" \/>\n<meta property=\"og:locale\" content=\"es_ES\" \/>\n<meta property=\"og:type\" content=\"article\" \/>\n<meta property=\"og:title\" content=\"Carreras en Colt | Colt Technology Services | ES\" \/>\n<meta property=\"og:description\" content=\"Carreras en Colt Colt Technology Services\" \/>\n<meta property=\"og:url\" content=\"https:\/\/legacy.colt.net\/es\/careers\/\" \/>\n<meta property=\"og:site_name\" content=\"Colt Technology Services\" \/>\n<meta property=\"article:publisher\" content=\"https:\/\/www.facebook.com\/ColtTechnologyServices\/\" \/>\n<meta property=\"article:modified_time\" content=\"2023-10-12T10:18:35+00:00\" \/>\n<meta property=\"og:image\" content=\"https:\/\/legacy.colt.net\/wp-content\/uploads\/2021\/01\/Brand-2021-Stock-46.jpg\" \/>\n\t<meta property=\"og:image:width\" content=\"1000\" \/>\n\t<meta property=\"og:image:height\" content=\"667\" \/>\n\t<meta property=\"og:image:type\" content=\"image\/jpeg\" \/>\n<meta name=\"twitter:card\" content=\"summary_large_image\" \/>\n<meta name=\"twitter:site\" content=\"@colt_technology\" \/>\n<meta name=\"twitter:label1\" content=\"Est. reading time\" \/>\n\t<meta name=\"twitter:data1\" content=\"5 minutes\" \/>\n<script type=\"application\/ld+json\" class=\"yoast-schema-graph\">{\"@context\":\"https:\/\/schema.org\",\"@graph\":[{\"@type\":\"WebPage\",\"@id\":\"https:\/\/legacy.colt.net\/es\/careers\/\",\"url\":\"https:\/\/legacy.colt.net\/es\/careers\/\",\"name\":\"Carreras en Colt | Colt Technology Services | ES\",\"isPartOf\":{\"@id\":\"https:\/\/legacy.colt.net\/#website\"},\"primaryImageOfPage\":{\"@id\":\"https:\/\/legacy.colt.net\/es\/careers\/#primaryimage\"},\"image\":{\"@id\":\"https:\/\/legacy.colt.net\/es\/careers\/#primaryimage\"},\"thumbnailUrl\":\"https:\/\/legacy.colt.net\/wp-content\/uploads\/2023\/02\/MYM-04-transparent-background.png\",\"datePublished\":\"2017-03-13T16:45:02+00:00\",\"dateModified\":\"2023-10-12T10:18:35+00:00\",\"description\":\"Carreras en Colt Colt Technology Services\",\"breadcrumb\":{\"@id\":\"https:\/\/legacy.colt.net\/es\/careers\/#breadcrumb\"},\"inLanguage\":\"es-ES\",\"potentialAction\":[{\"@type\":\"ReadAction\",\"target\":[\"https:\/\/legacy.colt.net\/es\/careers\/\"]}]},{\"@type\":\"ImageObject\",\"inLanguage\":\"es-ES\",\"@id\":\"https:\/\/legacy.colt.net\/es\/careers\/#primaryimage\",\"url\":\"https:\/\/legacy.colt.net\/wp-content\/uploads\/2023\/02\/MYM-04-transparent-background.png\",\"contentUrl\":\"https:\/\/legacy.colt.net\/wp-content\/uploads\/2023\/02\/MYM-04-transparent-background.png\"},{\"@type\":\"BreadcrumbList\",\"@id\":\"https:\/\/legacy.colt.net\/es\/careers\/#breadcrumb\",\"itemListElement\":[{\"@type\":\"ListItem\",\"position\":1,\"name\":\"Home\",\"item\":\"https:\/\/legacy.colt.net\/es\/\"},{\"@type\":\"ListItem\",\"position\":2,\"name\":\"Carreras en Colt\"}]},{\"@type\":\"WebSite\",\"@id\":\"https:\/\/legacy.colt.net\/#website\",\"url\":\"https:\/\/legacy.colt.net\/\",\"name\":\"Colt\u30c6\u30af\u30ce\u30ed\u30b8\u30fc\u30b5\u30fc\u30d3\u30b9\u682a\u5f0f\u4f1a\u793e\",\"description\":\"Managed Network &amp; Voice Services Provider\",\"publisher\":{\"@id\":\"https:\/\/legacy.colt.net\/#organization\"},\"potentialAction\":[{\"@type\":\"SearchAction\",\"target\":{\"@type\":\"EntryPoint\",\"urlTemplate\":\"https:\/\/legacy.colt.net\/?s={search_term_string}\"},\"query-input\":{\"@type\":\"PropertyValueSpecification\",\"valueRequired\":true,\"valueName\":\"search_term_string\"}}],\"inLanguage\":\"es-ES\"},{\"@type\":\"Organization\",\"@id\":\"https:\/\/legacy.colt.net\/#organization\",\"name\":\"Colt Technology Services\",\"url\":\"https:\/\/legacy.colt.net\/\",\"logo\":{\"@type\":\"ImageObject\",\"inLanguage\":\"es-ES\",\"@id\":\"https:\/\/legacy.colt.net\/#\/schema\/logo\/image\/\",\"url\":\"https:\/\/legacy.colt.net\/wp-content\/uploads\/2019\/02\/Colt-Logo.png\",\"contentUrl\":\"https:\/\/legacy.colt.net\/wp-content\/uploads\/2019\/02\/Colt-Logo.png\",\"width\":195,\"height\":77,\"caption\":\"Colt Technology Services\"},\"image\":{\"@id\":\"https:\/\/legacy.colt.net\/#\/schema\/logo\/image\/\"},\"sameAs\":[\"https:\/\/www.facebook.com\/ColtTechnologyServices\/\",\"https:\/\/x.com\/colt_technology\",\"https:\/\/www.instagram.com\/colttechnologyservices\/\",\"https:\/\/www.linkedin.com\/company\/colt-technology-services\",\"https:\/\/www.youtube.com\/user\/ColtTechnology\"]}]}<\/script>\n<!-- \/ Yoast SEO plugin. -->","yoast_head_json":{"title":"Carreras en Colt | Colt Technology Services | ES","description":"Carreras en Colt Colt Technology Services","robots":{"index":"noindex","follow":"follow","max-snippet":"max-snippet:-1","max-image-preview":"max-image-preview:large","max-video-preview":"max-video-preview:-1"},"og_locale":"es_ES","og_type":"article","og_title":"Carreras en Colt | Colt Technology Services | ES","og_description":"Carreras en Colt Colt Technology Services","og_url":"https:\/\/legacy.colt.net\/es\/careers\/","og_site_name":"Colt Technology Services","article_publisher":"https:\/\/www.facebook.com\/ColtTechnologyServices\/","article_modified_time":"2023-10-12T10:18:35+00:00","og_image":[{"width":1000,"height":667,"url":"https:\/\/legacy.colt.net\/wp-content\/uploads\/2021\/01\/Brand-2021-Stock-46.jpg","type":"image\/jpeg"}],"twitter_card":"summary_large_image","twitter_site":"@colt_technology","twitter_misc":{"Est. reading time":"5 minutes"},"schema":{"@context":"https:\/\/schema.org","@graph":[{"@type":"WebPage","@id":"https:\/\/legacy.colt.net\/es\/careers\/","url":"https:\/\/legacy.colt.net\/es\/careers\/","name":"Carreras en Colt | Colt Technology Services | ES","isPartOf":{"@id":"https:\/\/legacy.colt.net\/#website"},"primaryImageOfPage":{"@id":"https:\/\/legacy.colt.net\/es\/careers\/#primaryimage"},"image":{"@id":"https:\/\/legacy.colt.net\/es\/careers\/#primaryimage"},"thumbnailUrl":"https:\/\/legacy.colt.net\/wp-content\/uploads\/2023\/02\/MYM-04-transparent-background.png","datePublished":"2017-03-13T16:45:02+00:00","dateModified":"2023-10-12T10:18:35+00:00","description":"Carreras en Colt Colt Technology Services","breadcrumb":{"@id":"https:\/\/legacy.colt.net\/es\/careers\/#breadcrumb"},"inLanguage":"es-ES","potentialAction":[{"@type":"ReadAction","target":["https:\/\/legacy.colt.net\/es\/careers\/"]}]},{"@type":"ImageObject","inLanguage":"es-ES","@id":"https:\/\/legacy.colt.net\/es\/careers\/#primaryimage","url":"https:\/\/legacy.colt.net\/wp-content\/uploads\/2023\/02\/MYM-04-transparent-background.png","contentUrl":"https:\/\/legacy.colt.net\/wp-content\/uploads\/2023\/02\/MYM-04-transparent-background.png"},{"@type":"BreadcrumbList","@id":"https:\/\/legacy.colt.net\/es\/careers\/#breadcrumb","itemListElement":[{"@type":"ListItem","position":1,"name":"Home","item":"https:\/\/legacy.colt.net\/es\/"},{"@type":"ListItem","position":2,"name":"Carreras en Colt"}]},{"@type":"WebSite","@id":"https:\/\/legacy.colt.net\/#website","url":"https:\/\/legacy.colt.net\/","name":"Colt\u30c6\u30af\u30ce\u30ed\u30b8\u30fc\u30b5\u30fc\u30d3\u30b9\u682a\u5f0f\u4f1a\u793e","description":"Managed Network &amp; Voice Services Provider","publisher":{"@id":"https:\/\/legacy.colt.net\/#organization"},"potentialAction":[{"@type":"SearchAction","target":{"@type":"EntryPoint","urlTemplate":"https:\/\/legacy.colt.net\/?s={search_term_string}"},"query-input":{"@type":"PropertyValueSpecification","valueRequired":true,"valueName":"search_term_string"}}],"inLanguage":"es-ES"},{"@type":"Organization","@id":"https:\/\/legacy.colt.net\/#organization","name":"Colt Technology Services","url":"https:\/\/legacy.colt.net\/","logo":{"@type":"ImageObject","inLanguage":"es-ES","@id":"https:\/\/legacy.colt.net\/#\/schema\/logo\/image\/","url":"https:\/\/legacy.colt.net\/wp-content\/uploads\/2019\/02\/Colt-Logo.png","contentUrl":"https:\/\/legacy.colt.net\/wp-content\/uploads\/2019\/02\/Colt-Logo.png","width":195,"height":77,"caption":"Colt Technology Services"},"image":{"@id":"https:\/\/legacy.colt.net\/#\/schema\/logo\/image\/"},"sameAs":["https:\/\/www.facebook.com\/ColtTechnologyServices\/","https:\/\/x.com\/colt_technology","https:\/\/www.instagram.com\/colttechnologyservices\/","https:\/\/www.linkedin.com\/company\/colt-technology-services","https:\/\/www.youtube.com\/user\/ColtTechnology"]}]}},"_links":{"self":[{"href":"https:\/\/legacy.colt.net\/es\/wp-json\/wp\/v2\/pages\/34323","targetHints":{"allow":["GET"]}}],"collection":[{"href":"https:\/\/legacy.colt.net\/es\/wp-json\/wp\/v2\/pages"}],"about":[{"href":"https:\/\/legacy.colt.net\/es\/wp-json\/wp\/v2\/types\/page"}],"author":[{"embeddable":true,"href":"https:\/\/legacy.colt.net\/es\/wp-json\/wp\/v2\/users\/2"}],"replies":[{"embeddable":true,"href":"https:\/\/legacy.colt.net\/es\/wp-json\/wp\/v2\/comments?post=34323"}],"version-history":[{"count":0,"href":"https:\/\/legacy.colt.net\/es\/wp-json\/wp\/v2\/pages\/34323\/revisions"}],"wp:attachment":[{"href":"https:\/\/legacy.colt.net\/es\/wp-json\/wp\/v2\/media?parent=34323"}],"wp:term":[{"taxonomy":"colt_type","embeddable":true,"href":"https:\/\/legacy.colt.net\/es\/wp-json\/wp\/v2\/colt_type?post=34323"},{"taxonomy":"colt_products","embeddable":true,"href":"https:\/\/legacy.colt.net\/es\/wp-json\/wp\/v2\/colt_products?post=34323"}],"curies":[{"name":"wp","href":"https:\/\/api.w.org\/{rel}","templated":true}]}}