{"id":34235,"date":"2015-02-02T14:52:17","date_gmt":"2015-02-02T14:52:17","guid":{"rendered":"https:\/\/www.colt.net\/corporate-social-responsibility\/"},"modified":"2022-06-17T13:00:35","modified_gmt":"2022-06-17T12:00:35","slug":"community","status":"publish","type":"page","link":"https:\/\/legacy.colt.net\/es\/about\/community\/","title":{"rendered":"Our community"},"content":{"rendered":"\r\n<h1>Colt&#8217;s Corporate Social Responsibility (CSR)<\/h1>\r\n<p><strong>CSR Navigation:<\/strong><\/p>\r\n<p><a href=\"#colleagues\"><strong>Empleados<\/strong><\/a><\/p>\r\n<p><a href=\"#customers\"><strong>Clientes y proveedores<\/strong><\/a><\/p>\r\n<p><a href=\"#community\"><strong>Medio ambiente<\/strong><\/a><\/p>\r\n<p><a href=\"#charity\"><strong>Comunidad<\/strong><\/a><\/p>\r\n<p>Creemos en la provisi\u00f3n de resultados empresariales de manera responsable. Creemos adem\u00e1s en la aplicaci\u00f3n de nuestra tecnolog\u00eda y conocimientos de un modo beneficioso tanto a nivel social como medioambiental. Mejorar continuamente la eficiencia energ\u00e9tica de nuestros data centres es una forma de cumplir nuestro compromiso de ser una compa\u00f1\u00eda responsable y sostenible. Fomentar el voluntariado y ayuda de nuestro equipo en las comunidades locales demuestra nuestra responsabilidad respecto del impacto de nuestra empresa en la comunidad general.<\/p>\r\n<p>Nuestro acercamiento a la Responsabilidad social corporativa (CSR) implica compartir ideas que resulten en actividades con impacto positivo en nuestras tareas empresariales cotidianas con compa\u00f1eros y clientes.<\/p>\r\n<p>Nuestra actividad de CSR se centra en 4 campos principales: Empleados, clientes y proveedores, medio ambiente y comunidad.<\/p>\r\n<p><img loading=\"lazy\" decoding=\"async\" title=\"Header-3\" src=\"https:\/\/legacy.colt.net\/wp-content\/uploads\/2019\/06\/Header-3.jpg\" alt=\"Header-3\" width=\"1200\" height=\"200\" \/><\/p>\r\n<h3><strong>Empleados<\/strong><\/h3>\r\n<p>Nuestro objetivo es crear un excelente ambiente de trabajo para nuestros empleados. Estamos seguros de que una fuerza de trabajo diversa, motivada y regida por valores alcanza mayores logros, no s\u00f3lo internos sino tambi\u00e9n externos.<\/p>\r\n<p>Nuestro C\u00f3digo de conducta garantiza la adaptaci\u00f3n de nuestros comportamientos y responsabilidades a todos los principios fundamentales de la Organizaci\u00f3n Internacional del Trabajo. Su cumplimiento es obligatorio por parte de todos los empleados. Adem\u00e1s apoyamos la diversidad, y nuestra pol\u00edtica de igualdad de oportunidades, aplicable en todas nuestras regiones, evita la discriminaci\u00f3n en todos los aspectos de las relaciones laborales.<\/p>\r\n<p>Como parte de la presencia de Colt a nivel mundial, disfrutamos de una fuerza de trabajo diversa formada por personas de 70 nacionalidades diferentes. El entorno multicultural de Colt nos permite trabajar de manera eficaz dentro de las numerosas comunidades en las que estamos presentes.<\/p>\r\n<p><img loading=\"lazy\" decoding=\"async\" title=\"Header-2\" src=\"https:\/\/legacy.colt.net\/wp-content\/uploads\/2019\/06\/Header-2.jpg\" alt=\"Header-2\" width=\"1200\" height=\"200\" \/><\/p>\r\n<h3><strong>Clientes y proveedores<\/strong><\/h3>\r\n<p>Ayudamos a nuestros clientes y proveedores a reducir su impacto en el medio ambiente mediante la creaci\u00f3n de alternativas de servicios de data centre\u00a0con eficiencia energ\u00e9tica y m\u00e1s respetuosos con el medio ambiente.<\/p>\r\n<p>Los servicios de red, voz y data centre de Colt permiten a los clientes disfrutar de servicios de baja emisi\u00f3n.<\/p>\r\n<p>Contamos con una posici\u00f3n adecuada para apoyar la agenda de sostenibilidad propia de nuestros clientes, ofreci\u00e9ndoles servicios basados en nuestras infraestructuras con eficiencia energ\u00e9tica que puedan ayudarles a reducir sus emisiones generales.<\/p>\r\n<p>Nuestro Departamento de Adquisici\u00f3n y Suministro supervisa la actividad de CSR de nuestros principales proveedores estrat\u00e9gicos. Nuestra evaluaci\u00f3n incluye numerosas medidas de control \u00e9tico y medioambiental, mediante las cuales conocemos mejor los programas de CSR de nuestros proveedores estrat\u00e9gicos y aumentamos nuestra capacidad para evitar riesgos relacionados con la CSR en nuestra cadena de suministro.<\/p>\r\n<p><img loading=\"lazy\" decoding=\"async\" title=\"Header-5\" src=\"https:\/\/legacy.colt.net\/wp-content\/uploads\/2019\/06\/Header-5.jpg\" alt=\"Header-5\" width=\"1200\" height=\"200\" \/><\/p>\r\n<h3><strong>Medio ambiente<\/strong><\/h3>\r\n<p>Trabajamos duro para garantizar que nuestras actividades son sostenibles y para contribuir en que Colt sea una empresa con eficiencia energ\u00e9tica con beneficios tanto a nivel de costes como medioambientales. Nuestro sistema de gesti\u00f3n medioambiental se integra en la actualidad con nuestro sistema de gesti\u00f3n de seguridad con el fin de ofrecer mejoras en cuanto a eficiencia.<\/p>\r\n<h4>Nuestra Sociedad y el Medio Ambiente<\/h4>\r\n<p>Entendemos el papel que desempe\u00f1amos no s\u00f3lo en nuestra sociedad a nivel local, sino tambi\u00e9n en la industria global de la tecnolog\u00eda. \u00a0 Colt, al brindar sus soluciones tecnol\u00f3gicas innovadoras, reconoce su capacidad para gestionar, no solo su propia huella energ\u00e9tica, sino tambi\u00e9n la de sus clientes, especialmente aquellos que alquilan un espacio en nuestros centros de datos. Nuestras estrategias de gesti\u00f3n de energ\u00eda giran en torno a la medici\u00f3n y monitorizaci\u00f3n de nuestro consumo y que se relaciona a su vez con nuestra gesti\u00f3n del agua, residuos y nuestras emisiones de tipo 1 y tipo 2.<\/p>\r\n<h4>Sistema de Gesti\u00f3n Ambiental<\/h4>\r\n<p>Nuestro sistema de gesti\u00f3n ambiental se ha mejorado y actualizado en 2018 y hemos migrado con \u00e9xito a la norma ISO 14001: 2015 m\u00e1s actual. Al controlar el impacto de nuestras actividades y el efecto que esto puede tener en la prestaci\u00f3n y continuidad del servicio, as\u00ed como la influencia que tiene en la sociedad local, hay varias \u00e1reas clave en las que Colt se centra: \u00a0 \u00a7 El cambio clim\u00e1tico es un problema real para el sector de la tecnolog\u00eda y Colt lo aborda a trav\u00e9s de su estrategia de continuidad de negocio y capacidad de resiliencia empresarial, as\u00ed como sus actividades de preparaci\u00f3n y respuesta ante emergencias. Gestionamos y monitorizamos activamente el riesgo de desastres naturales, como inundaciones y terremotos, junto con la gesti\u00f3n de la temperatura ambiente. Mitigamos estos problemas mediante una cuidadosa ubicaci\u00f3n y planificaci\u00f3n de nuestras instalaciones y adoptando las mejores tecnolog\u00edas disponibles en soluciones de refrigeraci\u00f3n. \u00a7 La log\u00edstica es reconocida como un \u00e1rea cr\u00edtica de nuestro negocio y hemos introducido centros de almacenamiento y entrega m\u00e1s inteligentes con el fin de reducir las distancias de transporte y mejorar las emisiones de los veh\u00edculos a trav\u00e9s de la negociaci\u00f3n de mejores horarios de entrega. \u00a0 \u00a7 Los residuos siguen siendo un desaf\u00edo para cualquier organizaci\u00f3n y para Colt esto no es diferente. A trav\u00e9s de una combinaci\u00f3n de iniciativas corporativas y locales, la tecnolog\u00eda que es reutilizable se pone a disposici\u00f3n de aquellos grupos sociales con menos capacidad de acceso a ella (seguimos los protocolos de seguridad apropiados y verificados al desechar equipos sensibles). Hemos refinado nuestros flujos de residuos para minimizar el uso de vertederos y maximizar la conversi\u00f3n de residuos en energ\u00eda, seg\u00fan corresponda. Se acuerda, por medio de proyectos espec\u00edficos, la reducci\u00f3n de embalajes con los fabricantes y proveedores \/ distribuidores. \u00a7 Nuestra huella de carbono est\u00e1 mejorando a trav\u00e9s de una mejor recopilaci\u00f3n y an\u00e1lisis de datos con detalles de emisiones que ahora se unen con informaci\u00f3n de vuelos \/ viajes. Continuamos supervisando el uso interno de papel a nivel mundial, as\u00ed como aumentando el uso de la facturaci\u00f3n electr\u00f3nica. \u00a0 Colt sabe que hay mucho m\u00e1s que hacer y sobre la base de 2018, 2019 y m\u00e1s all\u00e1, las actividades se centran en mejorar los datos, estableciendo su consistencia y en la reducci\u00f3n de costes<\/p>\r\n<h4>Clasificaci\u00f3n Gold de EcoVadis<\/h4>\r\n<p>Gracias a nuestras prioridades medioambientales y de sostenibilidad, estamos haciendo excelentes progresos. Expertos en CSR de EcoVadis nos concedieron la clasificaci\u00f3n Gold tras evaluar nuestro programa de CSR general.<\/p>\r\n<p>A EcoVadis le gust\u00f3 concretamente el exitoso programa de eficiencia energ\u00e9tica de Colt, que ha permitido reducir las emisiones de CO2 en 17.000 toneladas durante los cuatro \u00faltimos a\u00f1os, respaldando nuestro compromiso de mitigaci\u00f3n continuada de nuestro impacto ambiental.<\/p>\r\n<p><img loading=\"lazy\" decoding=\"async\" title=\"Header-1\" src=\"https:\/\/legacy.colt.net\/wp-content\/uploads\/2019\/06\/Header-1.jpg\" alt=\"Header-1\" width=\"1200\" height=\"200\" \/><\/p>\r\n<h3>Comunidad<\/h3>\r\n<p>Animamos a todos nuestros empleados a involucrarse con las organizaciones ben\u00e9ficas locales para apoyar nuestra causa com\u00fan de mejorar la vida de los ni\u00f1os y j\u00f3venes desfavorecidos de las ciudades en las que operamos. Todos los empleados de Colt disponen de dos d\u00edas libres al a\u00f1o para realizar voluntariado, en las organizaciones colaboradoras locales o en la organizaci\u00f3n que ellos deseen.<\/p>\r\n<p>Seguimos comprometidos con la solidaridad y el voluntariado. Nuestro objetivo es influir de manera positiva y cuantificable en la vida de los ni\u00f1os desfavorecidos de las ciudades en las que operamos.<\/p>\r\n<p><img loading=\"lazy\" decoding=\"async\" title=\"Logo 1\" src=\"https:\/\/legacy.colt.net\/wp-content\/uploads\/2019\/06\/Logo-1.jpg\" alt=\"Logo 1\" width=\"1280\" height=\"800\" \/> <img loading=\"lazy\" decoding=\"async\" title=\"Logo 2\" src=\"https:\/\/legacy.colt.net\/wp-content\/uploads\/2019\/06\/Logo-2.jpg\" alt=\"Logo 2\" width=\"1280\" height=\"800\" \/> <img loading=\"lazy\" decoding=\"async\" title=\"Logo 3\" src=\"https:\/\/legacy.colt.net\/wp-content\/uploads\/2019\/06\/Logo-3.jpg\" alt=\"Logo 3\" width=\"1280\" height=\"800\" \/> <img loading=\"lazy\" decoding=\"async\" title=\"Logo 4\" src=\"https:\/\/legacy.colt.net\/wp-content\/uploads\/2019\/06\/Logo-4.jpg\" alt=\"Logo 4\" width=\"1280\" height=\"800\" \/> <img loading=\"lazy\" decoding=\"async\" title=\"Logo 5\" src=\"https:\/\/legacy.colt.net\/wp-content\/uploads\/2019\/06\/Logo-5-1.jpg\" alt=\"Logo 5\" width=\"1280\" height=\"800\" \/> <img loading=\"lazy\" decoding=\"async\" title=\"Logo 6\" src=\"https:\/\/legacy.colt.net\/wp-content\/uploads\/2019\/06\/Logo-6.jpg\" alt=\"Logo 6\" width=\"1280\" height=\"800\" \/> <img loading=\"lazy\" decoding=\"async\" title=\"Logo 7\" src=\"https:\/\/legacy.colt.net\/wp-content\/uploads\/2019\/06\/Logo-7.jpg\" alt=\"Logo 7\" width=\"1280\" height=\"800\" \/> <img loading=\"lazy\" decoding=\"async\" title=\"Logo 8\" src=\"https:\/\/legacy.colt.net\/wp-content\/uploads\/2019\/06\/Logo-8.jpg\" alt=\"Logo 8\" width=\"1280\" height=\"800\" \/> <img loading=\"lazy\" decoding=\"async\" title=\"Logo 9\" src=\"https:\/\/legacy.colt.net\/wp-content\/uploads\/2019\/06\/Logo-9.jpg\" alt=\"Logo 9\" width=\"1280\" height=\"800\" \/> <img loading=\"lazy\" decoding=\"async\" title=\"Logo 10\" src=\"https:\/\/legacy.colt.net\/wp-content\/uploads\/2019\/06\/Logo-10.jpg\" alt=\"Logo 10\" width=\"1280\" height=\"800\" \/> <img loading=\"lazy\" decoding=\"async\" title=\"Logo 11\" src=\"https:\/\/legacy.colt.net\/wp-content\/uploads\/2019\/06\/Logo-11.jpg\" alt=\"Logo 11\" width=\"1280\" height=\"800\" \/> <img loading=\"lazy\" decoding=\"async\" title=\"Logo 12\" src=\"https:\/\/legacy.colt.net\/wp-content\/uploads\/2019\/06\/Logo-12-1.jpg\" alt=\"Logo 12\" width=\"1280\" height=\"800\" \/> <img loading=\"lazy\" decoding=\"async\" title=\"Logo 13\" src=\"https:\/\/legacy.colt.net\/wp-content\/uploads\/2019\/06\/Logo-13.jpg\" alt=\"Logo 13\" width=\"1280\" height=\"800\" \/> <img loading=\"lazy\" decoding=\"async\" title=\"Logo 14\" src=\"https:\/\/legacy.colt.net\/wp-content\/uploads\/2019\/06\/Logo-14.jpg\" alt=\"Logo 14\" width=\"1280\" height=\"800\" \/> <img loading=\"lazy\" decoding=\"async\" title=\"Logo 16\" src=\"https:\/\/legacy.colt.net\/wp-content\/uploads\/2019\/06\/Logo-16.jpg\" alt=\"Logo 16\" width=\"1280\" height=\"800\" \/> <img loading=\"lazy\" decoding=\"async\" title=\"Logo 17\" src=\"https:\/\/legacy.colt.net\/wp-content\/uploads\/2019\/06\/Logo-17-1.jpg\" alt=\"Logo 17\" width=\"1280\" height=\"800\" \/> <img loading=\"lazy\" decoding=\"async\" title=\"Logo 18\" src=\"https:\/\/legacy.colt.net\/wp-content\/uploads\/2019\/06\/Logo-18.jpg\" alt=\"Logo 18\" width=\"1280\" height=\"800\" \/> <img loading=\"lazy\" decoding=\"async\" title=\"Logo 15\" src=\"https:\/\/legacy.colt.net\/wp-content\/uploads\/2019\/06\/Logo-15.jpg\" alt=\"Logo 15\" width=\"1280\" height=\"800\" \/> <img loading=\"lazy\" decoding=\"async\" title=\"Logo-21\" src=\"https:\/\/legacy.colt.net\/wp-content\/uploads\/2019\/06\/Logo-21.jpg\" alt=\"Logo-21\" width=\"800\" height=\"500\" \/> <img loading=\"lazy\" decoding=\"async\" title=\"Logo-22\" src=\"https:\/\/legacy.colt.net\/wp-content\/uploads\/2019\/06\/Logo-22.jpg\" alt=\"Logo-22\" width=\"800\" height=\"500\" \/><\/p>\r\n","protected":false},"excerpt":{"rendered":"<p>Colt&#8217;s Corporate Social Responsibility (CSR) CSR Navigation: Empleados Clientes y proveedores Medio ambiente Comunidad Creemos en la provisi\u00f3n de resultados empresariales de manera responsable. Creemos adem\u00e1s en la aplicaci\u00f3n de nuestra tecnolog\u00eda y conocimientos de un modo beneficioso tanto a nivel social como medioambiental. Mejorar continuamente la eficiencia energ\u00e9tica de nuestros data centres es una&#8230;<\/p>\n","protected":false},"author":2,"featured_media":0,"parent":34772,"menu_order":0,"comment_status":"closed","ping_status":"closed","template":"","meta":{"_acf_changed":false,"footnotes":""},"colt_type":[],"colt_products":[],"class_list":["post-34235","page","type-page","status-publish","hentry"],"acf":[],"yoast_head":"<!-- This site is optimized with the Yoast SEO plugin v26.8 - https:\/\/yoast.com\/product\/yoast-seo-wordpress\/ -->\n<title>CSR | Colt Technology Services | ES<\/title>\n<meta name=\"description\" content=\"Our community Colt Technology Services\" \/>\n<meta name=\"robots\" content=\"noindex, follow, max-snippet:-1, max-image-preview:large, max-video-preview:-1\" \/>\n<meta property=\"og:locale\" content=\"es_ES\" \/>\n<meta property=\"og:type\" content=\"article\" \/>\n<meta property=\"og:title\" content=\"CSR | Colt Technology Services | ES\" \/>\n<meta property=\"og:description\" content=\"Our community Colt Technology Services\" \/>\n<meta property=\"og:url\" content=\"https:\/\/legacy.colt.net\/es\/about\/community\/\" \/>\n<meta property=\"og:site_name\" content=\"Colt Technology Services\" \/>\n<meta property=\"article:publisher\" content=\"https:\/\/www.facebook.com\/ColtTechnologyServices\/\" \/>\n<meta property=\"article:modified_time\" content=\"2022-06-17T12:00:35+00:00\" \/>\n<meta property=\"og:image\" content=\"https:\/\/legacy.colt.net\/wp-content\/uploads\/2019\/06\/Header-3.jpg\" \/>\n<meta name=\"twitter:card\" content=\"summary_large_image\" \/>\n<meta name=\"twitter:site\" content=\"@colt_technology\" \/>\n<meta name=\"twitter:label1\" content=\"Est. reading time\" \/>\n\t<meta name=\"twitter:data1\" content=\"6 minutes\" \/>\n<script type=\"application\/ld+json\" class=\"yoast-schema-graph\">{\"@context\":\"https:\/\/schema.org\",\"@graph\":[{\"@type\":\"WebPage\",\"@id\":\"https:\/\/legacy.colt.net\/es\/about\/community\/\",\"url\":\"https:\/\/legacy.colt.net\/es\/about\/community\/\",\"name\":\"CSR | Colt Technology Services | ES\",\"isPartOf\":{\"@id\":\"https:\/\/legacy.colt.net\/#website\"},\"primaryImageOfPage\":{\"@id\":\"https:\/\/legacy.colt.net\/es\/about\/community\/#primaryimage\"},\"image\":{\"@id\":\"https:\/\/legacy.colt.net\/es\/about\/community\/#primaryimage\"},\"thumbnailUrl\":\"https:\/\/legacy.colt.net\/wp-content\/uploads\/2019\/06\/Header-3.jpg\",\"datePublished\":\"2015-02-02T14:52:17+00:00\",\"dateModified\":\"2022-06-17T12:00:35+00:00\",\"description\":\"Our community Colt Technology Services\",\"breadcrumb\":{\"@id\":\"https:\/\/legacy.colt.net\/es\/about\/community\/#breadcrumb\"},\"inLanguage\":\"es-ES\",\"potentialAction\":[{\"@type\":\"ReadAction\",\"target\":[\"https:\/\/legacy.colt.net\/es\/about\/community\/\"]}]},{\"@type\":\"ImageObject\",\"inLanguage\":\"es-ES\",\"@id\":\"https:\/\/legacy.colt.net\/es\/about\/community\/#primaryimage\",\"url\":\"https:\/\/legacy.colt.net\/wp-content\/uploads\/2019\/06\/Header-3.jpg\",\"contentUrl\":\"https:\/\/legacy.colt.net\/wp-content\/uploads\/2019\/06\/Header-3.jpg\"},{\"@type\":\"BreadcrumbList\",\"@id\":\"https:\/\/legacy.colt.net\/es\/about\/community\/#breadcrumb\",\"itemListElement\":[{\"@type\":\"ListItem\",\"position\":1,\"name\":\"Home\",\"item\":\"https:\/\/legacy.colt.net\/es\/\"},{\"@type\":\"ListItem\",\"position\":2,\"name\":\"Acerca de Colt\",\"item\":\"https:\/\/legacy.colt.net\/es\/about\/\"},{\"@type\":\"ListItem\",\"position\":3,\"name\":\"Our community\"}]},{\"@type\":\"WebSite\",\"@id\":\"https:\/\/legacy.colt.net\/#website\",\"url\":\"https:\/\/legacy.colt.net\/\",\"name\":\"Colt\u30c6\u30af\u30ce\u30ed\u30b8\u30fc\u30b5\u30fc\u30d3\u30b9\u682a\u5f0f\u4f1a\u793e\",\"description\":\"Managed Network &amp; Voice Services Provider\",\"publisher\":{\"@id\":\"https:\/\/legacy.colt.net\/#organization\"},\"potentialAction\":[{\"@type\":\"SearchAction\",\"target\":{\"@type\":\"EntryPoint\",\"urlTemplate\":\"https:\/\/legacy.colt.net\/?s={search_term_string}\"},\"query-input\":{\"@type\":\"PropertyValueSpecification\",\"valueRequired\":true,\"valueName\":\"search_term_string\"}}],\"inLanguage\":\"es-ES\"},{\"@type\":\"Organization\",\"@id\":\"https:\/\/legacy.colt.net\/#organization\",\"name\":\"Colt Technology Services\",\"url\":\"https:\/\/legacy.colt.net\/\",\"logo\":{\"@type\":\"ImageObject\",\"inLanguage\":\"es-ES\",\"@id\":\"https:\/\/legacy.colt.net\/#\/schema\/logo\/image\/\",\"url\":\"https:\/\/legacy.colt.net\/wp-content\/uploads\/2019\/02\/Colt-Logo.png\",\"contentUrl\":\"https:\/\/legacy.colt.net\/wp-content\/uploads\/2019\/02\/Colt-Logo.png\",\"width\":195,\"height\":77,\"caption\":\"Colt Technology Services\"},\"image\":{\"@id\":\"https:\/\/legacy.colt.net\/#\/schema\/logo\/image\/\"},\"sameAs\":[\"https:\/\/www.facebook.com\/ColtTechnologyServices\/\",\"https:\/\/x.com\/colt_technology\",\"https:\/\/www.instagram.com\/colttechnologyservices\/\",\"https:\/\/www.linkedin.com\/company\/colt-technology-services\",\"https:\/\/www.youtube.com\/user\/ColtTechnology\"]}]}<\/script>\n<!-- \/ Yoast SEO plugin. -->","yoast_head_json":{"title":"CSR | Colt Technology Services | ES","description":"Our community Colt Technology Services","robots":{"index":"noindex","follow":"follow","max-snippet":"max-snippet:-1","max-image-preview":"max-image-preview:large","max-video-preview":"max-video-preview:-1"},"og_locale":"es_ES","og_type":"article","og_title":"CSR | Colt Technology Services | ES","og_description":"Our community Colt Technology Services","og_url":"https:\/\/legacy.colt.net\/es\/about\/community\/","og_site_name":"Colt Technology Services","article_publisher":"https:\/\/www.facebook.com\/ColtTechnologyServices\/","article_modified_time":"2022-06-17T12:00:35+00:00","og_image":[{"url":"https:\/\/legacy.colt.net\/wp-content\/uploads\/2019\/06\/Header-3.jpg","type":"","width":"","height":""}],"twitter_card":"summary_large_image","twitter_site":"@colt_technology","twitter_misc":{"Est. reading time":"6 minutes"},"schema":{"@context":"https:\/\/schema.org","@graph":[{"@type":"WebPage","@id":"https:\/\/legacy.colt.net\/es\/about\/community\/","url":"https:\/\/legacy.colt.net\/es\/about\/community\/","name":"CSR | Colt Technology Services | ES","isPartOf":{"@id":"https:\/\/legacy.colt.net\/#website"},"primaryImageOfPage":{"@id":"https:\/\/legacy.colt.net\/es\/about\/community\/#primaryimage"},"image":{"@id":"https:\/\/legacy.colt.net\/es\/about\/community\/#primaryimage"},"thumbnailUrl":"https:\/\/legacy.colt.net\/wp-content\/uploads\/2019\/06\/Header-3.jpg","datePublished":"2015-02-02T14:52:17+00:00","dateModified":"2022-06-17T12:00:35+00:00","description":"Our community Colt Technology Services","breadcrumb":{"@id":"https:\/\/legacy.colt.net\/es\/about\/community\/#breadcrumb"},"inLanguage":"es-ES","potentialAction":[{"@type":"ReadAction","target":["https:\/\/legacy.colt.net\/es\/about\/community\/"]}]},{"@type":"ImageObject","inLanguage":"es-ES","@id":"https:\/\/legacy.colt.net\/es\/about\/community\/#primaryimage","url":"https:\/\/legacy.colt.net\/wp-content\/uploads\/2019\/06\/Header-3.jpg","contentUrl":"https:\/\/legacy.colt.net\/wp-content\/uploads\/2019\/06\/Header-3.jpg"},{"@type":"BreadcrumbList","@id":"https:\/\/legacy.colt.net\/es\/about\/community\/#breadcrumb","itemListElement":[{"@type":"ListItem","position":1,"name":"Home","item":"https:\/\/legacy.colt.net\/es\/"},{"@type":"ListItem","position":2,"name":"Acerca de Colt","item":"https:\/\/legacy.colt.net\/es\/about\/"},{"@type":"ListItem","position":3,"name":"Our community"}]},{"@type":"WebSite","@id":"https:\/\/legacy.colt.net\/#website","url":"https:\/\/legacy.colt.net\/","name":"Colt\u30c6\u30af\u30ce\u30ed\u30b8\u30fc\u30b5\u30fc\u30d3\u30b9\u682a\u5f0f\u4f1a\u793e","description":"Managed Network &amp; Voice Services Provider","publisher":{"@id":"https:\/\/legacy.colt.net\/#organization"},"potentialAction":[{"@type":"SearchAction","target":{"@type":"EntryPoint","urlTemplate":"https:\/\/legacy.colt.net\/?s={search_term_string}"},"query-input":{"@type":"PropertyValueSpecification","valueRequired":true,"valueName":"search_term_string"}}],"inLanguage":"es-ES"},{"@type":"Organization","@id":"https:\/\/legacy.colt.net\/#organization","name":"Colt Technology Services","url":"https:\/\/legacy.colt.net\/","logo":{"@type":"ImageObject","inLanguage":"es-ES","@id":"https:\/\/legacy.colt.net\/#\/schema\/logo\/image\/","url":"https:\/\/legacy.colt.net\/wp-content\/uploads\/2019\/02\/Colt-Logo.png","contentUrl":"https:\/\/legacy.colt.net\/wp-content\/uploads\/2019\/02\/Colt-Logo.png","width":195,"height":77,"caption":"Colt Technology Services"},"image":{"@id":"https:\/\/legacy.colt.net\/#\/schema\/logo\/image\/"},"sameAs":["https:\/\/www.facebook.com\/ColtTechnologyServices\/","https:\/\/x.com\/colt_technology","https:\/\/www.instagram.com\/colttechnologyservices\/","https:\/\/www.linkedin.com\/company\/colt-technology-services","https:\/\/www.youtube.com\/user\/ColtTechnology"]}]}},"_links":{"self":[{"href":"https:\/\/legacy.colt.net\/es\/wp-json\/wp\/v2\/pages\/34235","targetHints":{"allow":["GET"]}}],"collection":[{"href":"https:\/\/legacy.colt.net\/es\/wp-json\/wp\/v2\/pages"}],"about":[{"href":"https:\/\/legacy.colt.net\/es\/wp-json\/wp\/v2\/types\/page"}],"author":[{"embeddable":true,"href":"https:\/\/legacy.colt.net\/es\/wp-json\/wp\/v2\/users\/2"}],"replies":[{"embeddable":true,"href":"https:\/\/legacy.colt.net\/es\/wp-json\/wp\/v2\/comments?post=34235"}],"version-history":[{"count":0,"href":"https:\/\/legacy.colt.net\/es\/wp-json\/wp\/v2\/pages\/34235\/revisions"}],"up":[{"embeddable":true,"href":"https:\/\/legacy.colt.net\/es\/wp-json\/wp\/v2\/pages\/34772"}],"wp:attachment":[{"href":"https:\/\/legacy.colt.net\/es\/wp-json\/wp\/v2\/media?parent=34235"}],"wp:term":[{"taxonomy":"colt_type","embeddable":true,"href":"https:\/\/legacy.colt.net\/es\/wp-json\/wp\/v2\/colt_type?post=34235"},{"taxonomy":"colt_products","embeddable":true,"href":"https:\/\/legacy.colt.net\/es\/wp-json\/wp\/v2\/colt_products?post=34235"}],"curies":[{"name":"wp","href":"https:\/\/api.w.org\/{rel}","templated":true}]}}