{"id":34145,"date":"2017-04-12T14:47:21","date_gmt":"2017-04-12T14:47:21","guid":{"rendered":"https:\/\/www.colt.net\/colt-online\/"},"modified":"2023-03-20T10:18:54","modified_gmt":"2023-03-20T10:18:54","slug":"colt-online","status":"publish","type":"page","link":"https:\/\/legacy.colt.net\/es\/colt-online\/","title":{"rendered":"Colt Online"},"content":{"rendered":"\n<h1>\n\t\tColt Online\n\t<\/h1>\n<h2>\n\t\tFacilitar los negocios con Colt\n\t<\/h2>\n\t<nav class=\"breadcrumb\"><span><span><a href=\"https:\/\/legacy.colt.net\/es\/\">Home<\/a><\/span><\/span><\/nav>\n\t\t\t<a href=\"https:\/\/online.colt.net\/?utm_source=colt_net&#038;utm_medium=Web&#038;utm_campaign=colt_net_site\" target=\"_self\" role=\"button\" rel=\"noopener\">\n\t\t\t\t\t\t\tIniciar sesi\u00f3n\n\t\t\t<\/a>\n\t\t\t<a href=\"#support\" target=\"_self\" role=\"button\" rel=\"noopener\">\n\t\t\t\t\t\t\tObtener ayuda\n\t\t\t<\/a>\n\t\t\t<a href=\"https:\/\/dcp.colt.net\/onlineweb\/?utm_source=colt_net&#038;utm_medium=Web&#038;utm_campaign=colt_net_site#\/registration\" target=\"_blank\" role=\"button\" rel=\"noopener\">\n\t\t\t\t\t\t\tRegistrar una cuenta\n\t\t\t<\/a>\n<h2>\n\t\tTu portal de cliente \u00fanico para gestionar tus servicios Colt.\n\t<\/h2>\n\t<p>El objetivo de Colt es muy sencillo: que puedas hacer negocios f\u00e1cilmente con Colt. Con esto en mente, Colt\u00a0Online se ha dise\u00f1ado para que t\u00fa tengas el control. Con Colt\u00a0Online, puedes acceder a la informaci\u00f3n que necesitas sobre tus servicios de Colt en un clic.<\/p>\n\t\t\t\t\t<img decoding=\"async\" src=\"https:\/\/i.ytimg.com\/vi\/uGzl8bvwy3o\/maxresdefault.jpg\" alt=\"youtube-video-thumbnail\"\/>\n\t\t<h2>\n\t\tColt Online en cifras\n\t<\/h2>\n\t\t<!-- Comment to fix spacing issue\n\t-->\n\t\t<h2>0+<\/h2>Usuarios de Colt Online\n\t<!-- Comment to fix spacing issue\n\t-->\t\n\t\t<!-- Comment to fix spacing issue\n\t-->\n\t\t<h2>0+<\/h2>comprobaciones de conectividad al mes\n\t<!-- Comment to fix spacing issue\n\t-->\t\n\t\t<!-- Comment to fix spacing issue\n\t-->\n\t\t<h2>0+<\/h2>Usuarios mensuales de Colt Online\n\t<!-- Comment to fix spacing issue\n\t-->\t\n\t\t<!-- Comment to fix spacing issue\n\t-->\n\t\t<h2>0+<\/h2>facturas e informes descargados por mes\n\t<!-- Comment to fix spacing issue\n\t-->\t\n\t\t<!-- Comment to fix spacing issue\n\t-->\n\t\t<h2>0+<\/h2>tickets generados al mes\n\t<!-- Comment to fix spacing issue\n\t-->\t\n\t\t<!-- Comment to fix spacing issue\n\t-->\n\t\t<h2>0+<\/h2>cuentas de facturaci\u00f3n actualizadas en l\u00ednea por mes\n\t<!-- Comment to fix spacing issue\n\t-->\t\n<h2>\n\t\tToma el control de tus servicios con el portal de autoservicio de Colt\n\t<\/h2>\n\t<p>Con Colt\u00a0Online, puedes:<\/p>\n\t\t\t\t<img loading=\"lazy\" decoding=\"async\" src=\"https:\/\/legacy.colt.net\/wp-content\/uploads\/2022\/03\/ES-colt-online-benefits_1.png\" alt=\"ES-colt-online-benefits_1\" itemprop=\"image\" height=\"1360\" width=\"1117\" title=\"ES-colt-online-benefits_1\" onerror=\"this.style.display='none'\"  \/>\n\t\t\t\t<img loading=\"lazy\" decoding=\"async\" src=\"https:\/\/legacy.colt.net\/wp-content\/uploads\/2021\/11\/colt-online-benefits-2.png\" alt=\"colt-online-benefits-2\" itemprop=\"image\" height=\"1359\" width=\"1545\" title=\"colt-online-benefits-2\" onerror=\"this.style.display='none'\"  \/>\n\t\t\t\t<img loading=\"lazy\" decoding=\"async\" src=\"https:\/\/legacy.colt.net\/wp-content\/uploads\/2023\/03\/ES-colt-online-benefits-2.png\" alt=\"ES-colt-online-benefits-2\" itemprop=\"image\" height=\"1360\" width=\"1202\" title=\"ES-colt-online-benefits-2\" onerror=\"this.style.display='none'\"  \/>\n<h2>\n\t\tTe permite tomar el control\n\t<\/h2>\n\t\t\t\t<a href=\"https:\/\/coltonlinehelp.colt.net\/\" target=\"_blank\" rel=\"noopener\" itemprop=\"url\">\n\t\t\t\t<img loading=\"lazy\" decoding=\"async\" src=\"https:\/\/legacy.colt.net\/wp-content\/uploads\/2021\/11\/colt-online-help-icon.png\" alt=\"colt-online-help-icon\" itemprop=\"image\" height=\"500\" width=\"500\" title=\"colt-online-help-icon\" onerror=\"this.style.display='none'\"  \/>\n\t\t\t\t<\/a>\n<h3>\n\t\t<a href=\"https:\/\/coltonlinehelp.colt.net\/\" title=\"Portal de ayuda de Colt Online\" target=\"_blank\" rel=\"noopener\">\n\t\tPortal de ayuda de Colt Online\n\t\t<\/a>\n\t<\/h3>\n\t\t\t\t<a href=\"https:\/\/coltonlinehelp.colt.net\/colt-online-videos\/\" target=\"_blank\" rel=\"noopener\" itemprop=\"url\">\n\t\t\t\t<img loading=\"lazy\" decoding=\"async\" src=\"https:\/\/legacy.colt.net\/wp-content\/uploads\/2021\/11\/video-icon.png\" alt=\"video-icon\" itemprop=\"image\" height=\"250\" width=\"250\" title=\"video-icon\" onerror=\"this.style.display='none'\"  \/>\n\t\t\t\t<\/a>\n<h3>\n\t\t<a href=\"https:\/\/coltonlinehelp.colt.net\/colt-online-videos\/\" title=\"V\u00eddeos de ayuda de Colt Online\" target=\"_blank\" rel=\"noopener\">\n\t\tV\u00eddeos de ayuda de Colt Online\n\t\t<\/a>\n\t<\/h3>\n\t\t\t\t<a href=\"https:\/\/coltonlinehelp.colt.net\/colt-online-webinars\/?_rt=MXwxfHdlYmluYXJzfDE2NDYzOTk3ODk&#038;_rt_nonce=35d9642911\" target=\"_blank\" rel=\"noopener\" itemprop=\"url\">\n\t\t\t\t<img loading=\"lazy\" decoding=\"async\" src=\"https:\/\/legacy.colt.net\/wp-content\/uploads\/2021\/11\/Webinar-Icon-2021.png\" alt=\"Webinar-Icon-2021\" itemprop=\"image\" height=\"500\" width=\"500\" title=\"Webinar-Icon-2021\" onerror=\"this.style.display='none'\"  \/>\n\t\t\t\t<\/a>\n<h3>\n\t\t<a href=\"https:\/\/coltonlinehelp.colt.net\/colt-online-webinars\/?_rt=MXwxfHdlYmluYXJzfDE2NDYzOTk3ODk&#038;_rt_nonce=35d9642911\" title=\"Seminarios web de Colt Online\" target=\"_blank\" rel=\"noopener\">\n\t\tSeminarios web de Colt Online\n\t\t<\/a>\n\t<\/h3>\n\t<p>Si resides en Asia, tambi\u00e9n puedes ver <a href=\"https:\/\/legacy.colt.net\/colt-online\/guides-asia\/\">las gu\u00edas para Asia de Colt\u00a0Online<\/a>.<\/p>\n\n","protected":false},"excerpt":{"rendered":"<p>Colt Online Facilitar los negocios con Colt Iniciar sesi\u00f3n Obtener ayuda Registrar una cuenta Tu portal de cliente \u00fanico para gestionar tus servicios Colt. El objetivo de Colt es muy sencillo: que puedas hacer negocios f\u00e1cilmente con Colt. Con esto en mente, Colt\u00a0Online se ha dise\u00f1ado para que t\u00fa tengas el control. Con Colt\u00a0Online, puedes&#8230;<\/p>\n","protected":false},"author":2,"featured_media":0,"parent":0,"menu_order":0,"comment_status":"closed","ping_status":"closed","template":"","meta":{"_acf_changed":false,"footnotes":""},"colt_type":[],"colt_products":[],"class_list":["post-34145","page","type-page","status-publish","hentry"],"acf":[],"yoast_head":"<!-- This site is optimized with the Yoast SEO plugin v26.8 - https:\/\/yoast.com\/product\/yoast-seo-wordpress\/ -->\n<title>Colt Online | Colt Technology Services | ES<\/title>\n<meta name=\"description\" content=\"Colt Online es el portal de clientes de Colt. Con esto en mente, hemos desarrollado Colt Online para pasarle el control.\" \/>\n<meta name=\"robots\" content=\"noindex, follow, max-snippet:-1, max-image-preview:large, max-video-preview:-1\" \/>\n<meta property=\"og:locale\" content=\"es_ES\" \/>\n<meta property=\"og:type\" content=\"article\" \/>\n<meta property=\"og:title\" content=\"Colt Online | Colt Technology Services | ES\" \/>\n<meta property=\"og:description\" content=\"Colt Online es el portal de clientes de Colt. Con esto en mente, hemos desarrollado Colt Online para pasarle el control.\" \/>\n<meta property=\"og:url\" content=\"https:\/\/legacy.colt.net\/es\/colt-online\/\" \/>\n<meta property=\"og:site_name\" content=\"Colt Technology Services\" \/>\n<meta property=\"article:publisher\" content=\"https:\/\/www.facebook.com\/ColtTechnologyServices\/\" \/>\n<meta property=\"article:modified_time\" content=\"2023-03-20T10:18:54+00:00\" \/>\n<meta property=\"og:image\" content=\"https:\/\/legacy.colt.net\/wp-content\/uploads\/2021\/01\/Brand-2021-Stock-6-1.jpg\" \/>\n\t<meta property=\"og:image:width\" content=\"1000\" \/>\n\t<meta property=\"og:image:height\" content=\"667\" \/>\n\t<meta property=\"og:image:type\" content=\"image\/jpeg\" \/>\n<meta name=\"twitter:card\" content=\"summary_large_image\" \/>\n<meta name=\"twitter:site\" content=\"@colt_technology\" \/>\n<meta name=\"twitter:label1\" content=\"Est. reading time\" \/>\n\t<meta name=\"twitter:data1\" content=\"1 minute\" \/>\n<script type=\"application\/ld+json\" class=\"yoast-schema-graph\">{\"@context\":\"https:\/\/schema.org\",\"@graph\":[{\"@type\":\"WebPage\",\"@id\":\"https:\/\/legacy.colt.net\/es\/colt-online\/\",\"url\":\"https:\/\/legacy.colt.net\/es\/colt-online\/\",\"name\":\"Colt Online | Colt Technology Services | ES\",\"isPartOf\":{\"@id\":\"https:\/\/legacy.colt.net\/#website\"},\"primaryImageOfPage\":{\"@id\":\"https:\/\/legacy.colt.net\/es\/colt-online\/#primaryimage\"},\"image\":{\"@id\":\"https:\/\/legacy.colt.net\/es\/colt-online\/#primaryimage\"},\"thumbnailUrl\":\"https:\/\/i.ytimg.com\/vi\/uGzl8bvwy3o\/maxresdefault.jpg\",\"datePublished\":\"2017-04-12T14:47:21+00:00\",\"dateModified\":\"2023-03-20T10:18:54+00:00\",\"description\":\"Colt Online es el portal de clientes de Colt. Con esto en mente, hemos desarrollado Colt Online para pasarle el control.\",\"breadcrumb\":{\"@id\":\"https:\/\/legacy.colt.net\/es\/colt-online\/#breadcrumb\"},\"inLanguage\":\"es-ES\",\"potentialAction\":[{\"@type\":\"ReadAction\",\"target\":[\"https:\/\/legacy.colt.net\/es\/colt-online\/\"]}]},{\"@type\":\"ImageObject\",\"inLanguage\":\"es-ES\",\"@id\":\"https:\/\/legacy.colt.net\/es\/colt-online\/#primaryimage\",\"url\":\"https:\/\/i.ytimg.com\/vi\/uGzl8bvwy3o\/maxresdefault.jpg\",\"contentUrl\":\"https:\/\/i.ytimg.com\/vi\/uGzl8bvwy3o\/maxresdefault.jpg\"},{\"@type\":\"BreadcrumbList\",\"@id\":\"https:\/\/legacy.colt.net\/es\/colt-online\/#breadcrumb\",\"itemListElement\":[{\"@type\":\"ListItem\",\"position\":1,\"name\":\"Home\",\"item\":\"https:\/\/legacy.colt.net\/es\/\"},{\"@type\":\"ListItem\",\"position\":2,\"name\":\"Colt Online\"}]},{\"@type\":\"WebSite\",\"@id\":\"https:\/\/legacy.colt.net\/#website\",\"url\":\"https:\/\/legacy.colt.net\/\",\"name\":\"Colt\u30c6\u30af\u30ce\u30ed\u30b8\u30fc\u30b5\u30fc\u30d3\u30b9\u682a\u5f0f\u4f1a\u793e\",\"description\":\"Managed Network &amp; Voice Services Provider\",\"publisher\":{\"@id\":\"https:\/\/legacy.colt.net\/#organization\"},\"potentialAction\":[{\"@type\":\"SearchAction\",\"target\":{\"@type\":\"EntryPoint\",\"urlTemplate\":\"https:\/\/legacy.colt.net\/?s={search_term_string}\"},\"query-input\":{\"@type\":\"PropertyValueSpecification\",\"valueRequired\":true,\"valueName\":\"search_term_string\"}}],\"inLanguage\":\"es-ES\"},{\"@type\":\"Organization\",\"@id\":\"https:\/\/legacy.colt.net\/#organization\",\"name\":\"Colt Technology Services\",\"url\":\"https:\/\/legacy.colt.net\/\",\"logo\":{\"@type\":\"ImageObject\",\"inLanguage\":\"es-ES\",\"@id\":\"https:\/\/legacy.colt.net\/#\/schema\/logo\/image\/\",\"url\":\"https:\/\/legacy.colt.net\/wp-content\/uploads\/2019\/02\/Colt-Logo.png\",\"contentUrl\":\"https:\/\/legacy.colt.net\/wp-content\/uploads\/2019\/02\/Colt-Logo.png\",\"width\":195,\"height\":77,\"caption\":\"Colt Technology Services\"},\"image\":{\"@id\":\"https:\/\/legacy.colt.net\/#\/schema\/logo\/image\/\"},\"sameAs\":[\"https:\/\/www.facebook.com\/ColtTechnologyServices\/\",\"https:\/\/x.com\/colt_technology\",\"https:\/\/www.instagram.com\/colttechnologyservices\/\",\"https:\/\/www.linkedin.com\/company\/colt-technology-services\",\"https:\/\/www.youtube.com\/user\/ColtTechnology\"]}]}<\/script>\n<!-- \/ Yoast SEO plugin. -->","yoast_head_json":{"title":"Colt Online | Colt Technology Services | ES","description":"Colt Online es el portal de clientes de Colt. Con esto en mente, hemos desarrollado Colt Online para pasarle el control.","robots":{"index":"noindex","follow":"follow","max-snippet":"max-snippet:-1","max-image-preview":"max-image-preview:large","max-video-preview":"max-video-preview:-1"},"og_locale":"es_ES","og_type":"article","og_title":"Colt Online | Colt Technology Services | ES","og_description":"Colt Online es el portal de clientes de Colt. Con esto en mente, hemos desarrollado Colt Online para pasarle el control.","og_url":"https:\/\/legacy.colt.net\/es\/colt-online\/","og_site_name":"Colt Technology Services","article_publisher":"https:\/\/www.facebook.com\/ColtTechnologyServices\/","article_modified_time":"2023-03-20T10:18:54+00:00","og_image":[{"width":1000,"height":667,"url":"https:\/\/legacy.colt.net\/wp-content\/uploads\/2021\/01\/Brand-2021-Stock-6-1.jpg","type":"image\/jpeg"}],"twitter_card":"summary_large_image","twitter_site":"@colt_technology","twitter_misc":{"Est. reading time":"1 minute"},"schema":{"@context":"https:\/\/schema.org","@graph":[{"@type":"WebPage","@id":"https:\/\/legacy.colt.net\/es\/colt-online\/","url":"https:\/\/legacy.colt.net\/es\/colt-online\/","name":"Colt Online | Colt Technology Services | ES","isPartOf":{"@id":"https:\/\/legacy.colt.net\/#website"},"primaryImageOfPage":{"@id":"https:\/\/legacy.colt.net\/es\/colt-online\/#primaryimage"},"image":{"@id":"https:\/\/legacy.colt.net\/es\/colt-online\/#primaryimage"},"thumbnailUrl":"https:\/\/i.ytimg.com\/vi\/uGzl8bvwy3o\/maxresdefault.jpg","datePublished":"2017-04-12T14:47:21+00:00","dateModified":"2023-03-20T10:18:54+00:00","description":"Colt Online es el portal de clientes de Colt. Con esto en mente, hemos desarrollado Colt Online para pasarle el control.","breadcrumb":{"@id":"https:\/\/legacy.colt.net\/es\/colt-online\/#breadcrumb"},"inLanguage":"es-ES","potentialAction":[{"@type":"ReadAction","target":["https:\/\/legacy.colt.net\/es\/colt-online\/"]}]},{"@type":"ImageObject","inLanguage":"es-ES","@id":"https:\/\/legacy.colt.net\/es\/colt-online\/#primaryimage","url":"https:\/\/i.ytimg.com\/vi\/uGzl8bvwy3o\/maxresdefault.jpg","contentUrl":"https:\/\/i.ytimg.com\/vi\/uGzl8bvwy3o\/maxresdefault.jpg"},{"@type":"BreadcrumbList","@id":"https:\/\/legacy.colt.net\/es\/colt-online\/#breadcrumb","itemListElement":[{"@type":"ListItem","position":1,"name":"Home","item":"https:\/\/legacy.colt.net\/es\/"},{"@type":"ListItem","position":2,"name":"Colt Online"}]},{"@type":"WebSite","@id":"https:\/\/legacy.colt.net\/#website","url":"https:\/\/legacy.colt.net\/","name":"Colt\u30c6\u30af\u30ce\u30ed\u30b8\u30fc\u30b5\u30fc\u30d3\u30b9\u682a\u5f0f\u4f1a\u793e","description":"Managed Network &amp; Voice Services Provider","publisher":{"@id":"https:\/\/legacy.colt.net\/#organization"},"potentialAction":[{"@type":"SearchAction","target":{"@type":"EntryPoint","urlTemplate":"https:\/\/legacy.colt.net\/?s={search_term_string}"},"query-input":{"@type":"PropertyValueSpecification","valueRequired":true,"valueName":"search_term_string"}}],"inLanguage":"es-ES"},{"@type":"Organization","@id":"https:\/\/legacy.colt.net\/#organization","name":"Colt Technology Services","url":"https:\/\/legacy.colt.net\/","logo":{"@type":"ImageObject","inLanguage":"es-ES","@id":"https:\/\/legacy.colt.net\/#\/schema\/logo\/image\/","url":"https:\/\/legacy.colt.net\/wp-content\/uploads\/2019\/02\/Colt-Logo.png","contentUrl":"https:\/\/legacy.colt.net\/wp-content\/uploads\/2019\/02\/Colt-Logo.png","width":195,"height":77,"caption":"Colt Technology Services"},"image":{"@id":"https:\/\/legacy.colt.net\/#\/schema\/logo\/image\/"},"sameAs":["https:\/\/www.facebook.com\/ColtTechnologyServices\/","https:\/\/x.com\/colt_technology","https:\/\/www.instagram.com\/colttechnologyservices\/","https:\/\/www.linkedin.com\/company\/colt-technology-services","https:\/\/www.youtube.com\/user\/ColtTechnology"]}]}},"_links":{"self":[{"href":"https:\/\/legacy.colt.net\/es\/wp-json\/wp\/v2\/pages\/34145","targetHints":{"allow":["GET"]}}],"collection":[{"href":"https:\/\/legacy.colt.net\/es\/wp-json\/wp\/v2\/pages"}],"about":[{"href":"https:\/\/legacy.colt.net\/es\/wp-json\/wp\/v2\/types\/page"}],"author":[{"embeddable":true,"href":"https:\/\/legacy.colt.net\/es\/wp-json\/wp\/v2\/users\/2"}],"replies":[{"embeddable":true,"href":"https:\/\/legacy.colt.net\/es\/wp-json\/wp\/v2\/comments?post=34145"}],"version-history":[{"count":0,"href":"https:\/\/legacy.colt.net\/es\/wp-json\/wp\/v2\/pages\/34145\/revisions"}],"wp:attachment":[{"href":"https:\/\/legacy.colt.net\/es\/wp-json\/wp\/v2\/media?parent=34145"}],"wp:term":[{"taxonomy":"colt_type","embeddable":true,"href":"https:\/\/legacy.colt.net\/es\/wp-json\/wp\/v2\/colt_type?post=34145"},{"taxonomy":"colt_products","embeddable":true,"href":"https:\/\/legacy.colt.net\/es\/wp-json\/wp\/v2\/colt_products?post=34145"}],"curies":[{"name":"wp","href":"https:\/\/api.w.org\/{rel}","templated":true}]}}