{"id":33919,"date":"2019-03-05T11:12:44","date_gmt":"2019-03-05T11:12:44","guid":{"rendered":"https:\/\/www.colt.net\/?page_id=33919"},"modified":"2019-12-04T10:04:30","modified_gmt":"2019-12-04T10:04:30","slug":"what-we-do","status":"publish","type":"page","link":"https:\/\/legacy.colt.net\/es\/what-we-do\/","title":{"rendered":"\u00bfA qu\u00e9 nos dedicamos? Transformaci\u00f3n Digital, Redes y Servicios de Voz"},"content":{"rendered":"<h1>\n\t<\/h1>\n<h3>\n\t<\/h3>\n\t<nav class=\"breadcrumb\"><span><span><a href=\"https:\/\/legacy.colt.net\/es\/\">Home<\/a><\/span><\/span><\/nav>\n\t<p>Colt permite la transformaci\u00f3n digital de las empresas a trav\u00e9s de su red inteligente, especialmente dise\u00f1ada e integrada en la nube, conocida como la red IQ de Colt.<\/p>\n<p>Colt es el nuevo referente en servicios de red y voz de gran ancho de banda para empresas y clientes mayoristas en Europa, Asia y los centros de negocios m\u00e1s grandes de Am\u00e9rica del Norte. Con un alcance global pero una presencia local profunda, Colt es lo suficientemente grande para entregar y lo suficientemente peque\u00f1o para cuidar.<\/p>\n<p>Colt ofrece servicios de red gran ancho de banda y servicios de voz para empresas y clientes mayoristas en los principales nodos empresariales de Europa, Asia y Norteam\u00e9rica. Con este alcance global y a la vez una rica presencia local, Colt es \u201cgrande\u201d a la hora de ofrecer servicio y \u201cpeque\u00f1a\u201d a la hora de atender al cliente.<\/p>\n<p>Colt facilita la transformaci\u00f3n digital de las empresas mediante su red inteligente integrada en la nube, conocida como Colt IQ Network. Conecta m\u00e1s de 900 data centres de todo el mundo, con m\u00e1s de 27.500 edificios on-net y al alza. Colt est\u00e1 adem\u00e1s, reconocida como un agente innovador y pionero en redes definidas por software (SDN) y virtualizaci\u00f3n de funciones de red (NFV).<\/p>\n<p>Ofrecemos una experiencia homog\u00e9nea y predecible en Europa, Asia y Norteam\u00e9rica, sobre una plataforma y una tecnolog\u00eda comunes, para permitir a las empresas responder a los retos de la digitalizaci\u00f3n poniendo el foco en sus prioridades de negocio y dando acceso a mercados nuevos y emergentes.<\/p>\n<p>Puedes depositar tu confianza en Colt, porque durante dos d\u00e9cadas hemos sido especialistas en servicios de red y voz para organizaciones medianas y grandes, y para empresas con un uso intensivo de datos. Asimismo estamos especializados en dar un servicio superior a clientes globales en mercados financieros.<\/p>\n<p>Dondequiera que vayas, tu infraestructura alcanzar\u00e1 los niveles adecuados de servicio, gesti\u00f3n y atenci\u00f3n comercial. Tu eliges c\u00f3mo se consumen, prestan y gestionan tus servicios.<\/p>\n\t\t\t\t<img loading=\"lazy\" decoding=\"async\" src=\"https:\/\/legacy.colt.net\/wp-content\/uploads\/2019\/02\/0B4A8007-1.jpg\" alt=\"0B4A8007\" itemprop=\"image\" height=\"450\" width=\"720\" title=\"0B4A8007\" onerror=\"this.style.display='none'\"  \/>\n","protected":false},"excerpt":{"rendered":"<p>Colt permite la transformaci\u00f3n digital de las empresas a trav\u00e9s de su red inteligente, especialmente dise\u00f1ada e integrada en la nube, conocida como la red IQ de Colt. Colt es el nuevo referente en servicios de red y voz de gran ancho de banda para empresas y clientes mayoristas en Europa, Asia y los centros&#8230;<\/p>\n","protected":false},"author":143,"featured_media":0,"parent":0,"menu_order":0,"comment_status":"closed","ping_status":"closed","template":"","meta":{"_acf_changed":false,"footnotes":""},"colt_type":[],"colt_products":[],"class_list":["post-33919","page","type-page","status-publish","hentry"],"acf":[],"yoast_head":"<!-- This site is optimized with the Yoast SEO plugin v26.8 - https:\/\/yoast.com\/product\/yoast-seo-wordpress\/ -->\n<title>\u00bfA qu\u00e9 nos dedicamos? Transformaci\u00f3n Digital, Redes y Servicios de Voz - Colt Technology Services<\/title>\n<meta name=\"description\" content=\"\u00bfA qu\u00e9 nos dedicamos? Transformaci\u00f3n Digital, Redes y Servicios de Voz Colt Technology Services\" \/>\n<meta name=\"robots\" content=\"noindex, follow, max-snippet:-1, max-image-preview:large, max-video-preview:-1\" \/>\n<meta property=\"og:locale\" content=\"es_ES\" \/>\n<meta property=\"og:type\" content=\"article\" \/>\n<meta property=\"og:title\" content=\"\u00bfA qu\u00e9 nos dedicamos? Transformaci\u00f3n Digital, Redes y Servicios de Voz - Colt Technology Services\" \/>\n<meta property=\"og:description\" content=\"\u00bfA qu\u00e9 nos dedicamos? Transformaci\u00f3n Digital, Redes y Servicios de Voz Colt Technology Services\" \/>\n<meta property=\"og:url\" content=\"https:\/\/legacy.colt.net\/es\/what-we-do\/\" \/>\n<meta property=\"og:site_name\" content=\"Colt Technology Services\" \/>\n<meta property=\"article:publisher\" content=\"https:\/\/www.facebook.com\/ColtTechnologyServices\/\" \/>\n<meta property=\"article:modified_time\" content=\"2019-12-04T10:04:30+00:00\" \/>\n<meta property=\"og:image\" content=\"https:\/\/legacy.colt.net\/wp-content\/uploads\/2021\/01\/Brand-2021-Stock-25.jpg\" \/>\n\t<meta property=\"og:image:width\" content=\"1000\" \/>\n\t<meta property=\"og:image:height\" content=\"667\" \/>\n\t<meta property=\"og:image:type\" content=\"image\/jpeg\" \/>\n<meta name=\"twitter:card\" content=\"summary_large_image\" \/>\n<meta name=\"twitter:site\" content=\"@colt_technology\" \/>\n<meta name=\"twitter:label1\" content=\"Est. reading time\" \/>\n\t<meta name=\"twitter:data1\" content=\"2 minutes\" \/>\n<script type=\"application\/ld+json\" class=\"yoast-schema-graph\">{\"@context\":\"https:\/\/schema.org\",\"@graph\":[{\"@type\":\"WebPage\",\"@id\":\"https:\/\/legacy.colt.net\/es\/what-we-do\/\",\"url\":\"https:\/\/legacy.colt.net\/es\/what-we-do\/\",\"name\":\"\u00bfA qu\u00e9 nos dedicamos? Transformaci\u00f3n Digital, Redes y Servicios de Voz - Colt Technology Services\",\"isPartOf\":{\"@id\":\"https:\/\/legacy.colt.net\/#website\"},\"primaryImageOfPage\":{\"@id\":\"https:\/\/legacy.colt.net\/es\/what-we-do\/#primaryimage\"},\"image\":{\"@id\":\"https:\/\/legacy.colt.net\/es\/what-we-do\/#primaryimage\"},\"thumbnailUrl\":\"https:\/\/legacy.colt.net\/wp-content\/uploads\/2019\/02\/0B4A8007-1.jpg\",\"datePublished\":\"2019-03-05T11:12:44+00:00\",\"dateModified\":\"2019-12-04T10:04:30+00:00\",\"description\":\"\u00bfA qu\u00e9 nos dedicamos? Transformaci\u00f3n Digital, Redes y Servicios de Voz Colt Technology Services\",\"breadcrumb\":{\"@id\":\"https:\/\/legacy.colt.net\/es\/what-we-do\/#breadcrumb\"},\"inLanguage\":\"es-ES\",\"potentialAction\":[{\"@type\":\"ReadAction\",\"target\":[\"https:\/\/legacy.colt.net\/es\/what-we-do\/\"]}]},{\"@type\":\"ImageObject\",\"inLanguage\":\"es-ES\",\"@id\":\"https:\/\/legacy.colt.net\/es\/what-we-do\/#primaryimage\",\"url\":\"https:\/\/legacy.colt.net\/wp-content\/uploads\/2019\/02\/0B4A8007-1.jpg\",\"contentUrl\":\"https:\/\/legacy.colt.net\/wp-content\/uploads\/2019\/02\/0B4A8007-1.jpg\"},{\"@type\":\"BreadcrumbList\",\"@id\":\"https:\/\/legacy.colt.net\/es\/what-we-do\/#breadcrumb\",\"itemListElement\":[{\"@type\":\"ListItem\",\"position\":1,\"name\":\"Home\",\"item\":\"https:\/\/legacy.colt.net\/es\/\"},{\"@type\":\"ListItem\",\"position\":2,\"name\":\"\u00bfA qu\u00e9 nos dedicamos? Transformaci\u00f3n Digital, Redes y Servicios de Voz\"}]},{\"@type\":\"WebSite\",\"@id\":\"https:\/\/legacy.colt.net\/#website\",\"url\":\"https:\/\/legacy.colt.net\/\",\"name\":\"Colt\u30c6\u30af\u30ce\u30ed\u30b8\u30fc\u30b5\u30fc\u30d3\u30b9\u682a\u5f0f\u4f1a\u793e\",\"description\":\"Managed Network &amp; Voice Services Provider\",\"publisher\":{\"@id\":\"https:\/\/legacy.colt.net\/#organization\"},\"potentialAction\":[{\"@type\":\"SearchAction\",\"target\":{\"@type\":\"EntryPoint\",\"urlTemplate\":\"https:\/\/legacy.colt.net\/?s={search_term_string}\"},\"query-input\":{\"@type\":\"PropertyValueSpecification\",\"valueRequired\":true,\"valueName\":\"search_term_string\"}}],\"inLanguage\":\"es-ES\"},{\"@type\":\"Organization\",\"@id\":\"https:\/\/legacy.colt.net\/#organization\",\"name\":\"Colt Technology Services\",\"url\":\"https:\/\/legacy.colt.net\/\",\"logo\":{\"@type\":\"ImageObject\",\"inLanguage\":\"es-ES\",\"@id\":\"https:\/\/legacy.colt.net\/#\/schema\/logo\/image\/\",\"url\":\"https:\/\/legacy.colt.net\/wp-content\/uploads\/2019\/02\/Colt-Logo.png\",\"contentUrl\":\"https:\/\/legacy.colt.net\/wp-content\/uploads\/2019\/02\/Colt-Logo.png\",\"width\":195,\"height\":77,\"caption\":\"Colt Technology Services\"},\"image\":{\"@id\":\"https:\/\/legacy.colt.net\/#\/schema\/logo\/image\/\"},\"sameAs\":[\"https:\/\/www.facebook.com\/ColtTechnologyServices\/\",\"https:\/\/x.com\/colt_technology\",\"https:\/\/www.instagram.com\/colttechnologyservices\/\",\"https:\/\/www.linkedin.com\/company\/colt-technology-services\",\"https:\/\/www.youtube.com\/user\/ColtTechnology\"]}]}<\/script>\n<!-- \/ Yoast SEO plugin. -->","yoast_head_json":{"title":"\u00bfA qu\u00e9 nos dedicamos? Transformaci\u00f3n Digital, Redes y Servicios de Voz - Colt Technology Services","description":"\u00bfA qu\u00e9 nos dedicamos? Transformaci\u00f3n Digital, Redes y Servicios de Voz Colt Technology Services","robots":{"index":"noindex","follow":"follow","max-snippet":"max-snippet:-1","max-image-preview":"max-image-preview:large","max-video-preview":"max-video-preview:-1"},"og_locale":"es_ES","og_type":"article","og_title":"\u00bfA qu\u00e9 nos dedicamos? Transformaci\u00f3n Digital, Redes y Servicios de Voz - Colt Technology Services","og_description":"\u00bfA qu\u00e9 nos dedicamos? Transformaci\u00f3n Digital, Redes y Servicios de Voz Colt Technology Services","og_url":"https:\/\/legacy.colt.net\/es\/what-we-do\/","og_site_name":"Colt Technology Services","article_publisher":"https:\/\/www.facebook.com\/ColtTechnologyServices\/","article_modified_time":"2019-12-04T10:04:30+00:00","og_image":[{"width":1000,"height":667,"url":"https:\/\/legacy.colt.net\/wp-content\/uploads\/2021\/01\/Brand-2021-Stock-25.jpg","type":"image\/jpeg"}],"twitter_card":"summary_large_image","twitter_site":"@colt_technology","twitter_misc":{"Est. reading time":"2 minutes"},"schema":{"@context":"https:\/\/schema.org","@graph":[{"@type":"WebPage","@id":"https:\/\/legacy.colt.net\/es\/what-we-do\/","url":"https:\/\/legacy.colt.net\/es\/what-we-do\/","name":"\u00bfA qu\u00e9 nos dedicamos? Transformaci\u00f3n Digital, Redes y Servicios de Voz - Colt Technology Services","isPartOf":{"@id":"https:\/\/legacy.colt.net\/#website"},"primaryImageOfPage":{"@id":"https:\/\/legacy.colt.net\/es\/what-we-do\/#primaryimage"},"image":{"@id":"https:\/\/legacy.colt.net\/es\/what-we-do\/#primaryimage"},"thumbnailUrl":"https:\/\/legacy.colt.net\/wp-content\/uploads\/2019\/02\/0B4A8007-1.jpg","datePublished":"2019-03-05T11:12:44+00:00","dateModified":"2019-12-04T10:04:30+00:00","description":"\u00bfA qu\u00e9 nos dedicamos? Transformaci\u00f3n Digital, Redes y Servicios de Voz Colt Technology Services","breadcrumb":{"@id":"https:\/\/legacy.colt.net\/es\/what-we-do\/#breadcrumb"},"inLanguage":"es-ES","potentialAction":[{"@type":"ReadAction","target":["https:\/\/legacy.colt.net\/es\/what-we-do\/"]}]},{"@type":"ImageObject","inLanguage":"es-ES","@id":"https:\/\/legacy.colt.net\/es\/what-we-do\/#primaryimage","url":"https:\/\/legacy.colt.net\/wp-content\/uploads\/2019\/02\/0B4A8007-1.jpg","contentUrl":"https:\/\/legacy.colt.net\/wp-content\/uploads\/2019\/02\/0B4A8007-1.jpg"},{"@type":"BreadcrumbList","@id":"https:\/\/legacy.colt.net\/es\/what-we-do\/#breadcrumb","itemListElement":[{"@type":"ListItem","position":1,"name":"Home","item":"https:\/\/legacy.colt.net\/es\/"},{"@type":"ListItem","position":2,"name":"\u00bfA qu\u00e9 nos dedicamos? Transformaci\u00f3n Digital, Redes y Servicios de Voz"}]},{"@type":"WebSite","@id":"https:\/\/legacy.colt.net\/#website","url":"https:\/\/legacy.colt.net\/","name":"Colt\u30c6\u30af\u30ce\u30ed\u30b8\u30fc\u30b5\u30fc\u30d3\u30b9\u682a\u5f0f\u4f1a\u793e","description":"Managed Network &amp; Voice Services Provider","publisher":{"@id":"https:\/\/legacy.colt.net\/#organization"},"potentialAction":[{"@type":"SearchAction","target":{"@type":"EntryPoint","urlTemplate":"https:\/\/legacy.colt.net\/?s={search_term_string}"},"query-input":{"@type":"PropertyValueSpecification","valueRequired":true,"valueName":"search_term_string"}}],"inLanguage":"es-ES"},{"@type":"Organization","@id":"https:\/\/legacy.colt.net\/#organization","name":"Colt Technology Services","url":"https:\/\/legacy.colt.net\/","logo":{"@type":"ImageObject","inLanguage":"es-ES","@id":"https:\/\/legacy.colt.net\/#\/schema\/logo\/image\/","url":"https:\/\/legacy.colt.net\/wp-content\/uploads\/2019\/02\/Colt-Logo.png","contentUrl":"https:\/\/legacy.colt.net\/wp-content\/uploads\/2019\/02\/Colt-Logo.png","width":195,"height":77,"caption":"Colt Technology Services"},"image":{"@id":"https:\/\/legacy.colt.net\/#\/schema\/logo\/image\/"},"sameAs":["https:\/\/www.facebook.com\/ColtTechnologyServices\/","https:\/\/x.com\/colt_technology","https:\/\/www.instagram.com\/colttechnologyservices\/","https:\/\/www.linkedin.com\/company\/colt-technology-services","https:\/\/www.youtube.com\/user\/ColtTechnology"]}]}},"_links":{"self":[{"href":"https:\/\/legacy.colt.net\/es\/wp-json\/wp\/v2\/pages\/33919","targetHints":{"allow":["GET"]}}],"collection":[{"href":"https:\/\/legacy.colt.net\/es\/wp-json\/wp\/v2\/pages"}],"about":[{"href":"https:\/\/legacy.colt.net\/es\/wp-json\/wp\/v2\/types\/page"}],"author":[{"embeddable":true,"href":"https:\/\/legacy.colt.net\/es\/wp-json\/wp\/v2\/users\/143"}],"replies":[{"embeddable":true,"href":"https:\/\/legacy.colt.net\/es\/wp-json\/wp\/v2\/comments?post=33919"}],"version-history":[{"count":0,"href":"https:\/\/legacy.colt.net\/es\/wp-json\/wp\/v2\/pages\/33919\/revisions"}],"wp:attachment":[{"href":"https:\/\/legacy.colt.net\/es\/wp-json\/wp\/v2\/media?parent=33919"}],"wp:term":[{"taxonomy":"colt_type","embeddable":true,"href":"https:\/\/legacy.colt.net\/es\/wp-json\/wp\/v2\/colt_type?post=33919"},{"taxonomy":"colt_products","embeddable":true,"href":"https:\/\/legacy.colt.net\/es\/wp-json\/wp\/v2\/colt_products?post=33919"}],"curies":[{"name":"wp","href":"https:\/\/api.w.org\/{rel}","templated":true}]}}