{"id":130151,"date":"2024-03-25T12:12:46","date_gmt":"2024-03-25T12:12:46","guid":{"rendered":"https:\/\/www.colt.net\/?page_id=130151"},"modified":"2024-03-25T12:12:46","modified_gmt":"2024-03-25T12:12:46","slug":"buddy-bayer","status":"publish","type":"page","link":"https:\/\/legacy.colt.net\/es\/about\/leadership\/buddy-bayer\/","title":{"rendered":"Buddy Bayer"},"content":{"rendered":"\n\n\t<nav class=\"breadcrumb\"><span><span><a href=\"https:\/\/legacy.colt.net\/es\/\">Home<\/a><\/span><\/span><\/nav>\n\t\t\t\t<img loading=\"lazy\" decoding=\"async\" src=\"https:\/\/legacy.colt.net\/wp-content\/uploads\/2024\/01\/Buddy-Circle-1.png\" alt=\"Buddy-Circle 1\" itemprop=\"image\" height=\"766\" width=\"766\" title=\"Buddy-Circle 1\" onerror=\"this.style.display='none'\"  \/>\n<h3>\n\t\tBuddy Bayer\n\t<\/h3>\n<h4>\n\t\tDirector de Operaciones\n\t<\/h4>\n\t<p>Ron \u00abBuddy\u00bb Bayer es el director de Operaciones de Colt. Bayer es responsable de dirigir las operaciones globales y las labores de ingenier\u00eda de Colt. Buddy ser\u00e1 responsable de seguir desarrollando la infraestructura y la estrategia de red de Colt, al tiempo que contin\u00faa promoviendo una experiencia excepcional para el cliente.<\/p>\n<p>Buddy es un l\u00edder ejecutivo con amplia experiencia en la creaci\u00f3n y la direcci\u00f3n de organizaciones altamente eficaces y eficientes. Su fruct\u00edfera trayectoria profesional hasta la fecha le ha brindado la oportunidad de establecer la visi\u00f3n, liderar y desarrollar m\u00faltiples facetas en \u00e1mbitos como la ingenier\u00eda, las operaciones, las ventas y, lo que es m\u00e1s importante, el desarrollo de las personas. Buddy tiene un amplio reconocimiento como un l\u00edder de impacto con elevados valores personales, perspicacia creativa y pasi\u00f3n por maximizar el rendimiento del equipo.<\/p>\n<p>Antes de unirse a Colt, Buddy trabaj\u00f3 en Windstream, donde ocup\u00f3, hasta hace poco, el cargo de presidente de Enterprise &amp; Wholesale. Buddy ha desempe\u00f1ado varios cargos directivos en Windstream, Century Link, Qwest y OnFiber y cuenta con una gran experiencia en ingenier\u00eda, operaciones, ventas y producto, as\u00ed como en el desarrollo de soluciones de red innovadoras.<\/p>\n<p>Buddy es licenciado en Ingenier\u00eda Civil por la Universidad Estatal de Oklahoma. Ocupa un puesto en el consejo asesor del Zink Center for Innovation de la Universidad Estatal de Oklahoma.<\/p>\n\t\t\t\t\t\t<h4>\n\t\t\t\t<a href=https:\/\/legacy.colt.net\/es\/resources\/navegando-por-el-panorama-empresarial-repercusiones-de-la-cop28-y-lo-que-significa-para-colt\/ title=\"Navegando por el panorama empresarial: repercusiones de la COP28 y lo que significa para Colt\" tabindex=\"0\">Navegando por el panorama empresarial: repercusiones de la COP28 y lo que significa para Colt<\/a>\t\t\t<\/h4>\n\t\t\t<a href=\"https:\/\/legacy.colt.net\/es\/resources\/navegando-por-el-panorama-empresarial-repercusiones-de-la-cop28-y-lo-que-significa-para-colt\/\" target=\"_self\" rel=\"noopener\">Read More &#8594;<\/a>\t\t\n\t\t\t\t\t\t<h4>\n\t\t\t\t<a href=https:\/\/legacy.colt.net\/es\/resources\/un-estudio-de-colt-revela-optimismo-en-torno-a-la-inversion-en-tecnologia-mientras-las-empresas-buscan-en-las-ti-nuevas-fuentes-de-ingresos\/ title=\"Un estudio de Colt revela optimismo en torno a la inversi\u00f3n en tecnolog\u00eda mientras las empresas buscan en las TI nuevas fuentes de ingresos\" tabindex=\"0\">Un estudio de Colt revela optimismo en torno a la inversi\u00f3n en tecnolog\u00eda mientras las empresas buscan en las TI nuevas fuentes de ingresos<\/a>\t\t\t<\/h4>\n\t\t\t<a href=\"https:\/\/legacy.colt.net\/es\/resources\/un-estudio-de-colt-revela-optimismo-en-torno-a-la-inversion-en-tecnologia-mientras-las-empresas-buscan-en-las-ti-nuevas-fuentes-de-ingresos\/\" target=\"_self\" rel=\"noopener\">Read More &#8594;<\/a>\t\t\n\t\t\t\t\t\t<h4>\n\t\t\t\t<a href=https:\/\/legacy.colt.net\/es\/resources\/colt-y-versa-networks-marcan-un-hito-en-la-prestacion-de-sd-wan-as-a-service-para-clientes-globales\/ title=\"Colt y Versa Networks marcan un hito en la prestaci\u00f3n de SD WAN as a Service para clientes globales\" tabindex=\"0\">Colt y Versa Networks marcan un hito en la prestaci\u00f3n de SD WAN as a Service para clientes globales<\/a>\t\t\t<\/h4>\n\t\t\t<a href=\"https:\/\/legacy.colt.net\/es\/resources\/colt-y-versa-networks-marcan-un-hito-en-la-prestacion-de-sd-wan-as-a-service-para-clientes-globales\/\" target=\"_self\" rel=\"noopener\">Read More &#8594;<\/a>\t\t\n\t\t\t\t\t\t<h4>\n\t\t\t\t<a href=https:\/\/legacy.colt.net\/es\/resources\/secure-beyond-borders\/ title=\"Seguridad sin Fronteras\" tabindex=\"0\">Seguridad sin Fronteras<\/a>\t\t\t<\/h4>\n\t\t\t<a href=\"https:\/\/legacy.colt.net\/es\/resources\/secure-beyond-borders\/\" target=\"_self\" rel=\"noopener\">Read More &#8594;<\/a>\t\t\n\n","protected":false},"excerpt":{"rendered":"<p>Buddy Bayer Director de Operaciones Ron \u00abBuddy\u00bb Bayer es el director de Operaciones de Colt. Bayer es responsable de dirigir las operaciones globales y las labores de ingenier\u00eda de Colt. Buddy ser\u00e1 responsable de seguir desarrollando la infraestructura y la estrategia de red de Colt, al tiempo que contin\u00faa promoviendo una experiencia excepcional para el&#8230;<\/p>\n","protected":false},"author":164,"featured_media":0,"parent":34472,"menu_order":0,"comment_status":"closed","ping_status":"closed","template":"","meta":{"_acf_changed":false,"footnotes":""},"colt_type":[],"colt_products":[],"class_list":["post-130151","page","type-page","status-publish","hentry"],"acf":[],"yoast_head":"<!-- This site is optimized with the Yoast SEO plugin v26.8 - https:\/\/yoast.com\/product\/yoast-seo-wordpress\/ -->\n<title>Buddy Bayer - Colt Technology Services<\/title>\n<meta name=\"description\" content=\"Buddy Bayer Colt Technology Services\" \/>\n<meta name=\"robots\" content=\"noindex, follow, max-snippet:-1, max-image-preview:large, max-video-preview:-1\" \/>\n<meta property=\"og:locale\" content=\"es_ES\" \/>\n<meta property=\"og:type\" content=\"article\" \/>\n<meta property=\"og:title\" content=\"Buddy Bayer - Colt Technology Services\" \/>\n<meta property=\"og:description\" content=\"Buddy Bayer Colt Technology Services\" \/>\n<meta property=\"og:url\" content=\"https:\/\/legacy.colt.net\/es\/about\/leadership\/buddy-bayer\/\" \/>\n<meta property=\"og:site_name\" content=\"Colt Technology Services\" \/>\n<meta property=\"article:publisher\" content=\"https:\/\/www.facebook.com\/ColtTechnologyServices\/\" \/>\n<meta property=\"og:image\" content=\"https:\/\/legacy.colt.net\/wp-content\/uploads\/2021\/01\/Brand-2021-Stock-36.jpg\" \/>\n\t<meta property=\"og:image:width\" content=\"1000\" \/>\n\t<meta property=\"og:image:height\" content=\"667\" \/>\n\t<meta property=\"og:image:type\" content=\"image\/jpeg\" \/>\n<meta name=\"twitter:card\" content=\"summary_large_image\" \/>\n<meta name=\"twitter:site\" content=\"@colt_technology\" \/>\n<script type=\"application\/ld+json\" class=\"yoast-schema-graph\">{\"@context\":\"https:\/\/schema.org\",\"@graph\":[{\"@type\":\"WebPage\",\"@id\":\"https:\/\/legacy.colt.net\/es\/about\/leadership\/buddy-bayer\/\",\"url\":\"https:\/\/legacy.colt.net\/es\/about\/leadership\/buddy-bayer\/\",\"name\":\"Buddy Bayer - Colt Technology Services\",\"isPartOf\":{\"@id\":\"https:\/\/legacy.colt.net\/#website\"},\"primaryImageOfPage\":{\"@id\":\"https:\/\/legacy.colt.net\/es\/about\/leadership\/buddy-bayer\/#primaryimage\"},\"image\":{\"@id\":\"https:\/\/legacy.colt.net\/es\/about\/leadership\/buddy-bayer\/#primaryimage\"},\"thumbnailUrl\":\"https:\/\/legacy.colt.net\/wp-content\/uploads\/2024\/01\/Buddy-Circle-1.png\",\"datePublished\":\"2024-03-25T12:12:46+00:00\",\"description\":\"Buddy Bayer Colt Technology Services\",\"breadcrumb\":{\"@id\":\"https:\/\/legacy.colt.net\/es\/about\/leadership\/buddy-bayer\/#breadcrumb\"},\"inLanguage\":\"es-ES\",\"potentialAction\":[{\"@type\":\"ReadAction\",\"target\":[\"https:\/\/legacy.colt.net\/es\/about\/leadership\/buddy-bayer\/\"]}]},{\"@type\":\"ImageObject\",\"inLanguage\":\"es-ES\",\"@id\":\"https:\/\/legacy.colt.net\/es\/about\/leadership\/buddy-bayer\/#primaryimage\",\"url\":\"https:\/\/legacy.colt.net\/wp-content\/uploads\/2024\/01\/Buddy-Circle-1.png\",\"contentUrl\":\"https:\/\/legacy.colt.net\/wp-content\/uploads\/2024\/01\/Buddy-Circle-1.png\"},{\"@type\":\"BreadcrumbList\",\"@id\":\"https:\/\/legacy.colt.net\/es\/about\/leadership\/buddy-bayer\/#breadcrumb\",\"itemListElement\":[{\"@type\":\"ListItem\",\"position\":1,\"name\":\"Home\",\"item\":\"https:\/\/legacy.colt.net\/es\/\"},{\"@type\":\"ListItem\",\"position\":2,\"name\":\"Acerca de Colt\",\"item\":\"https:\/\/legacy.colt.net\/es\/about\/\"},{\"@type\":\"ListItem\",\"position\":3,\"name\":\"Liderazgo\",\"item\":\"https:\/\/legacy.colt.net\/es\/about\/leadership\/\"},{\"@type\":\"ListItem\",\"position\":4,\"name\":\"Buddy Bayer\"}]},{\"@type\":\"WebSite\",\"@id\":\"https:\/\/legacy.colt.net\/#website\",\"url\":\"https:\/\/legacy.colt.net\/\",\"name\":\"Colt\u30c6\u30af\u30ce\u30ed\u30b8\u30fc\u30b5\u30fc\u30d3\u30b9\u682a\u5f0f\u4f1a\u793e\",\"description\":\"Managed Network &amp; Voice Services Provider\",\"publisher\":{\"@id\":\"https:\/\/legacy.colt.net\/#organization\"},\"potentialAction\":[{\"@type\":\"SearchAction\",\"target\":{\"@type\":\"EntryPoint\",\"urlTemplate\":\"https:\/\/legacy.colt.net\/?s={search_term_string}\"},\"query-input\":{\"@type\":\"PropertyValueSpecification\",\"valueRequired\":true,\"valueName\":\"search_term_string\"}}],\"inLanguage\":\"es-ES\"},{\"@type\":\"Organization\",\"@id\":\"https:\/\/legacy.colt.net\/#organization\",\"name\":\"Colt Technology Services\",\"url\":\"https:\/\/legacy.colt.net\/\",\"logo\":{\"@type\":\"ImageObject\",\"inLanguage\":\"es-ES\",\"@id\":\"https:\/\/legacy.colt.net\/#\/schema\/logo\/image\/\",\"url\":\"https:\/\/legacy.colt.net\/wp-content\/uploads\/2019\/02\/Colt-Logo.png\",\"contentUrl\":\"https:\/\/legacy.colt.net\/wp-content\/uploads\/2019\/02\/Colt-Logo.png\",\"width\":195,\"height\":77,\"caption\":\"Colt Technology Services\"},\"image\":{\"@id\":\"https:\/\/legacy.colt.net\/#\/schema\/logo\/image\/\"},\"sameAs\":[\"https:\/\/www.facebook.com\/ColtTechnologyServices\/\",\"https:\/\/x.com\/colt_technology\",\"https:\/\/www.instagram.com\/colttechnologyservices\/\",\"https:\/\/www.linkedin.com\/company\/colt-technology-services\",\"https:\/\/www.youtube.com\/user\/ColtTechnology\"]}]}<\/script>\n<!-- \/ Yoast SEO plugin. -->","yoast_head_json":{"title":"Buddy Bayer - Colt Technology Services","description":"Buddy Bayer Colt Technology Services","robots":{"index":"noindex","follow":"follow","max-snippet":"max-snippet:-1","max-image-preview":"max-image-preview:large","max-video-preview":"max-video-preview:-1"},"og_locale":"es_ES","og_type":"article","og_title":"Buddy Bayer - Colt Technology Services","og_description":"Buddy Bayer Colt Technology Services","og_url":"https:\/\/legacy.colt.net\/es\/about\/leadership\/buddy-bayer\/","og_site_name":"Colt Technology Services","article_publisher":"https:\/\/www.facebook.com\/ColtTechnologyServices\/","og_image":[{"width":1000,"height":667,"url":"https:\/\/legacy.colt.net\/wp-content\/uploads\/2021\/01\/Brand-2021-Stock-36.jpg","type":"image\/jpeg"}],"twitter_card":"summary_large_image","twitter_site":"@colt_technology","schema":{"@context":"https:\/\/schema.org","@graph":[{"@type":"WebPage","@id":"https:\/\/legacy.colt.net\/es\/about\/leadership\/buddy-bayer\/","url":"https:\/\/legacy.colt.net\/es\/about\/leadership\/buddy-bayer\/","name":"Buddy Bayer - Colt Technology Services","isPartOf":{"@id":"https:\/\/legacy.colt.net\/#website"},"primaryImageOfPage":{"@id":"https:\/\/legacy.colt.net\/es\/about\/leadership\/buddy-bayer\/#primaryimage"},"image":{"@id":"https:\/\/legacy.colt.net\/es\/about\/leadership\/buddy-bayer\/#primaryimage"},"thumbnailUrl":"https:\/\/legacy.colt.net\/wp-content\/uploads\/2024\/01\/Buddy-Circle-1.png","datePublished":"2024-03-25T12:12:46+00:00","description":"Buddy Bayer Colt Technology Services","breadcrumb":{"@id":"https:\/\/legacy.colt.net\/es\/about\/leadership\/buddy-bayer\/#breadcrumb"},"inLanguage":"es-ES","potentialAction":[{"@type":"ReadAction","target":["https:\/\/legacy.colt.net\/es\/about\/leadership\/buddy-bayer\/"]}]},{"@type":"ImageObject","inLanguage":"es-ES","@id":"https:\/\/legacy.colt.net\/es\/about\/leadership\/buddy-bayer\/#primaryimage","url":"https:\/\/legacy.colt.net\/wp-content\/uploads\/2024\/01\/Buddy-Circle-1.png","contentUrl":"https:\/\/legacy.colt.net\/wp-content\/uploads\/2024\/01\/Buddy-Circle-1.png"},{"@type":"BreadcrumbList","@id":"https:\/\/legacy.colt.net\/es\/about\/leadership\/buddy-bayer\/#breadcrumb","itemListElement":[{"@type":"ListItem","position":1,"name":"Home","item":"https:\/\/legacy.colt.net\/es\/"},{"@type":"ListItem","position":2,"name":"Acerca de Colt","item":"https:\/\/legacy.colt.net\/es\/about\/"},{"@type":"ListItem","position":3,"name":"Liderazgo","item":"https:\/\/legacy.colt.net\/es\/about\/leadership\/"},{"@type":"ListItem","position":4,"name":"Buddy Bayer"}]},{"@type":"WebSite","@id":"https:\/\/legacy.colt.net\/#website","url":"https:\/\/legacy.colt.net\/","name":"Colt\u30c6\u30af\u30ce\u30ed\u30b8\u30fc\u30b5\u30fc\u30d3\u30b9\u682a\u5f0f\u4f1a\u793e","description":"Managed Network &amp; Voice Services Provider","publisher":{"@id":"https:\/\/legacy.colt.net\/#organization"},"potentialAction":[{"@type":"SearchAction","target":{"@type":"EntryPoint","urlTemplate":"https:\/\/legacy.colt.net\/?s={search_term_string}"},"query-input":{"@type":"PropertyValueSpecification","valueRequired":true,"valueName":"search_term_string"}}],"inLanguage":"es-ES"},{"@type":"Organization","@id":"https:\/\/legacy.colt.net\/#organization","name":"Colt Technology Services","url":"https:\/\/legacy.colt.net\/","logo":{"@type":"ImageObject","inLanguage":"es-ES","@id":"https:\/\/legacy.colt.net\/#\/schema\/logo\/image\/","url":"https:\/\/legacy.colt.net\/wp-content\/uploads\/2019\/02\/Colt-Logo.png","contentUrl":"https:\/\/legacy.colt.net\/wp-content\/uploads\/2019\/02\/Colt-Logo.png","width":195,"height":77,"caption":"Colt Technology Services"},"image":{"@id":"https:\/\/legacy.colt.net\/#\/schema\/logo\/image\/"},"sameAs":["https:\/\/www.facebook.com\/ColtTechnologyServices\/","https:\/\/x.com\/colt_technology","https:\/\/www.instagram.com\/colttechnologyservices\/","https:\/\/www.linkedin.com\/company\/colt-technology-services","https:\/\/www.youtube.com\/user\/ColtTechnology"]}]}},"_links":{"self":[{"href":"https:\/\/legacy.colt.net\/es\/wp-json\/wp\/v2\/pages\/130151","targetHints":{"allow":["GET"]}}],"collection":[{"href":"https:\/\/legacy.colt.net\/es\/wp-json\/wp\/v2\/pages"}],"about":[{"href":"https:\/\/legacy.colt.net\/es\/wp-json\/wp\/v2\/types\/page"}],"author":[{"embeddable":true,"href":"https:\/\/legacy.colt.net\/es\/wp-json\/wp\/v2\/users\/164"}],"replies":[{"embeddable":true,"href":"https:\/\/legacy.colt.net\/es\/wp-json\/wp\/v2\/comments?post=130151"}],"version-history":[{"count":0,"href":"https:\/\/legacy.colt.net\/es\/wp-json\/wp\/v2\/pages\/130151\/revisions"}],"up":[{"embeddable":true,"href":"https:\/\/legacy.colt.net\/es\/wp-json\/wp\/v2\/pages\/34472"}],"wp:attachment":[{"href":"https:\/\/legacy.colt.net\/es\/wp-json\/wp\/v2\/media?parent=130151"}],"wp:term":[{"taxonomy":"colt_type","embeddable":true,"href":"https:\/\/legacy.colt.net\/es\/wp-json\/wp\/v2\/colt_type?post=130151"},{"taxonomy":"colt_products","embeddable":true,"href":"https:\/\/legacy.colt.net\/es\/wp-json\/wp\/v2\/colt_products?post=130151"}],"curies":[{"name":"wp","href":"https:\/\/api.w.org\/{rel}","templated":true}]}}