{"id":129675,"date":"2024-03-01T15:15:09","date_gmt":"2024-03-01T15:15:09","guid":{"rendered":"https:\/\/www.colt.net\/?page_id=129675"},"modified":"2024-03-01T15:15:09","modified_gmt":"2024-03-01T15:15:09","slug":"steve-neff","status":"publish","type":"page","link":"https:\/\/legacy.colt.net\/es\/about\/leadership\/steve-neff\/","title":{"rendered":"Steve Neff"},"content":{"rendered":"\n\n\t<nav class=\"breadcrumb\"><span><span><a href=\"https:\/\/legacy.colt.net\/es\/\">Home<\/a><\/span><\/span><\/nav>\n\t\t\t\t<img loading=\"lazy\" decoding=\"async\" src=\"https:\/\/legacy.colt.net\/wp-content\/uploads\/2024\/02\/Stevee_Neff.jpg\" alt=\"Stevee_Neff\" itemprop=\"image\" height=\"200\" width=\"200\" title=\"Stevee_Neff\" onerror=\"this.style.display='none'\"  \/>\n<h3>\n\t\tSteve Neff\n\t<\/h3>\n<h4>\n\t\tDirector no ejecutivo\n\t<\/h4>\n\t<p>Steve Neff es un ejecutivo de servicios financieros jubilado que ahora se dedica a participar activamente en varios consejos y que est\u00e1 profundamente comprometido con las comunidades que le interesan.<\/p>\n<p>En 2020, despu\u00e9s de 23 a\u00f1os trabajando, el Steve Neff se retir\u00f3 y dej\u00f3 de ser el responsable de Gesti\u00f3n de Activos de Fidelity Investments, un proveedor l\u00edder en la gesti\u00f3n de inversiones, la planificaci\u00f3n de jubilaciones, la orientaci\u00f3n de carteras, el corretaje, la externalizaci\u00f3n de beneficios y otros productos y servicios financieros para particulares, instituciones e intermediarios financieros. Steve Neff tambi\u00e9n fue miembro del Comit\u00e9 Operativo ejecutivo de la empresa. Se incorpor\u00f3 a Fidelity en 1996, donde ocup\u00f3 varios puestos tecnol\u00f3gicos de responsabilidad en la empresa, incluidos el de responsable de Tecnolog\u00eda y Servicios Globales, el de director de Tecnolog\u00eda Empresarial y el de responsable de Tecnolog\u00eda de Gesti\u00f3n de Activos.<\/p>\n<p>Antes de unirse a Fidelity, Steve Neff trabaj\u00f3 con Salomon Brothers en Nueva York y Londres. Ocup\u00f3 varios puestos de liderazgo tecnol\u00f3gico, incluido el de director de Desarrollo de Aplicaciones de Salomon Brothers International Limited en Londres y el de director s\u00e9nior de Operaciones a cargo de las operaciones de infraestructura y tecnolog\u00eda en Nueva York. Steve Neff comenz\u00f3 su carrera con IBM Corporation en Nueva York en 1974. Hasta 1987, ocup\u00f3 varios puestos de gesti\u00f3n de ingenier\u00eda de sistemas y tecnolog\u00eda dando apoyo al sector de los servicios financieros y a las divisiones de marketing y de servicios de IBM.<\/p>\n<p>Desde que se retir\u00f3 y dej\u00f3 su cargo a tiempo completo en Fidelity en 2020, Steve Neff ha formado parte de varios consejos de Fidelity como director independiente. Esto incluye los cargos de director de Fidelity Digital Asset Services, LLC, y de director y presidente del Comit\u00e9 de Auditor\u00eda de Fidelity Personal Trust Company FSB. En mayo de 2023, Steve Neff se uni\u00f3 a la junta principal de Fidelity, FMR LLC, como director y miembro del Comit\u00e9 de Auditor\u00eda.<\/p>\n<p>Steve Neff es un gran defensor de la diversidad y la inclusi\u00f3n, y cree que la innovaci\u00f3n necesaria para ofrecer soluciones que superen las necesidades de los clientes se logra mejor acogiendo las diferencias, los talentos y las perspectivas particulares de cada empleado. Para llevar esta convicci\u00f3n a la pr\u00e1ctica, Steve Neff se enorgullece especialmente de su rol anterior como patrocinador ejecutivo del grupo de recursos de los empleados PRIDE de Fidelity, un equipo de la empresa que apoya a la comunidad LGBTA.<\/p>\n<p>Steve Neff es miembro em\u00e9rito de la Junta de Common Impact, una organizaci\u00f3n sin \u00e1nimo de lucro que pone a los profesionales de los negocios en contacto con organizaciones sin \u00e1nimo de lucro locales de alto potencial. Tambi\u00e9n es miembro em\u00e9rito de la Junta de St. Francis House, que ofrece servicios integrales para personas y familias sin hogar en Boston. Steve Neff tambi\u00e9n participa cada a\u00f1o con Team Fidelity en el Pan-Mass Challenge\u00ae para recaudar fondos para la atenci\u00f3n y la investigaci\u00f3n del c\u00e1ncer en Dana-Farber.<\/p>\n<p>Steve Neff se gradu\u00f3 en Matem\u00e1ticas en el Rutgers College en 1974. \u00c9l y su esposa Mary tienen cinco hijos y viven en Sudbury, Massachusetts.<\/p>\n\t\t\t\t\t\t<h4>\n\t\t\t\t<a href=https:\/\/legacy.colt.net\/es\/resources\/colt-presta-servicios-de-red-a-la-berlinale-como-partner-oficial-del-festival-2\/ title=\"Colt presta servicios de red a la Berlinale como partner oficial del festival\" tabindex=\"0\">Colt presta servicios de red a la Berlinale como partner oficial del festival<\/a>\t\t\t<\/h4>\n\t\t\t<a href=\"https:\/\/legacy.colt.net\/es\/resources\/colt-presta-servicios-de-red-a-la-berlinale-como-partner-oficial-del-festival-2\/\" target=\"_self\" rel=\"noopener\">Read More &#8594;<\/a>\t\t\n\t\t\t\t\t\t<h4>\n\t\t\t\t<a href=https:\/\/legacy.colt.net\/es\/resources\/colt-brilla-en-2023-recapitulacion-de-nuestros-premios\/ title=\"Colt brilla en 2023: recapitulaci\u00f3n de nuestros premios\" tabindex=\"0\">Colt brilla en 2023: recapitulaci\u00f3n de nuestros premios<\/a>\t\t\t<\/h4>\n\t\t\t<a href=\"https:\/\/legacy.colt.net\/es\/resources\/colt-brilla-en-2023-recapitulacion-de-nuestros-premios\/\" target=\"_self\" rel=\"noopener\">Read More &#8594;<\/a>\t\t\n\t\t\t\t\t\t<h4>\n\t\t\t\t<a href=https:\/\/legacy.colt.net\/es\/resources\/colt-obtiene-la-certificacion-mas-alta-en-el-esquema-nacional-de-seguridad\/ title=\"Colt obtiene la certificaci\u00f3n m\u00e1s alta en el Esquema Nacional de Seguridad\" tabindex=\"0\">Colt obtiene la certificaci\u00f3n m\u00e1s alta en el Esquema Nacional de Seguridad<\/a>\t\t\t<\/h4>\n\t\t\t<a href=\"https:\/\/legacy.colt.net\/es\/resources\/colt-obtiene-la-certificacion-mas-alta-en-el-esquema-nacional-de-seguridad\/\" target=\"_self\" rel=\"noopener\">Read More &#8594;<\/a>\t\t\n\t\t\t\t\t\t<h4>\n\t\t\t\t<a href=https:\/\/legacy.colt.net\/es\/resources\/colt-amplia-network-as-a-service-a-diez-nuevos-paises-y-lanza-un-nuevo-router-virtual-de-bajo-consumo\/ title=\"Colt ampl\u00eda Network as a Service a diez nuevos pa\u00edses y lanza un nuevo router virtual de bajo consumo\" tabindex=\"0\">Colt ampl\u00eda Network as a Service a diez nuevos pa\u00edses y lanza un nuevo router virtual de bajo consumo<\/a>\t\t\t<\/h4>\n\t\t\t<a href=\"https:\/\/legacy.colt.net\/es\/resources\/colt-amplia-network-as-a-service-a-diez-nuevos-paises-y-lanza-un-nuevo-router-virtual-de-bajo-consumo\/\" target=\"_self\" rel=\"noopener\">Read More &#8594;<\/a>\t\t\n\n","protected":false},"excerpt":{"rendered":"<p>Steve Neff Director no ejecutivo Steve Neff es un ejecutivo de servicios financieros jubilado que ahora se dedica a participar activamente en varios consejos y que est\u00e1 profundamente comprometido con las comunidades que le interesan. En 2020, despu\u00e9s de 23 a\u00f1os trabajando, el Steve Neff se retir\u00f3 y dej\u00f3 de ser el responsable de Gesti\u00f3n&#8230;<\/p>\n","protected":false},"author":164,"featured_media":0,"parent":34472,"menu_order":0,"comment_status":"closed","ping_status":"closed","template":"","meta":{"_acf_changed":false,"footnotes":""},"colt_type":[],"colt_products":[],"class_list":["post-129675","page","type-page","status-publish","hentry"],"acf":[],"yoast_head":"<!-- This site is optimized with the Yoast SEO plugin v26.8 - https:\/\/yoast.com\/product\/yoast-seo-wordpress\/ -->\n<title>Steve Neff - Colt Technology Services<\/title>\n<meta name=\"description\" content=\"Steve Neff Colt Technology Services\" \/>\n<meta name=\"robots\" content=\"noindex, follow, max-snippet:-1, max-image-preview:large, max-video-preview:-1\" \/>\n<meta property=\"og:locale\" content=\"es_ES\" \/>\n<meta property=\"og:type\" content=\"article\" \/>\n<meta property=\"og:title\" content=\"Steve Neff - Colt Technology Services\" \/>\n<meta property=\"og:description\" content=\"Steve Neff Colt Technology Services\" \/>\n<meta property=\"og:url\" content=\"https:\/\/legacy.colt.net\/es\/about\/leadership\/steve-neff\/\" \/>\n<meta property=\"og:site_name\" content=\"Colt Technology Services\" \/>\n<meta property=\"article:publisher\" content=\"https:\/\/www.facebook.com\/ColtTechnologyServices\/\" \/>\n<meta property=\"og:image\" content=\"https:\/\/legacy.colt.net\/wp-content\/uploads\/2021\/01\/Brand-2021-Stock-27.jpg\" \/>\n\t<meta property=\"og:image:width\" content=\"1000\" \/>\n\t<meta property=\"og:image:height\" content=\"667\" \/>\n\t<meta property=\"og:image:type\" content=\"image\/jpeg\" \/>\n<meta name=\"twitter:card\" content=\"summary_large_image\" \/>\n<meta name=\"twitter:site\" content=\"@colt_technology\" \/>\n<script type=\"application\/ld+json\" class=\"yoast-schema-graph\">{\"@context\":\"https:\/\/schema.org\",\"@graph\":[{\"@type\":\"WebPage\",\"@id\":\"https:\/\/legacy.colt.net\/es\/about\/leadership\/steve-neff\/\",\"url\":\"https:\/\/legacy.colt.net\/es\/about\/leadership\/steve-neff\/\",\"name\":\"Steve Neff - Colt Technology Services\",\"isPartOf\":{\"@id\":\"https:\/\/legacy.colt.net\/#website\"},\"primaryImageOfPage\":{\"@id\":\"https:\/\/legacy.colt.net\/es\/about\/leadership\/steve-neff\/#primaryimage\"},\"image\":{\"@id\":\"https:\/\/legacy.colt.net\/es\/about\/leadership\/steve-neff\/#primaryimage\"},\"thumbnailUrl\":\"https:\/\/legacy.colt.net\/wp-content\/uploads\/2024\/02\/Stevee_Neff.jpg\",\"datePublished\":\"2024-03-01T15:15:09+00:00\",\"description\":\"Steve Neff Colt Technology Services\",\"breadcrumb\":{\"@id\":\"https:\/\/legacy.colt.net\/es\/about\/leadership\/steve-neff\/#breadcrumb\"},\"inLanguage\":\"es-ES\",\"potentialAction\":[{\"@type\":\"ReadAction\",\"target\":[\"https:\/\/legacy.colt.net\/es\/about\/leadership\/steve-neff\/\"]}]},{\"@type\":\"ImageObject\",\"inLanguage\":\"es-ES\",\"@id\":\"https:\/\/legacy.colt.net\/es\/about\/leadership\/steve-neff\/#primaryimage\",\"url\":\"https:\/\/legacy.colt.net\/wp-content\/uploads\/2024\/02\/Stevee_Neff.jpg\",\"contentUrl\":\"https:\/\/legacy.colt.net\/wp-content\/uploads\/2024\/02\/Stevee_Neff.jpg\"},{\"@type\":\"BreadcrumbList\",\"@id\":\"https:\/\/legacy.colt.net\/es\/about\/leadership\/steve-neff\/#breadcrumb\",\"itemListElement\":[{\"@type\":\"ListItem\",\"position\":1,\"name\":\"Home\",\"item\":\"https:\/\/legacy.colt.net\/es\/\"},{\"@type\":\"ListItem\",\"position\":2,\"name\":\"Acerca de Colt\",\"item\":\"https:\/\/legacy.colt.net\/es\/about\/\"},{\"@type\":\"ListItem\",\"position\":3,\"name\":\"Liderazgo\",\"item\":\"https:\/\/legacy.colt.net\/es\/about\/leadership\/\"},{\"@type\":\"ListItem\",\"position\":4,\"name\":\"Steve Neff\"}]},{\"@type\":\"WebSite\",\"@id\":\"https:\/\/legacy.colt.net\/#website\",\"url\":\"https:\/\/legacy.colt.net\/\",\"name\":\"Colt\u30c6\u30af\u30ce\u30ed\u30b8\u30fc\u30b5\u30fc\u30d3\u30b9\u682a\u5f0f\u4f1a\u793e\",\"description\":\"Managed Network &amp; Voice Services Provider\",\"publisher\":{\"@id\":\"https:\/\/legacy.colt.net\/#organization\"},\"potentialAction\":[{\"@type\":\"SearchAction\",\"target\":{\"@type\":\"EntryPoint\",\"urlTemplate\":\"https:\/\/legacy.colt.net\/?s={search_term_string}\"},\"query-input\":{\"@type\":\"PropertyValueSpecification\",\"valueRequired\":true,\"valueName\":\"search_term_string\"}}],\"inLanguage\":\"es-ES\"},{\"@type\":\"Organization\",\"@id\":\"https:\/\/legacy.colt.net\/#organization\",\"name\":\"Colt Technology Services\",\"url\":\"https:\/\/legacy.colt.net\/\",\"logo\":{\"@type\":\"ImageObject\",\"inLanguage\":\"es-ES\",\"@id\":\"https:\/\/legacy.colt.net\/#\/schema\/logo\/image\/\",\"url\":\"https:\/\/legacy.colt.net\/wp-content\/uploads\/2019\/02\/Colt-Logo.png\",\"contentUrl\":\"https:\/\/legacy.colt.net\/wp-content\/uploads\/2019\/02\/Colt-Logo.png\",\"width\":195,\"height\":77,\"caption\":\"Colt Technology Services\"},\"image\":{\"@id\":\"https:\/\/legacy.colt.net\/#\/schema\/logo\/image\/\"},\"sameAs\":[\"https:\/\/www.facebook.com\/ColtTechnologyServices\/\",\"https:\/\/x.com\/colt_technology\",\"https:\/\/www.instagram.com\/colttechnologyservices\/\",\"https:\/\/www.linkedin.com\/company\/colt-technology-services\",\"https:\/\/www.youtube.com\/user\/ColtTechnology\"]}]}<\/script>\n<!-- \/ Yoast SEO plugin. -->","yoast_head_json":{"title":"Steve Neff - Colt Technology Services","description":"Steve Neff Colt Technology Services","robots":{"index":"noindex","follow":"follow","max-snippet":"max-snippet:-1","max-image-preview":"max-image-preview:large","max-video-preview":"max-video-preview:-1"},"og_locale":"es_ES","og_type":"article","og_title":"Steve Neff - Colt Technology Services","og_description":"Steve Neff Colt Technology Services","og_url":"https:\/\/legacy.colt.net\/es\/about\/leadership\/steve-neff\/","og_site_name":"Colt Technology Services","article_publisher":"https:\/\/www.facebook.com\/ColtTechnologyServices\/","og_image":[{"width":1000,"height":667,"url":"https:\/\/legacy.colt.net\/wp-content\/uploads\/2021\/01\/Brand-2021-Stock-27.jpg","type":"image\/jpeg"}],"twitter_card":"summary_large_image","twitter_site":"@colt_technology","schema":{"@context":"https:\/\/schema.org","@graph":[{"@type":"WebPage","@id":"https:\/\/legacy.colt.net\/es\/about\/leadership\/steve-neff\/","url":"https:\/\/legacy.colt.net\/es\/about\/leadership\/steve-neff\/","name":"Steve Neff - Colt Technology Services","isPartOf":{"@id":"https:\/\/legacy.colt.net\/#website"},"primaryImageOfPage":{"@id":"https:\/\/legacy.colt.net\/es\/about\/leadership\/steve-neff\/#primaryimage"},"image":{"@id":"https:\/\/legacy.colt.net\/es\/about\/leadership\/steve-neff\/#primaryimage"},"thumbnailUrl":"https:\/\/legacy.colt.net\/wp-content\/uploads\/2024\/02\/Stevee_Neff.jpg","datePublished":"2024-03-01T15:15:09+00:00","description":"Steve Neff Colt Technology Services","breadcrumb":{"@id":"https:\/\/legacy.colt.net\/es\/about\/leadership\/steve-neff\/#breadcrumb"},"inLanguage":"es-ES","potentialAction":[{"@type":"ReadAction","target":["https:\/\/legacy.colt.net\/es\/about\/leadership\/steve-neff\/"]}]},{"@type":"ImageObject","inLanguage":"es-ES","@id":"https:\/\/legacy.colt.net\/es\/about\/leadership\/steve-neff\/#primaryimage","url":"https:\/\/legacy.colt.net\/wp-content\/uploads\/2024\/02\/Stevee_Neff.jpg","contentUrl":"https:\/\/legacy.colt.net\/wp-content\/uploads\/2024\/02\/Stevee_Neff.jpg"},{"@type":"BreadcrumbList","@id":"https:\/\/legacy.colt.net\/es\/about\/leadership\/steve-neff\/#breadcrumb","itemListElement":[{"@type":"ListItem","position":1,"name":"Home","item":"https:\/\/legacy.colt.net\/es\/"},{"@type":"ListItem","position":2,"name":"Acerca de Colt","item":"https:\/\/legacy.colt.net\/es\/about\/"},{"@type":"ListItem","position":3,"name":"Liderazgo","item":"https:\/\/legacy.colt.net\/es\/about\/leadership\/"},{"@type":"ListItem","position":4,"name":"Steve Neff"}]},{"@type":"WebSite","@id":"https:\/\/legacy.colt.net\/#website","url":"https:\/\/legacy.colt.net\/","name":"Colt\u30c6\u30af\u30ce\u30ed\u30b8\u30fc\u30b5\u30fc\u30d3\u30b9\u682a\u5f0f\u4f1a\u793e","description":"Managed Network &amp; Voice Services Provider","publisher":{"@id":"https:\/\/legacy.colt.net\/#organization"},"potentialAction":[{"@type":"SearchAction","target":{"@type":"EntryPoint","urlTemplate":"https:\/\/legacy.colt.net\/?s={search_term_string}"},"query-input":{"@type":"PropertyValueSpecification","valueRequired":true,"valueName":"search_term_string"}}],"inLanguage":"es-ES"},{"@type":"Organization","@id":"https:\/\/legacy.colt.net\/#organization","name":"Colt Technology Services","url":"https:\/\/legacy.colt.net\/","logo":{"@type":"ImageObject","inLanguage":"es-ES","@id":"https:\/\/legacy.colt.net\/#\/schema\/logo\/image\/","url":"https:\/\/legacy.colt.net\/wp-content\/uploads\/2019\/02\/Colt-Logo.png","contentUrl":"https:\/\/legacy.colt.net\/wp-content\/uploads\/2019\/02\/Colt-Logo.png","width":195,"height":77,"caption":"Colt Technology Services"},"image":{"@id":"https:\/\/legacy.colt.net\/#\/schema\/logo\/image\/"},"sameAs":["https:\/\/www.facebook.com\/ColtTechnologyServices\/","https:\/\/x.com\/colt_technology","https:\/\/www.instagram.com\/colttechnologyservices\/","https:\/\/www.linkedin.com\/company\/colt-technology-services","https:\/\/www.youtube.com\/user\/ColtTechnology"]}]}},"_links":{"self":[{"href":"https:\/\/legacy.colt.net\/es\/wp-json\/wp\/v2\/pages\/129675","targetHints":{"allow":["GET"]}}],"collection":[{"href":"https:\/\/legacy.colt.net\/es\/wp-json\/wp\/v2\/pages"}],"about":[{"href":"https:\/\/legacy.colt.net\/es\/wp-json\/wp\/v2\/types\/page"}],"author":[{"embeddable":true,"href":"https:\/\/legacy.colt.net\/es\/wp-json\/wp\/v2\/users\/164"}],"replies":[{"embeddable":true,"href":"https:\/\/legacy.colt.net\/es\/wp-json\/wp\/v2\/comments?post=129675"}],"version-history":[{"count":0,"href":"https:\/\/legacy.colt.net\/es\/wp-json\/wp\/v2\/pages\/129675\/revisions"}],"up":[{"embeddable":true,"href":"https:\/\/legacy.colt.net\/es\/wp-json\/wp\/v2\/pages\/34472"}],"wp:attachment":[{"href":"https:\/\/legacy.colt.net\/es\/wp-json\/wp\/v2\/media?parent=129675"}],"wp:term":[{"taxonomy":"colt_type","embeddable":true,"href":"https:\/\/legacy.colt.net\/es\/wp-json\/wp\/v2\/colt_type?post=129675"},{"taxonomy":"colt_products","embeddable":true,"href":"https:\/\/legacy.colt.net\/es\/wp-json\/wp\/v2\/colt_products?post=129675"}],"curies":[{"name":"wp","href":"https:\/\/api.w.org\/{rel}","templated":true}]}}