{"id":129623,"date":"2024-02-27T15:42:51","date_gmt":"2024-02-27T15:42:51","guid":{"rendered":"https:\/\/www.colt.net\/?page_id=129623"},"modified":"2024-02-27T15:42:51","modified_gmt":"2024-02-27T15:42:51","slug":"suzanne-streeter","status":"publish","type":"page","link":"https:\/\/legacy.colt.net\/es\/about\/leadership\/suzanne-streeter\/","title":{"rendered":"Suzanne Streeter"},"content":{"rendered":"\n\n\t<nav class=\"breadcrumb\"><span><span><a href=\"https:\/\/legacy.colt.net\/es\/\">Home<\/a><\/span><\/span><\/nav>\n\t\t\t\t<img loading=\"lazy\" decoding=\"async\" src=\"https:\/\/legacy.colt.net\/wp-content\/uploads\/2024\/02\/Suzanne.jpg\" alt=\"Suzanne\" itemprop=\"image\" height=\"130\" width=\"130\" title=\"Suzanne\" onerror=\"this.style.display='none'\"  \/>\n<h3>\n\t\tSuzanne Streeter\n\t<\/h3>\n<h4>\n\t\tDirectora no ejecutiva\n\t<\/h4>\n\t<p>Suzanne se uni\u00f3 a Fidelity en 2023 como CIO de Devonshire Investments, una unidad diversificada de inversi\u00f3n de capital privado de FMR.<\/p>\n<p>Antes de Devonshire, Suzanne fue socia y co-CIO de Partners Capital Investment Group, una oficina de inversiones subcontratada que gestiona aproximadamente 50\u00a0000 millones de d\u00f3lares en nombre de familias adineradas, fundaciones y dotaciones. Pas\u00f3 casi ocho a\u00f1os en Partners Capital supervisando los programas de los mercados privados, ejerciendo incluso como gestora de carteras de una serie de fondos de mercados privados. Suzanne se incorpor\u00f3 a Partners Capital tras trabajar en Babson Capital Management, la rama de gesti\u00f3n de inversiones de MassMutual, donde dirigi\u00f3 inversiones de capital privado en Am\u00e9rica del Norte, Europa y Am\u00e9rica Latina. Antes trabaj\u00f3 cinco a\u00f1os en el equipo de capital privado de la Oficina de Inversiones de Yale y 10 a\u00f1os en la banca de inversi\u00f3n en Morgan Stanley y Berkshire Capital, donde asesor\u00f3 a instituciones financieras y gestores de activos.<\/p>\n<p>Suzanne se gradu\u00f3 en la College of the Holy Cross y cuenta con un MBA de la Escuela de Administraci\u00f3n de Yale. Suzanne es miembro de la Junta Directiva del College of the Holy Cross, donde forma parte de los comit\u00e9s de inversi\u00f3n, finanzas, gobernanza y admisiones.<\/p>\n\t\t\t\t\t\t<h4>\n\t\t\t\t<a href=https:\/\/legacy.colt.net\/es\/resources\/colt-presta-servicios-de-red-a-la-berlinale-como-partner-oficial-del-festival-2\/ title=\"Colt presta servicios de red a la Berlinale como partner oficial del festival\" tabindex=\"0\">Colt presta servicios de red a la Berlinale como partner oficial del festival<\/a>\t\t\t<\/h4>\n\t\t\t<a href=\"https:\/\/legacy.colt.net\/es\/resources\/colt-presta-servicios-de-red-a-la-berlinale-como-partner-oficial-del-festival-2\/\" target=\"_self\" rel=\"noopener\">Read More &#8594;<\/a>\t\t\n\t\t\t\t\t\t<h4>\n\t\t\t\t<a href=https:\/\/legacy.colt.net\/es\/resources\/colt-brilla-en-2023-recapitulacion-de-nuestros-premios\/ title=\"Colt brilla en 2023: recapitulaci\u00f3n de nuestros premios\" tabindex=\"0\">Colt brilla en 2023: recapitulaci\u00f3n de nuestros premios<\/a>\t\t\t<\/h4>\n\t\t\t<a href=\"https:\/\/legacy.colt.net\/es\/resources\/colt-brilla-en-2023-recapitulacion-de-nuestros-premios\/\" target=\"_self\" rel=\"noopener\">Read More &#8594;<\/a>\t\t\n\t\t\t\t\t\t<h4>\n\t\t\t\t<a href=https:\/\/legacy.colt.net\/es\/resources\/colt-obtiene-la-certificacion-mas-alta-en-el-esquema-nacional-de-seguridad\/ title=\"Colt obtiene la certificaci\u00f3n m\u00e1s alta en el Esquema Nacional de Seguridad\" tabindex=\"0\">Colt obtiene la certificaci\u00f3n m\u00e1s alta en el Esquema Nacional de Seguridad<\/a>\t\t\t<\/h4>\n\t\t\t<a href=\"https:\/\/legacy.colt.net\/es\/resources\/colt-obtiene-la-certificacion-mas-alta-en-el-esquema-nacional-de-seguridad\/\" target=\"_self\" rel=\"noopener\">Read More &#8594;<\/a>\t\t\n\t\t\t\t\t\t<h4>\n\t\t\t\t<a href=https:\/\/legacy.colt.net\/es\/resources\/colt-amplia-network-as-a-service-a-diez-nuevos-paises-y-lanza-un-nuevo-router-virtual-de-bajo-consumo\/ title=\"Colt ampl\u00eda Network as a Service a diez nuevos pa\u00edses y lanza un nuevo router virtual de bajo consumo\" tabindex=\"0\">Colt ampl\u00eda Network as a Service a diez nuevos pa\u00edses y lanza un nuevo router virtual de bajo consumo<\/a>\t\t\t<\/h4>\n\t\t\t<a href=\"https:\/\/legacy.colt.net\/es\/resources\/colt-amplia-network-as-a-service-a-diez-nuevos-paises-y-lanza-un-nuevo-router-virtual-de-bajo-consumo\/\" target=\"_self\" rel=\"noopener\">Read More &#8594;<\/a>\t\t\n\n","protected":false},"excerpt":{"rendered":"<p>Suzanne Streeter Directora no ejecutiva Suzanne se uni\u00f3 a Fidelity en 2023 como CIO de Devonshire Investments, una unidad diversificada de inversi\u00f3n de capital privado de FMR. Antes de Devonshire, Suzanne fue socia y co-CIO de Partners Capital Investment Group, una oficina de inversiones subcontratada que gestiona aproximadamente 50\u00a0000 millones de d\u00f3lares en nombre de&#8230;<\/p>\n","protected":false},"author":164,"featured_media":0,"parent":34472,"menu_order":0,"comment_status":"closed","ping_status":"closed","template":"","meta":{"_acf_changed":false,"footnotes":""},"colt_type":[],"colt_products":[],"class_list":["post-129623","page","type-page","status-publish","hentry"],"acf":[],"yoast_head":"<!-- This site is optimized with the Yoast SEO plugin v26.8 - https:\/\/yoast.com\/product\/yoast-seo-wordpress\/ -->\n<title>Suzanne Streeter - Colt Technology Services<\/title>\n<meta name=\"description\" content=\"Suzanne Streeter Colt Technology Services\" \/>\n<meta name=\"robots\" content=\"noindex, follow, max-snippet:-1, max-image-preview:large, max-video-preview:-1\" \/>\n<meta property=\"og:locale\" content=\"es_ES\" \/>\n<meta property=\"og:type\" content=\"article\" \/>\n<meta property=\"og:title\" content=\"Suzanne Streeter - Colt Technology Services\" \/>\n<meta property=\"og:description\" content=\"Suzanne Streeter Colt Technology Services\" \/>\n<meta property=\"og:url\" content=\"https:\/\/legacy.colt.net\/es\/about\/leadership\/suzanne-streeter\/\" \/>\n<meta property=\"og:site_name\" content=\"Colt Technology Services\" \/>\n<meta property=\"article:publisher\" content=\"https:\/\/www.facebook.com\/ColtTechnologyServices\/\" \/>\n<meta property=\"og:image\" content=\"https:\/\/legacy.colt.net\/wp-content\/uploads\/2021\/01\/Brand-2021-Stock-37.jpg\" \/>\n\t<meta property=\"og:image:width\" content=\"1000\" \/>\n\t<meta property=\"og:image:height\" content=\"644\" \/>\n\t<meta property=\"og:image:type\" content=\"image\/jpeg\" \/>\n<meta name=\"twitter:card\" content=\"summary_large_image\" \/>\n<meta name=\"twitter:site\" content=\"@colt_technology\" \/>\n<script type=\"application\/ld+json\" class=\"yoast-schema-graph\">{\"@context\":\"https:\/\/schema.org\",\"@graph\":[{\"@type\":\"WebPage\",\"@id\":\"https:\/\/legacy.colt.net\/es\/about\/leadership\/suzanne-streeter\/\",\"url\":\"https:\/\/legacy.colt.net\/es\/about\/leadership\/suzanne-streeter\/\",\"name\":\"Suzanne Streeter - Colt Technology Services\",\"isPartOf\":{\"@id\":\"https:\/\/legacy.colt.net\/#website\"},\"primaryImageOfPage\":{\"@id\":\"https:\/\/legacy.colt.net\/es\/about\/leadership\/suzanne-streeter\/#primaryimage\"},\"image\":{\"@id\":\"https:\/\/legacy.colt.net\/es\/about\/leadership\/suzanne-streeter\/#primaryimage\"},\"thumbnailUrl\":\"https:\/\/legacy.colt.net\/wp-content\/uploads\/2024\/02\/Suzanne.jpg\",\"datePublished\":\"2024-02-27T15:42:51+00:00\",\"description\":\"Suzanne Streeter Colt Technology Services\",\"breadcrumb\":{\"@id\":\"https:\/\/legacy.colt.net\/es\/about\/leadership\/suzanne-streeter\/#breadcrumb\"},\"inLanguage\":\"es-ES\",\"potentialAction\":[{\"@type\":\"ReadAction\",\"target\":[\"https:\/\/legacy.colt.net\/es\/about\/leadership\/suzanne-streeter\/\"]}]},{\"@type\":\"ImageObject\",\"inLanguage\":\"es-ES\",\"@id\":\"https:\/\/legacy.colt.net\/es\/about\/leadership\/suzanne-streeter\/#primaryimage\",\"url\":\"https:\/\/legacy.colt.net\/wp-content\/uploads\/2024\/02\/Suzanne.jpg\",\"contentUrl\":\"https:\/\/legacy.colt.net\/wp-content\/uploads\/2024\/02\/Suzanne.jpg\"},{\"@type\":\"BreadcrumbList\",\"@id\":\"https:\/\/legacy.colt.net\/es\/about\/leadership\/suzanne-streeter\/#breadcrumb\",\"itemListElement\":[{\"@type\":\"ListItem\",\"position\":1,\"name\":\"Home\",\"item\":\"https:\/\/legacy.colt.net\/es\/\"},{\"@type\":\"ListItem\",\"position\":2,\"name\":\"Acerca de Colt\",\"item\":\"https:\/\/legacy.colt.net\/es\/about\/\"},{\"@type\":\"ListItem\",\"position\":3,\"name\":\"Liderazgo\",\"item\":\"https:\/\/legacy.colt.net\/es\/about\/leadership\/\"},{\"@type\":\"ListItem\",\"position\":4,\"name\":\"Suzanne Streeter\"}]},{\"@type\":\"WebSite\",\"@id\":\"https:\/\/legacy.colt.net\/#website\",\"url\":\"https:\/\/legacy.colt.net\/\",\"name\":\"Colt\u30c6\u30af\u30ce\u30ed\u30b8\u30fc\u30b5\u30fc\u30d3\u30b9\u682a\u5f0f\u4f1a\u793e\",\"description\":\"Managed Network &amp; Voice Services Provider\",\"publisher\":{\"@id\":\"https:\/\/legacy.colt.net\/#organization\"},\"potentialAction\":[{\"@type\":\"SearchAction\",\"target\":{\"@type\":\"EntryPoint\",\"urlTemplate\":\"https:\/\/legacy.colt.net\/?s={search_term_string}\"},\"query-input\":{\"@type\":\"PropertyValueSpecification\",\"valueRequired\":true,\"valueName\":\"search_term_string\"}}],\"inLanguage\":\"es-ES\"},{\"@type\":\"Organization\",\"@id\":\"https:\/\/legacy.colt.net\/#organization\",\"name\":\"Colt Technology Services\",\"url\":\"https:\/\/legacy.colt.net\/\",\"logo\":{\"@type\":\"ImageObject\",\"inLanguage\":\"es-ES\",\"@id\":\"https:\/\/legacy.colt.net\/#\/schema\/logo\/image\/\",\"url\":\"https:\/\/legacy.colt.net\/wp-content\/uploads\/2019\/02\/Colt-Logo.png\",\"contentUrl\":\"https:\/\/legacy.colt.net\/wp-content\/uploads\/2019\/02\/Colt-Logo.png\",\"width\":195,\"height\":77,\"caption\":\"Colt Technology Services\"},\"image\":{\"@id\":\"https:\/\/legacy.colt.net\/#\/schema\/logo\/image\/\"},\"sameAs\":[\"https:\/\/www.facebook.com\/ColtTechnologyServices\/\",\"https:\/\/x.com\/colt_technology\",\"https:\/\/www.instagram.com\/colttechnologyservices\/\",\"https:\/\/www.linkedin.com\/company\/colt-technology-services\",\"https:\/\/www.youtube.com\/user\/ColtTechnology\"]}]}<\/script>\n<!-- \/ Yoast SEO plugin. -->","yoast_head_json":{"title":"Suzanne Streeter - Colt Technology Services","description":"Suzanne Streeter Colt Technology Services","robots":{"index":"noindex","follow":"follow","max-snippet":"max-snippet:-1","max-image-preview":"max-image-preview:large","max-video-preview":"max-video-preview:-1"},"og_locale":"es_ES","og_type":"article","og_title":"Suzanne Streeter - Colt Technology Services","og_description":"Suzanne Streeter Colt Technology Services","og_url":"https:\/\/legacy.colt.net\/es\/about\/leadership\/suzanne-streeter\/","og_site_name":"Colt Technology Services","article_publisher":"https:\/\/www.facebook.com\/ColtTechnologyServices\/","og_image":[{"width":1000,"height":644,"url":"https:\/\/legacy.colt.net\/wp-content\/uploads\/2021\/01\/Brand-2021-Stock-37.jpg","type":"image\/jpeg"}],"twitter_card":"summary_large_image","twitter_site":"@colt_technology","schema":{"@context":"https:\/\/schema.org","@graph":[{"@type":"WebPage","@id":"https:\/\/legacy.colt.net\/es\/about\/leadership\/suzanne-streeter\/","url":"https:\/\/legacy.colt.net\/es\/about\/leadership\/suzanne-streeter\/","name":"Suzanne Streeter - Colt Technology Services","isPartOf":{"@id":"https:\/\/legacy.colt.net\/#website"},"primaryImageOfPage":{"@id":"https:\/\/legacy.colt.net\/es\/about\/leadership\/suzanne-streeter\/#primaryimage"},"image":{"@id":"https:\/\/legacy.colt.net\/es\/about\/leadership\/suzanne-streeter\/#primaryimage"},"thumbnailUrl":"https:\/\/legacy.colt.net\/wp-content\/uploads\/2024\/02\/Suzanne.jpg","datePublished":"2024-02-27T15:42:51+00:00","description":"Suzanne Streeter Colt Technology Services","breadcrumb":{"@id":"https:\/\/legacy.colt.net\/es\/about\/leadership\/suzanne-streeter\/#breadcrumb"},"inLanguage":"es-ES","potentialAction":[{"@type":"ReadAction","target":["https:\/\/legacy.colt.net\/es\/about\/leadership\/suzanne-streeter\/"]}]},{"@type":"ImageObject","inLanguage":"es-ES","@id":"https:\/\/legacy.colt.net\/es\/about\/leadership\/suzanne-streeter\/#primaryimage","url":"https:\/\/legacy.colt.net\/wp-content\/uploads\/2024\/02\/Suzanne.jpg","contentUrl":"https:\/\/legacy.colt.net\/wp-content\/uploads\/2024\/02\/Suzanne.jpg"},{"@type":"BreadcrumbList","@id":"https:\/\/legacy.colt.net\/es\/about\/leadership\/suzanne-streeter\/#breadcrumb","itemListElement":[{"@type":"ListItem","position":1,"name":"Home","item":"https:\/\/legacy.colt.net\/es\/"},{"@type":"ListItem","position":2,"name":"Acerca de Colt","item":"https:\/\/legacy.colt.net\/es\/about\/"},{"@type":"ListItem","position":3,"name":"Liderazgo","item":"https:\/\/legacy.colt.net\/es\/about\/leadership\/"},{"@type":"ListItem","position":4,"name":"Suzanne Streeter"}]},{"@type":"WebSite","@id":"https:\/\/legacy.colt.net\/#website","url":"https:\/\/legacy.colt.net\/","name":"Colt\u30c6\u30af\u30ce\u30ed\u30b8\u30fc\u30b5\u30fc\u30d3\u30b9\u682a\u5f0f\u4f1a\u793e","description":"Managed Network &amp; Voice Services Provider","publisher":{"@id":"https:\/\/legacy.colt.net\/#organization"},"potentialAction":[{"@type":"SearchAction","target":{"@type":"EntryPoint","urlTemplate":"https:\/\/legacy.colt.net\/?s={search_term_string}"},"query-input":{"@type":"PropertyValueSpecification","valueRequired":true,"valueName":"search_term_string"}}],"inLanguage":"es-ES"},{"@type":"Organization","@id":"https:\/\/legacy.colt.net\/#organization","name":"Colt Technology Services","url":"https:\/\/legacy.colt.net\/","logo":{"@type":"ImageObject","inLanguage":"es-ES","@id":"https:\/\/legacy.colt.net\/#\/schema\/logo\/image\/","url":"https:\/\/legacy.colt.net\/wp-content\/uploads\/2019\/02\/Colt-Logo.png","contentUrl":"https:\/\/legacy.colt.net\/wp-content\/uploads\/2019\/02\/Colt-Logo.png","width":195,"height":77,"caption":"Colt Technology Services"},"image":{"@id":"https:\/\/legacy.colt.net\/#\/schema\/logo\/image\/"},"sameAs":["https:\/\/www.facebook.com\/ColtTechnologyServices\/","https:\/\/x.com\/colt_technology","https:\/\/www.instagram.com\/colttechnologyservices\/","https:\/\/www.linkedin.com\/company\/colt-technology-services","https:\/\/www.youtube.com\/user\/ColtTechnology"]}]}},"_links":{"self":[{"href":"https:\/\/legacy.colt.net\/es\/wp-json\/wp\/v2\/pages\/129623","targetHints":{"allow":["GET"]}}],"collection":[{"href":"https:\/\/legacy.colt.net\/es\/wp-json\/wp\/v2\/pages"}],"about":[{"href":"https:\/\/legacy.colt.net\/es\/wp-json\/wp\/v2\/types\/page"}],"author":[{"embeddable":true,"href":"https:\/\/legacy.colt.net\/es\/wp-json\/wp\/v2\/users\/164"}],"replies":[{"embeddable":true,"href":"https:\/\/legacy.colt.net\/es\/wp-json\/wp\/v2\/comments?post=129623"}],"version-history":[{"count":0,"href":"https:\/\/legacy.colt.net\/es\/wp-json\/wp\/v2\/pages\/129623\/revisions"}],"up":[{"embeddable":true,"href":"https:\/\/legacy.colt.net\/es\/wp-json\/wp\/v2\/pages\/34472"}],"wp:attachment":[{"href":"https:\/\/legacy.colt.net\/es\/wp-json\/wp\/v2\/media?parent=129623"}],"wp:term":[{"taxonomy":"colt_type","embeddable":true,"href":"https:\/\/legacy.colt.net\/es\/wp-json\/wp\/v2\/colt_type?post=129623"},{"taxonomy":"colt_products","embeddable":true,"href":"https:\/\/legacy.colt.net\/es\/wp-json\/wp\/v2\/colt_products?post=129623"}],"curies":[{"name":"wp","href":"https:\/\/api.w.org\/{rel}","templated":true}]}}