{"id":125772,"date":"2023-10-31T16:34:06","date_gmt":"2023-10-31T16:34:06","guid":{"rendered":"https:\/\/www.colt.net\/?page_id=125772"},"modified":"2023-10-31T16:40:35","modified_gmt":"2023-10-31T16:40:35","slug":"annette-murphy","status":"publish","type":"page","link":"https:\/\/legacy.colt.net\/es\/about\/leadership\/annette-murphy\/","title":{"rendered":"Annette Murphy"},"content":{"rendered":"\n\n\t<nav class=\"breadcrumb\"><span><span><a href=\"https:\/\/legacy.colt.net\/es\/\">Home<\/a><\/span><\/span><\/nav>\n\t\t\t\t<img loading=\"lazy\" decoding=\"async\" src=\"https:\/\/legacy.colt.net\/wp-content\/uploads\/2023\/10\/Annette-Murphy.png\" alt=\"Annette-Murphy\" itemprop=\"image\" height=\"5380\" width=\"4102\" title=\"Annette-Murphy\" onerror=\"this.style.display='none'\"  \/>\n<h3>\n\t\tAnnette Murphy\n\t<\/h3>\n<h4>\n\t\tDirectora comercial\n\t<\/h4>\n\t<p>Annette Murphy es la directora comercial de Colt y depende directamente de la directora ejecutiva de Colt, Keri Gilder. En este cargo, Annette es responsable de gestionar todas las actividades de salida al mercado de Colt para impulsar un crecimiento rentable de los ingresos y una fuerte presencia en el mercado, liderando equipos globales en las asociaciones de ventas, marketing, \u00e9xito del cliente, productos, comerciales y estrat\u00e9gicas. Tambi\u00e9n trabaja en estrecha colaboraci\u00f3n con la organizaci\u00f3n en general para garantizar que Colt cumpla con su prop\u00f3sito y su visi\u00f3n generales. La amplia experiencia de Annette en tecnolog\u00eda B2B y liderazgo en telecomunicaciones incluye conocimientos en materia de estrategia comercial global, gesti\u00f3n del cambio y creaci\u00f3n de equipos de alto rendimiento para lograr un crecimiento significativo y transformar los resultados comerciales. Antes de unirse a Colt, Annette fue presidenta regional para EMEA y APAC en Lumen Technologies. Antes de Lumen, ocup\u00f3 varios puestos de liderazgo en Zayo y diversos puestos directivos en Geo Networks y BT. Annette tiene una licenciatura en comercio que incluye gesti\u00f3n estrat\u00e9gica y marketing del University College Cork, Irlanda, y un t\u00edtulo del Chartered Institute of Management Accountants (CIMA) en contabilidad de gesti\u00f3n. Annette vive en Londres con su marido y sus tres hijos y trabaja en la oficina central de Colt en Londres.<\/p>\n\t\t\t\t\t\t<h4>\n\t\t\t\t<a href=https:\/\/legacy.colt.net\/es\/resources\/planeta-formation-y-universidades\/ title=\"Private: Planeta Formaci\u00f3n y Universidades\" tabindex=\"0\">Private: Planeta Formaci\u00f3n y Universidades<\/a>\t\t\t<\/h4>\n\t\t\t<a href=\"https:\/\/legacy.colt.net\/es\/resources\/planeta-formation-y-universidades\/\" target=\"_self\" rel=\"noopener\">Sigue leyendo &#8594;<\/a>\t\t\n\t\t\t\t\t\t<h4>\n\t\t\t\t<a href=https:\/\/legacy.colt.net\/es\/resources\/colt-asegura-servicios-de-telecomunicaciones-de-calidad-para-la-cnmc\/ title=\"Colt asegura Servicios de Telecomunicaciones de calidad para la CNMC\" tabindex=\"0\">Colt asegura Servicios de Telecomunicaciones de calidad para la CNMC<\/a>\t\t\t<\/h4>\n\t\t\t<a href=\"https:\/\/legacy.colt.net\/es\/resources\/colt-asegura-servicios-de-telecomunicaciones-de-calidad-para-la-cnmc\/\" target=\"_self\" rel=\"noopener\">Sigue leyendo &#8594;<\/a>\t\t\n\t\t\t\t\t\t<h4>\n\t\t\t\t<a href=https:\/\/legacy.colt.net\/es\/resources\/colt-asegura-su-clasificacion-platino-en-ecovadis-por-segundo-ano-consecutivo-como-reconocimiento-por-su-trabajo-en-los-criterios-esg\/ title=\"Colt asegura su clasificaci\u00f3n Platino en EcoVadis por segundo a\u00f1o consecutivo como reconocimiento por su trabajo en los criterios ESG\" tabindex=\"0\">Colt asegura su clasificaci\u00f3n Platino en EcoVadis por segundo a\u00f1o consecutivo como reconocimiento por su trabajo en los criterios ESG<\/a>\t\t\t<\/h4>\n\t\t\t<a href=\"https:\/\/legacy.colt.net\/es\/resources\/colt-asegura-su-clasificacion-platino-en-ecovadis-por-segundo-ano-consecutivo-como-reconocimiento-por-su-trabajo-en-los-criterios-esg\/\" target=\"_self\" rel=\"noopener\">Sigue leyendo &#8594;<\/a>\t\t\n\t\t\t\t\t\t<h4>\n\t\t\t\t<a href=https:\/\/legacy.colt.net\/es\/resources\/el-futuro-es-sostenible-como-pueden-hacerlo-realidad-las-empresas\/ title=\"El futuro es sostenible: \u00bfc\u00f3mo pueden hacerlo realidad las empresas?\" tabindex=\"0\">El futuro es sostenible: \u00bfc\u00f3mo pueden hacerlo realidad las empresas?<\/a>\t\t\t<\/h4>\n\t\t\t<a href=\"https:\/\/legacy.colt.net\/es\/resources\/el-futuro-es-sostenible-como-pueden-hacerlo-realidad-las-empresas\/\" target=\"_self\" rel=\"noopener\">Sigue leyendo &#8594;<\/a>\t\t\n\n","protected":false},"excerpt":{"rendered":"<p>Annette Murphy Directora comercial Annette Murphy es la directora comercial de Colt y depende directamente de la directora ejecutiva de Colt, Keri Gilder. En este cargo, Annette es responsable de gestionar todas las actividades de salida al mercado de Colt para impulsar un crecimiento rentable de los ingresos y una fuerte presencia en el mercado,&#8230;<\/p>\n","protected":false},"author":2,"featured_media":0,"parent":34472,"menu_order":0,"comment_status":"closed","ping_status":"closed","template":"","meta":{"_acf_changed":false,"footnotes":""},"colt_type":[],"colt_products":[],"class_list":["post-125772","page","type-page","status-publish","hentry"],"acf":[],"yoast_head":"<!-- This site is optimized with the Yoast SEO plugin v26.8 - https:\/\/yoast.com\/product\/yoast-seo-wordpress\/ -->\n<title>Annette Murphy - Colt Technology Services<\/title>\n<meta name=\"description\" content=\"Annette Murphy Colt Technology Services\" \/>\n<meta name=\"robots\" content=\"noindex, follow, max-snippet:-1, max-image-preview:large, max-video-preview:-1\" \/>\n<meta property=\"og:locale\" content=\"es_ES\" \/>\n<meta property=\"og:type\" content=\"article\" \/>\n<meta property=\"og:title\" content=\"Annette Murphy - Colt Technology Services\" \/>\n<meta property=\"og:description\" content=\"Annette Murphy Colt Technology Services\" \/>\n<meta property=\"og:url\" content=\"https:\/\/legacy.colt.net\/es\/about\/leadership\/annette-murphy\/\" \/>\n<meta property=\"og:site_name\" content=\"Colt Technology Services\" \/>\n<meta property=\"article:publisher\" content=\"https:\/\/www.facebook.com\/ColtTechnologyServices\/\" \/>\n<meta property=\"article:modified_time\" content=\"2023-10-31T16:40:35+00:00\" \/>\n<meta property=\"og:image\" content=\"https:\/\/legacy.colt.net\/wp-content\/uploads\/2021\/01\/Brand-2021-Stock-6-1.jpg\" \/>\n\t<meta property=\"og:image:width\" content=\"1000\" \/>\n\t<meta property=\"og:image:height\" content=\"667\" \/>\n\t<meta property=\"og:image:type\" content=\"image\/jpeg\" \/>\n<meta name=\"twitter:card\" content=\"summary_large_image\" \/>\n<meta name=\"twitter:site\" content=\"@colt_technology\" \/>\n<script type=\"application\/ld+json\" class=\"yoast-schema-graph\">{\"@context\":\"https:\/\/schema.org\",\"@graph\":[{\"@type\":\"WebPage\",\"@id\":\"https:\/\/legacy.colt.net\/es\/about\/leadership\/annette-murphy\/\",\"url\":\"https:\/\/legacy.colt.net\/es\/about\/leadership\/annette-murphy\/\",\"name\":\"Annette Murphy - Colt Technology Services\",\"isPartOf\":{\"@id\":\"https:\/\/legacy.colt.net\/#website\"},\"primaryImageOfPage\":{\"@id\":\"https:\/\/legacy.colt.net\/es\/about\/leadership\/annette-murphy\/#primaryimage\"},\"image\":{\"@id\":\"https:\/\/legacy.colt.net\/es\/about\/leadership\/annette-murphy\/#primaryimage\"},\"thumbnailUrl\":\"https:\/\/legacy.colt.net\/wp-content\/uploads\/2023\/10\/Annette-Murphy.png\",\"datePublished\":\"2023-10-31T16:34:06+00:00\",\"dateModified\":\"2023-10-31T16:40:35+00:00\",\"description\":\"Annette Murphy Colt Technology Services\",\"breadcrumb\":{\"@id\":\"https:\/\/legacy.colt.net\/es\/about\/leadership\/annette-murphy\/#breadcrumb\"},\"inLanguage\":\"es-ES\",\"potentialAction\":[{\"@type\":\"ReadAction\",\"target\":[\"https:\/\/legacy.colt.net\/es\/about\/leadership\/annette-murphy\/\"]}]},{\"@type\":\"ImageObject\",\"inLanguage\":\"es-ES\",\"@id\":\"https:\/\/legacy.colt.net\/es\/about\/leadership\/annette-murphy\/#primaryimage\",\"url\":\"https:\/\/legacy.colt.net\/wp-content\/uploads\/2023\/10\/Annette-Murphy.png\",\"contentUrl\":\"https:\/\/legacy.colt.net\/wp-content\/uploads\/2023\/10\/Annette-Murphy.png\"},{\"@type\":\"BreadcrumbList\",\"@id\":\"https:\/\/legacy.colt.net\/es\/about\/leadership\/annette-murphy\/#breadcrumb\",\"itemListElement\":[{\"@type\":\"ListItem\",\"position\":1,\"name\":\"Home\",\"item\":\"https:\/\/legacy.colt.net\/es\/\"},{\"@type\":\"ListItem\",\"position\":2,\"name\":\"Acerca de Colt\",\"item\":\"https:\/\/legacy.colt.net\/es\/about\/\"},{\"@type\":\"ListItem\",\"position\":3,\"name\":\"Liderazgo\",\"item\":\"https:\/\/legacy.colt.net\/es\/about\/leadership\/\"},{\"@type\":\"ListItem\",\"position\":4,\"name\":\"Private: Annette Murphy\"}]},{\"@type\":\"WebSite\",\"@id\":\"https:\/\/legacy.colt.net\/#website\",\"url\":\"https:\/\/legacy.colt.net\/\",\"name\":\"Colt\u30c6\u30af\u30ce\u30ed\u30b8\u30fc\u30b5\u30fc\u30d3\u30b9\u682a\u5f0f\u4f1a\u793e\",\"description\":\"Managed Network &amp; Voice Services Provider\",\"publisher\":{\"@id\":\"https:\/\/legacy.colt.net\/#organization\"},\"potentialAction\":[{\"@type\":\"SearchAction\",\"target\":{\"@type\":\"EntryPoint\",\"urlTemplate\":\"https:\/\/legacy.colt.net\/?s={search_term_string}\"},\"query-input\":{\"@type\":\"PropertyValueSpecification\",\"valueRequired\":true,\"valueName\":\"search_term_string\"}}],\"inLanguage\":\"es-ES\"},{\"@type\":\"Organization\",\"@id\":\"https:\/\/legacy.colt.net\/#organization\",\"name\":\"Colt Technology Services\",\"url\":\"https:\/\/legacy.colt.net\/\",\"logo\":{\"@type\":\"ImageObject\",\"inLanguage\":\"es-ES\",\"@id\":\"https:\/\/legacy.colt.net\/#\/schema\/logo\/image\/\",\"url\":\"https:\/\/legacy.colt.net\/wp-content\/uploads\/2019\/02\/Colt-Logo.png\",\"contentUrl\":\"https:\/\/legacy.colt.net\/wp-content\/uploads\/2019\/02\/Colt-Logo.png\",\"width\":195,\"height\":77,\"caption\":\"Colt Technology Services\"},\"image\":{\"@id\":\"https:\/\/legacy.colt.net\/#\/schema\/logo\/image\/\"},\"sameAs\":[\"https:\/\/www.facebook.com\/ColtTechnologyServices\/\",\"https:\/\/x.com\/colt_technology\",\"https:\/\/www.instagram.com\/colttechnologyservices\/\",\"https:\/\/www.linkedin.com\/company\/colt-technology-services\",\"https:\/\/www.youtube.com\/user\/ColtTechnology\"]}]}<\/script>\n<!-- \/ Yoast SEO plugin. -->","yoast_head_json":{"title":"Annette Murphy - Colt Technology Services","description":"Annette Murphy Colt Technology Services","robots":{"index":"noindex","follow":"follow","max-snippet":"max-snippet:-1","max-image-preview":"max-image-preview:large","max-video-preview":"max-video-preview:-1"},"og_locale":"es_ES","og_type":"article","og_title":"Annette Murphy - Colt Technology Services","og_description":"Annette Murphy Colt Technology Services","og_url":"https:\/\/legacy.colt.net\/es\/about\/leadership\/annette-murphy\/","og_site_name":"Colt Technology Services","article_publisher":"https:\/\/www.facebook.com\/ColtTechnologyServices\/","article_modified_time":"2023-10-31T16:40:35+00:00","og_image":[{"width":1000,"height":667,"url":"https:\/\/legacy.colt.net\/wp-content\/uploads\/2021\/01\/Brand-2021-Stock-6-1.jpg","type":"image\/jpeg"}],"twitter_card":"summary_large_image","twitter_site":"@colt_technology","schema":{"@context":"https:\/\/schema.org","@graph":[{"@type":"WebPage","@id":"https:\/\/legacy.colt.net\/es\/about\/leadership\/annette-murphy\/","url":"https:\/\/legacy.colt.net\/es\/about\/leadership\/annette-murphy\/","name":"Annette Murphy - Colt Technology Services","isPartOf":{"@id":"https:\/\/legacy.colt.net\/#website"},"primaryImageOfPage":{"@id":"https:\/\/legacy.colt.net\/es\/about\/leadership\/annette-murphy\/#primaryimage"},"image":{"@id":"https:\/\/legacy.colt.net\/es\/about\/leadership\/annette-murphy\/#primaryimage"},"thumbnailUrl":"https:\/\/legacy.colt.net\/wp-content\/uploads\/2023\/10\/Annette-Murphy.png","datePublished":"2023-10-31T16:34:06+00:00","dateModified":"2023-10-31T16:40:35+00:00","description":"Annette Murphy Colt Technology Services","breadcrumb":{"@id":"https:\/\/legacy.colt.net\/es\/about\/leadership\/annette-murphy\/#breadcrumb"},"inLanguage":"es-ES","potentialAction":[{"@type":"ReadAction","target":["https:\/\/legacy.colt.net\/es\/about\/leadership\/annette-murphy\/"]}]},{"@type":"ImageObject","inLanguage":"es-ES","@id":"https:\/\/legacy.colt.net\/es\/about\/leadership\/annette-murphy\/#primaryimage","url":"https:\/\/legacy.colt.net\/wp-content\/uploads\/2023\/10\/Annette-Murphy.png","contentUrl":"https:\/\/legacy.colt.net\/wp-content\/uploads\/2023\/10\/Annette-Murphy.png"},{"@type":"BreadcrumbList","@id":"https:\/\/legacy.colt.net\/es\/about\/leadership\/annette-murphy\/#breadcrumb","itemListElement":[{"@type":"ListItem","position":1,"name":"Home","item":"https:\/\/legacy.colt.net\/es\/"},{"@type":"ListItem","position":2,"name":"Acerca de Colt","item":"https:\/\/legacy.colt.net\/es\/about\/"},{"@type":"ListItem","position":3,"name":"Liderazgo","item":"https:\/\/legacy.colt.net\/es\/about\/leadership\/"},{"@type":"ListItem","position":4,"name":"Private: Annette Murphy"}]},{"@type":"WebSite","@id":"https:\/\/legacy.colt.net\/#website","url":"https:\/\/legacy.colt.net\/","name":"Colt\u30c6\u30af\u30ce\u30ed\u30b8\u30fc\u30b5\u30fc\u30d3\u30b9\u682a\u5f0f\u4f1a\u793e","description":"Managed Network &amp; Voice Services Provider","publisher":{"@id":"https:\/\/legacy.colt.net\/#organization"},"potentialAction":[{"@type":"SearchAction","target":{"@type":"EntryPoint","urlTemplate":"https:\/\/legacy.colt.net\/?s={search_term_string}"},"query-input":{"@type":"PropertyValueSpecification","valueRequired":true,"valueName":"search_term_string"}}],"inLanguage":"es-ES"},{"@type":"Organization","@id":"https:\/\/legacy.colt.net\/#organization","name":"Colt Technology Services","url":"https:\/\/legacy.colt.net\/","logo":{"@type":"ImageObject","inLanguage":"es-ES","@id":"https:\/\/legacy.colt.net\/#\/schema\/logo\/image\/","url":"https:\/\/legacy.colt.net\/wp-content\/uploads\/2019\/02\/Colt-Logo.png","contentUrl":"https:\/\/legacy.colt.net\/wp-content\/uploads\/2019\/02\/Colt-Logo.png","width":195,"height":77,"caption":"Colt Technology Services"},"image":{"@id":"https:\/\/legacy.colt.net\/#\/schema\/logo\/image\/"},"sameAs":["https:\/\/www.facebook.com\/ColtTechnologyServices\/","https:\/\/x.com\/colt_technology","https:\/\/www.instagram.com\/colttechnologyservices\/","https:\/\/www.linkedin.com\/company\/colt-technology-services","https:\/\/www.youtube.com\/user\/ColtTechnology"]}]}},"_links":{"self":[{"href":"https:\/\/legacy.colt.net\/es\/wp-json\/wp\/v2\/pages\/125772","targetHints":{"allow":["GET"]}}],"collection":[{"href":"https:\/\/legacy.colt.net\/es\/wp-json\/wp\/v2\/pages"}],"about":[{"href":"https:\/\/legacy.colt.net\/es\/wp-json\/wp\/v2\/types\/page"}],"author":[{"embeddable":true,"href":"https:\/\/legacy.colt.net\/es\/wp-json\/wp\/v2\/users\/2"}],"replies":[{"embeddable":true,"href":"https:\/\/legacy.colt.net\/es\/wp-json\/wp\/v2\/comments?post=125772"}],"version-history":[{"count":0,"href":"https:\/\/legacy.colt.net\/es\/wp-json\/wp\/v2\/pages\/125772\/revisions"}],"up":[{"embeddable":true,"href":"https:\/\/legacy.colt.net\/es\/wp-json\/wp\/v2\/pages\/34472"}],"wp:attachment":[{"href":"https:\/\/legacy.colt.net\/es\/wp-json\/wp\/v2\/media?parent=125772"}],"wp:term":[{"taxonomy":"colt_type","embeddable":true,"href":"https:\/\/legacy.colt.net\/es\/wp-json\/wp\/v2\/colt_type?post=125772"},{"taxonomy":"colt_products","embeddable":true,"href":"https:\/\/legacy.colt.net\/es\/wp-json\/wp\/v2\/colt_products?post=125772"}],"curies":[{"name":"wp","href":"https:\/\/api.w.org\/{rel}","templated":true}]}}