{"id":124461,"date":"2023-10-13T14:21:36","date_gmt":"2023-10-13T13:21:36","guid":{"rendered":"https:\/\/www.colt.net\/?page_id=124461"},"modified":"2024-11-25T11:15:01","modified_gmt":"2024-11-25T11:15:01","slug":"connect-more","status":"publish","type":"page","link":"https:\/\/legacy.colt.net\/es\/connect-more\/","title":{"rendered":"M\u00e1s conexiones, mayores resultados"},"content":{"rendered":"\r\n<p><img loading=\"lazy\" decoding=\"async\" title=\"Colt_G1-Social posts_1200x630px_ES_Clear\" src=\"https:\/\/legacy.colt.net\/wp-content\/uploads\/2023\/10\/Colt_G1-Social-posts_1200x630px_ES_Clear.png\" alt=\"Colt_G1-Social posts_1200x630px_ES_Clear\" width=\"1200\" height=\"630\" \/> <a role=\"button\" href=\"#network\" target=\"_self\" rel=\"noopener\"> Sigue leyendo <\/a><\/p>\r\n<h2>Colt ha a\u00f1adido<\/h2>\r\n<!-- Comment to fix spacing issue\r\n\t-->\r\n<h2>0km<\/h2>\r\n<p>de fibra y<\/p>\r\n<!-- Comment to fix spacing issue\r\n\t--><!-- Comment to fix spacing issue\r\n\t-->\r\n<h2>0<\/h2>\r\n<p>cables submarinos<\/p>\r\n<!-- Comment to fix spacing issue\r\n\t-->\r\n<p>M\u00e1s conexiones, mayores resultados.<br \/>Con la red de Colt.<\/p>\r\n<h2>Colt est\u00e1 m\u00e1s cerca de ti y es m\u00e1s flexible que nunca al hacer que los servicios sean a\u00fan m\u00e1s eficientes para tus clientes.<\/h2>\r\n<p>M\u00e1s conexiones, mayores resultados. Con la eficacia de Colt.<\/p>\r\n<h2>Ampliamos nuestras opciones de seguridad para proteger tu red contra las ciberamenazas.<\/h2>\r\n<p>M\u00e1s conexiones, mayores resultados. Con la ciberseguridad de Colt.<\/p>\r\n<h2>Colt ofrece m\u00e1s soluciones en la nube, una mayor conectividad de red y mejores servicios gestionados. La presencia internacional de Colt ahora es mayor<\/h2>\r\n<p>M\u00e1s conexiones, mayores resultados. Con las soluciones de Colt hoy mismo.<\/p>\r\n<h2>Colt te brinda mayor asistencia y acceso a expertos de la industria. Juntos, desarrollaremos soluciones proactivas para preparar tu empresa para el futuro.<\/h2>\r\n<p>M\u00e1s conexiones, mayores resultados. Con\u00a0los expertos de Colt.<\/p>\r\n<h2>\u00bfQuieres ver c\u00f3mo puedes conectarte m\u00e1s?<\/h2>\r\n<p><a role=\"button\" href=\"https:\/\/legacy.colt.net\/connect\/\" target=\"_blank\" rel=\"noopener\"> Sigue leyendo <\/a> <img loading=\"lazy\" decoding=\"async\" title=\"Untitled-4\" src=\"https:\/\/legacy.colt.net\/wp-content\/uploads\/2023\/10\/Untitled-4.png\" alt=\"Untitled-4\" width=\"907\" height=\"568\" \/><\/p>\r\n","protected":false},"excerpt":{"rendered":"<p>Sigue leyendo Colt ha a\u00f1adido 0km de fibra y 0 cables submarinos M\u00e1s conexiones, mayores resultados.Con la red de Colt. Colt est\u00e1 m\u00e1s cerca de ti y es m\u00e1s flexible que nunca al hacer que los servicios sean a\u00fan m\u00e1s eficientes para tus clientes. M\u00e1s conexiones, mayores resultados. Con la eficacia de Colt. Ampliamos nuestras&#8230;<\/p>\n","protected":false},"author":2,"featured_media":0,"parent":0,"menu_order":0,"comment_status":"closed","ping_status":"closed","template":"","meta":{"_acf_changed":false,"footnotes":""},"colt_type":[],"colt_products":[],"class_list":["post-124461","page","type-page","status-publish","hentry"],"acf":[],"yoast_head":"<!-- This site is optimized with the Yoast SEO plugin v26.8 - https:\/\/yoast.com\/product\/yoast-seo-wordpress\/ -->\n<title>M\u00e1s conexiones, mayores resultados - Colt Technology Services<\/title>\n<meta name=\"description\" content=\"M\u00e1s conexiones, mayores resultados Colt Technology Services\" \/>\n<meta name=\"robots\" content=\"noindex, follow, max-snippet:-1, max-image-preview:large, max-video-preview:-1\" \/>\n<meta property=\"og:locale\" content=\"es_ES\" \/>\n<meta property=\"og:type\" content=\"article\" \/>\n<meta property=\"og:title\" content=\"M\u00e1s conexiones, mayores resultados - Colt Technology Services\" \/>\n<meta property=\"og:description\" content=\"M\u00e1s conexiones, mayores resultados Colt Technology Services\" \/>\n<meta property=\"og:url\" content=\"https:\/\/legacy.colt.net\/es\/connect-more\/\" \/>\n<meta property=\"og:site_name\" content=\"Colt Technology Services\" \/>\n<meta property=\"article:publisher\" content=\"https:\/\/www.facebook.com\/ColtTechnologyServices\/\" \/>\n<meta property=\"article:modified_time\" content=\"2024-11-25T11:15:01+00:00\" \/>\n<meta property=\"og:image\" content=\"https:\/\/legacy.colt.net\/wp-content\/uploads\/2023\/10\/Colt_G1-Social-posts_1200x630px_ES_Clear.png\" \/>\n<meta name=\"twitter:card\" content=\"summary_large_image\" \/>\n<meta name=\"twitter:site\" content=\"@colt_technology\" \/>\n<meta name=\"twitter:label1\" content=\"Est. reading time\" \/>\n\t<meta name=\"twitter:data1\" content=\"2 minutes\" \/>\n<script type=\"application\/ld+json\" class=\"yoast-schema-graph\">{\"@context\":\"https:\/\/schema.org\",\"@graph\":[{\"@type\":\"WebPage\",\"@id\":\"https:\/\/legacy.colt.net\/es\/connect-more\/\",\"url\":\"https:\/\/legacy.colt.net\/es\/connect-more\/\",\"name\":\"M\u00e1s conexiones, mayores resultados - Colt Technology Services\",\"isPartOf\":{\"@id\":\"https:\/\/legacy.colt.net\/#website\"},\"primaryImageOfPage\":{\"@id\":\"https:\/\/legacy.colt.net\/es\/connect-more\/#primaryimage\"},\"image\":{\"@id\":\"https:\/\/legacy.colt.net\/es\/connect-more\/#primaryimage\"},\"thumbnailUrl\":\"https:\/\/legacy.colt.net\/wp-content\/uploads\/2023\/10\/Colt_G1-Social-posts_1200x630px_ES_Clear.png\",\"datePublished\":\"2023-10-13T13:21:36+00:00\",\"dateModified\":\"2024-11-25T11:15:01+00:00\",\"description\":\"M\u00e1s conexiones, mayores resultados Colt Technology Services\",\"breadcrumb\":{\"@id\":\"https:\/\/legacy.colt.net\/es\/connect-more\/#breadcrumb\"},\"inLanguage\":\"es-ES\",\"potentialAction\":[{\"@type\":\"ReadAction\",\"target\":[\"https:\/\/legacy.colt.net\/es\/connect-more\/\"]}]},{\"@type\":\"ImageObject\",\"inLanguage\":\"es-ES\",\"@id\":\"https:\/\/legacy.colt.net\/es\/connect-more\/#primaryimage\",\"url\":\"https:\/\/legacy.colt.net\/wp-content\/uploads\/2023\/10\/Colt_G1-Social-posts_1200x630px_ES_Clear.png\",\"contentUrl\":\"https:\/\/legacy.colt.net\/wp-content\/uploads\/2023\/10\/Colt_G1-Social-posts_1200x630px_ES_Clear.png\"},{\"@type\":\"BreadcrumbList\",\"@id\":\"https:\/\/legacy.colt.net\/es\/connect-more\/#breadcrumb\",\"itemListElement\":[{\"@type\":\"ListItem\",\"position\":1,\"name\":\"Home\",\"item\":\"https:\/\/legacy.colt.net\/es\/\"},{\"@type\":\"ListItem\",\"position\":2,\"name\":\"M\u00e1s conexiones, mayores resultados\"}]},{\"@type\":\"WebSite\",\"@id\":\"https:\/\/legacy.colt.net\/#website\",\"url\":\"https:\/\/legacy.colt.net\/\",\"name\":\"Colt\u30c6\u30af\u30ce\u30ed\u30b8\u30fc\u30b5\u30fc\u30d3\u30b9\u682a\u5f0f\u4f1a\u793e\",\"description\":\"Managed Network &amp; Voice Services Provider\",\"publisher\":{\"@id\":\"https:\/\/legacy.colt.net\/#organization\"},\"potentialAction\":[{\"@type\":\"SearchAction\",\"target\":{\"@type\":\"EntryPoint\",\"urlTemplate\":\"https:\/\/legacy.colt.net\/?s={search_term_string}\"},\"query-input\":{\"@type\":\"PropertyValueSpecification\",\"valueRequired\":true,\"valueName\":\"search_term_string\"}}],\"inLanguage\":\"es-ES\"},{\"@type\":\"Organization\",\"@id\":\"https:\/\/legacy.colt.net\/#organization\",\"name\":\"Colt Technology Services\",\"url\":\"https:\/\/legacy.colt.net\/\",\"logo\":{\"@type\":\"ImageObject\",\"inLanguage\":\"es-ES\",\"@id\":\"https:\/\/legacy.colt.net\/#\/schema\/logo\/image\/\",\"url\":\"https:\/\/legacy.colt.net\/wp-content\/uploads\/2019\/02\/Colt-Logo.png\",\"contentUrl\":\"https:\/\/legacy.colt.net\/wp-content\/uploads\/2019\/02\/Colt-Logo.png\",\"width\":195,\"height\":77,\"caption\":\"Colt Technology Services\"},\"image\":{\"@id\":\"https:\/\/legacy.colt.net\/#\/schema\/logo\/image\/\"},\"sameAs\":[\"https:\/\/www.facebook.com\/ColtTechnologyServices\/\",\"https:\/\/x.com\/colt_technology\",\"https:\/\/www.instagram.com\/colttechnologyservices\/\",\"https:\/\/www.linkedin.com\/company\/colt-technology-services\",\"https:\/\/www.youtube.com\/user\/ColtTechnology\"]}]}<\/script>\n<!-- \/ Yoast SEO plugin. -->","yoast_head_json":{"title":"M\u00e1s conexiones, mayores resultados - Colt Technology Services","description":"M\u00e1s conexiones, mayores resultados Colt Technology Services","robots":{"index":"noindex","follow":"follow","max-snippet":"max-snippet:-1","max-image-preview":"max-image-preview:large","max-video-preview":"max-video-preview:-1"},"og_locale":"es_ES","og_type":"article","og_title":"M\u00e1s conexiones, mayores resultados - Colt Technology Services","og_description":"M\u00e1s conexiones, mayores resultados Colt Technology Services","og_url":"https:\/\/legacy.colt.net\/es\/connect-more\/","og_site_name":"Colt Technology Services","article_publisher":"https:\/\/www.facebook.com\/ColtTechnologyServices\/","article_modified_time":"2024-11-25T11:15:01+00:00","og_image":[{"url":"https:\/\/legacy.colt.net\/wp-content\/uploads\/2023\/10\/Colt_G1-Social-posts_1200x630px_ES_Clear.png","type":"","width":"","height":""}],"twitter_card":"summary_large_image","twitter_site":"@colt_technology","twitter_misc":{"Est. reading time":"2 minutes"},"schema":{"@context":"https:\/\/schema.org","@graph":[{"@type":"WebPage","@id":"https:\/\/legacy.colt.net\/es\/connect-more\/","url":"https:\/\/legacy.colt.net\/es\/connect-more\/","name":"M\u00e1s conexiones, mayores resultados - Colt Technology Services","isPartOf":{"@id":"https:\/\/legacy.colt.net\/#website"},"primaryImageOfPage":{"@id":"https:\/\/legacy.colt.net\/es\/connect-more\/#primaryimage"},"image":{"@id":"https:\/\/legacy.colt.net\/es\/connect-more\/#primaryimage"},"thumbnailUrl":"https:\/\/legacy.colt.net\/wp-content\/uploads\/2023\/10\/Colt_G1-Social-posts_1200x630px_ES_Clear.png","datePublished":"2023-10-13T13:21:36+00:00","dateModified":"2024-11-25T11:15:01+00:00","description":"M\u00e1s conexiones, mayores resultados Colt Technology Services","breadcrumb":{"@id":"https:\/\/legacy.colt.net\/es\/connect-more\/#breadcrumb"},"inLanguage":"es-ES","potentialAction":[{"@type":"ReadAction","target":["https:\/\/legacy.colt.net\/es\/connect-more\/"]}]},{"@type":"ImageObject","inLanguage":"es-ES","@id":"https:\/\/legacy.colt.net\/es\/connect-more\/#primaryimage","url":"https:\/\/legacy.colt.net\/wp-content\/uploads\/2023\/10\/Colt_G1-Social-posts_1200x630px_ES_Clear.png","contentUrl":"https:\/\/legacy.colt.net\/wp-content\/uploads\/2023\/10\/Colt_G1-Social-posts_1200x630px_ES_Clear.png"},{"@type":"BreadcrumbList","@id":"https:\/\/legacy.colt.net\/es\/connect-more\/#breadcrumb","itemListElement":[{"@type":"ListItem","position":1,"name":"Home","item":"https:\/\/legacy.colt.net\/es\/"},{"@type":"ListItem","position":2,"name":"M\u00e1s conexiones, mayores resultados"}]},{"@type":"WebSite","@id":"https:\/\/legacy.colt.net\/#website","url":"https:\/\/legacy.colt.net\/","name":"Colt\u30c6\u30af\u30ce\u30ed\u30b8\u30fc\u30b5\u30fc\u30d3\u30b9\u682a\u5f0f\u4f1a\u793e","description":"Managed Network &amp; Voice Services Provider","publisher":{"@id":"https:\/\/legacy.colt.net\/#organization"},"potentialAction":[{"@type":"SearchAction","target":{"@type":"EntryPoint","urlTemplate":"https:\/\/legacy.colt.net\/?s={search_term_string}"},"query-input":{"@type":"PropertyValueSpecification","valueRequired":true,"valueName":"search_term_string"}}],"inLanguage":"es-ES"},{"@type":"Organization","@id":"https:\/\/legacy.colt.net\/#organization","name":"Colt Technology Services","url":"https:\/\/legacy.colt.net\/","logo":{"@type":"ImageObject","inLanguage":"es-ES","@id":"https:\/\/legacy.colt.net\/#\/schema\/logo\/image\/","url":"https:\/\/legacy.colt.net\/wp-content\/uploads\/2019\/02\/Colt-Logo.png","contentUrl":"https:\/\/legacy.colt.net\/wp-content\/uploads\/2019\/02\/Colt-Logo.png","width":195,"height":77,"caption":"Colt Technology Services"},"image":{"@id":"https:\/\/legacy.colt.net\/#\/schema\/logo\/image\/"},"sameAs":["https:\/\/www.facebook.com\/ColtTechnologyServices\/","https:\/\/x.com\/colt_technology","https:\/\/www.instagram.com\/colttechnologyservices\/","https:\/\/www.linkedin.com\/company\/colt-technology-services","https:\/\/www.youtube.com\/user\/ColtTechnology"]}]}},"_links":{"self":[{"href":"https:\/\/legacy.colt.net\/es\/wp-json\/wp\/v2\/pages\/124461","targetHints":{"allow":["GET"]}}],"collection":[{"href":"https:\/\/legacy.colt.net\/es\/wp-json\/wp\/v2\/pages"}],"about":[{"href":"https:\/\/legacy.colt.net\/es\/wp-json\/wp\/v2\/types\/page"}],"author":[{"embeddable":true,"href":"https:\/\/legacy.colt.net\/es\/wp-json\/wp\/v2\/users\/2"}],"replies":[{"embeddable":true,"href":"https:\/\/legacy.colt.net\/es\/wp-json\/wp\/v2\/comments?post=124461"}],"version-history":[{"count":0,"href":"https:\/\/legacy.colt.net\/es\/wp-json\/wp\/v2\/pages\/124461\/revisions"}],"wp:attachment":[{"href":"https:\/\/legacy.colt.net\/es\/wp-json\/wp\/v2\/media?parent=124461"}],"wp:term":[{"taxonomy":"colt_type","embeddable":true,"href":"https:\/\/legacy.colt.net\/es\/wp-json\/wp\/v2\/colt_type?post=124461"},{"taxonomy":"colt_products","embeddable":true,"href":"https:\/\/legacy.colt.net\/es\/wp-json\/wp\/v2\/colt_products?post=124461"}],"curies":[{"name":"wp","href":"https:\/\/api.w.org\/{rel}","templated":true}]}}