{"id":124005,"date":"2019-07-16T13:51:47","date_gmt":"2019-07-16T12:51:47","guid":{"rendered":"https:\/\/www.colt.net\/why-colt\/partners\/equinix\/"},"modified":"2023-10-03T14:17:46","modified_gmt":"2023-10-03T13:17:46","slug":"equinix","status":"publish","type":"page","link":"https:\/\/legacy.colt.net\/es\/why-colt\/partners\/equinix\/","title":{"rendered":"Colt\u2019s partnership with Equinix"},"content":{"rendered":"\n<h1>\n\t\tAsociaci\u00f3n de Colt con Equinix\n\t<\/h1>\n<h3>\n\t\tDesbloquea un ecosistema interconectado con control basado en software para potenciar tu flexibilidad comercial\n\t<\/h3>\n\t<nav class=\"breadcrumb\"><span><span><a href=\"https:\/\/legacy.colt.net\/es\/\">Home<\/a><\/span><\/span><\/nav>\n<h1>\n\t\tTransforma tu empresa con Colt\n\t<\/h1>\n\t<p>\u00bfBuscas impulsar tu empresa con agilidad? Aqu\u00ed te contamos c\u00f3mo la colaboraci\u00f3n entre Colt y Equinix puede transformar tu camino hacia la innovaci\u00f3n.\u00a0<\/p>\n<p>Hoy en d\u00eda, ser \u00e1gil y adaptarse r\u00e1pidamente a nuevos mercados y oportunidades es esencial para el \u00e9xito. Pero simplemente optimizar la infraestructura ya no es suficiente. La transformaci\u00f3n digital exige una conectividad adecuada y flexible que responda a las crecientes demandas de un mundo cada vez m\u00e1s digital. Y aqu\u00ed es donde Colt y Equinix entran en juego.\u00a0<\/p>\n\t\t\t\t<img loading=\"lazy\" decoding=\"async\" src=\"https:\/\/legacy.colt.net\/wp-content\/uploads\/2022\/09\/Colt-Cloud-Equinix-External.png\" alt=\"Colt-Cloud-Equinix-External\" itemprop=\"image\" height=\"909\" width=\"1384\" title=\"Colt-Cloud-Equinix-External\" onerror=\"this.style.display='none'\"  \/>\n<h2>\n\t\tCon On Demand Interconnect (ODI) de Colt para Equinix\n\t<\/h2>\n\t<p><b>Una poderosa asociaci\u00f3n<\/b>: La combinaci\u00f3n de la red global de Colt y la presencia de los data centers de Equinix a nivel mundial crea un ecosistema que responde a todas tus necesidades, desde la arquitectura de red hasta la experiencia diaria de tus usuarios.\u00a0<\/p>\n<p>Ahora puedes ampliar tu alcance de manera \u00e1gil y conectar tu infraestructura digital exactamente donde lo necesitas, incluso si no hay presencia de Equinix. Esto significa una experiencia de red final m\u00e1s simple y eficiente.<\/p>\n\t\t\t<a href=\"Solicita una demostraci\u00f3n\u00a0\" target=\"_self\" role=\"button\" rel=\"noopener\">\n\t\t\t\t\t\t\tRequest a demo\n\t\t\t\t\t<\/a>\n\t\t\t<a href=\"https:\/\/legacy.colt.net\/solutions\/on-demand\/resources\/interconnect\/\" target=\"_self\" role=\"button\" rel=\"noopener\">\n\t\t\t\t\t\t\tConsulta el Centro de Conocimiento\n\t\t\t\t\t<\/a>\n\t\t\t\t\t<img decoding=\"async\" src=\"https:\/\/i.ytimg.com\/vi\/MFRWqf91-cA\/maxresdefault.jpg\" alt=\"youtube-video-thumbnail\"\/>\n\t\t<h3>\n\t\tDescubre el valor conjunto\n\t<\/h3>\n\t<p>La red global de Colt, combinada con la presencia de los data centres de Equinix en todo el mundo, respalda los requisitos de extremo a extremo de las empresas, desde la arquitectura de una red troncal global hasta la optimizaci\u00f3n de la experiencia de los usuarios en el d\u00eda a d\u00eda.<\/p>\n\t\t\t\t<img loading=\"lazy\" decoding=\"async\" src=\"https:\/\/legacy.colt.net\/wp-content\/uploads\/2022\/08\/Colt-Equinix.png\" alt=\"Colt + Equinix\" itemprop=\"image\" height=\"814\" width=\"1772\" title=\"Colt + Equinix\" onerror=\"this.style.display='none'\"  \/>\n\t<p>Colt ofrece:\u00a0<\/p>\n<ul>\n<li data-leveltext=\"%1.\" data-font=\"Calibri\" data-listid=\"14\" data-list-defn-props=\"{&quot;335552541&quot;:0,&quot;335559684&quot;:-1,&quot;335559685&quot;:720,&quot;335559991&quot;:360,&quot;469769242&quot;:[65533,0],&quot;469777803&quot;:&quot;left&quot;,&quot;469777804&quot;:&quot;%1.&quot;,&quot;469777815&quot;:&quot;hybridMultilevel&quot;}\" aria-setsize=\"-1\" data-aria-posinset=\"1\" data-aria-level=\"1\">Conectividad de \u00faltima milla en todo lugar\u00a0<\/li>\n<\/ul>\n<ul>\n<li data-leveltext=\"%1.\" data-font=\"Calibri\" data-listid=\"14\" data-list-defn-props=\"{&quot;335552541&quot;:0,&quot;335559684&quot;:-1,&quot;335559685&quot;:720,&quot;335559991&quot;:360,&quot;469769242&quot;:[65533,0],&quot;469777803&quot;:&quot;left&quot;,&quot;469777804&quot;:&quot;%1.&quot;,&quot;469777815&quot;:&quot;hybridMultilevel&quot;}\" aria-setsize=\"-1\" data-aria-posinset=\"2\" data-aria-level=\"1\">Conectividad definida por software\u00a0<\/li>\n<\/ul>\n<ul>\n<li data-leveltext=\"%1.\" data-font=\"Calibri\" data-listid=\"14\" data-list-defn-props=\"{&quot;335552541&quot;:0,&quot;335559684&quot;:-1,&quot;335559685&quot;:720,&quot;335559991&quot;:360,&quot;469769242&quot;:[65533,0],&quot;469777803&quot;:&quot;left&quot;,&quot;469777804&quot;:&quot;%1.&quot;,&quot;469777815&quot;:&quot;hybridMultilevel&quot;}\" aria-setsize=\"-1\" data-aria-posinset=\"3\" data-aria-level=\"1\">Amplias rampas de acceso a la nube p\u00fablica\u00a0\u00a0<\/li>\n<\/ul>\n<ul>\n<li data-leveltext=\"%1.\" data-font=\"Calibri\" data-listid=\"14\" data-list-defn-props=\"{&quot;335552541&quot;:0,&quot;335559684&quot;:-1,&quot;335559685&quot;:720,&quot;335559991&quot;:360,&quot;469769242&quot;:[65533,0],&quot;469777803&quot;:&quot;left&quot;,&quot;469777804&quot;:&quot;%1.&quot;,&quot;469777815&quot;:&quot;hybridMultilevel&quot;}\" aria-setsize=\"-1\" data-aria-posinset=\"4\" data-aria-level=\"1\">Plataforma On Demand a escalable <br \/>\n\u00a0<\/li>\n<\/ul>\n<p>Equinix ofrece<\/p>\n<ul>\n<li data-leveltext=\"%1.\" data-font=\"Calibri\" data-listid=\"14\" data-list-defn-props=\"{&quot;335552541&quot;:0,&quot;335559684&quot;:-1,&quot;335559685&quot;:720,&quot;335559991&quot;:360,&quot;469769242&quot;:[65533,0],&quot;469777803&quot;:&quot;left&quot;,&quot;469777804&quot;:&quot;%1.&quot;,&quot;469777815&quot;:&quot;hybridMultilevel&quot;}\" aria-setsize=\"-1\" data-aria-posinset=\"5\" data-aria-level=\"1\">Servicios de Infraestructura Privada\u00a0\u00a0<\/li>\n<\/ul>\n<ul>\n<li data-leveltext=\"%1.\" data-font=\"Calibri\" data-listid=\"14\" data-list-defn-props=\"{&quot;335552541&quot;:0,&quot;335559684&quot;:-1,&quot;335559685&quot;:720,&quot;335559991&quot;:360,&quot;469769242&quot;:[65533,0],&quot;469777803&quot;:&quot;left&quot;,&quot;469777804&quot;:&quot;%1.&quot;,&quot;469777815&quot;:&quot;hybridMultilevel&quot;}\" aria-setsize=\"-1\" data-aria-posinset=\"6\" data-aria-level=\"1\">Conectividad definida por software\u00a0\u00a0<\/li>\n<\/ul>\n<ul>\n<li data-leveltext=\"%1.\" data-font=\"Calibri\" data-listid=\"14\" data-list-defn-props=\"{&quot;335552541&quot;:0,&quot;335559684&quot;:-1,&quot;335559685&quot;:720,&quot;335559991&quot;:360,&quot;469769242&quot;:[65533,0],&quot;469777803&quot;:&quot;left&quot;,&quot;469777804&quot;:&quot;%1.&quot;,&quot;469777815&quot;:&quot;hybridMultilevel&quot;}\" aria-setsize=\"-1\" data-aria-posinset=\"7\" data-aria-level=\"1\">Amplias rampas de acceso a la nube p\u00fablica\u00a0\u00a0<\/li>\n<\/ul>\n<ul>\n<li data-leveltext=\"%1.\" data-font=\"Calibri\" data-listid=\"14\" data-list-defn-props=\"{&quot;335552541&quot;:0,&quot;335559684&quot;:-1,&quot;335559685&quot;:720,&quot;335559991&quot;:360,&quot;469769242&quot;:[65533,0],&quot;469777803&quot;:&quot;left&quot;,&quot;469777804&quot;:&quot;%1.&quot;,&quot;469777815&quot;:&quot;hybridMultilevel&quot;}\" aria-setsize=\"-1\" data-aria-posinset=\"8\" data-aria-level=\"1\">Plataforma global de servicios digitales\u00a0<\/li>\n<\/ul>\n\t<p><b>Redes inteligentes y servicios digitales multiplataforma | Ecosistemas habilitados por software<\/b><\/p>\n\t<p>&#8220;La combinaci\u00f3n de la red global de Colt con la presencia digital global de Equinix proporciona a las empresas soluciones digitales din\u00e1micas completas, que abordan los requisitos de extremo a extremo, desde la arquitectura de una red global hasta la optimizaci\u00f3n de la experiencia de la \u00faltima milla de los usuarios&#8221;.\u00a0<\/p>\n<strong>Mark Anderson<br \/>\nVice presidente de Ventas T\u00e9cnicas Globales de Equinix<\/strong>\n<h3>\n\t\tColt y Equinix: Transformaci\u00f3n y Conectividad\u00a0\n\t<\/h3>\n\t<p>Colt y Equinix, juntos, proporcionan soluciones seguras, f\u00e1ciles de gestionar y escalables para satisfacer las crecientes necesidades de tu negocio. Mientras Equinix lidera la infraestructura digital a nivel mundial, Colt te ofrece conexiones excelentes que mantienen tu negocio en marcha.\u00a0<\/p>\n\t\t\t\t<img loading=\"lazy\" decoding=\"async\" src=\"https:\/\/legacy.colt.net\/wp-content\/uploads\/2019\/07\/Equinix-Tagline-Outlined_300.png\" alt=\"Equinix Tagline Outlined_300\" itemprop=\"image\" height=\"867\" width=\"1625\" title=\"Equinix Tagline Outlined_300\" onerror=\"this.style.display='none'\"  \/>\n\t\t\t\t<img loading=\"lazy\" decoding=\"async\" src=\"https:\/\/legacy.colt.net\/wp-content\/uploads\/2020\/12\/Colt_logo_Teal_RGB-300x118-1.png\" alt=\"Colt_logo_Teal_RGB-300x118\" itemprop=\"image\" height=\"118\" width=\"300\" title=\"Colt_logo_Teal_RGB-300x118\" onerror=\"this.style.display='none'\"  \/>\n\t<p>Equinix es la principal compa\u00f1\u00eda de infraestructura digital en el mundo, lo que permite a los responsables digitales aprovechar una plataforma de confianza para recopilar e interconectar la infraestructura fundamental que impulsar\u00e1 su \u00e9xito. Con Equinix, pueden escalar con agilidad, acelerar el lanzamiento de servicios digitales, ofrecer experiencias inmejorables y multiplicar su valor. En todo el mundo, Platform Equinix est\u00e1 compuesta por 240 data centres, en 66 grandes ciudades y 27 pa\u00edses en 6 continentes, que brindan servicios de data centres e interconexi\u00f3n a m\u00e1s de 10\u202f000 compa\u00f1\u00edas, incluidas m\u00e1s del 50\u202f% de las empresas de la lista Fortune 500.\u00a0<\/p>\n\t<p>Colt es una empresa global de infraestructuras digitales que ofrece excelentes conexiones sin descuidar ning\u00fan detalle. Colt re\u00fane a gente extraordinaria, redes inteligentes y socios afines en todo el mundo para crear soluciones que pongan en tus manos el poder del universo digital. Nuestra red, la Colt IQ Network, te proporciona la infraestructura digital que necesitas y permite los servicios que hacen que tu negocio siga funcionando. Colt se propone atraer a las empresas m\u00e1s punteras del mundo y para ello es fundamental ofrecer una experiencia de cliente inigualable. Ya somos l\u00edderes del sector y apuntamos a\u00fan m\u00e1s alto. As\u00ed es como Colt crea conexiones excelentes con clientes y socios, con sus empleados y con todo el planeta.\u00a0<\/p>\n\n","protected":false},"excerpt":{"rendered":"<p>Asociaci\u00f3n de Colt con Equinix Desbloquea un ecosistema interconectado con control basado en software para potenciar tu flexibilidad comercial Transforma tu empresa con Colt \u00bfBuscas impulsar tu empresa con agilidad? Aqu\u00ed te contamos c\u00f3mo la colaboraci\u00f3n entre Colt y Equinix puede transformar tu camino hacia la innovaci\u00f3n.\u00a0 Hoy en d\u00eda, ser \u00e1gil y adaptarse r\u00e1pidamente&#8230;<\/p>\n","protected":false},"author":2,"featured_media":0,"parent":100249,"menu_order":0,"comment_status":"closed","ping_status":"closed","template":"","meta":{"_acf_changed":false,"footnotes":""},"colt_type":[],"colt_products":[],"class_list":["post-124005","page","type-page","status-publish","hentry"],"acf":[],"yoast_head":"<!-- This site is optimized with the Yoast SEO plugin v26.8 - https:\/\/yoast.com\/product\/yoast-seo-wordpress\/ -->\n<title>Colt\u2019s partnership with Equinix - Colt Technology Services<\/title>\n<meta name=\"description\" content=\"In today\u2019s interconnected era, success in business depends on rapid innovation and the ability to be agile enough to swiftly establish links to new markets\" \/>\n<meta name=\"robots\" content=\"noindex, follow, max-snippet:-1, max-image-preview:large, max-video-preview:-1\" \/>\n<meta property=\"og:locale\" content=\"es_ES\" \/>\n<meta property=\"og:type\" content=\"article\" \/>\n<meta property=\"og:title\" content=\"Colt\u2019s partnership with Equinix - Colt Technology Services\" \/>\n<meta property=\"og:description\" content=\"In today\u2019s interconnected era, success in business depends on rapid innovation and the ability to be agile enough to swiftly establish links to new markets\" \/>\n<meta property=\"og:url\" content=\"https:\/\/legacy.colt.net\/es\/why-colt\/partners\/equinix\/\" \/>\n<meta property=\"og:site_name\" content=\"Colt Technology Services\" \/>\n<meta property=\"article:publisher\" content=\"https:\/\/www.facebook.com\/ColtTechnologyServices\/\" \/>\n<meta property=\"article:modified_time\" content=\"2023-10-03T13:17:46+00:00\" \/>\n<meta property=\"og:image\" content=\"https:\/\/legacy.colt.net\/wp-content\/uploads\/2021\/01\/Brand-2021-Stock-11-1.jpg\" \/>\n\t<meta property=\"og:image:width\" content=\"1000\" \/>\n\t<meta property=\"og:image:height\" content=\"667\" \/>\n\t<meta property=\"og:image:type\" content=\"image\/jpeg\" \/>\n<meta name=\"twitter:card\" content=\"summary_large_image\" \/>\n<meta name=\"twitter:site\" content=\"@colt_technology\" \/>\n<meta name=\"twitter:label1\" content=\"Est. reading time\" \/>\n\t<meta name=\"twitter:data1\" content=\"5 minutes\" \/>\n<script type=\"application\/ld+json\" class=\"yoast-schema-graph\">{\"@context\":\"https:\/\/schema.org\",\"@graph\":[{\"@type\":\"WebPage\",\"@id\":\"https:\/\/legacy.colt.net\/es\/why-colt\/partners\/equinix\/\",\"url\":\"https:\/\/legacy.colt.net\/es\/why-colt\/partners\/equinix\/\",\"name\":\"Colt\u2019s partnership with Equinix - Colt Technology Services\",\"isPartOf\":{\"@id\":\"https:\/\/legacy.colt.net\/#website\"},\"primaryImageOfPage\":{\"@id\":\"https:\/\/legacy.colt.net\/es\/why-colt\/partners\/equinix\/#primaryimage\"},\"image\":{\"@id\":\"https:\/\/legacy.colt.net\/es\/why-colt\/partners\/equinix\/#primaryimage\"},\"thumbnailUrl\":\"https:\/\/legacy.colt.net\/wp-content\/uploads\/2022\/09\/Colt-Cloud-Equinix-External.png\",\"datePublished\":\"2019-07-16T12:51:47+00:00\",\"dateModified\":\"2023-10-03T13:17:46+00:00\",\"description\":\"In today\u2019s interconnected era, success in business depends on rapid innovation and the ability to be agile enough to swiftly establish links to new markets\",\"breadcrumb\":{\"@id\":\"https:\/\/legacy.colt.net\/es\/why-colt\/partners\/equinix\/#breadcrumb\"},\"inLanguage\":\"es-ES\",\"potentialAction\":[{\"@type\":\"ReadAction\",\"target\":[\"https:\/\/legacy.colt.net\/es\/why-colt\/partners\/equinix\/\"]}]},{\"@type\":\"ImageObject\",\"inLanguage\":\"es-ES\",\"@id\":\"https:\/\/legacy.colt.net\/es\/why-colt\/partners\/equinix\/#primaryimage\",\"url\":\"https:\/\/legacy.colt.net\/wp-content\/uploads\/2022\/09\/Colt-Cloud-Equinix-External.png\",\"contentUrl\":\"https:\/\/legacy.colt.net\/wp-content\/uploads\/2022\/09\/Colt-Cloud-Equinix-External.png\"},{\"@type\":\"BreadcrumbList\",\"@id\":\"https:\/\/legacy.colt.net\/es\/why-colt\/partners\/equinix\/#breadcrumb\",\"itemListElement\":[{\"@type\":\"ListItem\",\"position\":1,\"name\":\"Home\",\"item\":\"https:\/\/legacy.colt.net\/es\/\"},{\"@type\":\"ListItem\",\"position\":2,\"name\":\"Why Colt?\",\"item\":\"https:\/\/legacy.colt.net\/es\/why-colt\/\"},{\"@type\":\"ListItem\",\"position\":3,\"name\":\"Our Partners\",\"item\":\"https:\/\/legacy.colt.net\/es\/why-colt\/partners\/\"},{\"@type\":\"ListItem\",\"position\":4,\"name\":\"Colt\u2019s partnership with Equinix\"}]},{\"@type\":\"WebSite\",\"@id\":\"https:\/\/legacy.colt.net\/#website\",\"url\":\"https:\/\/legacy.colt.net\/\",\"name\":\"Colt\u30c6\u30af\u30ce\u30ed\u30b8\u30fc\u30b5\u30fc\u30d3\u30b9\u682a\u5f0f\u4f1a\u793e\",\"description\":\"Managed Network &amp; Voice Services Provider\",\"publisher\":{\"@id\":\"https:\/\/legacy.colt.net\/#organization\"},\"potentialAction\":[{\"@type\":\"SearchAction\",\"target\":{\"@type\":\"EntryPoint\",\"urlTemplate\":\"https:\/\/legacy.colt.net\/?s={search_term_string}\"},\"query-input\":{\"@type\":\"PropertyValueSpecification\",\"valueRequired\":true,\"valueName\":\"search_term_string\"}}],\"inLanguage\":\"es-ES\"},{\"@type\":\"Organization\",\"@id\":\"https:\/\/legacy.colt.net\/#organization\",\"name\":\"Colt Technology Services\",\"url\":\"https:\/\/legacy.colt.net\/\",\"logo\":{\"@type\":\"ImageObject\",\"inLanguage\":\"es-ES\",\"@id\":\"https:\/\/legacy.colt.net\/#\/schema\/logo\/image\/\",\"url\":\"https:\/\/legacy.colt.net\/wp-content\/uploads\/2019\/02\/Colt-Logo.png\",\"contentUrl\":\"https:\/\/legacy.colt.net\/wp-content\/uploads\/2019\/02\/Colt-Logo.png\",\"width\":195,\"height\":77,\"caption\":\"Colt Technology Services\"},\"image\":{\"@id\":\"https:\/\/legacy.colt.net\/#\/schema\/logo\/image\/\"},\"sameAs\":[\"https:\/\/www.facebook.com\/ColtTechnologyServices\/\",\"https:\/\/x.com\/colt_technology\",\"https:\/\/www.instagram.com\/colttechnologyservices\/\",\"https:\/\/www.linkedin.com\/company\/colt-technology-services\",\"https:\/\/www.youtube.com\/user\/ColtTechnology\"]}]}<\/script>\n<!-- \/ Yoast SEO plugin. -->","yoast_head_json":{"title":"Colt\u2019s partnership with Equinix - Colt Technology Services","description":"In today\u2019s interconnected era, success in business depends on rapid innovation and the ability to be agile enough to swiftly establish links to new markets","robots":{"index":"noindex","follow":"follow","max-snippet":"max-snippet:-1","max-image-preview":"max-image-preview:large","max-video-preview":"max-video-preview:-1"},"og_locale":"es_ES","og_type":"article","og_title":"Colt\u2019s partnership with Equinix - Colt Technology Services","og_description":"In today\u2019s interconnected era, success in business depends on rapid innovation and the ability to be agile enough to swiftly establish links to new markets","og_url":"https:\/\/legacy.colt.net\/es\/why-colt\/partners\/equinix\/","og_site_name":"Colt Technology Services","article_publisher":"https:\/\/www.facebook.com\/ColtTechnologyServices\/","article_modified_time":"2023-10-03T13:17:46+00:00","og_image":[{"width":1000,"height":667,"url":"https:\/\/legacy.colt.net\/wp-content\/uploads\/2021\/01\/Brand-2021-Stock-11-1.jpg","type":"image\/jpeg"}],"twitter_card":"summary_large_image","twitter_site":"@colt_technology","twitter_misc":{"Est. reading time":"5 minutes"},"schema":{"@context":"https:\/\/schema.org","@graph":[{"@type":"WebPage","@id":"https:\/\/legacy.colt.net\/es\/why-colt\/partners\/equinix\/","url":"https:\/\/legacy.colt.net\/es\/why-colt\/partners\/equinix\/","name":"Colt\u2019s partnership with Equinix - Colt Technology Services","isPartOf":{"@id":"https:\/\/legacy.colt.net\/#website"},"primaryImageOfPage":{"@id":"https:\/\/legacy.colt.net\/es\/why-colt\/partners\/equinix\/#primaryimage"},"image":{"@id":"https:\/\/legacy.colt.net\/es\/why-colt\/partners\/equinix\/#primaryimage"},"thumbnailUrl":"https:\/\/legacy.colt.net\/wp-content\/uploads\/2022\/09\/Colt-Cloud-Equinix-External.png","datePublished":"2019-07-16T12:51:47+00:00","dateModified":"2023-10-03T13:17:46+00:00","description":"In today\u2019s interconnected era, success in business depends on rapid innovation and the ability to be agile enough to swiftly establish links to new markets","breadcrumb":{"@id":"https:\/\/legacy.colt.net\/es\/why-colt\/partners\/equinix\/#breadcrumb"},"inLanguage":"es-ES","potentialAction":[{"@type":"ReadAction","target":["https:\/\/legacy.colt.net\/es\/why-colt\/partners\/equinix\/"]}]},{"@type":"ImageObject","inLanguage":"es-ES","@id":"https:\/\/legacy.colt.net\/es\/why-colt\/partners\/equinix\/#primaryimage","url":"https:\/\/legacy.colt.net\/wp-content\/uploads\/2022\/09\/Colt-Cloud-Equinix-External.png","contentUrl":"https:\/\/legacy.colt.net\/wp-content\/uploads\/2022\/09\/Colt-Cloud-Equinix-External.png"},{"@type":"BreadcrumbList","@id":"https:\/\/legacy.colt.net\/es\/why-colt\/partners\/equinix\/#breadcrumb","itemListElement":[{"@type":"ListItem","position":1,"name":"Home","item":"https:\/\/legacy.colt.net\/es\/"},{"@type":"ListItem","position":2,"name":"Why Colt?","item":"https:\/\/legacy.colt.net\/es\/why-colt\/"},{"@type":"ListItem","position":3,"name":"Our Partners","item":"https:\/\/legacy.colt.net\/es\/why-colt\/partners\/"},{"@type":"ListItem","position":4,"name":"Colt\u2019s partnership with Equinix"}]},{"@type":"WebSite","@id":"https:\/\/legacy.colt.net\/#website","url":"https:\/\/legacy.colt.net\/","name":"Colt\u30c6\u30af\u30ce\u30ed\u30b8\u30fc\u30b5\u30fc\u30d3\u30b9\u682a\u5f0f\u4f1a\u793e","description":"Managed Network &amp; Voice Services Provider","publisher":{"@id":"https:\/\/legacy.colt.net\/#organization"},"potentialAction":[{"@type":"SearchAction","target":{"@type":"EntryPoint","urlTemplate":"https:\/\/legacy.colt.net\/?s={search_term_string}"},"query-input":{"@type":"PropertyValueSpecification","valueRequired":true,"valueName":"search_term_string"}}],"inLanguage":"es-ES"},{"@type":"Organization","@id":"https:\/\/legacy.colt.net\/#organization","name":"Colt Technology Services","url":"https:\/\/legacy.colt.net\/","logo":{"@type":"ImageObject","inLanguage":"es-ES","@id":"https:\/\/legacy.colt.net\/#\/schema\/logo\/image\/","url":"https:\/\/legacy.colt.net\/wp-content\/uploads\/2019\/02\/Colt-Logo.png","contentUrl":"https:\/\/legacy.colt.net\/wp-content\/uploads\/2019\/02\/Colt-Logo.png","width":195,"height":77,"caption":"Colt Technology Services"},"image":{"@id":"https:\/\/legacy.colt.net\/#\/schema\/logo\/image\/"},"sameAs":["https:\/\/www.facebook.com\/ColtTechnologyServices\/","https:\/\/x.com\/colt_technology","https:\/\/www.instagram.com\/colttechnologyservices\/","https:\/\/www.linkedin.com\/company\/colt-technology-services","https:\/\/www.youtube.com\/user\/ColtTechnology"]}]}},"_links":{"self":[{"href":"https:\/\/legacy.colt.net\/es\/wp-json\/wp\/v2\/pages\/124005","targetHints":{"allow":["GET"]}}],"collection":[{"href":"https:\/\/legacy.colt.net\/es\/wp-json\/wp\/v2\/pages"}],"about":[{"href":"https:\/\/legacy.colt.net\/es\/wp-json\/wp\/v2\/types\/page"}],"author":[{"embeddable":true,"href":"https:\/\/legacy.colt.net\/es\/wp-json\/wp\/v2\/users\/2"}],"replies":[{"embeddable":true,"href":"https:\/\/legacy.colt.net\/es\/wp-json\/wp\/v2\/comments?post=124005"}],"version-history":[{"count":0,"href":"https:\/\/legacy.colt.net\/es\/wp-json\/wp\/v2\/pages\/124005\/revisions"}],"up":[{"embeddable":true,"href":"https:\/\/legacy.colt.net\/es\/wp-json\/wp\/v2\/pages\/100249"}],"wp:attachment":[{"href":"https:\/\/legacy.colt.net\/es\/wp-json\/wp\/v2\/media?parent=124005"}],"wp:term":[{"taxonomy":"colt_type","embeddable":true,"href":"https:\/\/legacy.colt.net\/es\/wp-json\/wp\/v2\/colt_type?post=124005"},{"taxonomy":"colt_products","embeddable":true,"href":"https:\/\/legacy.colt.net\/es\/wp-json\/wp\/v2\/colt_products?post=124005"}],"curies":[{"name":"wp","href":"https:\/\/api.w.org\/{rel}","templated":true}]}}