{"id":118466,"date":"2023-01-26T11:09:35","date_gmt":"2023-01-26T11:09:35","guid":{"rendered":"https:\/\/www.colt.net\/?page_id=118466"},"modified":"2023-01-26T11:09:35","modified_gmt":"2023-01-26T11:09:35","slug":"gerry-mcgraw","status":"publish","type":"page","link":"https:\/\/legacy.colt.net\/es\/about\/leadership\/gerry-mcgraw\/","title":{"rendered":"Gerry McGraw"},"content":{"rendered":"\n\n\t<nav class=\"breadcrumb\"><span><span><a href=\"https:\/\/legacy.colt.net\/es\/\">Home<\/a><\/span><\/span><\/nav>\n\t\t\t\t<img loading=\"lazy\" decoding=\"async\" src=\"https:\/\/legacy.colt.net\/wp-content\/uploads\/2022\/04\/McGraw-Photo-1.jpg\" alt=\"McGraw Photo (1)\" itemprop=\"image\" height=\"292\" width=\"305\" title=\"McGraw Photo (1)\" onerror=\"this.style.display='none'\"  \/>\n<h3>\n\t\tGerry McGraw\n\t<\/h3>\n<h4>\n\t\tMiembro del Comit\u00e9 de Auditor\u00eda\n\t<\/h4>\n\t<p>Gerry McGraw fue nombrado miembro del comit\u00e9 de auditor\u00eda en 2022. Gerry es vicepresidente ejecutivo de Fidelity Investments y forma parte de la junta directiva de FMR LLC. Tambi\u00e9n es el presidente del comit\u00e9 de auditor\u00eda de la junta de FMR. En sus 25 a\u00f1os en Fidelity, Gerry ha dirigido la organizaci\u00f3n de Cumplimiento y Riesgo Legal de la firma, fue director financiero y director de funciones empresariales, presidente de Fidelity Institutional y presidente del grupo de operaciones y servicios de la firma. Gerry cuenta con m\u00e1s de 40 a\u00f1os de experiencia en servicios financieros, regulatorios y de operaciones y, antes de unirse a Fidelity, ocup\u00f3 altos cargos en Smith Barney Inc. y Shearson Lehman Brothers, Inc. Tambi\u00e9n ocup\u00f3 el cargo de examinador en la Bolsa de Valores de Nueva York, el grupo que ahora es parte de FINRA.<\/p>\n\t\t\t\t\t\t<h4>\n\t\t\t\t<a href=https:\/\/legacy.colt.net\/es\/resources\/mercados-de-capitales-como-moverse-en-un-ambiente-volatil\/ title=\"Mercados de capitales: \u00bfc\u00f3mo moverse en un ambiente vol\u00e1til?\" tabindex=\"0\">Mercados de capitales: \u00bfc\u00f3mo moverse en un ambiente vol\u00e1til?<\/a>\t\t\t<\/h4>\n\t\t\t<a href=\"https:\/\/legacy.colt.net\/es\/resources\/mercados-de-capitales-como-moverse-en-un-ambiente-volatil\/\" target=\"_self\" rel=\"noopener\">Read More &#8594;<\/a>\t\t\n\t\t\t\t\t\t<h4>\n\t\t\t\t<a href=https:\/\/legacy.colt.net\/es\/resources\/colt-technology-services-refuerza-su-presencia-en-espana-con-un-nuevo-punto-de-conexion-alojado-en-la-barcelona-cable-landing-station-de-afr-ix-telecom\/ title=\"Colt refuerza su presencia en Espa\u00f1a con un nuevo punto de conexi\u00f3n alojado en la Barcelona Cable Landing Station de AFR-IX telecom\" tabindex=\"0\">Colt refuerza su presencia en Espa\u00f1a con un nuevo punto de conexi\u00f3n alojado en la Barcelona Cable Landing Station de AFR-IX telecom<\/a>\t\t\t<\/h4>\n\t\t\t<a href=\"https:\/\/legacy.colt.net\/es\/resources\/colt-technology-services-refuerza-su-presencia-en-espana-con-un-nuevo-punto-de-conexion-alojado-en-la-barcelona-cable-landing-station-de-afr-ix-telecom\/\" target=\"_self\" rel=\"noopener\">Read More &#8594;<\/a>\t\t\n\t\t\t\t\t\t<h4>\n\t\t\t\t<a href=https:\/\/legacy.colt.net\/es\/resources\/dar-prioridad-a-la-conectividad-bajo-demanda-y-pensar-como-un-cio-agil\/ title=\"Dar prioridad a la conectividad bajo demanda y pensar como un CIO \u00e1gil\" tabindex=\"0\">Dar prioridad a la conectividad bajo demanda y pensar como un CIO \u00e1gil<\/a>\t\t\t<\/h4>\n\t\t\t<a href=\"https:\/\/legacy.colt.net\/es\/resources\/dar-prioridad-a-la-conectividad-bajo-demanda-y-pensar-como-un-cio-agil\/\" target=\"_self\" rel=\"noopener\">Read More &#8594;<\/a>\t\t\n\t\t\t\t\t\t<h4>\n\t\t\t\t<a href=https:\/\/legacy.colt.net\/es\/resources\/principales-tendencias-tecnologicas-para-2023-y-su-impacto-en-las-empresas\/ title=\"Principales tendencias tecnol\u00f3gicas para 2023 y su impacto en las empresas\" tabindex=\"0\">Principales tendencias tecnol\u00f3gicas para 2023 y su impacto en las empresas<\/a>\t\t\t<\/h4>\n\t\t\t<a href=\"https:\/\/legacy.colt.net\/es\/resources\/principales-tendencias-tecnologicas-para-2023-y-su-impacto-en-las-empresas\/\" target=\"_self\" rel=\"noopener\">Read More &#8594;<\/a>\t\t\n\n","protected":false},"excerpt":{"rendered":"<p>Gerry McGraw Miembro del Comit\u00e9 de Auditor\u00eda Gerry McGraw fue nombrado miembro del comit\u00e9 de auditor\u00eda en 2022. Gerry es vicepresidente ejecutivo de Fidelity Investments y forma parte de la junta directiva de FMR LLC. Tambi\u00e9n es el presidente del comit\u00e9 de auditor\u00eda de la junta de FMR. En sus 25 a\u00f1os en Fidelity, Gerry&#8230;<\/p>\n","protected":false},"author":2,"featured_media":0,"parent":34472,"menu_order":0,"comment_status":"closed","ping_status":"closed","template":"","meta":{"_acf_changed":false,"footnotes":""},"colt_type":[],"colt_products":[],"class_list":["post-118466","page","type-page","status-publish","hentry"],"acf":[],"yoast_head":"<!-- This site is optimized with the Yoast SEO plugin v26.8 - https:\/\/yoast.com\/product\/yoast-seo-wordpress\/ -->\n<title>Gerry McGraw - Colt Technology Services<\/title>\n<meta name=\"description\" content=\"Gerry McGraw Colt Technology Services\" \/>\n<meta name=\"robots\" content=\"noindex, follow, max-snippet:-1, max-image-preview:large, max-video-preview:-1\" \/>\n<meta property=\"og:locale\" content=\"es_ES\" \/>\n<meta property=\"og:type\" content=\"article\" \/>\n<meta property=\"og:title\" content=\"Gerry McGraw - Colt Technology Services\" \/>\n<meta property=\"og:description\" content=\"Gerry McGraw Colt Technology Services\" \/>\n<meta property=\"og:url\" content=\"https:\/\/legacy.colt.net\/es\/about\/leadership\/gerry-mcgraw\/\" \/>\n<meta property=\"og:site_name\" content=\"Colt Technology Services\" \/>\n<meta property=\"article:publisher\" content=\"https:\/\/www.facebook.com\/ColtTechnologyServices\/\" \/>\n<meta property=\"og:image\" content=\"https:\/\/legacy.colt.net\/wp-content\/uploads\/2021\/01\/Brand-2021-Stock-13.jpg\" \/>\n\t<meta property=\"og:image:width\" content=\"1000\" \/>\n\t<meta property=\"og:image:height\" content=\"667\" \/>\n\t<meta property=\"og:image:type\" content=\"image\/jpeg\" \/>\n<meta name=\"twitter:card\" content=\"summary_large_image\" \/>\n<meta name=\"twitter:site\" content=\"@colt_technology\" \/>\n<script type=\"application\/ld+json\" class=\"yoast-schema-graph\">{\"@context\":\"https:\/\/schema.org\",\"@graph\":[{\"@type\":\"WebPage\",\"@id\":\"https:\/\/legacy.colt.net\/es\/about\/leadership\/gerry-mcgraw\/\",\"url\":\"https:\/\/legacy.colt.net\/es\/about\/leadership\/gerry-mcgraw\/\",\"name\":\"Gerry McGraw - Colt Technology Services\",\"isPartOf\":{\"@id\":\"https:\/\/legacy.colt.net\/#website\"},\"primaryImageOfPage\":{\"@id\":\"https:\/\/legacy.colt.net\/es\/about\/leadership\/gerry-mcgraw\/#primaryimage\"},\"image\":{\"@id\":\"https:\/\/legacy.colt.net\/es\/about\/leadership\/gerry-mcgraw\/#primaryimage\"},\"thumbnailUrl\":\"https:\/\/legacy.colt.net\/wp-content\/uploads\/2022\/04\/McGraw-Photo-1.jpg\",\"datePublished\":\"2023-01-26T11:09:35+00:00\",\"description\":\"Gerry McGraw Colt Technology Services\",\"breadcrumb\":{\"@id\":\"https:\/\/legacy.colt.net\/es\/about\/leadership\/gerry-mcgraw\/#breadcrumb\"},\"inLanguage\":\"es-ES\",\"potentialAction\":[{\"@type\":\"ReadAction\",\"target\":[\"https:\/\/legacy.colt.net\/es\/about\/leadership\/gerry-mcgraw\/\"]}]},{\"@type\":\"ImageObject\",\"inLanguage\":\"es-ES\",\"@id\":\"https:\/\/legacy.colt.net\/es\/about\/leadership\/gerry-mcgraw\/#primaryimage\",\"url\":\"https:\/\/legacy.colt.net\/wp-content\/uploads\/2022\/04\/McGraw-Photo-1.jpg\",\"contentUrl\":\"https:\/\/legacy.colt.net\/wp-content\/uploads\/2022\/04\/McGraw-Photo-1.jpg\"},{\"@type\":\"BreadcrumbList\",\"@id\":\"https:\/\/legacy.colt.net\/es\/about\/leadership\/gerry-mcgraw\/#breadcrumb\",\"itemListElement\":[{\"@type\":\"ListItem\",\"position\":1,\"name\":\"Home\",\"item\":\"https:\/\/legacy.colt.net\/es\/\"},{\"@type\":\"ListItem\",\"position\":2,\"name\":\"Acerca de Colt\",\"item\":\"https:\/\/legacy.colt.net\/es\/about\/\"},{\"@type\":\"ListItem\",\"position\":3,\"name\":\"Liderazgo\",\"item\":\"https:\/\/legacy.colt.net\/es\/about\/leadership\/\"},{\"@type\":\"ListItem\",\"position\":4,\"name\":\"Gerry McGraw\"}]},{\"@type\":\"WebSite\",\"@id\":\"https:\/\/legacy.colt.net\/#website\",\"url\":\"https:\/\/legacy.colt.net\/\",\"name\":\"Colt\u30c6\u30af\u30ce\u30ed\u30b8\u30fc\u30b5\u30fc\u30d3\u30b9\u682a\u5f0f\u4f1a\u793e\",\"description\":\"Managed Network &amp; Voice Services Provider\",\"publisher\":{\"@id\":\"https:\/\/legacy.colt.net\/#organization\"},\"potentialAction\":[{\"@type\":\"SearchAction\",\"target\":{\"@type\":\"EntryPoint\",\"urlTemplate\":\"https:\/\/legacy.colt.net\/?s={search_term_string}\"},\"query-input\":{\"@type\":\"PropertyValueSpecification\",\"valueRequired\":true,\"valueName\":\"search_term_string\"}}],\"inLanguage\":\"es-ES\"},{\"@type\":\"Organization\",\"@id\":\"https:\/\/legacy.colt.net\/#organization\",\"name\":\"Colt Technology Services\",\"url\":\"https:\/\/legacy.colt.net\/\",\"logo\":{\"@type\":\"ImageObject\",\"inLanguage\":\"es-ES\",\"@id\":\"https:\/\/legacy.colt.net\/#\/schema\/logo\/image\/\",\"url\":\"https:\/\/legacy.colt.net\/wp-content\/uploads\/2019\/02\/Colt-Logo.png\",\"contentUrl\":\"https:\/\/legacy.colt.net\/wp-content\/uploads\/2019\/02\/Colt-Logo.png\",\"width\":195,\"height\":77,\"caption\":\"Colt Technology Services\"},\"image\":{\"@id\":\"https:\/\/legacy.colt.net\/#\/schema\/logo\/image\/\"},\"sameAs\":[\"https:\/\/www.facebook.com\/ColtTechnologyServices\/\",\"https:\/\/x.com\/colt_technology\",\"https:\/\/www.instagram.com\/colttechnologyservices\/\",\"https:\/\/www.linkedin.com\/company\/colt-technology-services\",\"https:\/\/www.youtube.com\/user\/ColtTechnology\"]}]}<\/script>\n<!-- \/ Yoast SEO plugin. -->","yoast_head_json":{"title":"Gerry McGraw - Colt Technology Services","description":"Gerry McGraw Colt Technology Services","robots":{"index":"noindex","follow":"follow","max-snippet":"max-snippet:-1","max-image-preview":"max-image-preview:large","max-video-preview":"max-video-preview:-1"},"og_locale":"es_ES","og_type":"article","og_title":"Gerry McGraw - Colt Technology Services","og_description":"Gerry McGraw Colt Technology Services","og_url":"https:\/\/legacy.colt.net\/es\/about\/leadership\/gerry-mcgraw\/","og_site_name":"Colt Technology Services","article_publisher":"https:\/\/www.facebook.com\/ColtTechnologyServices\/","og_image":[{"width":1000,"height":667,"url":"https:\/\/legacy.colt.net\/wp-content\/uploads\/2021\/01\/Brand-2021-Stock-13.jpg","type":"image\/jpeg"}],"twitter_card":"summary_large_image","twitter_site":"@colt_technology","schema":{"@context":"https:\/\/schema.org","@graph":[{"@type":"WebPage","@id":"https:\/\/legacy.colt.net\/es\/about\/leadership\/gerry-mcgraw\/","url":"https:\/\/legacy.colt.net\/es\/about\/leadership\/gerry-mcgraw\/","name":"Gerry McGraw - Colt Technology Services","isPartOf":{"@id":"https:\/\/legacy.colt.net\/#website"},"primaryImageOfPage":{"@id":"https:\/\/legacy.colt.net\/es\/about\/leadership\/gerry-mcgraw\/#primaryimage"},"image":{"@id":"https:\/\/legacy.colt.net\/es\/about\/leadership\/gerry-mcgraw\/#primaryimage"},"thumbnailUrl":"https:\/\/legacy.colt.net\/wp-content\/uploads\/2022\/04\/McGraw-Photo-1.jpg","datePublished":"2023-01-26T11:09:35+00:00","description":"Gerry McGraw Colt Technology Services","breadcrumb":{"@id":"https:\/\/legacy.colt.net\/es\/about\/leadership\/gerry-mcgraw\/#breadcrumb"},"inLanguage":"es-ES","potentialAction":[{"@type":"ReadAction","target":["https:\/\/legacy.colt.net\/es\/about\/leadership\/gerry-mcgraw\/"]}]},{"@type":"ImageObject","inLanguage":"es-ES","@id":"https:\/\/legacy.colt.net\/es\/about\/leadership\/gerry-mcgraw\/#primaryimage","url":"https:\/\/legacy.colt.net\/wp-content\/uploads\/2022\/04\/McGraw-Photo-1.jpg","contentUrl":"https:\/\/legacy.colt.net\/wp-content\/uploads\/2022\/04\/McGraw-Photo-1.jpg"},{"@type":"BreadcrumbList","@id":"https:\/\/legacy.colt.net\/es\/about\/leadership\/gerry-mcgraw\/#breadcrumb","itemListElement":[{"@type":"ListItem","position":1,"name":"Home","item":"https:\/\/legacy.colt.net\/es\/"},{"@type":"ListItem","position":2,"name":"Acerca de Colt","item":"https:\/\/legacy.colt.net\/es\/about\/"},{"@type":"ListItem","position":3,"name":"Liderazgo","item":"https:\/\/legacy.colt.net\/es\/about\/leadership\/"},{"@type":"ListItem","position":4,"name":"Gerry McGraw"}]},{"@type":"WebSite","@id":"https:\/\/legacy.colt.net\/#website","url":"https:\/\/legacy.colt.net\/","name":"Colt\u30c6\u30af\u30ce\u30ed\u30b8\u30fc\u30b5\u30fc\u30d3\u30b9\u682a\u5f0f\u4f1a\u793e","description":"Managed Network &amp; Voice Services Provider","publisher":{"@id":"https:\/\/legacy.colt.net\/#organization"},"potentialAction":[{"@type":"SearchAction","target":{"@type":"EntryPoint","urlTemplate":"https:\/\/legacy.colt.net\/?s={search_term_string}"},"query-input":{"@type":"PropertyValueSpecification","valueRequired":true,"valueName":"search_term_string"}}],"inLanguage":"es-ES"},{"@type":"Organization","@id":"https:\/\/legacy.colt.net\/#organization","name":"Colt Technology Services","url":"https:\/\/legacy.colt.net\/","logo":{"@type":"ImageObject","inLanguage":"es-ES","@id":"https:\/\/legacy.colt.net\/#\/schema\/logo\/image\/","url":"https:\/\/legacy.colt.net\/wp-content\/uploads\/2019\/02\/Colt-Logo.png","contentUrl":"https:\/\/legacy.colt.net\/wp-content\/uploads\/2019\/02\/Colt-Logo.png","width":195,"height":77,"caption":"Colt Technology Services"},"image":{"@id":"https:\/\/legacy.colt.net\/#\/schema\/logo\/image\/"},"sameAs":["https:\/\/www.facebook.com\/ColtTechnologyServices\/","https:\/\/x.com\/colt_technology","https:\/\/www.instagram.com\/colttechnologyservices\/","https:\/\/www.linkedin.com\/company\/colt-technology-services","https:\/\/www.youtube.com\/user\/ColtTechnology"]}]}},"_links":{"self":[{"href":"https:\/\/legacy.colt.net\/es\/wp-json\/wp\/v2\/pages\/118466","targetHints":{"allow":["GET"]}}],"collection":[{"href":"https:\/\/legacy.colt.net\/es\/wp-json\/wp\/v2\/pages"}],"about":[{"href":"https:\/\/legacy.colt.net\/es\/wp-json\/wp\/v2\/types\/page"}],"author":[{"embeddable":true,"href":"https:\/\/legacy.colt.net\/es\/wp-json\/wp\/v2\/users\/2"}],"replies":[{"embeddable":true,"href":"https:\/\/legacy.colt.net\/es\/wp-json\/wp\/v2\/comments?post=118466"}],"version-history":[{"count":0,"href":"https:\/\/legacy.colt.net\/es\/wp-json\/wp\/v2\/pages\/118466\/revisions"}],"up":[{"embeddable":true,"href":"https:\/\/legacy.colt.net\/es\/wp-json\/wp\/v2\/pages\/34472"}],"wp:attachment":[{"href":"https:\/\/legacy.colt.net\/es\/wp-json\/wp\/v2\/media?parent=118466"}],"wp:term":[{"taxonomy":"colt_type","embeddable":true,"href":"https:\/\/legacy.colt.net\/es\/wp-json\/wp\/v2\/colt_type?post=118466"},{"taxonomy":"colt_products","embeddable":true,"href":"https:\/\/legacy.colt.net\/es\/wp-json\/wp\/v2\/colt_products?post=118466"}],"curies":[{"name":"wp","href":"https:\/\/api.w.org\/{rel}","templated":true}]}}