{"id":110495,"date":"2022-03-02T14:28:13","date_gmt":"2022-03-02T14:28:13","guid":{"rendered":"https:\/\/www.colt.net\/?page_id=110495"},"modified":"2022-03-02T14:28:13","modified_gmt":"2022-03-02T14:28:13","slug":"wholesale-services","status":"publish","type":"page","link":"https:\/\/legacy.colt.net\/es\/wholesale-services\/","title":{"rendered":"Wholesale Services"},"content":{"rendered":"\n<h1>\n\t\tSoluciones para proveedores de servicios\n\t<\/h1>\n<h2>\n\t\tProductos y servicios\n\t<\/h2>\n\t<nav class=\"breadcrumb\"><span><span><a href=\"https:\/\/legacy.colt.net\/es\/\">Home<\/a><\/span><\/span><\/nav>\n<h2>\n\t\tWholesale voice services\n\t<\/h2>\n\t<p>Con Colt, puedes hacer crecer tu negocio al ofrecer m\u00e1s productos, m\u00e1s r\u00e1pidamente y con solo una inversi\u00f3n limitada. Colt es el l\u00edder en servicios de voz, VoIP e IN para los revendedores que quieran entrar f\u00e1cilmente en el mercado europeo.<\/p>\n\t<a href=\"https:\/\/legacy.colt.net\/es\/product\/white-label-solutions\/\" target=\"_self\" rel=\"noopener\"><\/a> \n\t\t\t\t<img decoding=\"async\" src=\"https:\/\/legacy.colt.net\/wp-content\/uploads\/2021\/01\/White-label-solutions.png\" alt=\"White label solutions\" title=\"White label solutions\" itemprop=\"image\"\/>\n\t\t<h3>Servicios VoIP de marca blanca y soluciones de revendedor de voz<\/h3>\t\t\t\n\t\t\t\t<p>Los servicios de VoIP de marca blanca y las soluciones para revendedores de voz de Colt son una gama completa de servicios de voz de alta calidad, con todas las funciones y que cumplen con la normativa.<\/p>\n\t<a href=\"https:\/\/legacy.colt.net\/es\/product\/number-hosting\/\" target=\"_self\" rel=\"noopener\"><\/a> \n\t\t\t\t<img decoding=\"async\" src=\"https:\/\/legacy.colt.net\/wp-content\/uploads\/2021\/01\/Number-hosting-1.png\" alt=\"Number hosting\" title=\"Number hosting\" itemprop=\"image\"\/>\n\t\t<h3>Number Hosting<\/h3>\t\t\t\n\t\t\t\t<p>Colt Number Hosting es tu soluci\u00f3n integral para entrar en los mercados de voz al por mayor: es r\u00e1pido, rentable, sencillo, coherente, cumple la normativa y est\u00e1 totalmente automatizado gracias a las API.<\/p>\n\t<a href=\"https:\/\/legacy.colt.net\/es\/product\/in-over-carrier-voip\/\" target=\"_self\" rel=\"noopener\"><\/a> \n\t\t\t\t<img decoding=\"async\" src=\"https:\/\/legacy.colt.net\/wp-content\/uploads\/2021\/06\/SD-WAN-WL.png\" alt=\"SD-WAN-WL\" title=\"SD-WAN-WL\" itemprop=\"image\"\/>\n\t\t<h3>IN over Carrier VoIP<\/h3>\t\t\t\n\t\t\t\t<p>Actualmente, las empresas se enfrentan a nuevos desaf\u00edos: los clientes y los empleados est\u00e1n distribuidos en varios pa\u00edses, lo que crea la demanda de una mejor colaboraci\u00f3n para resolver los problemas en tiempo real.<\/p>\n<h2>\n\t\tWholesale data services\n\t<\/h2>\n\t<p>Colt&#8217;s business internet + VPN services provide you with high speed internet and network connectivity so you don&#8217;t have to compromise.<\/p>\n\t<a href=\"https:\/\/legacy.colt.net\/product\/sd-wan-white-label\/\" target=\"_self\" rel=\"noopener\"><\/a> \n\t\t\t\t<img decoding=\"async\" src=\"https:\/\/legacy.colt.net\/wp-content\/uploads\/2021\/06\/SD-WAN-WL.png\" alt=\"SD-WAN-WL\" title=\"SD-WAN-WL\" itemprop=\"image\"\/>\n\t\t<h3>SD WAN White Label<\/h3>\t\t\t\n\t\t\t\t<p>Go-to-market with an industry-leading SD WAN service quickly with low capex and minimal development<\/p>\n\n","protected":false},"excerpt":{"rendered":"<p>Soluciones para proveedores de servicios Productos y servicios Wholesale voice services Con Colt, puedes hacer crecer tu negocio al ofrecer m\u00e1s productos, m\u00e1s r\u00e1pidamente y con solo una inversi\u00f3n limitada. Colt es el l\u00edder en servicios de voz, VoIP e IN para los revendedores que quieran entrar f\u00e1cilmente en el mercado europeo. Servicios VoIP de&#8230;<\/p>\n","protected":false},"author":2,"featured_media":0,"parent":0,"menu_order":0,"comment_status":"closed","ping_status":"closed","template":"","meta":{"_acf_changed":false,"footnotes":""},"colt_type":[],"colt_products":[],"class_list":["post-110495","page","type-page","status-publish","hentry"],"acf":[],"yoast_head":"<!-- This site is optimized with the Yoast SEO plugin v26.8 - https:\/\/yoast.com\/product\/yoast-seo-wordpress\/ -->\n<title>Wholesale Services - Colt Technology Services<\/title>\n<meta name=\"description\" content=\"Wholesale Services Colt Technology Services\" \/>\n<meta name=\"robots\" content=\"noindex, follow, max-snippet:-1, max-image-preview:large, max-video-preview:-1\" \/>\n<meta property=\"og:locale\" content=\"es_ES\" \/>\n<meta property=\"og:type\" content=\"article\" \/>\n<meta property=\"og:title\" content=\"Wholesale Services - Colt Technology Services\" \/>\n<meta property=\"og:description\" content=\"Wholesale Services Colt Technology Services\" \/>\n<meta property=\"og:url\" content=\"https:\/\/legacy.colt.net\/es\/wholesale-services\/\" \/>\n<meta property=\"og:site_name\" content=\"Colt Technology Services\" \/>\n<meta property=\"article:publisher\" content=\"https:\/\/www.facebook.com\/ColtTechnologyServices\/\" \/>\n<meta property=\"og:image\" content=\"https:\/\/legacy.colt.net\/wp-content\/uploads\/2021\/01\/Brand-2021-Stock-7.jpg\" \/>\n\t<meta property=\"og:image:width\" content=\"1000\" \/>\n\t<meta property=\"og:image:height\" content=\"667\" \/>\n\t<meta property=\"og:image:type\" content=\"image\/jpeg\" \/>\n<meta name=\"twitter:card\" content=\"summary_large_image\" \/>\n<meta name=\"twitter:site\" content=\"@colt_technology\" \/>\n<meta name=\"twitter:label1\" content=\"Est. reading time\" \/>\n\t<meta name=\"twitter:data1\" content=\"1 minute\" \/>\n<script type=\"application\/ld+json\" class=\"yoast-schema-graph\">{\"@context\":\"https:\/\/schema.org\",\"@graph\":[{\"@type\":\"WebPage\",\"@id\":\"https:\/\/legacy.colt.net\/es\/wholesale-services\/\",\"url\":\"https:\/\/legacy.colt.net\/es\/wholesale-services\/\",\"name\":\"Wholesale Services - Colt Technology Services\",\"isPartOf\":{\"@id\":\"https:\/\/legacy.colt.net\/#website\"},\"primaryImageOfPage\":{\"@id\":\"https:\/\/legacy.colt.net\/es\/wholesale-services\/#primaryimage\"},\"image\":{\"@id\":\"https:\/\/legacy.colt.net\/es\/wholesale-services\/#primaryimage\"},\"thumbnailUrl\":\"https:\/\/legacy.colt.net\/wp-content\/uploads\/2021\/01\/White-label-solutions.png\",\"datePublished\":\"2022-03-02T14:28:13+00:00\",\"description\":\"Wholesale Services Colt Technology Services\",\"breadcrumb\":{\"@id\":\"https:\/\/legacy.colt.net\/es\/wholesale-services\/#breadcrumb\"},\"inLanguage\":\"es-ES\",\"potentialAction\":[{\"@type\":\"ReadAction\",\"target\":[\"https:\/\/legacy.colt.net\/es\/wholesale-services\/\"]}]},{\"@type\":\"ImageObject\",\"inLanguage\":\"es-ES\",\"@id\":\"https:\/\/legacy.colt.net\/es\/wholesale-services\/#primaryimage\",\"url\":\"https:\/\/legacy.colt.net\/wp-content\/uploads\/2021\/01\/White-label-solutions.png\",\"contentUrl\":\"https:\/\/legacy.colt.net\/wp-content\/uploads\/2021\/01\/White-label-solutions.png\"},{\"@type\":\"BreadcrumbList\",\"@id\":\"https:\/\/legacy.colt.net\/es\/wholesale-services\/#breadcrumb\",\"itemListElement\":[{\"@type\":\"ListItem\",\"position\":1,\"name\":\"Home\",\"item\":\"https:\/\/legacy.colt.net\/es\/\"},{\"@type\":\"ListItem\",\"position\":2,\"name\":\"Wholesale Services\"}]},{\"@type\":\"WebSite\",\"@id\":\"https:\/\/legacy.colt.net\/#website\",\"url\":\"https:\/\/legacy.colt.net\/\",\"name\":\"Colt\u30c6\u30af\u30ce\u30ed\u30b8\u30fc\u30b5\u30fc\u30d3\u30b9\u682a\u5f0f\u4f1a\u793e\",\"description\":\"Managed Network &amp; Voice Services Provider\",\"publisher\":{\"@id\":\"https:\/\/legacy.colt.net\/#organization\"},\"potentialAction\":[{\"@type\":\"SearchAction\",\"target\":{\"@type\":\"EntryPoint\",\"urlTemplate\":\"https:\/\/legacy.colt.net\/?s={search_term_string}\"},\"query-input\":{\"@type\":\"PropertyValueSpecification\",\"valueRequired\":true,\"valueName\":\"search_term_string\"}}],\"inLanguage\":\"es-ES\"},{\"@type\":\"Organization\",\"@id\":\"https:\/\/legacy.colt.net\/#organization\",\"name\":\"Colt Technology Services\",\"url\":\"https:\/\/legacy.colt.net\/\",\"logo\":{\"@type\":\"ImageObject\",\"inLanguage\":\"es-ES\",\"@id\":\"https:\/\/legacy.colt.net\/#\/schema\/logo\/image\/\",\"url\":\"https:\/\/legacy.colt.net\/wp-content\/uploads\/2019\/02\/Colt-Logo.png\",\"contentUrl\":\"https:\/\/legacy.colt.net\/wp-content\/uploads\/2019\/02\/Colt-Logo.png\",\"width\":195,\"height\":77,\"caption\":\"Colt Technology Services\"},\"image\":{\"@id\":\"https:\/\/legacy.colt.net\/#\/schema\/logo\/image\/\"},\"sameAs\":[\"https:\/\/www.facebook.com\/ColtTechnologyServices\/\",\"https:\/\/x.com\/colt_technology\",\"https:\/\/www.instagram.com\/colttechnologyservices\/\",\"https:\/\/www.linkedin.com\/company\/colt-technology-services\",\"https:\/\/www.youtube.com\/user\/ColtTechnology\"]}]}<\/script>\n<!-- \/ Yoast SEO plugin. -->","yoast_head_json":{"title":"Wholesale Services - Colt Technology Services","description":"Wholesale Services Colt Technology Services","robots":{"index":"noindex","follow":"follow","max-snippet":"max-snippet:-1","max-image-preview":"max-image-preview:large","max-video-preview":"max-video-preview:-1"},"og_locale":"es_ES","og_type":"article","og_title":"Wholesale Services - Colt Technology Services","og_description":"Wholesale Services Colt Technology Services","og_url":"https:\/\/legacy.colt.net\/es\/wholesale-services\/","og_site_name":"Colt Technology Services","article_publisher":"https:\/\/www.facebook.com\/ColtTechnologyServices\/","og_image":[{"width":1000,"height":667,"url":"https:\/\/legacy.colt.net\/wp-content\/uploads\/2021\/01\/Brand-2021-Stock-7.jpg","type":"image\/jpeg"}],"twitter_card":"summary_large_image","twitter_site":"@colt_technology","twitter_misc":{"Est. reading time":"1 minute"},"schema":{"@context":"https:\/\/schema.org","@graph":[{"@type":"WebPage","@id":"https:\/\/legacy.colt.net\/es\/wholesale-services\/","url":"https:\/\/legacy.colt.net\/es\/wholesale-services\/","name":"Wholesale Services - Colt Technology Services","isPartOf":{"@id":"https:\/\/legacy.colt.net\/#website"},"primaryImageOfPage":{"@id":"https:\/\/legacy.colt.net\/es\/wholesale-services\/#primaryimage"},"image":{"@id":"https:\/\/legacy.colt.net\/es\/wholesale-services\/#primaryimage"},"thumbnailUrl":"https:\/\/legacy.colt.net\/wp-content\/uploads\/2021\/01\/White-label-solutions.png","datePublished":"2022-03-02T14:28:13+00:00","description":"Wholesale Services Colt Technology Services","breadcrumb":{"@id":"https:\/\/legacy.colt.net\/es\/wholesale-services\/#breadcrumb"},"inLanguage":"es-ES","potentialAction":[{"@type":"ReadAction","target":["https:\/\/legacy.colt.net\/es\/wholesale-services\/"]}]},{"@type":"ImageObject","inLanguage":"es-ES","@id":"https:\/\/legacy.colt.net\/es\/wholesale-services\/#primaryimage","url":"https:\/\/legacy.colt.net\/wp-content\/uploads\/2021\/01\/White-label-solutions.png","contentUrl":"https:\/\/legacy.colt.net\/wp-content\/uploads\/2021\/01\/White-label-solutions.png"},{"@type":"BreadcrumbList","@id":"https:\/\/legacy.colt.net\/es\/wholesale-services\/#breadcrumb","itemListElement":[{"@type":"ListItem","position":1,"name":"Home","item":"https:\/\/legacy.colt.net\/es\/"},{"@type":"ListItem","position":2,"name":"Wholesale Services"}]},{"@type":"WebSite","@id":"https:\/\/legacy.colt.net\/#website","url":"https:\/\/legacy.colt.net\/","name":"Colt\u30c6\u30af\u30ce\u30ed\u30b8\u30fc\u30b5\u30fc\u30d3\u30b9\u682a\u5f0f\u4f1a\u793e","description":"Managed Network &amp; Voice Services Provider","publisher":{"@id":"https:\/\/legacy.colt.net\/#organization"},"potentialAction":[{"@type":"SearchAction","target":{"@type":"EntryPoint","urlTemplate":"https:\/\/legacy.colt.net\/?s={search_term_string}"},"query-input":{"@type":"PropertyValueSpecification","valueRequired":true,"valueName":"search_term_string"}}],"inLanguage":"es-ES"},{"@type":"Organization","@id":"https:\/\/legacy.colt.net\/#organization","name":"Colt Technology Services","url":"https:\/\/legacy.colt.net\/","logo":{"@type":"ImageObject","inLanguage":"es-ES","@id":"https:\/\/legacy.colt.net\/#\/schema\/logo\/image\/","url":"https:\/\/legacy.colt.net\/wp-content\/uploads\/2019\/02\/Colt-Logo.png","contentUrl":"https:\/\/legacy.colt.net\/wp-content\/uploads\/2019\/02\/Colt-Logo.png","width":195,"height":77,"caption":"Colt Technology Services"},"image":{"@id":"https:\/\/legacy.colt.net\/#\/schema\/logo\/image\/"},"sameAs":["https:\/\/www.facebook.com\/ColtTechnologyServices\/","https:\/\/x.com\/colt_technology","https:\/\/www.instagram.com\/colttechnologyservices\/","https:\/\/www.linkedin.com\/company\/colt-technology-services","https:\/\/www.youtube.com\/user\/ColtTechnology"]}]}},"_links":{"self":[{"href":"https:\/\/legacy.colt.net\/es\/wp-json\/wp\/v2\/pages\/110495","targetHints":{"allow":["GET"]}}],"collection":[{"href":"https:\/\/legacy.colt.net\/es\/wp-json\/wp\/v2\/pages"}],"about":[{"href":"https:\/\/legacy.colt.net\/es\/wp-json\/wp\/v2\/types\/page"}],"author":[{"embeddable":true,"href":"https:\/\/legacy.colt.net\/es\/wp-json\/wp\/v2\/users\/2"}],"replies":[{"embeddable":true,"href":"https:\/\/legacy.colt.net\/es\/wp-json\/wp\/v2\/comments?post=110495"}],"version-history":[{"count":0,"href":"https:\/\/legacy.colt.net\/es\/wp-json\/wp\/v2\/pages\/110495\/revisions"}],"wp:attachment":[{"href":"https:\/\/legacy.colt.net\/es\/wp-json\/wp\/v2\/media?parent=110495"}],"wp:term":[{"taxonomy":"colt_type","embeddable":true,"href":"https:\/\/legacy.colt.net\/es\/wp-json\/wp\/v2\/colt_type?post=110495"},{"taxonomy":"colt_products","embeddable":true,"href":"https:\/\/legacy.colt.net\/es\/wp-json\/wp\/v2\/colt_products?post=110495"}],"curies":[{"name":"wp","href":"https:\/\/api.w.org\/{rel}","templated":true}]}}