{"id":108554,"date":"2022-01-18T16:19:43","date_gmt":"2022-01-18T16:19:43","guid":{"rendered":"https:\/\/www.colt.net\/?page_id=108554"},"modified":"2022-03-04T16:40:11","modified_gmt":"2022-03-04T16:40:11","slug":"communications-services","status":"publish","type":"page","link":"https:\/\/legacy.colt.net\/es\/communications-services\/","title":{"rendered":"Communications Services"},"content":{"rendered":"\n<h1>\n\t<\/h1>\n<h2>\n\t\tProductos y servicios\n\t<\/h2>\n\t<nav class=\"breadcrumb\"><span><span><a href=\"https:\/\/legacy.colt.net\/es\/\">Home<\/a><\/span><\/span><\/nav>\n<h2>\n\t\tCalling services\n\t<\/h2>\n\t<p>Colt tiene una amplia cartera de sistemas y l\u00edneas telef\u00f3nicas comerciales con una amplia cobertura internacional que ahora se extiende a 29 pa\u00edses de Europa, Asia, Australia y Am\u00e9rica del Norte.<\/p>\n\t<a href=\"https:\/\/legacy.colt.net\/es\/product\/toll-free-non-geographic-numbers\/\" target=\"_self\" rel=\"noopener\"><\/a> \n\t\t\t\t<img decoding=\"async\" src=\"https:\/\/legacy.colt.net\/wp-content\/uploads\/2021\/01\/Business-Phone-Numbers-1.png\" alt=\"Business Phone Numbers\" title=\"Business Phone Numbers\" itemprop=\"image\"\/>\n\t\t<h3>Service access numbers<\/h3>\t\t\t\n\t\t\t\t<p>I Service Access Numbers rendono il vostro business pi\u00f9 accessibile nei vari mercati e per il vostro personale. Con Colt, \u00e8 possibile ricevere chiamate da ben 28 Paesi e 4 continenti e poi, a partire da un&#8217;unica interfaccia web, potrete inoltrarle in qualsiasi parte del mondo.<\/p>\n\t<a href=\"https:\/\/legacy.colt.net\/es\/product\/sip-trunking\/\" target=\"_self\" rel=\"noopener\"><\/a> \n\t\t\t\t<img decoding=\"async\" src=\"https:\/\/legacy.colt.net\/wp-content\/uploads\/2021\/01\/Voice.png\" alt=\"Voice\" title=\"Voice\" itemprop=\"image\"\/>\n\t\t<h3>SIP trunking<\/h3>\t\t\t\n\t\t\t\t<p>Con las soluciones SIP Trunking, simplifica todas las telecomunicaciones en una sola red IP. Mantiene todas las caracter\u00edsticas de la telefon\u00eda tradicional y la calidad de las llamadas, al tiempo que obtiene un ahorro mensual de hasta el 50%.<\/p>\n\t<a href=\"https:\/\/legacy.colt.net\/es\/product\/isdn-voice-services\/\" target=\"_self\" rel=\"noopener\"><\/a> \n\t\t\t\t<img decoding=\"async\" src=\"https:\/\/legacy.colt.net\/wp-content\/uploads\/2021\/01\/ISDN-Voice.png\" alt=\"ISDN Voice\" title=\"ISDN Voice\" itemprop=\"image\"\/>\n\t\t<h3>ISDN services<\/h3>\t\t\t\n\t\t\t\t<p>Trabaja con nosotros para consolidar y simplificar tus servicios de voz, a la vez que recortas gastos. Pasar a Colt es sencillo. Minimizamos la interrupci\u00f3n de la actividad durante la instalaci\u00f3n y luego garantizamos el servicio.<\/p>\n<h2>\n\t\tContact centres\n\t<\/h2>\n\t<p>Ofrezca un mejor trato a sus clientes al tiempo que mejora la rentabilidad.<\/p>\n\t<a href=\"https:\/\/legacy.colt.net\/es\/product\/contact-centre-as-a-service\/\" target=\"_self\" rel=\"noopener\"><\/a> \n\t\t\t\t<img decoding=\"async\" src=\"https:\/\/legacy.colt.net\/wp-content\/uploads\/2021\/03\/CCaaS-icon.png\" alt=\"CCaaS-icon\" title=\"CCaaS-icon\" itemprop=\"image\"\/>\n\t\t<h3>Centre como Servicio de Colt (CCaaS)<\/h3>\t\t\t\n\t\t\t\t<p>Una soluci\u00f3n omnicanal en la nube y f\u00e1cil de implementar para desarrollar relaciones significativas con los clientes que cuentan con una plantilla remota.<\/p>\n<h2>\n\t\tUnified Communications\n\t<\/h2>\n\t<p>Colt proporciona soluciones de comunicaciones unificadas flexibles y escalables como servicio, totalmente gestionadas de un extremo a otro.<\/p>\n\t<a href=\"https:\/\/legacy.colt.net\/es\/product\/colt-intelligent-communications\/\" target=\"_self\" rel=\"noopener\"><\/a> \n\t\t\t\t<img decoding=\"async\" src=\"https:\/\/legacy.colt.net\/wp-content\/uploads\/2021\/01\/Intelligent-Communications.png\" alt=\"Intelligent Communications\" title=\"Intelligent Communications\" itemprop=\"image\"\/>\n\t\t<h3>Intelligent Communications<\/h3>\t\t\t\n\t\t\t\t<p>Intelligent Communications de Colt combina la potencia de las aplicaciones de productividad de Microsoft en la nube con las herramientas de comunicaci\u00f3n de la empresa para proporcionarle a esta una soluci\u00f3n cu\u00e1druple integrada.<\/p>\n\t<a href=\"https:\/\/legacy.colt.net\/es\/product\/cloud-sbc\/\" target=\"_self\" rel=\"noopener\"><\/a> \n\t\t\t\t<img decoding=\"async\" src=\"https:\/\/legacy.colt.net\/wp-content\/uploads\/2021\/01\/Cloud-SBC.png\" alt=\"Cloud SBC\" title=\"Cloud SBC\" itemprop=\"image\"\/>\n\t\t<h3>Cloud SBC<\/h3>\t\t\t\n\t\t\t\t<p>Cloud SBC de Colt elimina la necesidad de contar con dispositivos en las instalaciones para proporcionar Direct Routing y hace posible una soluci\u00f3n Cloud lista para funcionar en un entorno totalmente en la nube<\/p>\n<h2>\n\t\tService provider solutions\n\t<\/h2>\n\t<p>Colt ha desarrollado soluciones de proveedores de servicios de voz al por mayor para sus operadores, revendedores y proveedores de servicios que le permiten vender sus propios servicios de voz en nuevos mercados con una inversi\u00f3n m\u00ednima.<\/p>\n\t<a href=\"https:\/\/legacy.colt.net\/es\/product\/white-label-solutions\/\" target=\"_self\" rel=\"noopener\"><\/a> \n\t\t\t\t<img decoding=\"async\" src=\"https:\/\/legacy.colt.net\/wp-content\/uploads\/2021\/01\/White-label-solutions.png\" alt=\"White label solutions\" title=\"White label solutions\" itemprop=\"image\"\/>\n\t\t<h3>White label<\/h3>\t\t\t\n\t\t\t\t<p>Hazte distribuidor Colt de servicios de VoIP y voz con nuestros servicios empresariales de marca blanca.<\/p>\n\t<a href=\"https:\/\/legacy.colt.net\/es\/product\/number-hosting\/\" target=\"_self\" rel=\"noopener\"><\/a> \n\t\t\t\t<img decoding=\"async\" src=\"https:\/\/legacy.colt.net\/wp-content\/uploads\/2021\/01\/Number-hosting-1.png\" alt=\"Number hosting\" title=\"Number hosting\" itemprop=\"image\"\/>\n\t\t<h3>Number hosting<\/h3>\t\t\t\n\t\t\t\t<p>Number Hosting es una soluci\u00f3n multinacional de SIP trunking para tr\u00e1fico saliente y entrante, basada en una \u00fanica conectividad IP a tu plataforma.<\/p>\n\t<a href=\"https:\/\/legacy.colt.net\/es\/product\/in-over-carrier-voip\/\" target=\"_self\" rel=\"noopener\"><\/a> \n\t\t\t\t<img decoding=\"async\" src=\"https:\/\/legacy.colt.net\/wp-content\/uploads\/2021\/01\/IN-over-VoIP-1.png\" alt=\"IN over VoIP\" title=\"IN over VoIP\" itemprop=\"image\"\/>\n\t\t<h3>IN over carrier VoIP<\/h3>\t\t\t\n\t\t\t\t<p>Servicios de red inteligente de VoIP en 13 pa\u00edses europeos con nuestra propia red.<\/p>\n<h2>\n\t\tVoice on demand\n\t<\/h2>\n\t<p>Gestionar todos tus n\u00fameros de acceso al servicio mediante un portal centralizado, desde el pedido hasta la baja de los mismos.<\/p>\n\t<a href=\"https:\/\/legacy.colt.net\/es\/product\/voice-on-demand\/\" target=\"_self\" rel=\"noopener\"><\/a> \n\t\t\t\t<img decoding=\"async\" src=\"https:\/\/legacy.colt.net\/wp-content\/uploads\/2021\/01\/Ultra-Low-Latency.png\" alt=\"Ultra Low Latency\" title=\"Ultra Low Latency\" itemprop=\"image\"\/>\n\t\t<h3>Voice On Demand<\/h3>\t\t\t\n\t\t\t\t<p>Colt Voice On-Demand Portal permite seleccionar el pa\u00eds, el tipo de n\u00famero, el rango de n\u00fameros y la cantidad para ejecutar f\u00e1cilmente tu pedido, con ayuda de intuitivas opciones de filtrado. El procesamiento de pedidos es totalmente digital y no requiere documentaci\u00f3n en papel.<\/p>\n\n","protected":false},"excerpt":{"rendered":"<p>Productos y servicios Calling services Colt tiene una amplia cartera de sistemas y l\u00edneas telef\u00f3nicas comerciales con una amplia cobertura internacional que ahora se extiende a 29 pa\u00edses de Europa, Asia, Australia y Am\u00e9rica del Norte. Service access numbers I Service Access Numbers rendono il vostro business pi\u00f9 accessibile nei vari mercati e per il&#8230;<\/p>\n","protected":false},"author":2,"featured_media":0,"parent":0,"menu_order":0,"comment_status":"closed","ping_status":"closed","template":"","meta":{"_acf_changed":false,"footnotes":""},"colt_type":[],"colt_products":[],"class_list":["post-108554","page","type-page","status-publish","hentry"],"acf":[],"yoast_head":"<!-- This site is optimized with the Yoast SEO plugin v26.8 - https:\/\/yoast.com\/product\/yoast-seo-wordpress\/ -->\n<title>Communications Services - Colt Technology Services<\/title>\n<meta name=\"description\" content=\"Communications Services Colt Technology Services\" \/>\n<meta name=\"robots\" content=\"noindex, follow, max-snippet:-1, max-image-preview:large, max-video-preview:-1\" \/>\n<meta property=\"og:locale\" content=\"es_ES\" \/>\n<meta property=\"og:type\" content=\"article\" \/>\n<meta property=\"og:title\" content=\"Communications Services - Colt Technology Services\" \/>\n<meta property=\"og:description\" content=\"Communications Services Colt Technology Services\" \/>\n<meta property=\"og:url\" content=\"https:\/\/legacy.colt.net\/es\/communications-services\/\" \/>\n<meta property=\"og:site_name\" content=\"Colt Technology Services\" \/>\n<meta property=\"article:publisher\" content=\"https:\/\/www.facebook.com\/ColtTechnologyServices\/\" \/>\n<meta property=\"article:modified_time\" content=\"2022-03-04T16:40:11+00:00\" \/>\n<meta property=\"og:image\" content=\"https:\/\/legacy.colt.net\/wp-content\/uploads\/2021\/01\/Brand-2021-Stock-11-1.jpg\" \/>\n\t<meta property=\"og:image:width\" content=\"1000\" \/>\n\t<meta property=\"og:image:height\" content=\"667\" \/>\n\t<meta property=\"og:image:type\" content=\"image\/jpeg\" \/>\n<meta name=\"twitter:card\" content=\"summary_large_image\" \/>\n<meta name=\"twitter:site\" content=\"@colt_technology\" \/>\n<meta name=\"twitter:label1\" content=\"Est. reading time\" \/>\n\t<meta name=\"twitter:data1\" content=\"2 minutes\" \/>\n<script type=\"application\/ld+json\" class=\"yoast-schema-graph\">{\"@context\":\"https:\/\/schema.org\",\"@graph\":[{\"@type\":\"WebPage\",\"@id\":\"https:\/\/legacy.colt.net\/es\/communications-services\/\",\"url\":\"https:\/\/legacy.colt.net\/es\/communications-services\/\",\"name\":\"Communications Services - Colt Technology Services\",\"isPartOf\":{\"@id\":\"https:\/\/legacy.colt.net\/#website\"},\"primaryImageOfPage\":{\"@id\":\"https:\/\/legacy.colt.net\/es\/communications-services\/#primaryimage\"},\"image\":{\"@id\":\"https:\/\/legacy.colt.net\/es\/communications-services\/#primaryimage\"},\"thumbnailUrl\":\"https:\/\/legacy.colt.net\/wp-content\/uploads\/2021\/01\/Business-Phone-Numbers-1.png\",\"datePublished\":\"2022-01-18T16:19:43+00:00\",\"dateModified\":\"2022-03-04T16:40:11+00:00\",\"description\":\"Communications Services Colt Technology Services\",\"breadcrumb\":{\"@id\":\"https:\/\/legacy.colt.net\/es\/communications-services\/#breadcrumb\"},\"inLanguage\":\"es-ES\",\"potentialAction\":[{\"@type\":\"ReadAction\",\"target\":[\"https:\/\/legacy.colt.net\/es\/communications-services\/\"]}]},{\"@type\":\"ImageObject\",\"inLanguage\":\"es-ES\",\"@id\":\"https:\/\/legacy.colt.net\/es\/communications-services\/#primaryimage\",\"url\":\"https:\/\/legacy.colt.net\/wp-content\/uploads\/2021\/01\/Business-Phone-Numbers-1.png\",\"contentUrl\":\"https:\/\/legacy.colt.net\/wp-content\/uploads\/2021\/01\/Business-Phone-Numbers-1.png\"},{\"@type\":\"BreadcrumbList\",\"@id\":\"https:\/\/legacy.colt.net\/es\/communications-services\/#breadcrumb\",\"itemListElement\":[{\"@type\":\"ListItem\",\"position\":1,\"name\":\"Home\",\"item\":\"https:\/\/legacy.colt.net\/es\/\"},{\"@type\":\"ListItem\",\"position\":2,\"name\":\"Communications Services\"}]},{\"@type\":\"WebSite\",\"@id\":\"https:\/\/legacy.colt.net\/#website\",\"url\":\"https:\/\/legacy.colt.net\/\",\"name\":\"Colt\u30c6\u30af\u30ce\u30ed\u30b8\u30fc\u30b5\u30fc\u30d3\u30b9\u682a\u5f0f\u4f1a\u793e\",\"description\":\"Managed Network &amp; Voice Services Provider\",\"publisher\":{\"@id\":\"https:\/\/legacy.colt.net\/#organization\"},\"potentialAction\":[{\"@type\":\"SearchAction\",\"target\":{\"@type\":\"EntryPoint\",\"urlTemplate\":\"https:\/\/legacy.colt.net\/?s={search_term_string}\"},\"query-input\":{\"@type\":\"PropertyValueSpecification\",\"valueRequired\":true,\"valueName\":\"search_term_string\"}}],\"inLanguage\":\"es-ES\"},{\"@type\":\"Organization\",\"@id\":\"https:\/\/legacy.colt.net\/#organization\",\"name\":\"Colt Technology Services\",\"url\":\"https:\/\/legacy.colt.net\/\",\"logo\":{\"@type\":\"ImageObject\",\"inLanguage\":\"es-ES\",\"@id\":\"https:\/\/legacy.colt.net\/#\/schema\/logo\/image\/\",\"url\":\"https:\/\/legacy.colt.net\/wp-content\/uploads\/2019\/02\/Colt-Logo.png\",\"contentUrl\":\"https:\/\/legacy.colt.net\/wp-content\/uploads\/2019\/02\/Colt-Logo.png\",\"width\":195,\"height\":77,\"caption\":\"Colt Technology Services\"},\"image\":{\"@id\":\"https:\/\/legacy.colt.net\/#\/schema\/logo\/image\/\"},\"sameAs\":[\"https:\/\/www.facebook.com\/ColtTechnologyServices\/\",\"https:\/\/x.com\/colt_technology\",\"https:\/\/www.instagram.com\/colttechnologyservices\/\",\"https:\/\/www.linkedin.com\/company\/colt-technology-services\",\"https:\/\/www.youtube.com\/user\/ColtTechnology\"]}]}<\/script>\n<!-- \/ Yoast SEO plugin. -->","yoast_head_json":{"title":"Communications Services - Colt Technology Services","description":"Communications Services Colt Technology Services","robots":{"index":"noindex","follow":"follow","max-snippet":"max-snippet:-1","max-image-preview":"max-image-preview:large","max-video-preview":"max-video-preview:-1"},"og_locale":"es_ES","og_type":"article","og_title":"Communications Services - Colt Technology Services","og_description":"Communications Services Colt Technology Services","og_url":"https:\/\/legacy.colt.net\/es\/communications-services\/","og_site_name":"Colt Technology Services","article_publisher":"https:\/\/www.facebook.com\/ColtTechnologyServices\/","article_modified_time":"2022-03-04T16:40:11+00:00","og_image":[{"width":1000,"height":667,"url":"https:\/\/legacy.colt.net\/wp-content\/uploads\/2021\/01\/Brand-2021-Stock-11-1.jpg","type":"image\/jpeg"}],"twitter_card":"summary_large_image","twitter_site":"@colt_technology","twitter_misc":{"Est. reading time":"2 minutes"},"schema":{"@context":"https:\/\/schema.org","@graph":[{"@type":"WebPage","@id":"https:\/\/legacy.colt.net\/es\/communications-services\/","url":"https:\/\/legacy.colt.net\/es\/communications-services\/","name":"Communications Services - Colt Technology Services","isPartOf":{"@id":"https:\/\/legacy.colt.net\/#website"},"primaryImageOfPage":{"@id":"https:\/\/legacy.colt.net\/es\/communications-services\/#primaryimage"},"image":{"@id":"https:\/\/legacy.colt.net\/es\/communications-services\/#primaryimage"},"thumbnailUrl":"https:\/\/legacy.colt.net\/wp-content\/uploads\/2021\/01\/Business-Phone-Numbers-1.png","datePublished":"2022-01-18T16:19:43+00:00","dateModified":"2022-03-04T16:40:11+00:00","description":"Communications Services Colt Technology Services","breadcrumb":{"@id":"https:\/\/legacy.colt.net\/es\/communications-services\/#breadcrumb"},"inLanguage":"es-ES","potentialAction":[{"@type":"ReadAction","target":["https:\/\/legacy.colt.net\/es\/communications-services\/"]}]},{"@type":"ImageObject","inLanguage":"es-ES","@id":"https:\/\/legacy.colt.net\/es\/communications-services\/#primaryimage","url":"https:\/\/legacy.colt.net\/wp-content\/uploads\/2021\/01\/Business-Phone-Numbers-1.png","contentUrl":"https:\/\/legacy.colt.net\/wp-content\/uploads\/2021\/01\/Business-Phone-Numbers-1.png"},{"@type":"BreadcrumbList","@id":"https:\/\/legacy.colt.net\/es\/communications-services\/#breadcrumb","itemListElement":[{"@type":"ListItem","position":1,"name":"Home","item":"https:\/\/legacy.colt.net\/es\/"},{"@type":"ListItem","position":2,"name":"Communications Services"}]},{"@type":"WebSite","@id":"https:\/\/legacy.colt.net\/#website","url":"https:\/\/legacy.colt.net\/","name":"Colt\u30c6\u30af\u30ce\u30ed\u30b8\u30fc\u30b5\u30fc\u30d3\u30b9\u682a\u5f0f\u4f1a\u793e","description":"Managed Network &amp; Voice Services Provider","publisher":{"@id":"https:\/\/legacy.colt.net\/#organization"},"potentialAction":[{"@type":"SearchAction","target":{"@type":"EntryPoint","urlTemplate":"https:\/\/legacy.colt.net\/?s={search_term_string}"},"query-input":{"@type":"PropertyValueSpecification","valueRequired":true,"valueName":"search_term_string"}}],"inLanguage":"es-ES"},{"@type":"Organization","@id":"https:\/\/legacy.colt.net\/#organization","name":"Colt Technology Services","url":"https:\/\/legacy.colt.net\/","logo":{"@type":"ImageObject","inLanguage":"es-ES","@id":"https:\/\/legacy.colt.net\/#\/schema\/logo\/image\/","url":"https:\/\/legacy.colt.net\/wp-content\/uploads\/2019\/02\/Colt-Logo.png","contentUrl":"https:\/\/legacy.colt.net\/wp-content\/uploads\/2019\/02\/Colt-Logo.png","width":195,"height":77,"caption":"Colt Technology Services"},"image":{"@id":"https:\/\/legacy.colt.net\/#\/schema\/logo\/image\/"},"sameAs":["https:\/\/www.facebook.com\/ColtTechnologyServices\/","https:\/\/x.com\/colt_technology","https:\/\/www.instagram.com\/colttechnologyservices\/","https:\/\/www.linkedin.com\/company\/colt-technology-services","https:\/\/www.youtube.com\/user\/ColtTechnology"]}]}},"_links":{"self":[{"href":"https:\/\/legacy.colt.net\/es\/wp-json\/wp\/v2\/pages\/108554","targetHints":{"allow":["GET"]}}],"collection":[{"href":"https:\/\/legacy.colt.net\/es\/wp-json\/wp\/v2\/pages"}],"about":[{"href":"https:\/\/legacy.colt.net\/es\/wp-json\/wp\/v2\/types\/page"}],"author":[{"embeddable":true,"href":"https:\/\/legacy.colt.net\/es\/wp-json\/wp\/v2\/users\/2"}],"replies":[{"embeddable":true,"href":"https:\/\/legacy.colt.net\/es\/wp-json\/wp\/v2\/comments?post=108554"}],"version-history":[{"count":0,"href":"https:\/\/legacy.colt.net\/es\/wp-json\/wp\/v2\/pages\/108554\/revisions"}],"wp:attachment":[{"href":"https:\/\/legacy.colt.net\/es\/wp-json\/wp\/v2\/media?parent=108554"}],"wp:term":[{"taxonomy":"colt_type","embeddable":true,"href":"https:\/\/legacy.colt.net\/es\/wp-json\/wp\/v2\/colt_type?post=108554"},{"taxonomy":"colt_products","embeddable":true,"href":"https:\/\/legacy.colt.net\/es\/wp-json\/wp\/v2\/colt_products?post=108554"}],"curies":[{"name":"wp","href":"https:\/\/api.w.org\/{rel}","templated":true}]}}