{"id":108506,"date":"2022-01-18T09:49:41","date_gmt":"2022-01-18T09:49:41","guid":{"rendered":"https:\/\/www.colt.net\/?page_id=108506"},"modified":"2022-01-18T09:51:04","modified_gmt":"2022-01-18T09:51:04","slug":"networking-services","status":"publish","type":"page","link":"https:\/\/legacy.colt.net\/es\/networking-services\/","title":{"rendered":"Networking Services"},"content":{"rendered":"\n<h1>\n\t<\/h1>\n<h2>\n\t\tProductos y servicios\n\t<\/h2>\n\t<nav class=\"breadcrumb\"><span><span><a href=\"https:\/\/legacy.colt.net\/es\/\">Home<\/a><\/span><\/span><\/nav>\n<h2>\n\t\tBusiness Internet, SD WAN &#038; IP VPN\n\t<\/h2>\n\t<p>Los servicios de Internet y VPN para empresas de Colt le ofrecen conectividad de red e Internet de alta velocidad para que no tenga que comprometerse.<\/p>\n\t<a href=\"https:\/\/legacy.colt.net\/es\/product\/ip-access\/\" target=\"_self\" rel=\"noopener\"><\/a> \n\t\t\t\t<img decoding=\"async\" src=\"https:\/\/legacy.colt.net\/wp-content\/uploads\/2021\/01\/IP-Access.png\" alt=\"IP Access\" title=\"IP Access\" itemprop=\"image\"\/>\n\t\t<h3>IP Access<\/h3>\t\t\t\n\t\t\t\t<p>Colt IP Access es un servicio de Internet de alta velocidad para empresas respaldado por nuestra galardonada red internacional.<\/p>\n\t<a href=\"https:\/\/legacy.colt.net\/es\/product\/sd-wan\" target=\"_self\" rel=\"noopener\"><\/a> \n\t\t\t\t<img decoding=\"async\" src=\"https:\/\/legacy.colt.net\/wp-content\/uploads\/2021\/01\/SD-WAN.png\" alt=\"SD WAN\" title=\"SD WAN\" itemprop=\"image\"\/>\n\t\t<h3>SD WAN<\/h3>\t\t\t\n\t\t\t\t<p>Colt aprovecha una plataforma SD WAN inteligente para determinar qu\u00e9 datos viajan por internet y qu\u00e9 datos permanecen en redes privadas.<\/p>\n\t<a href=\"https:\/\/legacy.colt.net\/es\/product\/ip-vpn\/\" target=\"_self\" rel=\"noopener\"><\/a> \n\t\t\t\t<img decoding=\"async\" src=\"https:\/\/legacy.colt.net\/wp-content\/uploads\/2021\/01\/IP-Guardian.png\" alt=\"IP Guardian\" title=\"IP Guardian\" itemprop=\"image\"\/>\n\t\t<h3>IP VPN<\/h3>\t\t\t\n\t\t\t\t<p>Casi todas las semanas aparecen noticias sobre violaciones de seguridad en algunas de las empresas m\u00e1s grandes del mundo.<\/p>\n<h2>\n\t\tEthernet Services\n\t<\/h2>\n\t<p>Los galardonados servicios ethernet globales de Colt le brindan la capacidad de interconectar sin problemas su negocio, para que pueda responder mejor a los nuevos desaf\u00edos y oportunidades.<\/p>\n\t<a href=\"https:\/\/legacy.colt.net\/product\/ethernet-line\/\" target=\"_self\" rel=\"noopener\"><\/a> \n\t\t\t\t<img decoding=\"async\" src=\"https:\/\/legacy.colt.net\/wp-content\/uploads\/2021\/01\/Ethernet.png\" alt=\"Ethernet\" title=\"Ethernet\" itemprop=\"image\"\/>\n\t\t<h3>Ethernet line<\/h3>\t\t\t\n\t\t\t\t<p>Conexi\u00f3n Ethernet segura, econ\u00f3mica y de f\u00e1cil manejo entre dos ubicaciones.<\/p>\n\t<a href=\"https:\/\/legacy.colt.net\/es\/product\/ethernet-hub-spoke\/\" target=\"_self\" rel=\"noopener\"><\/a> \n\t\t\t\t<img decoding=\"async\" src=\"https:\/\/legacy.colt.net\/wp-content\/uploads\/2021\/01\/IP-Access.png\" alt=\"IP Access\" title=\"IP Access\" itemprop=\"image\"\/>\n\t\t<h3>Ethernet Hub + Spoke<\/h3>\t\t\t\n\t\t\t\t<p>Una forma econ\u00f3mica y manejable para conectar un gran n\u00famero de centros a una oficina central, data centre o PoP de operador (servicio punto a multipunto).<\/p>\n\t<a href=\"https:\/\/legacy.colt.net\/es\/product\/ethernet-vpn\/\" target=\"_self\" rel=\"noopener\"><\/a> \n\t\t\t\t<img decoding=\"async\" src=\"https:\/\/legacy.colt.net\/wp-content\/uploads\/2021\/01\/VPN.png\" alt=\"VPN\" title=\"VPN\" itemprop=\"image\"\/>\n\t\t<h3>Ethernet VPN<\/h3>\t\t\t\n\t\t\t\t<p>Colt Ethernet VPN (Red Privada Virtual) es ideal para conectar centros empresariales que requieren una comunicaci\u00f3n regular y transparente entre s\u00ed.<\/p>\n\t<a href=\"https:\/\/legacy.colt.net\/es\/product\/private-ethernet\" target=\"_self\" rel=\"noopener\"><\/a> \n\t\t\t\t<img decoding=\"async\" src=\"https:\/\/legacy.colt.net\/wp-content\/uploads\/2021\/01\/IP-Guardian.png\" alt=\"IP Guardian\" title=\"IP Guardian\" itemprop=\"image\"\/>\n\t\t<h3>Private ethernet<\/h3>\t\t\t\n\t\t\t\t<p>Private Ethernet se ofrece a trav\u00e9s de fibra y equipos reservados para un solo cliente. Esto garantiza una seguridad m\u00e1xima.<\/p>\n<h2>\n\t\tServicios de red de fibra \u00f3ptica\n\t<\/h2>\n\t<p>Nuestra cartera de servicios de red \u00f3ptica proporciona los niveles m\u00e1s altos de rendimiento de red para conexiones troncales, conectividad entre centros de datos y requisitos de alto ancho de banda.<\/p>\n\t<a href=\"https:\/\/legacy.colt.net\/es\/product\/wave\/\" target=\"_self\" rel=\"noopener\"><\/a> \n\t\t\t\t<img decoding=\"async\" src=\"https:\/\/legacy.colt.net\/wp-content\/uploads\/2021\/01\/Wave.png\" alt=\"Wave\" title=\"Wave\" itemprop=\"image\"\/>\n\t\t<h3>Optical wave<\/h3>\t\t\t\n\t\t\t\t<p>Los servicios Wave permiten una instalaci\u00f3n r\u00e1pida y sencilla de conexiones de red de fibra \u00f3ptica y de gran ancho de banda en la red IQ de Colt.<\/p>\n\t<a href=\"https:\/\/legacy.colt.net\/es\/product\/private-wave\/\" target=\"_self\" rel=\"noopener\"><\/a> \n\t\t\t\t<img decoding=\"async\" src=\"https:\/\/legacy.colt.net\/wp-content\/uploads\/2021\/01\/Private-Wave.png\" alt=\"Private Wave\" title=\"Private Wave\" itemprop=\"image\"\/>\n\t\t<h3>Private wave<\/h3>\t\t\t\n\t\t\t\t<p>Colt Private Wave ofrece servicios de red de fibra \u00f3ptica privada segura, flexible y de altas prestaciones, creada con equipos WDM y una infraestructura de fibra privada para el cliente.\u00a0<\/p>\n\t<a href=\"https:\/\/legacy.colt.net\/es\/product\/spectrum\" target=\"_self\" rel=\"noopener\"><\/a> \n\t\t\t\t<img decoding=\"async\" src=\"https:\/\/legacy.colt.net\/wp-content\/uploads\/2021\/01\/Spectrum.png\" alt=\"Spectrum\" title=\"Spectrum\" itemprop=\"image\"\/>\n\t\t<h3>Spectrum<\/h3>\t\t\t\n\t\t\t\t<p>Proporcionando una conectividad de banda ancha ultra alta, Colt Spectrum ofrece la flexibilidad y el control de una red de fibra de larga distancia, sin los gastos generales de Dark Fiber.<\/p>\n\t<a href=\"https:\/\/legacy.colt.net\/es\/product\/dark-fibre\" target=\"_self\" rel=\"noopener\"><\/a> \n\t\t\t\t<img decoding=\"async\" src=\"https:\/\/legacy.colt.net\/wp-content\/uploads\/2021\/01\/Dark-Fibre.png\" alt=\"Dark Fibre\" title=\"Dark Fibre\" itemprop=\"image\"\/>\n\t\t<h3>Dark Fibre<\/h3>\t\t\t\n\t\t\t\t<p>La red de fibra oscura de Colt es la m\u00e1s extensa y fiable de Europa. Abarcamos 51 \u00e1reas metropolitanas, interconectadas mediante nuestros 38 000 km de red.<\/p>\n\n","protected":false},"excerpt":{"rendered":"<p>Productos y servicios Business Internet, SD WAN &#038; IP VPN Los servicios de Internet y VPN para empresas de Colt le ofrecen conectividad de red e Internet de alta velocidad para que no tenga que comprometerse. IP Access Colt IP Access es un servicio de Internet de alta velocidad para empresas respaldado por nuestra galardonada&#8230;<\/p>\n","protected":false},"author":2,"featured_media":0,"parent":0,"menu_order":0,"comment_status":"closed","ping_status":"closed","template":"","meta":{"_acf_changed":false,"footnotes":""},"colt_type":[],"colt_products":[],"class_list":["post-108506","page","type-page","status-publish","hentry"],"acf":[],"yoast_head":"<!-- This site is optimized with the Yoast SEO plugin v26.8 - https:\/\/yoast.com\/product\/yoast-seo-wordpress\/ -->\n<title>Networking Services - Colt Technology Services<\/title>\n<meta name=\"description\" content=\"Networking Services Colt Technology Services\" \/>\n<meta name=\"robots\" content=\"noindex, follow, max-snippet:-1, max-image-preview:large, max-video-preview:-1\" \/>\n<meta property=\"og:locale\" content=\"es_ES\" \/>\n<meta property=\"og:type\" content=\"article\" \/>\n<meta property=\"og:title\" content=\"Networking Services - Colt Technology Services\" \/>\n<meta property=\"og:description\" content=\"Networking Services Colt Technology Services\" \/>\n<meta property=\"og:url\" content=\"https:\/\/legacy.colt.net\/es\/networking-services\/\" \/>\n<meta property=\"og:site_name\" content=\"Colt Technology Services\" \/>\n<meta property=\"article:publisher\" content=\"https:\/\/www.facebook.com\/ColtTechnologyServices\/\" \/>\n<meta property=\"article:modified_time\" content=\"2022-01-18T09:51:04+00:00\" \/>\n<meta property=\"og:image\" content=\"https:\/\/legacy.colt.net\/wp-content\/uploads\/2021\/01\/Brand-2021-Stock-8-1.jpg\" \/>\n\t<meta property=\"og:image:width\" content=\"1000\" \/>\n\t<meta property=\"og:image:height\" content=\"667\" \/>\n\t<meta property=\"og:image:type\" content=\"image\/jpeg\" \/>\n<meta name=\"twitter:card\" content=\"summary_large_image\" \/>\n<meta name=\"twitter:site\" content=\"@colt_technology\" \/>\n<meta name=\"twitter:label1\" content=\"Est. reading time\" \/>\n\t<meta name=\"twitter:data1\" content=\"2 minutes\" \/>\n<script type=\"application\/ld+json\" class=\"yoast-schema-graph\">{\"@context\":\"https:\/\/schema.org\",\"@graph\":[{\"@type\":\"WebPage\",\"@id\":\"https:\/\/legacy.colt.net\/es\/networking-services\/\",\"url\":\"https:\/\/legacy.colt.net\/es\/networking-services\/\",\"name\":\"Networking Services - Colt Technology Services\",\"isPartOf\":{\"@id\":\"https:\/\/legacy.colt.net\/#website\"},\"primaryImageOfPage\":{\"@id\":\"https:\/\/legacy.colt.net\/es\/networking-services\/#primaryimage\"},\"image\":{\"@id\":\"https:\/\/legacy.colt.net\/es\/networking-services\/#primaryimage\"},\"thumbnailUrl\":\"https:\/\/legacy.colt.net\/wp-content\/uploads\/2021\/01\/IP-Access.png\",\"datePublished\":\"2022-01-18T09:49:41+00:00\",\"dateModified\":\"2022-01-18T09:51:04+00:00\",\"description\":\"Networking Services Colt Technology Services\",\"breadcrumb\":{\"@id\":\"https:\/\/legacy.colt.net\/es\/networking-services\/#breadcrumb\"},\"inLanguage\":\"es-ES\",\"potentialAction\":[{\"@type\":\"ReadAction\",\"target\":[\"https:\/\/legacy.colt.net\/es\/networking-services\/\"]}]},{\"@type\":\"ImageObject\",\"inLanguage\":\"es-ES\",\"@id\":\"https:\/\/legacy.colt.net\/es\/networking-services\/#primaryimage\",\"url\":\"https:\/\/legacy.colt.net\/wp-content\/uploads\/2021\/01\/IP-Access.png\",\"contentUrl\":\"https:\/\/legacy.colt.net\/wp-content\/uploads\/2021\/01\/IP-Access.png\"},{\"@type\":\"BreadcrumbList\",\"@id\":\"https:\/\/legacy.colt.net\/es\/networking-services\/#breadcrumb\",\"itemListElement\":[{\"@type\":\"ListItem\",\"position\":1,\"name\":\"Home\",\"item\":\"https:\/\/legacy.colt.net\/es\/\"},{\"@type\":\"ListItem\",\"position\":2,\"name\":\"Networking Services\"}]},{\"@type\":\"WebSite\",\"@id\":\"https:\/\/legacy.colt.net\/#website\",\"url\":\"https:\/\/legacy.colt.net\/\",\"name\":\"Colt\u30c6\u30af\u30ce\u30ed\u30b8\u30fc\u30b5\u30fc\u30d3\u30b9\u682a\u5f0f\u4f1a\u793e\",\"description\":\"Managed Network &amp; Voice Services Provider\",\"publisher\":{\"@id\":\"https:\/\/legacy.colt.net\/#organization\"},\"potentialAction\":[{\"@type\":\"SearchAction\",\"target\":{\"@type\":\"EntryPoint\",\"urlTemplate\":\"https:\/\/legacy.colt.net\/?s={search_term_string}\"},\"query-input\":{\"@type\":\"PropertyValueSpecification\",\"valueRequired\":true,\"valueName\":\"search_term_string\"}}],\"inLanguage\":\"es-ES\"},{\"@type\":\"Organization\",\"@id\":\"https:\/\/legacy.colt.net\/#organization\",\"name\":\"Colt Technology Services\",\"url\":\"https:\/\/legacy.colt.net\/\",\"logo\":{\"@type\":\"ImageObject\",\"inLanguage\":\"es-ES\",\"@id\":\"https:\/\/legacy.colt.net\/#\/schema\/logo\/image\/\",\"url\":\"https:\/\/legacy.colt.net\/wp-content\/uploads\/2019\/02\/Colt-Logo.png\",\"contentUrl\":\"https:\/\/legacy.colt.net\/wp-content\/uploads\/2019\/02\/Colt-Logo.png\",\"width\":195,\"height\":77,\"caption\":\"Colt Technology Services\"},\"image\":{\"@id\":\"https:\/\/legacy.colt.net\/#\/schema\/logo\/image\/\"},\"sameAs\":[\"https:\/\/www.facebook.com\/ColtTechnologyServices\/\",\"https:\/\/x.com\/colt_technology\",\"https:\/\/www.instagram.com\/colttechnologyservices\/\",\"https:\/\/www.linkedin.com\/company\/colt-technology-services\",\"https:\/\/www.youtube.com\/user\/ColtTechnology\"]}]}<\/script>\n<!-- \/ Yoast SEO plugin. -->","yoast_head_json":{"title":"Networking Services - Colt Technology Services","description":"Networking Services Colt Technology Services","robots":{"index":"noindex","follow":"follow","max-snippet":"max-snippet:-1","max-image-preview":"max-image-preview:large","max-video-preview":"max-video-preview:-1"},"og_locale":"es_ES","og_type":"article","og_title":"Networking Services - Colt Technology Services","og_description":"Networking Services Colt Technology Services","og_url":"https:\/\/legacy.colt.net\/es\/networking-services\/","og_site_name":"Colt Technology Services","article_publisher":"https:\/\/www.facebook.com\/ColtTechnologyServices\/","article_modified_time":"2022-01-18T09:51:04+00:00","og_image":[{"width":1000,"height":667,"url":"https:\/\/legacy.colt.net\/wp-content\/uploads\/2021\/01\/Brand-2021-Stock-8-1.jpg","type":"image\/jpeg"}],"twitter_card":"summary_large_image","twitter_site":"@colt_technology","twitter_misc":{"Est. reading time":"2 minutes"},"schema":{"@context":"https:\/\/schema.org","@graph":[{"@type":"WebPage","@id":"https:\/\/legacy.colt.net\/es\/networking-services\/","url":"https:\/\/legacy.colt.net\/es\/networking-services\/","name":"Networking Services - Colt Technology Services","isPartOf":{"@id":"https:\/\/legacy.colt.net\/#website"},"primaryImageOfPage":{"@id":"https:\/\/legacy.colt.net\/es\/networking-services\/#primaryimage"},"image":{"@id":"https:\/\/legacy.colt.net\/es\/networking-services\/#primaryimage"},"thumbnailUrl":"https:\/\/legacy.colt.net\/wp-content\/uploads\/2021\/01\/IP-Access.png","datePublished":"2022-01-18T09:49:41+00:00","dateModified":"2022-01-18T09:51:04+00:00","description":"Networking Services Colt Technology Services","breadcrumb":{"@id":"https:\/\/legacy.colt.net\/es\/networking-services\/#breadcrumb"},"inLanguage":"es-ES","potentialAction":[{"@type":"ReadAction","target":["https:\/\/legacy.colt.net\/es\/networking-services\/"]}]},{"@type":"ImageObject","inLanguage":"es-ES","@id":"https:\/\/legacy.colt.net\/es\/networking-services\/#primaryimage","url":"https:\/\/legacy.colt.net\/wp-content\/uploads\/2021\/01\/IP-Access.png","contentUrl":"https:\/\/legacy.colt.net\/wp-content\/uploads\/2021\/01\/IP-Access.png"},{"@type":"BreadcrumbList","@id":"https:\/\/legacy.colt.net\/es\/networking-services\/#breadcrumb","itemListElement":[{"@type":"ListItem","position":1,"name":"Home","item":"https:\/\/legacy.colt.net\/es\/"},{"@type":"ListItem","position":2,"name":"Networking Services"}]},{"@type":"WebSite","@id":"https:\/\/legacy.colt.net\/#website","url":"https:\/\/legacy.colt.net\/","name":"Colt\u30c6\u30af\u30ce\u30ed\u30b8\u30fc\u30b5\u30fc\u30d3\u30b9\u682a\u5f0f\u4f1a\u793e","description":"Managed Network &amp; Voice Services Provider","publisher":{"@id":"https:\/\/legacy.colt.net\/#organization"},"potentialAction":[{"@type":"SearchAction","target":{"@type":"EntryPoint","urlTemplate":"https:\/\/legacy.colt.net\/?s={search_term_string}"},"query-input":{"@type":"PropertyValueSpecification","valueRequired":true,"valueName":"search_term_string"}}],"inLanguage":"es-ES"},{"@type":"Organization","@id":"https:\/\/legacy.colt.net\/#organization","name":"Colt Technology Services","url":"https:\/\/legacy.colt.net\/","logo":{"@type":"ImageObject","inLanguage":"es-ES","@id":"https:\/\/legacy.colt.net\/#\/schema\/logo\/image\/","url":"https:\/\/legacy.colt.net\/wp-content\/uploads\/2019\/02\/Colt-Logo.png","contentUrl":"https:\/\/legacy.colt.net\/wp-content\/uploads\/2019\/02\/Colt-Logo.png","width":195,"height":77,"caption":"Colt Technology Services"},"image":{"@id":"https:\/\/legacy.colt.net\/#\/schema\/logo\/image\/"},"sameAs":["https:\/\/www.facebook.com\/ColtTechnologyServices\/","https:\/\/x.com\/colt_technology","https:\/\/www.instagram.com\/colttechnologyservices\/","https:\/\/www.linkedin.com\/company\/colt-technology-services","https:\/\/www.youtube.com\/user\/ColtTechnology"]}]}},"_links":{"self":[{"href":"https:\/\/legacy.colt.net\/es\/wp-json\/wp\/v2\/pages\/108506","targetHints":{"allow":["GET"]}}],"collection":[{"href":"https:\/\/legacy.colt.net\/es\/wp-json\/wp\/v2\/pages"}],"about":[{"href":"https:\/\/legacy.colt.net\/es\/wp-json\/wp\/v2\/types\/page"}],"author":[{"embeddable":true,"href":"https:\/\/legacy.colt.net\/es\/wp-json\/wp\/v2\/users\/2"}],"replies":[{"embeddable":true,"href":"https:\/\/legacy.colt.net\/es\/wp-json\/wp\/v2\/comments?post=108506"}],"version-history":[{"count":0,"href":"https:\/\/legacy.colt.net\/es\/wp-json\/wp\/v2\/pages\/108506\/revisions"}],"wp:attachment":[{"href":"https:\/\/legacy.colt.net\/es\/wp-json\/wp\/v2\/media?parent=108506"}],"wp:term":[{"taxonomy":"colt_type","embeddable":true,"href":"https:\/\/legacy.colt.net\/es\/wp-json\/wp\/v2\/colt_type?post=108506"},{"taxonomy":"colt_products","embeddable":true,"href":"https:\/\/legacy.colt.net\/es\/wp-json\/wp\/v2\/colt_products?post=108506"}],"curies":[{"name":"wp","href":"https:\/\/api.w.org\/{rel}","templated":true}]}}