{"id":100249,"date":"2021-07-19T15:05:06","date_gmt":"2021-07-19T14:05:06","guid":{"rendered":"https:\/\/www.colt.net\/?page_id=100249"},"modified":"2025-09-09T16:41:41","modified_gmt":"2025-09-09T15:41:41","slug":"partners","status":"publish","type":"page","link":"https:\/\/legacy.colt.net\/es\/why-colt\/partners\/","title":{"rendered":"Our Partners"},"content":{"rendered":"\n<h1>\n\t\t\tColt crea ecosistemas globales que aportan un valor extraordinario a sus clientes, sus socios y a la propia empresa.\t<\/h1>\n\t<p>En Colt, trabajamos mano a mano con nuestros socios para ser la empresa de infraestructura digital de la que dependen nuestros clientes, al aunar a las personas con las tecnolog\u00edas para lograr la transformaci\u00f3n.<\/p>\n<p>Colt trabaja con l\u00edderes tecnol\u00f3gicos, proveedores de servicios en la nube e hiperescaladores para crear nuevos servicios que integren a la perfecci\u00f3n nuestras soluciones con el fin de lograr que toda la experiencia sea mejor para todo el mundo.<\/p>\n<h2>\n\t\t\tEMPIEZA:\t<\/h2>\n\t\t\t<a href=\"#customers\" target=\"_self\">\n\t\t\t\t\t\t\tPara clientes\n\t\t\t<\/a>\n\t\t\t<a href=\"#partners\" target=\"_self\">\n\t\t\t\t\t\t\tPara socios\n\t\t\t<\/a>\n\t\t\t\t<img decoding=\"async\" src=\"https:\/\/legacy.colt.net\/wp-content\/uploads\/2023\/10\/Colt-Image-1.png\" alt=\"Colt-Image-1\" itemprop=\"image\" height=\"1109\" width=\"1276\" title=\"Colt-Image-1\" onerror=\"this.style.display='none'\" loading=\"lazy\" \/>\n<h2>\n\t\t\tPara clientes\t<\/h2>\n\t\t\t\t<img decoding=\"async\" src=\"https:\/\/legacy.colt.net\/wp-content\/uploads\/2022\/12\/Digital-Ecosystems-Icon.png\" alt=\"Digital Ecosystems Icon\" itemprop=\"image\" height=\"2084\" width=\"2084\" title=\"Digital Ecosystems Icon\" onerror=\"this.style.display='none'\" loading=\"lazy\" \/>\n<h2>\n\t\t\tColt es la base de la infraestructura digital y del ecosistema conectado\t<\/h2>\n\t\t\t\t<img decoding=\"async\" src=\"https:\/\/legacy.colt.net\/wp-content\/uploads\/2022\/12\/Building-Partnerships-Icon.png\" alt=\"Building Partnerships Icon\" itemprop=\"image\" height=\"2084\" width=\"2084\" title=\"Building Partnerships Icon\" onerror=\"this.style.display='none'\" loading=\"lazy\" \/>\n<h2>\n\t\t\tColt trabaja para ofrecer una experiencia perfecta, ya sea con los contratos, la prestaci\u00f3n de los servicios o la experiencia del cliente\t<\/h2>\n\t\t\t\t<img decoding=\"async\" src=\"https:\/\/legacy.colt.net\/wp-content\/uploads\/2022\/12\/Seamless-Experience-Icon.png\" alt=\"Seamless Experience Icon\" itemprop=\"image\" height=\"2084\" width=\"2084\" title=\"Seamless Experience Icon\" onerror=\"this.style.display='none'\" loading=\"lazy\" \/>\n<h2>\n\t\t\tEn Colt, construimos asociaciones que van m\u00e1s all\u00e1 para responder a los desaf\u00edos de nuestros clientes\t<\/h2>\n<h2>\n\t\t\tEstas son nuestras colaboraciones:\t<\/h2>\n\t\t\t\t<a href=\"https:\/\/legacy.colt.net\/why-colt\/partners\/oracle\/\"  target=\"_blank\" rel=\"noopener\"  itemprop=\"url\">\n\t\t\t\t<img decoding=\"async\" src=\"https:\/\/legacy.colt.net\/wp-content\/uploads\/2020\/10\/oracle-cloud-infrastructure-720x260-JA-2.png\" alt=\"oracle-cloud-infrastructure\" itemprop=\"image\" height=\"260\" width=\"720\" title=\"oracle-cloud-infrastructure-720x260-JA\" onerror=\"this.style.display='none'\" loading=\"lazy\" \/>\n\t\t\t\t<\/a>\n\t\t\t\t<a href=\"https:\/\/legacy.colt.net\/why-colt\/partners\/microsoft\/\"  target=\"_self\" itemprop=\"url\">\n\t\t\t\t<img decoding=\"async\" src=\"https:\/\/legacy.colt.net\/wp-content\/uploads\/2021\/03\/Microsoft-Logo.jpg\" alt=\"Microsoft Logo\" itemprop=\"image\" height=\"788\" width=\"1400\" title=\"Microsoft Logo\" onerror=\"this.style.display='none'\" loading=\"lazy\" \/>\n\t\t\t\t<\/a>\n\t\t\t\t<a href=\"https:\/\/legacy.colt.net\/product\/direct-connect\/google\/\"  target=\"_self\" itemprop=\"url\">\n\t\t\t\t<img decoding=\"async\" src=\"https:\/\/legacy.colt.net\/wp-content\/uploads\/2020\/05\/Google-Cloud-JA.png\" alt=\"Google Cloud Service\" itemprop=\"image\" height=\"251\" width=\"540\" title=\"Google-Cloud-JA\" onerror=\"this.style.display='none'\" loading=\"lazy\" \/>\n\t\t\t\t<\/a>\n\t\t\t\t<a href=\"https:\/\/legacy.colt.net\/product\/direct-connect\/ibm\"  target=\"_self\" itemprop=\"url\">\n\t\t\t\t<img decoding=\"async\" src=\"https:\/\/legacy.colt.net\/wp-content\/uploads\/2020\/10\/IBM-Cloud-720x260-JA.png\" alt=\"IBM Cloud\u63a5\u7d9a\u30b5\u30fc\u30d3\u30b9\" itemprop=\"image\" height=\"260\" width=\"720\" title=\"IBM-Cloud-720x260-JA\" onerror=\"this.style.display='none'\" loading=\"lazy\" \/>\n\t\t\t\t<\/a>\n\t\t\t\t<a href=\"https:\/\/legacy.colt.net\/resources\/sap-migration-to-the-cloud\/\"  target=\"_self\" itemprop=\"url\">\n\t\t\t\t<img decoding=\"async\" src=\"https:\/\/legacy.colt.net\/wp-content\/uploads\/2019\/03\/SAP.png\" alt=\"SAP\" itemprop=\"image\" height=\"260\" width=\"720\" title=\"SAP\" onerror=\"this.style.display='none'\" loading=\"lazy\" \/>\n\t\t\t\t<\/a>\n\t\t\t\t<a href=\"https:\/\/legacy.colt.net\/why-colt\/partners\/aws\/\"  target=\"_blank\" rel=\"noopener\"  itemprop=\"url\">\n\t\t\t\t<img decoding=\"async\" src=\"https:\/\/legacy.colt.net\/wp-content\/uploads\/2020\/10\/aws-logo-1x1-1.png\" alt=\"aws-logo\" itemprop=\"image\" height=\"1000\" width=\"1000\" title=\"aws-logo-1x1\" onerror=\"this.style.display='none'\" loading=\"lazy\" \/>\n\t\t\t\t<\/a>\n\t\t\t\t<a href=\"https:\/\/legacy.colt.net\/why-colt\/partners\/ciena\/\"  target=\"_self\" itemprop=\"url\">\n\t\t\t\t<img decoding=\"async\" src=\"https:\/\/legacy.colt.net\/wp-content\/uploads\/2019\/03\/Ciena.png\" alt=\"Ciena\" itemprop=\"image\" height=\"260\" width=\"720\" title=\"Ciena\" onerror=\"this.style.display='none'\" loading=\"lazy\" \/>\n\t\t\t\t<\/a>\n\t\t\t\t<a href=\"https:\/\/legacy.colt.net\/why-colt\/partners\/zscaler\/\"  target=\"_self\" itemprop=\"url\">\n\t\t\t\t<img decoding=\"async\" src=\"https:\/\/legacy.colt.net\/wp-content\/uploads\/2022\/03\/zscaler-logo-transparent.png\" alt=\"zscaler logo transparent\" itemprop=\"image\" height=\"562\" width=\"1550\" title=\"zscaler logo transparent\" onerror=\"this.style.display='none'\" loading=\"lazy\" \/>\n\t\t\t\t<\/a>\n\t\t\t\t<a href=\"https:\/\/legacy.colt.net\/why-colt\/partners\/equinix\/\"  target=\"_self\" itemprop=\"url\">\n\t\t\t\t<img decoding=\"async\" src=\"https:\/\/legacy.colt.net\/wp-content\/uploads\/2019\/07\/Equinix-Tagline-Outlined_300.png\" alt=\"Equinix Tagline Outlined_300\" itemprop=\"image\" height=\"867\" width=\"1625\" title=\"Equinix Tagline Outlined_300\" onerror=\"this.style.display='none'\" loading=\"lazy\" \/>\n\t\t\t\t<\/a>\n\t\t\t\t<a href=\"https:\/\/legacy.colt.net\/why-colt\/partners\/digital-realty\/\"  target=\"_blank\" rel=\"noopener\"  itemprop=\"url\">\n\t\t\t\t<img decoding=\"async\" src=\"https:\/\/legacy.colt.net\/wp-content\/uploads\/2024\/01\/Digital-Realty.png\" alt=\"Digital Realty\" itemprop=\"image\" height=\"915\" width=\"1920\" title=\"Digital Realty\" onerror=\"this.style.display='none'\" loading=\"lazy\" \/>\n\t\t\t\t<\/a>\n\t\t\t\t<a href=\"https:\/\/versa-networks.com\/\"  target=\"_self\" itemprop=\"url\">\n\t\t\t\t<img decoding=\"async\" src=\"https:\/\/legacy.colt.net\/wp-content\/uploads\/2021\/03\/Versa.png\" alt=\"Versa\" itemprop=\"image\" height=\"167\" width=\"301\" title=\"Versa\" onerror=\"this.style.display='none'\" loading=\"lazy\" \/>\n\t\t\t\t<\/a>\n\t\t\t\t<a href=\"https:\/\/legacy.colt.net\/why-colt\/partners\/vmware\/\"  target=\"_self\" itemprop=\"url\">\n\t\t\t\t<img decoding=\"async\" src=\"https:\/\/legacy.colt.net\/wp-content\/uploads\/2022\/04\/vmw-logo-vmware-logo-black-150.png\" alt=\"vmw-logo-vmware-logo-black-150\" itemprop=\"image\" height=\"446\" width=\"1230\" title=\"vmw-logo-vmware-logo-black-150\" onerror=\"this.style.display='none'\" loading=\"lazy\" \/>\n\t\t\t\t<\/a>\n\t\t\t\t<a href=\"https:\/\/eur01.safelinks.protection.outlook.com\/?url=https%3A%2F%2Fwww.ovhcloud.com%2Fes-es%2Fnetwork%2Fovhcloud-connect%2F&#038;data=05%7C02%7CJack.Line%40COLT.NET%7C5ec71f3658434c78c85a08dd41f3002f%7Cb859cf7eff8a40bbbd0fda56e6dc0eb8%7C1%7C0%7C638739234110032462%7CUnknown%7CTWFpbGZsb3d8eyJFbXB0eU1hcGkiOnRydWUsIlYiOiIwLjAuMDAwMCIsIlAiOiJXaW4zMiIsIkFOIjoiTWFpbCIsIldUIjoyfQ%3D%3D%7C0%7C%7C%7C&#038;sdata=ehX7TlLSHMjjxuuarjzh4fYpvrkC2542ah7kiIf3EO8%3D&#038;reserved=0\"  target=\"_self\" itemprop=\"url\">\n\t\t\t\t<img decoding=\"async\" src=\"https:\/\/legacy.colt.net\/wp-content\/uploads\/2025\/01\/OVHcloud_stacked_R_logo_fullcolor_RGB-300x140-1.png\" alt=\"OVHcloud_stacked_R_logo_fullcolor_RGB-300x140\" itemprop=\"image\" height=\"140\" width=\"300\" title=\"OVHcloud_stacked_R_logo_fullcolor_RGB-300x140\" onerror=\"this.style.display='none'\" loading=\"lazy\" \/>\n\t\t\t\t<\/a>\n\t\t\t\t<a href=\"https:\/\/www.audiocodes.com\/\"  target=\"_blank\" rel=\"noopener\"  itemprop=\"url\">\n\t\t\t\t<img decoding=\"async\" src=\"https:\/\/legacy.colt.net\/wp-content\/uploads\/2023\/10\/audiocodes-logo_v2.png\" alt=\"audiocodes-logo_v2\" itemprop=\"image\" height=\"961\" width=\"1800\" title=\"audiocodes-logo_v2\" onerror=\"this.style.display='none'\" loading=\"lazy\" \/>\n\t\t\t\t<\/a>\n\t\t\t\t<a href=\"https:\/\/legacy.colt.net\/why-colt\/partners\/cisco\/\"  target=\"_blank\" rel=\"noopener\"  itemprop=\"url\">\n\t\t\t\t<img decoding=\"async\" src=\"https:\/\/legacy.colt.net\/wp-content\/uploads\/2024\/10\/Remove-background-project.png\" alt=\"Remove background project\" itemprop=\"image\" height=\"800\" width=\"800\" title=\"Remove background project\" onerror=\"this.style.display='none'\" loading=\"lazy\" \/>\n\t\t\t\t<\/a>\n<h2>\n\t\t\tColt colabora con&#8230;\t<\/h2>\n<h3>\n\t\t\tProveedores de servicios en la nube\t<\/h3>\n\t<p>Nuestra amplia base de regiones de CSP conectadas, nuestras estrechas relaciones de trabajo y la alineaci\u00f3n t\u00e9cnica con todos los principales CSP garantizan que las aplicaciones en la nube funcionen mejor en la Colt IQ Network.<\/p>\n<h3>\n\t\t\tIntegradores de sistemas\t<\/h3>\n\t<p>Los integradores de sistemas son el coraz\u00f3n y los pulmones de la transformaci\u00f3n digital de las empresas. Estamos reforzando a\u00fan m\u00e1s las colaboraciones bilaterales con integradores de sistemas cuidadosamente seleccionados para ofrecerles m\u00e1s valor a\u00f1adido a nuestros clientes.<\/p>\n<h3>\n\t\t\tProveedores de data centres\t<\/h3>\n\t<p>Nuestra <a href=\"https:\/\/legacy.colt.net\/global-network\/\">Colt IQ Network<\/a> permite a nuestros clientes conectarse a m\u00e1s de 900 data centres y la estrecha colaboraci\u00f3n con nuestros socios de data centres garantiza que los clientes tengan un acceso de primera clase que sustente sus arquitecturas h\u00edbridas y multinube.<\/p>\n<h3>\n\t\t\tSocios tecnol\u00f3gicos\t<\/h3>\n\t<p>En Colt, trabajamos estrechamente con nuestros socios tecnol\u00f3gicos para que tu empresa nunca se quede atr\u00e1s, dado el r\u00e1pido crecimiento del sector. Para ello, nos situamos en todo momento a la vanguardia de determinadas tecnolog\u00edas y proporcionamos soluciones a medida para crear una red \u00e1gil y escalable.<\/p>\n<h3>\n\t\t\tAgentes asociados\t<\/h3>\n\t<p>\u00bfQuieres unirte a la familia Colt y convertirte en uno de nuestros <a href=\"https:\/\/legacy.colt.net\/es\/why-colt\/partners\/agent\/\">valiosos socios de ventas<\/a>? Los agentes asociados tienen acceso a una amplia gama de los galardonados servicios de Colt y pueden venderlos a sus clientes, as\u00ed que \u00a1hagamos crecer tu negocio juntos!<\/p>\n<h3>\n\t\t\tSocios de referencia\t<\/h3>\n\t<p>Comparte tus clientes potenciales con Colt y, al mismo tiempo, sigue centrado en tu negocio principal. Si te decantas por una s\u00f3lida colaboraci\u00f3n con Colt, tus clientes tendr\u00e1n plena presencia en la sociedad digital gracias a unos servicios de voz y de red punteros en el sector.<\/p>\n<h2>\n\t\t\tPara los socios\t<\/h2>\n<h2>\n\t\t\tColt mantiene acuerdos de colaboraci\u00f3n que ofrecen un valor extraordinario a todo el mundo.\t<\/h2>\n<h2>\n\t\t\t\u00a1Colabora con Colt hoy mismo!\t<\/h2>\n\n","protected":false},"excerpt":{"rendered":"<p>Colt crea ecosistemas globales que aportan un valor extraordinario a sus clientes, sus socios y a la propia empresa. En Colt, trabajamos mano a mano con nuestros socios para ser la empresa de infraestructura digital de la que dependen nuestros clientes, al aunar a las personas con las tecnolog\u00edas para lograr la transformaci\u00f3n. Colt trabaja&#8230;<\/p>\n","protected":false},"author":2,"featured_media":0,"parent":67127,"menu_order":0,"comment_status":"closed","ping_status":"closed","template":"","meta":{"_acf_changed":false,"footnotes":""},"colt_type":[],"colt_products":[],"class_list":["post-100249","page","type-page","status-publish","hentry"],"acf":[],"yoast_head":"<!-- This site is optimized with the Yoast SEO plugin v26.8 - https:\/\/yoast.com\/product\/yoast-seo-wordpress\/ -->\n<title>Our Partners - Colt Technology Services<\/title>\n<meta name=\"description\" content=\"Our Partners Colt Technology Services\" \/>\n<meta name=\"robots\" content=\"noindex, follow, max-snippet:-1, max-image-preview:large, max-video-preview:-1\" \/>\n<meta property=\"og:locale\" content=\"es_ES\" \/>\n<meta property=\"og:type\" content=\"article\" \/>\n<meta property=\"og:title\" content=\"Our Partners - Colt Technology Services\" \/>\n<meta property=\"og:description\" content=\"Our Partners Colt Technology Services\" \/>\n<meta property=\"og:url\" content=\"https:\/\/legacy.colt.net\/es\/why-colt\/partners\/\" \/>\n<meta property=\"og:site_name\" content=\"Colt Technology Services\" \/>\n<meta property=\"article:publisher\" content=\"https:\/\/www.facebook.com\/ColtTechnologyServices\/\" \/>\n<meta property=\"article:modified_time\" content=\"2025-09-09T15:41:41+00:00\" \/>\n<meta property=\"og:image\" content=\"https:\/\/legacy.colt.net\/wp-content\/uploads\/2021\/01\/Brand-2021-Stock-24.jpg\" \/>\n\t<meta property=\"og:image:width\" content=\"1000\" \/>\n\t<meta property=\"og:image:height\" content=\"574\" \/>\n\t<meta property=\"og:image:type\" content=\"image\/jpeg\" \/>\n<meta name=\"twitter:card\" content=\"summary_large_image\" \/>\n<meta name=\"twitter:site\" content=\"@colt_technology\" \/>\n<meta name=\"twitter:label1\" content=\"Est. reading time\" \/>\n\t<meta name=\"twitter:data1\" content=\"2 minutes\" \/>\n<script type=\"application\/ld+json\" class=\"yoast-schema-graph\">{\"@context\":\"https:\/\/schema.org\",\"@graph\":[{\"@type\":\"WebPage\",\"@id\":\"https:\/\/legacy.colt.net\/es\/why-colt\/partners\/\",\"url\":\"https:\/\/legacy.colt.net\/es\/why-colt\/partners\/\",\"name\":\"Our Partners - Colt Technology Services\",\"isPartOf\":{\"@id\":\"https:\/\/legacy.colt.net\/#website\"},\"primaryImageOfPage\":{\"@id\":\"https:\/\/legacy.colt.net\/es\/why-colt\/partners\/#primaryimage\"},\"image\":{\"@id\":\"https:\/\/legacy.colt.net\/es\/why-colt\/partners\/#primaryimage\"},\"thumbnailUrl\":\"https:\/\/legacy.colt.net\/wp-content\/uploads\/2023\/10\/Colt-Image-1.png\",\"datePublished\":\"2021-07-19T14:05:06+00:00\",\"dateModified\":\"2025-09-09T15:41:41+00:00\",\"description\":\"Our Partners Colt Technology Services\",\"breadcrumb\":{\"@id\":\"https:\/\/legacy.colt.net\/es\/why-colt\/partners\/#breadcrumb\"},\"inLanguage\":\"es-ES\",\"potentialAction\":[{\"@type\":\"ReadAction\",\"target\":[\"https:\/\/legacy.colt.net\/es\/why-colt\/partners\/\"]}]},{\"@type\":\"ImageObject\",\"inLanguage\":\"es-ES\",\"@id\":\"https:\/\/legacy.colt.net\/es\/why-colt\/partners\/#primaryimage\",\"url\":\"https:\/\/legacy.colt.net\/wp-content\/uploads\/2023\/10\/Colt-Image-1.png\",\"contentUrl\":\"https:\/\/legacy.colt.net\/wp-content\/uploads\/2023\/10\/Colt-Image-1.png\"},{\"@type\":\"BreadcrumbList\",\"@id\":\"https:\/\/legacy.colt.net\/es\/why-colt\/partners\/#breadcrumb\",\"itemListElement\":[{\"@type\":\"ListItem\",\"position\":1,\"name\":\"Home\",\"item\":\"https:\/\/legacy.colt.net\/es\/\"},{\"@type\":\"ListItem\",\"position\":2,\"name\":\"Why Colt?\",\"item\":\"https:\/\/legacy.colt.net\/es\/why-colt\/\"},{\"@type\":\"ListItem\",\"position\":3,\"name\":\"Our Partners\"}]},{\"@type\":\"WebSite\",\"@id\":\"https:\/\/legacy.colt.net\/#website\",\"url\":\"https:\/\/legacy.colt.net\/\",\"name\":\"Colt\u30c6\u30af\u30ce\u30ed\u30b8\u30fc\u30b5\u30fc\u30d3\u30b9\u682a\u5f0f\u4f1a\u793e\",\"description\":\"Managed Network &amp; Voice Services Provider\",\"publisher\":{\"@id\":\"https:\/\/legacy.colt.net\/#organization\"},\"potentialAction\":[{\"@type\":\"SearchAction\",\"target\":{\"@type\":\"EntryPoint\",\"urlTemplate\":\"https:\/\/legacy.colt.net\/?s={search_term_string}\"},\"query-input\":{\"@type\":\"PropertyValueSpecification\",\"valueRequired\":true,\"valueName\":\"search_term_string\"}}],\"inLanguage\":\"es-ES\"},{\"@type\":\"Organization\",\"@id\":\"https:\/\/legacy.colt.net\/#organization\",\"name\":\"Colt Technology Services\",\"url\":\"https:\/\/legacy.colt.net\/\",\"logo\":{\"@type\":\"ImageObject\",\"inLanguage\":\"es-ES\",\"@id\":\"https:\/\/legacy.colt.net\/#\/schema\/logo\/image\/\",\"url\":\"https:\/\/legacy.colt.net\/wp-content\/uploads\/2019\/02\/Colt-Logo.png\",\"contentUrl\":\"https:\/\/legacy.colt.net\/wp-content\/uploads\/2019\/02\/Colt-Logo.png\",\"width\":195,\"height\":77,\"caption\":\"Colt Technology Services\"},\"image\":{\"@id\":\"https:\/\/legacy.colt.net\/#\/schema\/logo\/image\/\"},\"sameAs\":[\"https:\/\/www.facebook.com\/ColtTechnologyServices\/\",\"https:\/\/x.com\/colt_technology\",\"https:\/\/www.instagram.com\/colttechnologyservices\/\",\"https:\/\/www.linkedin.com\/company\/colt-technology-services\",\"https:\/\/www.youtube.com\/user\/ColtTechnology\"]}]}<\/script>\n<!-- \/ Yoast SEO plugin. -->","yoast_head_json":{"title":"Our Partners - Colt Technology Services","description":"Our Partners Colt Technology Services","robots":{"index":"noindex","follow":"follow","max-snippet":"max-snippet:-1","max-image-preview":"max-image-preview:large","max-video-preview":"max-video-preview:-1"},"og_locale":"es_ES","og_type":"article","og_title":"Our Partners - Colt Technology Services","og_description":"Our Partners Colt Technology Services","og_url":"https:\/\/legacy.colt.net\/es\/why-colt\/partners\/","og_site_name":"Colt Technology Services","article_publisher":"https:\/\/www.facebook.com\/ColtTechnologyServices\/","article_modified_time":"2025-09-09T15:41:41+00:00","og_image":[{"width":1000,"height":574,"url":"https:\/\/legacy.colt.net\/wp-content\/uploads\/2021\/01\/Brand-2021-Stock-24.jpg","type":"image\/jpeg"}],"twitter_card":"summary_large_image","twitter_site":"@colt_technology","twitter_misc":{"Est. reading time":"2 minutes"},"schema":{"@context":"https:\/\/schema.org","@graph":[{"@type":"WebPage","@id":"https:\/\/legacy.colt.net\/es\/why-colt\/partners\/","url":"https:\/\/legacy.colt.net\/es\/why-colt\/partners\/","name":"Our Partners - Colt Technology Services","isPartOf":{"@id":"https:\/\/legacy.colt.net\/#website"},"primaryImageOfPage":{"@id":"https:\/\/legacy.colt.net\/es\/why-colt\/partners\/#primaryimage"},"image":{"@id":"https:\/\/legacy.colt.net\/es\/why-colt\/partners\/#primaryimage"},"thumbnailUrl":"https:\/\/legacy.colt.net\/wp-content\/uploads\/2023\/10\/Colt-Image-1.png","datePublished":"2021-07-19T14:05:06+00:00","dateModified":"2025-09-09T15:41:41+00:00","description":"Our Partners Colt Technology Services","breadcrumb":{"@id":"https:\/\/legacy.colt.net\/es\/why-colt\/partners\/#breadcrumb"},"inLanguage":"es-ES","potentialAction":[{"@type":"ReadAction","target":["https:\/\/legacy.colt.net\/es\/why-colt\/partners\/"]}]},{"@type":"ImageObject","inLanguage":"es-ES","@id":"https:\/\/legacy.colt.net\/es\/why-colt\/partners\/#primaryimage","url":"https:\/\/legacy.colt.net\/wp-content\/uploads\/2023\/10\/Colt-Image-1.png","contentUrl":"https:\/\/legacy.colt.net\/wp-content\/uploads\/2023\/10\/Colt-Image-1.png"},{"@type":"BreadcrumbList","@id":"https:\/\/legacy.colt.net\/es\/why-colt\/partners\/#breadcrumb","itemListElement":[{"@type":"ListItem","position":1,"name":"Home","item":"https:\/\/legacy.colt.net\/es\/"},{"@type":"ListItem","position":2,"name":"Why Colt?","item":"https:\/\/legacy.colt.net\/es\/why-colt\/"},{"@type":"ListItem","position":3,"name":"Our Partners"}]},{"@type":"WebSite","@id":"https:\/\/legacy.colt.net\/#website","url":"https:\/\/legacy.colt.net\/","name":"Colt\u30c6\u30af\u30ce\u30ed\u30b8\u30fc\u30b5\u30fc\u30d3\u30b9\u682a\u5f0f\u4f1a\u793e","description":"Managed Network &amp; Voice Services Provider","publisher":{"@id":"https:\/\/legacy.colt.net\/#organization"},"potentialAction":[{"@type":"SearchAction","target":{"@type":"EntryPoint","urlTemplate":"https:\/\/legacy.colt.net\/?s={search_term_string}"},"query-input":{"@type":"PropertyValueSpecification","valueRequired":true,"valueName":"search_term_string"}}],"inLanguage":"es-ES"},{"@type":"Organization","@id":"https:\/\/legacy.colt.net\/#organization","name":"Colt Technology Services","url":"https:\/\/legacy.colt.net\/","logo":{"@type":"ImageObject","inLanguage":"es-ES","@id":"https:\/\/legacy.colt.net\/#\/schema\/logo\/image\/","url":"https:\/\/legacy.colt.net\/wp-content\/uploads\/2019\/02\/Colt-Logo.png","contentUrl":"https:\/\/legacy.colt.net\/wp-content\/uploads\/2019\/02\/Colt-Logo.png","width":195,"height":77,"caption":"Colt Technology Services"},"image":{"@id":"https:\/\/legacy.colt.net\/#\/schema\/logo\/image\/"},"sameAs":["https:\/\/www.facebook.com\/ColtTechnologyServices\/","https:\/\/x.com\/colt_technology","https:\/\/www.instagram.com\/colttechnologyservices\/","https:\/\/www.linkedin.com\/company\/colt-technology-services","https:\/\/www.youtube.com\/user\/ColtTechnology"]}]}},"_links":{"self":[{"href":"https:\/\/legacy.colt.net\/es\/wp-json\/wp\/v2\/pages\/100249","targetHints":{"allow":["GET"]}}],"collection":[{"href":"https:\/\/legacy.colt.net\/es\/wp-json\/wp\/v2\/pages"}],"about":[{"href":"https:\/\/legacy.colt.net\/es\/wp-json\/wp\/v2\/types\/page"}],"author":[{"embeddable":true,"href":"https:\/\/legacy.colt.net\/es\/wp-json\/wp\/v2\/users\/2"}],"replies":[{"embeddable":true,"href":"https:\/\/legacy.colt.net\/es\/wp-json\/wp\/v2\/comments?post=100249"}],"version-history":[{"count":0,"href":"https:\/\/legacy.colt.net\/es\/wp-json\/wp\/v2\/pages\/100249\/revisions"}],"up":[{"embeddable":true,"href":"https:\/\/legacy.colt.net\/es\/wp-json\/wp\/v2\/pages\/67127"}],"wp:attachment":[{"href":"https:\/\/legacy.colt.net\/es\/wp-json\/wp\/v2\/media?parent=100249"}],"wp:term":[{"taxonomy":"colt_type","embeddable":true,"href":"https:\/\/legacy.colt.net\/es\/wp-json\/wp\/v2\/colt_type?post=100249"},{"taxonomy":"colt_products","embeddable":true,"href":"https:\/\/legacy.colt.net\/es\/wp-json\/wp\/v2\/colt_products?post=100249"}],"curies":[{"name":"wp","href":"https:\/\/api.w.org\/{rel}","templated":true}]}}