{"id":99889,"date":"2021-07-09T11:14:14","date_gmt":"2021-07-09T10:14:14","guid":{"rendered":"https:\/\/www.colt.net\/?page_id=99889"},"modified":"2024-05-16T09:34:58","modified_gmt":"2024-05-16T08:34:58","slug":"our-story","status":"publish","type":"page","link":"https:\/\/legacy.colt.net\/de\/about\/our-story\/","title":{"rendered":"Unsere Geschichte"},"content":{"rendered":"\n<h1>\n\t\tUnsere Geschichte\n\t<\/h1>\n\t<nav class=\"breadcrumb\"><span><span><a href=\"https:\/\/legacy.colt.net\/de\/\">Home<\/a><\/span><\/span><\/nav>\n<h3>\n\t\tUnsere Geschichte begann vor \u00fcber 30 Jahren, im Jahr 1992.\n\t<\/h3>\n\t<p>Und es geht noch weiter. Colt verfolgt die Vision, DAS digitale Infrastrukturunternehmen zu sein, mit dem sich die weltweit f\u00fchrenden Unternehmen vernetzen. Colt hat sich das Ziel gesetzt, die M\u00f6glichkeiten des digitalen Universums in die H\u00e4nde der Kunden von Colt zu legen, wo, wann und wie immer sie es wollen, indem erstaunliche Menschen, intelligente Netzwerke und gleichgesinnte Partner auf globaler Ebene miteinander in Verbindung gebracht werden.<\/p>\n<p>Colt, das globale Unternehmen f\u00fcr digitale Infrastruktur. Scrollen Sie nach unten, um seine Geschichte zu entdecken und zu erfahren, wie Colt au\u00dfergew\u00f6hnliche Verbindungen mit echter Sorgfalt schafft.<\/p>\n\t\t\t<a href=\"#1992\" target=\"_self\" rel=\"noopener\">\n\t\t\t\t\t\t Loslegen\n\t\t\t\t\t<\/a>\n\t\t\t\t<img loading=\"lazy\" decoding=\"async\" src=\"https:\/\/legacy.colt.net\/wp-content\/uploads\/2022\/09\/Colt-1992-first-cables.jpg\" alt=\"Colt-1992-first-cables\" itemprop=\"image\" height=\"1431\" width=\"1920\" title=\"Colt-1992-first-cables\"  \/>\n<h2>\n\t\t1992\n\t<\/h2>\n\t<p>Unsere Geschichte beginnt 1992, als der Unternehmer Jim Hynes mit der Unterst\u00fctzung von Fidelity \u201eCity of London Telecommunications&#8221; (COLT) gr\u00fcndete.<\/p>\n<p>Innerhalb eines Jahres war unser Londoner Netzwerk auf 15 km angewachsen.<\/p>\n\t\t\t<a href=\"#19922\" target=\"_self\" rel=\"noopener\">\n\t\t\t\t\t\t Weiter\n\t\t\t\t\t<\/a>\n<h2>\n\t\t1992\n\t<\/h2>\n\t<p>Colt hatte bald den ersten Kunden &#8211; die Investmentbank <strong>Robert Fleming<\/strong>.<\/p>\n\t\t\t<a href=\"#1996\" target=\"_self\" rel=\"noopener\">\n\t\t\t\t\t\tWeiter\n\t\t\t\t\t<\/a>\n\t\t\t\t<img loading=\"lazy\" decoding=\"async\" src=\"https:\/\/legacy.colt.net\/wp-content\/uploads\/2022\/09\/Name-in-Lights.png\" alt=\"Name in Lights\" itemprop=\"image\" height=\"1125\" width=\"800\" title=\"Name in Lights\"  \/>\n<h2>\n\t\t1996\n\t<\/h2>\n\t<p>1996 expandierte Colt nach Europa mit Zweigstellen in Deutschland und Frankreich. Zwei L\u00e4nder, in denen Colt auch heute noch weiter ausbaut.<\/p>\n\t\t\t<a href=\"#1999\" target=\"_self\" rel=\"noopener\">\n\t\t\t\t\t\tWeiter\n\t\t\t\t\t<\/a>\n<h2>\n\t\t1999\n\t<\/h2>\n\t<p>Im Jahr 1999 startete Colt unseren Metro-Netzwerkdienst in Japan und er\u00f6ffnete das erste B\u00fcro in Tokio.<\/p>\n\t\t\t<a href=\"#2000\" target=\"_self\" rel=\"noopener\">\n\t\t\t\t\t\tWeiter\n\t\t\t\t\t<\/a>\n\t\t\t\t<img loading=\"lazy\" decoding=\"async\" src=\"https:\/\/legacy.colt.net\/wp-content\/uploads\/2021\/01\/Tokyo.jpg\" alt=\"Tokyo\" itemprop=\"image\" height=\"996\" width=\"1536\" title=\"Tokyo\"  \/>\n\t\t\t\t<img loading=\"lazy\" decoding=\"async\" src=\"https:\/\/legacy.colt.net\/wp-content\/uploads\/2023\/10\/0H2A4394-scaled.jpg\" alt=\"0H2A4394\" itemprop=\"image\" height=\"1708\" width=\"2560\" title=\"0H2A4394\"  \/>\n<h2>\n\t\t2000\n\t<\/h2>\n\t<p>Innerhalb weniger Jahre des neuen Jahrtausends hat Colt die Marke von 15.000 Kunden \u00fcberschritten.<\/p>\n<p>Colt hatte 20.000 km Glasfaser verlegt, die sich \u00fcber 13 L\u00e4nder erstrecken.<\/p>\n\t\t\t<a href=\"#2008\" target=\"_self\" rel=\"noopener\">\n\t\t\t\t\t\tWeiter\n\t\t\t\t\t<\/a>\n<h2>\n\t\t2008\n\t<\/h2>\n\t<p>Im Jahr 2008 begann Colt, in den USA Wurzeln zu schlagen: zun\u00e4chst mit einer Metro-Pr\u00e4senz in New York, Newark und Boston.<\/p>\n\t\t\t<a href=\"#2010\" target=\"_self\" rel=\"noopener\">\n\t\t\t\t\t\tWeiter\n\t\t\t\t\t<\/a>\n<h2>\n\t\t2010\n\t<\/h2>\n\t<p>Im Jahr 2010 wurden wir zu Colt Technology Services und spiegeln damit unsere etablierte globale Pr\u00e4senz wider.<\/p>\n\t\t\t<a href=\"#2011\" target=\"_self\" rel=\"noopener\">\n\t\t\t\t\t\tNext\n\t\t\t\t\t<\/a>\n\t\t\t\t<img loading=\"lazy\" decoding=\"async\" src=\"https:\/\/legacy.colt.net\/wp-content\/uploads\/2020\/12\/Colt_logo_Teal_RGB-300x118-1.png\" alt=\"Colt_logo_Teal_RGB-300x118\" itemprop=\"image\" height=\"118\" width=\"300\" title=\"Colt_logo_Teal_RGB-300x118\"  \/>\n\t\t\t\t<img loading=\"lazy\" decoding=\"async\" src=\"https:\/\/legacy.colt.net\/wp-content\/uploads\/2021\/01\/Connecting-financial-markets.png\" alt=\"Connecting financial markets\" itemprop=\"image\" height=\"1125\" width=\"1000\" title=\"Connecting financial markets\"  \/>\n<h2>\n\t\t2011\n\t<\/h2>\n\t<p>Im Jahr 2011 erwarb Colt Market Prizm, einen Anbieter von Handelsinfrastrukturl\u00f6sungen, der nun unter dem Namen Colt Capital Markets bekannt ist, um unsere F\u00e4higkeiten im Bereich Finanzdienstleistungen zu st\u00e4rken.<\/p>\n\t\t\t<a href=\"#2012\" target=\"_self\" rel=\"noopener\">\n\t\t\t\t\t\tWeiter\n\t\t\t\t\t<\/a>\n<h2>\n\t\t2012\n\t<\/h2>\n\t<p>2012 fuhren Mitarbeiter von Colt bei unserer ersten Wohlt\u00e4tigkeitsradtour von London nach Paris. Die Radtour findet nun jedes Jahr statt und hat bis heute \u00fcber 1 Mio. \u20ac gesammelt.<\/p>\n\t\t\t<a href=\"#2014\" target=\"_self\" rel=\"noopener\">\n\t\t\t\t\t\tWeiter\n\t\t\t\t\t<\/a>\n<h2>\n\t\t2014\n\t<\/h2>\n\t<p>Im Jahr 2014 expandierte Colt mit der \u00dcbernahme von KVH in den asiatisch-pazifischen Raum. Colt \u00fcberschritt au\u00dferdem die globale Schwelle von 20 Milliarden bedienten Sprachminuten und schloss 416 Rechenzentren von Drittanbietern an.<\/p>\n\t\t\t<a href=\"#2015\" target=\"_self\" rel=\"noopener\">\n\t\t\t\t\t\tWeiter\n\t\t\t\t\t<\/a>\n\t\t\t\t<img loading=\"lazy\" decoding=\"async\" src=\"https:\/\/legacy.colt.net\/wp-content\/uploads\/2019\/08\/iStock-491924730.jpg\" alt=\"People crossing the famous Shibuya crossing in Tokyo at night.\" itemprop=\"image\" height=\"837\" width=\"1254\" title=\"Busy Shibuya crossing in Tokyo\"  \/>\n\t\t\t\t<img loading=\"lazy\" decoding=\"async\" src=\"https:\/\/legacy.colt.net\/wp-content\/uploads\/2023\/05\/The-new-customer-01.png\" alt=\"The-new-customer-01\" itemprop=\"image\" height=\"600\" width=\"989\" title=\"The-new-customer-01\"  \/>\n<h2>\n\t\t2015\n\t<\/h2>\n\t<p>Im Jahr 2015 wurde Colt vollst\u00e4ndig von Fidelity Investments und Eight Roads \u00fcbernommen, was uns als eines der finanziell stabilsten Unternehmen in unserer Branche festigte.<\/p>\n<p>Damit erreichte Colt auch 49 Metropolitan Area Networks in 28 L\u00e4ndern und \u00fcber 24.000 angeschlossene Geb\u00e4ude.<\/p>\n\t\t\t<a href=\"#2017\" target=\"_self\" rel=\"noopener\">\n\t\t\t\t\t\tWeiter\n\t\t\t\t\t<\/a>\n\t\t\t\t<img loading=\"lazy\" decoding=\"async\" src=\"https:\/\/legacy.colt.net\/wp-content\/uploads\/2021\/02\/N25-logo-02.png\" alt=\"N25-logo-02\" itemprop=\"image\" height=\"542\" width=\"3804\" title=\"N25-logo-02\"  \/>\n<h2>\n\t\t2017\n\t<\/h2>\n\t<p>Im Jahr 2017 wurde unser Frauennetzwerk &#8211; Network 25 &#8211; gegr\u00fcndet, das uns dabei hilft, traditionelle Geschlechtergrenzen zu durchbrechen und die Vielfalt bei Colt zu st\u00e4rken.<\/p>\n\t\t\t<a href=\"#2019\" target=\"_self\" rel=\"noopener\">\n\t\t\t\t\t\tWeiter\n\t\t\t\t\t<\/a>\n<h2>\n\t\t2019\n\t<\/h2>\n\t<p>Im Jahr 2019 expandierte unser Netzwerk weiter in den USA und erstmals auch in Osteuropa. Au\u00dferdem hat Colt unsere Netzwerke Pride Matters und YOUnited ins Leben gerufen.<\/p>\n\t\t\t<a href=\"#2020\" target=\"_self\" rel=\"noopener\">\n\t\t\t\t\t\tWeiter\n\t\t\t\t\t<\/a>\n\t\t\t\t<img decoding=\"async\" src=\"https:\/\/legacy.colt.net\/wp-content\/uploads\/2020\/01\/pride-matters2.jpg\" alt=\"pride matters2\" itemprop=\"image\" title=\"pride matters2\"  \/>\n\t\t\t\t<img loading=\"lazy\" decoding=\"async\" src=\"https:\/\/legacy.colt.net\/wp-content\/uploads\/2023\/10\/Keri-1.png\" alt=\"Keri\" itemprop=\"image\" height=\"619\" width=\"645\" title=\"Keri\"  \/>\n<h2>\n\t\t2020\n\t<\/h2>\n\t<p>Im Jahr 2020 wurde Keri Gilder unsere erste weibliche Gesch\u00e4ftsf\u00fchrerin, Colt f\u00fchrte unser Disability Accessibility Network (DAN) ein und konnte mit einem Net Promoter Score von 70 seinen eigenen Rekord schlagen!<\/p>\n\t\t\t<a href=\"#2022\" target=\"_self\" rel=\"noopener\">\n\t\t\t\t\t\tNext\n\t\t\t\t\t<\/a>\n<h2>\n\t\t2022\n\t<\/h2>\n\t<p>Colt hat im 30. Jahr seines Bestehens den ersten Nachhaltigkeitsbericht des Unternehmens ver\u00f6ffentlicht, der sich an der Science Based Targets Initiative (SBTI) orientiert. Dabei verpflichtet sich Colt, seine Kunden dabei zu unterst\u00fctzen, bis 2050 klimaneutral zu werden.<\/p>\n<p>Colt wurde auch als Stonewall Top Global Employer f\u00fcr 2022 ausgezeichnet, womit die besten multinationalen Arbeitgeber f\u00fcr die LGBTQ+ -Community pr\u00e4miert werden.<\/p>\n<p>Der Net Promotor Score (NPS) von Colt setzt mit 73 Punkten in Europa weiterhin den Industriestandard.<\/p>\n\t\t\t<a href=\"#2023\" target=\"_self\" rel=\"noopener\">\n\t\t\t\t\t\tNext\n\t\t\t\t\t<\/a>\n\t\t\t\t<img loading=\"lazy\" decoding=\"async\" src=\"https:\/\/legacy.colt.net\/wp-content\/uploads\/2021\/06\/sustainability-5.png\" alt=\"sustainability-5\" itemprop=\"image\" height=\"555\" width=\"537\" title=\"sustainability-5\"  \/>\n\t\t\t\t<img loading=\"lazy\" decoding=\"async\" src=\"https:\/\/legacy.colt.net\/wp-content\/uploads\/2023\/10\/Map-Colt-Connected-Cities-23-Nov-1.png\" alt=\"Map---Colt-Connected-Cities-23-Nov-1\" itemprop=\"image\" height=\"1555\" width=\"2634\" title=\"Map---Colt-Connected-Cities-23-Nov-1\"  \/>\n<h2>\n\t\t2023\n\t<\/h2>\n\t<p>Colt Technology Services (Colt) hat den Kauf des Gesch\u00e4ftsbereichs Europa, Mittlerer Osten und Afrika (EMEA) von Lumen im November 2023 abgeschlossen. Colt hat neue Mitarbeiter, Kunden und Partner willkommen gehei\u00dfen und seine globale Reichweite und Leistungsf\u00e4higkeit erweitert.<\/p>\n\t\t\t<a href=\"https:\/\/legacy.colt.net\/de\/resources\/colt-lumen-emea\" target=\"_self\" rel=\"noopener\">\n\t\t\t\t\t\t\tLesen Sie hier mehr dazu\n\t\t\t<\/a>\n\n","protected":false},"excerpt":{"rendered":"<p>Unsere Geschichte Unsere Geschichte begann vor \u00fcber 30 Jahren, im Jahr 1992. Und es geht noch weiter. Colt verfolgt die Vision, DAS digitale Infrastrukturunternehmen zu sein, mit dem sich die weltweit f\u00fchrenden Unternehmen vernetzen. Colt hat sich das Ziel gesetzt, die M\u00f6glichkeiten des digitalen Universums in die H\u00e4nde der Kunden von Colt zu legen, wo,&#8230;<\/p>\n","protected":false},"author":2,"featured_media":0,"parent":35617,"menu_order":0,"comment_status":"closed","ping_status":"closed","template":"","meta":{"_acf_changed":false,"footnotes":""},"colt_type":[],"colt_products":[],"class_list":["post-99889","page","type-page","status-publish","hentry"],"acf":[],"yoast_head":"<!-- This site is optimized with the Yoast SEO plugin v26.8 - https:\/\/yoast.com\/product\/yoast-seo-wordpress\/ -->\n<title>Unsere Geschichte - Colt Technology Services<\/title>\n<meta name=\"description\" content=\"Unsere Geschichte Colt Technology Services\" \/>\n<meta name=\"robots\" content=\"noindex, follow, max-snippet:-1, max-image-preview:large, max-video-preview:-1\" \/>\n<meta property=\"og:locale\" content=\"de_DE\" \/>\n<meta property=\"og:type\" content=\"article\" \/>\n<meta property=\"og:title\" content=\"Unsere Geschichte - Colt Technology Services\" \/>\n<meta property=\"og:description\" content=\"Unsere Geschichte Colt Technology Services\" \/>\n<meta property=\"og:url\" content=\"https:\/\/legacy.colt.net\/de\/about\/our-story\/\" \/>\n<meta property=\"og:site_name\" content=\"Colt Technology Services\" \/>\n<meta property=\"article:publisher\" content=\"https:\/\/www.facebook.com\/ColtTechnologyServices\/\" \/>\n<meta property=\"article:modified_time\" content=\"2024-05-16T08:34:58+00:00\" \/>\n<meta property=\"og:image\" content=\"https:\/\/legacy.colt.net\/wp-content\/uploads\/2021\/01\/Brand-2021-Stock-44.jpg\" \/>\n\t<meta property=\"og:image:width\" content=\"1000\" \/>\n\t<meta property=\"og:image:height\" content=\"667\" \/>\n\t<meta property=\"og:image:type\" content=\"image\/jpeg\" \/>\n<meta name=\"twitter:card\" content=\"summary_large_image\" \/>\n<meta name=\"twitter:site\" content=\"@colt_technology\" \/>\n<meta name=\"twitter:label1\" content=\"Est. reading time\" \/>\n\t<meta name=\"twitter:data1\" content=\"3 minutes\" \/>\n<script type=\"application\/ld+json\" class=\"yoast-schema-graph\">{\"@context\":\"https:\/\/schema.org\",\"@graph\":[{\"@type\":\"WebPage\",\"@id\":\"https:\/\/legacy.colt.net\/de\/about\/our-story\/\",\"url\":\"https:\/\/legacy.colt.net\/de\/about\/our-story\/\",\"name\":\"Unsere Geschichte - Colt Technology Services\",\"isPartOf\":{\"@id\":\"https:\/\/legacy.colt.net\/#website\"},\"primaryImageOfPage\":{\"@id\":\"https:\/\/legacy.colt.net\/de\/about\/our-story\/#primaryimage\"},\"image\":{\"@id\":\"https:\/\/legacy.colt.net\/de\/about\/our-story\/#primaryimage\"},\"thumbnailUrl\":\"https:\/\/legacy.colt.net\/wp-content\/uploads\/2022\/09\/Colt-1992-first-cables.jpg\",\"datePublished\":\"2021-07-09T10:14:14+00:00\",\"dateModified\":\"2024-05-16T08:34:58+00:00\",\"description\":\"Unsere Geschichte Colt Technology Services\",\"breadcrumb\":{\"@id\":\"https:\/\/legacy.colt.net\/de\/about\/our-story\/#breadcrumb\"},\"inLanguage\":\"de-DE\",\"potentialAction\":[{\"@type\":\"ReadAction\",\"target\":[\"https:\/\/legacy.colt.net\/de\/about\/our-story\/\"]}]},{\"@type\":\"ImageObject\",\"inLanguage\":\"de-DE\",\"@id\":\"https:\/\/legacy.colt.net\/de\/about\/our-story\/#primaryimage\",\"url\":\"https:\/\/legacy.colt.net\/wp-content\/uploads\/2022\/09\/Colt-1992-first-cables.jpg\",\"contentUrl\":\"https:\/\/legacy.colt.net\/wp-content\/uploads\/2022\/09\/Colt-1992-first-cables.jpg\"},{\"@type\":\"BreadcrumbList\",\"@id\":\"https:\/\/legacy.colt.net\/de\/about\/our-story\/#breadcrumb\",\"itemListElement\":[{\"@type\":\"ListItem\",\"position\":1,\"name\":\"Home\",\"item\":\"https:\/\/legacy.colt.net\/de\/\"},{\"@type\":\"ListItem\",\"position\":2,\"name\":\"\u00dcber Colt\",\"item\":\"https:\/\/legacy.colt.net\/de\/about\/\"},{\"@type\":\"ListItem\",\"position\":3,\"name\":\"Unsere Geschichte\"}]},{\"@type\":\"WebSite\",\"@id\":\"https:\/\/legacy.colt.net\/#website\",\"url\":\"https:\/\/legacy.colt.net\/\",\"name\":\"Colt\u30c6\u30af\u30ce\u30ed\u30b8\u30fc\u30b5\u30fc\u30d3\u30b9\u682a\u5f0f\u4f1a\u793e\",\"description\":\"Managed Network &amp; Voice Services Provider\",\"publisher\":{\"@id\":\"https:\/\/legacy.colt.net\/#organization\"},\"potentialAction\":[{\"@type\":\"SearchAction\",\"target\":{\"@type\":\"EntryPoint\",\"urlTemplate\":\"https:\/\/legacy.colt.net\/?s={search_term_string}\"},\"query-input\":{\"@type\":\"PropertyValueSpecification\",\"valueRequired\":true,\"valueName\":\"search_term_string\"}}],\"inLanguage\":\"de-DE\"},{\"@type\":\"Organization\",\"@id\":\"https:\/\/legacy.colt.net\/#organization\",\"name\":\"Colt Technology Services\",\"url\":\"https:\/\/legacy.colt.net\/\",\"logo\":{\"@type\":\"ImageObject\",\"inLanguage\":\"de-DE\",\"@id\":\"https:\/\/legacy.colt.net\/#\/schema\/logo\/image\/\",\"url\":\"https:\/\/legacy.colt.net\/wp-content\/uploads\/2019\/02\/Colt-Logo.png\",\"contentUrl\":\"https:\/\/legacy.colt.net\/wp-content\/uploads\/2019\/02\/Colt-Logo.png\",\"width\":195,\"height\":77,\"caption\":\"Colt Technology Services\"},\"image\":{\"@id\":\"https:\/\/legacy.colt.net\/#\/schema\/logo\/image\/\"},\"sameAs\":[\"https:\/\/www.facebook.com\/ColtTechnologyServices\/\",\"https:\/\/x.com\/colt_technology\",\"https:\/\/www.instagram.com\/colttechnologyservices\/\",\"https:\/\/www.linkedin.com\/company\/colt-technology-services\",\"https:\/\/www.youtube.com\/user\/ColtTechnology\"]}]}<\/script>\n<!-- \/ Yoast SEO plugin. -->","yoast_head_json":{"title":"Unsere Geschichte - Colt Technology Services","description":"Unsere Geschichte Colt Technology Services","robots":{"index":"noindex","follow":"follow","max-snippet":"max-snippet:-1","max-image-preview":"max-image-preview:large","max-video-preview":"max-video-preview:-1"},"og_locale":"de_DE","og_type":"article","og_title":"Unsere Geschichte - Colt Technology Services","og_description":"Unsere Geschichte Colt Technology Services","og_url":"https:\/\/legacy.colt.net\/de\/about\/our-story\/","og_site_name":"Colt Technology Services","article_publisher":"https:\/\/www.facebook.com\/ColtTechnologyServices\/","article_modified_time":"2024-05-16T08:34:58+00:00","og_image":[{"width":1000,"height":667,"url":"https:\/\/legacy.colt.net\/wp-content\/uploads\/2021\/01\/Brand-2021-Stock-44.jpg","type":"image\/jpeg"}],"twitter_card":"summary_large_image","twitter_site":"@colt_technology","twitter_misc":{"Est. reading time":"3 minutes"},"schema":{"@context":"https:\/\/schema.org","@graph":[{"@type":"WebPage","@id":"https:\/\/legacy.colt.net\/de\/about\/our-story\/","url":"https:\/\/legacy.colt.net\/de\/about\/our-story\/","name":"Unsere Geschichte - Colt Technology Services","isPartOf":{"@id":"https:\/\/legacy.colt.net\/#website"},"primaryImageOfPage":{"@id":"https:\/\/legacy.colt.net\/de\/about\/our-story\/#primaryimage"},"image":{"@id":"https:\/\/legacy.colt.net\/de\/about\/our-story\/#primaryimage"},"thumbnailUrl":"https:\/\/legacy.colt.net\/wp-content\/uploads\/2022\/09\/Colt-1992-first-cables.jpg","datePublished":"2021-07-09T10:14:14+00:00","dateModified":"2024-05-16T08:34:58+00:00","description":"Unsere Geschichte Colt Technology Services","breadcrumb":{"@id":"https:\/\/legacy.colt.net\/de\/about\/our-story\/#breadcrumb"},"inLanguage":"de-DE","potentialAction":[{"@type":"ReadAction","target":["https:\/\/legacy.colt.net\/de\/about\/our-story\/"]}]},{"@type":"ImageObject","inLanguage":"de-DE","@id":"https:\/\/legacy.colt.net\/de\/about\/our-story\/#primaryimage","url":"https:\/\/legacy.colt.net\/wp-content\/uploads\/2022\/09\/Colt-1992-first-cables.jpg","contentUrl":"https:\/\/legacy.colt.net\/wp-content\/uploads\/2022\/09\/Colt-1992-first-cables.jpg"},{"@type":"BreadcrumbList","@id":"https:\/\/legacy.colt.net\/de\/about\/our-story\/#breadcrumb","itemListElement":[{"@type":"ListItem","position":1,"name":"Home","item":"https:\/\/legacy.colt.net\/de\/"},{"@type":"ListItem","position":2,"name":"\u00dcber Colt","item":"https:\/\/legacy.colt.net\/de\/about\/"},{"@type":"ListItem","position":3,"name":"Unsere Geschichte"}]},{"@type":"WebSite","@id":"https:\/\/legacy.colt.net\/#website","url":"https:\/\/legacy.colt.net\/","name":"Colt\u30c6\u30af\u30ce\u30ed\u30b8\u30fc\u30b5\u30fc\u30d3\u30b9\u682a\u5f0f\u4f1a\u793e","description":"Managed Network &amp; Voice Services Provider","publisher":{"@id":"https:\/\/legacy.colt.net\/#organization"},"potentialAction":[{"@type":"SearchAction","target":{"@type":"EntryPoint","urlTemplate":"https:\/\/legacy.colt.net\/?s={search_term_string}"},"query-input":{"@type":"PropertyValueSpecification","valueRequired":true,"valueName":"search_term_string"}}],"inLanguage":"de-DE"},{"@type":"Organization","@id":"https:\/\/legacy.colt.net\/#organization","name":"Colt Technology Services","url":"https:\/\/legacy.colt.net\/","logo":{"@type":"ImageObject","inLanguage":"de-DE","@id":"https:\/\/legacy.colt.net\/#\/schema\/logo\/image\/","url":"https:\/\/legacy.colt.net\/wp-content\/uploads\/2019\/02\/Colt-Logo.png","contentUrl":"https:\/\/legacy.colt.net\/wp-content\/uploads\/2019\/02\/Colt-Logo.png","width":195,"height":77,"caption":"Colt Technology Services"},"image":{"@id":"https:\/\/legacy.colt.net\/#\/schema\/logo\/image\/"},"sameAs":["https:\/\/www.facebook.com\/ColtTechnologyServices\/","https:\/\/x.com\/colt_technology","https:\/\/www.instagram.com\/colttechnologyservices\/","https:\/\/www.linkedin.com\/company\/colt-technology-services","https:\/\/www.youtube.com\/user\/ColtTechnology"]}]}},"_links":{"self":[{"href":"https:\/\/legacy.colt.net\/de\/wp-json\/wp\/v2\/pages\/99889","targetHints":{"allow":["GET"]}}],"collection":[{"href":"https:\/\/legacy.colt.net\/de\/wp-json\/wp\/v2\/pages"}],"about":[{"href":"https:\/\/legacy.colt.net\/de\/wp-json\/wp\/v2\/types\/page"}],"author":[{"embeddable":true,"href":"https:\/\/legacy.colt.net\/de\/wp-json\/wp\/v2\/users\/2"}],"replies":[{"embeddable":true,"href":"https:\/\/legacy.colt.net\/de\/wp-json\/wp\/v2\/comments?post=99889"}],"version-history":[{"count":0,"href":"https:\/\/legacy.colt.net\/de\/wp-json\/wp\/v2\/pages\/99889\/revisions"}],"up":[{"embeddable":true,"href":"https:\/\/legacy.colt.net\/de\/wp-json\/wp\/v2\/pages\/35617"}],"wp:attachment":[{"href":"https:\/\/legacy.colt.net\/de\/wp-json\/wp\/v2\/media?parent=99889"}],"wp:term":[{"taxonomy":"colt_type","embeddable":true,"href":"https:\/\/legacy.colt.net\/de\/wp-json\/wp\/v2\/colt_type?post=99889"},{"taxonomy":"colt_products","embeddable":true,"href":"https:\/\/legacy.colt.net\/de\/wp-json\/wp\/v2\/colt_products?post=99889"}],"curies":[{"name":"wp","href":"https:\/\/api.w.org\/{rel}","templated":true}]}}