{"id":96589,"date":"2021-05-14T10:31:46","date_gmt":"2021-05-14T09:31:46","guid":{"rendered":"https:\/\/www.colt.net\/?page_id=96589"},"modified":"2021-05-14T16:33:10","modified_gmt":"2021-05-14T15:33:10","slug":"sd-wan-white-label","status":"publish","type":"page","link":"https:\/\/legacy.colt.net\/de\/product\/sd-wan-white-label\/","title":{"rendered":"SD WAN White Label"},"content":{"rendered":"<p><strong>Agieren Sie mit einem der f\u00fchrenden SD WAN-Services dynamisch am Markt, bei minimalen Kapital- und Entwicklungskosten<\/strong><\/p>\n<p>Aufgrund der wachsenden Verbreitung der Cloud in den Unternehmen und erh\u00f6hten Sicherheitsanforderungen am Netzrand wird f\u00fcr den SD WAN Markt <a href=\"https:\/\/www.lightreading.com\/security\/sd-wan-market-to-exceed-$4b-by-2023---report\/d\/d-id\/761907\">bis 2023 ein Volumen von 4,6 Milliarden USD<\/a> prognostiziert. Damit geh\u00f6ren f\u00fcr jeden Serviceanbieter umfassende, global skalierbare SD WAN Produkte f\u00fcr Endkunden zum Pflichtprogramm.<\/p>\n<p>W\u00e4re es da nicht reizvoll, das eigene Angebotsspektrum im Handumdrehen um einen leistungsf\u00e4higen SD WAN-Service zu erweitern oder das bestehende Produktprogramm f\u00fcr einen weltweiten Markt verf\u00fcgbar zu machen?<\/p>\n<p><strong>Colt SD WAN White Label macht es m\u00f6glich: <\/strong><\/p>\n<ul>\n<li>Schnelle Markteinf\u00fchrung<\/li>\n<li>Minimale Investitionskosten<\/li>\n<li>Kein langwieriger interner Entwicklungsvorlauf<\/li>\n<li>Reibungsloser Service mit eigenem Branding<\/li>\n<\/ul>\n<p>Mit White Label SD WAN von Colt k\u00f6nnen Ihre Kunden den SD WAN-Service \u00fcber Ihr individuelles Portal mit eigenem Branding und Design nutzen.<\/p>\n<p>Durch optimierte Steuerungssysteme und umfangreiche Erfahrung bei der Realisierung unterschiedlicher Anschl\u00fcsse weltweit sind wir Ihr zuverl\u00e4ssiger Partner, wenn es um die schnelle Erweiterung ihres Leistungsspektrums mit SD WAN L\u00f6sungen der Zukunft geht.<\/p>\n<p>Colt ist Vorreiter bei der SD WAN Technologie: Unsere L\u00f6sungen bieten nicht nur zeitgem\u00e4\u00dfe Funktionalit\u00e4t wie <a href=\"https:\/\/legacy.colt.net\/de\/product\/sd-wan-multi-cloud\/\">Multi-Cloud<\/a>, sie zeichnen sich auch durch ein hohes Ma\u00df an <a href=\"https:\/\/legacy.colt.net\/de\/resources\/kundenzufriedenheit-colt-weiterhin-fuehrend-im-net-promotor-score\/\">Benutzerfreundlichkeit<\/a> mittels komfortabler Online-Portale aus. Das verlieh uns unter anderem den Titel &#8220;Strong Performer&#8221; im Report &#8220;The Forrester Wave\u2122: Software-Defined WAN Services, Q4 2020&#8221;.<\/p>\n","protected":false},"excerpt":{"rendered":"<p>Agieren Sie mit einem der f\u00fchrenden SD WAN-Services dynamisch am Markt, bei minimalen Kapital- und Entwicklungskosten Aufgrund der wachsenden Verbreitung der Cloud in den Unternehmen und erh\u00f6hten Sicherheitsanforderungen am Netzrand wird f\u00fcr den SD WAN Markt bis 2023 ein Volumen von 4,6 Milliarden USD prognostiziert. Damit geh\u00f6ren f\u00fcr jeden Serviceanbieter umfassende, global skalierbare SD WAN&#8230;<\/p>\n","protected":false},"author":2,"featured_media":0,"parent":35897,"menu_order":0,"comment_status":"closed","ping_status":"closed","template":"page-templates\/template-product.php","meta":{"_acf_changed":false,"footnotes":""},"colt_type":[],"colt_products":[1529],"class_list":["post-96589","page","type-page","status-publish","hentry","colt_products-sd-wan-colt-iq-network"],"acf":[],"yoast_head":"<!-- This site is optimized with the Yoast SEO plugin v26.8 - https:\/\/yoast.com\/product\/yoast-seo-wordpress\/ -->\n<title>SD WAN White Label - Colt Technology Services<\/title>\n<meta name=\"description\" content=\"SD WAN White Label Colt Technology Services\" \/>\n<meta name=\"robots\" content=\"noindex, follow, max-snippet:-1, max-image-preview:large, max-video-preview:-1\" \/>\n<meta property=\"og:locale\" content=\"de_DE\" \/>\n<meta property=\"og:type\" content=\"article\" \/>\n<meta property=\"og:title\" content=\"SD WAN White Label - Colt Technology Services\" \/>\n<meta property=\"og:description\" content=\"SD WAN White Label Colt Technology Services\" \/>\n<meta property=\"og:url\" content=\"https:\/\/legacy.colt.net\/de\/product\/sd-wan-white-label\/\" \/>\n<meta property=\"og:site_name\" content=\"Colt Technology Services\" \/>\n<meta property=\"article:publisher\" content=\"https:\/\/www.facebook.com\/ColtTechnologyServices\/\" \/>\n<meta property=\"article:modified_time\" content=\"2021-05-14T15:33:10+00:00\" \/>\n<meta property=\"og:image\" content=\"https:\/\/legacy.colt.net\/wp-content\/uploads\/2021\/01\/Brand-2021-Stock-23.jpg\" \/>\n\t<meta property=\"og:image:width\" content=\"1000\" \/>\n\t<meta property=\"og:image:height\" content=\"667\" \/>\n\t<meta property=\"og:image:type\" content=\"image\/jpeg\" \/>\n<meta name=\"twitter:card\" content=\"summary_large_image\" \/>\n<meta name=\"twitter:site\" content=\"@colt_technology\" \/>\n<meta name=\"twitter:label1\" content=\"Est. reading time\" \/>\n\t<meta name=\"twitter:data1\" content=\"1 minute\" \/>\n<script type=\"application\/ld+json\" class=\"yoast-schema-graph\">{\"@context\":\"https:\/\/schema.org\",\"@graph\":[{\"@type\":\"WebPage\",\"@id\":\"https:\/\/legacy.colt.net\/de\/product\/sd-wan-white-label\/\",\"url\":\"https:\/\/legacy.colt.net\/de\/product\/sd-wan-white-label\/\",\"name\":\"SD WAN White Label - Colt Technology Services\",\"isPartOf\":{\"@id\":\"https:\/\/legacy.colt.net\/#website\"},\"datePublished\":\"2021-05-14T09:31:46+00:00\",\"dateModified\":\"2021-05-14T15:33:10+00:00\",\"description\":\"SD WAN White Label Colt Technology Services\",\"breadcrumb\":{\"@id\":\"https:\/\/legacy.colt.net\/de\/product\/sd-wan-white-label\/#breadcrumb\"},\"inLanguage\":\"de-DE\",\"potentialAction\":[{\"@type\":\"ReadAction\",\"target\":[\"https:\/\/legacy.colt.net\/de\/product\/sd-wan-white-label\/\"]}]},{\"@type\":\"BreadcrumbList\",\"@id\":\"https:\/\/legacy.colt.net\/de\/product\/sd-wan-white-label\/#breadcrumb\",\"itemListElement\":[{\"@type\":\"ListItem\",\"position\":1,\"name\":\"Home\",\"item\":\"https:\/\/legacy.colt.net\/de\/\"},{\"@type\":\"ListItem\",\"position\":2,\"name\":\"Produkte &#038; Netzwerkservice\",\"item\":\"https:\/\/legacy.colt.net\/de\/product\/\"},{\"@type\":\"ListItem\",\"position\":3,\"name\":\"SD WAN White Label\"}]},{\"@type\":\"WebSite\",\"@id\":\"https:\/\/legacy.colt.net\/#website\",\"url\":\"https:\/\/legacy.colt.net\/\",\"name\":\"Colt\u30c6\u30af\u30ce\u30ed\u30b8\u30fc\u30b5\u30fc\u30d3\u30b9\u682a\u5f0f\u4f1a\u793e\",\"description\":\"Managed Network &amp; Voice Services Provider\",\"publisher\":{\"@id\":\"https:\/\/legacy.colt.net\/#organization\"},\"potentialAction\":[{\"@type\":\"SearchAction\",\"target\":{\"@type\":\"EntryPoint\",\"urlTemplate\":\"https:\/\/legacy.colt.net\/?s={search_term_string}\"},\"query-input\":{\"@type\":\"PropertyValueSpecification\",\"valueRequired\":true,\"valueName\":\"search_term_string\"}}],\"inLanguage\":\"de-DE\"},{\"@type\":\"Organization\",\"@id\":\"https:\/\/legacy.colt.net\/#organization\",\"name\":\"Colt Technology Services\",\"url\":\"https:\/\/legacy.colt.net\/\",\"logo\":{\"@type\":\"ImageObject\",\"inLanguage\":\"de-DE\",\"@id\":\"https:\/\/legacy.colt.net\/#\/schema\/logo\/image\/\",\"url\":\"https:\/\/legacy.colt.net\/wp-content\/uploads\/2019\/02\/Colt-Logo.png\",\"contentUrl\":\"https:\/\/legacy.colt.net\/wp-content\/uploads\/2019\/02\/Colt-Logo.png\",\"width\":195,\"height\":77,\"caption\":\"Colt Technology Services\"},\"image\":{\"@id\":\"https:\/\/legacy.colt.net\/#\/schema\/logo\/image\/\"},\"sameAs\":[\"https:\/\/www.facebook.com\/ColtTechnologyServices\/\",\"https:\/\/x.com\/colt_technology\",\"https:\/\/www.instagram.com\/colttechnologyservices\/\",\"https:\/\/www.linkedin.com\/company\/colt-technology-services\",\"https:\/\/www.youtube.com\/user\/ColtTechnology\"]}]}<\/script>\n<!-- \/ Yoast SEO plugin. -->","yoast_head_json":{"title":"SD WAN White Label - Colt Technology Services","description":"SD WAN White Label Colt Technology Services","robots":{"index":"noindex","follow":"follow","max-snippet":"max-snippet:-1","max-image-preview":"max-image-preview:large","max-video-preview":"max-video-preview:-1"},"og_locale":"de_DE","og_type":"article","og_title":"SD WAN White Label - Colt Technology Services","og_description":"SD WAN White Label Colt Technology Services","og_url":"https:\/\/legacy.colt.net\/de\/product\/sd-wan-white-label\/","og_site_name":"Colt Technology Services","article_publisher":"https:\/\/www.facebook.com\/ColtTechnologyServices\/","article_modified_time":"2021-05-14T15:33:10+00:00","og_image":[{"width":1000,"height":667,"url":"https:\/\/legacy.colt.net\/wp-content\/uploads\/2021\/01\/Brand-2021-Stock-23.jpg","type":"image\/jpeg"}],"twitter_card":"summary_large_image","twitter_site":"@colt_technology","twitter_misc":{"Est. reading time":"1 minute"},"schema":{"@context":"https:\/\/schema.org","@graph":[{"@type":"WebPage","@id":"https:\/\/legacy.colt.net\/de\/product\/sd-wan-white-label\/","url":"https:\/\/legacy.colt.net\/de\/product\/sd-wan-white-label\/","name":"SD WAN White Label - Colt Technology Services","isPartOf":{"@id":"https:\/\/legacy.colt.net\/#website"},"datePublished":"2021-05-14T09:31:46+00:00","dateModified":"2021-05-14T15:33:10+00:00","description":"SD WAN White Label Colt Technology Services","breadcrumb":{"@id":"https:\/\/legacy.colt.net\/de\/product\/sd-wan-white-label\/#breadcrumb"},"inLanguage":"de-DE","potentialAction":[{"@type":"ReadAction","target":["https:\/\/legacy.colt.net\/de\/product\/sd-wan-white-label\/"]}]},{"@type":"BreadcrumbList","@id":"https:\/\/legacy.colt.net\/de\/product\/sd-wan-white-label\/#breadcrumb","itemListElement":[{"@type":"ListItem","position":1,"name":"Home","item":"https:\/\/legacy.colt.net\/de\/"},{"@type":"ListItem","position":2,"name":"Produkte &#038; Netzwerkservice","item":"https:\/\/legacy.colt.net\/de\/product\/"},{"@type":"ListItem","position":3,"name":"SD WAN White Label"}]},{"@type":"WebSite","@id":"https:\/\/legacy.colt.net\/#website","url":"https:\/\/legacy.colt.net\/","name":"Colt\u30c6\u30af\u30ce\u30ed\u30b8\u30fc\u30b5\u30fc\u30d3\u30b9\u682a\u5f0f\u4f1a\u793e","description":"Managed Network &amp; Voice Services Provider","publisher":{"@id":"https:\/\/legacy.colt.net\/#organization"},"potentialAction":[{"@type":"SearchAction","target":{"@type":"EntryPoint","urlTemplate":"https:\/\/legacy.colt.net\/?s={search_term_string}"},"query-input":{"@type":"PropertyValueSpecification","valueRequired":true,"valueName":"search_term_string"}}],"inLanguage":"de-DE"},{"@type":"Organization","@id":"https:\/\/legacy.colt.net\/#organization","name":"Colt Technology Services","url":"https:\/\/legacy.colt.net\/","logo":{"@type":"ImageObject","inLanguage":"de-DE","@id":"https:\/\/legacy.colt.net\/#\/schema\/logo\/image\/","url":"https:\/\/legacy.colt.net\/wp-content\/uploads\/2019\/02\/Colt-Logo.png","contentUrl":"https:\/\/legacy.colt.net\/wp-content\/uploads\/2019\/02\/Colt-Logo.png","width":195,"height":77,"caption":"Colt Technology Services"},"image":{"@id":"https:\/\/legacy.colt.net\/#\/schema\/logo\/image\/"},"sameAs":["https:\/\/www.facebook.com\/ColtTechnologyServices\/","https:\/\/x.com\/colt_technology","https:\/\/www.instagram.com\/colttechnologyservices\/","https:\/\/www.linkedin.com\/company\/colt-technology-services","https:\/\/www.youtube.com\/user\/ColtTechnology"]}]}},"_links":{"self":[{"href":"https:\/\/legacy.colt.net\/de\/wp-json\/wp\/v2\/pages\/96589","targetHints":{"allow":["GET"]}}],"collection":[{"href":"https:\/\/legacy.colt.net\/de\/wp-json\/wp\/v2\/pages"}],"about":[{"href":"https:\/\/legacy.colt.net\/de\/wp-json\/wp\/v2\/types\/page"}],"author":[{"embeddable":true,"href":"https:\/\/legacy.colt.net\/de\/wp-json\/wp\/v2\/users\/2"}],"replies":[{"embeddable":true,"href":"https:\/\/legacy.colt.net\/de\/wp-json\/wp\/v2\/comments?post=96589"}],"version-history":[{"count":0,"href":"https:\/\/legacy.colt.net\/de\/wp-json\/wp\/v2\/pages\/96589\/revisions"}],"up":[{"embeddable":true,"href":"https:\/\/legacy.colt.net\/de\/wp-json\/wp\/v2\/pages\/35897"}],"wp:attachment":[{"href":"https:\/\/legacy.colt.net\/de\/wp-json\/wp\/v2\/media?parent=96589"}],"wp:term":[{"taxonomy":"colt_type","embeddable":true,"href":"https:\/\/legacy.colt.net\/de\/wp-json\/wp\/v2\/colt_type?post=96589"},{"taxonomy":"colt_products","embeddable":true,"href":"https:\/\/legacy.colt.net\/de\/wp-json\/wp\/v2\/colt_products?post=96589"}],"curies":[{"name":"wp","href":"https:\/\/api.w.org\/{rel}","templated":true}]}}