{"id":94809,"date":"2021-04-14T10:00:22","date_gmt":"2021-04-14T09:00:22","guid":{"rendered":"https:\/\/www.colt.net\/?page_id=94809"},"modified":"2021-06-02T08:48:49","modified_gmt":"2021-06-02T07:48:49","slug":"anekdoten-von-colt-mitarbeitern","status":"publish","type":"page","link":"https:\/\/legacy.colt.net\/de\/25-jahre-colt-in-deutschland\/anekdoten-von-colt-mitarbeitern\/","title":{"rendered":"Anekdoten von Colt Mitarbeitern"},"content":{"rendered":"\n\n\t\t\t\t<img loading=\"lazy\" decoding=\"async\" src=\"https:\/\/legacy.colt.net\/wp-content\/uploads\/2021\/04\/25-Years-DE-02.png\" alt=\"25-Years-DE-02\" height=\"500\" width=\"500\" title=\"25-Years-DE-02\" \/>\n<h1>\n\t\tColt in Deutschland\n\t<\/h1>\n\t\t\t\t<img decoding=\"async\" src=\"https:\/\/legacy.colt.net\/wp-content\/uploads\/2021\/04\/Ingo-Kohlmeyer_Colt-DE-25th-anniversary.png\" alt=\"Ingo Kohlmeyer_Colt DE 25th anniversary\" title=\"Ingo Kohlmeyer_Colt DE 25th anniversary\" \/>\n\t\t\t\t<p><strong>Ingo Kohlmeyer<\/strong>, Project Engineer, seit bald 24 Jahren bei Colt hat f\u00fcr Colt sogar auf eine Filmkarriere verzichtet: \u201eIm Sommer 1997 haben wir in M\u00fcnchen mehrere Firmen angeschlossen. Darunter auch ein Filmstudio. Wir Techniker waren wie zu der Zeit \u00fcblich, noch mit Hemd und Krawatte unterwegs, durch die Hitze aber schon etwas mitgenommen W\u00e4hrend wir auf den Zutritt zum Installationsraum warteten, kam ein Regisseur und fand unsere \u201eAufmachung&#8221; sensationell. Er fragte, ob er uns fotografieren und in die Kartei aufnehmen darf. Unser Auftritt als Techniker war also absolut filmreif.&#8221;<\/p>\n\t\t\t\t<img decoding=\"async\" src=\"https:\/\/legacy.colt.net\/wp-content\/uploads\/2021\/04\/DE-Social-Banner-2.jpeg\" alt=\"DE Social Banner 2\" title=\"DE Social Banner 2\" \/>\n\t\t\t\t<p><strong>Michael Zurek<\/strong>, Manager Service Delivery Node &amp; Field Service, ist bald 24 Jahre bei Colt und erinnert sich gerne an die Anfangszeit von Colt zur\u00fcck. \u201eDie Stimmung war gigantisch. Wir haben einander geholfen und alle Hindernisse gemeinsam \u00fcberwunden. In meinem Team von 18 Mitarbeitern ist jeder bereits \u00fcber 20 Jahre dabei. Das zeigt die gro\u00dfe Zufriedenheit im Team und das ist es auch was Colt zu etwas Besonderem und Einzigartigen macht.&#8221;<\/p>\n\t\t\t\t<img decoding=\"async\" src=\"https:\/\/legacy.colt.net\/wp-content\/uploads\/2021\/04\/DE-Social-Banner-1.jpeg\" alt=\"DE Social Banner 1\" title=\"DE Social Banner 1\" \/>\n\t\t\t\t<p><strong>Corinna Greis, <\/strong>Country Manager Colt Deutschland: Colt verbindet auch als Arbeitgeber Kontinuit\u00e4t und Ver\u00e4nderung. Fast die H\u00e4lfte der Belegschaft in Deutschland ist schon seit \u00fcber 20 Jahren ein Teil von Colt. Gleichzeitig bieten wir neuen Talenten eine fundierte Ausbildung mit der Perspektive, sich zu echten Expert*innen auf ihrem Gebiet zu entwickeln. Wir schaffen ein Umfeld, in dem alle unabh\u00e4ngig von Herkunft, Geschlecht und Alter ihre Potenziale maximal entfalten k\u00f6nnen &#8211; das hat Colt dahin gebracht, wo wir heute stehen.<\/p>\n\t\t\t\t<img decoding=\"async\" src=\"https:\/\/legacy.colt.net\/wp-content\/uploads\/2021\/04\/Social-Klemens-Renate-Fiege-03.png\" alt=\"Social-Klemens-Renate-Fiege-03\" title=\"Social-Klemens-Renate-Fiege-03\" \/>\n\t\t\t\t<p><strong>Klemens Birner<\/strong>, Senior Architect Optical Engeneering, stieg mit dem Aufbau des City-Netzes 1997 in Berlin bei Colt ein. Sp\u00e4ter betreute er den Aufbau und die Installation der City-Netze in D\u00fcsseldorf, K\u00f6ln und Hannover. \u201eDas kann man sich heute kaum noch vorstellen: Zu Beginn hatte ich mit Diensten zu tun, die wenige Kbit\/s \u00fcber Multiplexer in sagenhafte zwei Mbit\/s zusammenfassten. Heute schalten wir pro Wellenl\u00e4nge bis zu 800 Gbit\/s.&#8221;<\/p>\n\t\t\t\t<img decoding=\"async\" src=\"https:\/\/legacy.colt.net\/wp-content\/uploads\/2021\/04\/Social-Christel-Kimmel-01-1.png\" alt=\"Social-Christel-Kimmel-01\" title=\"Social-Christel-Kimmel-01\" \/>\n\t\t\t\t<p><strong>Christel Kimmel<\/strong>, Sales Specialist, war bei Ihrem Einstieg 1997 als Junior im Vertrieb f\u00fcr die Kundenakquise zust\u00e4ndig: \u201eWir haben Telefonb\u00fccher gew\u00e4lzt, sind an der Trasse entlanggefahren und haben dann Kundentermine vereinbart. Es herrschte Aufbruchstimmung, denn Telekommunikation war erst seit kurzen entmonopolisiert. Wir versuchten unsere Kunden von der damals neuen ISDN-Technologie zu \u00fcberzeugen. Einige waren z\u00f6gerlich, doch zum Gl\u00fcck gab es viele, die f\u00fcr Innovationen offen waren. Aktuell befinden wir uns in einer \u00e4hnlichen Stimmung wie Ende der 90er Jahre: Vieles ist im Umbruch, Cloud-Dienste sind die Zukunft, manche Kunden warten ab, andere sind schon mitten dabei. Und Colt ist mit seiner Flexibilit\u00e4t damals wie heute am Puls der Zeit.&#8221;<\/p>\n\t\t\t\t<img decoding=\"async\" src=\"https:\/\/legacy.colt.net\/wp-content\/uploads\/2021\/04\/Social-Renate-Fiege-02-1.png\" alt=\"Social-Renate-Fiege-02\" title=\"Social-Renate-Fiege-02\" \/>\n\t\t\t\t<p><strong>Renate Fiege<\/strong>, Executive Assistant VP Global Strategic Alliances, zog vor allem die ambitionierte und zugleich famili\u00e4re Atmosph\u00e4re in der zukunftsorientierten Telekommunikationsbranche an: \u201eColt stand f\u00fcr mich von Anfang an f\u00fcr Kundenorientierung und Teamwork auf allen Ebenen. Das geht bis hin zum Aufsichtsratsvorsitzenden, der sich bei einem Besuch in Deutschland nicht zu schade war, Getr\u00e4nke auszugeben. Was f\u00fcr mich, die aus der klassischen Arbeitswelt kam, unglaublich war. Der Zusammenhalt im Team erm\u00f6glicht mir eine erfolgreiche Arbeit \u00fcber die L\u00e4ndergrenzen hinweg.&#8221;<\/p>\n\t\t\t\t<img decoding=\"async\" src=\"https:\/\/legacy.colt.net\/wp-content\/uploads\/2021\/05\/Social-Annika-Steeg-02.png\" alt=\"Social-Annika-Steeg,-02\" title=\"Social-Annika-Steeg,-02\" \/>\n\t\t\t\t<p><strong>Annika Steeg<\/strong>, HR Business Partner Marketing, Sales Enablement, Strategic Sales, Telesales und Global Cloud Network Services, ist seit 22 Jahren bei Colt und erinnert sich gerne an die Zeit zur\u00fcck, in der sie und ihr Team in Deutschland und rund um den Globus neue Mitarbeiter:innen rekrutiert haben: \u201eVon den Hochschulmessen in den damals neuen Bundesl\u00e4ndern, wo wir Studienanf\u00e4nger f\u00fcr Colt begeisterten, bis zu unserer Reise nach China, wo wir Interviews mit IT-Spezialisten zu allen Tages- und Nachtzeiten auch in Hotelzimmern gef\u00fchrt haben &#8211; Colt hat damals ein Netzwerk aus erstklassigen Verbindungen sowie aus hochqualifizierten internationalen Mitarbeiter:innen aufgebaut.&#8221;<\/p>\n\t\t\t\t<img decoding=\"async\" src=\"https:\/\/legacy.colt.net\/wp-content\/uploads\/2021\/05\/Social-Stefan-Krentz-01.png\" alt=\"Social-Stefan-Krentz-01\" title=\"Social-Stefan-Krentz-01\" \/>\n\t\t\t\t<p><strong>Stefan Krentz<\/strong>, Manager f\u00fcr Application Business Owner Management, geh\u00f6rt schon fast 24 Jahre dem Unternehmen an. Er hat unter anderem das Netz Colt Center (NCC) und die Logistik in Berlin mitaufgebaut. \u201eBei Colt anzufangen war f\u00fcr mich ein \u201eMuss&#8221;. Glasfaser war damals die neueste Technik und nirgendwo sonst war der Start-Up-Gedanke so pr\u00e4sent. All das hat den Erfolg von Colt ma\u00dfgeblich mitbestimmt und zu einem Unternehmen gemacht, das bei IT-Netzwerken und Voice-Dienstleistungen nach wie vor neue Standards und Ma\u00dfst\u00e4be setzt.&#8221;<\/p>\n\t\t\t\t<img decoding=\"async\" src=\"https:\/\/legacy.colt.net\/wp-content\/uploads\/2021\/05\/Social-Beate-Kallmeyer-01.png\" alt=\"Social-Beate-Kallmeyer-01\" title=\"Social-Beate-Kallmeyer-01\" \/>\n\t\t\t\t<p><strong>Beate Kallmeyer<\/strong>, Health &amp; Safety Advisor, Lawyer, arbeitet seit fast 23 Jahren bei Colt und hat das Unternehmen von der Aufhebung des Telekommunikationsmonopols \u00fcber die Konsolidierung bis zur \u00a0Neuausrichtung mitbegleitet. \u201eJede Zeit ist auf ihre Weise gut und spannend und hat ihre Herausforderungen. Sch\u00f6n ist, dass nichts stillsteht und immer etwas Neues kommt. Doch eine Konstante gibt es: Der Zusammenhalt unter den Mitarbeiter:innen war immer da. Wir helfen uns gegenseitig, k\u00f6nnen viel leisten und das auch anerkennen.&#8221;<\/p>\n<p>\u00a0<\/p>\n\t\t\t\t<img decoding=\"async\" src=\"https:\/\/legacy.colt.net\/wp-content\/uploads\/2021\/06\/Social-Daniel-Meier-02.png\" alt=\"Social-Daniel-Meier-02\" title=\"Social-Daniel-Meier-02\" \/>\n\t\t\t\t<p><strong>Daniel Meier<\/strong>, Specialist Service Delivery, hat mit rund 24 Jahren Betriebszugeh\u00f6rigkeit Colt fast von Anfang an miterlebt. Neben dem herzlichen, kollegialen Umgang und den flachen Hierarchien verbindet er vollen Kundeneinsatz mit dem Unternehmen: \u201eF\u00fcr einen unserer ersten Kunden, bauten wird dessen SDH-Netz komplett in der Tiefgarage bei COLT Frankfurt in der Eschersheimer Landstra\u00dfe nach. Wir bereiteten alle Racks vor, konfigurierten die SDH-Technik und \u00fcberpr\u00fcften deren Funktion. So konnten wir die Technik im Fr\u00fchsommer 1997 direkt zum Kunden bringen, die Glasfasern anschlie\u00dfen und alles lief ohne Probleme.&#8221;<\/p>\n\t\t\t\t<img decoding=\"async\" src=\"https:\/\/legacy.colt.net\/wp-content\/uploads\/2021\/06\/Social-Sylvia-Lehrian-02.png\" alt=\"Social-Sylvia-Lehrian-02\" title=\"Social-Sylvia-Lehrian-02\" \/>\n\t\t\t\t<p><strong>Sylvia Lehrian<\/strong>, Account Executive (Capital Markets), ist seit 21 Jahren bei Colt t\u00e4tig. F\u00fcr sie liegt das Erfolgsgeheimnis von Colt im Zusammenspiel aus Kontinuit\u00e4t und Wandel: \u201eUnsere Branche hat in den letzten 20 Jahren eine rasante Entwicklung erlebt, die noch lange nicht abgeschlossen ist. Das macht unser Arbeitsfeld so spannend. Colt hat dabei zu jedem Zeitpunkt die Bed\u00fcrfnisse der Kunden in passende Services \u00fcbersetzt, die ihnen zum Gesch\u00e4ftserfolg verhelfen.&#8221;<\/p>\n\n","protected":false},"excerpt":{"rendered":"<p>Colt in Deutschland Ingo Kohlmeyer, Project Engineer, seit bald 24 Jahren bei Colt hat f\u00fcr Colt sogar auf eine Filmkarriere verzichtet: \u201eIm Sommer 1997 haben wir in M\u00fcnchen mehrere Firmen angeschlossen. Darunter auch ein Filmstudio. Wir Techniker waren wie zu der Zeit \u00fcblich, noch mit Hemd und Krawatte unterwegs, durch die Hitze aber schon etwas&#8230;<\/p>\n","protected":false},"author":2,"featured_media":0,"parent":94503,"menu_order":0,"comment_status":"closed","ping_status":"closed","template":"","meta":{"_acf_changed":false,"footnotes":""},"colt_type":[],"colt_products":[],"class_list":["post-94809","page","type-page","status-publish","hentry"],"acf":[],"yoast_head":"<!-- This site is optimized with the Yoast SEO plugin v26.8 - https:\/\/yoast.com\/product\/yoast-seo-wordpress\/ -->\n<title>Anekdoten von Colt Mitarbeitern - Colt Technology Services<\/title>\n<meta name=\"description\" content=\"Colt verbindet auch als Arbeitgeber Kontinuit\u00e4t und Ver\u00e4nderung. Fast die H\u00e4lfte der Belegschaft in Deutschland ist schon seit \u00fcber 20 Jahren\" \/>\n<meta name=\"robots\" content=\"noindex, follow, max-snippet:-1, max-image-preview:large, max-video-preview:-1\" \/>\n<meta property=\"og:locale\" content=\"de_DE\" \/>\n<meta property=\"og:type\" content=\"article\" \/>\n<meta property=\"og:title\" content=\"Anekdoten von Colt Mitarbeitern - Colt Technology Services\" \/>\n<meta property=\"og:description\" content=\"Colt verbindet auch als Arbeitgeber Kontinuit\u00e4t und Ver\u00e4nderung. Fast die H\u00e4lfte der Belegschaft in Deutschland ist schon seit \u00fcber 20 Jahren\" \/>\n<meta property=\"og:url\" content=\"https:\/\/legacy.colt.net\/de\/25-jahre-colt-in-deutschland\/anekdoten-von-colt-mitarbeitern\/\" \/>\n<meta property=\"og:site_name\" content=\"Colt Technology Services\" \/>\n<meta property=\"article:publisher\" content=\"https:\/\/www.facebook.com\/ColtTechnologyServices\/\" \/>\n<meta property=\"article:modified_time\" content=\"2021-06-02T07:48:49+00:00\" \/>\n<meta property=\"og:image\" content=\"https:\/\/legacy.colt.net\/wp-content\/uploads\/2021\/01\/Brand-2021-Stock-8.jpg\" \/>\n\t<meta property=\"og:image:width\" content=\"1000\" \/>\n\t<meta property=\"og:image:height\" content=\"667\" \/>\n\t<meta property=\"og:image:type\" content=\"image\/jpeg\" \/>\n<meta name=\"twitter:card\" content=\"summary_large_image\" \/>\n<meta name=\"twitter:site\" content=\"@colt_technology\" \/>\n<meta name=\"twitter:label1\" content=\"Est. reading time\" \/>\n\t<meta name=\"twitter:data1\" content=\"5 minutes\" \/>\n<script type=\"application\/ld+json\" class=\"yoast-schema-graph\">{\"@context\":\"https:\/\/schema.org\",\"@graph\":[{\"@type\":\"WebPage\",\"@id\":\"https:\/\/legacy.colt.net\/de\/25-jahre-colt-in-deutschland\/anekdoten-von-colt-mitarbeitern\/\",\"url\":\"https:\/\/legacy.colt.net\/de\/25-jahre-colt-in-deutschland\/anekdoten-von-colt-mitarbeitern\/\",\"name\":\"Anekdoten von Colt Mitarbeitern - Colt Technology Services\",\"isPartOf\":{\"@id\":\"https:\/\/legacy.colt.net\/#website\"},\"primaryImageOfPage\":{\"@id\":\"https:\/\/legacy.colt.net\/de\/25-jahre-colt-in-deutschland\/anekdoten-von-colt-mitarbeitern\/#primaryimage\"},\"image\":{\"@id\":\"https:\/\/legacy.colt.net\/de\/25-jahre-colt-in-deutschland\/anekdoten-von-colt-mitarbeitern\/#primaryimage\"},\"thumbnailUrl\":\"https:\/\/legacy.colt.net\/wp-content\/uploads\/2021\/04\/25-Years-DE-02.png\",\"datePublished\":\"2021-04-14T09:00:22+00:00\",\"dateModified\":\"2021-06-02T07:48:49+00:00\",\"description\":\"Colt verbindet auch als Arbeitgeber Kontinuit\u00e4t und Ver\u00e4nderung. Fast die H\u00e4lfte der Belegschaft in Deutschland ist schon seit \u00fcber 20 Jahren\",\"breadcrumb\":{\"@id\":\"https:\/\/legacy.colt.net\/de\/25-jahre-colt-in-deutschland\/anekdoten-von-colt-mitarbeitern\/#breadcrumb\"},\"inLanguage\":\"de-DE\",\"potentialAction\":[{\"@type\":\"ReadAction\",\"target\":[\"https:\/\/legacy.colt.net\/de\/25-jahre-colt-in-deutschland\/anekdoten-von-colt-mitarbeitern\/\"]}]},{\"@type\":\"ImageObject\",\"inLanguage\":\"de-DE\",\"@id\":\"https:\/\/legacy.colt.net\/de\/25-jahre-colt-in-deutschland\/anekdoten-von-colt-mitarbeitern\/#primaryimage\",\"url\":\"https:\/\/legacy.colt.net\/wp-content\/uploads\/2021\/04\/25-Years-DE-02.png\",\"contentUrl\":\"https:\/\/legacy.colt.net\/wp-content\/uploads\/2021\/04\/25-Years-DE-02.png\"},{\"@type\":\"BreadcrumbList\",\"@id\":\"https:\/\/legacy.colt.net\/de\/25-jahre-colt-in-deutschland\/anekdoten-von-colt-mitarbeitern\/#breadcrumb\",\"itemListElement\":[{\"@type\":\"ListItem\",\"position\":1,\"name\":\"Home\",\"item\":\"https:\/\/legacy.colt.net\/de\/\"},{\"@type\":\"ListItem\",\"position\":2,\"name\":\"25 Jahre Colt in Deutschland\",\"item\":\"https:\/\/legacy.colt.net\/de\/25-jahre-colt-in-deutschland\/\"},{\"@type\":\"ListItem\",\"position\":3,\"name\":\"Anekdoten von Colt Mitarbeitern\"}]},{\"@type\":\"WebSite\",\"@id\":\"https:\/\/legacy.colt.net\/#website\",\"url\":\"https:\/\/legacy.colt.net\/\",\"name\":\"Colt\u30c6\u30af\u30ce\u30ed\u30b8\u30fc\u30b5\u30fc\u30d3\u30b9\u682a\u5f0f\u4f1a\u793e\",\"description\":\"Managed Network &amp; Voice Services Provider\",\"publisher\":{\"@id\":\"https:\/\/legacy.colt.net\/#organization\"},\"potentialAction\":[{\"@type\":\"SearchAction\",\"target\":{\"@type\":\"EntryPoint\",\"urlTemplate\":\"https:\/\/legacy.colt.net\/?s={search_term_string}\"},\"query-input\":{\"@type\":\"PropertyValueSpecification\",\"valueRequired\":true,\"valueName\":\"search_term_string\"}}],\"inLanguage\":\"de-DE\"},{\"@type\":\"Organization\",\"@id\":\"https:\/\/legacy.colt.net\/#organization\",\"name\":\"Colt Technology Services\",\"url\":\"https:\/\/legacy.colt.net\/\",\"logo\":{\"@type\":\"ImageObject\",\"inLanguage\":\"de-DE\",\"@id\":\"https:\/\/legacy.colt.net\/#\/schema\/logo\/image\/\",\"url\":\"https:\/\/legacy.colt.net\/wp-content\/uploads\/2019\/02\/Colt-Logo.png\",\"contentUrl\":\"https:\/\/legacy.colt.net\/wp-content\/uploads\/2019\/02\/Colt-Logo.png\",\"width\":195,\"height\":77,\"caption\":\"Colt Technology Services\"},\"image\":{\"@id\":\"https:\/\/legacy.colt.net\/#\/schema\/logo\/image\/\"},\"sameAs\":[\"https:\/\/www.facebook.com\/ColtTechnologyServices\/\",\"https:\/\/x.com\/colt_technology\",\"https:\/\/www.instagram.com\/colttechnologyservices\/\",\"https:\/\/www.linkedin.com\/company\/colt-technology-services\",\"https:\/\/www.youtube.com\/user\/ColtTechnology\"]}]}<\/script>\n<!-- \/ Yoast SEO plugin. -->","yoast_head_json":{"title":"Anekdoten von Colt Mitarbeitern - Colt Technology Services","description":"Colt verbindet auch als Arbeitgeber Kontinuit\u00e4t und Ver\u00e4nderung. Fast die H\u00e4lfte der Belegschaft in Deutschland ist schon seit \u00fcber 20 Jahren","robots":{"index":"noindex","follow":"follow","max-snippet":"max-snippet:-1","max-image-preview":"max-image-preview:large","max-video-preview":"max-video-preview:-1"},"og_locale":"de_DE","og_type":"article","og_title":"Anekdoten von Colt Mitarbeitern - Colt Technology Services","og_description":"Colt verbindet auch als Arbeitgeber Kontinuit\u00e4t und Ver\u00e4nderung. Fast die H\u00e4lfte der Belegschaft in Deutschland ist schon seit \u00fcber 20 Jahren","og_url":"https:\/\/legacy.colt.net\/de\/25-jahre-colt-in-deutschland\/anekdoten-von-colt-mitarbeitern\/","og_site_name":"Colt Technology Services","article_publisher":"https:\/\/www.facebook.com\/ColtTechnologyServices\/","article_modified_time":"2021-06-02T07:48:49+00:00","og_image":[{"width":1000,"height":667,"url":"https:\/\/legacy.colt.net\/wp-content\/uploads\/2021\/01\/Brand-2021-Stock-8.jpg","type":"image\/jpeg"}],"twitter_card":"summary_large_image","twitter_site":"@colt_technology","twitter_misc":{"Est. reading time":"5 minutes"},"schema":{"@context":"https:\/\/schema.org","@graph":[{"@type":"WebPage","@id":"https:\/\/legacy.colt.net\/de\/25-jahre-colt-in-deutschland\/anekdoten-von-colt-mitarbeitern\/","url":"https:\/\/legacy.colt.net\/de\/25-jahre-colt-in-deutschland\/anekdoten-von-colt-mitarbeitern\/","name":"Anekdoten von Colt Mitarbeitern - Colt Technology Services","isPartOf":{"@id":"https:\/\/legacy.colt.net\/#website"},"primaryImageOfPage":{"@id":"https:\/\/legacy.colt.net\/de\/25-jahre-colt-in-deutschland\/anekdoten-von-colt-mitarbeitern\/#primaryimage"},"image":{"@id":"https:\/\/legacy.colt.net\/de\/25-jahre-colt-in-deutschland\/anekdoten-von-colt-mitarbeitern\/#primaryimage"},"thumbnailUrl":"https:\/\/legacy.colt.net\/wp-content\/uploads\/2021\/04\/25-Years-DE-02.png","datePublished":"2021-04-14T09:00:22+00:00","dateModified":"2021-06-02T07:48:49+00:00","description":"Colt verbindet auch als Arbeitgeber Kontinuit\u00e4t und Ver\u00e4nderung. Fast die H\u00e4lfte der Belegschaft in Deutschland ist schon seit \u00fcber 20 Jahren","breadcrumb":{"@id":"https:\/\/legacy.colt.net\/de\/25-jahre-colt-in-deutschland\/anekdoten-von-colt-mitarbeitern\/#breadcrumb"},"inLanguage":"de-DE","potentialAction":[{"@type":"ReadAction","target":["https:\/\/legacy.colt.net\/de\/25-jahre-colt-in-deutschland\/anekdoten-von-colt-mitarbeitern\/"]}]},{"@type":"ImageObject","inLanguage":"de-DE","@id":"https:\/\/legacy.colt.net\/de\/25-jahre-colt-in-deutschland\/anekdoten-von-colt-mitarbeitern\/#primaryimage","url":"https:\/\/legacy.colt.net\/wp-content\/uploads\/2021\/04\/25-Years-DE-02.png","contentUrl":"https:\/\/legacy.colt.net\/wp-content\/uploads\/2021\/04\/25-Years-DE-02.png"},{"@type":"BreadcrumbList","@id":"https:\/\/legacy.colt.net\/de\/25-jahre-colt-in-deutschland\/anekdoten-von-colt-mitarbeitern\/#breadcrumb","itemListElement":[{"@type":"ListItem","position":1,"name":"Home","item":"https:\/\/legacy.colt.net\/de\/"},{"@type":"ListItem","position":2,"name":"25 Jahre Colt in Deutschland","item":"https:\/\/legacy.colt.net\/de\/25-jahre-colt-in-deutschland\/"},{"@type":"ListItem","position":3,"name":"Anekdoten von Colt Mitarbeitern"}]},{"@type":"WebSite","@id":"https:\/\/legacy.colt.net\/#website","url":"https:\/\/legacy.colt.net\/","name":"Colt\u30c6\u30af\u30ce\u30ed\u30b8\u30fc\u30b5\u30fc\u30d3\u30b9\u682a\u5f0f\u4f1a\u793e","description":"Managed Network &amp; Voice Services Provider","publisher":{"@id":"https:\/\/legacy.colt.net\/#organization"},"potentialAction":[{"@type":"SearchAction","target":{"@type":"EntryPoint","urlTemplate":"https:\/\/legacy.colt.net\/?s={search_term_string}"},"query-input":{"@type":"PropertyValueSpecification","valueRequired":true,"valueName":"search_term_string"}}],"inLanguage":"de-DE"},{"@type":"Organization","@id":"https:\/\/legacy.colt.net\/#organization","name":"Colt Technology Services","url":"https:\/\/legacy.colt.net\/","logo":{"@type":"ImageObject","inLanguage":"de-DE","@id":"https:\/\/legacy.colt.net\/#\/schema\/logo\/image\/","url":"https:\/\/legacy.colt.net\/wp-content\/uploads\/2019\/02\/Colt-Logo.png","contentUrl":"https:\/\/legacy.colt.net\/wp-content\/uploads\/2019\/02\/Colt-Logo.png","width":195,"height":77,"caption":"Colt Technology Services"},"image":{"@id":"https:\/\/legacy.colt.net\/#\/schema\/logo\/image\/"},"sameAs":["https:\/\/www.facebook.com\/ColtTechnologyServices\/","https:\/\/x.com\/colt_technology","https:\/\/www.instagram.com\/colttechnologyservices\/","https:\/\/www.linkedin.com\/company\/colt-technology-services","https:\/\/www.youtube.com\/user\/ColtTechnology"]}]}},"_links":{"self":[{"href":"https:\/\/legacy.colt.net\/de\/wp-json\/wp\/v2\/pages\/94809","targetHints":{"allow":["GET"]}}],"collection":[{"href":"https:\/\/legacy.colt.net\/de\/wp-json\/wp\/v2\/pages"}],"about":[{"href":"https:\/\/legacy.colt.net\/de\/wp-json\/wp\/v2\/types\/page"}],"author":[{"embeddable":true,"href":"https:\/\/legacy.colt.net\/de\/wp-json\/wp\/v2\/users\/2"}],"replies":[{"embeddable":true,"href":"https:\/\/legacy.colt.net\/de\/wp-json\/wp\/v2\/comments?post=94809"}],"version-history":[{"count":0,"href":"https:\/\/legacy.colt.net\/de\/wp-json\/wp\/v2\/pages\/94809\/revisions"}],"up":[{"embeddable":true,"href":"https:\/\/legacy.colt.net\/de\/wp-json\/wp\/v2\/pages\/94503"}],"wp:attachment":[{"href":"https:\/\/legacy.colt.net\/de\/wp-json\/wp\/v2\/media?parent=94809"}],"wp:term":[{"taxonomy":"colt_type","embeddable":true,"href":"https:\/\/legacy.colt.net\/de\/wp-json\/wp\/v2\/colt_type?post=94809"},{"taxonomy":"colt_products","embeddable":true,"href":"https:\/\/legacy.colt.net\/de\/wp-json\/wp\/v2\/colt_products?post=94809"}],"curies":[{"name":"wp","href":"https:\/\/api.w.org\/{rel}","templated":true}]}}