{"id":94503,"date":"2021-04-09T17:08:27","date_gmt":"2021-04-09T16:08:27","guid":{"rendered":"https:\/\/www.colt.net\/?page_id=94503"},"modified":"2022-01-24T12:11:06","modified_gmt":"2022-01-24T12:11:06","slug":"25-jahre-colt-in-deutschland","status":"publish","type":"page","link":"https:\/\/legacy.colt.net\/de\/25-jahre-colt-in-deutschland\/","title":{"rendered":"25 Jahre Colt in Deutschland"},"content":{"rendered":"\n\n\t\t\t\t<img loading=\"lazy\" decoding=\"async\" src=\"https:\/\/legacy.colt.net\/wp-content\/uploads\/2021\/04\/25-Years-DE-02.png\" alt=\"25-Years-DE-02\" itemprop=\"image\" height=\"500\" width=\"500\" title=\"25-Years-DE-02\" onerror=\"this.style.display='none'\"  \/>\n<h1>\n\t\tColt in Deutschland\n\t<\/h1>\n<h3>\n\t\tColt feiert 25-j\u00e4hriges Netzwerk-Jubil\u00e4um in Deutschland\n\t<\/h3>\n\t<p>Von 2 Mbit\/s auf 400 Gbit\/s &#8211; Ein Vierteljahrhundert erfolgreiche Telekommunikationsgeschichte<\/p>\n<ul>\n<li>Colt betreibt seit 25 Jahren ein eigenes Glasfasernetz in Deutschland<\/li>\n<li>Die Entwicklung innovativer Netzwerktechnologien hat uns als Vorreiter gepr\u00e4gt<\/li>\n<li>Die Zukunft liegt in intelligenten, software-definierten Netzwerkl\u00f6sungen in Echtzeit<\/li>\n<\/ul>\n\t\t\t\t\t<img decoding=\"async\" src=\"https:\/\/legacy.colt.net\/wp-content\/uploads\/2021\/04\/25th-anniversary-video_Berlinale_3.jpg\"\/>\n\t\n\t\t\t\t<img loading=\"lazy\" decoding=\"async\" src=\"https:\/\/legacy.colt.net\/wp-content\/uploads\/2021\/04\/25-Years-DE-Image-02.png\" alt=\"25-Years-DE-Image-02\" itemprop=\"image\" height=\"895\" width=\"891\" title=\"25-Years-DE-Image-02\" onerror=\"this.style.display='none'\"  \/>\n\t<p>Deutschland ist einer unserer wichtigsten M\u00e4rkte weltweit und eine wahre Erfolgsgeschichte. Im M\u00e4rz 1996 wurde unser erstes City-Netz in Frankfurt aktiviert. Bis zum Jahr 2000 kamen dann weitere Metropolitan Area Networks (MAN) in Berlin, Hamburg, M\u00fcnchen, D\u00fcsseldorf, K\u00f6ln, Stuttgart und Hannover hinzu. Inzwischen haben wir \u00fcber 7.000 Kilometer Trasse in ganz Deutschland verlegt und verbinden mehr als 6.550 Geb\u00e4ude und 180 Rechenzentren. 28 der 30 DAX-Unternehmen z\u00e4hlen zu unseren Kunden.<\/p>\n<p>Weltweit verbindet unser Glasfasernetz &#8211; das Colt IQ Network &#8211; mittlerweile weltweit 900 Rechenzentren und \u00fcber 29.000 Geb\u00e4ude in 32 L\u00e4ndern.<\/p>\n<p>Durch die kontinuierliche Weiterentwicklung unserer Technologien erm\u00f6glichen wir Unternehmen die Entwicklung innovativer Gesch\u00e4ftsmodelle. Somit schaffen wir branchen\u00fcbergreifend die Grundlage f\u00fcr einen erfolgreichen Digitalstandort Deutschland &#8211; und wollen auch in Zukunft wegweisende Trends setzen.<\/p>\n<p>Mehr dazu erfahren Sie in\u00a0<a href=\"https:\/\/legacy.colt.net\/de\/resources\/colt-feiert-25-jaehriges-netzwerk-jubilaeum-in-deutschland\/\" target=\"_blank\" rel=\"noopener noreferrer\" data-auth=\"NotApplicable\" data-linkindex=\"1\">unserer Pressemitteilung<\/a>.<\/p>\n<h3>\n\t\tWeitere Infos rund um das Colt Jubil\u00e4um\n\t<\/h3>\n<h5>\n\t<\/h5>\n\t<a href=\"https:\/\/legacy.colt.net\/de\/25-jahre-colt-in-deutschland\/anekdoten-von-colt-mitarbeitern\/\" target=\"_self\" rel=\"noopener\"><\/a> \n\t\t\t\t<img decoding=\"async\" src=\"https:\/\/legacy.colt.net\/wp-content\/uploads\/2021\/01\/Brand-2021-Stock-12-720x450.jpg\" alt=\"Young Man looking at digital tablet\" title=\"Young Man looking at digital tablet\" itemprop=\"image\"\/>\n\t\t\t\t\n<h5>\n\t<\/h5>\n\t<a href=\"https:\/\/legacy.colt.net\/wp-content\/uploads\/2021\/04\/Colt_Glasfaserkabel-2021_Infografik_Web_Final.jpg\" target=\"_blank\" rel=\"noopener\"><\/a> \n\t\t\t\t<img decoding=\"async\" src=\"https:\/\/legacy.colt.net\/wp-content\/uploads\/2021\/04\/Colt_Glasfaserkabel-2021_Infografik_Web_Final.jpg\" alt=\"Colt_Glasfaserkabel-2021_Infografik_Web_Final\" title=\"Colt_Glasfaserkabel-2021_Infografik_Web_Final\" itemprop=\"image\"\/>\n\t\t\t\t\n\t<a href=\"https:\/\/legacy.colt.net\/product\/dedicated-cloud-access\/\" target=\"_self\" rel=\"noopener\"><\/a> \n\t\t\t\t<img decoding=\"async\" src=\"https:\/\/legacy.colt.net\/wp-content\/uploads\/2019\/02\/Dedicated-Cloud-Access-On-Demand-1-300x182.jpg\" alt=\"Dedicated-Cloud-Access-On-Demand-1-300x182\" title=\"Dedicated-Cloud-Access-On-Demand-1-300x182\" itemprop=\"image\"\/>\n\t\t<h3>Dedicated Cloud Access<\/h3>\t\t\t\n\t\t\t\t<p>Colt&#8217;s Dedicated Cloud Access (DCA) service gives businesses a superior cloud networking experience when compared to relying on public internet.<\/p>\n<h5>\n\t<\/h5>\n\t<a href=\"https:\/\/legacy.colt.net\/wp-content\/uploads\/2021\/04\/f2103116.034_Glasfaser.pdf\" target=\"_blank\" rel=\"noopener\"><\/a> \n\t\t\t\t<img decoding=\"async\" src=\"https:\/\/legacy.colt.net\/wp-content\/uploads\/2019\/02\/Connectivity-720x450.jpg\" alt=\"Abstract 3D network in future\" title=\"Abstract 3D network in future\" itemprop=\"image\"\/>\n\t\t\t\t\n\n","protected":false},"excerpt":{"rendered":"<p>Colt in Deutschland Colt feiert 25-j\u00e4hriges Netzwerk-Jubil\u00e4um in Deutschland Von 2 Mbit\/s auf 400 Gbit\/s &#8211; Ein Vierteljahrhundert erfolgreiche Telekommunikationsgeschichte Colt betreibt seit 25 Jahren ein eigenes Glasfasernetz in Deutschland Die Entwicklung innovativer Netzwerktechnologien hat uns als Vorreiter gepr\u00e4gt Die Zukunft liegt in intelligenten, software-definierten Netzwerkl\u00f6sungen in Echtzeit Deutschland ist einer unserer wichtigsten M\u00e4rkte weltweit&#8230;<\/p>\n","protected":false},"author":2,"featured_media":0,"parent":0,"menu_order":0,"comment_status":"closed","ping_status":"closed","template":"","meta":{"_acf_changed":false,"footnotes":""},"colt_type":[],"colt_products":[],"class_list":["post-94503","page","type-page","status-publish","hentry"],"acf":[],"yoast_head":"<!-- This site is optimized with the Yoast SEO plugin v26.8 - https:\/\/yoast.com\/product\/yoast-seo-wordpress\/ -->\n<title>25 Jahre Colt in Deutschland - Colt Technology Services<\/title>\n<meta name=\"description\" content=\"25 Jahre Colt in Deutschland Colt Technology Services\" \/>\n<meta name=\"robots\" content=\"noindex, follow, max-snippet:-1, max-image-preview:large, max-video-preview:-1\" \/>\n<meta property=\"og:locale\" content=\"de_DE\" \/>\n<meta property=\"og:type\" content=\"article\" \/>\n<meta property=\"og:title\" content=\"25 Jahre Colt in Deutschland - Colt Technology Services\" \/>\n<meta property=\"og:description\" content=\"25 Jahre Colt in Deutschland Colt Technology Services\" \/>\n<meta property=\"og:url\" content=\"https:\/\/legacy.colt.net\/de\/25-jahre-colt-in-deutschland\/\" \/>\n<meta property=\"og:site_name\" content=\"Colt Technology Services\" \/>\n<meta property=\"article:publisher\" content=\"https:\/\/www.facebook.com\/ColtTechnologyServices\/\" \/>\n<meta property=\"article:modified_time\" content=\"2022-01-24T12:11:06+00:00\" \/>\n<meta property=\"og:image\" content=\"https:\/\/legacy.colt.net\/wp-content\/uploads\/2021\/01\/Brand-2021-Stock-10-1.jpg\" \/>\n\t<meta property=\"og:image:width\" content=\"1000\" \/>\n\t<meta property=\"og:image:height\" content=\"668\" \/>\n\t<meta property=\"og:image:type\" content=\"image\/jpeg\" \/>\n<meta name=\"twitter:card\" content=\"summary_large_image\" \/>\n<meta name=\"twitter:site\" content=\"@colt_technology\" \/>\n<meta name=\"twitter:label1\" content=\"Est. reading time\" \/>\n\t<meta name=\"twitter:data1\" content=\"1 minute\" \/>\n<script type=\"application\/ld+json\" class=\"yoast-schema-graph\">{\"@context\":\"https:\/\/schema.org\",\"@graph\":[{\"@type\":\"WebPage\",\"@id\":\"https:\/\/legacy.colt.net\/de\/25-jahre-colt-in-deutschland\/\",\"url\":\"https:\/\/legacy.colt.net\/de\/25-jahre-colt-in-deutschland\/\",\"name\":\"25 Jahre Colt in Deutschland - Colt Technology Services\",\"isPartOf\":{\"@id\":\"https:\/\/legacy.colt.net\/#website\"},\"primaryImageOfPage\":{\"@id\":\"https:\/\/legacy.colt.net\/de\/25-jahre-colt-in-deutschland\/#primaryimage\"},\"image\":{\"@id\":\"https:\/\/legacy.colt.net\/de\/25-jahre-colt-in-deutschland\/#primaryimage\"},\"thumbnailUrl\":\"https:\/\/legacy.colt.net\/wp-content\/uploads\/2021\/04\/25-Years-DE-02.png\",\"datePublished\":\"2021-04-09T16:08:27+00:00\",\"dateModified\":\"2022-01-24T12:11:06+00:00\",\"description\":\"25 Jahre Colt in Deutschland Colt Technology Services\",\"breadcrumb\":{\"@id\":\"https:\/\/legacy.colt.net\/de\/25-jahre-colt-in-deutschland\/#breadcrumb\"},\"inLanguage\":\"de-DE\",\"potentialAction\":[{\"@type\":\"ReadAction\",\"target\":[\"https:\/\/legacy.colt.net\/de\/25-jahre-colt-in-deutschland\/\"]}]},{\"@type\":\"ImageObject\",\"inLanguage\":\"de-DE\",\"@id\":\"https:\/\/legacy.colt.net\/de\/25-jahre-colt-in-deutschland\/#primaryimage\",\"url\":\"https:\/\/legacy.colt.net\/wp-content\/uploads\/2021\/04\/25-Years-DE-02.png\",\"contentUrl\":\"https:\/\/legacy.colt.net\/wp-content\/uploads\/2021\/04\/25-Years-DE-02.png\"},{\"@type\":\"BreadcrumbList\",\"@id\":\"https:\/\/legacy.colt.net\/de\/25-jahre-colt-in-deutschland\/#breadcrumb\",\"itemListElement\":[{\"@type\":\"ListItem\",\"position\":1,\"name\":\"Home\",\"item\":\"https:\/\/legacy.colt.net\/de\/\"},{\"@type\":\"ListItem\",\"position\":2,\"name\":\"25 Jahre Colt in Deutschland\"}]},{\"@type\":\"WebSite\",\"@id\":\"https:\/\/legacy.colt.net\/#website\",\"url\":\"https:\/\/legacy.colt.net\/\",\"name\":\"Colt\u30c6\u30af\u30ce\u30ed\u30b8\u30fc\u30b5\u30fc\u30d3\u30b9\u682a\u5f0f\u4f1a\u793e\",\"description\":\"Managed Network &amp; Voice Services Provider\",\"publisher\":{\"@id\":\"https:\/\/legacy.colt.net\/#organization\"},\"potentialAction\":[{\"@type\":\"SearchAction\",\"target\":{\"@type\":\"EntryPoint\",\"urlTemplate\":\"https:\/\/legacy.colt.net\/?s={search_term_string}\"},\"query-input\":{\"@type\":\"PropertyValueSpecification\",\"valueRequired\":true,\"valueName\":\"search_term_string\"}}],\"inLanguage\":\"de-DE\"},{\"@type\":\"Organization\",\"@id\":\"https:\/\/legacy.colt.net\/#organization\",\"name\":\"Colt Technology Services\",\"url\":\"https:\/\/legacy.colt.net\/\",\"logo\":{\"@type\":\"ImageObject\",\"inLanguage\":\"de-DE\",\"@id\":\"https:\/\/legacy.colt.net\/#\/schema\/logo\/image\/\",\"url\":\"https:\/\/legacy.colt.net\/wp-content\/uploads\/2019\/02\/Colt-Logo.png\",\"contentUrl\":\"https:\/\/legacy.colt.net\/wp-content\/uploads\/2019\/02\/Colt-Logo.png\",\"width\":195,\"height\":77,\"caption\":\"Colt Technology Services\"},\"image\":{\"@id\":\"https:\/\/legacy.colt.net\/#\/schema\/logo\/image\/\"},\"sameAs\":[\"https:\/\/www.facebook.com\/ColtTechnologyServices\/\",\"https:\/\/x.com\/colt_technology\",\"https:\/\/www.instagram.com\/colttechnologyservices\/\",\"https:\/\/www.linkedin.com\/company\/colt-technology-services\",\"https:\/\/www.youtube.com\/user\/ColtTechnology\"]}]}<\/script>\n<!-- \/ Yoast SEO plugin. -->","yoast_head_json":{"title":"25 Jahre Colt in Deutschland - Colt Technology Services","description":"25 Jahre Colt in Deutschland Colt Technology Services","robots":{"index":"noindex","follow":"follow","max-snippet":"max-snippet:-1","max-image-preview":"max-image-preview:large","max-video-preview":"max-video-preview:-1"},"og_locale":"de_DE","og_type":"article","og_title":"25 Jahre Colt in Deutschland - Colt Technology Services","og_description":"25 Jahre Colt in Deutschland Colt Technology Services","og_url":"https:\/\/legacy.colt.net\/de\/25-jahre-colt-in-deutschland\/","og_site_name":"Colt Technology Services","article_publisher":"https:\/\/www.facebook.com\/ColtTechnologyServices\/","article_modified_time":"2022-01-24T12:11:06+00:00","og_image":[{"width":1000,"height":668,"url":"https:\/\/legacy.colt.net\/wp-content\/uploads\/2021\/01\/Brand-2021-Stock-10-1.jpg","type":"image\/jpeg"}],"twitter_card":"summary_large_image","twitter_site":"@colt_technology","twitter_misc":{"Est. reading time":"1 minute"},"schema":{"@context":"https:\/\/schema.org","@graph":[{"@type":"WebPage","@id":"https:\/\/legacy.colt.net\/de\/25-jahre-colt-in-deutschland\/","url":"https:\/\/legacy.colt.net\/de\/25-jahre-colt-in-deutschland\/","name":"25 Jahre Colt in Deutschland - Colt Technology Services","isPartOf":{"@id":"https:\/\/legacy.colt.net\/#website"},"primaryImageOfPage":{"@id":"https:\/\/legacy.colt.net\/de\/25-jahre-colt-in-deutschland\/#primaryimage"},"image":{"@id":"https:\/\/legacy.colt.net\/de\/25-jahre-colt-in-deutschland\/#primaryimage"},"thumbnailUrl":"https:\/\/legacy.colt.net\/wp-content\/uploads\/2021\/04\/25-Years-DE-02.png","datePublished":"2021-04-09T16:08:27+00:00","dateModified":"2022-01-24T12:11:06+00:00","description":"25 Jahre Colt in Deutschland Colt Technology Services","breadcrumb":{"@id":"https:\/\/legacy.colt.net\/de\/25-jahre-colt-in-deutschland\/#breadcrumb"},"inLanguage":"de-DE","potentialAction":[{"@type":"ReadAction","target":["https:\/\/legacy.colt.net\/de\/25-jahre-colt-in-deutschland\/"]}]},{"@type":"ImageObject","inLanguage":"de-DE","@id":"https:\/\/legacy.colt.net\/de\/25-jahre-colt-in-deutschland\/#primaryimage","url":"https:\/\/legacy.colt.net\/wp-content\/uploads\/2021\/04\/25-Years-DE-02.png","contentUrl":"https:\/\/legacy.colt.net\/wp-content\/uploads\/2021\/04\/25-Years-DE-02.png"},{"@type":"BreadcrumbList","@id":"https:\/\/legacy.colt.net\/de\/25-jahre-colt-in-deutschland\/#breadcrumb","itemListElement":[{"@type":"ListItem","position":1,"name":"Home","item":"https:\/\/legacy.colt.net\/de\/"},{"@type":"ListItem","position":2,"name":"25 Jahre Colt in Deutschland"}]},{"@type":"WebSite","@id":"https:\/\/legacy.colt.net\/#website","url":"https:\/\/legacy.colt.net\/","name":"Colt\u30c6\u30af\u30ce\u30ed\u30b8\u30fc\u30b5\u30fc\u30d3\u30b9\u682a\u5f0f\u4f1a\u793e","description":"Managed Network &amp; Voice Services Provider","publisher":{"@id":"https:\/\/legacy.colt.net\/#organization"},"potentialAction":[{"@type":"SearchAction","target":{"@type":"EntryPoint","urlTemplate":"https:\/\/legacy.colt.net\/?s={search_term_string}"},"query-input":{"@type":"PropertyValueSpecification","valueRequired":true,"valueName":"search_term_string"}}],"inLanguage":"de-DE"},{"@type":"Organization","@id":"https:\/\/legacy.colt.net\/#organization","name":"Colt Technology Services","url":"https:\/\/legacy.colt.net\/","logo":{"@type":"ImageObject","inLanguage":"de-DE","@id":"https:\/\/legacy.colt.net\/#\/schema\/logo\/image\/","url":"https:\/\/legacy.colt.net\/wp-content\/uploads\/2019\/02\/Colt-Logo.png","contentUrl":"https:\/\/legacy.colt.net\/wp-content\/uploads\/2019\/02\/Colt-Logo.png","width":195,"height":77,"caption":"Colt Technology Services"},"image":{"@id":"https:\/\/legacy.colt.net\/#\/schema\/logo\/image\/"},"sameAs":["https:\/\/www.facebook.com\/ColtTechnologyServices\/","https:\/\/x.com\/colt_technology","https:\/\/www.instagram.com\/colttechnologyservices\/","https:\/\/www.linkedin.com\/company\/colt-technology-services","https:\/\/www.youtube.com\/user\/ColtTechnology"]}]}},"_links":{"self":[{"href":"https:\/\/legacy.colt.net\/de\/wp-json\/wp\/v2\/pages\/94503","targetHints":{"allow":["GET"]}}],"collection":[{"href":"https:\/\/legacy.colt.net\/de\/wp-json\/wp\/v2\/pages"}],"about":[{"href":"https:\/\/legacy.colt.net\/de\/wp-json\/wp\/v2\/types\/page"}],"author":[{"embeddable":true,"href":"https:\/\/legacy.colt.net\/de\/wp-json\/wp\/v2\/users\/2"}],"replies":[{"embeddable":true,"href":"https:\/\/legacy.colt.net\/de\/wp-json\/wp\/v2\/comments?post=94503"}],"version-history":[{"count":0,"href":"https:\/\/legacy.colt.net\/de\/wp-json\/wp\/v2\/pages\/94503\/revisions"}],"wp:attachment":[{"href":"https:\/\/legacy.colt.net\/de\/wp-json\/wp\/v2\/media?parent=94503"}],"wp:term":[{"taxonomy":"colt_type","embeddable":true,"href":"https:\/\/legacy.colt.net\/de\/wp-json\/wp\/v2\/colt_type?post=94503"},{"taxonomy":"colt_products","embeddable":true,"href":"https:\/\/legacy.colt.net\/de\/wp-json\/wp\/v2\/colt_products?post=94503"}],"curies":[{"name":"wp","href":"https:\/\/api.w.org\/{rel}","templated":true}]}}