{"id":92647,"date":"2021-03-11T14:56:30","date_gmt":"2021-03-11T14:56:30","guid":{"rendered":"https:\/\/www.colt.net\/?page_id=92647"},"modified":"2022-11-02T13:34:39","modified_gmt":"2022-11-02T13:34:39","slug":"others","status":"publish","type":"page","link":"https:\/\/legacy.colt.net\/de\/contact-us\/others\/","title":{"rendered":"Andere Kontakte"},"content":{"rendered":"\n\n\t<nav class=\"breadcrumb\"><span><span><a href=\"https:\/\/legacy.colt.net\/de\/\">Home<\/a><\/span><\/span><\/nav>\n\t\t\t<a href=\"https:\/\/legacy.colt.net\/de\/contact-us\/\" target=\"_self\" role=\"button\" rel=\"noopener\">\n\t\t\t\t\t\t\tVertrieb\n\t\t\t\t\t<\/a>\n\t\t\t<a href=\"https:\/\/legacy.colt.net\/de\/support\/\" target=\"_self\" role=\"button\" rel=\"noopener\">\n\t\t\t\t\t\t\tSupport\n\t\t\t\t\t<\/a>\n\t\t\t<a href=\"https:\/\/legacy.colt.net\/contact-us\/offices\/\" target=\"_self\" role=\"button\" rel=\"noopener\">\n\t\t\t\t\t\t\tLokale B\u00fcros\n\t\t\t\t\t<\/a>\n\t\t\t<a href=\"#\" target=\"_self\" role=\"button\" rel=\"noopener\">\n\t\t\t\t\t\t\tAndere\n\t\t\t\t\t<\/a>\n<h2>\n\t\tAndere Kontakte\n\t<\/h2>\n\t\t\t\t\t\t<h4 tabindex=\"0\">Careers at Colt<\/h4>\n\t\t\t<p>Informieren Sie sich auf unserer Website f\u00fcr benutzerdefinierte Karrieren \u00fcber Karrieren in den Bereichen Vertrieb, Abschlussprogramme und Lehrstellen.<\/p>\n<p><a href=\"https:\/\/careers.colt.net\/\">Visit our careers portal<\/a><\/p>\n\t\t\t\t\t\t<h4 tabindex=\"0\">Colt Capital Markets<\/h4>\n\t\t\t<p><strong>Global\/ EMEA<\/strong> &#8211; Matthew Reinholds <a href=\"tel: +442078635409\">+442078635409<\/a><\/p>\n<p><strong>US<\/strong>\u00a0&#8211; John Sullivan:\u00a0<a href=\"tel: +1 2017880966\">+1 2017880966<\/a><\/p>\n<p><strong>Asia<\/strong>\u00a0&#8211; James Hardcastle:\u00a0<a href=\"tel: +852-6131-3723\">+852-6131-3723<\/a><\/p>\n<p><strong>Email:<\/strong>\u00a0<a href=\"mailto:CapitalMarkets@colt.net\">CapitalMarkets@colt.net<\/a><\/p>\n\t\t\t\t\t\t<h4 tabindex=\"0\">Colt Online<\/h4>\n\t\t\t<p>Colt Online unterst\u00fctzt Sie beim Managen Ihrer Colt Services, Auftr\u00e4ge, Rechnungen und St\u00f6rungen &#8211; alles mit einem Tool und ohne Stress.<\/p>\n<p><a href=\"https:\/\/prodidm.colt.net\/nidp\/idff\/sso?id=156&amp;sid=1&amp;option=credential&amp;sid=1&amp;target=https:\/\/online.colt.net\/\">Visit Colt Online<\/a><\/p>\n\t\t\t\t\t\t<h4 tabindex=\"0\">Pressekontakte<\/h4>\n\t\t\t<p><strong>Anne Amlot<br \/><\/strong>+447899 950730<br \/><a href=\"mailto:Anne.amlot@colt.net\" target=\"_blank\" rel=\"noopener noreferrer\" data-auth=\"NotApplicable\" data-safelink=\"true\" data-linkindex=\"1\">Anne.amlot@colt.net<\/a><\/p>\n\t\t\t\t\t\t<h4 tabindex=\"0\">Datenschutz-Grundverordnung (DSGVO)<\/h4>\n\t\t\t<p>Wir nehmen Ihren Datenschutz ernst und sammeln nur Informationen, die Sie uns zugestimmt haben und die f\u00fcr Ihre Kommunikation mit uns relevant sind. In diesem Abschnitt erfahren Sie mehr dar\u00fcber, wie wir Ihre Daten erfassen, was wir mit Cookies tun und wie Sie Ihre Einstellungen \u00e4ndern k\u00f6nnen.<br \/><a href=\"https:\/\/legacy.colt.net\/de\/legal\/data-privacy\/\">Find out more&#8230;<\/a><\/p>\n\t\t\t\t\t\t<h4 tabindex=\"0\">Anfragen und Beschwerden<\/h4>\n\t\t\t<p>Im Fall von Beschwerden betreffend beliebige Aspekte unserer Dienstleistungen k\u00f6nnen Sie Colt wie folgt kontaktieren:<\/p>\n<p>Bitte teilen Sie uns folgende Angaben mit:<\/p>\n<ul>\n<li>Die wesentlichen Einzelheiten Ihrer Beschwerde<\/li>\n<li>Ihre Colt Kunden- oder Circuit-Nummer (nur f\u00fcr bestehende Colt-Kunden); und<\/li>\n<li>Ihren Namen und Ihre Telefonnummer<\/li>\n<\/ul>\n<p><a href=\"https:\/\/legacy.colt.net\/de\/complaints\/\">Wie Sie uns erreichen<\/a><\/p>\n\t\t\t\t\t\t<h4 tabindex=\"0\">Sprachbeschwerden\/Fraud Beschwerden<\/h4>\n\t\t\t<p>Wenn Sie unerw\u00fcnschte Anrufe erhalten haben oder Ihre Nummer unberechtigte benutz , ZB, Spoofing *, gesperrt oder als potenzieller Spam gekennzeichnet wurde, kontaktieren Sie uns bitte unter der email Adresse <a href=\"mailto:Consumer@colt.net\">Consumer@colt.net<\/a>.\u00a0 (*Spoofing kann man auch so ausdr\u00fccken, das ist ein T\u00e4uschungsversuche, bei denen eine andere Identit\u00e4t vorget\u00e4uscht wird. Vergessen Sie nichts f\u00fcr eine schnelle und effiziente Zusammenarbeit , uns Ihre vollst\u00e4ndigen Kontaktinformationen und eine detaillierte Beschreibung des aufgetretenen Problems mitzuteilen.<\/p>\n\n","protected":false},"excerpt":{"rendered":"<p>Vertrieb Support Lokale B\u00fcros Andere Andere Kontakte Careers at Colt Informieren Sie sich auf unserer Website f\u00fcr benutzerdefinierte Karrieren \u00fcber Karrieren in den Bereichen Vertrieb, Abschlussprogramme und Lehrstellen. Visit our careers portal Colt Capital Markets Global\/ EMEA &#8211; Matthew Reinholds +442078635409 US\u00a0&#8211; John Sullivan:\u00a0+1 2017880966 Asia\u00a0&#8211; James Hardcastle:\u00a0+852-6131-3723 Email:\u00a0CapitalMarkets@colt.net Colt Online Colt Online unterst\u00fctzt Sie&#8230;<\/p>\n","protected":false},"author":2,"featured_media":0,"parent":35309,"menu_order":0,"comment_status":"closed","ping_status":"closed","template":"","meta":{"_acf_changed":false,"footnotes":""},"colt_type":[],"colt_products":[],"class_list":["post-92647","page","type-page","status-publish","hentry"],"acf":[],"yoast_head":"<!-- This site is optimized with the Yoast SEO plugin v26.8 - https:\/\/yoast.com\/product\/yoast-seo-wordpress\/ -->\n<title>Andere Kontakte - Colt Technology Services<\/title>\n<meta name=\"description\" content=\"Andere Kontakte Colt Technology Services\" \/>\n<meta name=\"robots\" content=\"noindex, follow, max-snippet:-1, max-image-preview:large, max-video-preview:-1\" \/>\n<meta property=\"og:locale\" content=\"de_DE\" \/>\n<meta property=\"og:type\" content=\"article\" \/>\n<meta property=\"og:title\" content=\"Andere Kontakte - Colt Technology Services\" \/>\n<meta property=\"og:description\" content=\"Andere Kontakte Colt Technology Services\" \/>\n<meta property=\"og:url\" content=\"https:\/\/legacy.colt.net\/de\/contact-us\/others\/\" \/>\n<meta property=\"og:site_name\" content=\"Colt Technology Services\" \/>\n<meta property=\"article:publisher\" content=\"https:\/\/www.facebook.com\/ColtTechnologyServices\/\" \/>\n<meta property=\"article:modified_time\" content=\"2022-11-02T13:34:39+00:00\" \/>\n<meta property=\"og:image\" content=\"https:\/\/legacy.colt.net\/wp-content\/uploads\/2021\/01\/Brand-2021-Stock-7.jpg\" \/>\n\t<meta property=\"og:image:width\" content=\"1000\" \/>\n\t<meta property=\"og:image:height\" content=\"667\" \/>\n\t<meta property=\"og:image:type\" content=\"image\/jpeg\" \/>\n<meta name=\"twitter:card\" content=\"summary_large_image\" \/>\n<meta name=\"twitter:site\" content=\"@colt_technology\" \/>\n<meta name=\"twitter:label1\" content=\"Est. reading time\" \/>\n\t<meta name=\"twitter:data1\" content=\"1 minute\" \/>\n<script type=\"application\/ld+json\" class=\"yoast-schema-graph\">{\"@context\":\"https:\/\/schema.org\",\"@graph\":[{\"@type\":\"WebPage\",\"@id\":\"https:\/\/legacy.colt.net\/de\/contact-us\/others\/\",\"url\":\"https:\/\/legacy.colt.net\/de\/contact-us\/others\/\",\"name\":\"Andere Kontakte - Colt Technology Services\",\"isPartOf\":{\"@id\":\"https:\/\/legacy.colt.net\/#website\"},\"datePublished\":\"2021-03-11T14:56:30+00:00\",\"dateModified\":\"2022-11-02T13:34:39+00:00\",\"description\":\"Andere Kontakte Colt Technology Services\",\"breadcrumb\":{\"@id\":\"https:\/\/legacy.colt.net\/de\/contact-us\/others\/#breadcrumb\"},\"inLanguage\":\"de-DE\",\"potentialAction\":[{\"@type\":\"ReadAction\",\"target\":[\"https:\/\/legacy.colt.net\/de\/contact-us\/others\/\"]}]},{\"@type\":\"BreadcrumbList\",\"@id\":\"https:\/\/legacy.colt.net\/de\/contact-us\/others\/#breadcrumb\",\"itemListElement\":[{\"@type\":\"ListItem\",\"position\":1,\"name\":\"Home\",\"item\":\"https:\/\/legacy.colt.net\/de\/\"},{\"@type\":\"ListItem\",\"position\":2,\"name\":\"Kontaktieren Sie uns\",\"item\":\"https:\/\/legacy.colt.net\/de\/contact-us\/\"},{\"@type\":\"ListItem\",\"position\":3,\"name\":\"Andere Kontakte\"}]},{\"@type\":\"WebSite\",\"@id\":\"https:\/\/legacy.colt.net\/#website\",\"url\":\"https:\/\/legacy.colt.net\/\",\"name\":\"Colt\u30c6\u30af\u30ce\u30ed\u30b8\u30fc\u30b5\u30fc\u30d3\u30b9\u682a\u5f0f\u4f1a\u793e\",\"description\":\"Managed Network &amp; Voice Services Provider\",\"publisher\":{\"@id\":\"https:\/\/legacy.colt.net\/#organization\"},\"potentialAction\":[{\"@type\":\"SearchAction\",\"target\":{\"@type\":\"EntryPoint\",\"urlTemplate\":\"https:\/\/legacy.colt.net\/?s={search_term_string}\"},\"query-input\":{\"@type\":\"PropertyValueSpecification\",\"valueRequired\":true,\"valueName\":\"search_term_string\"}}],\"inLanguage\":\"de-DE\"},{\"@type\":\"Organization\",\"@id\":\"https:\/\/legacy.colt.net\/#organization\",\"name\":\"Colt Technology Services\",\"url\":\"https:\/\/legacy.colt.net\/\",\"logo\":{\"@type\":\"ImageObject\",\"inLanguage\":\"de-DE\",\"@id\":\"https:\/\/legacy.colt.net\/#\/schema\/logo\/image\/\",\"url\":\"https:\/\/legacy.colt.net\/wp-content\/uploads\/2019\/02\/Colt-Logo.png\",\"contentUrl\":\"https:\/\/legacy.colt.net\/wp-content\/uploads\/2019\/02\/Colt-Logo.png\",\"width\":195,\"height\":77,\"caption\":\"Colt Technology Services\"},\"image\":{\"@id\":\"https:\/\/legacy.colt.net\/#\/schema\/logo\/image\/\"},\"sameAs\":[\"https:\/\/www.facebook.com\/ColtTechnologyServices\/\",\"https:\/\/x.com\/colt_technology\",\"https:\/\/www.instagram.com\/colttechnologyservices\/\",\"https:\/\/www.linkedin.com\/company\/colt-technology-services\",\"https:\/\/www.youtube.com\/user\/ColtTechnology\"]}]}<\/script>\n<!-- \/ Yoast SEO plugin. -->","yoast_head_json":{"title":"Andere Kontakte - Colt Technology Services","description":"Andere Kontakte Colt Technology Services","robots":{"index":"noindex","follow":"follow","max-snippet":"max-snippet:-1","max-image-preview":"max-image-preview:large","max-video-preview":"max-video-preview:-1"},"og_locale":"de_DE","og_type":"article","og_title":"Andere Kontakte - Colt Technology Services","og_description":"Andere Kontakte Colt Technology Services","og_url":"https:\/\/legacy.colt.net\/de\/contact-us\/others\/","og_site_name":"Colt Technology Services","article_publisher":"https:\/\/www.facebook.com\/ColtTechnologyServices\/","article_modified_time":"2022-11-02T13:34:39+00:00","og_image":[{"width":1000,"height":667,"url":"https:\/\/legacy.colt.net\/wp-content\/uploads\/2021\/01\/Brand-2021-Stock-7.jpg","type":"image\/jpeg"}],"twitter_card":"summary_large_image","twitter_site":"@colt_technology","twitter_misc":{"Est. reading time":"1 minute"},"schema":{"@context":"https:\/\/schema.org","@graph":[{"@type":"WebPage","@id":"https:\/\/legacy.colt.net\/de\/contact-us\/others\/","url":"https:\/\/legacy.colt.net\/de\/contact-us\/others\/","name":"Andere Kontakte - Colt Technology Services","isPartOf":{"@id":"https:\/\/legacy.colt.net\/#website"},"datePublished":"2021-03-11T14:56:30+00:00","dateModified":"2022-11-02T13:34:39+00:00","description":"Andere Kontakte Colt Technology Services","breadcrumb":{"@id":"https:\/\/legacy.colt.net\/de\/contact-us\/others\/#breadcrumb"},"inLanguage":"de-DE","potentialAction":[{"@type":"ReadAction","target":["https:\/\/legacy.colt.net\/de\/contact-us\/others\/"]}]},{"@type":"BreadcrumbList","@id":"https:\/\/legacy.colt.net\/de\/contact-us\/others\/#breadcrumb","itemListElement":[{"@type":"ListItem","position":1,"name":"Home","item":"https:\/\/legacy.colt.net\/de\/"},{"@type":"ListItem","position":2,"name":"Kontaktieren Sie uns","item":"https:\/\/legacy.colt.net\/de\/contact-us\/"},{"@type":"ListItem","position":3,"name":"Andere Kontakte"}]},{"@type":"WebSite","@id":"https:\/\/legacy.colt.net\/#website","url":"https:\/\/legacy.colt.net\/","name":"Colt\u30c6\u30af\u30ce\u30ed\u30b8\u30fc\u30b5\u30fc\u30d3\u30b9\u682a\u5f0f\u4f1a\u793e","description":"Managed Network &amp; Voice Services Provider","publisher":{"@id":"https:\/\/legacy.colt.net\/#organization"},"potentialAction":[{"@type":"SearchAction","target":{"@type":"EntryPoint","urlTemplate":"https:\/\/legacy.colt.net\/?s={search_term_string}"},"query-input":{"@type":"PropertyValueSpecification","valueRequired":true,"valueName":"search_term_string"}}],"inLanguage":"de-DE"},{"@type":"Organization","@id":"https:\/\/legacy.colt.net\/#organization","name":"Colt Technology Services","url":"https:\/\/legacy.colt.net\/","logo":{"@type":"ImageObject","inLanguage":"de-DE","@id":"https:\/\/legacy.colt.net\/#\/schema\/logo\/image\/","url":"https:\/\/legacy.colt.net\/wp-content\/uploads\/2019\/02\/Colt-Logo.png","contentUrl":"https:\/\/legacy.colt.net\/wp-content\/uploads\/2019\/02\/Colt-Logo.png","width":195,"height":77,"caption":"Colt Technology Services"},"image":{"@id":"https:\/\/legacy.colt.net\/#\/schema\/logo\/image\/"},"sameAs":["https:\/\/www.facebook.com\/ColtTechnologyServices\/","https:\/\/x.com\/colt_technology","https:\/\/www.instagram.com\/colttechnologyservices\/","https:\/\/www.linkedin.com\/company\/colt-technology-services","https:\/\/www.youtube.com\/user\/ColtTechnology"]}]}},"_links":{"self":[{"href":"https:\/\/legacy.colt.net\/de\/wp-json\/wp\/v2\/pages\/92647","targetHints":{"allow":["GET"]}}],"collection":[{"href":"https:\/\/legacy.colt.net\/de\/wp-json\/wp\/v2\/pages"}],"about":[{"href":"https:\/\/legacy.colt.net\/de\/wp-json\/wp\/v2\/types\/page"}],"author":[{"embeddable":true,"href":"https:\/\/legacy.colt.net\/de\/wp-json\/wp\/v2\/users\/2"}],"replies":[{"embeddable":true,"href":"https:\/\/legacy.colt.net\/de\/wp-json\/wp\/v2\/comments?post=92647"}],"version-history":[{"count":0,"href":"https:\/\/legacy.colt.net\/de\/wp-json\/wp\/v2\/pages\/92647\/revisions"}],"up":[{"embeddable":true,"href":"https:\/\/legacy.colt.net\/de\/wp-json\/wp\/v2\/pages\/35309"}],"wp:attachment":[{"href":"https:\/\/legacy.colt.net\/de\/wp-json\/wp\/v2\/media?parent=92647"}],"wp:term":[{"taxonomy":"colt_type","embeddable":true,"href":"https:\/\/legacy.colt.net\/de\/wp-json\/wp\/v2\/colt_type?post=92647"},{"taxonomy":"colt_products","embeddable":true,"href":"https:\/\/legacy.colt.net\/de\/wp-json\/wp\/v2\/colt_products?post=92647"}],"curies":[{"name":"wp","href":"https:\/\/api.w.org\/{rel}","templated":true}]}}