{"id":90342,"date":"2020-06-16T12:00:14","date_gmt":"2020-06-16T11:00:14","guid":{"rendered":"https:\/\/www.colt.net\/capital-markets\/our-expertise\/"},"modified":"2021-02-11T14:05:13","modified_gmt":"2021-02-11T14:05:13","slug":"our-expertise","status":"publish","type":"page","link":"https:\/\/legacy.colt.net\/de\/solutions\/capital-markets\/our-expertise\/","title":{"rendered":"Unsere Kompetenz"},"content":{"rendered":"\n<h1>\n\t<\/h1>\n<h2>\n\t\tServices f\u00fcr Finanzdienstleister\n\t<\/h2>\n\t<nav class=\"breadcrumb\"><span><span><a href=\"https:\/\/legacy.colt.net\/de\/\">Home<\/a><\/span><\/span><\/nav>\n\t\t\t<a href=\"#hs-chat-open\" target=\"_self\" role=\"button\" rel=\"noopener noreferrer\">\n\t\t\t\t\t\tChat with us\n\t\t\t\t\t<\/a>\n\t\t\t<a href=\"#contact\" target=\"_self\" role=\"button\" rel=\"noopener noreferrer\">\n\t\t\t\t\t\tContact us\n\t\t\t\t\t<\/a>\n\t\t\t<a href=\"https:\/\/legacy.colt.net\/product\/prizmnet-portal\/\" target=\"_blank\" role=\"button\" rel=\"noopener noreferrer\">\n\t\t\t\t\t\tPrizmNet demo\n\t\t\t\t\t<\/a>\n<h3>\n\t\tWenn es bei latenzsensiblen Anwendungen auf jede Millisekunde ankommt, vertrauen globale Banken, Hedgefonds und Handelsunternehmen auf Colt. \n\t<\/h3>\n\t<p>Das IQ Network von Colt f\u00fcr die Finanzm\u00e4rkte bietet schnelle und sichere Konnektivit\u00e4t zwischen den wichtigsten Finanzzentren und B\u00f6rsen weltweit. Unser Netzwerk besteht aus \u00fcber 50 latenzarmen Datenleitungen, einschlie\u00dflich unserer Ultra-Low-Latency-Leitungen, die Europa und Asien verbinden. Wir verbinden mehr als 50 Finanzpl\u00e4tze auf vier Kontinenten und stellen damit sicher, dass wir \u00fcberall dort sind, wo Sie Anschluss brauchen.<\/p>\n<h3>\n\t\tIndividuelle Betreuung\n\t<\/h3>\n\t<p>Unsere Kapitalmarktkunden erwarten perfekte Qualit\u00e4t mit garantiertem Zugang zu den globalen Finanzm\u00e4rkten. Das Colt Capital Markets Service Desk (CMSD) Team bietet technischen Support f\u00fcr Netzwerk-, Rechenzentrums- und L\u00f6sungsprodukte, wobei der Schwerpunkt bei den Netzwerkservices liegt.<\/p>\n<p>Colt besitzt und kontrolliert die zugrundeliegende Infrastruktur &#8211; von der Glasfaser im Boden bis zu den \u00fcberlagernden optischen Technologien und bietet l\u00fcckenlose SLA\u00a0 f\u00fcr Unternehmen.<\/p>\n\t\t\t\t<img loading=\"lazy\" decoding=\"async\" src=\"https:\/\/legacy.colt.net\/wp-content\/uploads\/2021\/01\/Brand-2021-Stock-20.jpg\" alt=\"Programmers working cooperating at IT company developing apps\" itemprop=\"image\" height=\"652\" width=\"1000\" title=\"Programmers cooperating at IT company developing apps\" onerror=\"this.style.display='none'\"  \/>\n\t\t\t\t<img loading=\"lazy\" decoding=\"async\" src=\"https:\/\/legacy.colt.net\/wp-content\/uploads\/2021\/01\/Brand-2021-Stock-3.jpg\" alt=\"Business Meeting in a Conference Room\" itemprop=\"image\" height=\"667\" width=\"1000\" title=\"Business Meeting in a Conference Room\" onerror=\"this.style.display='none'\"  \/>\n<h3>\n\t\tSoftware-Entwicklungsteam\n\t<\/h3>\n\t<p>Das Kapitalmarkt-Softwareentwicklungsteam entwickelt Funktionen und Dienstleistungen rund um das Thema Finanzdaten. Die Leistungen: Erbringung eines MPP-gehosteten, softwarebasierten Service zur Normalisierung von Feeds in das MPP-Format, Normalisierung und Verteilung durch Colo, Multicast-Verteilung, MPP-normalisierte Daten, die \u00fcber eine einzige API-Schnittstelle bezogen werden, lokale Entwicklungsunterst\u00fctzung in Asien, verlustfreie Daten, Normalisierung, \u00dcberwachung der Datenqualit\u00e4t und Angebot eines Managed Service aus einer Hand.<\/p>\n<h3>\n\t\tService-Management\n\t<\/h3>\n\t<p>Sie erhalten einen direkten Ansprechpartner, der den Service- und Vertragslebenszyklus aktiv \u00fcberwacht. So haben Sie mehr Ressourcen f\u00fcr Ihr Kerngesch\u00e4ft.<\/p>\n<p>Wir legen Wert darauf, dass unsere Mitarbeiter sich in die Welt unserer Kunden hineindenken\u00a0 und auf neue Anforderungen &#8211; etwa im Kapitalmarktumfeld &#8211; flexibel reagieren. Damit minimieren wir gesch\u00e4ftliche Risiken, vermeiden Fehlschl\u00e4ge und k\u00f6nnen die Ergebnisse kontrollieren.<\/p>\n\t\t\t\t<img loading=\"lazy\" decoding=\"async\" src=\"https:\/\/legacy.colt.net\/wp-content\/uploads\/2021\/01\/Brand-2021-Stock-2.jpg\" alt=\"Female IT Engineer Working in Server Room\" itemprop=\"image\" height=\"676\" width=\"1000\" title=\"server room\" onerror=\"this.style.display='none'\"  \/>\n\t\t\t\t<img loading=\"lazy\" decoding=\"async\" src=\"https:\/\/legacy.colt.net\/wp-content\/uploads\/2021\/01\/Brand-2021-Stock-41.jpg\" alt=\"Multi-ethnic business people discussing at desk in office\" itemprop=\"image\" height=\"667\" width=\"1000\" title=\"Business people discussing in office\" onerror=\"this.style.display='none'\"  \/>\n<h3>\n\t\tSpezielle L\u00f6sungen\n\t<\/h3>\n\t<p>Das Team arbeitet in so unterschiedlichen Bereichen wie Marktdatenl\u00f6sungen, Fixed Income eTrading, Multi-Asset-Handelssysteme und Handels- und Ausf\u00fchrungs\u00fcberwachung, aber immer im Kontext von modernen Handels\u00f6kosystemen.<\/p>\n<p>Aufgrund der jahrzehntelangen Erfahrung in diesen Bereichen kennen wir die Anforderungen unserer Kunden an Systeme f\u00fcr die Handelsprozesse und k\u00f6nnen L\u00f6sungen nach pr\u00e4zisen Anforderungen konzipieren, sei es an einem Colocation-Standort oder f\u00fcr eine weltweit verteilte Infrastruktur.<\/p>\n<h2>\n\t\tFinden Sie mehr \u00fcber unsere Capital Markets L\u00f6sungen heraus\n\t<\/h2>\n\t<p>[hubspot type=form portal=344164 id=d186936d-b7b7-448e-8ebe-7083f462fe4b]<\/p>\n<h1>\n\t\tIst Ihr Standort angeschlossen?\n\t<\/h1>\n\t\n\t\t\t<a href=\"https:\/\/legacy.colt.net\/de\/colt-network-map\/\" target=\"_self\" role=\"button\" rel=\"noopener noreferrer\">\n\t\t\t\t\t\t\tMeinen Anschluss testen\n\t\t\t\t\t<\/a>\n\n","protected":false},"excerpt":{"rendered":"<p>Services f\u00fcr Finanzdienstleister Chat with us Contact us PrizmNet demo Wenn es bei latenzsensiblen Anwendungen auf jede Millisekunde ankommt, vertrauen globale Banken, Hedgefonds und Handelsunternehmen auf Colt. Das IQ Network von Colt f\u00fcr die Finanzm\u00e4rkte bietet schnelle und sichere Konnektivit\u00e4t zwischen den wichtigsten Finanzzentren und B\u00f6rsen weltweit. Unser Netzwerk besteht aus \u00fcber 50 latenzarmen Datenleitungen,&#8230;<\/p>\n","protected":false},"author":2,"featured_media":0,"parent":58880,"menu_order":0,"comment_status":"closed","ping_status":"closed","template":"","meta":{"_acf_changed":false,"footnotes":""},"colt_type":[],"colt_products":[],"class_list":["post-90342","page","type-page","status-publish","hentry"],"acf":[],"yoast_head":"<!-- This site is optimized with the Yoast SEO plugin v26.8 - https:\/\/yoast.com\/product\/yoast-seo-wordpress\/ -->\n<title>Unsere Kompetenz - Colt Technology Services - DE<\/title>\n<meta name=\"description\" content=\"Wenn es bei latenzsensiblen Anwendungen auf jede Millisekunde ankommt, vertrauen globale Banken, Hedgefonds und Handelsunternehmen auf Colt.\" \/>\n<meta name=\"robots\" content=\"noindex, follow, max-snippet:-1, max-image-preview:large, max-video-preview:-1\" \/>\n<meta property=\"og:locale\" content=\"de_DE\" \/>\n<meta property=\"og:type\" content=\"article\" \/>\n<meta property=\"og:title\" content=\"Unsere Kompetenz - Colt Technology Services - DE\" \/>\n<meta property=\"og:description\" content=\"Wenn es bei latenzsensiblen Anwendungen auf jede Millisekunde ankommt, vertrauen globale Banken, Hedgefonds und Handelsunternehmen auf Colt.\" \/>\n<meta property=\"og:url\" content=\"https:\/\/legacy.colt.net\/de\/solutions\/capital-markets\/our-expertise\/\" \/>\n<meta property=\"og:site_name\" content=\"Colt Technology Services\" \/>\n<meta property=\"article:publisher\" content=\"https:\/\/www.facebook.com\/ColtTechnologyServices\/\" \/>\n<meta property=\"article:modified_time\" content=\"2021-02-11T14:05:13+00:00\" \/>\n<meta property=\"og:image\" content=\"https:\/\/legacy.colt.net\/wp-content\/uploads\/2021\/01\/Brand-2021-Stock-11.jpg\" \/>\n\t<meta property=\"og:image:width\" content=\"1000\" \/>\n\t<meta property=\"og:image:height\" content=\"667\" \/>\n\t<meta property=\"og:image:type\" content=\"image\/jpeg\" \/>\n<meta name=\"twitter:card\" content=\"summary_large_image\" \/>\n<meta name=\"twitter:site\" content=\"@colt_technology\" \/>\n<meta name=\"twitter:label1\" content=\"Est. reading time\" \/>\n\t<meta name=\"twitter:data1\" content=\"2 minutes\" \/>\n<script type=\"application\/ld+json\" class=\"yoast-schema-graph\">{\"@context\":\"https:\/\/schema.org\",\"@graph\":[{\"@type\":\"WebPage\",\"@id\":\"https:\/\/legacy.colt.net\/de\/solutions\/capital-markets\/our-expertise\/\",\"url\":\"https:\/\/legacy.colt.net\/de\/solutions\/capital-markets\/our-expertise\/\",\"name\":\"Unsere Kompetenz - Colt Technology Services - DE\",\"isPartOf\":{\"@id\":\"https:\/\/legacy.colt.net\/#website\"},\"primaryImageOfPage\":{\"@id\":\"https:\/\/legacy.colt.net\/de\/solutions\/capital-markets\/our-expertise\/#primaryimage\"},\"image\":{\"@id\":\"https:\/\/legacy.colt.net\/de\/solutions\/capital-markets\/our-expertise\/#primaryimage\"},\"thumbnailUrl\":\"https:\/\/legacy.colt.net\/wp-content\/uploads\/2021\/01\/Brand-2021-Stock-20.jpg\",\"datePublished\":\"2020-06-16T11:00:14+00:00\",\"dateModified\":\"2021-02-11T14:05:13+00:00\",\"description\":\"Wenn es bei latenzsensiblen Anwendungen auf jede Millisekunde ankommt, vertrauen globale Banken, Hedgefonds und Handelsunternehmen auf Colt.\",\"breadcrumb\":{\"@id\":\"https:\/\/legacy.colt.net\/de\/solutions\/capital-markets\/our-expertise\/#breadcrumb\"},\"inLanguage\":\"de-DE\",\"potentialAction\":[{\"@type\":\"ReadAction\",\"target\":[\"https:\/\/legacy.colt.net\/de\/solutions\/capital-markets\/our-expertise\/\"]}]},{\"@type\":\"ImageObject\",\"inLanguage\":\"de-DE\",\"@id\":\"https:\/\/legacy.colt.net\/de\/solutions\/capital-markets\/our-expertise\/#primaryimage\",\"url\":\"https:\/\/legacy.colt.net\/wp-content\/uploads\/2021\/01\/Brand-2021-Stock-20.jpg\",\"contentUrl\":\"https:\/\/legacy.colt.net\/wp-content\/uploads\/2021\/01\/Brand-2021-Stock-20.jpg\"},{\"@type\":\"BreadcrumbList\",\"@id\":\"https:\/\/legacy.colt.net\/de\/solutions\/capital-markets\/our-expertise\/#breadcrumb\",\"itemListElement\":[{\"@type\":\"ListItem\",\"position\":1,\"name\":\"Home\",\"item\":\"https:\/\/legacy.colt.net\/de\/\"},{\"@type\":\"ListItem\",\"position\":2,\"name\":\"L\u00f6sungen\",\"item\":\"https:\/\/legacy.colt.net\/de\/solutions\/\"},{\"@type\":\"ListItem\",\"position\":3,\"name\":\"Capital Markets\",\"item\":\"https:\/\/legacy.colt.net\/de\/solutions\/capital-markets\/\"},{\"@type\":\"ListItem\",\"position\":4,\"name\":\"Unsere Kompetenz\"}]},{\"@type\":\"WebSite\",\"@id\":\"https:\/\/legacy.colt.net\/#website\",\"url\":\"https:\/\/legacy.colt.net\/\",\"name\":\"Colt\u30c6\u30af\u30ce\u30ed\u30b8\u30fc\u30b5\u30fc\u30d3\u30b9\u682a\u5f0f\u4f1a\u793e\",\"description\":\"Managed Network &amp; Voice Services Provider\",\"publisher\":{\"@id\":\"https:\/\/legacy.colt.net\/#organization\"},\"potentialAction\":[{\"@type\":\"SearchAction\",\"target\":{\"@type\":\"EntryPoint\",\"urlTemplate\":\"https:\/\/legacy.colt.net\/?s={search_term_string}\"},\"query-input\":{\"@type\":\"PropertyValueSpecification\",\"valueRequired\":true,\"valueName\":\"search_term_string\"}}],\"inLanguage\":\"de-DE\"},{\"@type\":\"Organization\",\"@id\":\"https:\/\/legacy.colt.net\/#organization\",\"name\":\"Colt Technology Services\",\"url\":\"https:\/\/legacy.colt.net\/\",\"logo\":{\"@type\":\"ImageObject\",\"inLanguage\":\"de-DE\",\"@id\":\"https:\/\/legacy.colt.net\/#\/schema\/logo\/image\/\",\"url\":\"https:\/\/legacy.colt.net\/wp-content\/uploads\/2019\/02\/Colt-Logo.png\",\"contentUrl\":\"https:\/\/legacy.colt.net\/wp-content\/uploads\/2019\/02\/Colt-Logo.png\",\"width\":195,\"height\":77,\"caption\":\"Colt Technology Services\"},\"image\":{\"@id\":\"https:\/\/legacy.colt.net\/#\/schema\/logo\/image\/\"},\"sameAs\":[\"https:\/\/www.facebook.com\/ColtTechnologyServices\/\",\"https:\/\/x.com\/colt_technology\",\"https:\/\/www.instagram.com\/colttechnologyservices\/\",\"https:\/\/www.linkedin.com\/company\/colt-technology-services\",\"https:\/\/www.youtube.com\/user\/ColtTechnology\"]}]}<\/script>\n<!-- \/ Yoast SEO plugin. -->","yoast_head_json":{"title":"Unsere Kompetenz - Colt Technology Services - DE","description":"Wenn es bei latenzsensiblen Anwendungen auf jede Millisekunde ankommt, vertrauen globale Banken, Hedgefonds und Handelsunternehmen auf Colt.","robots":{"index":"noindex","follow":"follow","max-snippet":"max-snippet:-1","max-image-preview":"max-image-preview:large","max-video-preview":"max-video-preview:-1"},"og_locale":"de_DE","og_type":"article","og_title":"Unsere Kompetenz - Colt Technology Services - DE","og_description":"Wenn es bei latenzsensiblen Anwendungen auf jede Millisekunde ankommt, vertrauen globale Banken, Hedgefonds und Handelsunternehmen auf Colt.","og_url":"https:\/\/legacy.colt.net\/de\/solutions\/capital-markets\/our-expertise\/","og_site_name":"Colt Technology Services","article_publisher":"https:\/\/www.facebook.com\/ColtTechnologyServices\/","article_modified_time":"2021-02-11T14:05:13+00:00","og_image":[{"width":1000,"height":667,"url":"https:\/\/legacy.colt.net\/wp-content\/uploads\/2021\/01\/Brand-2021-Stock-11.jpg","type":"image\/jpeg"}],"twitter_card":"summary_large_image","twitter_site":"@colt_technology","twitter_misc":{"Est. reading time":"2 minutes"},"schema":{"@context":"https:\/\/schema.org","@graph":[{"@type":"WebPage","@id":"https:\/\/legacy.colt.net\/de\/solutions\/capital-markets\/our-expertise\/","url":"https:\/\/legacy.colt.net\/de\/solutions\/capital-markets\/our-expertise\/","name":"Unsere Kompetenz - Colt Technology Services - DE","isPartOf":{"@id":"https:\/\/legacy.colt.net\/#website"},"primaryImageOfPage":{"@id":"https:\/\/legacy.colt.net\/de\/solutions\/capital-markets\/our-expertise\/#primaryimage"},"image":{"@id":"https:\/\/legacy.colt.net\/de\/solutions\/capital-markets\/our-expertise\/#primaryimage"},"thumbnailUrl":"https:\/\/legacy.colt.net\/wp-content\/uploads\/2021\/01\/Brand-2021-Stock-20.jpg","datePublished":"2020-06-16T11:00:14+00:00","dateModified":"2021-02-11T14:05:13+00:00","description":"Wenn es bei latenzsensiblen Anwendungen auf jede Millisekunde ankommt, vertrauen globale Banken, Hedgefonds und Handelsunternehmen auf Colt.","breadcrumb":{"@id":"https:\/\/legacy.colt.net\/de\/solutions\/capital-markets\/our-expertise\/#breadcrumb"},"inLanguage":"de-DE","potentialAction":[{"@type":"ReadAction","target":["https:\/\/legacy.colt.net\/de\/solutions\/capital-markets\/our-expertise\/"]}]},{"@type":"ImageObject","inLanguage":"de-DE","@id":"https:\/\/legacy.colt.net\/de\/solutions\/capital-markets\/our-expertise\/#primaryimage","url":"https:\/\/legacy.colt.net\/wp-content\/uploads\/2021\/01\/Brand-2021-Stock-20.jpg","contentUrl":"https:\/\/legacy.colt.net\/wp-content\/uploads\/2021\/01\/Brand-2021-Stock-20.jpg"},{"@type":"BreadcrumbList","@id":"https:\/\/legacy.colt.net\/de\/solutions\/capital-markets\/our-expertise\/#breadcrumb","itemListElement":[{"@type":"ListItem","position":1,"name":"Home","item":"https:\/\/legacy.colt.net\/de\/"},{"@type":"ListItem","position":2,"name":"L\u00f6sungen","item":"https:\/\/legacy.colt.net\/de\/solutions\/"},{"@type":"ListItem","position":3,"name":"Capital Markets","item":"https:\/\/legacy.colt.net\/de\/solutions\/capital-markets\/"},{"@type":"ListItem","position":4,"name":"Unsere Kompetenz"}]},{"@type":"WebSite","@id":"https:\/\/legacy.colt.net\/#website","url":"https:\/\/legacy.colt.net\/","name":"Colt\u30c6\u30af\u30ce\u30ed\u30b8\u30fc\u30b5\u30fc\u30d3\u30b9\u682a\u5f0f\u4f1a\u793e","description":"Managed Network &amp; Voice Services Provider","publisher":{"@id":"https:\/\/legacy.colt.net\/#organization"},"potentialAction":[{"@type":"SearchAction","target":{"@type":"EntryPoint","urlTemplate":"https:\/\/legacy.colt.net\/?s={search_term_string}"},"query-input":{"@type":"PropertyValueSpecification","valueRequired":true,"valueName":"search_term_string"}}],"inLanguage":"de-DE"},{"@type":"Organization","@id":"https:\/\/legacy.colt.net\/#organization","name":"Colt Technology Services","url":"https:\/\/legacy.colt.net\/","logo":{"@type":"ImageObject","inLanguage":"de-DE","@id":"https:\/\/legacy.colt.net\/#\/schema\/logo\/image\/","url":"https:\/\/legacy.colt.net\/wp-content\/uploads\/2019\/02\/Colt-Logo.png","contentUrl":"https:\/\/legacy.colt.net\/wp-content\/uploads\/2019\/02\/Colt-Logo.png","width":195,"height":77,"caption":"Colt Technology Services"},"image":{"@id":"https:\/\/legacy.colt.net\/#\/schema\/logo\/image\/"},"sameAs":["https:\/\/www.facebook.com\/ColtTechnologyServices\/","https:\/\/x.com\/colt_technology","https:\/\/www.instagram.com\/colttechnologyservices\/","https:\/\/www.linkedin.com\/company\/colt-technology-services","https:\/\/www.youtube.com\/user\/ColtTechnology"]}]}},"_links":{"self":[{"href":"https:\/\/legacy.colt.net\/de\/wp-json\/wp\/v2\/pages\/90342","targetHints":{"allow":["GET"]}}],"collection":[{"href":"https:\/\/legacy.colt.net\/de\/wp-json\/wp\/v2\/pages"}],"about":[{"href":"https:\/\/legacy.colt.net\/de\/wp-json\/wp\/v2\/types\/page"}],"author":[{"embeddable":true,"href":"https:\/\/legacy.colt.net\/de\/wp-json\/wp\/v2\/users\/2"}],"replies":[{"embeddable":true,"href":"https:\/\/legacy.colt.net\/de\/wp-json\/wp\/v2\/comments?post=90342"}],"version-history":[{"count":0,"href":"https:\/\/legacy.colt.net\/de\/wp-json\/wp\/v2\/pages\/90342\/revisions"}],"up":[{"embeddable":true,"href":"https:\/\/legacy.colt.net\/de\/wp-json\/wp\/v2\/pages\/58880"}],"wp:attachment":[{"href":"https:\/\/legacy.colt.net\/de\/wp-json\/wp\/v2\/media?parent=90342"}],"wp:term":[{"taxonomy":"colt_type","embeddable":true,"href":"https:\/\/legacy.colt.net\/de\/wp-json\/wp\/v2\/colt_type?post=90342"},{"taxonomy":"colt_products","embeddable":true,"href":"https:\/\/legacy.colt.net\/de\/wp-json\/wp\/v2\/colt_products?post=90342"}],"curies":[{"name":"wp","href":"https:\/\/api.w.org\/{rel}","templated":true}]}}