{"id":90329,"date":"2021-01-09T09:12:30","date_gmt":"2021-01-09T09:12:30","guid":{"rendered":"https:\/\/www.colt.net\/transform\/"},"modified":"2021-02-18T13:48:48","modified_gmt":"2021-02-18T13:48:48","slug":"transform","status":"publish","type":"page","link":"https:\/\/legacy.colt.net\/de\/solutions\/transform\/","title":{"rendered":"Der digitale Arbeitsplatz"},"content":{"rendered":"\r\n<h1>Connect to the cloud<\/h1>\r\n<h2>Sorgen Sie daf\u00fcr, dass Ihre Mitarbeiter \u00fcberall in Verbindung bleiben<\/h2>\r\n<nav class=\"breadcrumb\"><span><span><a href=\"https:\/\/legacy.colt.net\/de\/\">Home<\/a><\/span><\/span><\/nav>\r\n<h2>Herausforderungen von heute<\/h2>\r\n<p>Die T\u00e4tigkeit in einem B\u00fcro ist heute nicht mehr die Norm. Mobiles Arbeiten ist inzwischen f\u00fcr viele unverzichtbar. Die technischen Voraussetzungen daf\u00fcr m\u00fcssen aber auch geschaffen werden:<\/p>\r\n<p>Die im Unternehmen gewohnte Funktionalit\u00e4t im Homeoffice bereitzustellen, bereitet vielen Unternehmen Probleme, vor allem, wenn es schnell gehen muss.<\/p>\r\n<p>Eine gro\u00dfe Herausforderung bei der Telearbeit ist die Sicherung einer ad\u00e4quaten Verbindungsqualit\u00e4t zwischen Homeoffice und Unternehmensstandort.<\/p>\r\n<p>Viele Unternehmen haben in aller Eile improvisierte L\u00f6sungen eingerichtet, um den Mitarbeitern die Arbeit im Homeoffice zu erm\u00f6glichen. Oft sind diese L\u00f6sungen nicht Halbes und nichts Ganzes und f\u00fchren langfristig zu Schwierigkeiten.<\/p>\r\n<p><img loading=\"lazy\" decoding=\"async\" title=\"Transforming your digital workplace\" src=\"https:\/\/legacy.colt.net\/wp-content\/uploads\/2021\/01\/Transforming-your-digital-workplace.png\" alt=\"Transforming your digital workplace\" width=\"1000\" height=\"1125\" \/><\/p>\r\n<h2>Ihr zuverl\u00e4ssiger Digitalisierungspartner<\/h2>\r\n<p>Colt ist der perfekte Partner f\u00fcr Ihr Unternehmen, wenn es darum geht, digital am Ball zu bleiben und mit Ver\u00e4nderungen Schritt zu halten. Ziel von Colt war es seit jeher, Arbeitsmodelle durch gute Verbindungen zu verbessern. In einer digitalen Gesellschaft ist das besonders wichtig.<\/p>\r\n<p><strong>Alles aus einer Hand<br \/><\/strong>Wenige Anbieter bieten sowohl Telefonie als auch Netzwerk-Services. Bei Colt erhalten Sie beides aus einer Hand. <strong>Unser Netz<br \/><\/strong>Das Colt IQ Network ist ein f\u00fcr 100 Gbit\/s optimiertes intelligentes Netzwerk, \u00fcber das unsere Voice-L\u00f6sungen \u00fcber eine Colt-eigene Infrastruktur in \u00fcber 29 L\u00e4ndern bereitgestellt werden. <strong>Innovation<br \/><\/strong>Wir sind anerkannt f\u00fchrend bei SDN und API L\u00f6sungen. Mit KI und maschinengest\u00fctztem Lernen setzen wir Ma\u00dfst\u00e4be in Sachen Servicequalit\u00e4t und Kundenzufriedenheit.<\/p>\r\n<h2>Die neue digitale Arbeitswelt<\/h2>\r\n<p>Um Ihre digitale Transformation erfolgreich zu realisieren und die neuen Arbeitsm\u00f6glichkeiten zu Ihrem Vorteil zu nutzen, brauchen Sie eine individuelle L\u00f6sung f\u00fcr Ihre konkreten Anforderungen.<\/p>\r\n<p><a href=\"https:\/\/legacy.colt.net\/product\/intelligent-communications\/\" target=\"_self\" rel=\"noopener noreferrer\"> <img loading=\"lazy\" decoding=\"async\" title=\"Intelligent Communications\" src=\"https:\/\/legacy.colt.net\/wp-content\/uploads\/2020\/12\/Intelligent-Communications.png\" alt=\"Intelligent Communications\" width=\"800\" height=\"800\" \/> <\/a><\/p>\r\n<p>Mit Unified-Communication-Apps \u00fcber Microsoft Office 365 k\u00f6nnen Sie die neuesten Anwendungen in der Cloud nutzen und so die Effizienz und Teamarbeit optimieren.<\/p>\r\n<p><a href=\"https:\/\/legacy.colt.net\/product\/intelligent-communications\/\" target=\"_self\" rel=\"noopener noreferrer\"> <img loading=\"lazy\" decoding=\"async\" title=\"Cloud SBC\" src=\"https:\/\/legacy.colt.net\/wp-content\/uploads\/2020\/12\/Cloud-SBC.png\" alt=\"Cloud SBC\" width=\"800\" height=\"800\" \/> <\/a><\/p>\r\n<p>Aktivieren Sie die Sprachfunktionalit\u00e4t bei Microsoft Teams \u00fcber unsere Cloud-Dienste. So erhalten Sie schnell und bequem den vollen Funktionsumfang, ohne dass ein Technikereinsatz vor Ort erforderlich ist.<\/p>\r\n<p><a href=\"https:\/\/legacy.colt.net\/product\/intelligent-communications\/\" target=\"_self\" rel=\"noopener noreferrer\"> <img decoding=\"async\" title=\"Businesspeople Walking Along Illuminated Lightwall Corridor, London, England\" src=\"https:\/\/legacy.colt.net\/wp-content\/uploads\/2020\/12\/SD-WAN.png\" alt=\"Businesspeople walking along the illuminated lightwall corridor, connecting One Pancras Square with King's Cross underground station in London, pedestrian tunnel in Kings Cross station, London, UK, England.\" \/> <\/a><\/p>\r\n<p>Bieten Sie Ihren Mitarbeitern das volle Funktionsspektrum einschlie\u00dflich Sprach- und Videotelefonie. Wenn Sie \u00fcber eine konventionelle Anlage telefonieren, k\u00f6nnen Sie den Sprach-\/Videoanrufverkehr \u00fcber Ihr WAN priorisieren.<\/p>\r\n<p><a href=\"https:\/\/legacy.colt.net\/product\/intelligent-communications\/\" target=\"_self\" rel=\"noopener noreferrer\"> <img loading=\"lazy\" decoding=\"async\" title=\"IP Access with Cloud prioritisation\" src=\"https:\/\/legacy.colt.net\/wp-content\/uploads\/2020\/12\/IP-Access-with-Cloud-prioritisation.png\" alt=\"IP Access with Cloud prioritisation\" width=\"800\" height=\"800\" \/> <\/a><\/p>\r\n<p>Sorgen Sie f\u00fcr maximale Leistung, indem Sie Ihren Microsoft Teams-Datenverkehr priorisieren und so eine hohe Servicequalit\u00e4t f\u00fcr Ihre Mitarbeiter sicherstellen.<\/p>\r\n<p><a role=\"button\" href=\"https:\/\/legacy.colt.net\/de\/product\/colt-intelligent-communications\/\" target=\"_self\" rel=\"noopener noreferrer\"> Mehr Informationen <\/a> <a role=\"button\" href=\"https:\/\/legacy.colt.net\/product\/cloud-sbc\/\" target=\"_blank\" rel=\"noopener noreferrer\"> Mehr Informationen <\/a> <a role=\"button\" href=\"https:\/\/legacy.colt.net\/de\/product\/sd-wan\/\" target=\"_self\" rel=\"noopener noreferrer\"> Mehr Informationen <\/a> <a role=\"button\" href=\"https:\/\/legacy.colt.net\/de\/product\/cloud-prioritisation\/\" target=\"_self\" rel=\"noopener noreferrer\"> Mehr Informationen <\/a><\/p>\r\n<h2>Sprechen Sie mit einem Experten<\/h2>\r\n<p>Mit unserer Technologie transformieren Sie Ihr digitales Umfeld und halten Schritt mit einer sich rasant ver\u00e4ndernden Welt.<\/p>\r\n<p>Unsere Spezialisten helfen Ihnen bei Ihrer digitalen Transformation.<\/p>\r\n<p>Oder wenden Sie sich einfach an unser <a href=\"https:\/\/legacy.colt.net\/de\/contact-us\/\">Contact Centre<\/a>.<\/p>\r\n<p>[hubspot type=form portal=344164 id=d186936d-b7b7-448e-8ebe-7083f462fe4b]<\/p>\r\n<h2>Mehr Informationen?<\/h2>\r\n<p><strong>Download<br \/><\/strong>Leitfaden zum Umstieg von Skype for Business auf Microsoft Teams. <a href=\"https:\/\/legacy.colt.net\/de\/resources\/a-guide-to-migrating-from-skype-for-business-to-microsoft-teams\/\">Jetzt lesen&#8230;<\/a> <strong> Blog<br \/><\/strong>Netzwerke m\u00fcssen heute intelligenter und flexibler denn je sein und neue Anwendungen ohne Abstriche bei Leistung, Sicherheit oder Latenzen unterst\u00fctzen. <a title=\"Weshalb sich SD WAN f\u00fcr eine Multi-Cloud-Infrastruktur lohnt\" href=\"https:\/\/legacy.colt.net\/de\/resources\/weshalb-sich-sd-wan-fuer-eine-multi-cloud-infrastruktur-lohnt\/\">Lesen sie weiter&#8230;<\/a> <strong>Kundenbetreuung<br \/><\/strong>Unser Ziel ist es, das kundenorientierteste Unternehmen unserer Branche zu sein, und mit einem NPS-Spitzenwert im Jahr 2020 sind wir auf dem besten Weg dazu. <a href=\"https:\/\/legacy.colt.net\/de\/why-colt\/customer-service\/\">Jetzt lesen&#8230;<\/a> <strong>Produkte und Services<br \/><\/strong>Unser Serviceportfolio bietet eine zuverl\u00e4ssige, konstante Servicequalit\u00e4t auf der Basis einer einheitlichen Plattform, die es Unternehmen erleichtert, den Herausforderungen der Digitalisierung zu begegnen. <a href=\"https:\/\/legacy.colt.net\/de\/products-services\/\">Jetzt lesen&#8230;<\/a> <strong>Warum Colt?<br \/><\/strong>Colt ist der neue Standard bei Netzwerk- und Voice-Services mit hoher Bandbreite f\u00fcr Unternehmen und Wholesale-Kunden in Europa, Asien und den Wirtschaftszentren Nordamerikas. <a href=\"https:\/\/legacy.colt.net\/de\/why-colt\/\">Mehr dazu&#8230;<\/a> <strong>Colt &#8211; das Unternehmen<br \/><\/strong>Erfahren Sie mehr dar\u00fcber, wer wir sind und was wir tun. <a href=\"https:\/\/legacy.colt.net\/de\/about\/\">Jetzt lesen&#8230;<\/a><\/p>\r\n","protected":false},"excerpt":{"rendered":"<p>Connect to the cloud Sorgen Sie daf\u00fcr, dass Ihre Mitarbeiter \u00fcberall in Verbindung bleiben Herausforderungen von heute Die T\u00e4tigkeit in einem B\u00fcro ist heute nicht mehr die Norm. Mobiles Arbeiten ist inzwischen f\u00fcr viele unverzichtbar. Die technischen Voraussetzungen daf\u00fcr m\u00fcssen aber auch geschaffen werden: Die im Unternehmen gewohnte Funktionalit\u00e4t im Homeoffice bereitzustellen, bereitet vielen Unternehmen&#8230;<\/p>\n","protected":false},"author":2,"featured_media":0,"parent":90891,"menu_order":0,"comment_status":"closed","ping_status":"closed","template":"","meta":{"_acf_changed":false,"footnotes":""},"colt_type":[],"colt_products":[],"class_list":["post-90329","page","type-page","status-publish","hentry"],"acf":[],"yoast_head":"<!-- This site is optimized with the Yoast SEO plugin v26.8 - https:\/\/yoast.com\/product\/yoast-seo-wordpress\/ -->\n<title>Der digitale Arbeitsplatz - Colt Technology Services - DE<\/title>\n<meta name=\"description\" content=\"Mobiles Arbeiten ist inzwischen f\u00fcr viele unverzichtbar. Colt ist der perfekte Partner f\u00fcr Ihr Unternehmen, wenn es darum geht, digital am Ball zu bleiben.\" \/>\n<meta name=\"robots\" content=\"noindex, follow, max-snippet:-1, max-image-preview:large, max-video-preview:-1\" \/>\n<meta property=\"og:locale\" content=\"de_DE\" \/>\n<meta property=\"og:type\" content=\"article\" \/>\n<meta property=\"og:title\" content=\"Der digitale Arbeitsplatz - Colt Technology Services - DE\" \/>\n<meta property=\"og:description\" content=\"Mobiles Arbeiten ist inzwischen f\u00fcr viele unverzichtbar. Colt ist der perfekte Partner f\u00fcr Ihr Unternehmen, wenn es darum geht, digital am Ball zu bleiben.\" \/>\n<meta property=\"og:url\" content=\"https:\/\/legacy.colt.net\/de\/solutions\/transform\/\" \/>\n<meta property=\"og:site_name\" content=\"Colt Technology Services\" \/>\n<meta property=\"article:publisher\" content=\"https:\/\/www.facebook.com\/ColtTechnologyServices\/\" \/>\n<meta property=\"article:modified_time\" content=\"2021-02-18T13:48:48+00:00\" \/>\n<meta property=\"og:image\" content=\"https:\/\/legacy.colt.net\/wp-content\/uploads\/2021\/01\/Brand-2021-Stock-25.jpg\" \/>\n\t<meta property=\"og:image:width\" content=\"1000\" \/>\n\t<meta property=\"og:image:height\" content=\"667\" \/>\n\t<meta property=\"og:image:type\" content=\"image\/jpeg\" \/>\n<meta name=\"twitter:card\" content=\"summary_large_image\" \/>\n<meta name=\"twitter:site\" content=\"@colt_technology\" \/>\n<meta name=\"twitter:label1\" content=\"Est. reading time\" \/>\n\t<meta name=\"twitter:data1\" content=\"3 minutes\" \/>\n<script type=\"application\/ld+json\" class=\"yoast-schema-graph\">{\"@context\":\"https:\/\/schema.org\",\"@graph\":[{\"@type\":\"WebPage\",\"@id\":\"https:\/\/legacy.colt.net\/de\/solutions\/transform\/\",\"url\":\"https:\/\/legacy.colt.net\/de\/solutions\/transform\/\",\"name\":\"Der digitale Arbeitsplatz - Colt Technology Services - DE\",\"isPartOf\":{\"@id\":\"https:\/\/legacy.colt.net\/#website\"},\"primaryImageOfPage\":{\"@id\":\"https:\/\/legacy.colt.net\/de\/solutions\/transform\/#primaryimage\"},\"image\":{\"@id\":\"https:\/\/legacy.colt.net\/de\/solutions\/transform\/#primaryimage\"},\"thumbnailUrl\":\"https:\/\/legacy.colt.net\/wp-content\/uploads\/2021\/01\/Transforming-your-digital-workplace.png\",\"datePublished\":\"2021-01-09T09:12:30+00:00\",\"dateModified\":\"2021-02-18T13:48:48+00:00\",\"description\":\"Mobiles Arbeiten ist inzwischen f\u00fcr viele unverzichtbar. Colt ist der perfekte Partner f\u00fcr Ihr Unternehmen, wenn es darum geht, digital am Ball zu bleiben.\",\"breadcrumb\":{\"@id\":\"https:\/\/legacy.colt.net\/de\/solutions\/transform\/#breadcrumb\"},\"inLanguage\":\"de-DE\",\"potentialAction\":[{\"@type\":\"ReadAction\",\"target\":[\"https:\/\/legacy.colt.net\/de\/solutions\/transform\/\"]}]},{\"@type\":\"ImageObject\",\"inLanguage\":\"de-DE\",\"@id\":\"https:\/\/legacy.colt.net\/de\/solutions\/transform\/#primaryimage\",\"url\":\"https:\/\/legacy.colt.net\/wp-content\/uploads\/2021\/01\/Transforming-your-digital-workplace.png\",\"contentUrl\":\"https:\/\/legacy.colt.net\/wp-content\/uploads\/2021\/01\/Transforming-your-digital-workplace.png\"},{\"@type\":\"BreadcrumbList\",\"@id\":\"https:\/\/legacy.colt.net\/de\/solutions\/transform\/#breadcrumb\",\"itemListElement\":[{\"@type\":\"ListItem\",\"position\":1,\"name\":\"Home\",\"item\":\"https:\/\/legacy.colt.net\/de\/\"},{\"@type\":\"ListItem\",\"position\":2,\"name\":\"L\u00f6sungen\",\"item\":\"https:\/\/legacy.colt.net\/de\/solutions\/\"},{\"@type\":\"ListItem\",\"position\":3,\"name\":\"Der digitale Arbeitsplatz\"}]},{\"@type\":\"WebSite\",\"@id\":\"https:\/\/legacy.colt.net\/#website\",\"url\":\"https:\/\/legacy.colt.net\/\",\"name\":\"Colt\u30c6\u30af\u30ce\u30ed\u30b8\u30fc\u30b5\u30fc\u30d3\u30b9\u682a\u5f0f\u4f1a\u793e\",\"description\":\"Managed Network &amp; Voice Services Provider\",\"publisher\":{\"@id\":\"https:\/\/legacy.colt.net\/#organization\"},\"potentialAction\":[{\"@type\":\"SearchAction\",\"target\":{\"@type\":\"EntryPoint\",\"urlTemplate\":\"https:\/\/legacy.colt.net\/?s={search_term_string}\"},\"query-input\":{\"@type\":\"PropertyValueSpecification\",\"valueRequired\":true,\"valueName\":\"search_term_string\"}}],\"inLanguage\":\"de-DE\"},{\"@type\":\"Organization\",\"@id\":\"https:\/\/legacy.colt.net\/#organization\",\"name\":\"Colt Technology Services\",\"url\":\"https:\/\/legacy.colt.net\/\",\"logo\":{\"@type\":\"ImageObject\",\"inLanguage\":\"de-DE\",\"@id\":\"https:\/\/legacy.colt.net\/#\/schema\/logo\/image\/\",\"url\":\"https:\/\/legacy.colt.net\/wp-content\/uploads\/2019\/02\/Colt-Logo.png\",\"contentUrl\":\"https:\/\/legacy.colt.net\/wp-content\/uploads\/2019\/02\/Colt-Logo.png\",\"width\":195,\"height\":77,\"caption\":\"Colt Technology Services\"},\"image\":{\"@id\":\"https:\/\/legacy.colt.net\/#\/schema\/logo\/image\/\"},\"sameAs\":[\"https:\/\/www.facebook.com\/ColtTechnologyServices\/\",\"https:\/\/x.com\/colt_technology\",\"https:\/\/www.instagram.com\/colttechnologyservices\/\",\"https:\/\/www.linkedin.com\/company\/colt-technology-services\",\"https:\/\/www.youtube.com\/user\/ColtTechnology\"]}]}<\/script>\n<!-- \/ Yoast SEO plugin. -->","yoast_head_json":{"title":"Der digitale Arbeitsplatz - Colt Technology Services - DE","description":"Mobiles Arbeiten ist inzwischen f\u00fcr viele unverzichtbar. Colt ist der perfekte Partner f\u00fcr Ihr Unternehmen, wenn es darum geht, digital am Ball zu bleiben.","robots":{"index":"noindex","follow":"follow","max-snippet":"max-snippet:-1","max-image-preview":"max-image-preview:large","max-video-preview":"max-video-preview:-1"},"og_locale":"de_DE","og_type":"article","og_title":"Der digitale Arbeitsplatz - Colt Technology Services - DE","og_description":"Mobiles Arbeiten ist inzwischen f\u00fcr viele unverzichtbar. Colt ist der perfekte Partner f\u00fcr Ihr Unternehmen, wenn es darum geht, digital am Ball zu bleiben.","og_url":"https:\/\/legacy.colt.net\/de\/solutions\/transform\/","og_site_name":"Colt Technology Services","article_publisher":"https:\/\/www.facebook.com\/ColtTechnologyServices\/","article_modified_time":"2021-02-18T13:48:48+00:00","og_image":[{"width":1000,"height":667,"url":"https:\/\/legacy.colt.net\/wp-content\/uploads\/2021\/01\/Brand-2021-Stock-25.jpg","type":"image\/jpeg"}],"twitter_card":"summary_large_image","twitter_site":"@colt_technology","twitter_misc":{"Est. reading time":"3 minutes"},"schema":{"@context":"https:\/\/schema.org","@graph":[{"@type":"WebPage","@id":"https:\/\/legacy.colt.net\/de\/solutions\/transform\/","url":"https:\/\/legacy.colt.net\/de\/solutions\/transform\/","name":"Der digitale Arbeitsplatz - Colt Technology Services - DE","isPartOf":{"@id":"https:\/\/legacy.colt.net\/#website"},"primaryImageOfPage":{"@id":"https:\/\/legacy.colt.net\/de\/solutions\/transform\/#primaryimage"},"image":{"@id":"https:\/\/legacy.colt.net\/de\/solutions\/transform\/#primaryimage"},"thumbnailUrl":"https:\/\/legacy.colt.net\/wp-content\/uploads\/2021\/01\/Transforming-your-digital-workplace.png","datePublished":"2021-01-09T09:12:30+00:00","dateModified":"2021-02-18T13:48:48+00:00","description":"Mobiles Arbeiten ist inzwischen f\u00fcr viele unverzichtbar. Colt ist der perfekte Partner f\u00fcr Ihr Unternehmen, wenn es darum geht, digital am Ball zu bleiben.","breadcrumb":{"@id":"https:\/\/legacy.colt.net\/de\/solutions\/transform\/#breadcrumb"},"inLanguage":"de-DE","potentialAction":[{"@type":"ReadAction","target":["https:\/\/legacy.colt.net\/de\/solutions\/transform\/"]}]},{"@type":"ImageObject","inLanguage":"de-DE","@id":"https:\/\/legacy.colt.net\/de\/solutions\/transform\/#primaryimage","url":"https:\/\/legacy.colt.net\/wp-content\/uploads\/2021\/01\/Transforming-your-digital-workplace.png","contentUrl":"https:\/\/legacy.colt.net\/wp-content\/uploads\/2021\/01\/Transforming-your-digital-workplace.png"},{"@type":"BreadcrumbList","@id":"https:\/\/legacy.colt.net\/de\/solutions\/transform\/#breadcrumb","itemListElement":[{"@type":"ListItem","position":1,"name":"Home","item":"https:\/\/legacy.colt.net\/de\/"},{"@type":"ListItem","position":2,"name":"L\u00f6sungen","item":"https:\/\/legacy.colt.net\/de\/solutions\/"},{"@type":"ListItem","position":3,"name":"Der digitale Arbeitsplatz"}]},{"@type":"WebSite","@id":"https:\/\/legacy.colt.net\/#website","url":"https:\/\/legacy.colt.net\/","name":"Colt\u30c6\u30af\u30ce\u30ed\u30b8\u30fc\u30b5\u30fc\u30d3\u30b9\u682a\u5f0f\u4f1a\u793e","description":"Managed Network &amp; Voice Services Provider","publisher":{"@id":"https:\/\/legacy.colt.net\/#organization"},"potentialAction":[{"@type":"SearchAction","target":{"@type":"EntryPoint","urlTemplate":"https:\/\/legacy.colt.net\/?s={search_term_string}"},"query-input":{"@type":"PropertyValueSpecification","valueRequired":true,"valueName":"search_term_string"}}],"inLanguage":"de-DE"},{"@type":"Organization","@id":"https:\/\/legacy.colt.net\/#organization","name":"Colt Technology Services","url":"https:\/\/legacy.colt.net\/","logo":{"@type":"ImageObject","inLanguage":"de-DE","@id":"https:\/\/legacy.colt.net\/#\/schema\/logo\/image\/","url":"https:\/\/legacy.colt.net\/wp-content\/uploads\/2019\/02\/Colt-Logo.png","contentUrl":"https:\/\/legacy.colt.net\/wp-content\/uploads\/2019\/02\/Colt-Logo.png","width":195,"height":77,"caption":"Colt Technology Services"},"image":{"@id":"https:\/\/legacy.colt.net\/#\/schema\/logo\/image\/"},"sameAs":["https:\/\/www.facebook.com\/ColtTechnologyServices\/","https:\/\/x.com\/colt_technology","https:\/\/www.instagram.com\/colttechnologyservices\/","https:\/\/www.linkedin.com\/company\/colt-technology-services","https:\/\/www.youtube.com\/user\/ColtTechnology"]}]}},"_links":{"self":[{"href":"https:\/\/legacy.colt.net\/de\/wp-json\/wp\/v2\/pages\/90329","targetHints":{"allow":["GET"]}}],"collection":[{"href":"https:\/\/legacy.colt.net\/de\/wp-json\/wp\/v2\/pages"}],"about":[{"href":"https:\/\/legacy.colt.net\/de\/wp-json\/wp\/v2\/types\/page"}],"author":[{"embeddable":true,"href":"https:\/\/legacy.colt.net\/de\/wp-json\/wp\/v2\/users\/2"}],"replies":[{"embeddable":true,"href":"https:\/\/legacy.colt.net\/de\/wp-json\/wp\/v2\/comments?post=90329"}],"version-history":[{"count":0,"href":"https:\/\/legacy.colt.net\/de\/wp-json\/wp\/v2\/pages\/90329\/revisions"}],"up":[{"embeddable":true,"href":"https:\/\/legacy.colt.net\/de\/wp-json\/wp\/v2\/pages\/90891"}],"wp:attachment":[{"href":"https:\/\/legacy.colt.net\/de\/wp-json\/wp\/v2\/media?parent=90329"}],"wp:term":[{"taxonomy":"colt_type","embeddable":true,"href":"https:\/\/legacy.colt.net\/de\/wp-json\/wp\/v2\/colt_type?post=90329"},{"taxonomy":"colt_products","embeddable":true,"href":"https:\/\/legacy.colt.net\/de\/wp-json\/wp\/v2\/colt_products?post=90329"}],"curies":[{"name":"wp","href":"https:\/\/api.w.org\/{rel}","templated":true}]}}