{"id":90321,"date":"2021-01-09T09:11:10","date_gmt":"2021-01-09T09:11:10","guid":{"rendered":"https:\/\/www.colt.net\/core-network\/"},"modified":"2021-03-23T21:42:08","modified_gmt":"2021-03-23T21:42:08","slug":"core-network","status":"publish","type":"page","link":"https:\/\/legacy.colt.net\/de\/solutions\/core-network\/","title":{"rendered":"Erstellen Sie Ihr Backbone"},"content":{"rendered":"\n<h1>\n\t\tErstellen Sie Ihr Backbone\n\t<\/h1>\n<h2>\n\t\tVerlangen Sie sichere, leistungsstarke Verbindungen mit hoher Bandbreite\n\t<\/h2>\n\t<nav class=\"breadcrumb\"><span><span><a href=\"https:\/\/legacy.colt.net\/de\/\">Home<\/a><\/span><\/span><\/nav>\n\t\t\t\t<img loading=\"lazy\" decoding=\"async\" src=\"https:\/\/legacy.colt.net\/wp-content\/uploads\/2021\/01\/Building-your-core-network.png\" alt=\"Building your core network\" itemprop=\"image\" height=\"1125\" width=\"1000\" title=\"Building your core network\" onerror=\"this.style.display='none'\"  \/>\n<h2>\n\t\tHerausforderungen von heute\n\t<\/h2>\n\t<p>Angesichts des exponentiellen Wachstums der Cloud und der \u00fcbertragenen Datenmengen sind Qualit\u00e4t und Abdeckung Ihres Backbone-Netzwerks f\u00fcr Sie und Ihre Kunden wichtiger denn je. Warum?<\/p>\n\t\t\t<h4>1.     Der Bandbreitenbedarf w\u00e4chst weiterhin weltweit mit hoher Geschwindigkeit.<\/h4>\t\t\t\n\t\t\t\t<p>Allein f\u00fcr die Interconnection-Bandbreite wird laut einem <a href=\"https:\/\/www.equinix.co.uk\/gxi-report\/\" target=\"_blank\" rel=\"noopener\">aktuellen Bericht von Equinix<\/a>\u00a0ein globales j\u00e4hrliches Wachstum von 45 % prognostiziert, und bis 2023 sollen 16.307 Terabit pro Sekunde erreicht werden.<\/p>\n\t\t\t<h4>2. Der Zugang zu einem sicheren Backbone-Netzwerk mit hoher Kapazit\u00e4t ist ein Muss, um Kundenanforderungen erf\u00fcllen zu k\u00f6nnen.<\/h4>\t\t\t\n\t\t\t\t<p>Es wird damit gerechnet, dass der Interconnection-Bandbreitenbedarf aufgrund der Unternehmensnachfrage bis 2023 um <a href=\"https:\/\/www.equinix.co.uk\/gxi-report\/\" target=\"_blank\" rel=\"noopener\">50 % pro Jahr<\/a> steigen wird. Wholesale-Anbieter m\u00fcssen sich rechtzeitig auf diese Nachfrage einstellen .<\/p>\n<h2>\n\t\tLeistungsf\u00e4hige Verbindungen\n\t<\/h2>\n\t<p>Was Sie brauchen, ist ein Kommunikationsanbieter, der Dienste dort bereitstellt, wo Sie sie ben\u00f6tigen, der eine End-to-End-Servicegarantie und -transparenz bieten kann und der bei Bedarf zus\u00e4tzliche Sicherheit integrieren kann.<\/p>\n<p>Ob Sie gro\u00dfe Datenmengen zwischen Ihren wichtigsten Rechenzentren transportieren wollen oder eine dedizierte Verbindung mit hoher Bandbreite ben\u00f6tigen &#8211; Sie brauchen einen Partner, auf den Sie sich jederzeit verlassen k\u00f6nnen.<\/p>\n<p>Ihre Herausforderungen sind unsere Herausforderungen. Wir verf\u00fcgen \u00fcber fast 30 Jahre Erfahrung und investieren nicht nur in unser Netz, sondern auch in den entsprechenden Service und Support, denn wir wollen Ihren Erwartungen immer einen Schritt voraus sein.\u200b<\/p>\n\n\t\t\t\t<img loading=\"lazy\" decoding=\"async\" src=\"https:\/\/legacy.colt.net\/wp-content\/uploads\/2021\/01\/On-Demand-1-1.png\" alt=\"On-Demand-1 (1)\" itemprop=\"image\" height=\"1002\" width=\"891\" title=\"On-Demand-1 (1)\" onerror=\"this.style.display='none'\"  \/>\n<h2>\n\t\tIhr zuverl\u00e4ssiger Partner beim Aufbau eines Backbone-Netzwerks\n\t<\/h2>\n\t<p>Colt ist der perfekte Partner f\u00fcr Ihr Unternehmen, wenn es um den Aufbau eines leistungsstarken Backbone-Netzwerks geht &#8211; mit maximaler Servicequalit\u00e4t f\u00fcr Sie und Ihre Kunden.<\/p>\n\t<strong>Kundenfokus<\/strong><br \/>\nUnser konkurrenzloser NPS-Score ist ein sch\u00f6ner Beleg unserer Kundenfokussierung. Und Sie profitieren davon.\n\t<strong>Benutzerfreundlichkeit<\/strong><br \/>\nUnsere interaktiven Kundenportale bieten Ihnen Transparenz und Kontrolle und erlauben Ihnen, die Netzkwerkkapazit\u00e4t in Minutenschnelle an Ihren Bedarf anzupassen.\n\t<strong>Innovation<\/strong><br \/>\nWir sind anerkannt f\u00fchrend bei L\u00f6sungen f\u00fcr SDN und NFV. Mit KI und maschinengest\u00fctztem Lernen setzen wir Ma\u00dfst\u00e4be in Sachen Servicequalit\u00e4t und Kundenzufriedenheit.\n<h2>\n\t\tSchnelle Verbindungen f\u00fcr Unternehmen\n\t<\/h2>\n\t\t\t\t<a href=\"https:\/\/legacy.colt.net\/product\/isdn-voice-services\/\" target=\"_self\" itemprop=\"url\" rel=\"noopener\">\n\t\t\t\t<img loading=\"lazy\" decoding=\"async\" src=\"https:\/\/legacy.colt.net\/wp-content\/uploads\/2020\/12\/Ethernet.png\" alt=\"Ethernet\" itemprop=\"image\" height=\"800\" width=\"800\" title=\"Ethernet\" onerror=\"this.style.display='none'\"  \/>\n\t\t\t\t<\/a>\n\t<p>Verbinden Sie Ihre Standorte sicher, kosteng\u00fcnstig und schnell &#8211; national und international.<\/p>\n\t\t\t\t<a href=\"https:\/\/legacy.colt.net\/product\/sip-trunking\/\" target=\"_self\" itemprop=\"url\" rel=\"noopener\">\n\t\t\t\t<img decoding=\"async\" src=\"https:\/\/legacy.colt.net\/wp-content\/uploads\/2020\/12\/Wave.png\" alt=\"Fullenergy Limited_1215\" itemprop=\"image\" title=\"Fullenergy Limited_1215\" onerror=\"this.style.display='none'\"  \/>\n\t\t\t\t<\/a>\n\t<p>Zugriff auf vollst\u00e4ndig verwaltete, schnelle Leitungen mit Geschwindigkeiten von bis zu 100 Gbit\/s bei optimaler Sicherheit und Zuverl\u00e4ssigkeit.<\/p>\n\t\t\t\t<a href=\"https:\/\/legacy.colt.net\/product\/intelligent-communications\/\" target=\"_self\" itemprop=\"url\" rel=\"noopener\">\n\t\t\t\t<img decoding=\"async\" src=\"https:\/\/legacy.colt.net\/wp-content\/uploads\/2020\/12\/Spectrum.png\" alt=\"Hayley Dare\" itemprop=\"image\" title=\"Hayley Dare\" onerror=\"this.style.display='none'\"  \/>\n\t\t\t\t<\/a>\n\t<p>Bauen Sie Ihr eigenes System mit hoher Kapazit\u00e4t und offenen Leitungen bei geringerem Investitionsaufwand auf &#8211; ohne Kompromisse bei der Netzwerkleistung.<\/p>\n\t\t\t\t<a href=\"https:\/\/legacy.colt.net\/product\/intelligent-communications\/\" target=\"_self\" itemprop=\"url\" rel=\"noopener\">\n\t\t\t\t<img decoding=\"async\" src=\"https:\/\/legacy.colt.net\/wp-content\/uploads\/2020\/12\/Dark-Fibre.png\" alt=\"720x450-Fullenergy-logo\" itemprop=\"image\" title=\"720x450-Fullenergy-logo\" onerror=\"this.style.display='none'\"  \/>\n\t\t\t\t<\/a>\n\t<p>Erstellen Sie ein eigenes leistungsstarkes, dediziertes Backbone-Netzwerk &#8211; inklusive maximaler Kontrolle und Flexibilit\u00e4t.<\/p>\n\t\t\t<a href=\"https:\/\/legacy.colt.net\/de\/product\/isdn-telefonieservices\/\" target=\"_self\" role=\"button\" rel=\"noopener\">\n\t\t\t\t\t\t\tMehr Informationen\n\t\t\t\t\t<\/a>\n\t\t\t<a href=\"https:\/\/legacy.colt.net\/de\/product\/sip-trunking\/\" target=\"_self\" role=\"button\" rel=\"noopener\">\n\t\t\t\t\t\t\tMehr Informationen\n\t\t\t\t\t<\/a>\n\t\t\t<a href=\"https:\/\/legacy.colt.net\/de\/product\/colt-intelligent-communications\/\" target=\"_self\" role=\"button\" rel=\"noopener\">\n\t\t\t\t\t\t\tMehr Informationen\n\t\t\t\t\t<\/a>\n\t\t\t<a href=\"https:\/\/legacy.colt.net\/de\/product\/dark-fibre\" target=\"_self\" role=\"button\" rel=\"noopener\">\n\t\t\t\t\t\t\tMehr Informationen\n\t\t\t\t\t<\/a>\n<h2>\n\t\tDas Colt IQ Network. Zuverl\u00e4ssiger intelligenter Backbone\n\t<\/h2>\n\t<p>Unsere Connectivity-L\u00f6sungen basieren auf unserem intelligenten Colt IQ Network und damit auf dem optimalen Netzwerk f\u00fcr maximale Servicequalit\u00e4t. Direkter Zugriff auf die Finanzm\u00e4rkte in ganz Europa, Asien-Pazifik und Nordamerika.<\/p>\n\t\t\t<a href=\"https:\/\/legacy.colt.net\/de\/colt-network-map\/\" target=\"_blank\" role=\"button\" rel=\"noopener\">\n\t\t\t\t\t\tPr\u00fcfen Sie Ihre Anschl\u00fcsse\n\t\t\t\t\t<\/a>\n<h2>\n\t\tSprechen Sie mit einem Netzwerkexperten.\n\t<\/h2>\n\t<p>Mit den pr\u00e4mierten Konnektivit\u00e4tsservices von Colt vernetzen Sie Ihr Unternehmen nahtlos &#8211; damit Sie besser auf neue Herausforderungen und Chancen reagieren k\u00f6nnen.<\/p>\n<p>Unsere Spezialisten helfen Ihnen auf Ihrem Weg zur perfekten Vernetzungsl\u00f6sung.<\/p>\n<p>Oder wenden Sie sich einfach an unser <a href=\"https:\/\/legacy.colt.net\/de\/contact-us\/\">Contact Centre<\/a>.<\/p>\n\t[hubspot type=form portal=344164 id=d186936d-b7b7-448e-8ebe-7083f462fe4b]\n<h2>\n\t\tMehr Informationen?\n\t<\/h2>\n\t<strong>Blog<br \/>\n<\/strong>Diese vier Dinge sollten Sie bei der Auswahl Ihrer globalen Sprachl\u00f6sung beachten. <a href=\"https:\/\/legacy.colt.net\/de\/resources\/damit-die-verbindung-stimmt\/\">Jetzt lesen&#8230;<\/a>\n\t<strong>Whitepaper herunterladen<br \/>\n<\/strong>Ultrahohe Bandbreite &#8211; hohe Datendichte f\u00fcr eine digitale Zukunft. <a href=\"https:\/\/legacy.colt.net\/de\/resources\/intelligente-verbindung\/\">Jetzt lesen&#8230;<\/a>\n\t<strong>News<br \/>\n<\/strong>Colt macht sein pr\u00e4miertes Colt IQ Network mit einem umfassenden Upgrade zukunftssicher. <a href=\"https:\/\/legacy.colt.net\/de\/resources\/colt-vervierfacht-kapazitaet-seines-glasfasernetzwerks\/\">Jetzt lesen&#8230;<\/a>\n\t<strong>Das Netzwerk<br \/>\n<\/strong>Unsere weltweiten Netzwerkservices stellen wir \u00fcber ein hochverf\u00fcgbares, sicheres Netz mit Colt-eigener Infrastruktur auf vier Kontinenten und in 32 L\u00e4ndern bereit. <a href=\"https:\/\/legacy.colt.net\/de\/global-network\/\">Jetzt lesen&#8230;<\/a>\n\t<strong>Warum Colt?<br \/>\n<\/strong>Colt ist der neue Standard bei Netzwerk- und Voice-Services mit hoher Bandbreite f\u00fcr Unternehmen und Wholesale-Kunden in Europa, Asien und den Wirtschaftszentren Nordamerikas. <a href=\"https:\/\/legacy.colt.net\/de\/why-colt\/\">Mehr dazu&#8230;<\/a>\n\t<strong>Colt &#8211; das Unternehmen<br \/>\n<\/strong>Erfahren Sie mehr dar\u00fcber, wer wir sind und was wir tun. <a href=\"https:\/\/legacy.colt.net\/de\/about\/\">Jetzt lesen&#8230;<\/a>\n\n","protected":false},"excerpt":{"rendered":"<p>Erstellen Sie Ihr Backbone Verlangen Sie sichere, leistungsstarke Verbindungen mit hoher Bandbreite Herausforderungen von heute Angesichts des exponentiellen Wachstums der Cloud und der \u00fcbertragenen Datenmengen sind Qualit\u00e4t und Abdeckung Ihres Backbone-Netzwerks f\u00fcr Sie und Ihre Kunden wichtiger denn je. Warum? 1. Der Bandbreitenbedarf w\u00e4chst weiterhin weltweit mit hoher Geschwindigkeit. Allein f\u00fcr die Interconnection-Bandbreite wird laut&#8230;<\/p>\n","protected":false},"author":2,"featured_media":0,"parent":90891,"menu_order":0,"comment_status":"closed","ping_status":"closed","template":"","meta":{"_acf_changed":false,"footnotes":""},"colt_type":[],"colt_products":[],"class_list":["post-90321","page","type-page","status-publish","hentry"],"acf":[],"yoast_head":"<!-- This site is optimized with the Yoast SEO plugin v26.8 - https:\/\/yoast.com\/product\/yoast-seo-wordpress\/ -->\n<title>Erstellen Sie Ihr Backbone - Colt Technology Services | DE<\/title>\n<meta name=\"description\" content=\"Angesichts des Wachstums der Cloud und der \u00fcbertragenen Datenmengen sind Qualit\u00e4t &amp; Abdeckung Ihres Backbone-Netzwerks f\u00fcr Sie wichtiger denn je.\" \/>\n<meta name=\"robots\" content=\"noindex, follow, max-snippet:-1, max-image-preview:large, max-video-preview:-1\" \/>\n<meta property=\"og:locale\" content=\"de_DE\" \/>\n<meta property=\"og:type\" content=\"article\" \/>\n<meta property=\"og:title\" content=\"Erstellen Sie Ihr Backbone - Colt Technology Services | DE\" \/>\n<meta property=\"og:description\" content=\"Angesichts des Wachstums der Cloud und der \u00fcbertragenen Datenmengen sind Qualit\u00e4t &amp; Abdeckung Ihres Backbone-Netzwerks f\u00fcr Sie wichtiger denn je.\" \/>\n<meta property=\"og:url\" content=\"https:\/\/legacy.colt.net\/de\/solutions\/core-network\/\" \/>\n<meta property=\"og:site_name\" content=\"Colt Technology Services\" \/>\n<meta property=\"article:publisher\" content=\"https:\/\/www.facebook.com\/ColtTechnologyServices\/\" \/>\n<meta property=\"article:modified_time\" content=\"2021-03-23T21:42:08+00:00\" \/>\n<meta property=\"og:image\" content=\"https:\/\/legacy.colt.net\/wp-content\/uploads\/2021\/01\/Brand-2021-Stock-45.jpg\" \/>\n\t<meta property=\"og:image:width\" content=\"1000\" \/>\n\t<meta property=\"og:image:height\" content=\"667\" \/>\n\t<meta property=\"og:image:type\" content=\"image\/jpeg\" \/>\n<meta name=\"twitter:card\" content=\"summary_large_image\" \/>\n<meta name=\"twitter:site\" content=\"@colt_technology\" \/>\n<meta name=\"twitter:label1\" content=\"Est. reading time\" \/>\n\t<meta name=\"twitter:data1\" content=\"3 minutes\" \/>\n<script type=\"application\/ld+json\" class=\"yoast-schema-graph\">{\"@context\":\"https:\/\/schema.org\",\"@graph\":[{\"@type\":\"WebPage\",\"@id\":\"https:\/\/legacy.colt.net\/de\/solutions\/core-network\/\",\"url\":\"https:\/\/legacy.colt.net\/de\/solutions\/core-network\/\",\"name\":\"Erstellen Sie Ihr Backbone - Colt Technology Services | DE\",\"isPartOf\":{\"@id\":\"https:\/\/legacy.colt.net\/#website\"},\"primaryImageOfPage\":{\"@id\":\"https:\/\/legacy.colt.net\/de\/solutions\/core-network\/#primaryimage\"},\"image\":{\"@id\":\"https:\/\/legacy.colt.net\/de\/solutions\/core-network\/#primaryimage\"},\"thumbnailUrl\":\"https:\/\/legacy.colt.net\/wp-content\/uploads\/2021\/01\/Building-your-core-network.png\",\"datePublished\":\"2021-01-09T09:11:10+00:00\",\"dateModified\":\"2021-03-23T21:42:08+00:00\",\"description\":\"Angesichts des Wachstums der Cloud und der \u00fcbertragenen Datenmengen sind Qualit\u00e4t & Abdeckung Ihres Backbone-Netzwerks f\u00fcr Sie wichtiger denn je.\",\"breadcrumb\":{\"@id\":\"https:\/\/legacy.colt.net\/de\/solutions\/core-network\/#breadcrumb\"},\"inLanguage\":\"de-DE\",\"potentialAction\":[{\"@type\":\"ReadAction\",\"target\":[\"https:\/\/legacy.colt.net\/de\/solutions\/core-network\/\"]}]},{\"@type\":\"ImageObject\",\"inLanguage\":\"de-DE\",\"@id\":\"https:\/\/legacy.colt.net\/de\/solutions\/core-network\/#primaryimage\",\"url\":\"https:\/\/legacy.colt.net\/wp-content\/uploads\/2021\/01\/Building-your-core-network.png\",\"contentUrl\":\"https:\/\/legacy.colt.net\/wp-content\/uploads\/2021\/01\/Building-your-core-network.png\"},{\"@type\":\"BreadcrumbList\",\"@id\":\"https:\/\/legacy.colt.net\/de\/solutions\/core-network\/#breadcrumb\",\"itemListElement\":[{\"@type\":\"ListItem\",\"position\":1,\"name\":\"Home\",\"item\":\"https:\/\/legacy.colt.net\/de\/\"},{\"@type\":\"ListItem\",\"position\":2,\"name\":\"L\u00f6sungen\",\"item\":\"https:\/\/legacy.colt.net\/de\/solutions\/\"},{\"@type\":\"ListItem\",\"position\":3,\"name\":\"Erstellen Sie Ihr Backbone\"}]},{\"@type\":\"WebSite\",\"@id\":\"https:\/\/legacy.colt.net\/#website\",\"url\":\"https:\/\/legacy.colt.net\/\",\"name\":\"Colt\u30c6\u30af\u30ce\u30ed\u30b8\u30fc\u30b5\u30fc\u30d3\u30b9\u682a\u5f0f\u4f1a\u793e\",\"description\":\"Managed Network &amp; Voice Services Provider\",\"publisher\":{\"@id\":\"https:\/\/legacy.colt.net\/#organization\"},\"potentialAction\":[{\"@type\":\"SearchAction\",\"target\":{\"@type\":\"EntryPoint\",\"urlTemplate\":\"https:\/\/legacy.colt.net\/?s={search_term_string}\"},\"query-input\":{\"@type\":\"PropertyValueSpecification\",\"valueRequired\":true,\"valueName\":\"search_term_string\"}}],\"inLanguage\":\"de-DE\"},{\"@type\":\"Organization\",\"@id\":\"https:\/\/legacy.colt.net\/#organization\",\"name\":\"Colt Technology Services\",\"url\":\"https:\/\/legacy.colt.net\/\",\"logo\":{\"@type\":\"ImageObject\",\"inLanguage\":\"de-DE\",\"@id\":\"https:\/\/legacy.colt.net\/#\/schema\/logo\/image\/\",\"url\":\"https:\/\/legacy.colt.net\/wp-content\/uploads\/2019\/02\/Colt-Logo.png\",\"contentUrl\":\"https:\/\/legacy.colt.net\/wp-content\/uploads\/2019\/02\/Colt-Logo.png\",\"width\":195,\"height\":77,\"caption\":\"Colt Technology Services\"},\"image\":{\"@id\":\"https:\/\/legacy.colt.net\/#\/schema\/logo\/image\/\"},\"sameAs\":[\"https:\/\/www.facebook.com\/ColtTechnologyServices\/\",\"https:\/\/x.com\/colt_technology\",\"https:\/\/www.instagram.com\/colttechnologyservices\/\",\"https:\/\/www.linkedin.com\/company\/colt-technology-services\",\"https:\/\/www.youtube.com\/user\/ColtTechnology\"]}]}<\/script>\n<!-- \/ Yoast SEO plugin. -->","yoast_head_json":{"title":"Erstellen Sie Ihr Backbone - Colt Technology Services | DE","description":"Angesichts des Wachstums der Cloud und der \u00fcbertragenen Datenmengen sind Qualit\u00e4t & Abdeckung Ihres Backbone-Netzwerks f\u00fcr Sie wichtiger denn je.","robots":{"index":"noindex","follow":"follow","max-snippet":"max-snippet:-1","max-image-preview":"max-image-preview:large","max-video-preview":"max-video-preview:-1"},"og_locale":"de_DE","og_type":"article","og_title":"Erstellen Sie Ihr Backbone - Colt Technology Services | DE","og_description":"Angesichts des Wachstums der Cloud und der \u00fcbertragenen Datenmengen sind Qualit\u00e4t & Abdeckung Ihres Backbone-Netzwerks f\u00fcr Sie wichtiger denn je.","og_url":"https:\/\/legacy.colt.net\/de\/solutions\/core-network\/","og_site_name":"Colt Technology Services","article_publisher":"https:\/\/www.facebook.com\/ColtTechnologyServices\/","article_modified_time":"2021-03-23T21:42:08+00:00","og_image":[{"width":1000,"height":667,"url":"https:\/\/legacy.colt.net\/wp-content\/uploads\/2021\/01\/Brand-2021-Stock-45.jpg","type":"image\/jpeg"}],"twitter_card":"summary_large_image","twitter_site":"@colt_technology","twitter_misc":{"Est. reading time":"3 minutes"},"schema":{"@context":"https:\/\/schema.org","@graph":[{"@type":"WebPage","@id":"https:\/\/legacy.colt.net\/de\/solutions\/core-network\/","url":"https:\/\/legacy.colt.net\/de\/solutions\/core-network\/","name":"Erstellen Sie Ihr Backbone - Colt Technology Services | DE","isPartOf":{"@id":"https:\/\/legacy.colt.net\/#website"},"primaryImageOfPage":{"@id":"https:\/\/legacy.colt.net\/de\/solutions\/core-network\/#primaryimage"},"image":{"@id":"https:\/\/legacy.colt.net\/de\/solutions\/core-network\/#primaryimage"},"thumbnailUrl":"https:\/\/legacy.colt.net\/wp-content\/uploads\/2021\/01\/Building-your-core-network.png","datePublished":"2021-01-09T09:11:10+00:00","dateModified":"2021-03-23T21:42:08+00:00","description":"Angesichts des Wachstums der Cloud und der \u00fcbertragenen Datenmengen sind Qualit\u00e4t & Abdeckung Ihres Backbone-Netzwerks f\u00fcr Sie wichtiger denn je.","breadcrumb":{"@id":"https:\/\/legacy.colt.net\/de\/solutions\/core-network\/#breadcrumb"},"inLanguage":"de-DE","potentialAction":[{"@type":"ReadAction","target":["https:\/\/legacy.colt.net\/de\/solutions\/core-network\/"]}]},{"@type":"ImageObject","inLanguage":"de-DE","@id":"https:\/\/legacy.colt.net\/de\/solutions\/core-network\/#primaryimage","url":"https:\/\/legacy.colt.net\/wp-content\/uploads\/2021\/01\/Building-your-core-network.png","contentUrl":"https:\/\/legacy.colt.net\/wp-content\/uploads\/2021\/01\/Building-your-core-network.png"},{"@type":"BreadcrumbList","@id":"https:\/\/legacy.colt.net\/de\/solutions\/core-network\/#breadcrumb","itemListElement":[{"@type":"ListItem","position":1,"name":"Home","item":"https:\/\/legacy.colt.net\/de\/"},{"@type":"ListItem","position":2,"name":"L\u00f6sungen","item":"https:\/\/legacy.colt.net\/de\/solutions\/"},{"@type":"ListItem","position":3,"name":"Erstellen Sie Ihr Backbone"}]},{"@type":"WebSite","@id":"https:\/\/legacy.colt.net\/#website","url":"https:\/\/legacy.colt.net\/","name":"Colt\u30c6\u30af\u30ce\u30ed\u30b8\u30fc\u30b5\u30fc\u30d3\u30b9\u682a\u5f0f\u4f1a\u793e","description":"Managed Network &amp; Voice Services Provider","publisher":{"@id":"https:\/\/legacy.colt.net\/#organization"},"potentialAction":[{"@type":"SearchAction","target":{"@type":"EntryPoint","urlTemplate":"https:\/\/legacy.colt.net\/?s={search_term_string}"},"query-input":{"@type":"PropertyValueSpecification","valueRequired":true,"valueName":"search_term_string"}}],"inLanguage":"de-DE"},{"@type":"Organization","@id":"https:\/\/legacy.colt.net\/#organization","name":"Colt Technology Services","url":"https:\/\/legacy.colt.net\/","logo":{"@type":"ImageObject","inLanguage":"de-DE","@id":"https:\/\/legacy.colt.net\/#\/schema\/logo\/image\/","url":"https:\/\/legacy.colt.net\/wp-content\/uploads\/2019\/02\/Colt-Logo.png","contentUrl":"https:\/\/legacy.colt.net\/wp-content\/uploads\/2019\/02\/Colt-Logo.png","width":195,"height":77,"caption":"Colt Technology Services"},"image":{"@id":"https:\/\/legacy.colt.net\/#\/schema\/logo\/image\/"},"sameAs":["https:\/\/www.facebook.com\/ColtTechnologyServices\/","https:\/\/x.com\/colt_technology","https:\/\/www.instagram.com\/colttechnologyservices\/","https:\/\/www.linkedin.com\/company\/colt-technology-services","https:\/\/www.youtube.com\/user\/ColtTechnology"]}]}},"_links":{"self":[{"href":"https:\/\/legacy.colt.net\/de\/wp-json\/wp\/v2\/pages\/90321","targetHints":{"allow":["GET"]}}],"collection":[{"href":"https:\/\/legacy.colt.net\/de\/wp-json\/wp\/v2\/pages"}],"about":[{"href":"https:\/\/legacy.colt.net\/de\/wp-json\/wp\/v2\/types\/page"}],"author":[{"embeddable":true,"href":"https:\/\/legacy.colt.net\/de\/wp-json\/wp\/v2\/users\/2"}],"replies":[{"embeddable":true,"href":"https:\/\/legacy.colt.net\/de\/wp-json\/wp\/v2\/comments?post=90321"}],"version-history":[{"count":0,"href":"https:\/\/legacy.colt.net\/de\/wp-json\/wp\/v2\/pages\/90321\/revisions"}],"up":[{"embeddable":true,"href":"https:\/\/legacy.colt.net\/de\/wp-json\/wp\/v2\/pages\/90891"}],"wp:attachment":[{"href":"https:\/\/legacy.colt.net\/de\/wp-json\/wp\/v2\/media?parent=90321"}],"wp:term":[{"taxonomy":"colt_type","embeddable":true,"href":"https:\/\/legacy.colt.net\/de\/wp-json\/wp\/v2\/colt_type?post=90321"},{"taxonomy":"colt_products","embeddable":true,"href":"https:\/\/legacy.colt.net\/de\/wp-json\/wp\/v2\/colt_products?post=90321"}],"curies":[{"name":"wp","href":"https:\/\/api.w.org\/{rel}","templated":true}]}}