{"id":90274,"date":"2021-01-09T09:09:53","date_gmt":"2021-01-09T09:09:53","guid":{"rendered":"https:\/\/www.colt.net\/enterprise\/"},"modified":"2021-03-29T15:00:06","modified_gmt":"2021-03-29T14:00:06","slug":"enterprise","status":"publish","type":"page","link":"https:\/\/legacy.colt.net\/de\/solutions\/enterprise\/","title":{"rendered":"Wir verbinden Ihr Unternehmen"},"content":{"rendered":"\n<h1>\n\t\tConnect to the cloud\n\t<\/h1>\n<h2>\n\t\tErfolgreicher digitalisieren\n\t<\/h2>\n\t<nav class=\"breadcrumb\"><span><span><a href=\"https:\/\/legacy.colt.net\/de\/\">Home<\/a><\/span><\/span><\/nav>\n\t\t\t\t<img loading=\"lazy\" decoding=\"async\" src=\"https:\/\/legacy.colt.net\/wp-content\/uploads\/2021\/01\/Connecting-your-enterprise-network.png\" alt=\"Connecting your enterprise network\" itemprop=\"image\" height=\"1125\" width=\"1000\" title=\"Connecting your enterprise network\" onerror=\"this.style.display='none'\"  \/>\n<h2>\n\t\tHerausforderungen von heute\n\t<\/h2>\n\t<p>Das Thema Resilienz, also Krisenfestigkeit, steht bei den meisten CIOs ganz oben auf der Agenda. Das Herzst\u00fcck jedes erfolgreichen Unternehmens ist sein Netzwerk. Heute muss Ihr Netzwerk mehr denn je in der Lage sein, mit st\u00e4ndigen Ver\u00e4nderungen der Datenstr\u00f6me und der Anwendungsnutzung sowie einer immer gr\u00f6\u00dferen Zahl angeschlossener Ger\u00e4te zurechtzukommen, wobei diese Ver\u00e4nderungen sehr kurzfristig eintreten k\u00f6nnen.<\/p>\n\t\t\t<h4>Die technologische Entwicklung und andere externe Faktoren f\u00fchren zu einem rasanten Wandel der Anforderungen an die heutigen Unternehmensnetzwerke.<\/h4>\t\t\t\n\t\t\t\t<p><a href=\"https:\/\/www.cisco.com\/c\/en\/us\/solutions\/collateral\/executive-perspectives\/annual-internet-report\/white-paper-c11-741490.html?_zk_sc_t=6041063ec84cebe1f9276faab0cd9d7666c6e5b3076f40006edcb0f5faeb17ef055b52c11bba41599ae2d7956b6543ce204ce580cb24527a099f917eb1171e6a9c9af1d9552b083def5cedafd14e25febe30e57d7c23892bced74d5e9ef86109cb13e72cfcf01da902593efa86455ce0ecd77cb4dafd21f151995cbaf8bd779215d6f398c8e45db717bf8232d2c8047eb21cea26111448f2f1be86516057978d1338baabec536bfd0a3601013d4b963c916a8f6324d58d28b88e02d996557e04b4e2a5a325b65f8f147d22f730e90600fbd3b847d0478323387d18b2f5980b5b\" target=\"_blank\" rel=\"noopener\">Cisco<\/a> prognostiziert, dass die Anzahl der an IP-Netzwerke angeschlossenen Ger\u00e4te bis 2023 29,3 Milliarden erreichen wird, also das Dreifache der Weltbev\u00f6lkerung. Dar\u00fcber hinaus werden in <a href=\"https:\/\/www.gartner.com\/en\/newsroom\/press-releases\/2020-04-03-gartner-cfo-surey-reveals-74-percent-of-organizations-to-shift-some-employees-to-remote-work-permanently2\" target=\"_blank\" rel=\"noopener\">74 % der Unternehmen<\/a> mehr Mitarbeiter im Homeoffice arbeiten, verglichen mit der Zeit vor der Pandemie.<\/p>\n<h3>\n\t\tLeistungsf\u00e4hige Verbindungen\n\t<\/h3>\n\t\t\t<h4>Intelligente, anpassungsf\u00e4hige Netzwerke mit hochwertiger, sicherer Verbindungsqualit\u00e4t sind heute f\u00fcr den Unternehmenserfolg unverzichtbar. Gleichzeitig m\u00fcssen diese Netzwerke dazu in der Lage sein, mit permanenten Ver\u00e4nderungen zurechtzukommen.<\/h4>\t\t\t\n\t\t\t\t<p><a href=\"https:\/\/www.gartner.com\/en\/documents\/3981830\/coronavirus-in-mind-make-remote-work-successful-\" target=\"_blank\" rel=\"noopener\">54 % der Personalleiter<\/a> gaben an, dass mangelhafte technische Systeme und\/oder Infrastruktur das gr\u00f6\u00dfte Hindernis f\u00fcr die effektive Anbindung von Mitarbeitern im Homeoffice darstellen und <a href=\"https:\/\/legacy.colt.net\/de\/resources\/state-of-the-cloud\/\">59 % der Unternehmen<\/a> gaben an, dass Sicherheit und zuverl\u00e4ssige Konnektivit\u00e4t die gr\u00f6\u00dften Herausforderungen f\u00fcr eine erfolgreiche Cloud-Migration sind.<\/p>\n<p>Es reicht nicht mehr aus, auf Herausforderungen wie Cloud-Migrationsprojekte, steigende Zahlen von Mitarbeitern im Homeoffice oder den Aufbau neuer Standorte zu reagieren. Moderne Netzwerke m\u00fcssen von Anfang an auf Ver\u00e4nderungen ausgelegt sein und eine nachhaltige Plattform f\u00fcr eine kontinuierliche Digitalisierung bieten.<\/p>\n\n\t\t\t\t<img loading=\"lazy\" decoding=\"async\" src=\"https:\/\/legacy.colt.net\/wp-content\/uploads\/2021\/01\/Connecting-to-the-cloud-1.png\" alt=\"Connecting-to-the-cloud-1\" itemprop=\"image\" height=\"1002\" width=\"891\" title=\"Connecting-to-the-cloud-1\" onerror=\"this.style.display='none'\"  \/>\n<h2>\n\t\tIhr Partner f\u00fcr schnelle Verbindungen\n\t<\/h2>\n\t<p>Colt ist der perfekte Partner f\u00fcr die rasche und flexible Umsetzung Ihrer digitalen Transformation.<\/p>\n\t<strong>Kundenfokus<br \/>\n<\/strong>Ihr Qualit\u00e4tserlebnis als Kunde ist uns wichtiger als alles andere. Kein Wunder, dass wir einen Spitzenplatz beim Net Promoter Score einnehmen.\n\t<strong>Benutzerfreundlichkeit<br \/>\n<\/strong>Unsere interaktiven Kundenportale bieten Ihnen Transparenz und Kontrolle und erlauben Ihnen, die Netzkwerkkapazit\u00e4t in Minutenschnelle an Ihren Bedarf anzupassen.\n\t<strong>Innovation<br \/>\n<\/strong>Wir sind anerkannt f\u00fchrend bei SDN und NFV L\u00f6sungen. Mit KI und maschinengest\u00fctztem Lernen setzen wir Ma\u00dfst\u00e4be in Sachen Servicequalit\u00e4t und Kundenzufriedenheit.\n<h2>\n\t\tSchnelle Verbindungen f\u00fcr Unternehmen\n\t<\/h2>\n\t\t\t\t<img loading=\"lazy\" decoding=\"async\" src=\"https:\/\/legacy.colt.net\/wp-content\/uploads\/2020\/12\/Ethernet.png\" alt=\"Ethernet\" itemprop=\"image\" height=\"800\" width=\"800\" title=\"Ethernet\" onerror=\"this.style.display='none'\"  \/>\n\t<p>Verbinden Sie Ihre Standorte sicher, kosteng\u00fcnstig und schnell &#8211; national und international.<\/p>\n\t\t\t\t<img decoding=\"async\" src=\"https:\/\/legacy.colt.net\/wp-content\/uploads\/2020\/12\/SD-WAN.png\" alt=\"Businesspeople walking along the illuminated lightwall corridor, connecting One Pancras Square with King's Cross underground station in London, pedestrian tunnel in Kings Cross station, London, UK, England.\" itemprop=\"image\" title=\"Businesspeople Walking Along Illuminated Lightwall Corridor, London, England\" onerror=\"this.style.display='none'\"  \/>\n\t<p>Erh\u00f6hen Sie die Bandbreite, indem Sie weniger kritischen Datenverkehr sicher in das \u00f6ffentliche Internet verlagern &#8211; alles online verwaltet.<\/p>\n\t\t\t\t<img decoding=\"async\" src=\"https:\/\/legacy.colt.net\/wp-content\/uploads\/2020\/12\/uCPE-1.png\" alt=\"Gavin Richardson\" itemprop=\"image\" title=\"Gavin Richardson\" onerror=\"this.style.display='none'\"  \/>\n\t<p>Stellen Sie neue virtuelle Netzwerkfunktionen (VNFs) schnell und einfach mit Universal Customer Premise Equipment (uCPE) bereit.<\/p>\n\t\t\t\t<img decoding=\"async\" src=\"https:\/\/legacy.colt.net\/wp-content\/uploads\/2020\/12\/VPN.png\" alt=\"ITEC Hankyu Hanshin_1124\" itemprop=\"image\" title=\"ITEC Hankyu Hanshin_1124\" onerror=\"this.style.display='none'\"  \/>\n\t<p>Sichere, leistungsstarke und kosteng\u00fcnstige dedizierte Vernetzung wo sie ben\u00f6tigt wird.<\/p>\n\t\t\t<a href=\"https:\/\/legacy.colt.net\/de\/product\/ethernet-line\/\" target=\"_self\" role=\"button\" rel=\"noopener\">\n\t\t\t\t\t\t\tMehr Informationen\n\t\t\t\t\t<\/a>\n\t\t\t<a href=\"https:\/\/legacy.colt.net\/de\/product\/sd-wan\/\" target=\"_self\" role=\"button\" rel=\"noopener\">\n\t\t\t\t\t\t\tMehr Informationen\n\t\t\t\t\t<\/a>\n\t\t\t<a href=\"https:\/\/legacy.colt.net\/de\/universal-cpe\/\" target=\"_self\" role=\"button\" rel=\"noopener\">\n\t\t\t\t\t\t\tMehr Informationen\n\t\t\t\t\t<\/a>\n\t\t\t<a href=\"https:\/\/legacy.colt.net\/de\/product\/ip-vpn\/\" target=\"_self\" role=\"button\" rel=\"noopener\">\n\t\t\t\t\t\t\tMehr Informationen\n\t\t\t\t\t<\/a>\n<h2>\n\t\tDas Colt IQ Network. Zuverl\u00e4ssiger intelligenter Backbone\n\t<\/h2>\n\t<p>Unsere Connectivity-L\u00f6sungen basieren auf unserem intelligenten Colt IQ Network und damit auf dem optimalen Netzwerk f\u00fcr maximale Servicequalit\u00e4t. Direkter Zugriff auf die Finanzm\u00e4rkte in ganz Europa, Asien-Pazifik und Nordamerika.<\/p>\n\t\t\t<a href=\"https:\/\/legacy.colt.net\/de\/colt-network-map\/\" target=\"_self\" role=\"button\" rel=\"noopener\">\n\t\t\t\t\t\tPr\u00fcfen Sie Ihre Anschl\u00fcsse\n\t\t\t\t\t<\/a>\n<h2>\n\t\tSprechen Sie mit einem Netzwerkexperten\n\t<\/h2>\n\t<p>Mit den pr\u00e4mierten Konnektivit\u00e4tsservices von Colt vernetzen Sie Ihr Unternehmen nahtlos &#8211; damit Sie besser auf neue Herausforderungen und Chancen reagieren k\u00f6nnen.<\/p>\n<p>Unsere Spezialisten helfen Ihnen auf Ihrem Weg zur perfekten Vernetzungsl\u00f6sung<\/p>\n<p>Oder wenden Sie sich einfach an unser <a href=\"https:\/\/legacy.colt.net\/de\/contact-us\/\">Contact Centre<\/a>.<\/p>\n\t[hubspot type=form portal=344164 id=d186936d-b7b7-448e-8ebe-7083f462fe4b]\n<h2>\n\t\tMehr Informationen?\n\t<\/h2>\n\t<strong>Fallbeispiel<br \/>\n<\/strong>\n\n\t<strong>Leitfaden herunterladen<br \/>\n<\/strong>Weshalb sich SD WAN f\u00fcr eine Multi-Cloud-Infrastruktur lohnt. <a href=\"https:\/\/legacy.colt.net\/de\/resources\/weshalb-sich-sd-wan-fuer-eine-multi-cloud-infrastruktur-lohnt\/\">Jetzt lesen&#8230;<\/a>\n\t<strong>Fallbeispiel<br \/>\n<\/strong>Ausgesprochen zukunftsf\u00e4hig: Wie Bertelsmann mit SIP Trunking Services von Colt die digitale Zusammenarbeit transformiert. <a href=\"https:\/\/legacy.colt.net\/de\/resources\/bertelsmann-2\/\">Jetzt lesen&#8230;<\/a>\n\t<strong>Whitepaper herunterladen<br \/>\n<\/strong>SD WAN bietet echten Mehrwert. <a href=\"https:\/\/legacy.colt.net\/de\/go\/planning-for-an-sd-wan-future\/\">Jetzt lesen&#8230;<\/a>\n\t<strong> Warum Colt?<br \/>\n<\/strong>Colt ist der neue Standard bei Netzwerk- und Voice-Services mit hoher Bandbreite f\u00fcr Unternehmen und Wholesale-Kunden in Europa, Asien und den Wirtschaftszentren Nordamerikas. <a href=\"https:\/\/legacy.colt.net\/de\/why-colt\/\">Jetzt mehr erfahren&#8230;<\/a>\n\t<strong>Colt &#8211; das Unternehmen<br \/>\n<\/strong>Erfahren Sie mehr dar\u00fcber, wer wir sind und was wir tun. <a href=\"https:\/\/legacy.colt.net\/de\/about\/\">Jetzt mehr erfahren&#8230;<\/a>\n\n","protected":false},"excerpt":{"rendered":"<p>Connect to the cloud Erfolgreicher digitalisieren Herausforderungen von heute Das Thema Resilienz, also Krisenfestigkeit, steht bei den meisten CIOs ganz oben auf der Agenda. Das Herzst\u00fcck jedes erfolgreichen Unternehmens ist sein Netzwerk. Heute muss Ihr Netzwerk mehr denn je in der Lage sein, mit st\u00e4ndigen Ver\u00e4nderungen der Datenstr\u00f6me und der Anwendungsnutzung sowie einer immer gr\u00f6\u00dferen&#8230;<\/p>\n","protected":false},"author":2,"featured_media":0,"parent":90891,"menu_order":0,"comment_status":"closed","ping_status":"closed","template":"","meta":{"_acf_changed":false,"footnotes":""},"colt_type":[],"colt_products":[],"class_list":["post-90274","page","type-page","status-publish","hentry"],"acf":[],"yoast_head":"<!-- This site is optimized with the Yoast SEO plugin v26.8 - https:\/\/yoast.com\/product\/yoast-seo-wordpress\/ -->\n<title>Wir verbinden Ihr Unternehmen - Colt Technology Services | DE<\/title>\n<meta name=\"description\" content=\"Colt ist der perfekte Partner f\u00fcr die rasche und flexible Umsetzung Ihrer digitalen Transformation.\" \/>\n<meta name=\"robots\" content=\"noindex, follow, max-snippet:-1, max-image-preview:large, max-video-preview:-1\" \/>\n<meta property=\"og:locale\" content=\"de_DE\" \/>\n<meta property=\"og:type\" content=\"article\" \/>\n<meta property=\"og:title\" content=\"Wir verbinden Ihr Unternehmen - Colt Technology Services | DE\" \/>\n<meta property=\"og:description\" content=\"Colt ist der perfekte Partner f\u00fcr die rasche und flexible Umsetzung Ihrer digitalen Transformation.\" \/>\n<meta property=\"og:url\" content=\"https:\/\/legacy.colt.net\/de\/solutions\/enterprise\/\" \/>\n<meta property=\"og:site_name\" content=\"Colt Technology Services\" \/>\n<meta property=\"article:publisher\" content=\"https:\/\/www.facebook.com\/ColtTechnologyServices\/\" \/>\n<meta property=\"article:modified_time\" content=\"2021-03-29T14:00:06+00:00\" \/>\n<meta property=\"og:image\" content=\"https:\/\/legacy.colt.net\/wp-content\/uploads\/2021\/01\/Brand-2021-Stock-2.jpg\" \/>\n\t<meta property=\"og:image:width\" content=\"1000\" \/>\n\t<meta property=\"og:image:height\" content=\"676\" \/>\n\t<meta property=\"og:image:type\" content=\"image\/jpeg\" \/>\n<meta name=\"twitter:card\" content=\"summary_large_image\" \/>\n<meta name=\"twitter:site\" content=\"@colt_technology\" \/>\n<meta name=\"twitter:label1\" content=\"Est. reading time\" \/>\n\t<meta name=\"twitter:data1\" content=\"3 minutes\" \/>\n<script type=\"application\/ld+json\" class=\"yoast-schema-graph\">{\"@context\":\"https:\/\/schema.org\",\"@graph\":[{\"@type\":\"WebPage\",\"@id\":\"https:\/\/legacy.colt.net\/de\/solutions\/enterprise\/\",\"url\":\"https:\/\/legacy.colt.net\/de\/solutions\/enterprise\/\",\"name\":\"Wir verbinden Ihr Unternehmen - Colt Technology Services | DE\",\"isPartOf\":{\"@id\":\"https:\/\/legacy.colt.net\/#website\"},\"primaryImageOfPage\":{\"@id\":\"https:\/\/legacy.colt.net\/de\/solutions\/enterprise\/#primaryimage\"},\"image\":{\"@id\":\"https:\/\/legacy.colt.net\/de\/solutions\/enterprise\/#primaryimage\"},\"thumbnailUrl\":\"https:\/\/legacy.colt.net\/wp-content\/uploads\/2021\/01\/Connecting-your-enterprise-network.png\",\"datePublished\":\"2021-01-09T09:09:53+00:00\",\"dateModified\":\"2021-03-29T14:00:06+00:00\",\"description\":\"Colt ist der perfekte Partner f\u00fcr die rasche und flexible Umsetzung Ihrer digitalen Transformation.\",\"breadcrumb\":{\"@id\":\"https:\/\/legacy.colt.net\/de\/solutions\/enterprise\/#breadcrumb\"},\"inLanguage\":\"de-DE\",\"potentialAction\":[{\"@type\":\"ReadAction\",\"target\":[\"https:\/\/legacy.colt.net\/de\/solutions\/enterprise\/\"]}]},{\"@type\":\"ImageObject\",\"inLanguage\":\"de-DE\",\"@id\":\"https:\/\/legacy.colt.net\/de\/solutions\/enterprise\/#primaryimage\",\"url\":\"https:\/\/legacy.colt.net\/wp-content\/uploads\/2021\/01\/Connecting-your-enterprise-network.png\",\"contentUrl\":\"https:\/\/legacy.colt.net\/wp-content\/uploads\/2021\/01\/Connecting-your-enterprise-network.png\"},{\"@type\":\"BreadcrumbList\",\"@id\":\"https:\/\/legacy.colt.net\/de\/solutions\/enterprise\/#breadcrumb\",\"itemListElement\":[{\"@type\":\"ListItem\",\"position\":1,\"name\":\"Home\",\"item\":\"https:\/\/legacy.colt.net\/de\/\"},{\"@type\":\"ListItem\",\"position\":2,\"name\":\"L\u00f6sungen\",\"item\":\"https:\/\/legacy.colt.net\/de\/solutions\/\"},{\"@type\":\"ListItem\",\"position\":3,\"name\":\"Wir verbinden Ihr Unternehmen\"}]},{\"@type\":\"WebSite\",\"@id\":\"https:\/\/legacy.colt.net\/#website\",\"url\":\"https:\/\/legacy.colt.net\/\",\"name\":\"Colt\u30c6\u30af\u30ce\u30ed\u30b8\u30fc\u30b5\u30fc\u30d3\u30b9\u682a\u5f0f\u4f1a\u793e\",\"description\":\"Managed Network &amp; Voice Services Provider\",\"publisher\":{\"@id\":\"https:\/\/legacy.colt.net\/#organization\"},\"potentialAction\":[{\"@type\":\"SearchAction\",\"target\":{\"@type\":\"EntryPoint\",\"urlTemplate\":\"https:\/\/legacy.colt.net\/?s={search_term_string}\"},\"query-input\":{\"@type\":\"PropertyValueSpecification\",\"valueRequired\":true,\"valueName\":\"search_term_string\"}}],\"inLanguage\":\"de-DE\"},{\"@type\":\"Organization\",\"@id\":\"https:\/\/legacy.colt.net\/#organization\",\"name\":\"Colt Technology Services\",\"url\":\"https:\/\/legacy.colt.net\/\",\"logo\":{\"@type\":\"ImageObject\",\"inLanguage\":\"de-DE\",\"@id\":\"https:\/\/legacy.colt.net\/#\/schema\/logo\/image\/\",\"url\":\"https:\/\/legacy.colt.net\/wp-content\/uploads\/2019\/02\/Colt-Logo.png\",\"contentUrl\":\"https:\/\/legacy.colt.net\/wp-content\/uploads\/2019\/02\/Colt-Logo.png\",\"width\":195,\"height\":77,\"caption\":\"Colt Technology Services\"},\"image\":{\"@id\":\"https:\/\/legacy.colt.net\/#\/schema\/logo\/image\/\"},\"sameAs\":[\"https:\/\/www.facebook.com\/ColtTechnologyServices\/\",\"https:\/\/x.com\/colt_technology\",\"https:\/\/www.instagram.com\/colttechnologyservices\/\",\"https:\/\/www.linkedin.com\/company\/colt-technology-services\",\"https:\/\/www.youtube.com\/user\/ColtTechnology\"]}]}<\/script>\n<!-- \/ Yoast SEO plugin. -->","yoast_head_json":{"title":"Wir verbinden Ihr Unternehmen - Colt Technology Services | DE","description":"Colt ist der perfekte Partner f\u00fcr die rasche und flexible Umsetzung Ihrer digitalen Transformation.","robots":{"index":"noindex","follow":"follow","max-snippet":"max-snippet:-1","max-image-preview":"max-image-preview:large","max-video-preview":"max-video-preview:-1"},"og_locale":"de_DE","og_type":"article","og_title":"Wir verbinden Ihr Unternehmen - Colt Technology Services | DE","og_description":"Colt ist der perfekte Partner f\u00fcr die rasche und flexible Umsetzung Ihrer digitalen Transformation.","og_url":"https:\/\/legacy.colt.net\/de\/solutions\/enterprise\/","og_site_name":"Colt Technology Services","article_publisher":"https:\/\/www.facebook.com\/ColtTechnologyServices\/","article_modified_time":"2021-03-29T14:00:06+00:00","og_image":[{"width":1000,"height":676,"url":"https:\/\/legacy.colt.net\/wp-content\/uploads\/2021\/01\/Brand-2021-Stock-2.jpg","type":"image\/jpeg"}],"twitter_card":"summary_large_image","twitter_site":"@colt_technology","twitter_misc":{"Est. reading time":"3 minutes"},"schema":{"@context":"https:\/\/schema.org","@graph":[{"@type":"WebPage","@id":"https:\/\/legacy.colt.net\/de\/solutions\/enterprise\/","url":"https:\/\/legacy.colt.net\/de\/solutions\/enterprise\/","name":"Wir verbinden Ihr Unternehmen - Colt Technology Services | DE","isPartOf":{"@id":"https:\/\/legacy.colt.net\/#website"},"primaryImageOfPage":{"@id":"https:\/\/legacy.colt.net\/de\/solutions\/enterprise\/#primaryimage"},"image":{"@id":"https:\/\/legacy.colt.net\/de\/solutions\/enterprise\/#primaryimage"},"thumbnailUrl":"https:\/\/legacy.colt.net\/wp-content\/uploads\/2021\/01\/Connecting-your-enterprise-network.png","datePublished":"2021-01-09T09:09:53+00:00","dateModified":"2021-03-29T14:00:06+00:00","description":"Colt ist der perfekte Partner f\u00fcr die rasche und flexible Umsetzung Ihrer digitalen Transformation.","breadcrumb":{"@id":"https:\/\/legacy.colt.net\/de\/solutions\/enterprise\/#breadcrumb"},"inLanguage":"de-DE","potentialAction":[{"@type":"ReadAction","target":["https:\/\/legacy.colt.net\/de\/solutions\/enterprise\/"]}]},{"@type":"ImageObject","inLanguage":"de-DE","@id":"https:\/\/legacy.colt.net\/de\/solutions\/enterprise\/#primaryimage","url":"https:\/\/legacy.colt.net\/wp-content\/uploads\/2021\/01\/Connecting-your-enterprise-network.png","contentUrl":"https:\/\/legacy.colt.net\/wp-content\/uploads\/2021\/01\/Connecting-your-enterprise-network.png"},{"@type":"BreadcrumbList","@id":"https:\/\/legacy.colt.net\/de\/solutions\/enterprise\/#breadcrumb","itemListElement":[{"@type":"ListItem","position":1,"name":"Home","item":"https:\/\/legacy.colt.net\/de\/"},{"@type":"ListItem","position":2,"name":"L\u00f6sungen","item":"https:\/\/legacy.colt.net\/de\/solutions\/"},{"@type":"ListItem","position":3,"name":"Wir verbinden Ihr Unternehmen"}]},{"@type":"WebSite","@id":"https:\/\/legacy.colt.net\/#website","url":"https:\/\/legacy.colt.net\/","name":"Colt\u30c6\u30af\u30ce\u30ed\u30b8\u30fc\u30b5\u30fc\u30d3\u30b9\u682a\u5f0f\u4f1a\u793e","description":"Managed Network &amp; Voice Services Provider","publisher":{"@id":"https:\/\/legacy.colt.net\/#organization"},"potentialAction":[{"@type":"SearchAction","target":{"@type":"EntryPoint","urlTemplate":"https:\/\/legacy.colt.net\/?s={search_term_string}"},"query-input":{"@type":"PropertyValueSpecification","valueRequired":true,"valueName":"search_term_string"}}],"inLanguage":"de-DE"},{"@type":"Organization","@id":"https:\/\/legacy.colt.net\/#organization","name":"Colt Technology Services","url":"https:\/\/legacy.colt.net\/","logo":{"@type":"ImageObject","inLanguage":"de-DE","@id":"https:\/\/legacy.colt.net\/#\/schema\/logo\/image\/","url":"https:\/\/legacy.colt.net\/wp-content\/uploads\/2019\/02\/Colt-Logo.png","contentUrl":"https:\/\/legacy.colt.net\/wp-content\/uploads\/2019\/02\/Colt-Logo.png","width":195,"height":77,"caption":"Colt Technology Services"},"image":{"@id":"https:\/\/legacy.colt.net\/#\/schema\/logo\/image\/"},"sameAs":["https:\/\/www.facebook.com\/ColtTechnologyServices\/","https:\/\/x.com\/colt_technology","https:\/\/www.instagram.com\/colttechnologyservices\/","https:\/\/www.linkedin.com\/company\/colt-technology-services","https:\/\/www.youtube.com\/user\/ColtTechnology"]}]}},"_links":{"self":[{"href":"https:\/\/legacy.colt.net\/de\/wp-json\/wp\/v2\/pages\/90274","targetHints":{"allow":["GET"]}}],"collection":[{"href":"https:\/\/legacy.colt.net\/de\/wp-json\/wp\/v2\/pages"}],"about":[{"href":"https:\/\/legacy.colt.net\/de\/wp-json\/wp\/v2\/types\/page"}],"author":[{"embeddable":true,"href":"https:\/\/legacy.colt.net\/de\/wp-json\/wp\/v2\/users\/2"}],"replies":[{"embeddable":true,"href":"https:\/\/legacy.colt.net\/de\/wp-json\/wp\/v2\/comments?post=90274"}],"version-history":[{"count":0,"href":"https:\/\/legacy.colt.net\/de\/wp-json\/wp\/v2\/pages\/90274\/revisions"}],"up":[{"embeddable":true,"href":"https:\/\/legacy.colt.net\/de\/wp-json\/wp\/v2\/pages\/90891"}],"wp:attachment":[{"href":"https:\/\/legacy.colt.net\/de\/wp-json\/wp\/v2\/media?parent=90274"}],"wp:term":[{"taxonomy":"colt_type","embeddable":true,"href":"https:\/\/legacy.colt.net\/de\/wp-json\/wp\/v2\/colt_type?post=90274"},{"taxonomy":"colt_products","embeddable":true,"href":"https:\/\/legacy.colt.net\/de\/wp-json\/wp\/v2\/colt_products?post=90274"}],"curies":[{"name":"wp","href":"https:\/\/api.w.org\/{rel}","templated":true}]}}