{"id":88811,"date":"2021-01-05T14:40:39","date_gmt":"2021-01-05T14:40:39","guid":{"rendered":"https:\/\/www.colt.net\/about\/leadership\/jeff-lagarce\/"},"modified":"2021-01-11T12:10:14","modified_gmt":"2021-01-11T12:10:14","slug":"jeff-lagarce","status":"publish","type":"page","link":"https:\/\/legacy.colt.net\/de\/about\/leadership\/jeff-lagarce\/","title":{"rendered":"Jeff Lagarce"},"content":{"rendered":"\n<h1>\n\t<\/h1>\n\t<nav class=\"breadcrumb\"><span><span><a href=\"https:\/\/legacy.colt.net\/de\/\">Home<\/a><\/span><\/span><\/nav>\n\t<p>Jeff Lagarce wurde am 1. Januar 2021 in den Vorstand und den Pr\u00fcfungsausschuss von Colt berufen. Als Senior Advisor to the Board bei Fidelity International konzentriert er sich haupts\u00e4chlich auf neue Wachstumsbereiche.<\/p>\n<p>Zuvor war er bei FMR (Fidelity Management &amp; Research) als Pr\u00e4sident von Fidelity Institutional t\u00e4tig und kontrollierte verschiedenste Gesch\u00e4ftsbereiche, die die institutionellen und Intermedi\u00e4rkunden von FMR bedienen, darunter Clearing &amp; Custody Solutions, Institutional Asset Management und Capital Markets. Jeff Lagarce war au\u00dferdem Mitglied des Operating Committee von Fidelity.<\/p>\n<p>In seiner 36-j\u00e4hrigen Karriere im institutionellen Investmentgesch\u00e4ft nahm er zahlreiche leitende Funktionen sowohl bei FMR als auch bei FIL wahr. Au\u00dferdem war er vier Jahre lang Pr\u00e4sident von OFI Institutional Asset Management, einer Tochtergesellschaft von OppenheimerFunds.<\/p>\n\t\t\t\t<img loading=\"lazy\" decoding=\"async\" src=\"https:\/\/legacy.colt.net\/wp-content\/uploads\/2021\/01\/Jeff-Lagarce.jpg\" alt=\"Jeff Lagarce\" itemprop=\"image\" height=\"600\" width=\"400\" title=\"Jeff Lagarce\" onerror=\"this.style.display='none'\"  \/>\n<h3>\n\t\tJeff Lagarce\n\t<\/h3>\n<h4>\n\t\tNon-Executive Director\n\t<\/h4>\n\n","protected":false},"excerpt":{"rendered":"<p>Jeff Lagarce wurde am 1. Januar 2021 in den Vorstand und den Pr\u00fcfungsausschuss von Colt berufen. Als Senior Advisor to the Board bei Fidelity International konzentriert er sich haupts\u00e4chlich auf neue Wachstumsbereiche. Zuvor war er bei FMR (Fidelity Management &amp; Research) als Pr\u00e4sident von Fidelity Institutional t\u00e4tig und kontrollierte verschiedenste Gesch\u00e4ftsbereiche, die die institutionellen und&#8230;<\/p>\n","protected":false},"author":2,"featured_media":0,"parent":35346,"menu_order":0,"comment_status":"closed","ping_status":"closed","template":"","meta":{"_acf_changed":false,"footnotes":""},"colt_type":[],"colt_products":[],"class_list":["post-88811","page","type-page","status-publish","hentry"],"acf":[],"yoast_head":"<!-- This site is optimized with the Yoast SEO plugin v26.8 - https:\/\/yoast.com\/product\/yoast-seo-wordpress\/ -->\n<title>Jeff Lagarce - Colt Technology Services<\/title>\n<meta name=\"description\" content=\"Jeff Lagarce wurde am 1. Januar 2021 in den Vorstand und den Pr\u00fcfungsausschuss von Colt berufen.\" \/>\n<meta name=\"robots\" content=\"noindex, follow, max-snippet:-1, max-image-preview:large, max-video-preview:-1\" \/>\n<meta property=\"og:locale\" content=\"de_DE\" \/>\n<meta property=\"og:type\" content=\"article\" \/>\n<meta property=\"og:title\" content=\"Jeff Lagarce - Colt Technology Services\" \/>\n<meta property=\"og:description\" content=\"Jeff Lagarce wurde am 1. Januar 2021 in den Vorstand und den Pr\u00fcfungsausschuss von Colt berufen.\" \/>\n<meta property=\"og:url\" content=\"https:\/\/legacy.colt.net\/de\/about\/leadership\/jeff-lagarce\/\" \/>\n<meta property=\"og:site_name\" content=\"Colt Technology Services\" \/>\n<meta property=\"article:publisher\" content=\"https:\/\/www.facebook.com\/ColtTechnologyServices\/\" \/>\n<meta property=\"article:modified_time\" content=\"2021-01-11T12:10:14+00:00\" \/>\n<meta property=\"og:image\" content=\"https:\/\/legacy.colt.net\/wp-content\/uploads\/2021\/01\/Brand-2021-Stock-31.jpg\" \/>\n\t<meta property=\"og:image:width\" content=\"1000\" \/>\n\t<meta property=\"og:image:height\" content=\"667\" \/>\n\t<meta property=\"og:image:type\" content=\"image\/jpeg\" \/>\n<meta name=\"twitter:card\" content=\"summary_large_image\" \/>\n<meta name=\"twitter:site\" content=\"@colt_technology\" \/>\n<meta name=\"twitter:label1\" content=\"Est. reading time\" \/>\n\t<meta name=\"twitter:data1\" content=\"1 minute\" \/>\n<script type=\"application\/ld+json\" class=\"yoast-schema-graph\">{\"@context\":\"https:\/\/schema.org\",\"@graph\":[{\"@type\":\"WebPage\",\"@id\":\"https:\/\/legacy.colt.net\/de\/about\/leadership\/jeff-lagarce\/\",\"url\":\"https:\/\/legacy.colt.net\/de\/about\/leadership\/jeff-lagarce\/\",\"name\":\"Jeff Lagarce - Colt Technology Services\",\"isPartOf\":{\"@id\":\"https:\/\/legacy.colt.net\/#website\"},\"primaryImageOfPage\":{\"@id\":\"https:\/\/legacy.colt.net\/de\/about\/leadership\/jeff-lagarce\/#primaryimage\"},\"image\":{\"@id\":\"https:\/\/legacy.colt.net\/de\/about\/leadership\/jeff-lagarce\/#primaryimage\"},\"thumbnailUrl\":\"https:\/\/legacy.colt.net\/wp-content\/uploads\/2021\/01\/Jeff-Lagarce.jpg\",\"datePublished\":\"2021-01-05T14:40:39+00:00\",\"dateModified\":\"2021-01-11T12:10:14+00:00\",\"description\":\"Jeff Lagarce wurde am 1. Januar 2021 in den Vorstand und den Pr\u00fcfungsausschuss von Colt berufen.\",\"breadcrumb\":{\"@id\":\"https:\/\/legacy.colt.net\/de\/about\/leadership\/jeff-lagarce\/#breadcrumb\"},\"inLanguage\":\"de-DE\",\"potentialAction\":[{\"@type\":\"ReadAction\",\"target\":[\"https:\/\/legacy.colt.net\/de\/about\/leadership\/jeff-lagarce\/\"]}]},{\"@type\":\"ImageObject\",\"inLanguage\":\"de-DE\",\"@id\":\"https:\/\/legacy.colt.net\/de\/about\/leadership\/jeff-lagarce\/#primaryimage\",\"url\":\"https:\/\/legacy.colt.net\/wp-content\/uploads\/2021\/01\/Jeff-Lagarce.jpg\",\"contentUrl\":\"https:\/\/legacy.colt.net\/wp-content\/uploads\/2021\/01\/Jeff-Lagarce.jpg\"},{\"@type\":\"BreadcrumbList\",\"@id\":\"https:\/\/legacy.colt.net\/de\/about\/leadership\/jeff-lagarce\/#breadcrumb\",\"itemListElement\":[{\"@type\":\"ListItem\",\"position\":1,\"name\":\"Home\",\"item\":\"https:\/\/legacy.colt.net\/de\/\"},{\"@type\":\"ListItem\",\"position\":2,\"name\":\"\u00dcber Colt\",\"item\":\"https:\/\/legacy.colt.net\/de\/about\/\"},{\"@type\":\"ListItem\",\"position\":3,\"name\":\"Leadership\",\"item\":\"https:\/\/legacy.colt.net\/de\/about\/leadership\/\"},{\"@type\":\"ListItem\",\"position\":4,\"name\":\"Jeff Lagarce\"}]},{\"@type\":\"WebSite\",\"@id\":\"https:\/\/legacy.colt.net\/#website\",\"url\":\"https:\/\/legacy.colt.net\/\",\"name\":\"Colt\u30c6\u30af\u30ce\u30ed\u30b8\u30fc\u30b5\u30fc\u30d3\u30b9\u682a\u5f0f\u4f1a\u793e\",\"description\":\"Managed Network &amp; Voice Services Provider\",\"publisher\":{\"@id\":\"https:\/\/legacy.colt.net\/#organization\"},\"potentialAction\":[{\"@type\":\"SearchAction\",\"target\":{\"@type\":\"EntryPoint\",\"urlTemplate\":\"https:\/\/legacy.colt.net\/?s={search_term_string}\"},\"query-input\":{\"@type\":\"PropertyValueSpecification\",\"valueRequired\":true,\"valueName\":\"search_term_string\"}}],\"inLanguage\":\"de-DE\"},{\"@type\":\"Organization\",\"@id\":\"https:\/\/legacy.colt.net\/#organization\",\"name\":\"Colt Technology Services\",\"url\":\"https:\/\/legacy.colt.net\/\",\"logo\":{\"@type\":\"ImageObject\",\"inLanguage\":\"de-DE\",\"@id\":\"https:\/\/legacy.colt.net\/#\/schema\/logo\/image\/\",\"url\":\"https:\/\/legacy.colt.net\/wp-content\/uploads\/2019\/02\/Colt-Logo.png\",\"contentUrl\":\"https:\/\/legacy.colt.net\/wp-content\/uploads\/2019\/02\/Colt-Logo.png\",\"width\":195,\"height\":77,\"caption\":\"Colt Technology Services\"},\"image\":{\"@id\":\"https:\/\/legacy.colt.net\/#\/schema\/logo\/image\/\"},\"sameAs\":[\"https:\/\/www.facebook.com\/ColtTechnologyServices\/\",\"https:\/\/x.com\/colt_technology\",\"https:\/\/www.instagram.com\/colttechnologyservices\/\",\"https:\/\/www.linkedin.com\/company\/colt-technology-services\",\"https:\/\/www.youtube.com\/user\/ColtTechnology\"]}]}<\/script>\n<!-- \/ Yoast SEO plugin. -->","yoast_head_json":{"title":"Jeff Lagarce - Colt Technology Services","description":"Jeff Lagarce wurde am 1. Januar 2021 in den Vorstand und den Pr\u00fcfungsausschuss von Colt berufen.","robots":{"index":"noindex","follow":"follow","max-snippet":"max-snippet:-1","max-image-preview":"max-image-preview:large","max-video-preview":"max-video-preview:-1"},"og_locale":"de_DE","og_type":"article","og_title":"Jeff Lagarce - Colt Technology Services","og_description":"Jeff Lagarce wurde am 1. Januar 2021 in den Vorstand und den Pr\u00fcfungsausschuss von Colt berufen.","og_url":"https:\/\/legacy.colt.net\/de\/about\/leadership\/jeff-lagarce\/","og_site_name":"Colt Technology Services","article_publisher":"https:\/\/www.facebook.com\/ColtTechnologyServices\/","article_modified_time":"2021-01-11T12:10:14+00:00","og_image":[{"width":1000,"height":667,"url":"https:\/\/legacy.colt.net\/wp-content\/uploads\/2021\/01\/Brand-2021-Stock-31.jpg","type":"image\/jpeg"}],"twitter_card":"summary_large_image","twitter_site":"@colt_technology","twitter_misc":{"Est. reading time":"1 minute"},"schema":{"@context":"https:\/\/schema.org","@graph":[{"@type":"WebPage","@id":"https:\/\/legacy.colt.net\/de\/about\/leadership\/jeff-lagarce\/","url":"https:\/\/legacy.colt.net\/de\/about\/leadership\/jeff-lagarce\/","name":"Jeff Lagarce - Colt Technology Services","isPartOf":{"@id":"https:\/\/legacy.colt.net\/#website"},"primaryImageOfPage":{"@id":"https:\/\/legacy.colt.net\/de\/about\/leadership\/jeff-lagarce\/#primaryimage"},"image":{"@id":"https:\/\/legacy.colt.net\/de\/about\/leadership\/jeff-lagarce\/#primaryimage"},"thumbnailUrl":"https:\/\/legacy.colt.net\/wp-content\/uploads\/2021\/01\/Jeff-Lagarce.jpg","datePublished":"2021-01-05T14:40:39+00:00","dateModified":"2021-01-11T12:10:14+00:00","description":"Jeff Lagarce wurde am 1. Januar 2021 in den Vorstand und den Pr\u00fcfungsausschuss von Colt berufen.","breadcrumb":{"@id":"https:\/\/legacy.colt.net\/de\/about\/leadership\/jeff-lagarce\/#breadcrumb"},"inLanguage":"de-DE","potentialAction":[{"@type":"ReadAction","target":["https:\/\/legacy.colt.net\/de\/about\/leadership\/jeff-lagarce\/"]}]},{"@type":"ImageObject","inLanguage":"de-DE","@id":"https:\/\/legacy.colt.net\/de\/about\/leadership\/jeff-lagarce\/#primaryimage","url":"https:\/\/legacy.colt.net\/wp-content\/uploads\/2021\/01\/Jeff-Lagarce.jpg","contentUrl":"https:\/\/legacy.colt.net\/wp-content\/uploads\/2021\/01\/Jeff-Lagarce.jpg"},{"@type":"BreadcrumbList","@id":"https:\/\/legacy.colt.net\/de\/about\/leadership\/jeff-lagarce\/#breadcrumb","itemListElement":[{"@type":"ListItem","position":1,"name":"Home","item":"https:\/\/legacy.colt.net\/de\/"},{"@type":"ListItem","position":2,"name":"\u00dcber Colt","item":"https:\/\/legacy.colt.net\/de\/about\/"},{"@type":"ListItem","position":3,"name":"Leadership","item":"https:\/\/legacy.colt.net\/de\/about\/leadership\/"},{"@type":"ListItem","position":4,"name":"Jeff Lagarce"}]},{"@type":"WebSite","@id":"https:\/\/legacy.colt.net\/#website","url":"https:\/\/legacy.colt.net\/","name":"Colt\u30c6\u30af\u30ce\u30ed\u30b8\u30fc\u30b5\u30fc\u30d3\u30b9\u682a\u5f0f\u4f1a\u793e","description":"Managed Network &amp; Voice Services Provider","publisher":{"@id":"https:\/\/legacy.colt.net\/#organization"},"potentialAction":[{"@type":"SearchAction","target":{"@type":"EntryPoint","urlTemplate":"https:\/\/legacy.colt.net\/?s={search_term_string}"},"query-input":{"@type":"PropertyValueSpecification","valueRequired":true,"valueName":"search_term_string"}}],"inLanguage":"de-DE"},{"@type":"Organization","@id":"https:\/\/legacy.colt.net\/#organization","name":"Colt Technology Services","url":"https:\/\/legacy.colt.net\/","logo":{"@type":"ImageObject","inLanguage":"de-DE","@id":"https:\/\/legacy.colt.net\/#\/schema\/logo\/image\/","url":"https:\/\/legacy.colt.net\/wp-content\/uploads\/2019\/02\/Colt-Logo.png","contentUrl":"https:\/\/legacy.colt.net\/wp-content\/uploads\/2019\/02\/Colt-Logo.png","width":195,"height":77,"caption":"Colt Technology Services"},"image":{"@id":"https:\/\/legacy.colt.net\/#\/schema\/logo\/image\/"},"sameAs":["https:\/\/www.facebook.com\/ColtTechnologyServices\/","https:\/\/x.com\/colt_technology","https:\/\/www.instagram.com\/colttechnologyservices\/","https:\/\/www.linkedin.com\/company\/colt-technology-services","https:\/\/www.youtube.com\/user\/ColtTechnology"]}]}},"_links":{"self":[{"href":"https:\/\/legacy.colt.net\/de\/wp-json\/wp\/v2\/pages\/88811","targetHints":{"allow":["GET"]}}],"collection":[{"href":"https:\/\/legacy.colt.net\/de\/wp-json\/wp\/v2\/pages"}],"about":[{"href":"https:\/\/legacy.colt.net\/de\/wp-json\/wp\/v2\/types\/page"}],"author":[{"embeddable":true,"href":"https:\/\/legacy.colt.net\/de\/wp-json\/wp\/v2\/users\/2"}],"replies":[{"embeddable":true,"href":"https:\/\/legacy.colt.net\/de\/wp-json\/wp\/v2\/comments?post=88811"}],"version-history":[{"count":0,"href":"https:\/\/legacy.colt.net\/de\/wp-json\/wp\/v2\/pages\/88811\/revisions"}],"up":[{"embeddable":true,"href":"https:\/\/legacy.colt.net\/de\/wp-json\/wp\/v2\/pages\/35346"}],"wp:attachment":[{"href":"https:\/\/legacy.colt.net\/de\/wp-json\/wp\/v2\/media?parent=88811"}],"wp:term":[{"taxonomy":"colt_type","embeddable":true,"href":"https:\/\/legacy.colt.net\/de\/wp-json\/wp\/v2\/colt_type?post=88811"},{"taxonomy":"colt_products","embeddable":true,"href":"https:\/\/legacy.colt.net\/de\/wp-json\/wp\/v2\/colt_products?post=88811"}],"curies":[{"name":"wp","href":"https:\/\/api.w.org\/{rel}","templated":true}]}}