{"id":81048,"date":"2020-06-26T09:41:07","date_gmt":"2020-06-26T08:41:07","guid":{"rendered":"https:\/\/www.colt.net\/product\/sd-wan-multi-cloud\/"},"modified":"2022-10-17T17:25:34","modified_gmt":"2022-10-17T16:25:34","slug":"sd-wan-multi-cloud","status":"publish","type":"page","link":"https:\/\/legacy.colt.net\/de\/product\/sd-wan-multi-cloud\/","title":{"rendered":"SD WAN Multi-Cloud"},"content":{"rendered":"\r\n<h1>\u00a0<\/h1>\r\n<h2>Cloud-Konnektivit\u00e4t<\/h2>\r\n<nav class=\"breadcrumb\"><span><span><a href=\"https:\/\/legacy.colt.net\/de\/\">Home<\/a><\/span><\/span><\/nav>\r\n<h3>Erfolgreiche Cloud-Migration mit SD WAN<\/h3>\r\n<p>Die erfolgreiche Migration von Anwendungen und Workloads in die Cloud ist f\u00fcr Unternehmen wichtiger denn je. Die Akzeptanz der Cloud ist so stark gestiegen, dass heute 94\u00a0% der Unternehmen weltweit die Cloud nutzen und 85\u00a0% der Unternehmen mehr als die H\u00e4lfte ihrer Arbeitslasten in der Cloud ausf\u00fchren.<\/p>\r\n<p>Da Cloud-Verkehr viel schwieriger vorherzusagen ist als lokal gehostete herk\u00f6mmliche Anwendungen, setzen Unternehmen zunehmend auf SD WAN, um ihre Cloud-Erfahrung zu optimieren und ihre Produktivit\u00e4t zu verbessern.<\/p>\r\n<h3>Colt SD WAN Multi-Cloud<\/h3>\r\n<p>Wir stellen Ihnen die <b>Colt SD WAN Multi-Cloud<\/b>\u00a0vor &#8211; eine Funktion des ausgezeichneten SD WAN-Service von Colt, die eine direkte, zuverl\u00e4ssige und sichere Konnektivit\u00e4t zu mehreren Clouds \u00fcber das Colt Cloud Gateway erm\u00f6glicht.<\/p>\r\n<p>Colt SD WAN Multi-Cloud nutzt das umfangreiche, SDN-optimierte Colt-IQ-Netzwerk, um hochleistungsf\u00e4hige, kosteng\u00fcnstige und sichere Cloud-Konnektivit\u00e4t direkt zu den Cloud Service Providern (CSPs) bereitzustellen.<\/p>\r\n<p>Diese L\u00f6sung vereint ein einziges, zusammenh\u00e4ngendes Konzept des Unternehmensnetzwerks, die WAN-Standorte und Cloud-Infrastruktur miteinander verbindet\u00a0&#8211; wobei all das einfach \u00fcber das Colt SD WAN-Portal angezeigt und verwaltet werden kann.<\/p>\r\n<p>\u00dcber SD WAN Multi-Cloud k\u00f6nnen Kunden das Management ihrer Niederlassungen \u00fcber WAN-Konnektivit\u00e4t mit privater, direkter Konnektivit\u00e4t zu ihren IaaS\/SaaS-Anwendungen kombinieren. Dies erfolgt mit mehreren CSPs \u00fcber eine einzige Infrastruktur und Sie profitieren von durchg\u00e4ngiger Sicherheit, Performance SLAs und Transparenz.<\/p>\r\n<p>Der Colt SD WAN Multi-Cloud Service unterst\u00fctzt AWS, Microsoft Azure und Google Cloud in ganz Europa und bietet damit eine weitere Option f\u00fcr Kunden, die eine Verbindung zu diesen \u00f6ffentlichen Clouds herstellen m\u00f6chten.<\/p>\r\n<h3>Verbindung in die Cloud mit Colt<\/h3>\r\n<p>F\u00fcr Unternehmen, die Microsoft Cloud-Produktivit\u00e4tsanwendungen einsetzen und nach einer optimierten Unified Communications-L\u00f6sung suchen, bietet Colt auch\u00a0<a href=\"https:\/\/legacy.colt.net\/de\/product\/colt-intelligent-communications\/\"><b>Colt Intelligent Communications<\/b><\/a>.<\/p>\r\n<p>F\u00fcr Kunden, die sich \u00fcber das Internet verbinden, bietet Colt IP Access mit Cloud-Priorisierung B2B-Internetverbindungen, die f\u00fcr Microsoft SaaS-Anwendungen optimiert ist. Mehr dazu\u00a0finden Sie <a href=\"https:\/\/legacy.colt.net\/de\/product\/cloud-prioritisation\/\">hier<\/a>.<\/p>\r\n<h3>Live Chat<\/h3>\r\n<h3>Kontaktieren Sie uns<\/h3>\r\n<!-- [if lte IE 8]><br \/>\r\n<br \/>\r\n<![endif]-->\r\n<p>&nbsp;<\/p>\r\n<h3>Telefonkontakt<\/h3>\r\n<h3>080026584636<\/h3>\r\n<p><img decoding=\"async\" title=\"Glowing Fiber Channels\" src=\"https:\/\/legacy.colt.net\/wp-content\/uploads\/2019\/05\/Colt-Fallback-12-1-720x450.jpg\" alt=\"Glowing Fiber Optic Channels Closeup Photo. Fiber Channel Background.\" \/><\/p>\r\n<h5>SD WAN as a service<\/h5>\r\n<p>Freunden Sie sich mit Ihrem WAN an. Nach Informationen des Analysten Gartner sind die meisten Unternehmen nicht gl\u00fccklich mit ihrem Wide Area Network.<\/p>\r\n<p><img decoding=\"async\" title=\"Colt Fallback\" src=\"https:\/\/legacy.colt.net\/wp-content\/uploads\/2019\/05\/AP195278-720x450.jpg\" alt=\"Colt Fallback\" \/><\/p>\r\n<h5>Colt als Leader f\u00fcr Managed SD-WAN Services eingestuft<\/h5>\r\n<p>Colt ist mit seinen Managed SD-WAN und Managed WAN Services ein \u201eLeader&#8221; im Vergleich zu 48 Anbietern dieser Services. Das ist das Ergebnis des j\u00e4hrlich erscheinenden Anbietervergleichs \u201eISG Provider Lens Network &#8211; Software Defined Solutions and Services Partners Report Germany 2020&#8243;.\u00a0<\/p>\r\n<p><img decoding=\"async\" title=\"Abstract 3D network in future\" src=\"https:\/\/legacy.colt.net\/wp-content\/uploads\/2019\/05\/Colt-Fallback-19-1-720x450.jpg\" alt=\"Abstract 3D network in future\" \/><\/p>\r\n<h5>Colt-Cloud-Priorisierung<\/h5>\r\n<p>Internet-Konnektivit\u00e4t ist allgegenw\u00e4rtig und die beste Option f\u00fcr SaaS-Anwendungen wie Microsoft Teams und Office 365, aber wie k\u00f6nnen Sie Netzwerkkonflikte und unvorhersehbare Routing-\u00c4nderungen \u00fcberwinden und eine optimale Benutzererfahrung gew\u00e4hrleisten?<\/p>\r\n","protected":false},"excerpt":{"rendered":"<p>\u00a0 Cloud-Konnektivit\u00e4t Erfolgreiche Cloud-Migration mit SD WAN Die erfolgreiche Migration von Anwendungen und Workloads in die Cloud ist f\u00fcr Unternehmen wichtiger denn je. Die Akzeptanz der Cloud ist so stark gestiegen, dass heute 94\u00a0% der Unternehmen weltweit die Cloud nutzen und 85\u00a0% der Unternehmen mehr als die H\u00e4lfte ihrer Arbeitslasten in der Cloud ausf\u00fchren. Da&#8230;<\/p>\n","protected":false},"author":2,"featured_media":0,"parent":35897,"menu_order":0,"comment_status":"closed","ping_status":"closed","template":"page-templates\/template-product.php","meta":{"_acf_changed":false,"footnotes":""},"colt_type":[],"colt_products":[],"class_list":["post-81048","page","type-page","status-publish","hentry"],"acf":[],"yoast_head":"<!-- This site is optimized with the Yoast SEO plugin v26.8 - https:\/\/yoast.com\/product\/yoast-seo-wordpress\/ -->\n<title>SD WAN Multi-Cloud - Colt Technology Services - DE<\/title>\n<meta name=\"description\" content=\"Colt SD WAN Multi-Cloud nutzt das umfangreiche, SDN-optimierte Colt-IQ-Netzwerk, um hochleistungsf\u00e4hige, kosteng\u00fcnstige und sichere Cloud-Konnektivit\u00e4t direkt zu den Cloud Service Providern bereitzustellen.\" \/>\n<meta name=\"robots\" content=\"noindex, follow, max-snippet:-1, max-image-preview:large, max-video-preview:-1\" \/>\n<meta property=\"og:locale\" content=\"de_DE\" \/>\n<meta property=\"og:type\" content=\"article\" \/>\n<meta property=\"og:title\" content=\"SD WAN Multi-Cloud - Colt Technology Services - DE\" \/>\n<meta property=\"og:description\" content=\"Colt SD WAN Multi-Cloud nutzt das umfangreiche, SDN-optimierte Colt-IQ-Netzwerk, um hochleistungsf\u00e4hige, kosteng\u00fcnstige und sichere Cloud-Konnektivit\u00e4t direkt zu den Cloud Service Providern bereitzustellen.\" \/>\n<meta property=\"og:url\" content=\"https:\/\/legacy.colt.net\/de\/product\/sd-wan-multi-cloud\/\" \/>\n<meta property=\"og:site_name\" content=\"Colt Technology Services\" \/>\n<meta property=\"article:publisher\" content=\"https:\/\/www.facebook.com\/ColtTechnologyServices\/\" \/>\n<meta property=\"article:modified_time\" content=\"2022-10-17T16:25:34+00:00\" \/>\n<meta property=\"og:image\" content=\"https:\/\/legacy.colt.net\/wp-content\/uploads\/2019\/05\/Colt-Fallback-12-1-720x450.jpg\" \/>\n<meta name=\"twitter:card\" content=\"summary_large_image\" \/>\n<meta name=\"twitter:site\" content=\"@colt_technology\" \/>\n<meta name=\"twitter:label1\" content=\"Est. reading time\" \/>\n\t<meta name=\"twitter:data1\" content=\"2 minutes\" \/>\n<script type=\"application\/ld+json\" class=\"yoast-schema-graph\">{\"@context\":\"https:\/\/schema.org\",\"@graph\":[{\"@type\":\"WebPage\",\"@id\":\"https:\/\/legacy.colt.net\/de\/product\/sd-wan-multi-cloud\/\",\"url\":\"https:\/\/legacy.colt.net\/de\/product\/sd-wan-multi-cloud\/\",\"name\":\"SD WAN Multi-Cloud - Colt Technology Services - DE\",\"isPartOf\":{\"@id\":\"https:\/\/legacy.colt.net\/#website\"},\"primaryImageOfPage\":{\"@id\":\"https:\/\/legacy.colt.net\/de\/product\/sd-wan-multi-cloud\/#primaryimage\"},\"image\":{\"@id\":\"https:\/\/legacy.colt.net\/de\/product\/sd-wan-multi-cloud\/#primaryimage\"},\"thumbnailUrl\":\"https:\/\/legacy.colt.net\/wp-content\/uploads\/2019\/05\/Colt-Fallback-12-1-720x450.jpg\",\"datePublished\":\"2020-06-26T08:41:07+00:00\",\"dateModified\":\"2022-10-17T16:25:34+00:00\",\"description\":\"Colt SD WAN Multi-Cloud nutzt das umfangreiche, SDN-optimierte Colt-IQ-Netzwerk, um hochleistungsf\u00e4hige, kosteng\u00fcnstige und sichere Cloud-Konnektivit\u00e4t direkt zu den Cloud Service Providern bereitzustellen.\",\"breadcrumb\":{\"@id\":\"https:\/\/legacy.colt.net\/de\/product\/sd-wan-multi-cloud\/#breadcrumb\"},\"inLanguage\":\"de-DE\",\"potentialAction\":[{\"@type\":\"ReadAction\",\"target\":[\"https:\/\/legacy.colt.net\/de\/product\/sd-wan-multi-cloud\/\"]}]},{\"@type\":\"ImageObject\",\"inLanguage\":\"de-DE\",\"@id\":\"https:\/\/legacy.colt.net\/de\/product\/sd-wan-multi-cloud\/#primaryimage\",\"url\":\"https:\/\/legacy.colt.net\/wp-content\/uploads\/2019\/05\/Colt-Fallback-12-1-720x450.jpg\",\"contentUrl\":\"https:\/\/legacy.colt.net\/wp-content\/uploads\/2019\/05\/Colt-Fallback-12-1-720x450.jpg\"},{\"@type\":\"BreadcrumbList\",\"@id\":\"https:\/\/legacy.colt.net\/de\/product\/sd-wan-multi-cloud\/#breadcrumb\",\"itemListElement\":[{\"@type\":\"ListItem\",\"position\":1,\"name\":\"Home\",\"item\":\"https:\/\/legacy.colt.net\/de\/\"},{\"@type\":\"ListItem\",\"position\":2,\"name\":\"Produkte &#038; Netzwerkservice\",\"item\":\"https:\/\/legacy.colt.net\/de\/product\/\"},{\"@type\":\"ListItem\",\"position\":3,\"name\":\"SD WAN Multi-Cloud\"}]},{\"@type\":\"WebSite\",\"@id\":\"https:\/\/legacy.colt.net\/#website\",\"url\":\"https:\/\/legacy.colt.net\/\",\"name\":\"Colt\u30c6\u30af\u30ce\u30ed\u30b8\u30fc\u30b5\u30fc\u30d3\u30b9\u682a\u5f0f\u4f1a\u793e\",\"description\":\"Managed Network &amp; Voice Services Provider\",\"publisher\":{\"@id\":\"https:\/\/legacy.colt.net\/#organization\"},\"potentialAction\":[{\"@type\":\"SearchAction\",\"target\":{\"@type\":\"EntryPoint\",\"urlTemplate\":\"https:\/\/legacy.colt.net\/?s={search_term_string}\"},\"query-input\":{\"@type\":\"PropertyValueSpecification\",\"valueRequired\":true,\"valueName\":\"search_term_string\"}}],\"inLanguage\":\"de-DE\"},{\"@type\":\"Organization\",\"@id\":\"https:\/\/legacy.colt.net\/#organization\",\"name\":\"Colt Technology Services\",\"url\":\"https:\/\/legacy.colt.net\/\",\"logo\":{\"@type\":\"ImageObject\",\"inLanguage\":\"de-DE\",\"@id\":\"https:\/\/legacy.colt.net\/#\/schema\/logo\/image\/\",\"url\":\"https:\/\/legacy.colt.net\/wp-content\/uploads\/2019\/02\/Colt-Logo.png\",\"contentUrl\":\"https:\/\/legacy.colt.net\/wp-content\/uploads\/2019\/02\/Colt-Logo.png\",\"width\":195,\"height\":77,\"caption\":\"Colt Technology Services\"},\"image\":{\"@id\":\"https:\/\/legacy.colt.net\/#\/schema\/logo\/image\/\"},\"sameAs\":[\"https:\/\/www.facebook.com\/ColtTechnologyServices\/\",\"https:\/\/x.com\/colt_technology\",\"https:\/\/www.instagram.com\/colttechnologyservices\/\",\"https:\/\/www.linkedin.com\/company\/colt-technology-services\",\"https:\/\/www.youtube.com\/user\/ColtTechnology\"]}]}<\/script>\n<!-- \/ Yoast SEO plugin. -->","yoast_head_json":{"title":"SD WAN Multi-Cloud - Colt Technology Services - DE","description":"Colt SD WAN Multi-Cloud nutzt das umfangreiche, SDN-optimierte Colt-IQ-Netzwerk, um hochleistungsf\u00e4hige, kosteng\u00fcnstige und sichere Cloud-Konnektivit\u00e4t direkt zu den Cloud Service Providern bereitzustellen.","robots":{"index":"noindex","follow":"follow","max-snippet":"max-snippet:-1","max-image-preview":"max-image-preview:large","max-video-preview":"max-video-preview:-1"},"og_locale":"de_DE","og_type":"article","og_title":"SD WAN Multi-Cloud - Colt Technology Services - DE","og_description":"Colt SD WAN Multi-Cloud nutzt das umfangreiche, SDN-optimierte Colt-IQ-Netzwerk, um hochleistungsf\u00e4hige, kosteng\u00fcnstige und sichere Cloud-Konnektivit\u00e4t direkt zu den Cloud Service Providern bereitzustellen.","og_url":"https:\/\/legacy.colt.net\/de\/product\/sd-wan-multi-cloud\/","og_site_name":"Colt Technology Services","article_publisher":"https:\/\/www.facebook.com\/ColtTechnologyServices\/","article_modified_time":"2022-10-17T16:25:34+00:00","og_image":[{"url":"https:\/\/legacy.colt.net\/wp-content\/uploads\/2019\/05\/Colt-Fallback-12-1-720x450.jpg","type":"","width":"","height":""}],"twitter_card":"summary_large_image","twitter_site":"@colt_technology","twitter_misc":{"Est. reading time":"2 minutes"},"schema":{"@context":"https:\/\/schema.org","@graph":[{"@type":"WebPage","@id":"https:\/\/legacy.colt.net\/de\/product\/sd-wan-multi-cloud\/","url":"https:\/\/legacy.colt.net\/de\/product\/sd-wan-multi-cloud\/","name":"SD WAN Multi-Cloud - Colt Technology Services - DE","isPartOf":{"@id":"https:\/\/legacy.colt.net\/#website"},"primaryImageOfPage":{"@id":"https:\/\/legacy.colt.net\/de\/product\/sd-wan-multi-cloud\/#primaryimage"},"image":{"@id":"https:\/\/legacy.colt.net\/de\/product\/sd-wan-multi-cloud\/#primaryimage"},"thumbnailUrl":"https:\/\/legacy.colt.net\/wp-content\/uploads\/2019\/05\/Colt-Fallback-12-1-720x450.jpg","datePublished":"2020-06-26T08:41:07+00:00","dateModified":"2022-10-17T16:25:34+00:00","description":"Colt SD WAN Multi-Cloud nutzt das umfangreiche, SDN-optimierte Colt-IQ-Netzwerk, um hochleistungsf\u00e4hige, kosteng\u00fcnstige und sichere Cloud-Konnektivit\u00e4t direkt zu den Cloud Service Providern bereitzustellen.","breadcrumb":{"@id":"https:\/\/legacy.colt.net\/de\/product\/sd-wan-multi-cloud\/#breadcrumb"},"inLanguage":"de-DE","potentialAction":[{"@type":"ReadAction","target":["https:\/\/legacy.colt.net\/de\/product\/sd-wan-multi-cloud\/"]}]},{"@type":"ImageObject","inLanguage":"de-DE","@id":"https:\/\/legacy.colt.net\/de\/product\/sd-wan-multi-cloud\/#primaryimage","url":"https:\/\/legacy.colt.net\/wp-content\/uploads\/2019\/05\/Colt-Fallback-12-1-720x450.jpg","contentUrl":"https:\/\/legacy.colt.net\/wp-content\/uploads\/2019\/05\/Colt-Fallback-12-1-720x450.jpg"},{"@type":"BreadcrumbList","@id":"https:\/\/legacy.colt.net\/de\/product\/sd-wan-multi-cloud\/#breadcrumb","itemListElement":[{"@type":"ListItem","position":1,"name":"Home","item":"https:\/\/legacy.colt.net\/de\/"},{"@type":"ListItem","position":2,"name":"Produkte &#038; Netzwerkservice","item":"https:\/\/legacy.colt.net\/de\/product\/"},{"@type":"ListItem","position":3,"name":"SD WAN Multi-Cloud"}]},{"@type":"WebSite","@id":"https:\/\/legacy.colt.net\/#website","url":"https:\/\/legacy.colt.net\/","name":"Colt\u30c6\u30af\u30ce\u30ed\u30b8\u30fc\u30b5\u30fc\u30d3\u30b9\u682a\u5f0f\u4f1a\u793e","description":"Managed Network &amp; Voice Services Provider","publisher":{"@id":"https:\/\/legacy.colt.net\/#organization"},"potentialAction":[{"@type":"SearchAction","target":{"@type":"EntryPoint","urlTemplate":"https:\/\/legacy.colt.net\/?s={search_term_string}"},"query-input":{"@type":"PropertyValueSpecification","valueRequired":true,"valueName":"search_term_string"}}],"inLanguage":"de-DE"},{"@type":"Organization","@id":"https:\/\/legacy.colt.net\/#organization","name":"Colt Technology Services","url":"https:\/\/legacy.colt.net\/","logo":{"@type":"ImageObject","inLanguage":"de-DE","@id":"https:\/\/legacy.colt.net\/#\/schema\/logo\/image\/","url":"https:\/\/legacy.colt.net\/wp-content\/uploads\/2019\/02\/Colt-Logo.png","contentUrl":"https:\/\/legacy.colt.net\/wp-content\/uploads\/2019\/02\/Colt-Logo.png","width":195,"height":77,"caption":"Colt Technology Services"},"image":{"@id":"https:\/\/legacy.colt.net\/#\/schema\/logo\/image\/"},"sameAs":["https:\/\/www.facebook.com\/ColtTechnologyServices\/","https:\/\/x.com\/colt_technology","https:\/\/www.instagram.com\/colttechnologyservices\/","https:\/\/www.linkedin.com\/company\/colt-technology-services","https:\/\/www.youtube.com\/user\/ColtTechnology"]}]}},"_links":{"self":[{"href":"https:\/\/legacy.colt.net\/de\/wp-json\/wp\/v2\/pages\/81048","targetHints":{"allow":["GET"]}}],"collection":[{"href":"https:\/\/legacy.colt.net\/de\/wp-json\/wp\/v2\/pages"}],"about":[{"href":"https:\/\/legacy.colt.net\/de\/wp-json\/wp\/v2\/types\/page"}],"author":[{"embeddable":true,"href":"https:\/\/legacy.colt.net\/de\/wp-json\/wp\/v2\/users\/2"}],"replies":[{"embeddable":true,"href":"https:\/\/legacy.colt.net\/de\/wp-json\/wp\/v2\/comments?post=81048"}],"version-history":[{"count":0,"href":"https:\/\/legacy.colt.net\/de\/wp-json\/wp\/v2\/pages\/81048\/revisions"}],"up":[{"embeddable":true,"href":"https:\/\/legacy.colt.net\/de\/wp-json\/wp\/v2\/pages\/35897"}],"wp:attachment":[{"href":"https:\/\/legacy.colt.net\/de\/wp-json\/wp\/v2\/media?parent=81048"}],"wp:term":[{"taxonomy":"colt_type","embeddable":true,"href":"https:\/\/legacy.colt.net\/de\/wp-json\/wp\/v2\/colt_type?post=81048"},{"taxonomy":"colt_products","embeddable":true,"href":"https:\/\/legacy.colt.net\/de\/wp-json\/wp\/v2\/colt_products?post=81048"}],"curies":[{"name":"wp","href":"https:\/\/api.w.org\/{rel}","templated":true}]}}