{"id":80423,"date":"2019-10-03T09:15:26","date_gmt":"2019-10-03T08:15:26","guid":{"rendered":"https:\/\/www.colt.net\/universal-cpe\/"},"modified":"2021-01-08T18:12:34","modified_gmt":"2021-01-08T18:12:34","slug":"universal-cpe","status":"publish","type":"page","link":"https:\/\/legacy.colt.net\/de\/universal-cpe\/","title":{"rendered":"Universal CPE"},"content":{"rendered":"\n<h1>\n\t<\/h1>\n<h2>\n\t\tProducts &#038; Services\n\t<\/h2>\n\t<nav class=\"breadcrumb\"><span><span><a href=\"https:\/\/legacy.colt.net\/de\/\">Home<\/a><\/span><\/span><\/nav>\n\t\t\t<a href=\"#hs-chat-open\" target=\"_self\" role=\"button\" rel=\"noopener noreferrer\">\n\t\t\t\t\t\tLive Chat mit dem Vertrieb\n\t\t\t\t\t<\/a>\n\t\t\t<p>[hubspot type=form portal=344164 id=5cacc742-6557-402b-a3d6-ef5017c562ba]<\/p>\n\t\t\t<a href=\"void(0)\" target=\"_self\" rel=\"noopener noreferrer\">\n\t\t\t\t\t\t\t\t\t\t\tKontaktieren Sie unser Vertriebsteam\n\t\t<\/a>\n\t\t\t<a href=\"https:\/\/legacy.colt.net\/resources\/evolution-of-the-intelligent-network\/\" target=\"_blank\" role=\"button\" rel=\"noopener noreferrer\">\n\t\t\t\t\t\tuCPE whitepaper\n\t\t\t\t\t<\/a>\n<h2>\n\t\tTelekommunikationsnetze ver\u00e4ndern sich\n\t<\/h2>\n\t<p>W\u00e4hrend fr\u00fcher Netzwerke zur Bereitstellung von Diensten auf spezialisierte Hardware angewiesen waren\u00a0&#8211; einen Router, eine Firewall, einen WAN-Optimierer\u00a0&#8211; werden heute einige oder alle dieser Funktionen virtuell als Software bereitgestellt. Jetzt kann alles mit einer universellen CPE gesteuert werden, die an einem zentralen Standort oder einer Niederlassung platziert wird. <a href=\"https:\/\/legacy.colt.net\/de\/resources\/colts-ucpe-loesung-markiert-fuer-unternehmen-einen-wendepunkt-bei-der-nutzung-von-netzwerkfunktionen\/\">Hier<\/a> erfahren Sie mehr \u00fcber die Colt uCPE L\u00f6sung.<\/p>\n<h2>\n\t\tDie Universal CPE-L\u00f6sung von Colt\n\t<\/h2>\n\t<p>Die Einf\u00fchrung des universellen Colt CPE ist f\u00fcr uns ein wichtiger Schritt f\u00fcr ein virtuelles, softwaredefiniertes Netzwerk.<\/p>\n<p>Unsere erste Phase umfasst VNFs (Virtual Network Functions) f\u00fcr die Colt Versa SD-WAN Services und die Checkpoint-Firewall, wobei eine Reihe weiterer VNFs f\u00fcr Sicherheits- und WAN Services folgen werden.<\/p>\n<p>Wir sind einer der ersten Anbieter der Branche, der eine universelle\u00a0CPE-L\u00f6sung anbietet.<\/p>\n\t<meta itemprop=\"name\" content=\"What is uCPE\" \/><meta itemprop=\"uploadDate\" content=\"2019-10-08\" \/><meta itemprop=\"thumbnailUrl\" content=\"https:\/\/legacy.colt.net\/wp-content\/uploads\/2019\/10\/uCPE-1.gif\" \/><meta itemprop=\"description\" content=\"A short description into universal customer premises equipment\" \/><iframe loading=\"lazy\" width=\"560\" height=\"315\" src=\"https:\/\/www.youtube.com\/embed\/AGuSsmr6YQk\" frameborder=\"0\" allow=\"accelerometer; autoplay; encrypted-media; gyroscope; picture-in-picture\" allowfullscreen><\/iframe>\n<h2>\n\t\tDie Vorteile von Universal CPE\n\t<\/h2>\n\t<p>Wenn die Virtualisierung f\u00fcr die IT- und LAN-Infrastruktur von Unternehmen eingef\u00fchrt wird, warum nicht auch f\u00fcr das WAN? F\u00fcr den Endkunden entf\u00e4llt mit Universal CPE die Notwendigkeit, dedizierte Hardware zu kaufen, um lediglich neue Funktionen zu erg\u00e4nzen, und das Hinzuf\u00fcgen neuer Standorte zum Netzwerk wird viel schneller, einfacher und kosteng\u00fcnstiger.<\/p>\n<h3>\n\t\tGemeinsame Ressourcen reduzieren Vorlauf- und Betriebskosten\n\t<\/h3>\n\t<p>Bei Verwendung von Universal Customer Premises Equipment kann derselbe Server f\u00fcr mehrere Netzwerkfunktionen verwendet werden. Dadurch werden die anf\u00e4nglichen Investitionsausgaben und die Gesamtausgaben langfristig gesenkt.<\/p>\n<h3>\n\t\tSoftware-definierte, bedarfsgesteuerte Vernetzung\n\t<\/h3>\n\t<p>Software-zentrierte uCPE-L\u00f6sungen bedeuten, dass dynamische Dienste auf Abruf und als virtuelle Funktionen bereitgestellt werden k\u00f6nnen. uCPE kombiniert Orchestrierungsfunktionen und softwarebasierte dynamische Steuerung und erm\u00f6glicht es Anbietern, WAN-Dienste auf Abruf bereitzustellen.<\/p>\n<h3>\n\t\tTreibende Kraft f\u00fcr Innovation und Automatisierung\n\t<\/h3>\n\t<p>uCPE bringt die Dynamik der Cloud in die Telekommunikationsnetze, und eine solche offene programmierbare Plattform f\u00f6rdert Innovationen. Standardisierte Protokolle in der Daten-, Steuerungs- und Verwaltungsebene im uCPE k\u00f6nnen die Integration und den Betrieb von Netzwerken rationalisieren und vereinfachen.<\/p>\n<h3>\n\t\tKeine dedizierten Ger\u00e4te f\u00fcr Netzwerkdienste\n\t<\/h3>\n\t<p>Vermeiden Sie den Bedarf an dedizierten Ger\u00e4ten f\u00fcr Netzwerkdienste und ersetzen Sie diese durch \u00e4quivalente softwarebasierte VNFs. uCPE kombiniert Orchestrierungsfunktionen und softwarebasierte dynamische Steuerung, sodass CSPs On-Demand-WAN-Dienste anbieten k\u00f6nnen.<\/p>\n\t\t\t\t<img loading=\"lazy\" decoding=\"async\" src=\"https:\/\/legacy.colt.net\/wp-content\/uploads\/2019\/10\/Without-uCPE-v1.png\" alt=\"Without-uCPE-v1\" itemprop=\"image\" height=\"708\" width=\"700\" title=\"Without-uCPE-v1\" onerror=\"this.style.display='none'\"  \/>\n<h2>\n\t\tWas ist Universal CPE?\n\t<\/h2>\n\t<p>Der uCPE-Ansatz erm\u00f6glicht es Colt, eine schnellere Produktentwicklung, Kosten- sowie betriebliche Effizienz zu erzielen und gleichzeitig erstklassige Technologie von mehreren Anbietern zu nutzen.<\/p>\n<p>Durch die Nutzung gemeinsamer kommerzieller Standard-Infrastrukturen (COTS) und die Standardisierung wird die Effizienz deutlich verbessert und der Betrieb kosteneffektiv rationalisiert und automatisiert.<\/p>\n\t\t\t\t<img loading=\"lazy\" decoding=\"async\" src=\"https:\/\/legacy.colt.net\/wp-content\/uploads\/2019\/10\/With-uCPE-v1.png\" alt=\"With-uCPE-v1\" itemprop=\"image\" height=\"748\" width=\"538\" title=\"With-uCPE-v1\" onerror=\"this.style.display='none'\"  \/>\n<h2>\n\t\tUniversal CPE und SD WAN\n\t<\/h2>\n\t<p><a href=\"https:\/\/legacy.colt.net\/de\/product\/sd-wan\/\">SD WAN (Software Defined WAN)<\/a> erm\u00f6glicht es Unternehmen, die explosionsartige Zunahme des Bandbreitenbedarfs zu bew\u00e4ltigen, indem sie dedizierte Datenverbindungen mit weniger umfangreichen Breitbandverbindungen in ihrem Wide Area Network kombinieren. Das Ergebnis ist ein hybrides Netzwerk, bei dem unkritische Daten in einen gesicherten Internet-Tunnel ausgelagert werden, wodurch MPLS-Bandbreite f\u00fcr gesch\u00e4ftskritische Daten frei wird und die Gesamtbandbreite zu den Niederlassungen effizient erh\u00f6ht wird. Dieser Ansatz gibt den Kunden weitaus mehr Kontrolle \u00fcber ihr Netzwerk, und genau hier kommt uCPE ins Spiel.<\/p>\n<p>Da das SD WAN mehr Netzwerkfunktionen integriert, ist es eventuell nicht m\u00f6glich, f\u00fcr alle dedizierte Hardware zu haben. Mit Universal CPE lassen sich all diese Dienste virtualisieren und \u00fcber ein einziges Ger\u00e4t anbieten. Die Zukunft von SD WAN liegt also bei Universal CPE, da Anbieter virtualisierte Dienste auf einer kosteng\u00fcnstigen Plattform bereitstellen k\u00f6nnen, die den Einsatz einer Vielzahl von VNFs erm\u00f6glicht.<\/p>\n\t\t\t<a href=\"https:\/\/legacy.colt.net\/de\/product\/sd-wan\" target=\"_blank\" rel=\"noopener noreferrer\" role=\"button\">\n\t\t\t\t\t\t\tErfahren Sie mehr \u00fcber SD WAN\n\t\t<\/a>\n\t\t\t\t\t\t<img decoding=\"async\" src=\"https:\/\/i.ytimg.com\/vi\/tbPom0bfFdY\/hqdefault.jpg\"  \/>\n\t\t<h2>\n\t\tWie geht es mit dem intelligenten Netzwerk weiter?\n\t<\/h2>\n\t<p>uCPE und SD WAN f\u00f6rdern intelligente und flexible Netzwerke, angetrieben durch die wachsende Zahl virtualisierter Dienste und cloudbasierter Anwendungen. Diese Intelligenz wird weitere Innovationen vorantreiben, m\u00f6glicherweise in Kombination mit KI, um Aufgaben zu automatisieren oder Probleme zu erkennen, bevor sie auftreten. Ein weiterer Entwicklungsbereich ist Fog Computing, bei dem die Verarbeitung auf mehrere Edge-Ger\u00e4te verteilt wird, um den Zeitaufwand oder die Rechenleistung an einem einzigen Standort zu reduzieren, also ideal f\u00fcr IOT-Anwendungen. Damit dies funktioniert, m\u00fcssen die Netzwerke intelligent, flexibel und einfach zu verwalten und bereitzustellen sein. Aus diesem Grund wird f\u00fcr SD WAN und uCPE in den kommenden Jahren ein deutliches Wachstum prognostiziert.<\/p>\n\t\t\t<p>[hubspot portalid=&#8221;344164&#8243; formid=&#8221;2170edcf-5dc0-43d0-9163-53f4e9545a24&#8243; event=&#8221;HubSpotFormSubmitted&#8221; HsFormAction=&#8221;Contact Us&#8221; HsFormName=&#8221;uCPE&#8221;]<\/p>\n\t\t\t<a href=\"void(0)\" target=\"_self\" rel=\"noopener noreferrer\">\n\t\t\t\t\t\t\t\t\t\t\tWeitere Informationen\n\t\t<\/a>\n<h5>\n\t\tIst Ihr Standort angeschlossen?\n\t<\/h5>\n\t<strong>Testen Sie Ihre Anbindung an das Colt IQ-Netzwerk<br \/>\n<\/strong>\n\t\t\t<iframe loading=\"lazy\" src=\"https:\/\/dcp.colt.net\/coltFibreMapv2\/?lang=de\" width=\"100%\" height=\"100%\" frameborder=\"0\" seamless=\"seamless\"><\/iframe>\n\t\t\t<a href=\"void(0)\" target=\"_self\" rel=\"noopener noreferrer\">\n\t\t\t\t\t\t\tMeinen Anschluss testen\n\t\t<\/a>\n\n","protected":false},"excerpt":{"rendered":"<p>Products &#038; Services Live Chat mit dem Vertrieb [hubspot type=form portal=344164 id=5cacc742-6557-402b-a3d6-ef5017c562ba] Kontaktieren Sie unser Vertriebsteam uCPE whitepaper Telekommunikationsnetze ver\u00e4ndern sich W\u00e4hrend fr\u00fcher Netzwerke zur Bereitstellung von Diensten auf spezialisierte Hardware angewiesen waren\u00a0&#8211; einen Router, eine Firewall, einen WAN-Optimierer\u00a0&#8211; werden heute einige oder alle dieser Funktionen virtuell als Software bereitgestellt. Jetzt kann alles mit einer&#8230;<\/p>\n","protected":false},"author":2,"featured_media":0,"parent":0,"menu_order":0,"comment_status":"closed","ping_status":"closed","template":"","meta":{"_acf_changed":false,"footnotes":""},"colt_type":[],"colt_products":[],"class_list":["post-80423","page","type-page","status-publish","hentry"],"acf":[],"yoast_head":"<!-- This site is optimized with the Yoast SEO plugin v26.8 - https:\/\/yoast.com\/product\/yoast-seo-wordpress\/ -->\n<title>Colt Universal CPE | Colt Technology Services| DE<\/title>\n<meta name=\"description\" content=\"Die Einf\u00fchrung des universellen Colt CPE ist f\u00fcr uns ein wichtiger Schritt f\u00fcr ein virtuelles, softwaredefiniertes Netzwerk.\" \/>\n<meta name=\"robots\" content=\"noindex, follow, max-snippet:-1, max-image-preview:large, max-video-preview:-1\" \/>\n<meta property=\"og:locale\" content=\"de_DE\" \/>\n<meta property=\"og:type\" content=\"article\" \/>\n<meta property=\"og:title\" content=\"Colt Universal CPE | Colt Technology Services| DE\" \/>\n<meta property=\"og:description\" content=\"Die Einf\u00fchrung des universellen Colt CPE ist f\u00fcr uns ein wichtiger Schritt f\u00fcr ein virtuelles, softwaredefiniertes Netzwerk.\" \/>\n<meta property=\"og:url\" content=\"https:\/\/legacy.colt.net\/de\/universal-cpe\/\" \/>\n<meta property=\"og:site_name\" content=\"Colt Technology Services\" \/>\n<meta property=\"article:publisher\" content=\"https:\/\/www.facebook.com\/ColtTechnologyServices\/\" \/>\n<meta property=\"article:modified_time\" content=\"2021-01-08T18:12:34+00:00\" \/>\n<meta property=\"og:image\" content=\"https:\/\/legacy.colt.net\/wp-content\/uploads\/2021\/01\/Brand-2021-Stock-38.jpg\" \/>\n\t<meta property=\"og:image:width\" content=\"1000\" \/>\n\t<meta property=\"og:image:height\" content=\"667\" \/>\n\t<meta property=\"og:image:type\" content=\"image\/jpeg\" \/>\n<meta name=\"twitter:card\" content=\"summary_large_image\" \/>\n<meta name=\"twitter:site\" content=\"@colt_technology\" \/>\n<meta name=\"twitter:label1\" content=\"Est. reading time\" \/>\n\t<meta name=\"twitter:data1\" content=\"4 minutes\" \/>\n<script type=\"application\/ld+json\" class=\"yoast-schema-graph\">{\"@context\":\"https:\/\/schema.org\",\"@graph\":[{\"@type\":\"WebPage\",\"@id\":\"https:\/\/legacy.colt.net\/de\/universal-cpe\/\",\"url\":\"https:\/\/legacy.colt.net\/de\/universal-cpe\/\",\"name\":\"Colt Universal CPE | Colt Technology Services| DE\",\"isPartOf\":{\"@id\":\"https:\/\/legacy.colt.net\/#website\"},\"primaryImageOfPage\":{\"@id\":\"https:\/\/legacy.colt.net\/de\/universal-cpe\/#primaryimage\"},\"image\":{\"@id\":\"https:\/\/legacy.colt.net\/de\/universal-cpe\/#primaryimage\"},\"thumbnailUrl\":\"https:\/\/legacy.colt.net\/wp-content\/uploads\/2019\/10\/Without-uCPE-v1.png\",\"datePublished\":\"2019-10-03T08:15:26+00:00\",\"dateModified\":\"2021-01-08T18:12:34+00:00\",\"description\":\"Die Einf\u00fchrung des universellen Colt CPE ist f\u00fcr uns ein wichtiger Schritt f\u00fcr ein virtuelles, softwaredefiniertes Netzwerk.\",\"breadcrumb\":{\"@id\":\"https:\/\/legacy.colt.net\/de\/universal-cpe\/#breadcrumb\"},\"inLanguage\":\"de-DE\",\"potentialAction\":[{\"@type\":\"ReadAction\",\"target\":[\"https:\/\/legacy.colt.net\/de\/universal-cpe\/\"]}]},{\"@type\":\"ImageObject\",\"inLanguage\":\"de-DE\",\"@id\":\"https:\/\/legacy.colt.net\/de\/universal-cpe\/#primaryimage\",\"url\":\"https:\/\/legacy.colt.net\/wp-content\/uploads\/2019\/10\/Without-uCPE-v1.png\",\"contentUrl\":\"https:\/\/legacy.colt.net\/wp-content\/uploads\/2019\/10\/Without-uCPE-v1.png\"},{\"@type\":\"BreadcrumbList\",\"@id\":\"https:\/\/legacy.colt.net\/de\/universal-cpe\/#breadcrumb\",\"itemListElement\":[{\"@type\":\"ListItem\",\"position\":1,\"name\":\"Home\",\"item\":\"https:\/\/legacy.colt.net\/de\/\"},{\"@type\":\"ListItem\",\"position\":2,\"name\":\"Universal CPE\"}]},{\"@type\":\"WebSite\",\"@id\":\"https:\/\/legacy.colt.net\/#website\",\"url\":\"https:\/\/legacy.colt.net\/\",\"name\":\"Colt\u30c6\u30af\u30ce\u30ed\u30b8\u30fc\u30b5\u30fc\u30d3\u30b9\u682a\u5f0f\u4f1a\u793e\",\"description\":\"Managed Network &amp; Voice Services Provider\",\"publisher\":{\"@id\":\"https:\/\/legacy.colt.net\/#organization\"},\"potentialAction\":[{\"@type\":\"SearchAction\",\"target\":{\"@type\":\"EntryPoint\",\"urlTemplate\":\"https:\/\/legacy.colt.net\/?s={search_term_string}\"},\"query-input\":{\"@type\":\"PropertyValueSpecification\",\"valueRequired\":true,\"valueName\":\"search_term_string\"}}],\"inLanguage\":\"de-DE\"},{\"@type\":\"Organization\",\"@id\":\"https:\/\/legacy.colt.net\/#organization\",\"name\":\"Colt Technology Services\",\"url\":\"https:\/\/legacy.colt.net\/\",\"logo\":{\"@type\":\"ImageObject\",\"inLanguage\":\"de-DE\",\"@id\":\"https:\/\/legacy.colt.net\/#\/schema\/logo\/image\/\",\"url\":\"https:\/\/legacy.colt.net\/wp-content\/uploads\/2019\/02\/Colt-Logo.png\",\"contentUrl\":\"https:\/\/legacy.colt.net\/wp-content\/uploads\/2019\/02\/Colt-Logo.png\",\"width\":195,\"height\":77,\"caption\":\"Colt Technology Services\"},\"image\":{\"@id\":\"https:\/\/legacy.colt.net\/#\/schema\/logo\/image\/\"},\"sameAs\":[\"https:\/\/www.facebook.com\/ColtTechnologyServices\/\",\"https:\/\/x.com\/colt_technology\",\"https:\/\/www.instagram.com\/colttechnologyservices\/\",\"https:\/\/www.linkedin.com\/company\/colt-technology-services\",\"https:\/\/www.youtube.com\/user\/ColtTechnology\"]}]}<\/script>\n<!-- \/ Yoast SEO plugin. -->","yoast_head_json":{"title":"Colt Universal CPE | Colt Technology Services| DE","description":"Die Einf\u00fchrung des universellen Colt CPE ist f\u00fcr uns ein wichtiger Schritt f\u00fcr ein virtuelles, softwaredefiniertes Netzwerk.","robots":{"index":"noindex","follow":"follow","max-snippet":"max-snippet:-1","max-image-preview":"max-image-preview:large","max-video-preview":"max-video-preview:-1"},"og_locale":"de_DE","og_type":"article","og_title":"Colt Universal CPE | Colt Technology Services| DE","og_description":"Die Einf\u00fchrung des universellen Colt CPE ist f\u00fcr uns ein wichtiger Schritt f\u00fcr ein virtuelles, softwaredefiniertes Netzwerk.","og_url":"https:\/\/legacy.colt.net\/de\/universal-cpe\/","og_site_name":"Colt Technology Services","article_publisher":"https:\/\/www.facebook.com\/ColtTechnologyServices\/","article_modified_time":"2021-01-08T18:12:34+00:00","og_image":[{"width":1000,"height":667,"url":"https:\/\/legacy.colt.net\/wp-content\/uploads\/2021\/01\/Brand-2021-Stock-38.jpg","type":"image\/jpeg"}],"twitter_card":"summary_large_image","twitter_site":"@colt_technology","twitter_misc":{"Est. reading time":"4 minutes"},"schema":{"@context":"https:\/\/schema.org","@graph":[{"@type":"WebPage","@id":"https:\/\/legacy.colt.net\/de\/universal-cpe\/","url":"https:\/\/legacy.colt.net\/de\/universal-cpe\/","name":"Colt Universal CPE | Colt Technology Services| DE","isPartOf":{"@id":"https:\/\/legacy.colt.net\/#website"},"primaryImageOfPage":{"@id":"https:\/\/legacy.colt.net\/de\/universal-cpe\/#primaryimage"},"image":{"@id":"https:\/\/legacy.colt.net\/de\/universal-cpe\/#primaryimage"},"thumbnailUrl":"https:\/\/legacy.colt.net\/wp-content\/uploads\/2019\/10\/Without-uCPE-v1.png","datePublished":"2019-10-03T08:15:26+00:00","dateModified":"2021-01-08T18:12:34+00:00","description":"Die Einf\u00fchrung des universellen Colt CPE ist f\u00fcr uns ein wichtiger Schritt f\u00fcr ein virtuelles, softwaredefiniertes Netzwerk.","breadcrumb":{"@id":"https:\/\/legacy.colt.net\/de\/universal-cpe\/#breadcrumb"},"inLanguage":"de-DE","potentialAction":[{"@type":"ReadAction","target":["https:\/\/legacy.colt.net\/de\/universal-cpe\/"]}]},{"@type":"ImageObject","inLanguage":"de-DE","@id":"https:\/\/legacy.colt.net\/de\/universal-cpe\/#primaryimage","url":"https:\/\/legacy.colt.net\/wp-content\/uploads\/2019\/10\/Without-uCPE-v1.png","contentUrl":"https:\/\/legacy.colt.net\/wp-content\/uploads\/2019\/10\/Without-uCPE-v1.png"},{"@type":"BreadcrumbList","@id":"https:\/\/legacy.colt.net\/de\/universal-cpe\/#breadcrumb","itemListElement":[{"@type":"ListItem","position":1,"name":"Home","item":"https:\/\/legacy.colt.net\/de\/"},{"@type":"ListItem","position":2,"name":"Universal CPE"}]},{"@type":"WebSite","@id":"https:\/\/legacy.colt.net\/#website","url":"https:\/\/legacy.colt.net\/","name":"Colt\u30c6\u30af\u30ce\u30ed\u30b8\u30fc\u30b5\u30fc\u30d3\u30b9\u682a\u5f0f\u4f1a\u793e","description":"Managed Network &amp; Voice Services Provider","publisher":{"@id":"https:\/\/legacy.colt.net\/#organization"},"potentialAction":[{"@type":"SearchAction","target":{"@type":"EntryPoint","urlTemplate":"https:\/\/legacy.colt.net\/?s={search_term_string}"},"query-input":{"@type":"PropertyValueSpecification","valueRequired":true,"valueName":"search_term_string"}}],"inLanguage":"de-DE"},{"@type":"Organization","@id":"https:\/\/legacy.colt.net\/#organization","name":"Colt Technology Services","url":"https:\/\/legacy.colt.net\/","logo":{"@type":"ImageObject","inLanguage":"de-DE","@id":"https:\/\/legacy.colt.net\/#\/schema\/logo\/image\/","url":"https:\/\/legacy.colt.net\/wp-content\/uploads\/2019\/02\/Colt-Logo.png","contentUrl":"https:\/\/legacy.colt.net\/wp-content\/uploads\/2019\/02\/Colt-Logo.png","width":195,"height":77,"caption":"Colt Technology Services"},"image":{"@id":"https:\/\/legacy.colt.net\/#\/schema\/logo\/image\/"},"sameAs":["https:\/\/www.facebook.com\/ColtTechnologyServices\/","https:\/\/x.com\/colt_technology","https:\/\/www.instagram.com\/colttechnologyservices\/","https:\/\/www.linkedin.com\/company\/colt-technology-services","https:\/\/www.youtube.com\/user\/ColtTechnology"]}]}},"_links":{"self":[{"href":"https:\/\/legacy.colt.net\/de\/wp-json\/wp\/v2\/pages\/80423","targetHints":{"allow":["GET"]}}],"collection":[{"href":"https:\/\/legacy.colt.net\/de\/wp-json\/wp\/v2\/pages"}],"about":[{"href":"https:\/\/legacy.colt.net\/de\/wp-json\/wp\/v2\/types\/page"}],"author":[{"embeddable":true,"href":"https:\/\/legacy.colt.net\/de\/wp-json\/wp\/v2\/users\/2"}],"replies":[{"embeddable":true,"href":"https:\/\/legacy.colt.net\/de\/wp-json\/wp\/v2\/comments?post=80423"}],"version-history":[{"count":0,"href":"https:\/\/legacy.colt.net\/de\/wp-json\/wp\/v2\/pages\/80423\/revisions"}],"wp:attachment":[{"href":"https:\/\/legacy.colt.net\/de\/wp-json\/wp\/v2\/media?parent=80423"}],"wp:term":[{"taxonomy":"colt_type","embeddable":true,"href":"https:\/\/legacy.colt.net\/de\/wp-json\/wp\/v2\/colt_type?post=80423"},{"taxonomy":"colt_products","embeddable":true,"href":"https:\/\/legacy.colt.net\/de\/wp-json\/wp\/v2\/colt_products?post=80423"}],"curies":[{"name":"wp","href":"https:\/\/api.w.org\/{rel}","templated":true}]}}