{"id":79850,"date":"2020-02-07T10:59:29","date_gmt":"2020-02-07T10:59:29","guid":{"rendered":"https:\/\/www.colt.net\/product\/secure-network-gateway\/"},"modified":"2024-12-14T14:39:41","modified_gmt":"2024-12-14T14:39:41","slug":"secure-network-gateway","status":"publish","type":"page","link":"https:\/\/legacy.colt.net\/de\/product\/secure-network-gateway\/","title":{"rendered":"Secure Web Gateway"},"content":{"rendered":"\n\n\t<h3><b>Sch\u00fctzen Sie Ihr Netzwerk mit der branchenf\u00fchrenden Security-as-a-Service-L\u00f6sung von Zscaler<\/b><\/h3>\n<p>Mit der zunehmenden Nutzung der Cloud und der Dezentralisierung von Netzwerken \u00e4ndern sich die Anforderungen der Unternehmen an Cyber-Sicherheitsl\u00f6sungen.<\/p>\n<p>Um mit dem digitalen Wandel Schritt halten zu k\u00f6nnen, ben\u00f6tigen Unternehmen eine Sicherheitsl\u00f6sung, die in der Lage ist, den Benutzern unabh\u00e4ngig von ihrem Standort und ihrer Zugangsart sicheren Zugang zu gew\u00e4hren.<\/p>\n<p>Immer mehr Anwender setzen auf Cloud-basierte Sicherheitsl\u00f6sungen der n\u00e4chsten Generation, die in der Lage sind, den sicheren Zugriff n\u00e4her am Benutzer und am Netzwerkrand zu erm\u00f6glichen, um Latenzzeiten zu minimieren und die Flexibilit\u00e4t zu optimieren.<\/p>\n<h3><strong>Ihre komplette Netzwerk- und Sicherheitsl\u00f6sung<\/strong><\/h3>\n<p>Colt ist eine Partnerschaft mit Zscaler eingegangen, um deren Sicherheitsl\u00f6sung als optionales Add-on mit unseren Netzwerkdiensten zu b\u00fcndeln &#8211; einschlie\u00dflich IP Access, IP VPN und unserer ausgezeichneten SD WAN-L\u00f6sung. Wir sind an verschiedenen Standorten weltweit direkt mit der Zscaler Cloud verbunden und leiten den Datenverkehr direkt an Zscaler weiter, um die Latenzzeiten zu reduzieren und eine konsistente und verbesserte Benutzer- und Anwendungserfahrung zu gew\u00e4hrleisten.<\/p>\n<h3>Erstklassige Cloud-basierte Sicherheit<\/h3>\n<p>Zscaler ist ein marktf\u00fchrender Security-as-a-Service-Anbieter, der die weltweit gr\u00f6\u00dfte Cloud-Sicherheitsplattform betreibt und Tausende von Unternehmen und Beh\u00f6rden vor Cyberangriffen und Datenverlusten sch\u00fctzt.<\/p>\n<p>Durch das Senden des Netzwerkverkehrs in eine global verteilte Zscaler-Cloud bietet der Service einen sicheren Gateway f\u00fcr das Internet, die private oder \u00f6ffentliche Cloud. Zscaler-Dienste werden vollst\u00e4ndig \u00fcber die Cloud bereitgestellt und bieten die Einfachheit, erh\u00f6hte Sicherheit und verbesserte Benutzerfreundlichkeit, die herk\u00f6mmliche L\u00f6sungen nicht bieten k\u00f6nnen.<\/p>\n<p><img loading=\"lazy\" decoding=\"async\" src=\"https:\/\/legacy.colt.net\/wp-content\/uploads\/2020\/02\/Zscaler-graphic.png\" alt=\"\" width=\"1049\" height=\"520\" \/><\/p>\n<p><iframe loading=\"lazy\" src=\"https:\/\/www.youtube.com\/embed\/KALLVgKrGZc\" width=\"860\" height=\"515\" frameborder=\"0\" allowfullscreen=\"allowfullscreen\">\ufeff\ufeff\ufeff<\/iframe><\/p>\n\n","protected":false},"excerpt":{"rendered":"<p>Sch\u00fctzen Sie Ihr Netzwerk mit der branchenf\u00fchrenden Security-as-a-Service-L\u00f6sung von Zscaler Mit der zunehmenden Nutzung der Cloud und der Dezentralisierung von Netzwerken \u00e4ndern sich die Anforderungen der Unternehmen an Cyber-Sicherheitsl\u00f6sungen. Um mit dem digitalen Wandel Schritt halten zu k\u00f6nnen, ben\u00f6tigen Unternehmen eine Sicherheitsl\u00f6sung, die in der Lage ist, den Benutzern unabh\u00e4ngig von ihrem Standort und ihrer&#8230;<\/p>\n","protected":false},"author":2,"featured_media":0,"parent":35897,"menu_order":0,"comment_status":"closed","ping_status":"closed","template":"page-templates\/template-product.php","meta":{"_acf_changed":false,"footnotes":""},"colt_type":[],"colt_products":[1542],"class_list":["post-79850","page","type-page","status-publish","hentry","colt_products-security-de"],"acf":[],"yoast_head":"<!-- This site is optimized with the Yoast SEO plugin v26.8 - https:\/\/yoast.com\/product\/yoast-seo-wordpress\/ -->\n<title>Secure Web Gateway - Colt Technology Services<\/title>\n<meta name=\"description\" content=\"Mit der zunehmenden Nutzung der Cloud und der Dezentralisierung von Netzwerken \u00e4ndern sich die Anforderungen der Unternehmen an Cyber-Sicherheitsl\u00f6sungen.\" \/>\n<meta name=\"robots\" content=\"noindex, follow, max-snippet:-1, max-image-preview:large, max-video-preview:-1\" \/>\n<meta property=\"og:locale\" content=\"de_DE\" \/>\n<meta property=\"og:type\" content=\"article\" \/>\n<meta property=\"og:title\" content=\"Secure Web Gateway - Colt Technology Services\" \/>\n<meta property=\"og:description\" content=\"Mit der zunehmenden Nutzung der Cloud und der Dezentralisierung von Netzwerken \u00e4ndern sich die Anforderungen der Unternehmen an Cyber-Sicherheitsl\u00f6sungen.\" \/>\n<meta property=\"og:url\" content=\"https:\/\/legacy.colt.net\/de\/product\/secure-network-gateway\/\" \/>\n<meta property=\"og:site_name\" content=\"Colt Technology Services\" \/>\n<meta property=\"article:publisher\" content=\"https:\/\/www.facebook.com\/ColtTechnologyServices\/\" \/>\n<meta property=\"article:modified_time\" content=\"2024-12-14T14:39:41+00:00\" \/>\n<meta property=\"og:image\" content=\"https:\/\/legacy.colt.net\/wp-content\/uploads\/2021\/01\/Brand-2021-Stock-36.jpg\" \/>\n\t<meta property=\"og:image:width\" content=\"1000\" \/>\n\t<meta property=\"og:image:height\" content=\"667\" \/>\n\t<meta property=\"og:image:type\" content=\"image\/jpeg\" \/>\n<meta name=\"twitter:card\" content=\"summary_large_image\" \/>\n<meta name=\"twitter:site\" content=\"@colt_technology\" \/>\n<script type=\"application\/ld+json\" class=\"yoast-schema-graph\">{\"@context\":\"https:\/\/schema.org\",\"@graph\":[{\"@type\":\"WebPage\",\"@id\":\"https:\/\/legacy.colt.net\/de\/product\/secure-network-gateway\/\",\"url\":\"https:\/\/legacy.colt.net\/de\/product\/secure-network-gateway\/\",\"name\":\"Secure Web Gateway - Colt Technology Services\",\"isPartOf\":{\"@id\":\"https:\/\/legacy.colt.net\/#website\"},\"primaryImageOfPage\":{\"@id\":\"https:\/\/legacy.colt.net\/de\/product\/secure-network-gateway\/#primaryimage\"},\"image\":{\"@id\":\"https:\/\/legacy.colt.net\/de\/product\/secure-network-gateway\/#primaryimage\"},\"thumbnailUrl\":\"https:\/\/legacy.colt.net\/wp-content\/uploads\/2020\/02\/Zscaler-graphic.png\",\"datePublished\":\"2020-02-07T10:59:29+00:00\",\"dateModified\":\"2024-12-14T14:39:41+00:00\",\"description\":\"Mit der zunehmenden Nutzung der Cloud und der Dezentralisierung von Netzwerken \u00e4ndern sich die Anforderungen der Unternehmen an Cyber-Sicherheitsl\u00f6sungen.\",\"breadcrumb\":{\"@id\":\"https:\/\/legacy.colt.net\/de\/product\/secure-network-gateway\/#breadcrumb\"},\"inLanguage\":\"de-DE\",\"potentialAction\":[{\"@type\":\"ReadAction\",\"target\":[\"https:\/\/legacy.colt.net\/de\/product\/secure-network-gateway\/\"]}]},{\"@type\":\"ImageObject\",\"inLanguage\":\"de-DE\",\"@id\":\"https:\/\/legacy.colt.net\/de\/product\/secure-network-gateway\/#primaryimage\",\"url\":\"https:\/\/legacy.colt.net\/wp-content\/uploads\/2020\/02\/Zscaler-graphic.png\",\"contentUrl\":\"https:\/\/legacy.colt.net\/wp-content\/uploads\/2020\/02\/Zscaler-graphic.png\"},{\"@type\":\"BreadcrumbList\",\"@id\":\"https:\/\/legacy.colt.net\/de\/product\/secure-network-gateway\/#breadcrumb\",\"itemListElement\":[{\"@type\":\"ListItem\",\"position\":1,\"name\":\"Home\",\"item\":\"https:\/\/legacy.colt.net\/de\/\"},{\"@type\":\"ListItem\",\"position\":2,\"name\":\"Produkte &#038; Netzwerkservice\",\"item\":\"https:\/\/legacy.colt.net\/de\/product\/\"},{\"@type\":\"ListItem\",\"position\":3,\"name\":\"Secure Web Gateway\"}]},{\"@type\":\"WebSite\",\"@id\":\"https:\/\/legacy.colt.net\/#website\",\"url\":\"https:\/\/legacy.colt.net\/\",\"name\":\"Colt\u30c6\u30af\u30ce\u30ed\u30b8\u30fc\u30b5\u30fc\u30d3\u30b9\u682a\u5f0f\u4f1a\u793e\",\"description\":\"Managed Network &amp; Voice Services Provider\",\"publisher\":{\"@id\":\"https:\/\/legacy.colt.net\/#organization\"},\"potentialAction\":[{\"@type\":\"SearchAction\",\"target\":{\"@type\":\"EntryPoint\",\"urlTemplate\":\"https:\/\/legacy.colt.net\/?s={search_term_string}\"},\"query-input\":{\"@type\":\"PropertyValueSpecification\",\"valueRequired\":true,\"valueName\":\"search_term_string\"}}],\"inLanguage\":\"de-DE\"},{\"@type\":\"Organization\",\"@id\":\"https:\/\/legacy.colt.net\/#organization\",\"name\":\"Colt Technology Services\",\"url\":\"https:\/\/legacy.colt.net\/\",\"logo\":{\"@type\":\"ImageObject\",\"inLanguage\":\"de-DE\",\"@id\":\"https:\/\/legacy.colt.net\/#\/schema\/logo\/image\/\",\"url\":\"https:\/\/legacy.colt.net\/wp-content\/uploads\/2019\/02\/Colt-Logo.png\",\"contentUrl\":\"https:\/\/legacy.colt.net\/wp-content\/uploads\/2019\/02\/Colt-Logo.png\",\"width\":195,\"height\":77,\"caption\":\"Colt Technology Services\"},\"image\":{\"@id\":\"https:\/\/legacy.colt.net\/#\/schema\/logo\/image\/\"},\"sameAs\":[\"https:\/\/www.facebook.com\/ColtTechnologyServices\/\",\"https:\/\/x.com\/colt_technology\",\"https:\/\/www.instagram.com\/colttechnologyservices\/\",\"https:\/\/www.linkedin.com\/company\/colt-technology-services\",\"https:\/\/www.youtube.com\/user\/ColtTechnology\"]}]}<\/script>\n<!-- \/ Yoast SEO plugin. -->","yoast_head_json":{"title":"Secure Web Gateway - Colt Technology Services","description":"Mit der zunehmenden Nutzung der Cloud und der Dezentralisierung von Netzwerken \u00e4ndern sich die Anforderungen der Unternehmen an Cyber-Sicherheitsl\u00f6sungen.","robots":{"index":"noindex","follow":"follow","max-snippet":"max-snippet:-1","max-image-preview":"max-image-preview:large","max-video-preview":"max-video-preview:-1"},"og_locale":"de_DE","og_type":"article","og_title":"Secure Web Gateway - Colt Technology Services","og_description":"Mit der zunehmenden Nutzung der Cloud und der Dezentralisierung von Netzwerken \u00e4ndern sich die Anforderungen der Unternehmen an Cyber-Sicherheitsl\u00f6sungen.","og_url":"https:\/\/legacy.colt.net\/de\/product\/secure-network-gateway\/","og_site_name":"Colt Technology Services","article_publisher":"https:\/\/www.facebook.com\/ColtTechnologyServices\/","article_modified_time":"2024-12-14T14:39:41+00:00","og_image":[{"width":1000,"height":667,"url":"https:\/\/legacy.colt.net\/wp-content\/uploads\/2021\/01\/Brand-2021-Stock-36.jpg","type":"image\/jpeg"}],"twitter_card":"summary_large_image","twitter_site":"@colt_technology","schema":{"@context":"https:\/\/schema.org","@graph":[{"@type":"WebPage","@id":"https:\/\/legacy.colt.net\/de\/product\/secure-network-gateway\/","url":"https:\/\/legacy.colt.net\/de\/product\/secure-network-gateway\/","name":"Secure Web Gateway - Colt Technology Services","isPartOf":{"@id":"https:\/\/legacy.colt.net\/#website"},"primaryImageOfPage":{"@id":"https:\/\/legacy.colt.net\/de\/product\/secure-network-gateway\/#primaryimage"},"image":{"@id":"https:\/\/legacy.colt.net\/de\/product\/secure-network-gateway\/#primaryimage"},"thumbnailUrl":"https:\/\/legacy.colt.net\/wp-content\/uploads\/2020\/02\/Zscaler-graphic.png","datePublished":"2020-02-07T10:59:29+00:00","dateModified":"2024-12-14T14:39:41+00:00","description":"Mit der zunehmenden Nutzung der Cloud und der Dezentralisierung von Netzwerken \u00e4ndern sich die Anforderungen der Unternehmen an Cyber-Sicherheitsl\u00f6sungen.","breadcrumb":{"@id":"https:\/\/legacy.colt.net\/de\/product\/secure-network-gateway\/#breadcrumb"},"inLanguage":"de-DE","potentialAction":[{"@type":"ReadAction","target":["https:\/\/legacy.colt.net\/de\/product\/secure-network-gateway\/"]}]},{"@type":"ImageObject","inLanguage":"de-DE","@id":"https:\/\/legacy.colt.net\/de\/product\/secure-network-gateway\/#primaryimage","url":"https:\/\/legacy.colt.net\/wp-content\/uploads\/2020\/02\/Zscaler-graphic.png","contentUrl":"https:\/\/legacy.colt.net\/wp-content\/uploads\/2020\/02\/Zscaler-graphic.png"},{"@type":"BreadcrumbList","@id":"https:\/\/legacy.colt.net\/de\/product\/secure-network-gateway\/#breadcrumb","itemListElement":[{"@type":"ListItem","position":1,"name":"Home","item":"https:\/\/legacy.colt.net\/de\/"},{"@type":"ListItem","position":2,"name":"Produkte &#038; Netzwerkservice","item":"https:\/\/legacy.colt.net\/de\/product\/"},{"@type":"ListItem","position":3,"name":"Secure Web Gateway"}]},{"@type":"WebSite","@id":"https:\/\/legacy.colt.net\/#website","url":"https:\/\/legacy.colt.net\/","name":"Colt\u30c6\u30af\u30ce\u30ed\u30b8\u30fc\u30b5\u30fc\u30d3\u30b9\u682a\u5f0f\u4f1a\u793e","description":"Managed Network &amp; Voice Services Provider","publisher":{"@id":"https:\/\/legacy.colt.net\/#organization"},"potentialAction":[{"@type":"SearchAction","target":{"@type":"EntryPoint","urlTemplate":"https:\/\/legacy.colt.net\/?s={search_term_string}"},"query-input":{"@type":"PropertyValueSpecification","valueRequired":true,"valueName":"search_term_string"}}],"inLanguage":"de-DE"},{"@type":"Organization","@id":"https:\/\/legacy.colt.net\/#organization","name":"Colt Technology Services","url":"https:\/\/legacy.colt.net\/","logo":{"@type":"ImageObject","inLanguage":"de-DE","@id":"https:\/\/legacy.colt.net\/#\/schema\/logo\/image\/","url":"https:\/\/legacy.colt.net\/wp-content\/uploads\/2019\/02\/Colt-Logo.png","contentUrl":"https:\/\/legacy.colt.net\/wp-content\/uploads\/2019\/02\/Colt-Logo.png","width":195,"height":77,"caption":"Colt Technology Services"},"image":{"@id":"https:\/\/legacy.colt.net\/#\/schema\/logo\/image\/"},"sameAs":["https:\/\/www.facebook.com\/ColtTechnologyServices\/","https:\/\/x.com\/colt_technology","https:\/\/www.instagram.com\/colttechnologyservices\/","https:\/\/www.linkedin.com\/company\/colt-technology-services","https:\/\/www.youtube.com\/user\/ColtTechnology"]}]}},"_links":{"self":[{"href":"https:\/\/legacy.colt.net\/de\/wp-json\/wp\/v2\/pages\/79850","targetHints":{"allow":["GET"]}}],"collection":[{"href":"https:\/\/legacy.colt.net\/de\/wp-json\/wp\/v2\/pages"}],"about":[{"href":"https:\/\/legacy.colt.net\/de\/wp-json\/wp\/v2\/types\/page"}],"author":[{"embeddable":true,"href":"https:\/\/legacy.colt.net\/de\/wp-json\/wp\/v2\/users\/2"}],"replies":[{"embeddable":true,"href":"https:\/\/legacy.colt.net\/de\/wp-json\/wp\/v2\/comments?post=79850"}],"version-history":[{"count":0,"href":"https:\/\/legacy.colt.net\/de\/wp-json\/wp\/v2\/pages\/79850\/revisions"}],"up":[{"embeddable":true,"href":"https:\/\/legacy.colt.net\/de\/wp-json\/wp\/v2\/pages\/35897"}],"wp:attachment":[{"href":"https:\/\/legacy.colt.net\/de\/wp-json\/wp\/v2\/media?parent=79850"}],"wp:term":[{"taxonomy":"colt_type","embeddable":true,"href":"https:\/\/legacy.colt.net\/de\/wp-json\/wp\/v2\/colt_type?post=79850"},{"taxonomy":"colt_products","embeddable":true,"href":"https:\/\/legacy.colt.net\/de\/wp-json\/wp\/v2\/colt_products?post=79850"}],"curies":[{"name":"wp","href":"https:\/\/api.w.org\/{rel}","templated":true}]}}