{"id":73667,"date":"2020-05-11T10:13:22","date_gmt":"2020-05-11T09:13:22","guid":{"rendered":"https:\/\/www.colt.net\/?page_id=73667"},"modified":"2020-11-20T10:23:22","modified_gmt":"2020-11-20T10:23:22","slug":"covid-19","status":"publish","type":"page","link":"https:\/\/legacy.colt.net\/de\/covid-19\/","title":{"rendered":"Covid 19"},"content":{"rendered":"\n<h1>\n\t\tColt &#038; Covid-19:\n\t<\/h1>\n<h3>\n\t\tMit uns bleiben Sie in Verbindung \n\t<\/h3>\n\t<p>Colt beh\u00e4lt die globale Entwicklung der Coronavirus-Pandemie genau im Auge. In den letzten Monaten haben wir zahlreiche Ver\u00e4nderungen durchgef\u00fchrt, um die Telearbeit noch weiter zu erleichtern und unser hohes Serviceniveau aufrecht zu erhalten. Damit sind wir in der Lage, die steigende Nachfrage nach Bandbreiten zu bew\u00e4ltigen.<\/p>\n<p>Wir richten uns nach den Empfehlungen der WHO, des Seuchenpr\u00e4ventionszentrums (CDC) und den Empfehlungen der \u00f6rtlichen Beh\u00f6rden &#8211; weltweit und vor Ort. Dabei steht die Sicherheit unserer Mitarbeiter, Kunden und Partner im Vordergrund.<\/p>\n<h2>\n\t\tDas leistet Colt:\n\t<\/h2>\n\t<p>Unsere erfahrenen Business Continuity (BCM) und Gesundheitsteams verfolgen die Situation rund um die Uhr um jederzeit die richtigen Ma\u00dfnahmen zu ergreifen.<\/p>\n\t<p>Wir orientieren uns an der ISO 22301:2019. Dabei beruhen alle ermittelten kritischen Unternehmensfunktionen auf zuverl\u00e4ssigen, bew\u00e4hrten Konzepten f\u00fcr die Betriebskontinuit\u00e4t.<\/p>\n\t<p>Colt betreibt ein globales Netzwerk und verf\u00fcgt weltweit \u00fcber mehrere Betriebszentren mit leistungsstarken, erprobten Kontinuit\u00e4tsprogrammen.<\/p>\n\t<p>Colt verf\u00fcgt \u00fcber Telearbeitskapazit\u00e4ten f\u00fcr Mitarbeiter in allen Regionen. So k\u00f6nnen wir eine einheitliche, zuverl\u00e4ssige Betreuung sicherstellen.<\/p>\n\t<p>Gleichzeitig arbeiten wir eng mit unseren Partnern zusammen, sodass m\u00f6gliche Auswirkungen von vornherein kontrolliert und wo n\u00f6tig minimiert werden.<\/p>\n<h2>\n\t\tUnser Netzwerk\n\t<\/h2>\n\t<p>Seit Beginn der Covid-19-Pandemie stellen wir eine massive Zunahme des Datenverkehrs an den Schnittstellen zu nationalen Telekommunikationsunternehmen, Internetanbietern f\u00fcr Privatkunden sowie Content- und Cloud-Anbietern fest. Wir sind in der Lage, diesen Anstieg zu bew\u00e4ltigen und gleichzeitig weitere Kapazit\u00e4ten f\u00fcr verschiedene Schichten in unserem Netz bereitzustellen.<\/p>\n<h2>\n\t\tBetrieb und Servicebereitstellung\n\t<\/h2>\n\t<p>Fr\u00fchere Beschr\u00e4nkungen f\u00fcr die Serviceerbringung wurden jetzt bis auf die Einhaltung von lokalen Zugangsrichtlinien in allen L\u00e4ndern aufgehoben.<\/p>\n<p>Wir werden also auch f\u00fcr neue Kunden Services einrichten und St\u00f6rungen beheben k\u00f6nnen. Das gilt auch f\u00fcr Leistungseinbu\u00dfen, in Abh\u00e4ngigkeit von etwaigen Zugangsbeschr\u00e4nkungen seitens Kunden, Geb\u00e4udeeigent\u00fcmern oder staatlichen Stellen. Die Arbeiten werden jedoch nur durchgef\u00fchrt, wenn unsere Mitarbeiter oder Partner die geltenden Sicherheitsvorschriften vollst\u00e4ndig einhalten k\u00f6nnen.<\/p>\n<p>Bei allen Ma\u00dfnahmen k\u00f6nnen sich kurzfristig \u00c4nderungen ergeben, insbesondere bei erneuter Verh\u00e4ngung von Restriktionen oder einer Zunahme von Covid-19-F\u00e4llen.<\/p>\n<h2>\n\t\tFAQs\n\t<\/h2>\n\t\t\t\t\t\t<h4 tabindex=\"0\">Welche Ma\u00dfnahmen leitet Colt bei einem Covid-19 Fall ein? <\/h4>\n\t\t\t\n\n\n\n\n\n\n\n\n\n\t\t\t\t\t\t<h4 tabindex=\"0\">Bereitstellung neuer Services und Upgrades<\/h4>\n\t\t\t<p>Wir k\u00f6nnen jetzt wieder f\u00fcr alle Kunden Services einrichten und St\u00f6rungen beheben, in Abh\u00e4ngigkeit von etwaigen Zugangsbeschr\u00e4nkungen seitens des Kunden, Geb\u00e4udeeigent\u00fcmern oder staatlichen Stellen. Die Arbeiten werden jedoch nur ausgef\u00fchrt, wenn unsere Mitarbeiter oder Partner die geltenden Sicherheitsvorschriften vollst\u00e4ndig einhalten k\u00f6nnen.<\/p>\n\t\t\t\t\t\t<h4 tabindex=\"0\">Hat Colt eine zuverl\u00e4ssige Lieferkette?<\/h4>\n\t\t\t<ul>\n<li>Wir haben die Krisenfestigkeit unserer wichtigsten Zulieferer \u00fcberpr\u00fcft, und derzeit sind keine Auswirkungen zu erwarten. Unsere Zulieferer verf\u00fcgen \u00fcber aktive Business Continuity Konzepte.<\/li>\n<li>Wir beobachten die Lage weiterhin und \u00fcberpr\u00fcfen den Status unserer kritischen Lieferanten.<\/li>\n<li>\u00a0<\/li>\n<\/ul>\n\t\t\t\t\t\t<h4 tabindex=\"0\">Sind Sie in der Lage, die steigende Nachfrage nach Telefonie Services zu bew\u00e4ltigen?<\/h4>\n\t\t\t\n\t\t\t\t\t\t<h4 tabindex=\"0\">Ist die Nummernportierung noch m\u00f6glich?<\/h4>\n\t\t\t<p>Portierungsantr\u00e4ge werden f\u00fcr die meisten L\u00e4nder wie gewohnt bearbeitet, mit Ausnahme von Antr\u00e4gen f\u00fcr Portugal, die Bauarbeitern erfordern.<\/p>\n\t\t\t\t\t\t<h4 tabindex=\"0\">Arbeiten Ihre Mitarbeiter von zu Hause aus?<\/h4>\n\t\t\t<p>Die Colt Standorte bleiben weiterhin nur f\u00fcr Mitarbeiter ge\u00f6ffnet, die nicht von zu Hause arbeiten k\u00f6nnen, mit Ausnahme von Dalian (Indien), wo die Mitarbeiter schrittweise wieder ins B\u00fcro zur\u00fcckkehren. Dabei legen wir gro\u00dfen Wert auf Kontrollen und Reinigungsma\u00dfnahmen um die Gesundheit unserer Mitarbeiter in den B\u00fcros sicherzustellen.<\/p>\n<p>Die R\u00fcckkehr der \u00fcbrigen Mitarbeiter an ihre Arbeitspl\u00e4tze wird sorgf\u00e4ltig geplant. Zus\u00e4tzlich haben wir Richtlinien f\u00fcr Colt-Mitarbeiter und -Partner eingef\u00fchrt, die Standorte von Kunden oder Dritten besuchen m\u00fcssen.<\/p>\n<ul>\n<li>\u00a0<\/li>\n<\/ul>\n\t\t\t\t\t\t<h4 tabindex=\"0\">Ist es m\u00f6glich, Standorte von Colt zu besuchen?<\/h4>\n\t\t\t<ul>\n<li>Wir bitten unsere Besucher, die Hygieneempfehlungen der WHO zu befolgen und die Notwendigkeit pers\u00f6nlicher Treffen zu \u00fcberpr\u00fcfen.<\/li>\n<li>F\u00fcr den Zugang zu Colt-Standorten gelten die Auflagen und Empfehlungen der \u00f6rtlichen Beh\u00f6rden.<\/li>\n<li>Wir bitten alle Besucher, zu best\u00e4tigen, dass sie\n<ul>\n<li>sich nicht mit Grippe infiziert haben oder grippe\u00e4hnliche Symptome aufweisen (Temperatur von mehr als 37,5\u00b0 oder neuem anhaltenden Husten)<\/li>\n<li>keinen engen Kontakt zu einer mit dem Coronavirus infizierten Person hatten<\/li>\n<li>keine amtlichen Mitteilungen \u00fcber Kontakt zu einer mit dem Coronavirus infizierten Person erhalten haben<\/li>\n<\/ul>\n<\/li>\n<\/ul>\n\n","protected":false},"excerpt":{"rendered":"<p>Colt &#038; Covid-19: Mit uns bleiben Sie in Verbindung Colt beh\u00e4lt die globale Entwicklung der Coronavirus-Pandemie genau im Auge. In den letzten Monaten haben wir zahlreiche Ver\u00e4nderungen durchgef\u00fchrt, um die Telearbeit noch weiter zu erleichtern und unser hohes Serviceniveau aufrecht zu erhalten. Damit sind wir in der Lage, die steigende Nachfrage nach Bandbreiten zu bew\u00e4ltigen.<\/p>\n","protected":false},"author":2,"featured_media":0,"parent":0,"menu_order":0,"comment_status":"closed","ping_status":"closed","template":"","meta":{"_acf_changed":false,"footnotes":""},"colt_type":[],"colt_products":[],"class_list":["post-73667","page","type-page","status-publish","hentry"],"acf":[],"yoast_head":"<!-- This site is optimized with the Yoast SEO plugin v26.8 - https:\/\/yoast.com\/product\/yoast-seo-wordpress\/ -->\n<title>Covid 19 - Colt Technology Services<\/title>\n<meta name=\"description\" content=\"Covid 19 Colt Technology Services\" \/>\n<meta name=\"robots\" content=\"noindex, follow, max-snippet:-1, max-image-preview:large, max-video-preview:-1\" \/>\n<meta property=\"og:locale\" content=\"de_DE\" \/>\n<meta property=\"og:type\" content=\"article\" \/>\n<meta property=\"og:title\" content=\"Covid 19 - Colt Technology Services\" \/>\n<meta property=\"og:description\" content=\"Covid 19 Colt Technology Services\" \/>\n<meta property=\"og:url\" content=\"https:\/\/legacy.colt.net\/de\/covid-19\/\" \/>\n<meta property=\"og:site_name\" content=\"Colt Technology Services\" \/>\n<meta property=\"article:publisher\" content=\"https:\/\/www.facebook.com\/ColtTechnologyServices\/\" \/>\n<meta property=\"article:modified_time\" content=\"2020-11-20T10:23:22+00:00\" \/>\n<meta property=\"og:image\" content=\"https:\/\/legacy.colt.net\/wp-content\/uploads\/2021\/01\/Brand-2021-Stock-41.jpg\" \/>\n\t<meta property=\"og:image:width\" content=\"1000\" \/>\n\t<meta property=\"og:image:height\" content=\"667\" \/>\n\t<meta property=\"og:image:type\" content=\"image\/jpeg\" \/>\n<meta name=\"twitter:card\" content=\"summary_large_image\" \/>\n<meta name=\"twitter:site\" content=\"@colt_technology\" \/>\n<meta name=\"twitter:label1\" content=\"Est. reading time\" \/>\n\t<meta name=\"twitter:data1\" content=\"4 minutes\" \/>\n<script type=\"application\/ld+json\" class=\"yoast-schema-graph\">{\"@context\":\"https:\/\/schema.org\",\"@graph\":[{\"@type\":\"WebPage\",\"@id\":\"https:\/\/legacy.colt.net\/de\/covid-19\/\",\"url\":\"https:\/\/legacy.colt.net\/de\/covid-19\/\",\"name\":\"Covid 19 - Colt Technology Services\",\"isPartOf\":{\"@id\":\"https:\/\/legacy.colt.net\/#website\"},\"datePublished\":\"2020-05-11T09:13:22+00:00\",\"dateModified\":\"2020-11-20T10:23:22+00:00\",\"description\":\"Covid 19 Colt Technology Services\",\"breadcrumb\":{\"@id\":\"https:\/\/legacy.colt.net\/de\/covid-19\/#breadcrumb\"},\"inLanguage\":\"de-DE\",\"potentialAction\":[{\"@type\":\"ReadAction\",\"target\":[\"https:\/\/legacy.colt.net\/de\/covid-19\/\"]}]},{\"@type\":\"BreadcrumbList\",\"@id\":\"https:\/\/legacy.colt.net\/de\/covid-19\/#breadcrumb\",\"itemListElement\":[{\"@type\":\"ListItem\",\"position\":1,\"name\":\"Home\",\"item\":\"https:\/\/legacy.colt.net\/de\/\"},{\"@type\":\"ListItem\",\"position\":2,\"name\":\"Covid 19\"}]},{\"@type\":\"WebSite\",\"@id\":\"https:\/\/legacy.colt.net\/#website\",\"url\":\"https:\/\/legacy.colt.net\/\",\"name\":\"Colt\u30c6\u30af\u30ce\u30ed\u30b8\u30fc\u30b5\u30fc\u30d3\u30b9\u682a\u5f0f\u4f1a\u793e\",\"description\":\"Managed Network &amp; Voice Services Provider\",\"publisher\":{\"@id\":\"https:\/\/legacy.colt.net\/#organization\"},\"potentialAction\":[{\"@type\":\"SearchAction\",\"target\":{\"@type\":\"EntryPoint\",\"urlTemplate\":\"https:\/\/legacy.colt.net\/?s={search_term_string}\"},\"query-input\":{\"@type\":\"PropertyValueSpecification\",\"valueRequired\":true,\"valueName\":\"search_term_string\"}}],\"inLanguage\":\"de-DE\"},{\"@type\":\"Organization\",\"@id\":\"https:\/\/legacy.colt.net\/#organization\",\"name\":\"Colt Technology Services\",\"url\":\"https:\/\/legacy.colt.net\/\",\"logo\":{\"@type\":\"ImageObject\",\"inLanguage\":\"de-DE\",\"@id\":\"https:\/\/legacy.colt.net\/#\/schema\/logo\/image\/\",\"url\":\"https:\/\/legacy.colt.net\/wp-content\/uploads\/2019\/02\/Colt-Logo.png\",\"contentUrl\":\"https:\/\/legacy.colt.net\/wp-content\/uploads\/2019\/02\/Colt-Logo.png\",\"width\":195,\"height\":77,\"caption\":\"Colt Technology Services\"},\"image\":{\"@id\":\"https:\/\/legacy.colt.net\/#\/schema\/logo\/image\/\"},\"sameAs\":[\"https:\/\/www.facebook.com\/ColtTechnologyServices\/\",\"https:\/\/x.com\/colt_technology\",\"https:\/\/www.instagram.com\/colttechnologyservices\/\",\"https:\/\/www.linkedin.com\/company\/colt-technology-services\",\"https:\/\/www.youtube.com\/user\/ColtTechnology\"]}]}<\/script>\n<!-- \/ Yoast SEO plugin. -->","yoast_head_json":{"title":"Covid 19 - Colt Technology Services","description":"Covid 19 Colt Technology Services","robots":{"index":"noindex","follow":"follow","max-snippet":"max-snippet:-1","max-image-preview":"max-image-preview:large","max-video-preview":"max-video-preview:-1"},"og_locale":"de_DE","og_type":"article","og_title":"Covid 19 - Colt Technology Services","og_description":"Covid 19 Colt Technology Services","og_url":"https:\/\/legacy.colt.net\/de\/covid-19\/","og_site_name":"Colt Technology Services","article_publisher":"https:\/\/www.facebook.com\/ColtTechnologyServices\/","article_modified_time":"2020-11-20T10:23:22+00:00","og_image":[{"width":1000,"height":667,"url":"https:\/\/legacy.colt.net\/wp-content\/uploads\/2021\/01\/Brand-2021-Stock-41.jpg","type":"image\/jpeg"}],"twitter_card":"summary_large_image","twitter_site":"@colt_technology","twitter_misc":{"Est. reading time":"4 minutes"},"schema":{"@context":"https:\/\/schema.org","@graph":[{"@type":"WebPage","@id":"https:\/\/legacy.colt.net\/de\/covid-19\/","url":"https:\/\/legacy.colt.net\/de\/covid-19\/","name":"Covid 19 - Colt Technology Services","isPartOf":{"@id":"https:\/\/legacy.colt.net\/#website"},"datePublished":"2020-05-11T09:13:22+00:00","dateModified":"2020-11-20T10:23:22+00:00","description":"Covid 19 Colt Technology Services","breadcrumb":{"@id":"https:\/\/legacy.colt.net\/de\/covid-19\/#breadcrumb"},"inLanguage":"de-DE","potentialAction":[{"@type":"ReadAction","target":["https:\/\/legacy.colt.net\/de\/covid-19\/"]}]},{"@type":"BreadcrumbList","@id":"https:\/\/legacy.colt.net\/de\/covid-19\/#breadcrumb","itemListElement":[{"@type":"ListItem","position":1,"name":"Home","item":"https:\/\/legacy.colt.net\/de\/"},{"@type":"ListItem","position":2,"name":"Covid 19"}]},{"@type":"WebSite","@id":"https:\/\/legacy.colt.net\/#website","url":"https:\/\/legacy.colt.net\/","name":"Colt\u30c6\u30af\u30ce\u30ed\u30b8\u30fc\u30b5\u30fc\u30d3\u30b9\u682a\u5f0f\u4f1a\u793e","description":"Managed Network &amp; Voice Services Provider","publisher":{"@id":"https:\/\/legacy.colt.net\/#organization"},"potentialAction":[{"@type":"SearchAction","target":{"@type":"EntryPoint","urlTemplate":"https:\/\/legacy.colt.net\/?s={search_term_string}"},"query-input":{"@type":"PropertyValueSpecification","valueRequired":true,"valueName":"search_term_string"}}],"inLanguage":"de-DE"},{"@type":"Organization","@id":"https:\/\/legacy.colt.net\/#organization","name":"Colt Technology Services","url":"https:\/\/legacy.colt.net\/","logo":{"@type":"ImageObject","inLanguage":"de-DE","@id":"https:\/\/legacy.colt.net\/#\/schema\/logo\/image\/","url":"https:\/\/legacy.colt.net\/wp-content\/uploads\/2019\/02\/Colt-Logo.png","contentUrl":"https:\/\/legacy.colt.net\/wp-content\/uploads\/2019\/02\/Colt-Logo.png","width":195,"height":77,"caption":"Colt Technology Services"},"image":{"@id":"https:\/\/legacy.colt.net\/#\/schema\/logo\/image\/"},"sameAs":["https:\/\/www.facebook.com\/ColtTechnologyServices\/","https:\/\/x.com\/colt_technology","https:\/\/www.instagram.com\/colttechnologyservices\/","https:\/\/www.linkedin.com\/company\/colt-technology-services","https:\/\/www.youtube.com\/user\/ColtTechnology"]}]}},"_links":{"self":[{"href":"https:\/\/legacy.colt.net\/de\/wp-json\/wp\/v2\/pages\/73667","targetHints":{"allow":["GET"]}}],"collection":[{"href":"https:\/\/legacy.colt.net\/de\/wp-json\/wp\/v2\/pages"}],"about":[{"href":"https:\/\/legacy.colt.net\/de\/wp-json\/wp\/v2\/types\/page"}],"author":[{"embeddable":true,"href":"https:\/\/legacy.colt.net\/de\/wp-json\/wp\/v2\/users\/2"}],"replies":[{"embeddable":true,"href":"https:\/\/legacy.colt.net\/de\/wp-json\/wp\/v2\/comments?post=73667"}],"version-history":[{"count":0,"href":"https:\/\/legacy.colt.net\/de\/wp-json\/wp\/v2\/pages\/73667\/revisions"}],"wp:attachment":[{"href":"https:\/\/legacy.colt.net\/de\/wp-json\/wp\/v2\/media?parent=73667"}],"wp:term":[{"taxonomy":"colt_type","embeddable":true,"href":"https:\/\/legacy.colt.net\/de\/wp-json\/wp\/v2\/colt_type?post=73667"},{"taxonomy":"colt_products","embeddable":true,"href":"https:\/\/legacy.colt.net\/de\/wp-json\/wp\/v2\/colt_products?post=73667"}],"curies":[{"name":"wp","href":"https:\/\/api.w.org\/{rel}","templated":true}]}}