{"id":67629,"date":"2020-01-16T09:32:12","date_gmt":"2020-01-16T09:32:12","guid":{"rendered":"https:\/\/www.colt.net\/?page_id=67629"},"modified":"2022-03-24T08:59:55","modified_gmt":"2022-03-24T08:59:55","slug":"dc-interconnect","status":"publish","type":"page","link":"https:\/\/legacy.colt.net\/de\/product\/dc-interconnect\/","title":{"rendered":"DC Interconnect"},"content":{"rendered":"\n<h1>\n\t\tVerbindungen zu \u00fcber 900 Rechenzentren weltweit\n\t<\/h1>\n\t<nav class=\"breadcrumb\"><span><span><a href=\"https:\/\/legacy.colt.net\/de\/\">Home<\/a><\/span><\/span><\/nav>\n\t\t\t<p>[hubspot portalid=&#8221;344164&#8243; formid=&#8221;d186936d-b7b7-448e-8ebe-7083f462fe4b&#8221; event=&#8221;HubSpotFormSubmitted&#8221; HsFormAction=&#8221;Contact Us&#8221; HsFormName=&#8221;Product DC Interconnect&#8221;]<\/p>\n\t\t\t<a href=\"void(0)\" target=\"_self\" rel=\"noopener noreferrer\">\n\t\t\t\t\t\t\t\t\t\t\tKontaktieren\n\t\t<\/a>\n\t\t\t<a href=\"#hs-chat-open\" target=\"_self\" role=\"button\" rel=\"noopener noreferrer\">\n\t\t\t\t\t\tChat mit dem vertrieb\n\t\t\t\t\t<\/a>\n\t\t\t<p>[hubspot portalid=&#8221;344164&#8243; formid=&#8221;d186936d-b7b7-448e-8ebe-7083f462fe4b&#8221; event=&#8221;HubSpotFormSubmitted&#8221; HsFormAction=&#8221;Contact Us&#8221; HsFormName=&#8221;Product DC Interconnect&#8221;]<\/p>\n\t\t\t<a href=\"void(0)\" target=\"_self\" rel=\"noopener noreferrer\">\n\t\t\t\t\t\t\t\t\t\t\tKontaktieren\n\t\t<\/a>\n\t\t\t<a href=\"https:\/\/legacy.colt.net\/wp-content\/uploads\/2019\/08\/Data-Sheet-DC-Net-DE-0719-1.pdf\" target=\"_self\" role=\"button\" rel=\"noopener noreferrer\">\n\t\t\t\t\t\tDC Net datenblatt\n\t\t\t\t\t<\/a>\n<h2>\n\t\tKein Rechenzentrum ist weiter entfernt als ein Crossconnect  \n\t<\/h2>\n\t<p>Mit Data Center Interconnect von Colt k\u00f6nnen Sie die Rechenzentren, in denen Ihre IT-Services gehostet werden, schnell und einfach miteinander verbinden &#8211; auch wenn sie sich in verschiedenen St\u00e4dten, L\u00e4ndern oder Kontinenten befinden. Dank vorab bereitgestellter Leitungskapazit\u00e4ten in wichtigen Rechenzentren dauert die Anbindung Ihrer Rechenzentren m\u00f6glicherweise nur f\u00fcnf Tage. In bestimmten F\u00e4llen wie beim DCNet <a href=\"https:\/\/legacy.colt.net\/de\/on-demand-network-solutions\/\">On Demand-Service<\/a> von Colt kann sie sogar sofort erfolgen.<\/p>\n<h2>\n\t\tVorteile auf einen Blick\n\t<\/h2>\n\t<p>Optimieren Sie Ihre globale IT-Strategie durch den direkten Zugriff auf mehr als 900 anbieterunabh\u00e4ngige, anbietergebundene und Colt-eigene Rechenzentren in Europa, im asiatisch-pazifischen Raum und in Nordamerika.<\/p>\n\t<h5>Zwischen wichtigen Rechenzentren k\u00f6nnen wir neue Verbindungen in nur f\u00fcnf Tagen und Upgrades in zwei Tagen bereitstellen.<\/h5>\n\t<h5>Colt bietet mehr Auswahlm\u00f6glichkeiten und Kapazit\u00e4ten in Rechenzentren als jeder andere Anbieter in Europa, Nordamerika und Asien.<\/h5>\n\t<h5>W\u00e4hlen Sie die optimale Bandbreite &#8211; von 100 Mbit\/s bis zu 100 Gbit\/s.<\/h5>\n\t<h5>Verbinden Sie Ihre IT schnell und einfach \u00fcber einen Crossconnect &#8211; sogar \u00fcber Kontinente hinweg.<\/h5>\n\t<h5>On-Demand services provide instant control over your network. Benefit from real-time provisioning self-serve and pay-as-you-go.<\/h5>\n\t<h5>One simple contract &#8211; avoid the need for multiple suppliers and individual network contracts, we offer flexible terms at competitive prices.<\/h5>\n<h2>\n\t\tBei Colt sind Sie in guten H\u00e4nden\n\t<\/h2>\n\t<p>Erweitern Sie Ihre Netzwerkabdeckung mit Colt. Legen Sie einfach bei Bedarf neue Verbindungen zu weiteren Rechenzentren an. Unsere vielfach ausgezeichneten Konnektivit\u00e4tsdienste lassen sich schnell bereitstellen, sind kosteng\u00fcnstig und einfach zu verwalten.<\/p>\n<p>Unsere <a href=\"https:\/\/legacy.colt.net\/de\/product\/ethernet-line\/\">Ethernet<\/a> und <a href=\"https:\/\/legacy.colt.net\/de\/product\/wave\/\">Wave<\/a>-Dienste (DWDM) sind m\u00fchelos skalierbar, flexibel und zuverl\u00e4ssig. Mit Bandbreitenoptionen von paketbasierten 100-Mbit\/s-Diensten bis zu 100-Gbit\/s-Glasfaser-Diensten bieten wir die gr\u00f6\u00dftm\u00f6gliche Auswahl an Technologien und L\u00f6sungen. Colt garantiert Leistung und Bandbreite &#8211; in Verbindung mit einem H\u00f6chstma\u00df an Sicherheit und Zuverl\u00e4ssigkeit.<\/p>\n\t\t\t\t\t\t<img decoding=\"async\" src=\"https:\/\/i.ytimg.com\/vi\/KzYHTbhSIOw\/maxresdefault.jpg\"  \/>\n\t\t<h2>\n\t\tLeistungsmerkmale\n\t<\/h2>\n\t\t\t<a href=\"https:\/\/legacy.colt.net\/contact-us\/\" target=\"_blank\" role=\"button\" rel=\"noopener noreferrer\">\n\t\t\t\t\t\t\tWir beraten Sie gerne\n\t\t\t\t\t<\/a>\n<h2>\n\t\tWarum sollten Sie sich f\u00fcr uns entscheiden?\n\t<\/h2>\n\t<p>Colt bietet Services mit hoher Bandbreite f\u00fcr Unternehmen und Wholesale-Kunden in Europa und Asien sowie in den gr\u00f6\u00dften Wirtschaftszentren Nordamerikas. Wir erm\u00f6glichen die Digitalisierung von Unternehmen \u00fcber ein speziell entwickeltes <a href=\"https:\/\/legacy.colt.net\/de\/global-network\/\">IQ-Netzwerk<\/a> mit Cloud-Integration.<\/p>\n<p>Der gute Ruf von Colt beruht auf unserer Kundenorientierung. Wir sind vor Ort f\u00fcr unsere Kunden da, betreuen sie aber auch rund um den Globus. Colt z\u00e4hlt 76 % der weltweit f\u00fchrenden Telekommunikationsunternehmen und 72 % der weltweit f\u00fchrenden Medienunternehmen zu seinen Kunden (Forbes 2000-Liste, 2016). Colt befindet sich in Privatbesitz von Fidelity Investments und ist eines der finanziell ges\u00fcndesten Unternehmen seiner Branche. So k\u00f6nnen wir unseren Kunden erstklassigen Service zu fairen Preisen bieten.<\/p>\n<h1>\n\t\tIst Ihr Standort angeschlossen?\n\t<\/h1>\n\t\n\t\t\t<a href=\"https:\/\/legacy.colt.net\/de\/colt-network-map\/\" target=\"_self\" role=\"button\" rel=\"noopener noreferrer\">\n\t\t\t\t\t\t\tMeinen Anschluss testen\n\t\t\t\t\t<\/a>\n\n","protected":false},"excerpt":{"rendered":"<p>Verbindungen zu \u00fcber 900 Rechenzentren weltweit [hubspot portalid=&#8221;344164&#8243; formid=&#8221;d186936d-b7b7-448e-8ebe-7083f462fe4b&#8221; event=&#8221;HubSpotFormSubmitted&#8221; HsFormAction=&#8221;Contact Us&#8221; HsFormName=&#8221;Product DC Interconnect&#8221;] Kontaktieren Chat mit dem vertrieb [hubspot portalid=&#8221;344164&#8243; formid=&#8221;d186936d-b7b7-448e-8ebe-7083f462fe4b&#8221; event=&#8221;HubSpotFormSubmitted&#8221; HsFormAction=&#8221;Contact Us&#8221; HsFormName=&#8221;Product DC Interconnect&#8221;] Kontaktieren DC Net datenblatt Kein Rechenzentrum ist weiter entfernt als ein Crossconnect Mit Data Center Interconnect von Colt k\u00f6nnen Sie die Rechenzentren, in denen Ihre IT-Services&#8230;<\/p>\n","protected":false},"author":2,"featured_media":0,"parent":35897,"menu_order":0,"comment_status":"closed","ping_status":"closed","template":"","meta":{"_acf_changed":false,"footnotes":""},"colt_type":[],"colt_products":[],"class_list":["post-67629","page","type-page","status-publish","hentry"],"acf":[],"yoast_head":"<!-- This site is optimized with the Yoast SEO plugin v26.8 - https:\/\/yoast.com\/product\/yoast-seo-wordpress\/ -->\n<title>DC Interconnect - Colt Technology Services - DE<\/title>\n<meta name=\"description\" content=\"Mit Data Center Interconnect von Colt k\u00f6nnen Sie die Rechenzentren, in denen Ihre IT-Services gehostet werden, schnell und einfach miteinander verbinden.\" \/>\n<meta name=\"robots\" content=\"noindex, follow, max-snippet:-1, max-image-preview:large, max-video-preview:-1\" \/>\n<meta property=\"og:locale\" content=\"de_DE\" \/>\n<meta property=\"og:type\" content=\"article\" \/>\n<meta property=\"og:title\" content=\"DC Interconnect - Colt Technology Services - DE\" \/>\n<meta property=\"og:description\" content=\"Mit Data Center Interconnect von Colt k\u00f6nnen Sie die Rechenzentren, in denen Ihre IT-Services gehostet werden, schnell und einfach miteinander verbinden.\" \/>\n<meta property=\"og:url\" content=\"https:\/\/legacy.colt.net\/de\/product\/dc-interconnect\/\" \/>\n<meta property=\"og:site_name\" content=\"Colt Technology Services\" \/>\n<meta property=\"article:publisher\" content=\"https:\/\/www.facebook.com\/ColtTechnologyServices\/\" \/>\n<meta property=\"article:modified_time\" content=\"2022-03-24T08:59:55+00:00\" \/>\n<meta property=\"og:image\" content=\"https:\/\/i.ytimg.com\/vi\/KzYHTbhSIOw\/maxresdefault.jpg\" \/>\n<meta name=\"twitter:card\" content=\"summary_large_image\" \/>\n<meta name=\"twitter:site\" content=\"@colt_technology\" \/>\n<meta name=\"twitter:label1\" content=\"Est. reading time\" \/>\n\t<meta name=\"twitter:data1\" content=\"2 minutes\" \/>\n<script type=\"application\/ld+json\" class=\"yoast-schema-graph\">{\"@context\":\"https:\/\/schema.org\",\"@graph\":[{\"@type\":\"WebPage\",\"@id\":\"https:\/\/legacy.colt.net\/de\/product\/dc-interconnect\/\",\"url\":\"https:\/\/legacy.colt.net\/de\/product\/dc-interconnect\/\",\"name\":\"DC Interconnect - Colt Technology Services - DE\",\"isPartOf\":{\"@id\":\"https:\/\/legacy.colt.net\/#website\"},\"primaryImageOfPage\":{\"@id\":\"https:\/\/legacy.colt.net\/de\/product\/dc-interconnect\/#primaryimage\"},\"image\":{\"@id\":\"https:\/\/legacy.colt.net\/de\/product\/dc-interconnect\/#primaryimage\"},\"thumbnailUrl\":\"https:\/\/i.ytimg.com\/vi\/KzYHTbhSIOw\/maxresdefault.jpg\",\"datePublished\":\"2020-01-16T09:32:12+00:00\",\"dateModified\":\"2022-03-24T08:59:55+00:00\",\"description\":\"Mit Data Center Interconnect von Colt k\u00f6nnen Sie die Rechenzentren, in denen Ihre IT-Services gehostet werden, schnell und einfach miteinander verbinden.\",\"breadcrumb\":{\"@id\":\"https:\/\/legacy.colt.net\/de\/product\/dc-interconnect\/#breadcrumb\"},\"inLanguage\":\"de-DE\",\"potentialAction\":[{\"@type\":\"ReadAction\",\"target\":[\"https:\/\/legacy.colt.net\/de\/product\/dc-interconnect\/\"]}]},{\"@type\":\"ImageObject\",\"inLanguage\":\"de-DE\",\"@id\":\"https:\/\/legacy.colt.net\/de\/product\/dc-interconnect\/#primaryimage\",\"url\":\"https:\/\/i.ytimg.com\/vi\/KzYHTbhSIOw\/maxresdefault.jpg\",\"contentUrl\":\"https:\/\/i.ytimg.com\/vi\/KzYHTbhSIOw\/maxresdefault.jpg\"},{\"@type\":\"BreadcrumbList\",\"@id\":\"https:\/\/legacy.colt.net\/de\/product\/dc-interconnect\/#breadcrumb\",\"itemListElement\":[{\"@type\":\"ListItem\",\"position\":1,\"name\":\"Home\",\"item\":\"https:\/\/legacy.colt.net\/de\/\"},{\"@type\":\"ListItem\",\"position\":2,\"name\":\"Produkte &#038; Netzwerkservice\",\"item\":\"https:\/\/legacy.colt.net\/de\/product\/\"},{\"@type\":\"ListItem\",\"position\":3,\"name\":\"DC Interconnect\"}]},{\"@type\":\"WebSite\",\"@id\":\"https:\/\/legacy.colt.net\/#website\",\"url\":\"https:\/\/legacy.colt.net\/\",\"name\":\"Colt\u30c6\u30af\u30ce\u30ed\u30b8\u30fc\u30b5\u30fc\u30d3\u30b9\u682a\u5f0f\u4f1a\u793e\",\"description\":\"Managed Network &amp; Voice Services Provider\",\"publisher\":{\"@id\":\"https:\/\/legacy.colt.net\/#organization\"},\"potentialAction\":[{\"@type\":\"SearchAction\",\"target\":{\"@type\":\"EntryPoint\",\"urlTemplate\":\"https:\/\/legacy.colt.net\/?s={search_term_string}\"},\"query-input\":{\"@type\":\"PropertyValueSpecification\",\"valueRequired\":true,\"valueName\":\"search_term_string\"}}],\"inLanguage\":\"de-DE\"},{\"@type\":\"Organization\",\"@id\":\"https:\/\/legacy.colt.net\/#organization\",\"name\":\"Colt Technology Services\",\"url\":\"https:\/\/legacy.colt.net\/\",\"logo\":{\"@type\":\"ImageObject\",\"inLanguage\":\"de-DE\",\"@id\":\"https:\/\/legacy.colt.net\/#\/schema\/logo\/image\/\",\"url\":\"https:\/\/legacy.colt.net\/wp-content\/uploads\/2019\/02\/Colt-Logo.png\",\"contentUrl\":\"https:\/\/legacy.colt.net\/wp-content\/uploads\/2019\/02\/Colt-Logo.png\",\"width\":195,\"height\":77,\"caption\":\"Colt Technology Services\"},\"image\":{\"@id\":\"https:\/\/legacy.colt.net\/#\/schema\/logo\/image\/\"},\"sameAs\":[\"https:\/\/www.facebook.com\/ColtTechnologyServices\/\",\"https:\/\/x.com\/colt_technology\",\"https:\/\/www.instagram.com\/colttechnologyservices\/\",\"https:\/\/www.linkedin.com\/company\/colt-technology-services\",\"https:\/\/www.youtube.com\/user\/ColtTechnology\"]}]}<\/script>\n<!-- \/ Yoast SEO plugin. -->","yoast_head_json":{"title":"DC Interconnect - Colt Technology Services - DE","description":"Mit Data Center Interconnect von Colt k\u00f6nnen Sie die Rechenzentren, in denen Ihre IT-Services gehostet werden, schnell und einfach miteinander verbinden.","robots":{"index":"noindex","follow":"follow","max-snippet":"max-snippet:-1","max-image-preview":"max-image-preview:large","max-video-preview":"max-video-preview:-1"},"og_locale":"de_DE","og_type":"article","og_title":"DC Interconnect - Colt Technology Services - DE","og_description":"Mit Data Center Interconnect von Colt k\u00f6nnen Sie die Rechenzentren, in denen Ihre IT-Services gehostet werden, schnell und einfach miteinander verbinden.","og_url":"https:\/\/legacy.colt.net\/de\/product\/dc-interconnect\/","og_site_name":"Colt Technology Services","article_publisher":"https:\/\/www.facebook.com\/ColtTechnologyServices\/","article_modified_time":"2022-03-24T08:59:55+00:00","og_image":[{"url":"https:\/\/i.ytimg.com\/vi\/KzYHTbhSIOw\/maxresdefault.jpg","type":"","width":"","height":""}],"twitter_card":"summary_large_image","twitter_site":"@colt_technology","twitter_misc":{"Est. reading time":"2 minutes"},"schema":{"@context":"https:\/\/schema.org","@graph":[{"@type":"WebPage","@id":"https:\/\/legacy.colt.net\/de\/product\/dc-interconnect\/","url":"https:\/\/legacy.colt.net\/de\/product\/dc-interconnect\/","name":"DC Interconnect - Colt Technology Services - DE","isPartOf":{"@id":"https:\/\/legacy.colt.net\/#website"},"primaryImageOfPage":{"@id":"https:\/\/legacy.colt.net\/de\/product\/dc-interconnect\/#primaryimage"},"image":{"@id":"https:\/\/legacy.colt.net\/de\/product\/dc-interconnect\/#primaryimage"},"thumbnailUrl":"https:\/\/i.ytimg.com\/vi\/KzYHTbhSIOw\/maxresdefault.jpg","datePublished":"2020-01-16T09:32:12+00:00","dateModified":"2022-03-24T08:59:55+00:00","description":"Mit Data Center Interconnect von Colt k\u00f6nnen Sie die Rechenzentren, in denen Ihre IT-Services gehostet werden, schnell und einfach miteinander verbinden.","breadcrumb":{"@id":"https:\/\/legacy.colt.net\/de\/product\/dc-interconnect\/#breadcrumb"},"inLanguage":"de-DE","potentialAction":[{"@type":"ReadAction","target":["https:\/\/legacy.colt.net\/de\/product\/dc-interconnect\/"]}]},{"@type":"ImageObject","inLanguage":"de-DE","@id":"https:\/\/legacy.colt.net\/de\/product\/dc-interconnect\/#primaryimage","url":"https:\/\/i.ytimg.com\/vi\/KzYHTbhSIOw\/maxresdefault.jpg","contentUrl":"https:\/\/i.ytimg.com\/vi\/KzYHTbhSIOw\/maxresdefault.jpg"},{"@type":"BreadcrumbList","@id":"https:\/\/legacy.colt.net\/de\/product\/dc-interconnect\/#breadcrumb","itemListElement":[{"@type":"ListItem","position":1,"name":"Home","item":"https:\/\/legacy.colt.net\/de\/"},{"@type":"ListItem","position":2,"name":"Produkte &#038; Netzwerkservice","item":"https:\/\/legacy.colt.net\/de\/product\/"},{"@type":"ListItem","position":3,"name":"DC Interconnect"}]},{"@type":"WebSite","@id":"https:\/\/legacy.colt.net\/#website","url":"https:\/\/legacy.colt.net\/","name":"Colt\u30c6\u30af\u30ce\u30ed\u30b8\u30fc\u30b5\u30fc\u30d3\u30b9\u682a\u5f0f\u4f1a\u793e","description":"Managed Network &amp; Voice Services Provider","publisher":{"@id":"https:\/\/legacy.colt.net\/#organization"},"potentialAction":[{"@type":"SearchAction","target":{"@type":"EntryPoint","urlTemplate":"https:\/\/legacy.colt.net\/?s={search_term_string}"},"query-input":{"@type":"PropertyValueSpecification","valueRequired":true,"valueName":"search_term_string"}}],"inLanguage":"de-DE"},{"@type":"Organization","@id":"https:\/\/legacy.colt.net\/#organization","name":"Colt Technology Services","url":"https:\/\/legacy.colt.net\/","logo":{"@type":"ImageObject","inLanguage":"de-DE","@id":"https:\/\/legacy.colt.net\/#\/schema\/logo\/image\/","url":"https:\/\/legacy.colt.net\/wp-content\/uploads\/2019\/02\/Colt-Logo.png","contentUrl":"https:\/\/legacy.colt.net\/wp-content\/uploads\/2019\/02\/Colt-Logo.png","width":195,"height":77,"caption":"Colt Technology Services"},"image":{"@id":"https:\/\/legacy.colt.net\/#\/schema\/logo\/image\/"},"sameAs":["https:\/\/www.facebook.com\/ColtTechnologyServices\/","https:\/\/x.com\/colt_technology","https:\/\/www.instagram.com\/colttechnologyservices\/","https:\/\/www.linkedin.com\/company\/colt-technology-services","https:\/\/www.youtube.com\/user\/ColtTechnology"]}]}},"_links":{"self":[{"href":"https:\/\/legacy.colt.net\/de\/wp-json\/wp\/v2\/pages\/67629","targetHints":{"allow":["GET"]}}],"collection":[{"href":"https:\/\/legacy.colt.net\/de\/wp-json\/wp\/v2\/pages"}],"about":[{"href":"https:\/\/legacy.colt.net\/de\/wp-json\/wp\/v2\/types\/page"}],"author":[{"embeddable":true,"href":"https:\/\/legacy.colt.net\/de\/wp-json\/wp\/v2\/users\/2"}],"replies":[{"embeddable":true,"href":"https:\/\/legacy.colt.net\/de\/wp-json\/wp\/v2\/comments?post=67629"}],"version-history":[{"count":0,"href":"https:\/\/legacy.colt.net\/de\/wp-json\/wp\/v2\/pages\/67629\/revisions"}],"up":[{"embeddable":true,"href":"https:\/\/legacy.colt.net\/de\/wp-json\/wp\/v2\/pages\/35897"}],"wp:attachment":[{"href":"https:\/\/legacy.colt.net\/de\/wp-json\/wp\/v2\/media?parent=67629"}],"wp:term":[{"taxonomy":"colt_type","embeddable":true,"href":"https:\/\/legacy.colt.net\/de\/wp-json\/wp\/v2\/colt_type?post=67629"},{"taxonomy":"colt_products","embeddable":true,"href":"https:\/\/legacy.colt.net\/de\/wp-json\/wp\/v2\/colt_products?post=67629"}],"curies":[{"name":"wp","href":"https:\/\/api.w.org\/{rel}","templated":true}]}}