{"id":67507,"date":"2020-01-16T09:24:30","date_gmt":"2020-01-16T09:24:30","guid":{"rendered":"https:\/\/www.colt.net\/?page_id=67507"},"modified":"2024-11-22T09:58:00","modified_gmt":"2024-11-22T09:58:00","slug":"on-demand","status":"publish","type":"page","link":"https:\/\/legacy.colt.net\/de\/solutions\/on-demand\/","title":{"rendered":"Software-definierte Konnektivit\u00e4t in Echtzeit"},"content":{"rendered":"\n\n\t\t\t\t<img loading=\"lazy\" decoding=\"async\" src=\"https:\/\/legacy.colt.net\/wp-content\/uploads\/2024\/02\/Colt-On-Demand-Logo.png\" alt=\"Colt-On-Demand-Logo\" itemprop=\"image\" height=\"230\" width=\"700\" title=\"Colt-On-Demand-Logo\" onerror=\"this.style.display='none'\"  \/>\n<h1>\n\t\tColt Network-as-a-Service\n\t<\/h1>\n<h2>\n\t\tSkalierbare Kontrolle \u00fcber Ihr Netzwerk in Echtzeit\n\t<\/h2>\n\t\t\t<a href=\"https:\/\/legacy.colt.net\/go\/on-demand-demo\/\" target=\"_blank\" rel=\"noopener\">\n\t\t\t\t\t\t\tErleben Sie jetzt unser Portal\n\t\t\t<\/a>\n\t<nav class=\"breadcrumb\"><span><span><a href=\"https:\/\/legacy.colt.net\/de\/\">Home<\/a><\/span><\/span><\/nav>\n\t\t\t\t<img loading=\"lazy\" decoding=\"async\" src=\"https:\/\/legacy.colt.net\/wp-content\/uploads\/2024\/10\/On-Demand-Portal-01.png\" alt=\"On-Demand-Portal-01\" itemprop=\"image\" height=\"783\" width=\"840\" title=\"On-Demand-Portal-01\" onerror=\"this.style.display='none'\"  \/>\n\t\t\t\t<img loading=\"lazy\" decoding=\"async\" src=\"https:\/\/legacy.colt.net\/wp-content\/uploads\/2021\/10\/On-Demand-Key-Feautures.png\" alt=\"On Demand Key Feautures\" itemprop=\"image\" height=\"869\" width=\"1228\" title=\"On Demand Key Feautures\" onerror=\"this.style.display='none'\"  \/>\n<h2>\n\t\tSkalierbare Kontrolle \u00fcber Ihr Netz in Echtzeit\n\t<\/h2>\n\t<p>Wir sind Ihr On Demand-Netzwerkanbieter f\u00fcr eine Vielzahl von Anwendungen wie kosteng\u00fcnstige Business Continuity, flexible Anschlusskapazit\u00e4ten f\u00fcr kurzfristigen und vor\u00fcbergehenden Bedarf, Bandbreitenoptimierung und maximalen Cloud-Komfort.<\/p>\n<p>Unsere On Demand Services verschaffen Ihnen Kontrolle \u00fcber Ihr Netz und die Bereitstellung ben\u00f6tigter Verbindungen in Echtzeit.<\/p>\n<h2>\n\t\tAlle Vorteile auf einen Blick\n\t<\/h2>\n\t<p>Colt On Demand Services sind ein Meilenstein f\u00fcr Unternehmen, die flexible L\u00f6sungen zur Verbindung von Rechenzentren, Cloud-Providern und B\u00fcrogeb\u00e4uden ben\u00f6tigen.<\/p>\n\t<h4>Verschaffen Sie sich die komplette Kontrolle \u00fcber Ihr Netzwerk mit unserem beeindruckenden Self-Service-Portal.<\/h4>\n\t<h4>Profitieren Sie von der Bereitstellung von Services in Echtzeit und verabschieden Sie sich von langen Vorlaufzeiten.<\/h4>\n\t<h4>Sie haben die Wahl: Langfristige feste Vertr\u00e4ge oder stundenbasierte Abrechnung ohne Vertragsbindung.<\/h4>\n\t<h4>Profitieren Sie von einer Cloud-Anbindung ohne Kompromisse.<\/h4>\n<h2>\n\t\tAnschluss in Minutenschnelle\n\t<\/h2>\n\t<p>Colt bietet eine Reihe von On Demand-L\u00f6sungen, mit denen Sie Ihre IT-Services schneller und bequemer vernetzen &#8211; auch in anderen St\u00e4dten oder L\u00e4ndern.<\/p>\n<p>Von Colt erhalten Sie dedizierte, leistungsstarke und skalierbare Ethernet-Verbindungen zwischen allen Ihren Standorten &#8211; Rechenzentren, B\u00fcrogeb\u00e4ude oder Access Points zu Public Cloud Providern.<\/p>\n<p>Das bedeutet, Ihre IT-Services erg\u00e4nzen sich perfekt und k\u00f6nnen innerhalb von Minuten aktiviert werden.<\/p>\n\t\t\t<a href=\"https:\/\/legacy.colt.net\/go\/on-demand-demo\/\" target=\"_blank\" rel=\"noopener\">\n\t\t\t\t\t\t\tTesten Sie jetzt unser SDN-Portal\n\t\t\t\t\t<\/a>\n\t\t\t\t<img decoding=\"async\" src=\"https:\/\/legacy.colt.net\/wp-content\/uploads\/2024\/09\/Globe-01.png\" alt=\"Globe-01.png\" itemprop=\"image\" title=\"Globe-01.png\" onerror=\"this.style.display='none'\"  \/>\n<h2>\n\t\tPassen Sie Ihr Netzwerk in vier Schritten an Ihren aktuellen Bedarf an:\n\t<\/h2>\n\t<p>Melden Sie sich bei unserem On Demand-Portal mit Ihrer individuellen, sicheren ID an.<\/p>\n\t<p>Reservieren Sie Ihre Netzwerkports und geben Sie sie frei, indem Sie die entsprechenden Speicherorte in unsere Datenbank eintragen.<\/p>\n\t<p>Stellen Sie eine Verbindung zwischen Ihren neuen Ports \u00fcber Direct Ethernet oder die Cloud her.<\/p>\n\t<p>\u00c4ndern, planen und skalieren Sie Ihre Bandbreite und Vertragsbindung in Echtzeit.<\/p>\n<h2>\n\t\tEntdecken Sie die Partnerschaften von Colt mit den weltweit f\u00fchrenden Cloud-Anbietern:\n\t<\/h2>\n\t\t\t\t<a href=\"https:\/\/legacy.colt.net\/de\/product\/direct-connect\/google\/\" target=\"_blank\" rel=\"noopener\" itemprop=\"url\">\n\t\t\t\t<img loading=\"lazy\" decoding=\"async\" src=\"https:\/\/legacy.colt.net\/wp-content\/uploads\/2019\/03\/Google-Cloud.png\" alt=\"Google Cloud\" itemprop=\"image\" height=\"251\" width=\"540\" title=\"Google Cloud\" onerror=\"this.style.display='none'\"  \/>\n\t\t\t\t<\/a>\n\t\t\t\t<a href=\"https:\/\/legacy.colt.net\/de\/product\/direct-connect\/azure\/\" target=\"_blank\" rel=\"noopener\" itemprop=\"url\">\n\t\t\t\t<img loading=\"lazy\" decoding=\"async\" src=\"https:\/\/legacy.colt.net\/wp-content\/uploads\/2019\/03\/Microsoft-Azure.png\" alt=\"Microsoft Azure\" itemprop=\"image\" height=\"260\" width=\"720\" title=\"Microsoft Azure\" onerror=\"this.style.display='none'\"  \/>\n\t\t\t\t<\/a>\n\t\t\t\t<a href=\"https:\/\/legacy.colt.net\/de\/product\/direct-connect\/aws\/\" target=\"_blank\" rel=\"noopener\" itemprop=\"url\">\n\t\t\t\t<img loading=\"lazy\" decoding=\"async\" src=\"https:\/\/legacy.colt.net\/wp-content\/uploads\/2019\/03\/Amazon-Web-Services.png\" alt=\"Amazon Web Services\" itemprop=\"image\" height=\"260\" width=\"720\" title=\"Amazon Web Services\" onerror=\"this.style.display='none'\"  \/>\n\t\t\t\t<\/a>\n\t\t\t\t<a href=\"https:\/\/legacy.colt.net\/de\/product\/direct-connect\/ibm\/\" target=\"_blank\" rel=\"noopener\" itemprop=\"url\">\n\t\t\t\t<img loading=\"lazy\" decoding=\"async\" src=\"https:\/\/legacy.colt.net\/wp-content\/uploads\/2019\/03\/IBM-Cloud.png\" alt=\"IBM Cloud\" itemprop=\"image\" height=\"600\" width=\"1200\" title=\"IBM Cloud\" onerror=\"this.style.display='none'\"  \/>\n\t\t\t\t<\/a>\n\t\t\t\t<a href=\"https:\/\/legacy.colt.net\/de\/product\/direct-connect\/oracle\/\" target=\"_blank\" rel=\"noopener\" itemprop=\"url\">\n\t\t\t\t<img loading=\"lazy\" decoding=\"async\" src=\"https:\/\/legacy.colt.net\/wp-content\/uploads\/2019\/04\/Oracle-Cloud-rgb-400x189.png\" alt=\"Oracle-Cloud-rgb-400x189\" itemprop=\"image\" height=\"189\" width=\"400\" title=\"Oracle-Cloud-rgb-400x189\" onerror=\"this.style.display='none'\"  \/>\n\t\t\t\t<\/a>\n\t\t\t\t<img loading=\"lazy\" decoding=\"async\" src=\"https:\/\/legacy.colt.net\/wp-content\/uploads\/2024\/06\/GC2-Email-Square-1.png\" alt=\"GC2-Email-Square (1)\" itemprop=\"image\" height=\"800\" width=\"800\" title=\"GC2-Email-Square (1)\" onerror=\"this.style.display='none'\"  \/>\n<h2>\n\t\tErfahren Sie mehr \u00fcber On Demand\n\t<\/h2>\n\t<p>Colt bietet seinen Kunden ein individuelles On Demand-Portal, mit dem diese selber Leitungen bestellen, bereitstellen und individualisieren k\u00f6nnen, und zwar in Echtzeit.<\/p>\n<p>On Demand Services werden hier auf Ports und Verbindungen bezogen bereitgestellt. Damit ist es m\u00f6glich, neue Leistungen mit wenigen Mausklicks abzurufen. Sind die freien Ports reserviert und beauftragt, umgeht das Portal die konventionellen Bereitstellungsprozesse und die Verbindungen stehen innerhalb von Minuten zur Verf\u00fcgung.<\/p>\n\t\t\t<a href=\"https:\/\/legacy.colt.net\/de\/datasheet\/on-demand\/\" target=\"_blank\" rel=\"noopener\">\n\t\t\t\t\t\t\tWeitere Informationen\n\t\t\t\t\t<\/a>\n\n","protected":false},"excerpt":{"rendered":"<p>Colt Network-as-a-Service Skalierbare Kontrolle \u00fcber Ihr Netzwerk in Echtzeit Erleben Sie jetzt unser Portal Skalierbare Kontrolle \u00fcber Ihr Netz in Echtzeit Wir sind Ihr On Demand-Netzwerkanbieter f\u00fcr eine Vielzahl von Anwendungen wie kosteng\u00fcnstige Business Continuity, flexible Anschlusskapazit\u00e4ten f\u00fcr kurzfristigen und vor\u00fcbergehenden Bedarf, Bandbreitenoptimierung und maximalen Cloud-Komfort. Unsere On Demand Services verschaffen Ihnen Kontrolle \u00fcber Ihr&#8230;<\/p>\n","protected":false},"author":2,"featured_media":0,"parent":90891,"menu_order":0,"comment_status":"closed","ping_status":"closed","template":"","meta":{"_acf_changed":false,"footnotes":""},"colt_type":[],"colt_products":[],"class_list":["post-67507","page","type-page","status-publish","hentry"],"acf":[],"yoast_head":"<!-- This site is optimized with the Yoast SEO plugin v26.8 - https:\/\/yoast.com\/product\/yoast-seo-wordpress\/ -->\n<title>Software-definierte Konnektivit\u00e4t in Echtzeit - Colt Technology Services - DE<\/title>\n<meta name=\"description\" content=\"Mit seinen aktuellen Angeboten f\u00fcr den europ\u00e4ischen Markt dringt Colt in neue Dimensionen vor. Durch SDN und NFV sind diese Innovationen jetzt m\u00f6glich.\" \/>\n<meta name=\"robots\" content=\"noindex, follow, max-snippet:-1, max-image-preview:large, max-video-preview:-1\" \/>\n<meta property=\"og:locale\" content=\"de_DE\" \/>\n<meta property=\"og:type\" content=\"article\" \/>\n<meta property=\"og:title\" content=\"Software-definierte Konnektivit\u00e4t in Echtzeit - Colt Technology Services - DE\" \/>\n<meta property=\"og:description\" content=\"Mit seinen aktuellen Angeboten f\u00fcr den europ\u00e4ischen Markt dringt Colt in neue Dimensionen vor. Durch SDN und NFV sind diese Innovationen jetzt m\u00f6glich.\" \/>\n<meta property=\"og:url\" content=\"https:\/\/legacy.colt.net\/de\/solutions\/on-demand\/\" \/>\n<meta property=\"og:site_name\" content=\"Colt Technology Services\" \/>\n<meta property=\"article:publisher\" content=\"https:\/\/www.facebook.com\/ColtTechnologyServices\/\" \/>\n<meta property=\"article:modified_time\" content=\"2024-11-22T09:58:00+00:00\" \/>\n<meta property=\"og:image\" content=\"https:\/\/legacy.colt.net\/wp-content\/uploads\/2021\/01\/Brand-2021-Stock-37.jpg\" \/>\n\t<meta property=\"og:image:width\" content=\"1000\" \/>\n\t<meta property=\"og:image:height\" content=\"644\" \/>\n\t<meta property=\"og:image:type\" content=\"image\/jpeg\" \/>\n<meta name=\"twitter:card\" content=\"summary_large_image\" \/>\n<meta name=\"twitter:site\" content=\"@colt_technology\" \/>\n<meta name=\"twitter:label1\" content=\"Est. reading time\" \/>\n\t<meta name=\"twitter:data1\" content=\"2 minutes\" \/>\n<script type=\"application\/ld+json\" class=\"yoast-schema-graph\">{\"@context\":\"https:\/\/schema.org\",\"@graph\":[{\"@type\":\"WebPage\",\"@id\":\"https:\/\/legacy.colt.net\/de\/solutions\/on-demand\/\",\"url\":\"https:\/\/legacy.colt.net\/de\/solutions\/on-demand\/\",\"name\":\"Software-definierte Konnektivit\u00e4t in Echtzeit - Colt Technology Services - DE\",\"isPartOf\":{\"@id\":\"https:\/\/legacy.colt.net\/#website\"},\"primaryImageOfPage\":{\"@id\":\"https:\/\/legacy.colt.net\/de\/solutions\/on-demand\/#primaryimage\"},\"image\":{\"@id\":\"https:\/\/legacy.colt.net\/de\/solutions\/on-demand\/#primaryimage\"},\"thumbnailUrl\":\"https:\/\/legacy.colt.net\/wp-content\/uploads\/2024\/02\/Colt-On-Demand-Logo.png\",\"datePublished\":\"2020-01-16T09:24:30+00:00\",\"dateModified\":\"2024-11-22T09:58:00+00:00\",\"description\":\"Mit seinen aktuellen Angeboten f\u00fcr den europ\u00e4ischen Markt dringt Colt in neue Dimensionen vor. Durch SDN und NFV sind diese Innovationen jetzt m\u00f6glich.\",\"breadcrumb\":{\"@id\":\"https:\/\/legacy.colt.net\/de\/solutions\/on-demand\/#breadcrumb\"},\"inLanguage\":\"de-DE\",\"potentialAction\":[{\"@type\":\"ReadAction\",\"target\":[\"https:\/\/legacy.colt.net\/de\/solutions\/on-demand\/\"]}]},{\"@type\":\"ImageObject\",\"inLanguage\":\"de-DE\",\"@id\":\"https:\/\/legacy.colt.net\/de\/solutions\/on-demand\/#primaryimage\",\"url\":\"https:\/\/legacy.colt.net\/wp-content\/uploads\/2024\/02\/Colt-On-Demand-Logo.png\",\"contentUrl\":\"https:\/\/legacy.colt.net\/wp-content\/uploads\/2024\/02\/Colt-On-Demand-Logo.png\"},{\"@type\":\"BreadcrumbList\",\"@id\":\"https:\/\/legacy.colt.net\/de\/solutions\/on-demand\/#breadcrumb\",\"itemListElement\":[{\"@type\":\"ListItem\",\"position\":1,\"name\":\"Home\",\"item\":\"https:\/\/legacy.colt.net\/de\/\"},{\"@type\":\"ListItem\",\"position\":2,\"name\":\"L\u00f6sungen\",\"item\":\"https:\/\/legacy.colt.net\/de\/solutions\/\"},{\"@type\":\"ListItem\",\"position\":3,\"name\":\"Software-definierte Konnektivit\u00e4t in Echtzeit\"}]},{\"@type\":\"WebSite\",\"@id\":\"https:\/\/legacy.colt.net\/#website\",\"url\":\"https:\/\/legacy.colt.net\/\",\"name\":\"Colt\u30c6\u30af\u30ce\u30ed\u30b8\u30fc\u30b5\u30fc\u30d3\u30b9\u682a\u5f0f\u4f1a\u793e\",\"description\":\"Managed Network &amp; Voice Services Provider\",\"publisher\":{\"@id\":\"https:\/\/legacy.colt.net\/#organization\"},\"potentialAction\":[{\"@type\":\"SearchAction\",\"target\":{\"@type\":\"EntryPoint\",\"urlTemplate\":\"https:\/\/legacy.colt.net\/?s={search_term_string}\"},\"query-input\":{\"@type\":\"PropertyValueSpecification\",\"valueRequired\":true,\"valueName\":\"search_term_string\"}}],\"inLanguage\":\"de-DE\"},{\"@type\":\"Organization\",\"@id\":\"https:\/\/legacy.colt.net\/#organization\",\"name\":\"Colt Technology Services\",\"url\":\"https:\/\/legacy.colt.net\/\",\"logo\":{\"@type\":\"ImageObject\",\"inLanguage\":\"de-DE\",\"@id\":\"https:\/\/legacy.colt.net\/#\/schema\/logo\/image\/\",\"url\":\"https:\/\/legacy.colt.net\/wp-content\/uploads\/2019\/02\/Colt-Logo.png\",\"contentUrl\":\"https:\/\/legacy.colt.net\/wp-content\/uploads\/2019\/02\/Colt-Logo.png\",\"width\":195,\"height\":77,\"caption\":\"Colt Technology Services\"},\"image\":{\"@id\":\"https:\/\/legacy.colt.net\/#\/schema\/logo\/image\/\"},\"sameAs\":[\"https:\/\/www.facebook.com\/ColtTechnologyServices\/\",\"https:\/\/x.com\/colt_technology\",\"https:\/\/www.instagram.com\/colttechnologyservices\/\",\"https:\/\/www.linkedin.com\/company\/colt-technology-services\",\"https:\/\/www.youtube.com\/user\/ColtTechnology\"]}]}<\/script>\n<!-- \/ Yoast SEO plugin. -->","yoast_head_json":{"title":"Software-definierte Konnektivit\u00e4t in Echtzeit - Colt Technology Services - DE","description":"Mit seinen aktuellen Angeboten f\u00fcr den europ\u00e4ischen Markt dringt Colt in neue Dimensionen vor. Durch SDN und NFV sind diese Innovationen jetzt m\u00f6glich.","robots":{"index":"noindex","follow":"follow","max-snippet":"max-snippet:-1","max-image-preview":"max-image-preview:large","max-video-preview":"max-video-preview:-1"},"og_locale":"de_DE","og_type":"article","og_title":"Software-definierte Konnektivit\u00e4t in Echtzeit - Colt Technology Services - DE","og_description":"Mit seinen aktuellen Angeboten f\u00fcr den europ\u00e4ischen Markt dringt Colt in neue Dimensionen vor. Durch SDN und NFV sind diese Innovationen jetzt m\u00f6glich.","og_url":"https:\/\/legacy.colt.net\/de\/solutions\/on-demand\/","og_site_name":"Colt Technology Services","article_publisher":"https:\/\/www.facebook.com\/ColtTechnologyServices\/","article_modified_time":"2024-11-22T09:58:00+00:00","og_image":[{"width":1000,"height":644,"url":"https:\/\/legacy.colt.net\/wp-content\/uploads\/2021\/01\/Brand-2021-Stock-37.jpg","type":"image\/jpeg"}],"twitter_card":"summary_large_image","twitter_site":"@colt_technology","twitter_misc":{"Est. reading time":"2 minutes"},"schema":{"@context":"https:\/\/schema.org","@graph":[{"@type":"WebPage","@id":"https:\/\/legacy.colt.net\/de\/solutions\/on-demand\/","url":"https:\/\/legacy.colt.net\/de\/solutions\/on-demand\/","name":"Software-definierte Konnektivit\u00e4t in Echtzeit - Colt Technology Services - DE","isPartOf":{"@id":"https:\/\/legacy.colt.net\/#website"},"primaryImageOfPage":{"@id":"https:\/\/legacy.colt.net\/de\/solutions\/on-demand\/#primaryimage"},"image":{"@id":"https:\/\/legacy.colt.net\/de\/solutions\/on-demand\/#primaryimage"},"thumbnailUrl":"https:\/\/legacy.colt.net\/wp-content\/uploads\/2024\/02\/Colt-On-Demand-Logo.png","datePublished":"2020-01-16T09:24:30+00:00","dateModified":"2024-11-22T09:58:00+00:00","description":"Mit seinen aktuellen Angeboten f\u00fcr den europ\u00e4ischen Markt dringt Colt in neue Dimensionen vor. Durch SDN und NFV sind diese Innovationen jetzt m\u00f6glich.","breadcrumb":{"@id":"https:\/\/legacy.colt.net\/de\/solutions\/on-demand\/#breadcrumb"},"inLanguage":"de-DE","potentialAction":[{"@type":"ReadAction","target":["https:\/\/legacy.colt.net\/de\/solutions\/on-demand\/"]}]},{"@type":"ImageObject","inLanguage":"de-DE","@id":"https:\/\/legacy.colt.net\/de\/solutions\/on-demand\/#primaryimage","url":"https:\/\/legacy.colt.net\/wp-content\/uploads\/2024\/02\/Colt-On-Demand-Logo.png","contentUrl":"https:\/\/legacy.colt.net\/wp-content\/uploads\/2024\/02\/Colt-On-Demand-Logo.png"},{"@type":"BreadcrumbList","@id":"https:\/\/legacy.colt.net\/de\/solutions\/on-demand\/#breadcrumb","itemListElement":[{"@type":"ListItem","position":1,"name":"Home","item":"https:\/\/legacy.colt.net\/de\/"},{"@type":"ListItem","position":2,"name":"L\u00f6sungen","item":"https:\/\/legacy.colt.net\/de\/solutions\/"},{"@type":"ListItem","position":3,"name":"Software-definierte Konnektivit\u00e4t in Echtzeit"}]},{"@type":"WebSite","@id":"https:\/\/legacy.colt.net\/#website","url":"https:\/\/legacy.colt.net\/","name":"Colt\u30c6\u30af\u30ce\u30ed\u30b8\u30fc\u30b5\u30fc\u30d3\u30b9\u682a\u5f0f\u4f1a\u793e","description":"Managed Network &amp; Voice Services Provider","publisher":{"@id":"https:\/\/legacy.colt.net\/#organization"},"potentialAction":[{"@type":"SearchAction","target":{"@type":"EntryPoint","urlTemplate":"https:\/\/legacy.colt.net\/?s={search_term_string}"},"query-input":{"@type":"PropertyValueSpecification","valueRequired":true,"valueName":"search_term_string"}}],"inLanguage":"de-DE"},{"@type":"Organization","@id":"https:\/\/legacy.colt.net\/#organization","name":"Colt Technology Services","url":"https:\/\/legacy.colt.net\/","logo":{"@type":"ImageObject","inLanguage":"de-DE","@id":"https:\/\/legacy.colt.net\/#\/schema\/logo\/image\/","url":"https:\/\/legacy.colt.net\/wp-content\/uploads\/2019\/02\/Colt-Logo.png","contentUrl":"https:\/\/legacy.colt.net\/wp-content\/uploads\/2019\/02\/Colt-Logo.png","width":195,"height":77,"caption":"Colt Technology Services"},"image":{"@id":"https:\/\/legacy.colt.net\/#\/schema\/logo\/image\/"},"sameAs":["https:\/\/www.facebook.com\/ColtTechnologyServices\/","https:\/\/x.com\/colt_technology","https:\/\/www.instagram.com\/colttechnologyservices\/","https:\/\/www.linkedin.com\/company\/colt-technology-services","https:\/\/www.youtube.com\/user\/ColtTechnology"]}]}},"_links":{"self":[{"href":"https:\/\/legacy.colt.net\/de\/wp-json\/wp\/v2\/pages\/67507","targetHints":{"allow":["GET"]}}],"collection":[{"href":"https:\/\/legacy.colt.net\/de\/wp-json\/wp\/v2\/pages"}],"about":[{"href":"https:\/\/legacy.colt.net\/de\/wp-json\/wp\/v2\/types\/page"}],"author":[{"embeddable":true,"href":"https:\/\/legacy.colt.net\/de\/wp-json\/wp\/v2\/users\/2"}],"replies":[{"embeddable":true,"href":"https:\/\/legacy.colt.net\/de\/wp-json\/wp\/v2\/comments?post=67507"}],"version-history":[{"count":0,"href":"https:\/\/legacy.colt.net\/de\/wp-json\/wp\/v2\/pages\/67507\/revisions"}],"up":[{"embeddable":true,"href":"https:\/\/legacy.colt.net\/de\/wp-json\/wp\/v2\/pages\/90891"}],"wp:attachment":[{"href":"https:\/\/legacy.colt.net\/de\/wp-json\/wp\/v2\/media?parent=67507"}],"wp:term":[{"taxonomy":"colt_type","embeddable":true,"href":"https:\/\/legacy.colt.net\/de\/wp-json\/wp\/v2\/colt_type?post=67507"},{"taxonomy":"colt_products","embeddable":true,"href":"https:\/\/legacy.colt.net\/de\/wp-json\/wp\/v2\/colt_products?post=67507"}],"curies":[{"name":"wp","href":"https:\/\/api.w.org\/{rel}","templated":true}]}}