{"id":58904,"date":"2019-07-04T09:19:04","date_gmt":"2019-07-04T08:19:04","guid":{"rendered":"https:\/\/www.colt.net\/?page_id=58904"},"modified":"2021-01-09T15:46:13","modified_gmt":"2021-01-09T15:46:13","slug":"serviceanbieter-verzeichnis","status":"publish","type":"page","link":"https:\/\/legacy.colt.net\/de\/serviceanbieter-verzeichnis\/","title":{"rendered":"Serviceanbieter Verzeichnis"},"content":{"rendered":"\n<h1>\n\t<\/h1>\n\t<nav class=\"breadcrumb\"><span><span><a href=\"https:\/\/legacy.colt.net\/de\/\">Home<\/a><\/span><\/span><\/nav>\n\t<p>\u00dcber PrizmNet erhalten Sie Zugang zu unserer renommierten und schnell wachsenden Community von B\u00f6rsen, Handelspl\u00e4tzen und Serviceanbietern.<\/p>\n<p>Wenn Sie einen Service- oder Datenanbieter vorschlagen m\u00f6chten, wenden Sie sich bitte an unser Capital Markets Team.<\/p>\n<h3>B\u00f6rsen und Handelspl\u00e4tze<\/h3>\n<p>Colt PrizmNet erm\u00f6glicht den direkten und weltweiten Zugang zu B\u00f6rsen und anderen Handelspl\u00e4tzen (ATS, ECN, ETF, OTC und PTS). Wir sorgen f\u00fcr kurze Vorlaufzeiten, sodass Sie schnell in neue Handelspl\u00e4tze oder Anlageklassen einsteigen k\u00f6nnen.<\/p>\n\t<iframe loading=\"lazy\" width=\"500\" height=\"281\" src=\"https:\/\/www.youtube.com\/embed\/xab4LREuJXM?feature=oembed\" frameborder=\"0\" allow=\"accelerometer; autoplay; encrypted-media; gyroscope; picture-in-picture\" allowfullscreen><\/iframe>\n\t<h3>MiFID II und Compliance<\/h3>\n<p>\u00dcber Colt PrizmNet k\u00f6nnen Sie schnell und einfach den Kontakt zu Anbietern von Reporting- und anderen Services herstellen, die Ihnen bei der Einhaltung relevanter Vorschriften helfen.<\/p>\n<p>Darunter sind auch Anbieter f\u00fcr Marktberichte, Algorithmustests und andere Services, mit denen Sie die Vorgaben der MiFID II umsetzen k\u00f6nnen.<\/p>\n<h3>Marktdaten, Analysen und andere Services<\/h3>\n<p>Colt PrizmNet liefert Ihnen auch Marktdaten von verschiedenen Anbietern sowie eine Reihe anderer Dienste wie:<\/p>\n<ul>\n<li>Analyse und Datenmanagement<\/li>\n<li>Trading-Software<\/li>\n<li>OEMs<\/li>\n<li>Weltweite Daten zu Kapitalma\u00dfnahmen<\/li>\n<li>Big-Data-Speicherung<\/li>\n<li>Enterprise-Software-L\u00f6sungen<\/li>\n<\/ul>\n\t\n\n<a href=\"https:\/\/legacy.colt.net\/de\/product\/prizmnet-portal\/\">PrizmNet Portal<\/a><br \/>\nColt PrizmNet, das Finanz-Extranet mit direkter Anbindung zum \u00d6kosystem der Kapitalm\u00e4rkte.\n<a href=\"https:\/\/legacy.colt.net\/de\/mifid-loesungen\/\">MiFID II<\/a><br \/>\nSind Sie bereit f\u00fcr die komplexen Anforderungen der Richtlinie MiFID II?\n\n","protected":false},"excerpt":{"rendered":"<p>\u00dcber PrizmNet erhalten Sie Zugang zu unserer renommierten und schnell wachsenden Community von B\u00f6rsen, Handelspl\u00e4tzen und Serviceanbietern. Wenn Sie einen Service- oder Datenanbieter vorschlagen m\u00f6chten, wenden Sie sich bitte an unser Capital Markets Team. B\u00f6rsen und Handelspl\u00e4tze Colt PrizmNet erm\u00f6glicht den direkten und weltweiten Zugang zu B\u00f6rsen und anderen Handelspl\u00e4tzen (ATS, ECN, ETF, OTC und&#8230;<\/p>\n","protected":false},"author":2,"featured_media":0,"parent":0,"menu_order":2,"comment_status":"closed","ping_status":"closed","template":"","meta":{"_acf_changed":false,"footnotes":""},"colt_type":[],"colt_products":[],"class_list":["post-58904","page","type-page","status-publish","hentry"],"acf":[],"yoast_head":"<!-- This site is optimized with the Yoast SEO plugin v26.8 - https:\/\/yoast.com\/product\/yoast-seo-wordpress\/ -->\n<title>Serviceanbieter Verzeichnis - Colt Technology Services<\/title>\n<meta name=\"description\" content=\"Serviceanbieter Verzeichnis Colt Technology Services\" \/>\n<meta name=\"robots\" content=\"noindex, follow, max-snippet:-1, max-image-preview:large, max-video-preview:-1\" \/>\n<meta property=\"og:locale\" content=\"de_DE\" \/>\n<meta property=\"og:type\" content=\"article\" \/>\n<meta property=\"og:title\" content=\"Serviceanbieter Verzeichnis - Colt Technology Services\" \/>\n<meta property=\"og:description\" content=\"Serviceanbieter Verzeichnis Colt Technology Services\" \/>\n<meta property=\"og:url\" content=\"https:\/\/legacy.colt.net\/de\/serviceanbieter-verzeichnis\/\" \/>\n<meta property=\"og:site_name\" content=\"Colt Technology Services\" \/>\n<meta property=\"article:publisher\" content=\"https:\/\/www.facebook.com\/ColtTechnologyServices\/\" \/>\n<meta property=\"article:modified_time\" content=\"2021-01-09T15:46:13+00:00\" \/>\n<meta property=\"og:image\" content=\"https:\/\/legacy.colt.net\/wp-content\/uploads\/2021\/01\/Brand-2021-Stock-45.jpg\" \/>\n\t<meta property=\"og:image:width\" content=\"1000\" \/>\n\t<meta property=\"og:image:height\" content=\"667\" \/>\n\t<meta property=\"og:image:type\" content=\"image\/jpeg\" \/>\n<meta name=\"twitter:card\" content=\"summary_large_image\" \/>\n<meta name=\"twitter:site\" content=\"@colt_technology\" \/>\n<meta name=\"twitter:label1\" content=\"Est. reading time\" \/>\n\t<meta name=\"twitter:data1\" content=\"1 minute\" \/>\n<script type=\"application\/ld+json\" class=\"yoast-schema-graph\">{\"@context\":\"https:\/\/schema.org\",\"@graph\":[{\"@type\":\"WebPage\",\"@id\":\"https:\/\/legacy.colt.net\/de\/serviceanbieter-verzeichnis\/\",\"url\":\"https:\/\/legacy.colt.net\/de\/serviceanbieter-verzeichnis\/\",\"name\":\"Serviceanbieter Verzeichnis - Colt Technology Services\",\"isPartOf\":{\"@id\":\"https:\/\/legacy.colt.net\/#website\"},\"datePublished\":\"2019-07-04T08:19:04+00:00\",\"dateModified\":\"2021-01-09T15:46:13+00:00\",\"description\":\"Serviceanbieter Verzeichnis Colt Technology Services\",\"breadcrumb\":{\"@id\":\"https:\/\/legacy.colt.net\/de\/serviceanbieter-verzeichnis\/#breadcrumb\"},\"inLanguage\":\"de-DE\",\"potentialAction\":[{\"@type\":\"ReadAction\",\"target\":[\"https:\/\/legacy.colt.net\/de\/serviceanbieter-verzeichnis\/\"]}]},{\"@type\":\"BreadcrumbList\",\"@id\":\"https:\/\/legacy.colt.net\/de\/serviceanbieter-verzeichnis\/#breadcrumb\",\"itemListElement\":[{\"@type\":\"ListItem\",\"position\":1,\"name\":\"Home\",\"item\":\"https:\/\/legacy.colt.net\/de\/\"},{\"@type\":\"ListItem\",\"position\":2,\"name\":\"Serviceanbieter Verzeichnis\"}]},{\"@type\":\"WebSite\",\"@id\":\"https:\/\/legacy.colt.net\/#website\",\"url\":\"https:\/\/legacy.colt.net\/\",\"name\":\"Colt\u30c6\u30af\u30ce\u30ed\u30b8\u30fc\u30b5\u30fc\u30d3\u30b9\u682a\u5f0f\u4f1a\u793e\",\"description\":\"Managed Network &amp; Voice Services Provider\",\"publisher\":{\"@id\":\"https:\/\/legacy.colt.net\/#organization\"},\"potentialAction\":[{\"@type\":\"SearchAction\",\"target\":{\"@type\":\"EntryPoint\",\"urlTemplate\":\"https:\/\/legacy.colt.net\/?s={search_term_string}\"},\"query-input\":{\"@type\":\"PropertyValueSpecification\",\"valueRequired\":true,\"valueName\":\"search_term_string\"}}],\"inLanguage\":\"de-DE\"},{\"@type\":\"Organization\",\"@id\":\"https:\/\/legacy.colt.net\/#organization\",\"name\":\"Colt Technology Services\",\"url\":\"https:\/\/legacy.colt.net\/\",\"logo\":{\"@type\":\"ImageObject\",\"inLanguage\":\"de-DE\",\"@id\":\"https:\/\/legacy.colt.net\/#\/schema\/logo\/image\/\",\"url\":\"https:\/\/legacy.colt.net\/wp-content\/uploads\/2019\/02\/Colt-Logo.png\",\"contentUrl\":\"https:\/\/legacy.colt.net\/wp-content\/uploads\/2019\/02\/Colt-Logo.png\",\"width\":195,\"height\":77,\"caption\":\"Colt Technology Services\"},\"image\":{\"@id\":\"https:\/\/legacy.colt.net\/#\/schema\/logo\/image\/\"},\"sameAs\":[\"https:\/\/www.facebook.com\/ColtTechnologyServices\/\",\"https:\/\/x.com\/colt_technology\",\"https:\/\/www.instagram.com\/colttechnologyservices\/\",\"https:\/\/www.linkedin.com\/company\/colt-technology-services\",\"https:\/\/www.youtube.com\/user\/ColtTechnology\"]}]}<\/script>\n<!-- \/ Yoast SEO plugin. -->","yoast_head_json":{"title":"Serviceanbieter Verzeichnis - Colt Technology Services","description":"Serviceanbieter Verzeichnis Colt Technology Services","robots":{"index":"noindex","follow":"follow","max-snippet":"max-snippet:-1","max-image-preview":"max-image-preview:large","max-video-preview":"max-video-preview:-1"},"og_locale":"de_DE","og_type":"article","og_title":"Serviceanbieter Verzeichnis - Colt Technology Services","og_description":"Serviceanbieter Verzeichnis Colt Technology Services","og_url":"https:\/\/legacy.colt.net\/de\/serviceanbieter-verzeichnis\/","og_site_name":"Colt Technology Services","article_publisher":"https:\/\/www.facebook.com\/ColtTechnologyServices\/","article_modified_time":"2021-01-09T15:46:13+00:00","og_image":[{"width":1000,"height":667,"url":"https:\/\/legacy.colt.net\/wp-content\/uploads\/2021\/01\/Brand-2021-Stock-45.jpg","type":"image\/jpeg"}],"twitter_card":"summary_large_image","twitter_site":"@colt_technology","twitter_misc":{"Est. reading time":"1 minute"},"schema":{"@context":"https:\/\/schema.org","@graph":[{"@type":"WebPage","@id":"https:\/\/legacy.colt.net\/de\/serviceanbieter-verzeichnis\/","url":"https:\/\/legacy.colt.net\/de\/serviceanbieter-verzeichnis\/","name":"Serviceanbieter Verzeichnis - Colt Technology Services","isPartOf":{"@id":"https:\/\/legacy.colt.net\/#website"},"datePublished":"2019-07-04T08:19:04+00:00","dateModified":"2021-01-09T15:46:13+00:00","description":"Serviceanbieter Verzeichnis Colt Technology Services","breadcrumb":{"@id":"https:\/\/legacy.colt.net\/de\/serviceanbieter-verzeichnis\/#breadcrumb"},"inLanguage":"de-DE","potentialAction":[{"@type":"ReadAction","target":["https:\/\/legacy.colt.net\/de\/serviceanbieter-verzeichnis\/"]}]},{"@type":"BreadcrumbList","@id":"https:\/\/legacy.colt.net\/de\/serviceanbieter-verzeichnis\/#breadcrumb","itemListElement":[{"@type":"ListItem","position":1,"name":"Home","item":"https:\/\/legacy.colt.net\/de\/"},{"@type":"ListItem","position":2,"name":"Serviceanbieter Verzeichnis"}]},{"@type":"WebSite","@id":"https:\/\/legacy.colt.net\/#website","url":"https:\/\/legacy.colt.net\/","name":"Colt\u30c6\u30af\u30ce\u30ed\u30b8\u30fc\u30b5\u30fc\u30d3\u30b9\u682a\u5f0f\u4f1a\u793e","description":"Managed Network &amp; Voice Services Provider","publisher":{"@id":"https:\/\/legacy.colt.net\/#organization"},"potentialAction":[{"@type":"SearchAction","target":{"@type":"EntryPoint","urlTemplate":"https:\/\/legacy.colt.net\/?s={search_term_string}"},"query-input":{"@type":"PropertyValueSpecification","valueRequired":true,"valueName":"search_term_string"}}],"inLanguage":"de-DE"},{"@type":"Organization","@id":"https:\/\/legacy.colt.net\/#organization","name":"Colt Technology Services","url":"https:\/\/legacy.colt.net\/","logo":{"@type":"ImageObject","inLanguage":"de-DE","@id":"https:\/\/legacy.colt.net\/#\/schema\/logo\/image\/","url":"https:\/\/legacy.colt.net\/wp-content\/uploads\/2019\/02\/Colt-Logo.png","contentUrl":"https:\/\/legacy.colt.net\/wp-content\/uploads\/2019\/02\/Colt-Logo.png","width":195,"height":77,"caption":"Colt Technology Services"},"image":{"@id":"https:\/\/legacy.colt.net\/#\/schema\/logo\/image\/"},"sameAs":["https:\/\/www.facebook.com\/ColtTechnologyServices\/","https:\/\/x.com\/colt_technology","https:\/\/www.instagram.com\/colttechnologyservices\/","https:\/\/www.linkedin.com\/company\/colt-technology-services","https:\/\/www.youtube.com\/user\/ColtTechnology"]}]}},"_links":{"self":[{"href":"https:\/\/legacy.colt.net\/de\/wp-json\/wp\/v2\/pages\/58904","targetHints":{"allow":["GET"]}}],"collection":[{"href":"https:\/\/legacy.colt.net\/de\/wp-json\/wp\/v2\/pages"}],"about":[{"href":"https:\/\/legacy.colt.net\/de\/wp-json\/wp\/v2\/types\/page"}],"author":[{"embeddable":true,"href":"https:\/\/legacy.colt.net\/de\/wp-json\/wp\/v2\/users\/2"}],"replies":[{"embeddable":true,"href":"https:\/\/legacy.colt.net\/de\/wp-json\/wp\/v2\/comments?post=58904"}],"version-history":[{"count":0,"href":"https:\/\/legacy.colt.net\/de\/wp-json\/wp\/v2\/pages\/58904\/revisions"}],"wp:attachment":[{"href":"https:\/\/legacy.colt.net\/de\/wp-json\/wp\/v2\/media?parent=58904"}],"wp:term":[{"taxonomy":"colt_type","embeddable":true,"href":"https:\/\/legacy.colt.net\/de\/wp-json\/wp\/v2\/colt_type?post=58904"},{"taxonomy":"colt_products","embeddable":true,"href":"https:\/\/legacy.colt.net\/de\/wp-json\/wp\/v2\/colt_products?post=58904"}],"curies":[{"name":"wp","href":"https:\/\/api.w.org\/{rel}","templated":true}]}}