{"id":58903,"date":"2019-07-04T09:19:01","date_gmt":"2019-07-04T08:19:01","guid":{"rendered":"https:\/\/www.colt.net\/?page_id=58903"},"modified":"2021-04-06T10:04:32","modified_gmt":"2021-04-06T09:04:32","slug":"mifid-loesungen","status":"publish","type":"page","link":"https:\/\/legacy.colt.net\/de\/mifid-loesungen\/","title":{"rendered":"MiFID-L\u00f6sungen"},"content":{"rendered":"\n<h1>\n\t<\/h1>\n\t<nav class=\"breadcrumb\"><span><span><a href=\"https:\/\/legacy.colt.net\/de\/\">Home<\/a><\/span><\/span><\/nav>\n\t<h3>Sie suchen eine L\u00f6sung zur sicheren Einhaltung komplexer Compliance-Anforderungen?<\/h3>\n<p>Colt PrizmNet bietet effizienten und leichten Zugang zu einem Cloud-\u00d6kosystem von Compliance-L\u00f6sungen, mit denen sich regulatorische Anforderungen schnell und sicher erf\u00fcllen lassen, darunter auch die Richtlinie MiFID II.<\/p>\n<p>\u00dcber Colt PrizmNet gelangen Sie zu einem breiten Serviceangebot verschiedener hochspezialisierter Compliance-Anbieter. Hierzu geh\u00f6ren:<\/p>\n<ul>\n<li>Algorithmustests<\/li>\n<li>Bestm\u00f6gliche Ausf\u00fchrung<\/li>\n<li>Markt\u00fcberwachung<\/li>\n<li>Trade Reporting<\/li>\n<li>Speicherung, Analyse und Verwaltung von Daten<\/li>\n<\/ul>\n\t<iframe loading=\"lazy\" width=\"500\" height=\"281\" src=\"https:\/\/www.youtube.com\/embed\/xab4LREuJXM?feature=oembed\" frameborder=\"0\" allow=\"accelerometer; autoplay; encrypted-media; gyroscope; picture-in-picture\" allowfullscreen><\/iframe>\n\t\n<p>Informieren Sie sich \u00fcber unser <a href=\"https:\/\/legacy.colt.net\/de\/product\/finanz-extranet\/\">Finanz-Extranet<\/a>.<\/p>\n<a href=\"https:\/\/legacy.colt.net\/de\/product\/prizmnet-portal\/\">PrizmNet Portal<\/a><br \/>\nColt PrizmNet, das Finanz-Extranet mit direkter Anbindung zum \u00d6kosystem der Kapitalm\u00e4rkte.\n<a href=\"https:\/\/legacy.colt.net\/de\/serviceanbieter-verzeichnis\/\">Das Anbieterverzeichnis<\/a><br \/>\nDas PrizmNet Portal ist die globale Community von B\u00f6rsen, Handelspl\u00e4tzen und Serviceanbietern.\n\n","protected":false},"excerpt":{"rendered":"<p>Sie suchen eine L\u00f6sung zur sicheren Einhaltung komplexer Compliance-Anforderungen? Colt PrizmNet bietet effizienten und leichten Zugang zu einem Cloud-\u00d6kosystem von Compliance-L\u00f6sungen, mit denen sich regulatorische Anforderungen schnell und sicher erf\u00fcllen lassen, darunter auch die Richtlinie MiFID II. \u00dcber Colt PrizmNet gelangen Sie zu einem breiten Serviceangebot verschiedener hochspezialisierter Compliance-Anbieter. Hierzu geh\u00f6ren: Algorithmustests Bestm\u00f6gliche Ausf\u00fchrung Markt\u00fcberwachung&#8230;<\/p>\n","protected":false},"author":2,"featured_media":0,"parent":0,"menu_order":3,"comment_status":"closed","ping_status":"closed","template":"","meta":{"_acf_changed":false,"footnotes":""},"colt_type":[],"colt_products":[1261],"class_list":["post-58903","page","type-page","status-publish","hentry","colt_products-business-connect-de"],"acf":[],"yoast_head":"<!-- This site is optimized with the Yoast SEO plugin v26.8 - https:\/\/yoast.com\/product\/yoast-seo-wordpress\/ -->\n<title>MiFID-L\u00f6sungen - Colt Technology Services<\/title>\n<meta name=\"description\" content=\"MiFID-L\u00f6sungen Colt Technology Services\" \/>\n<meta name=\"robots\" content=\"noindex, follow, max-snippet:-1, max-image-preview:large, max-video-preview:-1\" \/>\n<meta property=\"og:locale\" content=\"de_DE\" \/>\n<meta property=\"og:type\" content=\"article\" \/>\n<meta property=\"og:title\" content=\"MiFID-L\u00f6sungen - Colt Technology Services\" \/>\n<meta property=\"og:description\" content=\"MiFID-L\u00f6sungen Colt Technology Services\" \/>\n<meta property=\"og:url\" content=\"https:\/\/legacy.colt.net\/de\/mifid-loesungen\/\" \/>\n<meta property=\"og:site_name\" content=\"Colt Technology Services\" \/>\n<meta property=\"article:publisher\" content=\"https:\/\/www.facebook.com\/ColtTechnologyServices\/\" \/>\n<meta property=\"article:modified_time\" content=\"2021-04-06T09:04:32+00:00\" \/>\n<meta property=\"og:image\" content=\"https:\/\/legacy.colt.net\/wp-content\/uploads\/2021\/01\/Brand-2021-Stock-21.jpg\" \/>\n\t<meta property=\"og:image:width\" content=\"1000\" \/>\n\t<meta property=\"og:image:height\" content=\"661\" \/>\n\t<meta property=\"og:image:type\" content=\"image\/jpeg\" \/>\n<meta name=\"twitter:card\" content=\"summary_large_image\" \/>\n<meta name=\"twitter:site\" content=\"@colt_technology\" \/>\n<meta name=\"twitter:label1\" content=\"Est. reading time\" \/>\n\t<meta name=\"twitter:data1\" content=\"1 minute\" \/>\n<script type=\"application\/ld+json\" class=\"yoast-schema-graph\">{\"@context\":\"https:\/\/schema.org\",\"@graph\":[{\"@type\":\"WebPage\",\"@id\":\"https:\/\/legacy.colt.net\/de\/mifid-loesungen\/\",\"url\":\"https:\/\/legacy.colt.net\/de\/mifid-loesungen\/\",\"name\":\"MiFID-L\u00f6sungen - Colt Technology Services\",\"isPartOf\":{\"@id\":\"https:\/\/legacy.colt.net\/#website\"},\"datePublished\":\"2019-07-04T08:19:01+00:00\",\"dateModified\":\"2021-04-06T09:04:32+00:00\",\"description\":\"MiFID-L\u00f6sungen Colt Technology Services\",\"breadcrumb\":{\"@id\":\"https:\/\/legacy.colt.net\/de\/mifid-loesungen\/#breadcrumb\"},\"inLanguage\":\"de-DE\",\"potentialAction\":[{\"@type\":\"ReadAction\",\"target\":[\"https:\/\/legacy.colt.net\/de\/mifid-loesungen\/\"]}]},{\"@type\":\"BreadcrumbList\",\"@id\":\"https:\/\/legacy.colt.net\/de\/mifid-loesungen\/#breadcrumb\",\"itemListElement\":[{\"@type\":\"ListItem\",\"position\":1,\"name\":\"Home\",\"item\":\"https:\/\/legacy.colt.net\/de\/\"},{\"@type\":\"ListItem\",\"position\":2,\"name\":\"MiFID-L\u00f6sungen\"}]},{\"@type\":\"WebSite\",\"@id\":\"https:\/\/legacy.colt.net\/#website\",\"url\":\"https:\/\/legacy.colt.net\/\",\"name\":\"Colt\u30c6\u30af\u30ce\u30ed\u30b8\u30fc\u30b5\u30fc\u30d3\u30b9\u682a\u5f0f\u4f1a\u793e\",\"description\":\"Managed Network &amp; Voice Services Provider\",\"publisher\":{\"@id\":\"https:\/\/legacy.colt.net\/#organization\"},\"potentialAction\":[{\"@type\":\"SearchAction\",\"target\":{\"@type\":\"EntryPoint\",\"urlTemplate\":\"https:\/\/legacy.colt.net\/?s={search_term_string}\"},\"query-input\":{\"@type\":\"PropertyValueSpecification\",\"valueRequired\":true,\"valueName\":\"search_term_string\"}}],\"inLanguage\":\"de-DE\"},{\"@type\":\"Organization\",\"@id\":\"https:\/\/legacy.colt.net\/#organization\",\"name\":\"Colt Technology Services\",\"url\":\"https:\/\/legacy.colt.net\/\",\"logo\":{\"@type\":\"ImageObject\",\"inLanguage\":\"de-DE\",\"@id\":\"https:\/\/legacy.colt.net\/#\/schema\/logo\/image\/\",\"url\":\"https:\/\/legacy.colt.net\/wp-content\/uploads\/2019\/02\/Colt-Logo.png\",\"contentUrl\":\"https:\/\/legacy.colt.net\/wp-content\/uploads\/2019\/02\/Colt-Logo.png\",\"width\":195,\"height\":77,\"caption\":\"Colt Technology Services\"},\"image\":{\"@id\":\"https:\/\/legacy.colt.net\/#\/schema\/logo\/image\/\"},\"sameAs\":[\"https:\/\/www.facebook.com\/ColtTechnologyServices\/\",\"https:\/\/x.com\/colt_technology\",\"https:\/\/www.instagram.com\/colttechnologyservices\/\",\"https:\/\/www.linkedin.com\/company\/colt-technology-services\",\"https:\/\/www.youtube.com\/user\/ColtTechnology\"]}]}<\/script>\n<!-- \/ Yoast SEO plugin. -->","yoast_head_json":{"title":"MiFID-L\u00f6sungen - Colt Technology Services","description":"MiFID-L\u00f6sungen Colt Technology Services","robots":{"index":"noindex","follow":"follow","max-snippet":"max-snippet:-1","max-image-preview":"max-image-preview:large","max-video-preview":"max-video-preview:-1"},"og_locale":"de_DE","og_type":"article","og_title":"MiFID-L\u00f6sungen - Colt Technology Services","og_description":"MiFID-L\u00f6sungen Colt Technology Services","og_url":"https:\/\/legacy.colt.net\/de\/mifid-loesungen\/","og_site_name":"Colt Technology Services","article_publisher":"https:\/\/www.facebook.com\/ColtTechnologyServices\/","article_modified_time":"2021-04-06T09:04:32+00:00","og_image":[{"width":1000,"height":661,"url":"https:\/\/legacy.colt.net\/wp-content\/uploads\/2021\/01\/Brand-2021-Stock-21.jpg","type":"image\/jpeg"}],"twitter_card":"summary_large_image","twitter_site":"@colt_technology","twitter_misc":{"Est. reading time":"1 minute"},"schema":{"@context":"https:\/\/schema.org","@graph":[{"@type":"WebPage","@id":"https:\/\/legacy.colt.net\/de\/mifid-loesungen\/","url":"https:\/\/legacy.colt.net\/de\/mifid-loesungen\/","name":"MiFID-L\u00f6sungen - Colt Technology Services","isPartOf":{"@id":"https:\/\/legacy.colt.net\/#website"},"datePublished":"2019-07-04T08:19:01+00:00","dateModified":"2021-04-06T09:04:32+00:00","description":"MiFID-L\u00f6sungen Colt Technology Services","breadcrumb":{"@id":"https:\/\/legacy.colt.net\/de\/mifid-loesungen\/#breadcrumb"},"inLanguage":"de-DE","potentialAction":[{"@type":"ReadAction","target":["https:\/\/legacy.colt.net\/de\/mifid-loesungen\/"]}]},{"@type":"BreadcrumbList","@id":"https:\/\/legacy.colt.net\/de\/mifid-loesungen\/#breadcrumb","itemListElement":[{"@type":"ListItem","position":1,"name":"Home","item":"https:\/\/legacy.colt.net\/de\/"},{"@type":"ListItem","position":2,"name":"MiFID-L\u00f6sungen"}]},{"@type":"WebSite","@id":"https:\/\/legacy.colt.net\/#website","url":"https:\/\/legacy.colt.net\/","name":"Colt\u30c6\u30af\u30ce\u30ed\u30b8\u30fc\u30b5\u30fc\u30d3\u30b9\u682a\u5f0f\u4f1a\u793e","description":"Managed Network &amp; Voice Services Provider","publisher":{"@id":"https:\/\/legacy.colt.net\/#organization"},"potentialAction":[{"@type":"SearchAction","target":{"@type":"EntryPoint","urlTemplate":"https:\/\/legacy.colt.net\/?s={search_term_string}"},"query-input":{"@type":"PropertyValueSpecification","valueRequired":true,"valueName":"search_term_string"}}],"inLanguage":"de-DE"},{"@type":"Organization","@id":"https:\/\/legacy.colt.net\/#organization","name":"Colt Technology Services","url":"https:\/\/legacy.colt.net\/","logo":{"@type":"ImageObject","inLanguage":"de-DE","@id":"https:\/\/legacy.colt.net\/#\/schema\/logo\/image\/","url":"https:\/\/legacy.colt.net\/wp-content\/uploads\/2019\/02\/Colt-Logo.png","contentUrl":"https:\/\/legacy.colt.net\/wp-content\/uploads\/2019\/02\/Colt-Logo.png","width":195,"height":77,"caption":"Colt Technology Services"},"image":{"@id":"https:\/\/legacy.colt.net\/#\/schema\/logo\/image\/"},"sameAs":["https:\/\/www.facebook.com\/ColtTechnologyServices\/","https:\/\/x.com\/colt_technology","https:\/\/www.instagram.com\/colttechnologyservices\/","https:\/\/www.linkedin.com\/company\/colt-technology-services","https:\/\/www.youtube.com\/user\/ColtTechnology"]}]}},"_links":{"self":[{"href":"https:\/\/legacy.colt.net\/de\/wp-json\/wp\/v2\/pages\/58903","targetHints":{"allow":["GET"]}}],"collection":[{"href":"https:\/\/legacy.colt.net\/de\/wp-json\/wp\/v2\/pages"}],"about":[{"href":"https:\/\/legacy.colt.net\/de\/wp-json\/wp\/v2\/types\/page"}],"author":[{"embeddable":true,"href":"https:\/\/legacy.colt.net\/de\/wp-json\/wp\/v2\/users\/2"}],"replies":[{"embeddable":true,"href":"https:\/\/legacy.colt.net\/de\/wp-json\/wp\/v2\/comments?post=58903"}],"version-history":[{"count":0,"href":"https:\/\/legacy.colt.net\/de\/wp-json\/wp\/v2\/pages\/58903\/revisions"}],"wp:attachment":[{"href":"https:\/\/legacy.colt.net\/de\/wp-json\/wp\/v2\/media?parent=58903"}],"wp:term":[{"taxonomy":"colt_type","embeddable":true,"href":"https:\/\/legacy.colt.net\/de\/wp-json\/wp\/v2\/colt_type?post=58903"},{"taxonomy":"colt_products","embeddable":true,"href":"https:\/\/legacy.colt.net\/de\/wp-json\/wp\/v2\/colt_products?post=58903"}],"curies":[{"name":"wp","href":"https:\/\/api.w.org\/{rel}","templated":true}]}}