{"id":58898,"date":"2019-07-04T09:18:43","date_gmt":"2019-07-04T08:18:43","guid":{"rendered":"https:\/\/www.colt.net\/?page_id=58898"},"modified":"2021-01-09T15:45:53","modified_gmt":"2021-01-09T15:45:53","slug":"prizmnet-portal","status":"publish","type":"page","link":"https:\/\/legacy.colt.net\/de\/product\/prizmnet-portal\/","title":{"rendered":"PrizmNet Portal"},"content":{"rendered":"\n<h1>\n\t<\/h1>\n<h2>\n\t\tProducts &#038; Services\n\t<\/h2>\n\t<nav class=\"breadcrumb\"><span><span><a href=\"https:\/\/legacy.colt.net\/de\/\">Home<\/a><\/span><\/span><\/nav>\n\t\t\t<a href=\"#hs-chat-open\" target=\"_self\" role=\"button\" rel=\"noopener noreferrer\">\n\t\t\t\t\t\tLive chat\n\t\t\t\t\t<\/a>\n\t\t\t<p>[hubspot type=form portal=344164 id=2170edcf-5dc0-43d0-9163-53f4e9545a24]<\/p>\n\t\t\t<a href=\"void(0)\" target=\"_self\" rel=\"noopener noreferrer\">\n\t\t\t\t\t\t\t\t\t\t\tKontaktieren\n\t\t<\/a>\n\t\t\t<a href=\"https:\/\/legacy.colt.net\/de\/product\/prizmnet-portal\/\" target=\"_self\" role=\"button\" rel=\"noopener noreferrer\">\n\t\t\t\t\t\tPrizmNet demo\n\t\t\t\t\t<\/a>\n<h3>\n\t\tPrizmNet Online, das benutzerfreundliche Self-Service-Portal f\u00fcr Ihr Colt PrizmNet. \n\t<\/h3>\n\t<p>Vollst\u00e4ndige Kontrolle \u00fcber Ihre PrizmNet-Services mit Leistungs- und Nutzungsdaten in Nahe-Echtzeit, einem Verzeichnis aller PrizmNet-Anbieter und Zugang zum technischen Support und Ticketing-Services.<\/p>\n\t<h3><strong>Schnelle Erg\u00e4nzung weiterer Verbindungen und Services<\/strong><\/h3>\n<p>&nbsp;<\/p>\n<p>\u00dcber PrizmNet Online k\u00f6nnen Sie schnell und einfach neue Services einrichten, neue Standorte und Kundenendpunkte einbinden und die Bandbreite erh\u00f6hen, um Ihre Handelsstrategie effizienter umzusetzen. Sie k\u00f6nnen das Anbieterverzeichnis mit Services und Preisen durchsuchen, und angebote einholen und neue Services an beliebigen Standorten beauftragen.<\/p>\n\t<h4><strong>Aktuelle Performance-Auswertungen<\/strong><\/h4>\n<p>Die umfangreichen Netzwerkberichte verschaffen Ihnen einen direkten \u00dcberblick \u00fcber die Performance und Auslastung Ihrer Colt PrizmNet-Services in Nahe-Echtzeit und erm\u00f6glichen fundierte Entscheidungen \u00fcber kurz- und langfristige Anpassungen.<\/p>\n<hr \/>\n<h4><strong>Vollst\u00e4ndige Kontrolle<\/strong><\/h4>\n<p>Sie k\u00f6nnen jederzeit Auftr\u00e4ge f\u00fcr neue Services verfolgen, Rechnungen kontrollieren, auf technischen Support und Ticketing-Services zugreifen und Neuigkeiten zu Colt PrizmNet abfragen.<\/p>\n\t\n<h3><\/h3>\n<p>&nbsp;<\/p>\n\n","protected":false},"excerpt":{"rendered":"<p>Products &#038; Services Live chat [hubspot type=form portal=344164 id=2170edcf-5dc0-43d0-9163-53f4e9545a24] Kontaktieren PrizmNet demo PrizmNet Online, das benutzerfreundliche Self-Service-Portal f\u00fcr Ihr Colt PrizmNet. Vollst\u00e4ndige Kontrolle \u00fcber Ihre PrizmNet-Services mit Leistungs- und Nutzungsdaten in Nahe-Echtzeit, einem Verzeichnis aller PrizmNet-Anbieter und Zugang zum technischen Support und Ticketing-Services. Schnelle Erg\u00e4nzung weiterer Verbindungen und Services &nbsp; \u00dcber PrizmNet Online k\u00f6nnen Sie&#8230;<\/p>\n","protected":false},"author":2,"featured_media":0,"parent":35897,"menu_order":1,"comment_status":"closed","ping_status":"closed","template":"","meta":{"_acf_changed":false,"footnotes":""},"colt_type":[],"colt_products":[1525],"class_list":["post-58898","page","type-page","status-publish","hentry","colt_products-capital-markets"],"acf":[],"yoast_head":"<!-- This site is optimized with the Yoast SEO plugin v26.8 - https:\/\/yoast.com\/product\/yoast-seo-wordpress\/ -->\n<title>PrizmNet Portal - Colt Technology Services<\/title>\n<meta name=\"description\" content=\"PrizmNet Portal Colt Technology Services\" \/>\n<meta name=\"robots\" content=\"noindex, follow, max-snippet:-1, max-image-preview:large, max-video-preview:-1\" \/>\n<meta property=\"og:locale\" content=\"de_DE\" \/>\n<meta property=\"og:type\" content=\"article\" \/>\n<meta property=\"og:title\" content=\"PrizmNet Portal - Colt Technology Services\" \/>\n<meta property=\"og:description\" content=\"PrizmNet Portal Colt Technology Services\" \/>\n<meta property=\"og:url\" content=\"https:\/\/legacy.colt.net\/de\/product\/prizmnet-portal\/\" \/>\n<meta property=\"og:site_name\" content=\"Colt Technology Services\" \/>\n<meta property=\"article:publisher\" content=\"https:\/\/www.facebook.com\/ColtTechnologyServices\/\" \/>\n<meta property=\"article:modified_time\" content=\"2021-01-09T15:45:53+00:00\" \/>\n<meta property=\"og:image\" content=\"https:\/\/legacy.colt.net\/wp-content\/uploads\/2021\/01\/Brand-2021-Stock-26.jpg\" \/>\n\t<meta property=\"og:image:width\" content=\"1000\" \/>\n\t<meta property=\"og:image:height\" content=\"667\" \/>\n\t<meta property=\"og:image:type\" content=\"image\/jpeg\" \/>\n<meta name=\"twitter:card\" content=\"summary_large_image\" \/>\n<meta name=\"twitter:site\" content=\"@colt_technology\" \/>\n<meta name=\"twitter:label1\" content=\"Est. reading time\" \/>\n\t<meta name=\"twitter:data1\" content=\"1 minute\" \/>\n<script type=\"application\/ld+json\" class=\"yoast-schema-graph\">{\"@context\":\"https:\/\/schema.org\",\"@graph\":[{\"@type\":\"WebPage\",\"@id\":\"https:\/\/legacy.colt.net\/de\/product\/prizmnet-portal\/\",\"url\":\"https:\/\/legacy.colt.net\/de\/product\/prizmnet-portal\/\",\"name\":\"PrizmNet Portal - Colt Technology Services\",\"isPartOf\":{\"@id\":\"https:\/\/legacy.colt.net\/#website\"},\"datePublished\":\"2019-07-04T08:18:43+00:00\",\"dateModified\":\"2021-01-09T15:45:53+00:00\",\"description\":\"PrizmNet Portal Colt Technology Services\",\"breadcrumb\":{\"@id\":\"https:\/\/legacy.colt.net\/de\/product\/prizmnet-portal\/#breadcrumb\"},\"inLanguage\":\"de-DE\",\"potentialAction\":[{\"@type\":\"ReadAction\",\"target\":[\"https:\/\/legacy.colt.net\/de\/product\/prizmnet-portal\/\"]}]},{\"@type\":\"BreadcrumbList\",\"@id\":\"https:\/\/legacy.colt.net\/de\/product\/prizmnet-portal\/#breadcrumb\",\"itemListElement\":[{\"@type\":\"ListItem\",\"position\":1,\"name\":\"Home\",\"item\":\"https:\/\/legacy.colt.net\/de\/\"},{\"@type\":\"ListItem\",\"position\":2,\"name\":\"Produkte &#038; Netzwerkservice\",\"item\":\"https:\/\/legacy.colt.net\/de\/product\/\"},{\"@type\":\"ListItem\",\"position\":3,\"name\":\"PrizmNet Portal\"}]},{\"@type\":\"WebSite\",\"@id\":\"https:\/\/legacy.colt.net\/#website\",\"url\":\"https:\/\/legacy.colt.net\/\",\"name\":\"Colt\u30c6\u30af\u30ce\u30ed\u30b8\u30fc\u30b5\u30fc\u30d3\u30b9\u682a\u5f0f\u4f1a\u793e\",\"description\":\"Managed Network &amp; Voice Services Provider\",\"publisher\":{\"@id\":\"https:\/\/legacy.colt.net\/#organization\"},\"potentialAction\":[{\"@type\":\"SearchAction\",\"target\":{\"@type\":\"EntryPoint\",\"urlTemplate\":\"https:\/\/legacy.colt.net\/?s={search_term_string}\"},\"query-input\":{\"@type\":\"PropertyValueSpecification\",\"valueRequired\":true,\"valueName\":\"search_term_string\"}}],\"inLanguage\":\"de-DE\"},{\"@type\":\"Organization\",\"@id\":\"https:\/\/legacy.colt.net\/#organization\",\"name\":\"Colt Technology Services\",\"url\":\"https:\/\/legacy.colt.net\/\",\"logo\":{\"@type\":\"ImageObject\",\"inLanguage\":\"de-DE\",\"@id\":\"https:\/\/legacy.colt.net\/#\/schema\/logo\/image\/\",\"url\":\"https:\/\/legacy.colt.net\/wp-content\/uploads\/2019\/02\/Colt-Logo.png\",\"contentUrl\":\"https:\/\/legacy.colt.net\/wp-content\/uploads\/2019\/02\/Colt-Logo.png\",\"width\":195,\"height\":77,\"caption\":\"Colt Technology Services\"},\"image\":{\"@id\":\"https:\/\/legacy.colt.net\/#\/schema\/logo\/image\/\"},\"sameAs\":[\"https:\/\/www.facebook.com\/ColtTechnologyServices\/\",\"https:\/\/x.com\/colt_technology\",\"https:\/\/www.instagram.com\/colttechnologyservices\/\",\"https:\/\/www.linkedin.com\/company\/colt-technology-services\",\"https:\/\/www.youtube.com\/user\/ColtTechnology\"]}]}<\/script>\n<!-- \/ Yoast SEO plugin. -->","yoast_head_json":{"title":"PrizmNet Portal - Colt Technology Services","description":"PrizmNet Portal Colt Technology Services","robots":{"index":"noindex","follow":"follow","max-snippet":"max-snippet:-1","max-image-preview":"max-image-preview:large","max-video-preview":"max-video-preview:-1"},"og_locale":"de_DE","og_type":"article","og_title":"PrizmNet Portal - Colt Technology Services","og_description":"PrizmNet Portal Colt Technology Services","og_url":"https:\/\/legacy.colt.net\/de\/product\/prizmnet-portal\/","og_site_name":"Colt Technology Services","article_publisher":"https:\/\/www.facebook.com\/ColtTechnologyServices\/","article_modified_time":"2021-01-09T15:45:53+00:00","og_image":[{"width":1000,"height":667,"url":"https:\/\/legacy.colt.net\/wp-content\/uploads\/2021\/01\/Brand-2021-Stock-26.jpg","type":"image\/jpeg"}],"twitter_card":"summary_large_image","twitter_site":"@colt_technology","twitter_misc":{"Est. reading time":"1 minute"},"schema":{"@context":"https:\/\/schema.org","@graph":[{"@type":"WebPage","@id":"https:\/\/legacy.colt.net\/de\/product\/prizmnet-portal\/","url":"https:\/\/legacy.colt.net\/de\/product\/prizmnet-portal\/","name":"PrizmNet Portal - Colt Technology Services","isPartOf":{"@id":"https:\/\/legacy.colt.net\/#website"},"datePublished":"2019-07-04T08:18:43+00:00","dateModified":"2021-01-09T15:45:53+00:00","description":"PrizmNet Portal Colt Technology Services","breadcrumb":{"@id":"https:\/\/legacy.colt.net\/de\/product\/prizmnet-portal\/#breadcrumb"},"inLanguage":"de-DE","potentialAction":[{"@type":"ReadAction","target":["https:\/\/legacy.colt.net\/de\/product\/prizmnet-portal\/"]}]},{"@type":"BreadcrumbList","@id":"https:\/\/legacy.colt.net\/de\/product\/prizmnet-portal\/#breadcrumb","itemListElement":[{"@type":"ListItem","position":1,"name":"Home","item":"https:\/\/legacy.colt.net\/de\/"},{"@type":"ListItem","position":2,"name":"Produkte &#038; Netzwerkservice","item":"https:\/\/legacy.colt.net\/de\/product\/"},{"@type":"ListItem","position":3,"name":"PrizmNet Portal"}]},{"@type":"WebSite","@id":"https:\/\/legacy.colt.net\/#website","url":"https:\/\/legacy.colt.net\/","name":"Colt\u30c6\u30af\u30ce\u30ed\u30b8\u30fc\u30b5\u30fc\u30d3\u30b9\u682a\u5f0f\u4f1a\u793e","description":"Managed Network &amp; Voice Services Provider","publisher":{"@id":"https:\/\/legacy.colt.net\/#organization"},"potentialAction":[{"@type":"SearchAction","target":{"@type":"EntryPoint","urlTemplate":"https:\/\/legacy.colt.net\/?s={search_term_string}"},"query-input":{"@type":"PropertyValueSpecification","valueRequired":true,"valueName":"search_term_string"}}],"inLanguage":"de-DE"},{"@type":"Organization","@id":"https:\/\/legacy.colt.net\/#organization","name":"Colt Technology Services","url":"https:\/\/legacy.colt.net\/","logo":{"@type":"ImageObject","inLanguage":"de-DE","@id":"https:\/\/legacy.colt.net\/#\/schema\/logo\/image\/","url":"https:\/\/legacy.colt.net\/wp-content\/uploads\/2019\/02\/Colt-Logo.png","contentUrl":"https:\/\/legacy.colt.net\/wp-content\/uploads\/2019\/02\/Colt-Logo.png","width":195,"height":77,"caption":"Colt Technology Services"},"image":{"@id":"https:\/\/legacy.colt.net\/#\/schema\/logo\/image\/"},"sameAs":["https:\/\/www.facebook.com\/ColtTechnologyServices\/","https:\/\/x.com\/colt_technology","https:\/\/www.instagram.com\/colttechnologyservices\/","https:\/\/www.linkedin.com\/company\/colt-technology-services","https:\/\/www.youtube.com\/user\/ColtTechnology"]}]}},"_links":{"self":[{"href":"https:\/\/legacy.colt.net\/de\/wp-json\/wp\/v2\/pages\/58898","targetHints":{"allow":["GET"]}}],"collection":[{"href":"https:\/\/legacy.colt.net\/de\/wp-json\/wp\/v2\/pages"}],"about":[{"href":"https:\/\/legacy.colt.net\/de\/wp-json\/wp\/v2\/types\/page"}],"author":[{"embeddable":true,"href":"https:\/\/legacy.colt.net\/de\/wp-json\/wp\/v2\/users\/2"}],"replies":[{"embeddable":true,"href":"https:\/\/legacy.colt.net\/de\/wp-json\/wp\/v2\/comments?post=58898"}],"version-history":[{"count":0,"href":"https:\/\/legacy.colt.net\/de\/wp-json\/wp\/v2\/pages\/58898\/revisions"}],"up":[{"embeddable":true,"href":"https:\/\/legacy.colt.net\/de\/wp-json\/wp\/v2\/pages\/35897"}],"wp:attachment":[{"href":"https:\/\/legacy.colt.net\/de\/wp-json\/wp\/v2\/media?parent=58898"}],"wp:term":[{"taxonomy":"colt_type","embeddable":true,"href":"https:\/\/legacy.colt.net\/de\/wp-json\/wp\/v2\/colt_type?post=58898"},{"taxonomy":"colt_products","embeddable":true,"href":"https:\/\/legacy.colt.net\/de\/wp-json\/wp\/v2\/colt_products?post=58898"}],"curies":[{"name":"wp","href":"https:\/\/api.w.org\/{rel}","templated":true}]}}