{"id":48971,"date":"2019-04-02T18:55:37","date_gmt":"2019-04-02T17:55:37","guid":{"rendered":"https:\/\/www.colt.net\/why-colt-intelligent-communications\/"},"modified":"2020-11-05T10:19:03","modified_gmt":"2020-11-05T10:19:03","slug":"why-colt-intelligent-communications","status":"publish","type":"page","link":"https:\/\/legacy.colt.net\/de\/why-colt-intelligent-communications\/","title":{"rendered":"Warum Colt Intelligent Communications?"},"content":{"rendered":"<h1>\n\t<\/h1>\n\t<nav class=\"breadcrumb\"><span><span><a href=\"https:\/\/legacy.colt.net\/de\/\">Home<\/a><\/span><\/span><\/nav>\n\t<h2>Mitarbeiterzufriedenheit und Effizienz durch Integration wichtiger Anwendungen und Unified Communications in der Cloud<\/h2>\n<p>Noch nie waren Unternehmen so vielf\u00e4ltig und stark vernetzt wie heute. Hinzu kommt ein hohes Ma\u00df an Ortsunabh\u00e4ngigkeit der Mitarbeiter bei der Kommunikation.\u00a0<\/p>\n<p>Zeit ist ein knappes Gut und die enorme Zahl von Software-Anwendungen in heutigen B\u00fcroumgebungen kann die Produktivit\u00e4t der Mitarbeiter sogar bremsen. Mit dem Trend zu Intelligent Communications lassen sich deutliche Effizienzsteigerungen und vereinfachte Beschaffungs- und Managementprozesse verwirklichen.\u00a0<\/p>\n\t\t\t\t<img loading=\"lazy\" decoding=\"async\" src=\"https:\/\/legacy.colt.net\/wp-content\/uploads\/2019\/04\/Colt-IC-DE.png\" alt=\"Colt-IC-DE\" itemprop=\"image\" height=\"1338\" width=\"942\" title=\"Colt-IC-DE\" onerror=\"this.style.display='none'\"  \/>\n<p>Mit Intelligent Communications werden Anwendungen zur Steigerung der Produktivit\u00e4t sowie die Unternehmenskommunikation so integriert, dass mit minimalen Wechseln zwischen Anwendungen und Aufgaben eine effiziente Teamarbeit m\u00f6glich wird.\u00a0<\/p>\n\t<h3>Leitfaden herunterladen<\/h3>\n<p>[hubspot type=form portal=344164 id=cfdd78ea-7f08-4012-92cc-0a341ed7d05d]<\/p>\n","protected":false},"excerpt":{"rendered":"<p>Mitarbeiterzufriedenheit und Effizienz durch Integration wichtiger Anwendungen und Unified Communications in der Cloud Noch nie waren Unternehmen so vielf\u00e4ltig und stark vernetzt wie heute. Hinzu kommt ein hohes Ma\u00df an Ortsunabh\u00e4ngigkeit der Mitarbeiter bei der Kommunikation.\u00a0 Zeit ist ein knappes Gut und die enorme Zahl von Software-Anwendungen in heutigen B\u00fcroumgebungen kann die Produktivit\u00e4t der Mitarbeiter&#8230;<\/p>\n","protected":false},"author":2,"featured_media":0,"parent":0,"menu_order":0,"comment_status":"closed","ping_status":"closed","template":"","meta":{"_acf_changed":false,"footnotes":""},"colt_type":[],"colt_products":[],"class_list":["post-48971","page","type-page","status-publish","hentry"],"acf":[],"yoast_head":"<!-- This site is optimized with the Yoast SEO plugin v26.8 - https:\/\/yoast.com\/product\/yoast-seo-wordpress\/ -->\n<title>Warum Colt Intelligent Communications? - Colt Technology Services<\/title>\n<meta name=\"description\" content=\"Mitarbeiterzufriedenheit und Effizienz durch Integration wichtiger Anwendungen und Unified Communications in der Cloud\" \/>\n<meta name=\"robots\" content=\"noindex, follow, max-snippet:-1, max-image-preview:large, max-video-preview:-1\" \/>\n<meta property=\"og:locale\" content=\"de_DE\" \/>\n<meta property=\"og:type\" content=\"article\" \/>\n<meta property=\"og:title\" content=\"Warum Colt Intelligent Communications? - Colt Technology Services\" \/>\n<meta property=\"og:description\" content=\"Mitarbeiterzufriedenheit und Effizienz durch Integration wichtiger Anwendungen und Unified Communications in der Cloud\" \/>\n<meta property=\"og:url\" content=\"https:\/\/legacy.colt.net\/de\/why-colt-intelligent-communications\/\" \/>\n<meta property=\"og:site_name\" content=\"Colt Technology Services\" \/>\n<meta property=\"article:publisher\" content=\"https:\/\/www.facebook.com\/ColtTechnologyServices\/\" \/>\n<meta property=\"article:modified_time\" content=\"2020-11-05T10:19:03+00:00\" \/>\n<meta property=\"og:image\" content=\"https:\/\/legacy.colt.net\/wp-content\/uploads\/2019\/05\/The-future-network-6.jpg\" \/>\n<meta name=\"twitter:card\" content=\"summary_large_image\" \/>\n<meta name=\"twitter:image\" content=\"https:\/\/legacy.colt.net\/wp-content\/uploads\/2019\/05\/The-future-network-6.jpg\" \/>\n<meta name=\"twitter:site\" content=\"@colt_technology\" \/>\n<meta name=\"twitter:label1\" content=\"Est. reading time\" \/>\n\t<meta name=\"twitter:data1\" content=\"1 minute\" \/>\n<script type=\"application\/ld+json\" class=\"yoast-schema-graph\">{\"@context\":\"https:\/\/schema.org\",\"@graph\":[{\"@type\":\"WebPage\",\"@id\":\"https:\/\/legacy.colt.net\/de\/why-colt-intelligent-communications\/\",\"url\":\"https:\/\/legacy.colt.net\/de\/why-colt-intelligent-communications\/\",\"name\":\"Warum Colt Intelligent Communications? - Colt Technology Services\",\"isPartOf\":{\"@id\":\"https:\/\/legacy.colt.net\/#website\"},\"primaryImageOfPage\":{\"@id\":\"https:\/\/legacy.colt.net\/de\/why-colt-intelligent-communications\/#primaryimage\"},\"image\":{\"@id\":\"https:\/\/legacy.colt.net\/de\/why-colt-intelligent-communications\/#primaryimage\"},\"thumbnailUrl\":\"https:\/\/legacy.colt.net\/wp-content\/uploads\/2019\/04\/Colt-IC-DE.png\",\"datePublished\":\"2019-04-02T17:55:37+00:00\",\"dateModified\":\"2020-11-05T10:19:03+00:00\",\"description\":\"Mitarbeiterzufriedenheit und Effizienz durch Integration wichtiger Anwendungen und Unified Communications in der Cloud\",\"breadcrumb\":{\"@id\":\"https:\/\/legacy.colt.net\/de\/why-colt-intelligent-communications\/#breadcrumb\"},\"inLanguage\":\"de-DE\",\"potentialAction\":[{\"@type\":\"ReadAction\",\"target\":[\"https:\/\/legacy.colt.net\/de\/why-colt-intelligent-communications\/\"]}]},{\"@type\":\"ImageObject\",\"inLanguage\":\"de-DE\",\"@id\":\"https:\/\/legacy.colt.net\/de\/why-colt-intelligent-communications\/#primaryimage\",\"url\":\"https:\/\/legacy.colt.net\/wp-content\/uploads\/2019\/04\/Colt-IC-DE.png\",\"contentUrl\":\"https:\/\/legacy.colt.net\/wp-content\/uploads\/2019\/04\/Colt-IC-DE.png\"},{\"@type\":\"BreadcrumbList\",\"@id\":\"https:\/\/legacy.colt.net\/de\/why-colt-intelligent-communications\/#breadcrumb\",\"itemListElement\":[{\"@type\":\"ListItem\",\"position\":1,\"name\":\"Home\",\"item\":\"https:\/\/legacy.colt.net\/de\/\"},{\"@type\":\"ListItem\",\"position\":2,\"name\":\"Warum Colt Intelligent Communications?\"}]},{\"@type\":\"WebSite\",\"@id\":\"https:\/\/legacy.colt.net\/#website\",\"url\":\"https:\/\/legacy.colt.net\/\",\"name\":\"Colt\u30c6\u30af\u30ce\u30ed\u30b8\u30fc\u30b5\u30fc\u30d3\u30b9\u682a\u5f0f\u4f1a\u793e\",\"description\":\"Managed Network &amp; Voice Services Provider\",\"publisher\":{\"@id\":\"https:\/\/legacy.colt.net\/#organization\"},\"potentialAction\":[{\"@type\":\"SearchAction\",\"target\":{\"@type\":\"EntryPoint\",\"urlTemplate\":\"https:\/\/legacy.colt.net\/?s={search_term_string}\"},\"query-input\":{\"@type\":\"PropertyValueSpecification\",\"valueRequired\":true,\"valueName\":\"search_term_string\"}}],\"inLanguage\":\"de-DE\"},{\"@type\":\"Organization\",\"@id\":\"https:\/\/legacy.colt.net\/#organization\",\"name\":\"Colt Technology Services\",\"url\":\"https:\/\/legacy.colt.net\/\",\"logo\":{\"@type\":\"ImageObject\",\"inLanguage\":\"de-DE\",\"@id\":\"https:\/\/legacy.colt.net\/#\/schema\/logo\/image\/\",\"url\":\"https:\/\/legacy.colt.net\/wp-content\/uploads\/2019\/02\/Colt-Logo.png\",\"contentUrl\":\"https:\/\/legacy.colt.net\/wp-content\/uploads\/2019\/02\/Colt-Logo.png\",\"width\":195,\"height\":77,\"caption\":\"Colt Technology Services\"},\"image\":{\"@id\":\"https:\/\/legacy.colt.net\/#\/schema\/logo\/image\/\"},\"sameAs\":[\"https:\/\/www.facebook.com\/ColtTechnologyServices\/\",\"https:\/\/x.com\/colt_technology\",\"https:\/\/www.instagram.com\/colttechnologyservices\/\",\"https:\/\/www.linkedin.com\/company\/colt-technology-services\",\"https:\/\/www.youtube.com\/user\/ColtTechnology\"]}]}<\/script>\n<!-- \/ Yoast SEO plugin. -->","yoast_head_json":{"title":"Warum Colt Intelligent Communications? - Colt Technology Services","description":"Mitarbeiterzufriedenheit und Effizienz durch Integration wichtiger Anwendungen und Unified Communications in der Cloud","robots":{"index":"noindex","follow":"follow","max-snippet":"max-snippet:-1","max-image-preview":"max-image-preview:large","max-video-preview":"max-video-preview:-1"},"og_locale":"de_DE","og_type":"article","og_title":"Warum Colt Intelligent Communications? - Colt Technology Services","og_description":"Mitarbeiterzufriedenheit und Effizienz durch Integration wichtiger Anwendungen und Unified Communications in der Cloud","og_url":"https:\/\/legacy.colt.net\/de\/why-colt-intelligent-communications\/","og_site_name":"Colt Technology Services","article_publisher":"https:\/\/www.facebook.com\/ColtTechnologyServices\/","article_modified_time":"2020-11-05T10:19:03+00:00","og_image":[{"url":"https:\/\/legacy.colt.net\/wp-content\/uploads\/2019\/05\/The-future-network-6.jpg","type":"","width":"","height":""}],"twitter_card":"summary_large_image","twitter_image":"https:\/\/legacy.colt.net\/wp-content\/uploads\/2019\/05\/The-future-network-6.jpg","twitter_site":"@colt_technology","twitter_misc":{"Est. reading time":"1 minute"},"schema":{"@context":"https:\/\/schema.org","@graph":[{"@type":"WebPage","@id":"https:\/\/legacy.colt.net\/de\/why-colt-intelligent-communications\/","url":"https:\/\/legacy.colt.net\/de\/why-colt-intelligent-communications\/","name":"Warum Colt Intelligent Communications? - Colt Technology Services","isPartOf":{"@id":"https:\/\/legacy.colt.net\/#website"},"primaryImageOfPage":{"@id":"https:\/\/legacy.colt.net\/de\/why-colt-intelligent-communications\/#primaryimage"},"image":{"@id":"https:\/\/legacy.colt.net\/de\/why-colt-intelligent-communications\/#primaryimage"},"thumbnailUrl":"https:\/\/legacy.colt.net\/wp-content\/uploads\/2019\/04\/Colt-IC-DE.png","datePublished":"2019-04-02T17:55:37+00:00","dateModified":"2020-11-05T10:19:03+00:00","description":"Mitarbeiterzufriedenheit und Effizienz durch Integration wichtiger Anwendungen und Unified Communications in der Cloud","breadcrumb":{"@id":"https:\/\/legacy.colt.net\/de\/why-colt-intelligent-communications\/#breadcrumb"},"inLanguage":"de-DE","potentialAction":[{"@type":"ReadAction","target":["https:\/\/legacy.colt.net\/de\/why-colt-intelligent-communications\/"]}]},{"@type":"ImageObject","inLanguage":"de-DE","@id":"https:\/\/legacy.colt.net\/de\/why-colt-intelligent-communications\/#primaryimage","url":"https:\/\/legacy.colt.net\/wp-content\/uploads\/2019\/04\/Colt-IC-DE.png","contentUrl":"https:\/\/legacy.colt.net\/wp-content\/uploads\/2019\/04\/Colt-IC-DE.png"},{"@type":"BreadcrumbList","@id":"https:\/\/legacy.colt.net\/de\/why-colt-intelligent-communications\/#breadcrumb","itemListElement":[{"@type":"ListItem","position":1,"name":"Home","item":"https:\/\/legacy.colt.net\/de\/"},{"@type":"ListItem","position":2,"name":"Warum Colt Intelligent Communications?"}]},{"@type":"WebSite","@id":"https:\/\/legacy.colt.net\/#website","url":"https:\/\/legacy.colt.net\/","name":"Colt\u30c6\u30af\u30ce\u30ed\u30b8\u30fc\u30b5\u30fc\u30d3\u30b9\u682a\u5f0f\u4f1a\u793e","description":"Managed Network &amp; Voice Services Provider","publisher":{"@id":"https:\/\/legacy.colt.net\/#organization"},"potentialAction":[{"@type":"SearchAction","target":{"@type":"EntryPoint","urlTemplate":"https:\/\/legacy.colt.net\/?s={search_term_string}"},"query-input":{"@type":"PropertyValueSpecification","valueRequired":true,"valueName":"search_term_string"}}],"inLanguage":"de-DE"},{"@type":"Organization","@id":"https:\/\/legacy.colt.net\/#organization","name":"Colt Technology Services","url":"https:\/\/legacy.colt.net\/","logo":{"@type":"ImageObject","inLanguage":"de-DE","@id":"https:\/\/legacy.colt.net\/#\/schema\/logo\/image\/","url":"https:\/\/legacy.colt.net\/wp-content\/uploads\/2019\/02\/Colt-Logo.png","contentUrl":"https:\/\/legacy.colt.net\/wp-content\/uploads\/2019\/02\/Colt-Logo.png","width":195,"height":77,"caption":"Colt Technology Services"},"image":{"@id":"https:\/\/legacy.colt.net\/#\/schema\/logo\/image\/"},"sameAs":["https:\/\/www.facebook.com\/ColtTechnologyServices\/","https:\/\/x.com\/colt_technology","https:\/\/www.instagram.com\/colttechnologyservices\/","https:\/\/www.linkedin.com\/company\/colt-technology-services","https:\/\/www.youtube.com\/user\/ColtTechnology"]}]}},"_links":{"self":[{"href":"https:\/\/legacy.colt.net\/de\/wp-json\/wp\/v2\/pages\/48971","targetHints":{"allow":["GET"]}}],"collection":[{"href":"https:\/\/legacy.colt.net\/de\/wp-json\/wp\/v2\/pages"}],"about":[{"href":"https:\/\/legacy.colt.net\/de\/wp-json\/wp\/v2\/types\/page"}],"author":[{"embeddable":true,"href":"https:\/\/legacy.colt.net\/de\/wp-json\/wp\/v2\/users\/2"}],"replies":[{"embeddable":true,"href":"https:\/\/legacy.colt.net\/de\/wp-json\/wp\/v2\/comments?post=48971"}],"version-history":[{"count":0,"href":"https:\/\/legacy.colt.net\/de\/wp-json\/wp\/v2\/pages\/48971\/revisions"}],"wp:attachment":[{"href":"https:\/\/legacy.colt.net\/de\/wp-json\/wp\/v2\/media?parent=48971"}],"wp:term":[{"taxonomy":"colt_type","embeddable":true,"href":"https:\/\/legacy.colt.net\/de\/wp-json\/wp\/v2\/colt_type?post=48971"},{"taxonomy":"colt_products","embeddable":true,"href":"https:\/\/legacy.colt.net\/de\/wp-json\/wp\/v2\/colt_products?post=48971"}],"curies":[{"name":"wp","href":"https:\/\/api.w.org\/{rel}","templated":true}]}}