{"id":37923,"date":"2018-11-14T09:11:52","date_gmt":"2018-11-14T09:11:52","guid":{"rendered":"https:\/\/www.colt.net\/product\/wireless-backhaul\/"},"modified":"2020-12-14T16:09:12","modified_gmt":"2020-12-14T16:09:12","slug":"wireless-backhaul","status":"publish","type":"page","link":"https:\/\/legacy.colt.net\/de\/product\/wireless-backhaul\/","title":{"rendered":"Wireless Backhaul Solutions"},"content":{"rendered":"<p><iframe loading=\"lazy\" src=\"https:\/\/www.youtube.com\/embed\/WAVF7UCi-Zk?rel=0\" width=\"844\" height=\"475\" frameborder=\"0\" allowfullscreen=\"allowfullscreen\"><span data-mce-type=\"bookmark\" style=\"display: inline-block; width: 0px; overflow: hidden; line-height: 0;\" class=\"mce_SELRES_start\">\ufeff<\/span><span data-mce-type=\"bookmark\" style=\"display: inline-block; width: 0px; overflow: hidden; line-height: 0;\" class=\"mce_SELRES_start\">\ufeff<\/span><span data-mce-type=\"bookmark\" style=\"display: inline-block; width: 0px; overflow: hidden; line-height: 0;\" class=\"mce_SELRES_start\">\ufeff<\/span><span data-mce-type=\"bookmark\" style=\"display: inline-block; width: 0px; overflow: hidden; line-height: 0;\" class=\"mce_SELRES_start\">\ufeff<\/span><\/iframe><\/p>\n<p class=\"intro\">Colt unterst\u00fctzt \u00fcber sein in Eigenregie betriebenes Netz unterschiedlichste Mobilfunkanbieter mit einer Vielzahl von L\u00f6sungen: von Hotspots (WLAN\/4G\/4G+) an \u00f6ffentlichen Orten und Geb\u00e4uden bis hin zu komplexen 5G-L\u00f6sungen.<\/p>\n<p>Wenn Sie optimierte, flexible WLAN-Dienste bereitstellen m\u00fcssen, ist Colt Wireless Backhaul die L\u00f6sung f\u00fcr Ihr Unternehmen.<\/p>\n<p>Da das Mobilfunkverkehrsaufkommen in einer dynamischen st\u00e4dtischen Umgebung unberechenbar ist, sorgen wir mit Software-Defined Networking (SDN) f\u00fcr flexible und schnelle Konnektivit\u00e4t. Die SDN-Kapazit\u00e4ten von Colt erm\u00f6glichen eine dynamische Verkehrsf\u00fchrung, h\u00f6here Geschwindigkeiten und geringere Latenzen. Au\u00dferdem erm\u00f6glicht diese Technologie eine extrem schnelle Netzbereitstellung, sodass intelligente St\u00e4dte schnell und mit den erforderlichen Kapazit\u00e4ten neue Bereiche erschlie\u00dfen k\u00f6nnen.<\/p>\n<p>Colt erarbeitet gemeinsam mit Ihnen die bestm\u00f6gliche L\u00f6sung. Wir unterst\u00fctzen Sie bei der Erweiterung Ihrer M\u00f6glichkeiten mit 5G. Profitieren Sie von zahlreichen Vorteilen: von Telecare-Anwendungen im Gesundheitswesen bis hin zu intelligenteren St\u00e4dten mit plattform\u00fcbergreifendem B\u00fcrgerservice-Angebot.<\/p>\n<p>Portfolio f\u00fcr die Bew\u00e4ltigung unterschiedlicher Anforderungen<\/p>\n<p>Colt bietet:<\/p>\n<ul>\n<li style=\"list-style-type: none;\">\n<ul>\n<li>Individuelle Dark-Fibre-L\u00f6sungen<\/li>\n<li>Wave-Services<\/li>\n<li>On-Demand-Services<\/li>\n<\/ul>\n<\/li>\n<\/ul>\n","protected":false},"excerpt":{"rendered":"<p>\ufeff\ufeff\ufeff\ufeff Colt unterst\u00fctzt \u00fcber sein in Eigenregie betriebenes Netz unterschiedlichste Mobilfunkanbieter mit einer Vielzahl von L\u00f6sungen: von Hotspots (WLAN\/4G\/4G+) an \u00f6ffentlichen Orten und Geb\u00e4uden bis hin zu komplexen 5G-L\u00f6sungen. Wenn Sie optimierte, flexible WLAN-Dienste bereitstellen m\u00fcssen, ist Colt Wireless Backhaul die L\u00f6sung f\u00fcr Ihr Unternehmen. Da das Mobilfunkverkehrsaufkommen in einer dynamischen st\u00e4dtischen Umgebung unberechenbar ist,&#8230;<\/p>\n","protected":false},"author":143,"featured_media":0,"parent":35897,"menu_order":0,"comment_status":"closed","ping_status":"closed","template":"","meta":{"_acf_changed":false,"footnotes":""},"colt_type":[],"colt_products":[],"class_list":["post-37923","page","type-page","status-publish","hentry"],"acf":[],"yoast_head":"<!-- This site is optimized with the Yoast SEO plugin v26.8 - https:\/\/yoast.com\/product\/yoast-seo-wordpress\/ -->\n<title>Wireless Backhaul L\u00f6sungen | Colt Technology Services | DE<\/title>\n<meta name=\"description\" content=\"Colt unterst\u00fctzt \u00fcber sein in Eigenregie betriebenes Netz unterschiedlichste Mobilfunkanbieter mit einer Vielzahl von L\u00f6sungen\" \/>\n<meta name=\"robots\" content=\"noindex, follow, max-snippet:-1, max-image-preview:large, max-video-preview:-1\" \/>\n<meta property=\"og:locale\" content=\"de_DE\" \/>\n<meta property=\"og:type\" content=\"article\" \/>\n<meta property=\"og:title\" content=\"Wireless Backhaul L\u00f6sungen | Colt Technology Services | DE\" \/>\n<meta property=\"og:description\" content=\"Colt unterst\u00fctzt \u00fcber sein in Eigenregie betriebenes Netz unterschiedlichste Mobilfunkanbieter mit einer Vielzahl von L\u00f6sungen\" \/>\n<meta property=\"og:url\" content=\"https:\/\/legacy.colt.net\/de\/product\/wireless-backhaul\/\" \/>\n<meta property=\"og:site_name\" content=\"Colt Technology Services\" \/>\n<meta property=\"article:publisher\" content=\"https:\/\/www.facebook.com\/ColtTechnologyServices\/\" \/>\n<meta property=\"article:modified_time\" content=\"2020-12-14T16:09:12+00:00\" \/>\n<meta property=\"og:image\" content=\"https:\/\/legacy.colt.net\/wp-content\/uploads\/2021\/01\/Brand-2021-Stock-10-1.jpg\" \/>\n\t<meta property=\"og:image:width\" content=\"1000\" \/>\n\t<meta property=\"og:image:height\" content=\"668\" \/>\n\t<meta property=\"og:image:type\" content=\"image\/jpeg\" \/>\n<meta name=\"twitter:card\" content=\"summary_large_image\" \/>\n<meta name=\"twitter:site\" content=\"@colt_technology\" \/>\n<meta name=\"twitter:label1\" content=\"Est. reading time\" \/>\n\t<meta name=\"twitter:data1\" content=\"1 minute\" \/>\n<script type=\"application\/ld+json\" class=\"yoast-schema-graph\">{\"@context\":\"https:\/\/schema.org\",\"@graph\":[{\"@type\":\"WebPage\",\"@id\":\"https:\/\/legacy.colt.net\/de\/product\/wireless-backhaul\/\",\"url\":\"https:\/\/legacy.colt.net\/de\/product\/wireless-backhaul\/\",\"name\":\"Wireless Backhaul L\u00f6sungen | Colt Technology Services | DE\",\"isPartOf\":{\"@id\":\"https:\/\/legacy.colt.net\/#website\"},\"datePublished\":\"2018-11-14T09:11:52+00:00\",\"dateModified\":\"2020-12-14T16:09:12+00:00\",\"description\":\"Colt unterst\u00fctzt \u00fcber sein in Eigenregie betriebenes Netz unterschiedlichste Mobilfunkanbieter mit einer Vielzahl von L\u00f6sungen\",\"breadcrumb\":{\"@id\":\"https:\/\/legacy.colt.net\/de\/product\/wireless-backhaul\/#breadcrumb\"},\"inLanguage\":\"de-DE\",\"potentialAction\":[{\"@type\":\"ReadAction\",\"target\":[\"https:\/\/legacy.colt.net\/de\/product\/wireless-backhaul\/\"]}]},{\"@type\":\"BreadcrumbList\",\"@id\":\"https:\/\/legacy.colt.net\/de\/product\/wireless-backhaul\/#breadcrumb\",\"itemListElement\":[{\"@type\":\"ListItem\",\"position\":1,\"name\":\"Home\",\"item\":\"https:\/\/legacy.colt.net\/de\/\"},{\"@type\":\"ListItem\",\"position\":2,\"name\":\"Produkte &#038; Netzwerkservice\",\"item\":\"https:\/\/legacy.colt.net\/de\/product\/\"},{\"@type\":\"ListItem\",\"position\":3,\"name\":\"Wireless Backhaul Solutions\"}]},{\"@type\":\"WebSite\",\"@id\":\"https:\/\/legacy.colt.net\/#website\",\"url\":\"https:\/\/legacy.colt.net\/\",\"name\":\"Colt\u30c6\u30af\u30ce\u30ed\u30b8\u30fc\u30b5\u30fc\u30d3\u30b9\u682a\u5f0f\u4f1a\u793e\",\"description\":\"Managed Network &amp; Voice Services Provider\",\"publisher\":{\"@id\":\"https:\/\/legacy.colt.net\/#organization\"},\"potentialAction\":[{\"@type\":\"SearchAction\",\"target\":{\"@type\":\"EntryPoint\",\"urlTemplate\":\"https:\/\/legacy.colt.net\/?s={search_term_string}\"},\"query-input\":{\"@type\":\"PropertyValueSpecification\",\"valueRequired\":true,\"valueName\":\"search_term_string\"}}],\"inLanguage\":\"de-DE\"},{\"@type\":\"Organization\",\"@id\":\"https:\/\/legacy.colt.net\/#organization\",\"name\":\"Colt Technology Services\",\"url\":\"https:\/\/legacy.colt.net\/\",\"logo\":{\"@type\":\"ImageObject\",\"inLanguage\":\"de-DE\",\"@id\":\"https:\/\/legacy.colt.net\/#\/schema\/logo\/image\/\",\"url\":\"https:\/\/legacy.colt.net\/wp-content\/uploads\/2019\/02\/Colt-Logo.png\",\"contentUrl\":\"https:\/\/legacy.colt.net\/wp-content\/uploads\/2019\/02\/Colt-Logo.png\",\"width\":195,\"height\":77,\"caption\":\"Colt Technology Services\"},\"image\":{\"@id\":\"https:\/\/legacy.colt.net\/#\/schema\/logo\/image\/\"},\"sameAs\":[\"https:\/\/www.facebook.com\/ColtTechnologyServices\/\",\"https:\/\/x.com\/colt_technology\",\"https:\/\/www.instagram.com\/colttechnologyservices\/\",\"https:\/\/www.linkedin.com\/company\/colt-technology-services\",\"https:\/\/www.youtube.com\/user\/ColtTechnology\"]}]}<\/script>\n<!-- \/ Yoast SEO plugin. -->","yoast_head_json":{"title":"Wireless Backhaul L\u00f6sungen | Colt Technology Services | DE","description":"Colt unterst\u00fctzt \u00fcber sein in Eigenregie betriebenes Netz unterschiedlichste Mobilfunkanbieter mit einer Vielzahl von L\u00f6sungen","robots":{"index":"noindex","follow":"follow","max-snippet":"max-snippet:-1","max-image-preview":"max-image-preview:large","max-video-preview":"max-video-preview:-1"},"og_locale":"de_DE","og_type":"article","og_title":"Wireless Backhaul L\u00f6sungen | Colt Technology Services | DE","og_description":"Colt unterst\u00fctzt \u00fcber sein in Eigenregie betriebenes Netz unterschiedlichste Mobilfunkanbieter mit einer Vielzahl von L\u00f6sungen","og_url":"https:\/\/legacy.colt.net\/de\/product\/wireless-backhaul\/","og_site_name":"Colt Technology Services","article_publisher":"https:\/\/www.facebook.com\/ColtTechnologyServices\/","article_modified_time":"2020-12-14T16:09:12+00:00","og_image":[{"width":1000,"height":668,"url":"https:\/\/legacy.colt.net\/wp-content\/uploads\/2021\/01\/Brand-2021-Stock-10-1.jpg","type":"image\/jpeg"}],"twitter_card":"summary_large_image","twitter_site":"@colt_technology","twitter_misc":{"Est. reading time":"1 minute"},"schema":{"@context":"https:\/\/schema.org","@graph":[{"@type":"WebPage","@id":"https:\/\/legacy.colt.net\/de\/product\/wireless-backhaul\/","url":"https:\/\/legacy.colt.net\/de\/product\/wireless-backhaul\/","name":"Wireless Backhaul L\u00f6sungen | Colt Technology Services | DE","isPartOf":{"@id":"https:\/\/legacy.colt.net\/#website"},"datePublished":"2018-11-14T09:11:52+00:00","dateModified":"2020-12-14T16:09:12+00:00","description":"Colt unterst\u00fctzt \u00fcber sein in Eigenregie betriebenes Netz unterschiedlichste Mobilfunkanbieter mit einer Vielzahl von L\u00f6sungen","breadcrumb":{"@id":"https:\/\/legacy.colt.net\/de\/product\/wireless-backhaul\/#breadcrumb"},"inLanguage":"de-DE","potentialAction":[{"@type":"ReadAction","target":["https:\/\/legacy.colt.net\/de\/product\/wireless-backhaul\/"]}]},{"@type":"BreadcrumbList","@id":"https:\/\/legacy.colt.net\/de\/product\/wireless-backhaul\/#breadcrumb","itemListElement":[{"@type":"ListItem","position":1,"name":"Home","item":"https:\/\/legacy.colt.net\/de\/"},{"@type":"ListItem","position":2,"name":"Produkte &#038; Netzwerkservice","item":"https:\/\/legacy.colt.net\/de\/product\/"},{"@type":"ListItem","position":3,"name":"Wireless Backhaul Solutions"}]},{"@type":"WebSite","@id":"https:\/\/legacy.colt.net\/#website","url":"https:\/\/legacy.colt.net\/","name":"Colt\u30c6\u30af\u30ce\u30ed\u30b8\u30fc\u30b5\u30fc\u30d3\u30b9\u682a\u5f0f\u4f1a\u793e","description":"Managed Network &amp; Voice Services Provider","publisher":{"@id":"https:\/\/legacy.colt.net\/#organization"},"potentialAction":[{"@type":"SearchAction","target":{"@type":"EntryPoint","urlTemplate":"https:\/\/legacy.colt.net\/?s={search_term_string}"},"query-input":{"@type":"PropertyValueSpecification","valueRequired":true,"valueName":"search_term_string"}}],"inLanguage":"de-DE"},{"@type":"Organization","@id":"https:\/\/legacy.colt.net\/#organization","name":"Colt Technology Services","url":"https:\/\/legacy.colt.net\/","logo":{"@type":"ImageObject","inLanguage":"de-DE","@id":"https:\/\/legacy.colt.net\/#\/schema\/logo\/image\/","url":"https:\/\/legacy.colt.net\/wp-content\/uploads\/2019\/02\/Colt-Logo.png","contentUrl":"https:\/\/legacy.colt.net\/wp-content\/uploads\/2019\/02\/Colt-Logo.png","width":195,"height":77,"caption":"Colt Technology Services"},"image":{"@id":"https:\/\/legacy.colt.net\/#\/schema\/logo\/image\/"},"sameAs":["https:\/\/www.facebook.com\/ColtTechnologyServices\/","https:\/\/x.com\/colt_technology","https:\/\/www.instagram.com\/colttechnologyservices\/","https:\/\/www.linkedin.com\/company\/colt-technology-services","https:\/\/www.youtube.com\/user\/ColtTechnology"]}]}},"_links":{"self":[{"href":"https:\/\/legacy.colt.net\/de\/wp-json\/wp\/v2\/pages\/37923","targetHints":{"allow":["GET"]}}],"collection":[{"href":"https:\/\/legacy.colt.net\/de\/wp-json\/wp\/v2\/pages"}],"about":[{"href":"https:\/\/legacy.colt.net\/de\/wp-json\/wp\/v2\/types\/page"}],"author":[{"embeddable":true,"href":"https:\/\/legacy.colt.net\/de\/wp-json\/wp\/v2\/users\/143"}],"replies":[{"embeddable":true,"href":"https:\/\/legacy.colt.net\/de\/wp-json\/wp\/v2\/comments?post=37923"}],"version-history":[{"count":0,"href":"https:\/\/legacy.colt.net\/de\/wp-json\/wp\/v2\/pages\/37923\/revisions"}],"up":[{"embeddable":true,"href":"https:\/\/legacy.colt.net\/de\/wp-json\/wp\/v2\/pages\/35897"}],"wp:attachment":[{"href":"https:\/\/legacy.colt.net\/de\/wp-json\/wp\/v2\/media?parent=37923"}],"wp:term":[{"taxonomy":"colt_type","embeddable":true,"href":"https:\/\/legacy.colt.net\/de\/wp-json\/wp\/v2\/colt_type?post=37923"},{"taxonomy":"colt_products","embeddable":true,"href":"https:\/\/legacy.colt.net\/de\/wp-json\/wp\/v2\/colt_products?post=37923"}],"curies":[{"name":"wp","href":"https:\/\/api.w.org\/{rel}","templated":true}]}}