{"id":37844,"date":"2018-11-13T12:12:50","date_gmt":"2018-11-13T12:12:50","guid":{"rendered":"https:\/\/www.colt.net\/product\/on-demand-services\/"},"modified":"2019-08-06T17:06:03","modified_gmt":"2019-08-06T16:06:03","slug":"on-demand-services","status":"publish","type":"page","link":"https:\/\/legacy.colt.net\/de\/product\/on-demand-services\/","title":{"rendered":"On-Demand"},"content":{"rendered":"<p><iframe loading=\"lazy\" src=\"https:\/\/www.youtube.com\/embed\/VHJGS-Jv-T0?rel=0\" width=\"844\" height=\"475\" frameborder=\"0\" allowfullscreen=\"allowfullscreen\"><span data-mce-type=\"bookmark\" style=\"display: inline-block; width: 0px; overflow: hidden; line-height: 0;\" class=\"mce_SELRES_start\">\ufeff<\/span><span data-mce-type=\"bookmark\" style=\"display: inline-block; width: 0px; overflow: hidden; line-height: 0;\" class=\"mce_SELRES_start\">\ufeff<\/span><span data-mce-type=\"bookmark\" style=\"display: inline-block; width: 0px; overflow: hidden; line-height: 0;\" class=\"mce_SELRES_start\">\ufeff<\/span><span data-mce-type=\"bookmark\" style=\"display: inline-block; width: 0px; overflow: hidden; line-height: 0;\" class=\"mce_SELRES_start\">\ufeff<\/span><\/iframe><\/p>\n<p class=\"intro\">Softwaredefinierte Verbindungen in Echtzeit, powered by Colt IQ Network.<\/p>\n<p>Colt On Demand Services sind ein echter Durchbruch f\u00fcr flexible, skalierbare und g\u00fcnstige Connectivity-L\u00f6sungen zur Verbindung von Rechenzentren, Cloud-Providern und B\u00fcrogeb\u00e4uden.<\/p>\n<h3><strong>Kontrolle<\/strong><\/h3>\n<p>Unser komfortables Self-Service-Portal verschafft Ihnen die volle Kontrolle \u00fcber Ihr Netz und Ihre Kosten. Gleichzeitig k\u00f6nnen Sie Ihre Bandbreite entsprechend Ihren Anforderungen nach oben oder nach unten anpassen.<\/p>\n<h3><strong>Echtzeit<\/strong><\/h3>\n<p class=\"p1\">Mit On-Demand Diensten genie\u00dfen Sie Service in Echtzeit f\u00fcr Software Defined Networking \u2013 Bestellung, Bereitstellung und Anpassung der von Ihnen gew\u00fcnschten Services erfolgen in Minuten statt in Wochen.<\/p>\n<h3><strong>Flexibel<\/strong><\/h3>\n<p class=\"p1\">Sie bezahlen nur f\u00fcr die Kapazit\u00e4ten, die Sie gerade f\u00fcr Ihre On-Demand L\u00f6sungen brauchen. Die Abrechnung erfolgt pro Stunde, eine langfristige Vertragsbindung entf\u00e4llt.<\/p>\n<p><img loading=\"lazy\" decoding=\"async\" class=\"aligncenter wp-image-25512 size-large\" src=\"https:\/\/legacy.colt.net\/wp-content\/uploads\/sites\/8\/2017\/01\/On-Demand-Image_DE_v1-1024x376.png\" alt=\"\" width=\"640\" height=\"235\" \/><\/p>\n<p style=\"text-align: center;\"><a href=\"https:\/\/www.youtube.com\/watch?v=KzYHTbhSIOw\">2017\u00a0Colt On Demand Demo.<\/a><\/p>\n","protected":false},"excerpt":{"rendered":"<p>\ufeff\ufeff\ufeff\ufeff Softwaredefinierte Verbindungen in Echtzeit, powered by Colt IQ Network. Colt On Demand Services sind ein echter Durchbruch f\u00fcr flexible, skalierbare und g\u00fcnstige Connectivity-L\u00f6sungen zur Verbindung von Rechenzentren, Cloud-Providern und B\u00fcrogeb\u00e4uden. Kontrolle Unser komfortables Self-Service-Portal verschafft Ihnen die volle Kontrolle \u00fcber Ihr Netz und Ihre Kosten. Gleichzeitig k\u00f6nnen Sie Ihre Bandbreite entsprechend Ihren Anforderungen nach&#8230;<\/p>\n","protected":false},"author":143,"featured_media":0,"parent":35897,"menu_order":0,"comment_status":"closed","ping_status":"closed","template":"","meta":{"_acf_changed":false,"footnotes":""},"colt_type":[],"colt_products":[1524],"class_list":["post-37844","page","type-page","status-publish","hentry","colt_products-on-demand"],"acf":[],"yoast_head":"<!-- This site is optimized with the Yoast SEO plugin v26.8 - https:\/\/yoast.com\/product\/yoast-seo-wordpress\/ -->\n<title>On-Demand | Colt Technology Services | DE<\/title>\n<meta name=\"description\" content=\"Colt On Demand Services marque une v\u00e9ritable perc\u00e9e pour une connectivit\u00e9 flexible, \u00e9volutive et rentable entre les data centres, les fournisseurs de....\" \/>\n<meta name=\"robots\" content=\"noindex, follow, max-snippet:-1, max-image-preview:large, max-video-preview:-1\" \/>\n<meta property=\"og:locale\" content=\"de_DE\" \/>\n<meta property=\"og:type\" content=\"article\" \/>\n<meta property=\"og:title\" content=\"On-Demand | Colt Technology Services | DE\" \/>\n<meta property=\"og:description\" content=\"Colt On Demand Services marque une v\u00e9ritable perc\u00e9e pour une connectivit\u00e9 flexible, \u00e9volutive et rentable entre les data centres, les fournisseurs de....\" \/>\n<meta property=\"og:url\" content=\"https:\/\/legacy.colt.net\/de\/product\/on-demand-services\/\" \/>\n<meta property=\"og:site_name\" content=\"Colt Technology Services\" \/>\n<meta property=\"article:publisher\" content=\"https:\/\/www.facebook.com\/ColtTechnologyServices\/\" \/>\n<meta property=\"article:modified_time\" content=\"2019-08-06T16:06:03+00:00\" \/>\n<meta property=\"og:image\" content=\"https:\/\/legacy.colt.net\/wp-content\/uploads\/2021\/01\/Brand-2021-Stock-23.jpg\" \/>\n\t<meta property=\"og:image:width\" content=\"1000\" \/>\n\t<meta property=\"og:image:height\" content=\"667\" \/>\n\t<meta property=\"og:image:type\" content=\"image\/jpeg\" \/>\n<meta name=\"twitter:card\" content=\"summary_large_image\" \/>\n<meta name=\"twitter:site\" content=\"@colt_technology\" \/>\n<meta name=\"twitter:label1\" content=\"Est. reading time\" \/>\n\t<meta name=\"twitter:data1\" content=\"1 minute\" \/>\n<script type=\"application\/ld+json\" class=\"yoast-schema-graph\">{\"@context\":\"https:\/\/schema.org\",\"@graph\":[{\"@type\":\"WebPage\",\"@id\":\"https:\/\/legacy.colt.net\/de\/product\/on-demand-services\/\",\"url\":\"https:\/\/legacy.colt.net\/de\/product\/on-demand-services\/\",\"name\":\"On-Demand | Colt Technology Services | DE\",\"isPartOf\":{\"@id\":\"https:\/\/legacy.colt.net\/#website\"},\"primaryImageOfPage\":{\"@id\":\"https:\/\/legacy.colt.net\/de\/product\/on-demand-services\/#primaryimage\"},\"image\":{\"@id\":\"https:\/\/legacy.colt.net\/de\/product\/on-demand-services\/#primaryimage\"},\"thumbnailUrl\":\"https:\/\/legacy.colt.net\/de\/wp-content\/uploads\/sites\/8\/2017\/01\/On-Demand-Image_DE_v1-1024x376.png\",\"datePublished\":\"2018-11-13T12:12:50+00:00\",\"dateModified\":\"2019-08-06T16:06:03+00:00\",\"description\":\"Colt On Demand Services marque une v\u00e9ritable perc\u00e9e pour une connectivit\u00e9 flexible, \u00e9volutive et rentable entre les data centres, les fournisseurs de....\",\"breadcrumb\":{\"@id\":\"https:\/\/legacy.colt.net\/de\/product\/on-demand-services\/#breadcrumb\"},\"inLanguage\":\"de-DE\",\"potentialAction\":[{\"@type\":\"ReadAction\",\"target\":[\"https:\/\/legacy.colt.net\/de\/product\/on-demand-services\/\"]}]},{\"@type\":\"ImageObject\",\"inLanguage\":\"de-DE\",\"@id\":\"https:\/\/legacy.colt.net\/de\/product\/on-demand-services\/#primaryimage\",\"url\":\"https:\/\/legacy.colt.net\/de\/wp-content\/uploads\/sites\/8\/2017\/01\/On-Demand-Image_DE_v1-1024x376.png\",\"contentUrl\":\"https:\/\/legacy.colt.net\/de\/wp-content\/uploads\/sites\/8\/2017\/01\/On-Demand-Image_DE_v1-1024x376.png\"},{\"@type\":\"BreadcrumbList\",\"@id\":\"https:\/\/legacy.colt.net\/de\/product\/on-demand-services\/#breadcrumb\",\"itemListElement\":[{\"@type\":\"ListItem\",\"position\":1,\"name\":\"Home\",\"item\":\"https:\/\/legacy.colt.net\/de\/\"},{\"@type\":\"ListItem\",\"position\":2,\"name\":\"Produkte &#038; Netzwerkservice\",\"item\":\"https:\/\/legacy.colt.net\/de\/product\/\"},{\"@type\":\"ListItem\",\"position\":3,\"name\":\"On-Demand\"}]},{\"@type\":\"WebSite\",\"@id\":\"https:\/\/legacy.colt.net\/#website\",\"url\":\"https:\/\/legacy.colt.net\/\",\"name\":\"Colt\u30c6\u30af\u30ce\u30ed\u30b8\u30fc\u30b5\u30fc\u30d3\u30b9\u682a\u5f0f\u4f1a\u793e\",\"description\":\"Managed Network &amp; Voice Services Provider\",\"publisher\":{\"@id\":\"https:\/\/legacy.colt.net\/#organization\"},\"potentialAction\":[{\"@type\":\"SearchAction\",\"target\":{\"@type\":\"EntryPoint\",\"urlTemplate\":\"https:\/\/legacy.colt.net\/?s={search_term_string}\"},\"query-input\":{\"@type\":\"PropertyValueSpecification\",\"valueRequired\":true,\"valueName\":\"search_term_string\"}}],\"inLanguage\":\"de-DE\"},{\"@type\":\"Organization\",\"@id\":\"https:\/\/legacy.colt.net\/#organization\",\"name\":\"Colt Technology Services\",\"url\":\"https:\/\/legacy.colt.net\/\",\"logo\":{\"@type\":\"ImageObject\",\"inLanguage\":\"de-DE\",\"@id\":\"https:\/\/legacy.colt.net\/#\/schema\/logo\/image\/\",\"url\":\"https:\/\/legacy.colt.net\/wp-content\/uploads\/2019\/02\/Colt-Logo.png\",\"contentUrl\":\"https:\/\/legacy.colt.net\/wp-content\/uploads\/2019\/02\/Colt-Logo.png\",\"width\":195,\"height\":77,\"caption\":\"Colt Technology Services\"},\"image\":{\"@id\":\"https:\/\/legacy.colt.net\/#\/schema\/logo\/image\/\"},\"sameAs\":[\"https:\/\/www.facebook.com\/ColtTechnologyServices\/\",\"https:\/\/x.com\/colt_technology\",\"https:\/\/www.instagram.com\/colttechnologyservices\/\",\"https:\/\/www.linkedin.com\/company\/colt-technology-services\",\"https:\/\/www.youtube.com\/user\/ColtTechnology\"]}]}<\/script>\n<!-- \/ Yoast SEO plugin. -->","yoast_head_json":{"title":"On-Demand | Colt Technology Services | DE","description":"Colt On Demand Services marque une v\u00e9ritable perc\u00e9e pour une connectivit\u00e9 flexible, \u00e9volutive et rentable entre les data centres, les fournisseurs de....","robots":{"index":"noindex","follow":"follow","max-snippet":"max-snippet:-1","max-image-preview":"max-image-preview:large","max-video-preview":"max-video-preview:-1"},"og_locale":"de_DE","og_type":"article","og_title":"On-Demand | Colt Technology Services | DE","og_description":"Colt On Demand Services marque une v\u00e9ritable perc\u00e9e pour une connectivit\u00e9 flexible, \u00e9volutive et rentable entre les data centres, les fournisseurs de....","og_url":"https:\/\/legacy.colt.net\/de\/product\/on-demand-services\/","og_site_name":"Colt Technology Services","article_publisher":"https:\/\/www.facebook.com\/ColtTechnologyServices\/","article_modified_time":"2019-08-06T16:06:03+00:00","og_image":[{"width":1000,"height":667,"url":"https:\/\/legacy.colt.net\/wp-content\/uploads\/2021\/01\/Brand-2021-Stock-23.jpg","type":"image\/jpeg"}],"twitter_card":"summary_large_image","twitter_site":"@colt_technology","twitter_misc":{"Est. reading time":"1 minute"},"schema":{"@context":"https:\/\/schema.org","@graph":[{"@type":"WebPage","@id":"https:\/\/legacy.colt.net\/de\/product\/on-demand-services\/","url":"https:\/\/legacy.colt.net\/de\/product\/on-demand-services\/","name":"On-Demand | Colt Technology Services | DE","isPartOf":{"@id":"https:\/\/legacy.colt.net\/#website"},"primaryImageOfPage":{"@id":"https:\/\/legacy.colt.net\/de\/product\/on-demand-services\/#primaryimage"},"image":{"@id":"https:\/\/legacy.colt.net\/de\/product\/on-demand-services\/#primaryimage"},"thumbnailUrl":"https:\/\/legacy.colt.net\/de\/wp-content\/uploads\/sites\/8\/2017\/01\/On-Demand-Image_DE_v1-1024x376.png","datePublished":"2018-11-13T12:12:50+00:00","dateModified":"2019-08-06T16:06:03+00:00","description":"Colt On Demand Services marque une v\u00e9ritable perc\u00e9e pour une connectivit\u00e9 flexible, \u00e9volutive et rentable entre les data centres, les fournisseurs de....","breadcrumb":{"@id":"https:\/\/legacy.colt.net\/de\/product\/on-demand-services\/#breadcrumb"},"inLanguage":"de-DE","potentialAction":[{"@type":"ReadAction","target":["https:\/\/legacy.colt.net\/de\/product\/on-demand-services\/"]}]},{"@type":"ImageObject","inLanguage":"de-DE","@id":"https:\/\/legacy.colt.net\/de\/product\/on-demand-services\/#primaryimage","url":"https:\/\/legacy.colt.net\/de\/wp-content\/uploads\/sites\/8\/2017\/01\/On-Demand-Image_DE_v1-1024x376.png","contentUrl":"https:\/\/legacy.colt.net\/de\/wp-content\/uploads\/sites\/8\/2017\/01\/On-Demand-Image_DE_v1-1024x376.png"},{"@type":"BreadcrumbList","@id":"https:\/\/legacy.colt.net\/de\/product\/on-demand-services\/#breadcrumb","itemListElement":[{"@type":"ListItem","position":1,"name":"Home","item":"https:\/\/legacy.colt.net\/de\/"},{"@type":"ListItem","position":2,"name":"Produkte &#038; Netzwerkservice","item":"https:\/\/legacy.colt.net\/de\/product\/"},{"@type":"ListItem","position":3,"name":"On-Demand"}]},{"@type":"WebSite","@id":"https:\/\/legacy.colt.net\/#website","url":"https:\/\/legacy.colt.net\/","name":"Colt\u30c6\u30af\u30ce\u30ed\u30b8\u30fc\u30b5\u30fc\u30d3\u30b9\u682a\u5f0f\u4f1a\u793e","description":"Managed Network &amp; Voice Services Provider","publisher":{"@id":"https:\/\/legacy.colt.net\/#organization"},"potentialAction":[{"@type":"SearchAction","target":{"@type":"EntryPoint","urlTemplate":"https:\/\/legacy.colt.net\/?s={search_term_string}"},"query-input":{"@type":"PropertyValueSpecification","valueRequired":true,"valueName":"search_term_string"}}],"inLanguage":"de-DE"},{"@type":"Organization","@id":"https:\/\/legacy.colt.net\/#organization","name":"Colt Technology Services","url":"https:\/\/legacy.colt.net\/","logo":{"@type":"ImageObject","inLanguage":"de-DE","@id":"https:\/\/legacy.colt.net\/#\/schema\/logo\/image\/","url":"https:\/\/legacy.colt.net\/wp-content\/uploads\/2019\/02\/Colt-Logo.png","contentUrl":"https:\/\/legacy.colt.net\/wp-content\/uploads\/2019\/02\/Colt-Logo.png","width":195,"height":77,"caption":"Colt Technology Services"},"image":{"@id":"https:\/\/legacy.colt.net\/#\/schema\/logo\/image\/"},"sameAs":["https:\/\/www.facebook.com\/ColtTechnologyServices\/","https:\/\/x.com\/colt_technology","https:\/\/www.instagram.com\/colttechnologyservices\/","https:\/\/www.linkedin.com\/company\/colt-technology-services","https:\/\/www.youtube.com\/user\/ColtTechnology"]}]}},"_links":{"self":[{"href":"https:\/\/legacy.colt.net\/de\/wp-json\/wp\/v2\/pages\/37844","targetHints":{"allow":["GET"]}}],"collection":[{"href":"https:\/\/legacy.colt.net\/de\/wp-json\/wp\/v2\/pages"}],"about":[{"href":"https:\/\/legacy.colt.net\/de\/wp-json\/wp\/v2\/types\/page"}],"author":[{"embeddable":true,"href":"https:\/\/legacy.colt.net\/de\/wp-json\/wp\/v2\/users\/143"}],"replies":[{"embeddable":true,"href":"https:\/\/legacy.colt.net\/de\/wp-json\/wp\/v2\/comments?post=37844"}],"version-history":[{"count":0,"href":"https:\/\/legacy.colt.net\/de\/wp-json\/wp\/v2\/pages\/37844\/revisions"}],"up":[{"embeddable":true,"href":"https:\/\/legacy.colt.net\/de\/wp-json\/wp\/v2\/pages\/35897"}],"wp:attachment":[{"href":"https:\/\/legacy.colt.net\/de\/wp-json\/wp\/v2\/media?parent=37844"}],"wp:term":[{"taxonomy":"colt_type","embeddable":true,"href":"https:\/\/legacy.colt.net\/de\/wp-json\/wp\/v2\/colt_type?post=37844"},{"taxonomy":"colt_products","embeddable":true,"href":"https:\/\/legacy.colt.net\/de\/wp-json\/wp\/v2\/colt_products?post=37844"}],"curies":[{"name":"wp","href":"https:\/\/api.w.org\/{rel}","templated":true}]}}