{"id":37774,"date":"2018-11-12T17:03:31","date_gmt":"2018-11-12T17:03:31","guid":{"rendered":"https:\/\/www.colt.net\/product\/in-over-carrier-voip\/"},"modified":"2022-02-25T14:54:48","modified_gmt":"2022-02-25T14:54:48","slug":"in-over-carrier-voip","status":"publish","type":"page","link":"https:\/\/legacy.colt.net\/de\/product\/in-over-carrier-voip\/","title":{"rendered":"IN over Carrier VoIP"},"content":{"rendered":"<p><iframe loading=\"lazy\" src=\"https:\/\/www.youtube.com\/embed\/y6MVhdSoA3A?rel=0\" width=\"844\" height=\"475\" frameborder=\"0\" allowfullscreen=\"allowfullscreen\"><span data-mce-type=\"bookmark\" style=\"display: inline-block; width: 0px; overflow: hidden; line-height: 0;\" class=\"mce_SELRES_start\">\ufeff<\/span><span data-mce-type=\"bookmark\" style=\"display: inline-block; width: 0px; overflow: hidden; line-height: 0;\" class=\"mce_SELRES_start\"><span data-mce-type=\"bookmark\" style=\"display: inline-block; width: 0px; overflow: hidden; line-height: 0;\" class=\"mce_SELRES_start\">\ufeff<\/span>\ufeff<\/span><span data-mce-type=\"bookmark\" style=\"display: inline-block; width: 0px; overflow: hidden; line-height: 0;\" class=\"mce_SELRES_start\">\ufeff<\/span><\/iframe><\/p>\n<p class=\"intro\">Colt IN over Carrier-VoIP ist die L\u00f6sung f\u00fcr alle Provider, die Einwahlrufnummern f\u00fcr ihre Call-Center und Conferencing-Services in Europa brauchen.<\/p>\n<h3><strong>Einfach und elegant<\/strong><\/h3>\n<p>Wickeln Sie den gesamten Inbound-Verkehr in Ihrem intelligentem Netz (IN) mit nur einem SIP-Interconnect f\u00fcr ganz Europa ab.<\/p>\n<p>Wir sammeln Ihre IN-Calls und liefern sie \u00fcber unser pr\u00e4miertes Netz in Carrier-Qualit\u00e4t an Ihre VoIP-Plattform \u2013 und zwar kosteng\u00fcnstig, vorschriftskonform und skalierbar.<\/p>\n<h3><strong>L\u00f6sungen nach Ma\u00df<\/strong><\/h3>\n<p>Unser IN-Service-Portfolio umfasst geb\u00fchrenfreie Rufnummern, Rufnummern mit Geb\u00fchrenteilung, Premium-Rate-Rufnummern und geographische Rufnummern in 13 europ\u00e4ischen L\u00e4ndern.<\/p>\n<p>W\u00e4hlen Sie den passenden SIP-Interconnect \u2013 Ethernet, IP-VPN mit garantierter Dienstg\u00fcte oder das \u00f6ffentliche Internet.<\/p>\n<p>Sie erhalten zweimal t\u00e4glich unbepreiste CDR zur Abrechnung mit Ihren Kunden.<\/p>\n<h3><strong>Einfach und vorschriftskonform<\/strong><\/h3>\n<p>Konzentrieren Sie sich auf Ihr Tagesgesch\u00e4ft. Sparen Sie sich den Aufwand f\u00fcr Vertr\u00e4ge mit mehreren nationalen Netzbetreibern und die Entwicklung lokaler Prozesse und profitieren Sie von einem europaweiten Konzept.<\/p>\n<p>Mit \u00fcber zwanzig Jahren Erfahrung in Sachen Compliance und einem pr\u00e4mierten Netz ist Colt Partner der Wahl in Europa bei IN-Rufnummern.<\/p>\n","protected":false},"excerpt":{"rendered":"<p>\ufeff\ufeff\ufeff\ufeff Colt IN over Carrier-VoIP ist die L\u00f6sung f\u00fcr alle Provider, die Einwahlrufnummern f\u00fcr ihre Call-Center und Conferencing-Services in Europa brauchen. Einfach und elegant Wickeln Sie den gesamten Inbound-Verkehr in Ihrem intelligentem Netz (IN) mit nur einem SIP-Interconnect f\u00fcr ganz Europa ab. Wir sammeln Ihre IN-Calls und liefern sie \u00fcber unser pr\u00e4miertes Netz in Carrier-Qualit\u00e4t&#8230;<\/p>\n","protected":false},"author":143,"featured_media":0,"parent":35897,"menu_order":0,"comment_status":"closed","ping_status":"closed","template":"page-templates\/template-product.php","meta":{"_acf_changed":false,"footnotes":""},"colt_type":[],"colt_products":[1526],"class_list":["post-37774","page","type-page","status-publish","hentry","colt_products-voice-and-collaboration-de"],"acf":[],"yoast_head":"<!-- This site is optimized with the Yoast SEO plugin v26.8 - https:\/\/yoast.com\/product\/yoast-seo-wordpress\/ -->\n<title>IN over Carrier VoIP | Colt Technology Services | DE<\/title>\n<meta name=\"description\" content=\"Unsere \u201eIN over Carrier\u201c-VoIP-L\u00f6sung erm\u00f6glicht eine skalierbare, kosteng\u00fcnstige Terminierung des Netzwerkverkehrs auf Ihrer VoIP-Plattform.\" \/>\n<meta name=\"robots\" content=\"noindex, follow, max-snippet:-1, max-image-preview:large, max-video-preview:-1\" \/>\n<meta property=\"og:locale\" content=\"de_DE\" \/>\n<meta property=\"og:type\" content=\"article\" \/>\n<meta property=\"og:title\" content=\"IN over Carrier VoIP | Colt Technology Services | DE\" \/>\n<meta property=\"og:description\" content=\"Unsere \u201eIN over Carrier\u201c-VoIP-L\u00f6sung erm\u00f6glicht eine skalierbare, kosteng\u00fcnstige Terminierung des Netzwerkverkehrs auf Ihrer VoIP-Plattform.\" \/>\n<meta property=\"og:url\" content=\"https:\/\/legacy.colt.net\/de\/product\/in-over-carrier-voip\/\" \/>\n<meta property=\"og:site_name\" content=\"Colt Technology Services\" \/>\n<meta property=\"article:publisher\" content=\"https:\/\/www.facebook.com\/ColtTechnologyServices\/\" \/>\n<meta property=\"article:modified_time\" content=\"2022-02-25T14:54:48+00:00\" \/>\n<meta name=\"twitter:card\" content=\"summary_large_image\" \/>\n<meta name=\"twitter:site\" content=\"@colt_technology\" \/>\n<meta name=\"twitter:label1\" content=\"Est. reading time\" \/>\n\t<meta name=\"twitter:data1\" content=\"1 minute\" \/>\n<script type=\"application\/ld+json\" class=\"yoast-schema-graph\">{\"@context\":\"https:\/\/schema.org\",\"@graph\":[{\"@type\":\"WebPage\",\"@id\":\"https:\/\/legacy.colt.net\/de\/product\/in-over-carrier-voip\/\",\"url\":\"https:\/\/legacy.colt.net\/de\/product\/in-over-carrier-voip\/\",\"name\":\"IN over Carrier VoIP | Colt Technology Services | DE\",\"isPartOf\":{\"@id\":\"https:\/\/legacy.colt.net\/#website\"},\"datePublished\":\"2018-11-12T17:03:31+00:00\",\"dateModified\":\"2022-02-25T14:54:48+00:00\",\"description\":\"Unsere \u201eIN over Carrier\u201c-VoIP-L\u00f6sung erm\u00f6glicht eine skalierbare, kosteng\u00fcnstige Terminierung des Netzwerkverkehrs auf Ihrer VoIP-Plattform.\",\"breadcrumb\":{\"@id\":\"https:\/\/legacy.colt.net\/de\/product\/in-over-carrier-voip\/#breadcrumb\"},\"inLanguage\":\"de-DE\",\"potentialAction\":[{\"@type\":\"ReadAction\",\"target\":[\"https:\/\/legacy.colt.net\/de\/product\/in-over-carrier-voip\/\"]}]},{\"@type\":\"BreadcrumbList\",\"@id\":\"https:\/\/legacy.colt.net\/de\/product\/in-over-carrier-voip\/#breadcrumb\",\"itemListElement\":[{\"@type\":\"ListItem\",\"position\":1,\"name\":\"Home\",\"item\":\"https:\/\/legacy.colt.net\/de\/\"},{\"@type\":\"ListItem\",\"position\":2,\"name\":\"Produkte &#038; Netzwerkservice\",\"item\":\"https:\/\/legacy.colt.net\/de\/product\/\"},{\"@type\":\"ListItem\",\"position\":3,\"name\":\"IN over Carrier VoIP\"}]},{\"@type\":\"WebSite\",\"@id\":\"https:\/\/legacy.colt.net\/#website\",\"url\":\"https:\/\/legacy.colt.net\/\",\"name\":\"Colt\u30c6\u30af\u30ce\u30ed\u30b8\u30fc\u30b5\u30fc\u30d3\u30b9\u682a\u5f0f\u4f1a\u793e\",\"description\":\"Managed Network &amp; Voice Services Provider\",\"publisher\":{\"@id\":\"https:\/\/legacy.colt.net\/#organization\"},\"potentialAction\":[{\"@type\":\"SearchAction\",\"target\":{\"@type\":\"EntryPoint\",\"urlTemplate\":\"https:\/\/legacy.colt.net\/?s={search_term_string}\"},\"query-input\":{\"@type\":\"PropertyValueSpecification\",\"valueRequired\":true,\"valueName\":\"search_term_string\"}}],\"inLanguage\":\"de-DE\"},{\"@type\":\"Organization\",\"@id\":\"https:\/\/legacy.colt.net\/#organization\",\"name\":\"Colt Technology Services\",\"url\":\"https:\/\/legacy.colt.net\/\",\"logo\":{\"@type\":\"ImageObject\",\"inLanguage\":\"de-DE\",\"@id\":\"https:\/\/legacy.colt.net\/#\/schema\/logo\/image\/\",\"url\":\"https:\/\/legacy.colt.net\/wp-content\/uploads\/2019\/02\/Colt-Logo.png\",\"contentUrl\":\"https:\/\/legacy.colt.net\/wp-content\/uploads\/2019\/02\/Colt-Logo.png\",\"width\":195,\"height\":77,\"caption\":\"Colt Technology Services\"},\"image\":{\"@id\":\"https:\/\/legacy.colt.net\/#\/schema\/logo\/image\/\"},\"sameAs\":[\"https:\/\/www.facebook.com\/ColtTechnologyServices\/\",\"https:\/\/x.com\/colt_technology\",\"https:\/\/www.instagram.com\/colttechnologyservices\/\",\"https:\/\/www.linkedin.com\/company\/colt-technology-services\",\"https:\/\/www.youtube.com\/user\/ColtTechnology\"]}]}<\/script>\n<!-- \/ Yoast SEO plugin. -->","yoast_head_json":{"title":"IN over Carrier VoIP | Colt Technology Services | DE","description":"Unsere \u201eIN over Carrier\u201c-VoIP-L\u00f6sung erm\u00f6glicht eine skalierbare, kosteng\u00fcnstige Terminierung des Netzwerkverkehrs auf Ihrer VoIP-Plattform.","robots":{"index":"noindex","follow":"follow","max-snippet":"max-snippet:-1","max-image-preview":"max-image-preview:large","max-video-preview":"max-video-preview:-1"},"og_locale":"de_DE","og_type":"article","og_title":"IN over Carrier VoIP | Colt Technology Services | DE","og_description":"Unsere \u201eIN over Carrier\u201c-VoIP-L\u00f6sung erm\u00f6glicht eine skalierbare, kosteng\u00fcnstige Terminierung des Netzwerkverkehrs auf Ihrer VoIP-Plattform.","og_url":"https:\/\/legacy.colt.net\/de\/product\/in-over-carrier-voip\/","og_site_name":"Colt Technology Services","article_publisher":"https:\/\/www.facebook.com\/ColtTechnologyServices\/","article_modified_time":"2022-02-25T14:54:48+00:00","twitter_card":"summary_large_image","twitter_site":"@colt_technology","twitter_misc":{"Est. reading time":"1 minute"},"schema":{"@context":"https:\/\/schema.org","@graph":[{"@type":"WebPage","@id":"https:\/\/legacy.colt.net\/de\/product\/in-over-carrier-voip\/","url":"https:\/\/legacy.colt.net\/de\/product\/in-over-carrier-voip\/","name":"IN over Carrier VoIP | Colt Technology Services | DE","isPartOf":{"@id":"https:\/\/legacy.colt.net\/#website"},"datePublished":"2018-11-12T17:03:31+00:00","dateModified":"2022-02-25T14:54:48+00:00","description":"Unsere \u201eIN over Carrier\u201c-VoIP-L\u00f6sung erm\u00f6glicht eine skalierbare, kosteng\u00fcnstige Terminierung des Netzwerkverkehrs auf Ihrer VoIP-Plattform.","breadcrumb":{"@id":"https:\/\/legacy.colt.net\/de\/product\/in-over-carrier-voip\/#breadcrumb"},"inLanguage":"de-DE","potentialAction":[{"@type":"ReadAction","target":["https:\/\/legacy.colt.net\/de\/product\/in-over-carrier-voip\/"]}]},{"@type":"BreadcrumbList","@id":"https:\/\/legacy.colt.net\/de\/product\/in-over-carrier-voip\/#breadcrumb","itemListElement":[{"@type":"ListItem","position":1,"name":"Home","item":"https:\/\/legacy.colt.net\/de\/"},{"@type":"ListItem","position":2,"name":"Produkte &#038; Netzwerkservice","item":"https:\/\/legacy.colt.net\/de\/product\/"},{"@type":"ListItem","position":3,"name":"IN over Carrier VoIP"}]},{"@type":"WebSite","@id":"https:\/\/legacy.colt.net\/#website","url":"https:\/\/legacy.colt.net\/","name":"Colt\u30c6\u30af\u30ce\u30ed\u30b8\u30fc\u30b5\u30fc\u30d3\u30b9\u682a\u5f0f\u4f1a\u793e","description":"Managed Network &amp; Voice Services Provider","publisher":{"@id":"https:\/\/legacy.colt.net\/#organization"},"potentialAction":[{"@type":"SearchAction","target":{"@type":"EntryPoint","urlTemplate":"https:\/\/legacy.colt.net\/?s={search_term_string}"},"query-input":{"@type":"PropertyValueSpecification","valueRequired":true,"valueName":"search_term_string"}}],"inLanguage":"de-DE"},{"@type":"Organization","@id":"https:\/\/legacy.colt.net\/#organization","name":"Colt Technology Services","url":"https:\/\/legacy.colt.net\/","logo":{"@type":"ImageObject","inLanguage":"de-DE","@id":"https:\/\/legacy.colt.net\/#\/schema\/logo\/image\/","url":"https:\/\/legacy.colt.net\/wp-content\/uploads\/2019\/02\/Colt-Logo.png","contentUrl":"https:\/\/legacy.colt.net\/wp-content\/uploads\/2019\/02\/Colt-Logo.png","width":195,"height":77,"caption":"Colt Technology Services"},"image":{"@id":"https:\/\/legacy.colt.net\/#\/schema\/logo\/image\/"},"sameAs":["https:\/\/www.facebook.com\/ColtTechnologyServices\/","https:\/\/x.com\/colt_technology","https:\/\/www.instagram.com\/colttechnologyservices\/","https:\/\/www.linkedin.com\/company\/colt-technology-services","https:\/\/www.youtube.com\/user\/ColtTechnology"]}]}},"_links":{"self":[{"href":"https:\/\/legacy.colt.net\/de\/wp-json\/wp\/v2\/pages\/37774","targetHints":{"allow":["GET"]}}],"collection":[{"href":"https:\/\/legacy.colt.net\/de\/wp-json\/wp\/v2\/pages"}],"about":[{"href":"https:\/\/legacy.colt.net\/de\/wp-json\/wp\/v2\/types\/page"}],"author":[{"embeddable":true,"href":"https:\/\/legacy.colt.net\/de\/wp-json\/wp\/v2\/users\/143"}],"replies":[{"embeddable":true,"href":"https:\/\/legacy.colt.net\/de\/wp-json\/wp\/v2\/comments?post=37774"}],"version-history":[{"count":0,"href":"https:\/\/legacy.colt.net\/de\/wp-json\/wp\/v2\/pages\/37774\/revisions"}],"up":[{"embeddable":true,"href":"https:\/\/legacy.colt.net\/de\/wp-json\/wp\/v2\/pages\/35897"}],"wp:attachment":[{"href":"https:\/\/legacy.colt.net\/de\/wp-json\/wp\/v2\/media?parent=37774"}],"wp:term":[{"taxonomy":"colt_type","embeddable":true,"href":"https:\/\/legacy.colt.net\/de\/wp-json\/wp\/v2\/colt_type?post=37774"},{"taxonomy":"colt_products","embeddable":true,"href":"https:\/\/legacy.colt.net\/de\/wp-json\/wp\/v2\/colt_products?post=37774"}],"curies":[{"name":"wp","href":"https:\/\/api.w.org\/{rel}","templated":true}]}}