{"id":37765,"date":"2018-11-12T16:57:58","date_gmt":"2018-11-12T16:57:58","guid":{"rendered":"https:\/\/www.colt.net\/product\/number-hosting\/"},"modified":"2024-12-14T14:31:59","modified_gmt":"2024-12-14T14:31:59","slug":"number-hosting","status":"publish","type":"page","link":"https:\/\/legacy.colt.net\/de\/product\/number-hosting\/","title":{"rendered":"Number Hosting"},"content":{"rendered":"\n\n\t<p>Service Provider Solutions<\/p>\n\t<p><strong>Number Hosting<\/strong><\/p>\n\t<iframe loading=\"lazy\" width=\"560\" height=\"315\" src=\"https:\/\/www.youtube.com\/embed\/ISgyIibKpJU\" frameborder=\"0\" allow=\"accelerometer; autoplay; encrypted-media; gyroscope; picture-in-picture\" allowfullscreen><\/iframe>\n\t<p>Colt Number Hosting &#8211; VoIP reseller services enables you to build and sell your own VoIP services under your own brand with minimum effort and low risk &#8211; with full regulatory compliance.<\/p>\n<p>Our wholesale VoIP reseller services provides a unique combination of our technical, process and regulatory expertise &#8211; supporting a quick market entry as you ramp up your business in a flexible and scalable way.<\/p>\n<h3>Develop your business with ease<\/h3>\n<p>Our VoIP reseller services provide a standardised Pan-European solution &#8211; a high quality voice service based on single SIP interconnect and sophisticated number management.<\/p>\n<p>Our B2B interface Cocom supports your high-volume number management transactions in a fully automated way, including real-time number reservations, number activations within 2 hours and number porting requests.<\/p>\n<h3>Keep it simple and regulatory compliant<\/h3>\n<p>Stay focused on your business. Avoid complexity of contracting with multiple national operators and investing in local processes &#8211; with a unique, pan-European customer experience.<\/p>\n<p>With over 20 years of in-country experience, you can rely on Colt to handle local regulation such as number porting, emergency call services, lawful interception and directory services.<\/p>\n<h3>Keep control of your business<\/h3>\n<p>Manage all your geographic numbers in all your target countries with our unique B2B interface Cocom, with the same login and same customer experience. Depending on your business model you can use our web portal or our API for flexible integration into your back-end systems.<\/p>\n<p>Bill your end-customers in a flexible way with our twice daily standardised unrated CDRs.<\/p>\n<p>Track your voice and data KPIs such as call statistics and network performance with our online VoIP reporting.<\/p>\n<p>&nbsp;<\/p>\n<h4>Learn more<\/h4>\nWant to learn more about our\u00a0<a href=\"https:\/\/legacy.colt.net\/service-provider-solutions\/\">service provider solutions for wholesale voice services<\/a>?<br \/>\nCheck out the rest of our products below.\n<a href=\"https:\/\/legacy.colt.net\/product\/white-label-solutions\/\">White Label VoIP Services<\/a><br \/>\nWith Colt, you can grow your business by offering more products, more rapidly, with only limited investment.\n<a href=\"https:\/\/legacy.colt.net\/product\/in-over-carrier-voip\/\">IN over Carrier VoIP &#8211; Wholesale VoIP Services<\/a><br \/>\nColt&#8217;s IN over Carrier VoIP Services are the perfect fit for Service Providers in need of dial-in numbers for their call centres and conferencing services within Europe.\n\t<p>Live chat with Sales<\/p>\n<p>For all your purchase enquiries.<\/p>\n<p><strong>Monday to Friday 9am &#8211; 5pm<\/strong><\/p>\n\t\t\t<a href=\"\" target=\"_self\" rel=\"noopener\">\n\t\t\t\t\t\t\tChat with us\n\t\t\t<\/a>\n\t<p>Contact us about Number Hosting:<\/p>\n\tINSERT HUBSPOT EMBED CODE HERE\n\t<p>Call a specialist<\/p>\n<p><strong>+44 (0) 20 7863 5510<\/strong><\/p>\n<p><strong>Monday to Friday 9am &#8211; 5pm<\/strong><\/p>\n\t<p>Case Study<\/p>\n\t\t\t\t<img loading=\"lazy\" decoding=\"async\" src=\"https:\/\/legacy.colt.net\/wp-content\/uploads\/2018\/10\/unext-logo-720x450.png\" alt=\"unext-logo-720x450\" itemprop=\"image\" height=\"450\" width=\"720\" title=\"unext-logo-720x450\" onerror=\"this.style.display='none'\"  \/>\n\t<p>U-NEXT Corporation<\/p>\n<p>U-NEXT selects Colt Wave as its low-latency, high-bandwidth data transfer solution for high-volume digital entertainment libraries&#8230;<\/p>\n\t<p>Related Product<\/p>\n\t\t\t\t<img loading=\"lazy\" decoding=\"async\" src=\"https:\/\/legacy.colt.net\/wp-content\/uploads\/2018\/10\/Spectrum.jpg\" alt=\"Spectrum\" itemprop=\"image\" height=\"450\" width=\"720\" title=\"Spectrum\" onerror=\"this.style.display='none'\"  \/>\n\t<p>Spectrum<\/p>\n<p>Providing ultra-high bandwidth connectivity, Colt Spectrum enables you to leverage your own investments in DWDM equipment, whilst benefiting from Colt&#8217;s extensive optical network reach and connectivity.<\/p>\n\t<p>Blog<\/p>\n\t\t\t\t<img loading=\"lazy\" decoding=\"async\" src=\"https:\/\/legacy.colt.net\/wp-content\/uploads\/2018\/10\/optical.jpg\" alt=\"optical\" itemprop=\"image\" height=\"450\" width=\"720\" title=\"optical\" onerror=\"this.style.display='none'\"  \/>\n\t<p>Digital transformation is more than raw bandwidth<\/p>\n<p>There&#8217;s no shortage of statistics acknowledging the scale of the challenge posed by global consumption of data, and they are all pretty daunting.<\/p>\n\n","protected":false},"excerpt":{"rendered":"<p>Service Provider Solutions Number Hosting Colt Number Hosting &#8211; VoIP reseller services enables you to build and sell your own VoIP services under your own brand with minimum effort and low risk &#8211; with full regulatory compliance. Our wholesale VoIP reseller services provides a unique combination of our technical, process and regulatory expertise &#8211; supporting&#8230;<\/p>\n","protected":false},"author":143,"featured_media":0,"parent":35897,"menu_order":0,"comment_status":"closed","ping_status":"closed","template":"page-templates\/template-product.php","meta":{"_acf_changed":false,"footnotes":""},"colt_type":[],"colt_products":[1526],"class_list":["post-37765","page","type-page","status-publish","hentry","colt_products-voice-and-collaboration-de"],"acf":[],"yoast_head":"<!-- This site is optimized with the Yoast SEO plugin v26.8 - https:\/\/yoast.com\/product\/yoast-seo-wordpress\/ -->\n<title>Number Hosting | Colt Technology Services | DE<\/title>\n<meta name=\"description\" content=\"Das Number Hosting von Colt erm\u00f6glicht Ihnen den Aufbau von VoIP-Services oder deren Integration in Ihre UC \/ Cloud-L\u00f6sungen \u00fcber mehrere L\u00e4nder.\" \/>\n<meta name=\"robots\" content=\"noindex, follow, max-snippet:-1, max-image-preview:large, max-video-preview:-1\" \/>\n<meta property=\"og:locale\" content=\"de_DE\" \/>\n<meta property=\"og:type\" content=\"article\" \/>\n<meta property=\"og:title\" content=\"Number Hosting | Colt Technology Services | DE\" \/>\n<meta property=\"og:description\" content=\"Das Number Hosting von Colt erm\u00f6glicht Ihnen den Aufbau von VoIP-Services oder deren Integration in Ihre UC \/ Cloud-L\u00f6sungen \u00fcber mehrere L\u00e4nder.\" \/>\n<meta property=\"og:url\" content=\"https:\/\/legacy.colt.net\/de\/product\/number-hosting\/\" \/>\n<meta property=\"og:site_name\" content=\"Colt Technology Services\" \/>\n<meta property=\"article:publisher\" content=\"https:\/\/www.facebook.com\/ColtTechnologyServices\/\" \/>\n<meta property=\"article:modified_time\" content=\"2024-12-14T14:31:59+00:00\" \/>\n<meta property=\"og:image\" content=\"https:\/\/legacy.colt.net\/wp-content\/uploads\/2021\/01\/Brand-2021-Stock-31.jpg\" \/>\n\t<meta property=\"og:image:width\" content=\"1000\" \/>\n\t<meta property=\"og:image:height\" content=\"667\" \/>\n\t<meta property=\"og:image:type\" content=\"image\/jpeg\" \/>\n<meta name=\"twitter:card\" content=\"summary_large_image\" \/>\n<meta name=\"twitter:site\" content=\"@colt_technology\" \/>\n<script type=\"application\/ld+json\" class=\"yoast-schema-graph\">{\"@context\":\"https:\/\/schema.org\",\"@graph\":[{\"@type\":\"WebPage\",\"@id\":\"https:\/\/legacy.colt.net\/de\/product\/number-hosting\/\",\"url\":\"https:\/\/legacy.colt.net\/de\/product\/number-hosting\/\",\"name\":\"Number Hosting | Colt Technology Services | DE\",\"isPartOf\":{\"@id\":\"https:\/\/legacy.colt.net\/#website\"},\"primaryImageOfPage\":{\"@id\":\"https:\/\/legacy.colt.net\/de\/product\/number-hosting\/#primaryimage\"},\"image\":{\"@id\":\"https:\/\/legacy.colt.net\/de\/product\/number-hosting\/#primaryimage\"},\"thumbnailUrl\":\"https:\/\/legacy.colt.net\/wp-content\/uploads\/2018\/10\/unext-logo-720x450.png\",\"datePublished\":\"2018-11-12T16:57:58+00:00\",\"dateModified\":\"2024-12-14T14:31:59+00:00\",\"description\":\"Das Number Hosting von Colt erm\u00f6glicht Ihnen den Aufbau von VoIP-Services oder deren Integration in Ihre UC \/ Cloud-L\u00f6sungen \u00fcber mehrere L\u00e4nder.\",\"breadcrumb\":{\"@id\":\"https:\/\/legacy.colt.net\/de\/product\/number-hosting\/#breadcrumb\"},\"inLanguage\":\"de-DE\",\"potentialAction\":[{\"@type\":\"ReadAction\",\"target\":[\"https:\/\/legacy.colt.net\/de\/product\/number-hosting\/\"]}]},{\"@type\":\"ImageObject\",\"inLanguage\":\"de-DE\",\"@id\":\"https:\/\/legacy.colt.net\/de\/product\/number-hosting\/#primaryimage\",\"url\":\"https:\/\/legacy.colt.net\/wp-content\/uploads\/2018\/10\/unext-logo-720x450.png\",\"contentUrl\":\"https:\/\/legacy.colt.net\/wp-content\/uploads\/2018\/10\/unext-logo-720x450.png\"},{\"@type\":\"BreadcrumbList\",\"@id\":\"https:\/\/legacy.colt.net\/de\/product\/number-hosting\/#breadcrumb\",\"itemListElement\":[{\"@type\":\"ListItem\",\"position\":1,\"name\":\"Home\",\"item\":\"https:\/\/legacy.colt.net\/de\/\"},{\"@type\":\"ListItem\",\"position\":2,\"name\":\"Produkte &#038; Netzwerkservice\",\"item\":\"https:\/\/legacy.colt.net\/de\/product\/\"},{\"@type\":\"ListItem\",\"position\":3,\"name\":\"Number Hosting\"}]},{\"@type\":\"WebSite\",\"@id\":\"https:\/\/legacy.colt.net\/#website\",\"url\":\"https:\/\/legacy.colt.net\/\",\"name\":\"Colt\u30c6\u30af\u30ce\u30ed\u30b8\u30fc\u30b5\u30fc\u30d3\u30b9\u682a\u5f0f\u4f1a\u793e\",\"description\":\"Managed Network &amp; Voice Services Provider\",\"publisher\":{\"@id\":\"https:\/\/legacy.colt.net\/#organization\"},\"potentialAction\":[{\"@type\":\"SearchAction\",\"target\":{\"@type\":\"EntryPoint\",\"urlTemplate\":\"https:\/\/legacy.colt.net\/?s={search_term_string}\"},\"query-input\":{\"@type\":\"PropertyValueSpecification\",\"valueRequired\":true,\"valueName\":\"search_term_string\"}}],\"inLanguage\":\"de-DE\"},{\"@type\":\"Organization\",\"@id\":\"https:\/\/legacy.colt.net\/#organization\",\"name\":\"Colt Technology Services\",\"url\":\"https:\/\/legacy.colt.net\/\",\"logo\":{\"@type\":\"ImageObject\",\"inLanguage\":\"de-DE\",\"@id\":\"https:\/\/legacy.colt.net\/#\/schema\/logo\/image\/\",\"url\":\"https:\/\/legacy.colt.net\/wp-content\/uploads\/2019\/02\/Colt-Logo.png\",\"contentUrl\":\"https:\/\/legacy.colt.net\/wp-content\/uploads\/2019\/02\/Colt-Logo.png\",\"width\":195,\"height\":77,\"caption\":\"Colt Technology Services\"},\"image\":{\"@id\":\"https:\/\/legacy.colt.net\/#\/schema\/logo\/image\/\"},\"sameAs\":[\"https:\/\/www.facebook.com\/ColtTechnologyServices\/\",\"https:\/\/x.com\/colt_technology\",\"https:\/\/www.instagram.com\/colttechnologyservices\/\",\"https:\/\/www.linkedin.com\/company\/colt-technology-services\",\"https:\/\/www.youtube.com\/user\/ColtTechnology\"]}]}<\/script>\n<!-- \/ Yoast SEO plugin. -->","yoast_head_json":{"title":"Number Hosting | Colt Technology Services | DE","description":"Das Number Hosting von Colt erm\u00f6glicht Ihnen den Aufbau von VoIP-Services oder deren Integration in Ihre UC \/ Cloud-L\u00f6sungen \u00fcber mehrere L\u00e4nder.","robots":{"index":"noindex","follow":"follow","max-snippet":"max-snippet:-1","max-image-preview":"max-image-preview:large","max-video-preview":"max-video-preview:-1"},"og_locale":"de_DE","og_type":"article","og_title":"Number Hosting | Colt Technology Services | DE","og_description":"Das Number Hosting von Colt erm\u00f6glicht Ihnen den Aufbau von VoIP-Services oder deren Integration in Ihre UC \/ Cloud-L\u00f6sungen \u00fcber mehrere L\u00e4nder.","og_url":"https:\/\/legacy.colt.net\/de\/product\/number-hosting\/","og_site_name":"Colt Technology Services","article_publisher":"https:\/\/www.facebook.com\/ColtTechnologyServices\/","article_modified_time":"2024-12-14T14:31:59+00:00","og_image":[{"width":1000,"height":667,"url":"https:\/\/legacy.colt.net\/wp-content\/uploads\/2021\/01\/Brand-2021-Stock-31.jpg","type":"image\/jpeg"}],"twitter_card":"summary_large_image","twitter_site":"@colt_technology","schema":{"@context":"https:\/\/schema.org","@graph":[{"@type":"WebPage","@id":"https:\/\/legacy.colt.net\/de\/product\/number-hosting\/","url":"https:\/\/legacy.colt.net\/de\/product\/number-hosting\/","name":"Number Hosting | Colt Technology Services | DE","isPartOf":{"@id":"https:\/\/legacy.colt.net\/#website"},"primaryImageOfPage":{"@id":"https:\/\/legacy.colt.net\/de\/product\/number-hosting\/#primaryimage"},"image":{"@id":"https:\/\/legacy.colt.net\/de\/product\/number-hosting\/#primaryimage"},"thumbnailUrl":"https:\/\/legacy.colt.net\/wp-content\/uploads\/2018\/10\/unext-logo-720x450.png","datePublished":"2018-11-12T16:57:58+00:00","dateModified":"2024-12-14T14:31:59+00:00","description":"Das Number Hosting von Colt erm\u00f6glicht Ihnen den Aufbau von VoIP-Services oder deren Integration in Ihre UC \/ Cloud-L\u00f6sungen \u00fcber mehrere L\u00e4nder.","breadcrumb":{"@id":"https:\/\/legacy.colt.net\/de\/product\/number-hosting\/#breadcrumb"},"inLanguage":"de-DE","potentialAction":[{"@type":"ReadAction","target":["https:\/\/legacy.colt.net\/de\/product\/number-hosting\/"]}]},{"@type":"ImageObject","inLanguage":"de-DE","@id":"https:\/\/legacy.colt.net\/de\/product\/number-hosting\/#primaryimage","url":"https:\/\/legacy.colt.net\/wp-content\/uploads\/2018\/10\/unext-logo-720x450.png","contentUrl":"https:\/\/legacy.colt.net\/wp-content\/uploads\/2018\/10\/unext-logo-720x450.png"},{"@type":"BreadcrumbList","@id":"https:\/\/legacy.colt.net\/de\/product\/number-hosting\/#breadcrumb","itemListElement":[{"@type":"ListItem","position":1,"name":"Home","item":"https:\/\/legacy.colt.net\/de\/"},{"@type":"ListItem","position":2,"name":"Produkte &#038; Netzwerkservice","item":"https:\/\/legacy.colt.net\/de\/product\/"},{"@type":"ListItem","position":3,"name":"Number Hosting"}]},{"@type":"WebSite","@id":"https:\/\/legacy.colt.net\/#website","url":"https:\/\/legacy.colt.net\/","name":"Colt\u30c6\u30af\u30ce\u30ed\u30b8\u30fc\u30b5\u30fc\u30d3\u30b9\u682a\u5f0f\u4f1a\u793e","description":"Managed Network &amp; Voice Services Provider","publisher":{"@id":"https:\/\/legacy.colt.net\/#organization"},"potentialAction":[{"@type":"SearchAction","target":{"@type":"EntryPoint","urlTemplate":"https:\/\/legacy.colt.net\/?s={search_term_string}"},"query-input":{"@type":"PropertyValueSpecification","valueRequired":true,"valueName":"search_term_string"}}],"inLanguage":"de-DE"},{"@type":"Organization","@id":"https:\/\/legacy.colt.net\/#organization","name":"Colt Technology Services","url":"https:\/\/legacy.colt.net\/","logo":{"@type":"ImageObject","inLanguage":"de-DE","@id":"https:\/\/legacy.colt.net\/#\/schema\/logo\/image\/","url":"https:\/\/legacy.colt.net\/wp-content\/uploads\/2019\/02\/Colt-Logo.png","contentUrl":"https:\/\/legacy.colt.net\/wp-content\/uploads\/2019\/02\/Colt-Logo.png","width":195,"height":77,"caption":"Colt Technology Services"},"image":{"@id":"https:\/\/legacy.colt.net\/#\/schema\/logo\/image\/"},"sameAs":["https:\/\/www.facebook.com\/ColtTechnologyServices\/","https:\/\/x.com\/colt_technology","https:\/\/www.instagram.com\/colttechnologyservices\/","https:\/\/www.linkedin.com\/company\/colt-technology-services","https:\/\/www.youtube.com\/user\/ColtTechnology"]}]}},"_links":{"self":[{"href":"https:\/\/legacy.colt.net\/de\/wp-json\/wp\/v2\/pages\/37765","targetHints":{"allow":["GET"]}}],"collection":[{"href":"https:\/\/legacy.colt.net\/de\/wp-json\/wp\/v2\/pages"}],"about":[{"href":"https:\/\/legacy.colt.net\/de\/wp-json\/wp\/v2\/types\/page"}],"author":[{"embeddable":true,"href":"https:\/\/legacy.colt.net\/de\/wp-json\/wp\/v2\/users\/143"}],"replies":[{"embeddable":true,"href":"https:\/\/legacy.colt.net\/de\/wp-json\/wp\/v2\/comments?post=37765"}],"version-history":[{"count":0,"href":"https:\/\/legacy.colt.net\/de\/wp-json\/wp\/v2\/pages\/37765\/revisions"}],"up":[{"embeddable":true,"href":"https:\/\/legacy.colt.net\/de\/wp-json\/wp\/v2\/pages\/35897"}],"wp:attachment":[{"href":"https:\/\/legacy.colt.net\/de\/wp-json\/wp\/v2\/media?parent=37765"}],"wp:term":[{"taxonomy":"colt_type","embeddable":true,"href":"https:\/\/legacy.colt.net\/de\/wp-json\/wp\/v2\/colt_type?post=37765"},{"taxonomy":"colt_products","embeddable":true,"href":"https:\/\/legacy.colt.net\/de\/wp-json\/wp\/v2\/colt_products?post=37765"}],"curies":[{"name":"wp","href":"https:\/\/api.w.org\/{rel}","templated":true}]}}