{"id":37750,"date":"2018-11-12T16:52:21","date_gmt":"2018-11-12T16:52:21","guid":{"rendered":"https:\/\/www.colt.net\/product\/white-label-solutions\/"},"modified":"2022-03-24T08:51:57","modified_gmt":"2022-03-24T08:51:57","slug":"white-label-losungen","status":"publish","type":"page","link":"https:\/\/legacy.colt.net\/de\/product\/white-label-losungen\/","title":{"rendered":"White Label VoIP Services <\/br>+ Voice Reseller-L\u00f6sungen"},"content":{"rendered":"<p><iframe loading=\"lazy\" src=\"https:\/\/www.youtube.com\/embed\/y6MVhdSoA3A?rel=0\" width=\"844\" height=\"475\" frameborder=\"0\" allowfullscreen=\"allowfullscreen\"><span data-mce-type=\"bookmark\" style=\"display: inline-block; width: 0px; overflow: hidden; line-height: 0;\" class=\"mce_SELRES_start\">\ufeff<\/span><span data-mce-type=\"bookmark\" style=\"display: inline-block; width: 0px; overflow: hidden; line-height: 0;\" class=\"mce_SELRES_start\">\ufeff<\/span><span data-mce-type=\"bookmark\" style=\"display: inline-block; width: 0px; overflow: hidden; line-height: 0;\" class=\"mce_SELRES_start\">\ufeff<\/span><\/iframe><\/p>\n<p class=\"intro\">Werden Sie Reseller-Partner von Colt f\u00fcr VoIP und Telefonie mit unseren White-Label-Services f\u00fcr Unternehmen.<\/p>\n<p>White-Label-L\u00f6sungen von Colt bieten eine Vielzahl hochwertiger, leistungsf\u00e4higer und vorschriftskonformer Voice-Services. Mit Colt w\u00e4chst Ihr Unternehmen schneller \u2013 erweitern Sie Ihr Produktangebot im Handumdrehen ohne gro\u00dfen Investitionsaufwand. Wir sind f\u00fchrend bei Voice-, VoIP- und IN-Services f\u00fcr alle Reseller, die sich einen einfachen Zugang zum europ\u00e4ischen Markt w\u00fcnschen.<\/p>\n<h3><strong>Kosteng\u00fcnstiges Wachstum<\/strong><\/h3>\n<p>Nutzen Sie Wachstumschancen mit minimalem Investitionsbedarf: Vertreiben Sie unsere Voice-Services unter Ihrer eigenen Marke, ohne ein eigenes Netz und eine lokale Pr\u00e4senz aufzubauen.<\/p>\n<p>Bauen Sie Ihr Unternehmen mit geringem Investitionsaufwand aus. Vertreiben Sie einfach unsere Voice-Dienste unter Ihrem Markennamen. Sparen Sie sich Investitionen in Ihr Netz und lokale Prozesse.<br \/>\nUnser einzigartiges Portfolio von Voice-, IN- &amp; VoIP-Services unterst\u00fctzt Ihre Kunden bei der Umstellung auf zukunftssichere VoIP-Dienste.<\/p>\n<h3><strong>Flexibel und leistungsf\u00e4hig<\/strong><\/h3>\n<p>Colt bietet ein umfassendes Leistungspaket, zum Beispiel erweiterte Abrechnungs- und Helpdesk-Funktionen zur erleichterten Kundenverwaltung.<\/p>\n<p>Flexible Abrechnungsl\u00f6sungen f\u00fcr Endkunden: Zweimal t\u00e4glich unbepreiste CDRs \u00fcber unsere B2B-Schnittstelle Cocom und\/oder bepreiste White-Label-CDRs, Abrechnungsreports und Rechnungen f\u00fcr Endkunden.<\/p>\n<h3><strong>Compliance<\/strong><\/h3>\n<p>Colt macht Ihr Leben leichter, denn wir verf\u00fcgen \u00fcber umfassende Compliance-Kompetenz mit etablierten lokalen Abl\u00e4ufen, einschlie\u00dflich europaweiter Portierung.<\/p>\n<p>Da Colt nur im B2B-Bereich aktiv ist, k\u00f6nnen wir qualitativ hochwertige, regelkonforme Dienste anbieten, die speziell f\u00fcr die Anforderungen von Unternehmenskunden entwickelt wurden.<\/p>\n","protected":false},"excerpt":{"rendered":"<p>\ufeff\ufeff\ufeff Werden Sie Reseller-Partner von Colt f\u00fcr VoIP und Telefonie mit unseren White-Label-Services f\u00fcr Unternehmen. White-Label-L\u00f6sungen von Colt bieten eine Vielzahl hochwertiger, leistungsf\u00e4higer und vorschriftskonformer Voice-Services. Mit Colt w\u00e4chst Ihr Unternehmen schneller \u2013 erweitern Sie Ihr Produktangebot im Handumdrehen ohne gro\u00dfen Investitionsaufwand. Wir sind f\u00fchrend bei Voice-, VoIP- und IN-Services f\u00fcr alle Reseller, die sich&#8230;<\/p>\n","protected":false},"author":143,"featured_media":0,"parent":35897,"menu_order":0,"comment_status":"closed","ping_status":"closed","template":"page-templates\/template-product.php","meta":{"_acf_changed":false,"footnotes":""},"colt_type":[],"colt_products":[1526],"class_list":["post-37750","page","type-page","status-publish","hentry","colt_products-voice-and-collaboration-de"],"acf":[],"yoast_head":"<!-- This site is optimized with the Yoast SEO plugin v26.8 - https:\/\/yoast.com\/product\/yoast-seo-wordpress\/ -->\n<title>White-Label-VoIP &amp; Cloud-L\u00f6sungen | Colt Technology Services | DE<\/title>\n<meta name=\"description\" content=\"Werden Sie Reseller-Partner von Colt f\u00fcr VoIP und Telefonie mit unseren White-Label-Services f\u00fcr Unternehmen.\" \/>\n<meta name=\"robots\" content=\"noindex, follow, max-snippet:-1, max-image-preview:large, max-video-preview:-1\" \/>\n<meta property=\"og:locale\" content=\"de_DE\" \/>\n<meta property=\"og:type\" content=\"article\" \/>\n<meta property=\"og:title\" content=\"White-Label-VoIP &amp; Cloud-L\u00f6sungen | Colt Technology Services | DE\" \/>\n<meta property=\"og:description\" content=\"Werden Sie Reseller-Partner von Colt f\u00fcr VoIP und Telefonie mit unseren White-Label-Services f\u00fcr Unternehmen.\" \/>\n<meta property=\"og:url\" content=\"https:\/\/legacy.colt.net\/de\/product\/white-label-losungen\/\" \/>\n<meta property=\"og:site_name\" content=\"Colt Technology Services\" \/>\n<meta property=\"article:publisher\" content=\"https:\/\/www.facebook.com\/ColtTechnologyServices\/\" \/>\n<meta property=\"article:modified_time\" content=\"2022-03-24T08:51:57+00:00\" \/>\n<meta name=\"twitter:card\" content=\"summary_large_image\" \/>\n<meta name=\"twitter:site\" content=\"@colt_technology\" \/>\n<meta name=\"twitter:label1\" content=\"Est. reading time\" \/>\n\t<meta name=\"twitter:data1\" content=\"1 minute\" \/>\n<script type=\"application\/ld+json\" class=\"yoast-schema-graph\">{\"@context\":\"https:\/\/schema.org\",\"@graph\":[{\"@type\":\"WebPage\",\"@id\":\"https:\/\/legacy.colt.net\/de\/product\/white-label-losungen\/\",\"url\":\"https:\/\/legacy.colt.net\/de\/product\/white-label-losungen\/\",\"name\":\"White-Label-VoIP & Cloud-L\u00f6sungen | Colt Technology Services | DE\",\"isPartOf\":{\"@id\":\"https:\/\/legacy.colt.net\/#website\"},\"datePublished\":\"2018-11-12T16:52:21+00:00\",\"dateModified\":\"2022-03-24T08:51:57+00:00\",\"description\":\"Werden Sie Reseller-Partner von Colt f\u00fcr VoIP und Telefonie mit unseren White-Label-Services f\u00fcr Unternehmen.\",\"breadcrumb\":{\"@id\":\"https:\/\/legacy.colt.net\/de\/product\/white-label-losungen\/#breadcrumb\"},\"inLanguage\":\"de-DE\",\"potentialAction\":[{\"@type\":\"ReadAction\",\"target\":[\"https:\/\/legacy.colt.net\/de\/product\/white-label-losungen\/\"]}]},{\"@type\":\"BreadcrumbList\",\"@id\":\"https:\/\/legacy.colt.net\/de\/product\/white-label-losungen\/#breadcrumb\",\"itemListElement\":[{\"@type\":\"ListItem\",\"position\":1,\"name\":\"Home\",\"item\":\"https:\/\/legacy.colt.net\/de\/\"},{\"@type\":\"ListItem\",\"position\":2,\"name\":\"Produkte &#038; Netzwerkservice\",\"item\":\"https:\/\/legacy.colt.net\/de\/product\/\"},{\"@type\":\"ListItem\",\"position\":3,\"name\":\"White Label VoIP Services + Voice Reseller-L\u00f6sungen\"}]},{\"@type\":\"WebSite\",\"@id\":\"https:\/\/legacy.colt.net\/#website\",\"url\":\"https:\/\/legacy.colt.net\/\",\"name\":\"Colt\u30c6\u30af\u30ce\u30ed\u30b8\u30fc\u30b5\u30fc\u30d3\u30b9\u682a\u5f0f\u4f1a\u793e\",\"description\":\"Managed Network &amp; Voice Services Provider\",\"publisher\":{\"@id\":\"https:\/\/legacy.colt.net\/#organization\"},\"potentialAction\":[{\"@type\":\"SearchAction\",\"target\":{\"@type\":\"EntryPoint\",\"urlTemplate\":\"https:\/\/legacy.colt.net\/?s={search_term_string}\"},\"query-input\":{\"@type\":\"PropertyValueSpecification\",\"valueRequired\":true,\"valueName\":\"search_term_string\"}}],\"inLanguage\":\"de-DE\"},{\"@type\":\"Organization\",\"@id\":\"https:\/\/legacy.colt.net\/#organization\",\"name\":\"Colt Technology Services\",\"url\":\"https:\/\/legacy.colt.net\/\",\"logo\":{\"@type\":\"ImageObject\",\"inLanguage\":\"de-DE\",\"@id\":\"https:\/\/legacy.colt.net\/#\/schema\/logo\/image\/\",\"url\":\"https:\/\/legacy.colt.net\/wp-content\/uploads\/2019\/02\/Colt-Logo.png\",\"contentUrl\":\"https:\/\/legacy.colt.net\/wp-content\/uploads\/2019\/02\/Colt-Logo.png\",\"width\":195,\"height\":77,\"caption\":\"Colt Technology Services\"},\"image\":{\"@id\":\"https:\/\/legacy.colt.net\/#\/schema\/logo\/image\/\"},\"sameAs\":[\"https:\/\/www.facebook.com\/ColtTechnologyServices\/\",\"https:\/\/x.com\/colt_technology\",\"https:\/\/www.instagram.com\/colttechnologyservices\/\",\"https:\/\/www.linkedin.com\/company\/colt-technology-services\",\"https:\/\/www.youtube.com\/user\/ColtTechnology\"]}]}<\/script>\n<!-- \/ Yoast SEO plugin. -->","yoast_head_json":{"title":"White-Label-VoIP & Cloud-L\u00f6sungen | Colt Technology Services | DE","description":"Werden Sie Reseller-Partner von Colt f\u00fcr VoIP und Telefonie mit unseren White-Label-Services f\u00fcr Unternehmen.","robots":{"index":"noindex","follow":"follow","max-snippet":"max-snippet:-1","max-image-preview":"max-image-preview:large","max-video-preview":"max-video-preview:-1"},"og_locale":"de_DE","og_type":"article","og_title":"White-Label-VoIP & Cloud-L\u00f6sungen | Colt Technology Services | DE","og_description":"Werden Sie Reseller-Partner von Colt f\u00fcr VoIP und Telefonie mit unseren White-Label-Services f\u00fcr Unternehmen.","og_url":"https:\/\/legacy.colt.net\/de\/product\/white-label-losungen\/","og_site_name":"Colt Technology Services","article_publisher":"https:\/\/www.facebook.com\/ColtTechnologyServices\/","article_modified_time":"2022-03-24T08:51:57+00:00","twitter_card":"summary_large_image","twitter_site":"@colt_technology","twitter_misc":{"Est. reading time":"1 minute"},"schema":{"@context":"https:\/\/schema.org","@graph":[{"@type":"WebPage","@id":"https:\/\/legacy.colt.net\/de\/product\/white-label-losungen\/","url":"https:\/\/legacy.colt.net\/de\/product\/white-label-losungen\/","name":"White-Label-VoIP & Cloud-L\u00f6sungen | Colt Technology Services | DE","isPartOf":{"@id":"https:\/\/legacy.colt.net\/#website"},"datePublished":"2018-11-12T16:52:21+00:00","dateModified":"2022-03-24T08:51:57+00:00","description":"Werden Sie Reseller-Partner von Colt f\u00fcr VoIP und Telefonie mit unseren White-Label-Services f\u00fcr Unternehmen.","breadcrumb":{"@id":"https:\/\/legacy.colt.net\/de\/product\/white-label-losungen\/#breadcrumb"},"inLanguage":"de-DE","potentialAction":[{"@type":"ReadAction","target":["https:\/\/legacy.colt.net\/de\/product\/white-label-losungen\/"]}]},{"@type":"BreadcrumbList","@id":"https:\/\/legacy.colt.net\/de\/product\/white-label-losungen\/#breadcrumb","itemListElement":[{"@type":"ListItem","position":1,"name":"Home","item":"https:\/\/legacy.colt.net\/de\/"},{"@type":"ListItem","position":2,"name":"Produkte &#038; Netzwerkservice","item":"https:\/\/legacy.colt.net\/de\/product\/"},{"@type":"ListItem","position":3,"name":"White Label VoIP Services + Voice Reseller-L\u00f6sungen"}]},{"@type":"WebSite","@id":"https:\/\/legacy.colt.net\/#website","url":"https:\/\/legacy.colt.net\/","name":"Colt\u30c6\u30af\u30ce\u30ed\u30b8\u30fc\u30b5\u30fc\u30d3\u30b9\u682a\u5f0f\u4f1a\u793e","description":"Managed Network &amp; Voice Services Provider","publisher":{"@id":"https:\/\/legacy.colt.net\/#organization"},"potentialAction":[{"@type":"SearchAction","target":{"@type":"EntryPoint","urlTemplate":"https:\/\/legacy.colt.net\/?s={search_term_string}"},"query-input":{"@type":"PropertyValueSpecification","valueRequired":true,"valueName":"search_term_string"}}],"inLanguage":"de-DE"},{"@type":"Organization","@id":"https:\/\/legacy.colt.net\/#organization","name":"Colt Technology Services","url":"https:\/\/legacy.colt.net\/","logo":{"@type":"ImageObject","inLanguage":"de-DE","@id":"https:\/\/legacy.colt.net\/#\/schema\/logo\/image\/","url":"https:\/\/legacy.colt.net\/wp-content\/uploads\/2019\/02\/Colt-Logo.png","contentUrl":"https:\/\/legacy.colt.net\/wp-content\/uploads\/2019\/02\/Colt-Logo.png","width":195,"height":77,"caption":"Colt Technology Services"},"image":{"@id":"https:\/\/legacy.colt.net\/#\/schema\/logo\/image\/"},"sameAs":["https:\/\/www.facebook.com\/ColtTechnologyServices\/","https:\/\/x.com\/colt_technology","https:\/\/www.instagram.com\/colttechnologyservices\/","https:\/\/www.linkedin.com\/company\/colt-technology-services","https:\/\/www.youtube.com\/user\/ColtTechnology"]}]}},"_links":{"self":[{"href":"https:\/\/legacy.colt.net\/de\/wp-json\/wp\/v2\/pages\/37750","targetHints":{"allow":["GET"]}}],"collection":[{"href":"https:\/\/legacy.colt.net\/de\/wp-json\/wp\/v2\/pages"}],"about":[{"href":"https:\/\/legacy.colt.net\/de\/wp-json\/wp\/v2\/types\/page"}],"author":[{"embeddable":true,"href":"https:\/\/legacy.colt.net\/de\/wp-json\/wp\/v2\/users\/143"}],"replies":[{"embeddable":true,"href":"https:\/\/legacy.colt.net\/de\/wp-json\/wp\/v2\/comments?post=37750"}],"version-history":[{"count":0,"href":"https:\/\/legacy.colt.net\/de\/wp-json\/wp\/v2\/pages\/37750\/revisions"}],"up":[{"embeddable":true,"href":"https:\/\/legacy.colt.net\/de\/wp-json\/wp\/v2\/pages\/35897"}],"wp:attachment":[{"href":"https:\/\/legacy.colt.net\/de\/wp-json\/wp\/v2\/media?parent=37750"}],"wp:term":[{"taxonomy":"colt_type","embeddable":true,"href":"https:\/\/legacy.colt.net\/de\/wp-json\/wp\/v2\/colt_type?post=37750"},{"taxonomy":"colt_products","embeddable":true,"href":"https:\/\/legacy.colt.net\/de\/wp-json\/wp\/v2\/colt_products?post=37750"}],"curies":[{"name":"wp","href":"https:\/\/api.w.org\/{rel}","templated":true}]}}