{"id":37725,"date":"2018-11-12T16:41:05","date_gmt":"2018-11-12T16:41:05","guid":{"rendered":"https:\/\/www.colt.net\/product\/voice-on-demand\/"},"modified":"2020-12-15T09:47:24","modified_gmt":"2020-12-15T09:47:24","slug":"voice-on-demand","status":"publish","type":"page","link":"https:\/\/legacy.colt.net\/de\/product\/voice-on-demand\/","title":{"rendered":"Voice on Demand"},"content":{"rendered":"<p><iframe loading=\"lazy\" src=\"https:\/\/www.youtube.com\/embed\/zIJkmUYxOFo?rel=0\" width=\"844\" height=\"475\" frameborder=\"0\" allowfullscreen=\"allowfullscreen\"><span data-mce-type=\"bookmark\" style=\"display: inline-block; width: 0px; overflow: hidden; line-height: 0;\" class=\"mce_SELRES_start\">\ufeff<\/span><span data-mce-type=\"bookmark\" style=\"display: inline-block; width: 0px; overflow: hidden; line-height: 0;\" class=\"mce_SELRES_start\">\ufeff<\/span><span data-mce-type=\"bookmark\" style=\"display: inline-block; width: 0px; overflow: hidden; line-height: 0;\" class=\"mce_SELRES_start\">\ufeff<\/span><span data-mce-type=\"bookmark\" style=\"display: inline-block; width: 0px; overflow: hidden; line-height: 0;\" class=\"mce_SELRES_start\">\ufeff<\/span><span data-mce-type=\"bookmark\" style=\"display: inline-block; width: 0px; overflow: hidden; line-height: 0;\" class=\"mce_SELRES_start\">\ufeff<\/span><\/iframe><\/p>\n<p class=\"intro\">Sie k\u00f6nnen alle Ihre Servicerufnummern \u00fcber ein zentrales Konto von der Bestellung bis zum Vertragsende verwalten.<\/p>\n<p>Voice on Demand, unsere L\u00f6sung zur Service-Skalierung in Nahe-Echtzeit, ist als Teil der Colt IN Services und Contact Centre Services in 28 L\u00e4ndern auf 4 Kontinenten.<\/p>\n<p>\u00dcber das &#8220;Voice On Demand&#8221;-Portal erhalten Sie volle Kontrolle \u00fcber ihre Telefonie und k\u00f6nnen Land, Rufnummerntyp, Rufnummernbereich und Bestellmenge mithilfe intuitiver Filterfunktionen schnell und papierlos bestimmen.<\/p>\n<ul>\n<li>Minimierung der Bereitstellungszeit durch Bestellung von Servicerufnummern mit wenigen Klicks<\/li>\n<li>Einfache Erweiterung auf zus\u00e4tzliche L\u00e4nder \u2013 Gesetzeskonforme Voice-Services in 28 L\u00e4ndern auf 4 Kontinenten<\/li>\n<li>Arbeitserleichterung durch zentralisierte Verwaltung aller Rufnummern und Mehrwertdienste<\/li>\n<li>Reduzieren Sie Ihre Verwaltungskosten durch die Vermeidung von Papierkrieg bei Bestellungen, Portierungen und K\u00fcndigungen<\/li>\n<\/ul>\n<h3><strong>Starten neuer Kampagnen<\/strong><\/h3>\n<p>Neue Servicerufnummern in Nahe-Echtzeit erm\u00f6glichen den schnellen Start neuer Kampagnen ohne langfristige Vorausplanung.<\/p>\n<h3><strong>Neue Niederlassungen im Ausland<\/strong><\/h3>\n<p>Ein neuer Eintrag ist mit wenigen Klicks erstellt, und die Compliance-Informationen lassen sich bequem im Colt Voice On Demand Portal nachschlagen.<\/p>\n<h3><strong>Voice-Services f\u00fcr Reseller<\/strong><\/h3>\n<p>Behalten Sie Ihr Business im Griff \u2013 mit Colt haben Sie jederzeit den \u00dcberblick \u00fcber Hunderte oder Tausende Rufnummern und k\u00f6nnen mit wenigen Klicks neue anfordern oder k\u00fcndigen.<\/p>\n<h3><strong>Kontrolle, flexibilit\u00e4t &amp; lokale Kompetenz<\/strong><\/h3>\n<p>Neue Servicerufnummern mit wenigen Klicks einrichten \u2013 online \u00fcber einen automatisierten Prozess zur Realisierung komplexer Routings mit visuellen Skripten<\/p>\n<p>On-Demand-Services sind die L\u00f6sung f\u00fcr unvorhergesehene Lastspitzen. Entscheiden Sie sich f\u00fcr einen Anbieter mit Zugriffsgeschwindigkeiten bis 100 Gbit\/s und &#8220;As a Service&#8221;\/&#8221;Pay As You Go&#8221;-Model<\/p>\n<p>Profitieren Sie von einen leistungsf\u00e4higen Anbieter mit regulatorischer Kompetenz in 28 L\u00e4ndern, zuverl\u00e4ssigen Inbound- und Outbound-Services und einem zentralen Kundenkonto f\u00fcr alle 28 L\u00e4nder.<\/p>\n","protected":false},"excerpt":{"rendered":"<p>\ufeff\ufeff\ufeff\ufeff\ufeff Sie k\u00f6nnen alle Ihre Servicerufnummern \u00fcber ein zentrales Konto von der Bestellung bis zum Vertragsende verwalten. Voice on Demand, unsere L\u00f6sung zur Service-Skalierung in Nahe-Echtzeit, ist als Teil der Colt IN Services und Contact Centre Services in 28 L\u00e4ndern auf 4 Kontinenten. \u00dcber das &#8220;Voice On Demand&#8221;-Portal erhalten Sie volle Kontrolle \u00fcber ihre Telefonie&#8230;<\/p>\n","protected":false},"author":143,"featured_media":0,"parent":35897,"menu_order":0,"comment_status":"closed","ping_status":"closed","template":"","meta":{"_acf_changed":false,"footnotes":""},"colt_type":[],"colt_products":[1526],"class_list":["post-37725","page","type-page","status-publish","hentry","colt_products-voice-and-collaboration-de"],"acf":[],"yoast_head":"<!-- This site is optimized with the Yoast SEO plugin v26.8 - https:\/\/yoast.com\/product\/yoast-seo-wordpress\/ -->\n<title>Voice On Demand | Colt Technology Services | DE<\/title>\n<meta name=\"description\" content=\"Sie k\u00f6nnen alle Ihre Servicerufnummern \u00fcber ein zentrales Konto von der Bestellung bis zum Vertragsende verwalten.\" \/>\n<meta name=\"robots\" content=\"noindex, follow, max-snippet:-1, max-image-preview:large, max-video-preview:-1\" \/>\n<meta property=\"og:locale\" content=\"de_DE\" \/>\n<meta property=\"og:type\" content=\"article\" \/>\n<meta property=\"og:title\" content=\"Voice On Demand | Colt Technology Services | DE\" \/>\n<meta property=\"og:description\" content=\"Sie k\u00f6nnen alle Ihre Servicerufnummern \u00fcber ein zentrales Konto von der Bestellung bis zum Vertragsende verwalten.\" \/>\n<meta property=\"og:url\" content=\"https:\/\/legacy.colt.net\/de\/product\/voice-on-demand\/\" \/>\n<meta property=\"og:site_name\" content=\"Colt Technology Services\" \/>\n<meta property=\"article:publisher\" content=\"https:\/\/www.facebook.com\/ColtTechnologyServices\/\" \/>\n<meta property=\"article:modified_time\" content=\"2020-12-15T09:47:24+00:00\" \/>\n<meta property=\"og:image\" content=\"https:\/\/legacy.colt.net\/wp-content\/uploads\/2021\/01\/Brand-2021-Stock-38.jpg\" \/>\n\t<meta property=\"og:image:width\" content=\"1000\" \/>\n\t<meta property=\"og:image:height\" content=\"667\" \/>\n\t<meta property=\"og:image:type\" content=\"image\/jpeg\" \/>\n<meta name=\"twitter:card\" content=\"summary_large_image\" \/>\n<meta name=\"twitter:site\" content=\"@colt_technology\" \/>\n<meta name=\"twitter:label1\" content=\"Est. reading time\" \/>\n\t<meta name=\"twitter:data1\" content=\"1 minute\" \/>\n<script type=\"application\/ld+json\" class=\"yoast-schema-graph\">{\"@context\":\"https:\/\/schema.org\",\"@graph\":[{\"@type\":\"WebPage\",\"@id\":\"https:\/\/legacy.colt.net\/de\/product\/voice-on-demand\/\",\"url\":\"https:\/\/legacy.colt.net\/de\/product\/voice-on-demand\/\",\"name\":\"Voice On Demand | Colt Technology Services | DE\",\"isPartOf\":{\"@id\":\"https:\/\/legacy.colt.net\/#website\"},\"datePublished\":\"2018-11-12T16:41:05+00:00\",\"dateModified\":\"2020-12-15T09:47:24+00:00\",\"description\":\"Sie k\u00f6nnen alle Ihre Servicerufnummern \u00fcber ein zentrales Konto von der Bestellung bis zum Vertragsende verwalten.\",\"breadcrumb\":{\"@id\":\"https:\/\/legacy.colt.net\/de\/product\/voice-on-demand\/#breadcrumb\"},\"inLanguage\":\"de-DE\",\"potentialAction\":[{\"@type\":\"ReadAction\",\"target\":[\"https:\/\/legacy.colt.net\/de\/product\/voice-on-demand\/\"]}]},{\"@type\":\"BreadcrumbList\",\"@id\":\"https:\/\/legacy.colt.net\/de\/product\/voice-on-demand\/#breadcrumb\",\"itemListElement\":[{\"@type\":\"ListItem\",\"position\":1,\"name\":\"Home\",\"item\":\"https:\/\/legacy.colt.net\/de\/\"},{\"@type\":\"ListItem\",\"position\":2,\"name\":\"Produkte &#038; Netzwerkservice\",\"item\":\"https:\/\/legacy.colt.net\/de\/product\/\"},{\"@type\":\"ListItem\",\"position\":3,\"name\":\"Voice on Demand\"}]},{\"@type\":\"WebSite\",\"@id\":\"https:\/\/legacy.colt.net\/#website\",\"url\":\"https:\/\/legacy.colt.net\/\",\"name\":\"Colt\u30c6\u30af\u30ce\u30ed\u30b8\u30fc\u30b5\u30fc\u30d3\u30b9\u682a\u5f0f\u4f1a\u793e\",\"description\":\"Managed Network &amp; Voice Services Provider\",\"publisher\":{\"@id\":\"https:\/\/legacy.colt.net\/#organization\"},\"potentialAction\":[{\"@type\":\"SearchAction\",\"target\":{\"@type\":\"EntryPoint\",\"urlTemplate\":\"https:\/\/legacy.colt.net\/?s={search_term_string}\"},\"query-input\":{\"@type\":\"PropertyValueSpecification\",\"valueRequired\":true,\"valueName\":\"search_term_string\"}}],\"inLanguage\":\"de-DE\"},{\"@type\":\"Organization\",\"@id\":\"https:\/\/legacy.colt.net\/#organization\",\"name\":\"Colt Technology Services\",\"url\":\"https:\/\/legacy.colt.net\/\",\"logo\":{\"@type\":\"ImageObject\",\"inLanguage\":\"de-DE\",\"@id\":\"https:\/\/legacy.colt.net\/#\/schema\/logo\/image\/\",\"url\":\"https:\/\/legacy.colt.net\/wp-content\/uploads\/2019\/02\/Colt-Logo.png\",\"contentUrl\":\"https:\/\/legacy.colt.net\/wp-content\/uploads\/2019\/02\/Colt-Logo.png\",\"width\":195,\"height\":77,\"caption\":\"Colt Technology Services\"},\"image\":{\"@id\":\"https:\/\/legacy.colt.net\/#\/schema\/logo\/image\/\"},\"sameAs\":[\"https:\/\/www.facebook.com\/ColtTechnologyServices\/\",\"https:\/\/x.com\/colt_technology\",\"https:\/\/www.instagram.com\/colttechnologyservices\/\",\"https:\/\/www.linkedin.com\/company\/colt-technology-services\",\"https:\/\/www.youtube.com\/user\/ColtTechnology\"]}]}<\/script>\n<!-- \/ Yoast SEO plugin. -->","yoast_head_json":{"title":"Voice On Demand | Colt Technology Services | DE","description":"Sie k\u00f6nnen alle Ihre Servicerufnummern \u00fcber ein zentrales Konto von der Bestellung bis zum Vertragsende verwalten.","robots":{"index":"noindex","follow":"follow","max-snippet":"max-snippet:-1","max-image-preview":"max-image-preview:large","max-video-preview":"max-video-preview:-1"},"og_locale":"de_DE","og_type":"article","og_title":"Voice On Demand | Colt Technology Services | DE","og_description":"Sie k\u00f6nnen alle Ihre Servicerufnummern \u00fcber ein zentrales Konto von der Bestellung bis zum Vertragsende verwalten.","og_url":"https:\/\/legacy.colt.net\/de\/product\/voice-on-demand\/","og_site_name":"Colt Technology Services","article_publisher":"https:\/\/www.facebook.com\/ColtTechnologyServices\/","article_modified_time":"2020-12-15T09:47:24+00:00","og_image":[{"width":1000,"height":667,"url":"https:\/\/legacy.colt.net\/wp-content\/uploads\/2021\/01\/Brand-2021-Stock-38.jpg","type":"image\/jpeg"}],"twitter_card":"summary_large_image","twitter_site":"@colt_technology","twitter_misc":{"Est. reading time":"1 minute"},"schema":{"@context":"https:\/\/schema.org","@graph":[{"@type":"WebPage","@id":"https:\/\/legacy.colt.net\/de\/product\/voice-on-demand\/","url":"https:\/\/legacy.colt.net\/de\/product\/voice-on-demand\/","name":"Voice On Demand | Colt Technology Services | DE","isPartOf":{"@id":"https:\/\/legacy.colt.net\/#website"},"datePublished":"2018-11-12T16:41:05+00:00","dateModified":"2020-12-15T09:47:24+00:00","description":"Sie k\u00f6nnen alle Ihre Servicerufnummern \u00fcber ein zentrales Konto von der Bestellung bis zum Vertragsende verwalten.","breadcrumb":{"@id":"https:\/\/legacy.colt.net\/de\/product\/voice-on-demand\/#breadcrumb"},"inLanguage":"de-DE","potentialAction":[{"@type":"ReadAction","target":["https:\/\/legacy.colt.net\/de\/product\/voice-on-demand\/"]}]},{"@type":"BreadcrumbList","@id":"https:\/\/legacy.colt.net\/de\/product\/voice-on-demand\/#breadcrumb","itemListElement":[{"@type":"ListItem","position":1,"name":"Home","item":"https:\/\/legacy.colt.net\/de\/"},{"@type":"ListItem","position":2,"name":"Produkte &#038; Netzwerkservice","item":"https:\/\/legacy.colt.net\/de\/product\/"},{"@type":"ListItem","position":3,"name":"Voice on Demand"}]},{"@type":"WebSite","@id":"https:\/\/legacy.colt.net\/#website","url":"https:\/\/legacy.colt.net\/","name":"Colt\u30c6\u30af\u30ce\u30ed\u30b8\u30fc\u30b5\u30fc\u30d3\u30b9\u682a\u5f0f\u4f1a\u793e","description":"Managed Network &amp; Voice Services Provider","publisher":{"@id":"https:\/\/legacy.colt.net\/#organization"},"potentialAction":[{"@type":"SearchAction","target":{"@type":"EntryPoint","urlTemplate":"https:\/\/legacy.colt.net\/?s={search_term_string}"},"query-input":{"@type":"PropertyValueSpecification","valueRequired":true,"valueName":"search_term_string"}}],"inLanguage":"de-DE"},{"@type":"Organization","@id":"https:\/\/legacy.colt.net\/#organization","name":"Colt Technology Services","url":"https:\/\/legacy.colt.net\/","logo":{"@type":"ImageObject","inLanguage":"de-DE","@id":"https:\/\/legacy.colt.net\/#\/schema\/logo\/image\/","url":"https:\/\/legacy.colt.net\/wp-content\/uploads\/2019\/02\/Colt-Logo.png","contentUrl":"https:\/\/legacy.colt.net\/wp-content\/uploads\/2019\/02\/Colt-Logo.png","width":195,"height":77,"caption":"Colt Technology Services"},"image":{"@id":"https:\/\/legacy.colt.net\/#\/schema\/logo\/image\/"},"sameAs":["https:\/\/www.facebook.com\/ColtTechnologyServices\/","https:\/\/x.com\/colt_technology","https:\/\/www.instagram.com\/colttechnologyservices\/","https:\/\/www.linkedin.com\/company\/colt-technology-services","https:\/\/www.youtube.com\/user\/ColtTechnology"]}]}},"_links":{"self":[{"href":"https:\/\/legacy.colt.net\/de\/wp-json\/wp\/v2\/pages\/37725","targetHints":{"allow":["GET"]}}],"collection":[{"href":"https:\/\/legacy.colt.net\/de\/wp-json\/wp\/v2\/pages"}],"about":[{"href":"https:\/\/legacy.colt.net\/de\/wp-json\/wp\/v2\/types\/page"}],"author":[{"embeddable":true,"href":"https:\/\/legacy.colt.net\/de\/wp-json\/wp\/v2\/users\/143"}],"replies":[{"embeddable":true,"href":"https:\/\/legacy.colt.net\/de\/wp-json\/wp\/v2\/comments?post=37725"}],"version-history":[{"count":0,"href":"https:\/\/legacy.colt.net\/de\/wp-json\/wp\/v2\/pages\/37725\/revisions"}],"up":[{"embeddable":true,"href":"https:\/\/legacy.colt.net\/de\/wp-json\/wp\/v2\/pages\/35897"}],"wp:attachment":[{"href":"https:\/\/legacy.colt.net\/de\/wp-json\/wp\/v2\/media?parent=37725"}],"wp:term":[{"taxonomy":"colt_type","embeddable":true,"href":"https:\/\/legacy.colt.net\/de\/wp-json\/wp\/v2\/colt_type?post=37725"},{"taxonomy":"colt_products","embeddable":true,"href":"https:\/\/legacy.colt.net\/de\/wp-json\/wp\/v2\/colt_products?post=37725"}],"curies":[{"name":"wp","href":"https:\/\/api.w.org\/{rel}","templated":true}]}}