{"id":37131,"date":"2018-11-12T09:54:14","date_gmt":"2018-11-12T09:54:14","guid":{"rendered":"https:\/\/www.colt.net\/product\/ip-vpn\/"},"modified":"2022-02-27T22:26:55","modified_gmt":"2022-02-27T22:26:55","slug":"ip-vpn-1","status":"publish","type":"page","link":"https:\/\/legacy.colt.net\/de\/product\/ip-vpn-1\/","title":{"rendered":"IP VPN Dienste f\u00fcr Unternehmen"},"content":{"rendered":"<h4 class=\"intro\">Sicheres, zuverl\u00e4ssiges VPN f\u00fcr Unternehmen ohne hohe Kosten.<\/h4>\n<h4 class=\"intro\">Woche f\u00fcr Woche geraten selbst Gro\u00dfkonzerne wegen Sicherheitsproblemen in die Schlagzeilen. Wie kann also ein mittelst\u00e4ndisches Unternehmen die bestm\u00f6gliche Netzwerksicherheit gew\u00e4hrleisten, ohne sein IT-Budget zu sprengen?<\/h4>\n<p>Wenn Sie Business-VPN von Colt nutzen, m\u00fcssen Sie sich auf keine Kompromisse einlassen. Ihre Gesch\u00e4ftsprozesse laufen \u00fcber ein abgesichertes privates Netz, und gleichzeitig genie\u00dfen Sie die Kostenvorteile einer gemeinsam genutzten Infrastruktur.<\/p>\n<h3><strong>Sicher &amp;\u00a0Zuverl\u00e4ssig<\/strong><\/h3>\n<p>Minimieren Sie die Gef\u00e4hrdung Ihres Unternehmens durch Hacking, Datenlecks und DDoS-Angriffe. Colts IP VPN Dienste verbinden alle Standorte Ihres Unternehmens \u00fcber ein privates Netz, das keine Ber\u00fchrungspunkte mit dem \u00f6ffentlichen Internet hat.<\/p>\n<p>Ihre Unternehmensprozesse setzen ein gut funktionierendes Netzwerk voraus. Mit hoher Bandbreite und einer Reihe von Optionen f\u00fcr die Ausfallsicherheit sorgt Colt IP VPN daf\u00fcr, dass Sie immer Zugang zu Ihren Gesch\u00e4ftsanwendungen haben.<\/p>\n<h3><strong>Global<\/strong><\/h3>\n<p>Wir bieten Ihnen eine globale Netzabdeckung, selbst auf kleinen und aufstrebenden M\u00e4rkten. Die Reichweite unseres eigenen umfassenden Glasfasernetzes wird dabei durch mehr als 155 streng gepr\u00fcfte Partnernetze erweitert.<\/p>\n<h3><strong>Vielseitig<\/strong><\/h3>\n<p>Wir wissen, dass L\u00f6sungen von der Stange nie optimal sind. Bei der Einrichtung Ihres Zugangs haben Sie daher zahlreiche Wahlm\u00f6glichkeiten: Colt-eigenes Glasfasernetz, DSL, EFM (Ethernet-Ortsanschluss) und 3G\/4G-Mobilfunk.<\/p>\n","protected":false},"excerpt":{"rendered":"<p>Sicheres, zuverl\u00e4ssiges VPN f\u00fcr Unternehmen ohne hohe Kosten. Woche f\u00fcr Woche geraten selbst Gro\u00dfkonzerne wegen Sicherheitsproblemen in die Schlagzeilen. Wie kann also ein mittelst\u00e4ndisches Unternehmen die bestm\u00f6gliche Netzwerksicherheit gew\u00e4hrleisten, ohne sein IT-Budget zu sprengen? Wenn Sie Business-VPN von Colt nutzen, m\u00fcssen Sie sich auf keine Kompromisse einlassen. Ihre Gesch\u00e4ftsprozesse laufen \u00fcber ein abgesichertes privates Netz,&#8230;<\/p>\n","protected":false},"author":143,"featured_media":0,"parent":35897,"menu_order":0,"comment_status":"closed","ping_status":"closed","template":"","meta":{"_acf_changed":false,"footnotes":""},"colt_type":[],"colt_products":[1528],"class_list":["post-37131","page","type-page","status-publish","hentry","colt_products-ip"],"acf":[],"yoast_head":"<!-- This site is optimized with the Yoast SEO plugin v26.8 - https:\/\/yoast.com\/product\/yoast-seo-wordpress\/ -->\n<title>IP VPN Dienste f\u00fcr Unternehmen | Colt Technology Services | DE<\/title>\n<meta name=\"description\" content=\"Leisten Sie sich mit Colts IP VPN Diensten ein abgesichertes privates Netz und genie\u00dfen Sie die Kostenvorteile eines gemeinsam genutzten globalen Netzes.\" \/>\n<meta name=\"robots\" content=\"noindex, follow, max-snippet:-1, max-image-preview:large, max-video-preview:-1\" \/>\n<meta property=\"og:locale\" content=\"de_DE\" \/>\n<meta property=\"og:type\" content=\"article\" \/>\n<meta property=\"og:title\" content=\"IP VPN Dienste f\u00fcr Unternehmen | Colt Technology Services | DE\" \/>\n<meta property=\"og:description\" content=\"Leisten Sie sich mit Colts IP VPN Diensten ein abgesichertes privates Netz und genie\u00dfen Sie die Kostenvorteile eines gemeinsam genutzten globalen Netzes.\" \/>\n<meta property=\"og:url\" content=\"https:\/\/legacy.colt.net\/de\/product\/ip-vpn-1\/\" \/>\n<meta property=\"og:site_name\" content=\"Colt Technology Services\" \/>\n<meta property=\"article:publisher\" content=\"https:\/\/www.facebook.com\/ColtTechnologyServices\/\" \/>\n<meta property=\"article:modified_time\" content=\"2022-02-27T22:26:55+00:00\" \/>\n<meta name=\"twitter:card\" content=\"summary_large_image\" \/>\n<meta name=\"twitter:site\" content=\"@colt_technology\" \/>\n<meta name=\"twitter:label1\" content=\"Est. reading time\" \/>\n\t<meta name=\"twitter:data1\" content=\"1 minute\" \/>\n<script type=\"application\/ld+json\" class=\"yoast-schema-graph\">{\"@context\":\"https:\/\/schema.org\",\"@graph\":[{\"@type\":\"WebPage\",\"@id\":\"https:\/\/legacy.colt.net\/de\/product\/ip-vpn-1\/\",\"url\":\"https:\/\/legacy.colt.net\/de\/product\/ip-vpn-1\/\",\"name\":\"IP VPN Dienste f\u00fcr Unternehmen | Colt Technology Services | DE\",\"isPartOf\":{\"@id\":\"https:\/\/legacy.colt.net\/#website\"},\"datePublished\":\"2018-11-12T09:54:14+00:00\",\"dateModified\":\"2022-02-27T22:26:55+00:00\",\"description\":\"Leisten Sie sich mit Colts IP VPN Diensten ein abgesichertes privates Netz und genie\u00dfen Sie die Kostenvorteile eines gemeinsam genutzten globalen Netzes.\",\"breadcrumb\":{\"@id\":\"https:\/\/legacy.colt.net\/de\/product\/ip-vpn-1\/#breadcrumb\"},\"inLanguage\":\"de-DE\",\"potentialAction\":[{\"@type\":\"ReadAction\",\"target\":[\"https:\/\/legacy.colt.net\/de\/product\/ip-vpn-1\/\"]}]},{\"@type\":\"BreadcrumbList\",\"@id\":\"https:\/\/legacy.colt.net\/de\/product\/ip-vpn-1\/#breadcrumb\",\"itemListElement\":[{\"@type\":\"ListItem\",\"position\":1,\"name\":\"Home\",\"item\":\"https:\/\/legacy.colt.net\/de\/\"},{\"@type\":\"ListItem\",\"position\":2,\"name\":\"Produkte &#038; Netzwerkservice\",\"item\":\"https:\/\/legacy.colt.net\/de\/product\/\"},{\"@type\":\"ListItem\",\"position\":3,\"name\":\"IP VPN Dienste f\u00fcr Unternehmen\"}]},{\"@type\":\"WebSite\",\"@id\":\"https:\/\/legacy.colt.net\/#website\",\"url\":\"https:\/\/legacy.colt.net\/\",\"name\":\"Colt\u30c6\u30af\u30ce\u30ed\u30b8\u30fc\u30b5\u30fc\u30d3\u30b9\u682a\u5f0f\u4f1a\u793e\",\"description\":\"Managed Network &amp; Voice Services Provider\",\"publisher\":{\"@id\":\"https:\/\/legacy.colt.net\/#organization\"},\"potentialAction\":[{\"@type\":\"SearchAction\",\"target\":{\"@type\":\"EntryPoint\",\"urlTemplate\":\"https:\/\/legacy.colt.net\/?s={search_term_string}\"},\"query-input\":{\"@type\":\"PropertyValueSpecification\",\"valueRequired\":true,\"valueName\":\"search_term_string\"}}],\"inLanguage\":\"de-DE\"},{\"@type\":\"Organization\",\"@id\":\"https:\/\/legacy.colt.net\/#organization\",\"name\":\"Colt Technology Services\",\"url\":\"https:\/\/legacy.colt.net\/\",\"logo\":{\"@type\":\"ImageObject\",\"inLanguage\":\"de-DE\",\"@id\":\"https:\/\/legacy.colt.net\/#\/schema\/logo\/image\/\",\"url\":\"https:\/\/legacy.colt.net\/wp-content\/uploads\/2019\/02\/Colt-Logo.png\",\"contentUrl\":\"https:\/\/legacy.colt.net\/wp-content\/uploads\/2019\/02\/Colt-Logo.png\",\"width\":195,\"height\":77,\"caption\":\"Colt Technology Services\"},\"image\":{\"@id\":\"https:\/\/legacy.colt.net\/#\/schema\/logo\/image\/\"},\"sameAs\":[\"https:\/\/www.facebook.com\/ColtTechnologyServices\/\",\"https:\/\/x.com\/colt_technology\",\"https:\/\/www.instagram.com\/colttechnologyservices\/\",\"https:\/\/www.linkedin.com\/company\/colt-technology-services\",\"https:\/\/www.youtube.com\/user\/ColtTechnology\"]}]}<\/script>\n<!-- \/ Yoast SEO plugin. -->","yoast_head_json":{"title":"IP VPN Dienste f\u00fcr Unternehmen | Colt Technology Services | DE","description":"Leisten Sie sich mit Colts IP VPN Diensten ein abgesichertes privates Netz und genie\u00dfen Sie die Kostenvorteile eines gemeinsam genutzten globalen Netzes.","robots":{"index":"noindex","follow":"follow","max-snippet":"max-snippet:-1","max-image-preview":"max-image-preview:large","max-video-preview":"max-video-preview:-1"},"og_locale":"de_DE","og_type":"article","og_title":"IP VPN Dienste f\u00fcr Unternehmen | Colt Technology Services | DE","og_description":"Leisten Sie sich mit Colts IP VPN Diensten ein abgesichertes privates Netz und genie\u00dfen Sie die Kostenvorteile eines gemeinsam genutzten globalen Netzes.","og_url":"https:\/\/legacy.colt.net\/de\/product\/ip-vpn-1\/","og_site_name":"Colt Technology Services","article_publisher":"https:\/\/www.facebook.com\/ColtTechnologyServices\/","article_modified_time":"2022-02-27T22:26:55+00:00","twitter_card":"summary_large_image","twitter_site":"@colt_technology","twitter_misc":{"Est. reading time":"1 minute"},"schema":{"@context":"https:\/\/schema.org","@graph":[{"@type":"WebPage","@id":"https:\/\/legacy.colt.net\/de\/product\/ip-vpn-1\/","url":"https:\/\/legacy.colt.net\/de\/product\/ip-vpn-1\/","name":"IP VPN Dienste f\u00fcr Unternehmen | Colt Technology Services | DE","isPartOf":{"@id":"https:\/\/legacy.colt.net\/#website"},"datePublished":"2018-11-12T09:54:14+00:00","dateModified":"2022-02-27T22:26:55+00:00","description":"Leisten Sie sich mit Colts IP VPN Diensten ein abgesichertes privates Netz und genie\u00dfen Sie die Kostenvorteile eines gemeinsam genutzten globalen Netzes.","breadcrumb":{"@id":"https:\/\/legacy.colt.net\/de\/product\/ip-vpn-1\/#breadcrumb"},"inLanguage":"de-DE","potentialAction":[{"@type":"ReadAction","target":["https:\/\/legacy.colt.net\/de\/product\/ip-vpn-1\/"]}]},{"@type":"BreadcrumbList","@id":"https:\/\/legacy.colt.net\/de\/product\/ip-vpn-1\/#breadcrumb","itemListElement":[{"@type":"ListItem","position":1,"name":"Home","item":"https:\/\/legacy.colt.net\/de\/"},{"@type":"ListItem","position":2,"name":"Produkte &#038; Netzwerkservice","item":"https:\/\/legacy.colt.net\/de\/product\/"},{"@type":"ListItem","position":3,"name":"IP VPN Dienste f\u00fcr Unternehmen"}]},{"@type":"WebSite","@id":"https:\/\/legacy.colt.net\/#website","url":"https:\/\/legacy.colt.net\/","name":"Colt\u30c6\u30af\u30ce\u30ed\u30b8\u30fc\u30b5\u30fc\u30d3\u30b9\u682a\u5f0f\u4f1a\u793e","description":"Managed Network &amp; Voice Services Provider","publisher":{"@id":"https:\/\/legacy.colt.net\/#organization"},"potentialAction":[{"@type":"SearchAction","target":{"@type":"EntryPoint","urlTemplate":"https:\/\/legacy.colt.net\/?s={search_term_string}"},"query-input":{"@type":"PropertyValueSpecification","valueRequired":true,"valueName":"search_term_string"}}],"inLanguage":"de-DE"},{"@type":"Organization","@id":"https:\/\/legacy.colt.net\/#organization","name":"Colt Technology Services","url":"https:\/\/legacy.colt.net\/","logo":{"@type":"ImageObject","inLanguage":"de-DE","@id":"https:\/\/legacy.colt.net\/#\/schema\/logo\/image\/","url":"https:\/\/legacy.colt.net\/wp-content\/uploads\/2019\/02\/Colt-Logo.png","contentUrl":"https:\/\/legacy.colt.net\/wp-content\/uploads\/2019\/02\/Colt-Logo.png","width":195,"height":77,"caption":"Colt Technology Services"},"image":{"@id":"https:\/\/legacy.colt.net\/#\/schema\/logo\/image\/"},"sameAs":["https:\/\/www.facebook.com\/ColtTechnologyServices\/","https:\/\/x.com\/colt_technology","https:\/\/www.instagram.com\/colttechnologyservices\/","https:\/\/www.linkedin.com\/company\/colt-technology-services","https:\/\/www.youtube.com\/user\/ColtTechnology"]}]}},"_links":{"self":[{"href":"https:\/\/legacy.colt.net\/de\/wp-json\/wp\/v2\/pages\/37131","targetHints":{"allow":["GET"]}}],"collection":[{"href":"https:\/\/legacy.colt.net\/de\/wp-json\/wp\/v2\/pages"}],"about":[{"href":"https:\/\/legacy.colt.net\/de\/wp-json\/wp\/v2\/types\/page"}],"author":[{"embeddable":true,"href":"https:\/\/legacy.colt.net\/de\/wp-json\/wp\/v2\/users\/143"}],"replies":[{"embeddable":true,"href":"https:\/\/legacy.colt.net\/de\/wp-json\/wp\/v2\/comments?post=37131"}],"version-history":[{"count":0,"href":"https:\/\/legacy.colt.net\/de\/wp-json\/wp\/v2\/pages\/37131\/revisions"}],"up":[{"embeddable":true,"href":"https:\/\/legacy.colt.net\/de\/wp-json\/wp\/v2\/pages\/35897"}],"wp:attachment":[{"href":"https:\/\/legacy.colt.net\/de\/wp-json\/wp\/v2\/media?parent=37131"}],"wp:term":[{"taxonomy":"colt_type","embeddable":true,"href":"https:\/\/legacy.colt.net\/de\/wp-json\/wp\/v2\/colt_type?post=37131"},{"taxonomy":"colt_products","embeddable":true,"href":"https:\/\/legacy.colt.net\/de\/wp-json\/wp\/v2\/colt_products?post=37131"}],"curies":[{"name":"wp","href":"https:\/\/api.w.org\/{rel}","templated":true}]}}