{"id":37065,"date":"2018-11-09T14:03:02","date_gmt":"2018-11-09T14:03:02","guid":{"rendered":"https:\/\/www.colt.net\/product\/private-ethernet\/"},"modified":"2020-12-14T14:21:11","modified_gmt":"2020-12-14T14:21:11","slug":"private-ethernet","status":"publish","type":"page","link":"https:\/\/legacy.colt.net\/de\/product\/private-ethernet\/","title":{"rendered":"Private Ethernet"},"content":{"rendered":"<p><iframe loading=\"lazy\" src=\"https:\/\/www.youtube.com\/embed\/T_Xccb08Ea4?rel=0\" width=\"844\" height=\"475\" frameborder=\"0\" allowfullscreen=\"allowfullscreen\"><span data-mce-type=\"bookmark\" style=\"display: inline-block; width: 0px; overflow: hidden; line-height: 0;\" class=\"mce_SELRES_start\">\ufeff<\/span><span data-mce-type=\"bookmark\" style=\"display: inline-block; width: 0px; overflow: hidden; line-height: 0;\" class=\"mce_SELRES_start\">\ufeff<\/span><span data-mce-type=\"bookmark\" style=\"display: inline-block; width: 0px; overflow: hidden; line-height: 0;\" class=\"mce_SELRES_start\">\ufeff<\/span><span data-mce-type=\"bookmark\" style=\"display: inline-block; width: 0px; overflow: hidden; line-height: 0;\" class=\"mce_SELRES_start\">\ufeff<\/span><\/iframe><\/p>\n<h4 class=\"intro\">Private Ethernet nutzt Glasfaserleitungen und Hardware, die dem Kunden exklusiv zugeteilt sind. Das gew\u00e4hrleistet h\u00f6chste Sicherheit. F\u00fcr noch mehr Flexibilit\u00e4t kann der Kunde Einfluss auf die von seinem Private-Ethernet-Service genutzten Glasfaser-Leitwege nehmen.<\/h4>\n<p>Colt Private Ethernet ist ein Metro-Service f\u00fcr Punkt-zu-Punkt-Konnektivit\u00e4t \u00fcber eine kundenindividuelle Infrastruktur mit Bandbreiten von 1 Gbit\/s bis 10 Gbit\/s. Der Service ist in allen St\u00e4dten verf\u00fcgbar, in denen Colt ein Glasfaser-Metronetz betreibt und richtet sich speziell an Unternehmen, die private Ethernet- Datenverbindungen mit hoher Bandbreite, Sicherheit und Stabilit\u00e4t ben\u00f6tigen.<\/p>\n<p>&nbsp;<\/p>\n<p><strong>Kundeneigene Anlagen und MAN-Glasfaser-Infrastruktur<\/strong><\/p>\n<p>Private Ethernet bietet ein H\u00f6chstma\u00df an Sicherheit und dar\u00fcber hinaus die M\u00f6glichkeit, Anlagen in den kundeneigenen Einrichtungen zu installieren. Damit hat der Kunde die uneingeschr\u00e4nkte Kontrolle \u00fcber eine vollst\u00e4ndig gemanagte L\u00f6sung, die technisch von den L\u00f6sungen anderer Kunden getrennt ist.<\/p>\n<p><strong>Fully managed und individuell zugeschnitten<\/strong><\/p>\n<p>Colt ist zentraler Ansprechpartner und kann bei durchgehender Nutzung des eigenen Netzes den erforderlichen Abgrenzungs-Level sicherstellen. Dadurch hat Ihr IT-Fachpersonal mehr Zeit f\u00fcr die anwendungsrelevanten Services, die f\u00fcr den Unternehmenserfolg entscheidend sind. Unsere Kunden k\u00f6nnen sich komplett auf ihr Kerngesch\u00e4ft konzentrieren, denn Colt k\u00fcmmert sich um Entwicklung, Umsetzung, Management und Wartung des Service. Der Kunde muss weder in den Aufbau von Spezialwissen noch in Hardware eigene Ressourcen investieren.<\/p>\n<p>Colt Private Ethernet erf\u00fcllt h\u00f6chste Anspr\u00fcche an die Betriebskontinuit\u00e4t, und dank der umfassenden Auswahl an Optionen kann der Kunde entsprechend seiner individuellen Bewertung von Kosten, Risiken und Performance den optimalen Grad der Ausfallsicherheit bestimmen.<\/p>\n","protected":false},"excerpt":{"rendered":"<p>\ufeff\ufeff\ufeff\ufeff Private Ethernet nutzt Glasfaserleitungen und Hardware, die dem Kunden exklusiv zugeteilt sind. Das gew\u00e4hrleistet h\u00f6chste Sicherheit. F\u00fcr noch mehr Flexibilit\u00e4t kann der Kunde Einfluss auf die von seinem Private-Ethernet-Service genutzten Glasfaser-Leitwege nehmen. Colt Private Ethernet ist ein Metro-Service f\u00fcr Punkt-zu-Punkt-Konnektivit\u00e4t \u00fcber eine kundenindividuelle Infrastruktur mit Bandbreiten von 1 Gbit\/s bis 10 Gbit\/s. Der Service&#8230;<\/p>\n","protected":false},"author":143,"featured_media":0,"parent":35897,"menu_order":0,"comment_status":"closed","ping_status":"closed","template":"","meta":{"_acf_changed":false,"footnotes":""},"colt_type":[],"colt_products":[1516],"class_list":["post-37065","page","type-page","status-publish","hentry","colt_products-ethernet"],"acf":[],"yoast_head":"<!-- This site is optimized with the Yoast SEO plugin v26.8 - https:\/\/yoast.com\/product\/yoast-seo-wordpress\/ -->\n<title>Private Ethernet Netzwerk Services | Colt Technology Services | DE<\/title>\n<meta name=\"description\" content=\"Private Ethernet nutzt Glasfaserleitungen und Hardware, die dem Kunden exklusiv zugeteilt sind. Das gew\u00e4hrleistet h\u00f6chste Sicherheit.\" \/>\n<meta name=\"robots\" content=\"noindex, follow, max-snippet:-1, max-image-preview:large, max-video-preview:-1\" \/>\n<meta property=\"og:locale\" content=\"de_DE\" \/>\n<meta property=\"og:type\" content=\"article\" \/>\n<meta property=\"og:title\" content=\"Private Ethernet Netzwerk Services | Colt Technology Services | DE\" \/>\n<meta property=\"og:description\" content=\"Private Ethernet nutzt Glasfaserleitungen und Hardware, die dem Kunden exklusiv zugeteilt sind. Das gew\u00e4hrleistet h\u00f6chste Sicherheit.\" \/>\n<meta property=\"og:url\" content=\"https:\/\/legacy.colt.net\/de\/product\/private-ethernet\/\" \/>\n<meta property=\"og:site_name\" content=\"Colt Technology Services\" \/>\n<meta property=\"article:publisher\" content=\"https:\/\/www.facebook.com\/ColtTechnologyServices\/\" \/>\n<meta property=\"article:modified_time\" content=\"2020-12-14T14:21:11+00:00\" \/>\n<meta property=\"og:image\" content=\"https:\/\/legacy.colt.net\/wp-content\/uploads\/2021\/01\/Brand-2021-Stock-42.jpg\" \/>\n\t<meta property=\"og:image:width\" content=\"1000\" \/>\n\t<meta property=\"og:image:height\" content=\"667\" \/>\n\t<meta property=\"og:image:type\" content=\"image\/jpeg\" \/>\n<meta name=\"twitter:card\" content=\"summary_large_image\" \/>\n<meta name=\"twitter:site\" content=\"@colt_technology\" \/>\n<meta name=\"twitter:label1\" content=\"Est. reading time\" \/>\n\t<meta name=\"twitter:data1\" content=\"1 minute\" \/>\n<script type=\"application\/ld+json\" class=\"yoast-schema-graph\">{\"@context\":\"https:\/\/schema.org\",\"@graph\":[{\"@type\":\"WebPage\",\"@id\":\"https:\/\/legacy.colt.net\/de\/product\/private-ethernet\/\",\"url\":\"https:\/\/legacy.colt.net\/de\/product\/private-ethernet\/\",\"name\":\"Private Ethernet Netzwerk Services | Colt Technology Services | DE\",\"isPartOf\":{\"@id\":\"https:\/\/legacy.colt.net\/#website\"},\"datePublished\":\"2018-11-09T14:03:02+00:00\",\"dateModified\":\"2020-12-14T14:21:11+00:00\",\"description\":\"Private Ethernet nutzt Glasfaserleitungen und Hardware, die dem Kunden exklusiv zugeteilt sind. Das gew\u00e4hrleistet h\u00f6chste Sicherheit.\",\"breadcrumb\":{\"@id\":\"https:\/\/legacy.colt.net\/de\/product\/private-ethernet\/#breadcrumb\"},\"inLanguage\":\"de-DE\",\"potentialAction\":[{\"@type\":\"ReadAction\",\"target\":[\"https:\/\/legacy.colt.net\/de\/product\/private-ethernet\/\"]}]},{\"@type\":\"BreadcrumbList\",\"@id\":\"https:\/\/legacy.colt.net\/de\/product\/private-ethernet\/#breadcrumb\",\"itemListElement\":[{\"@type\":\"ListItem\",\"position\":1,\"name\":\"Home\",\"item\":\"https:\/\/legacy.colt.net\/de\/\"},{\"@type\":\"ListItem\",\"position\":2,\"name\":\"Produkte &#038; Netzwerkservice\",\"item\":\"https:\/\/legacy.colt.net\/de\/product\/\"},{\"@type\":\"ListItem\",\"position\":3,\"name\":\"Private Ethernet\"}]},{\"@type\":\"WebSite\",\"@id\":\"https:\/\/legacy.colt.net\/#website\",\"url\":\"https:\/\/legacy.colt.net\/\",\"name\":\"Colt\u30c6\u30af\u30ce\u30ed\u30b8\u30fc\u30b5\u30fc\u30d3\u30b9\u682a\u5f0f\u4f1a\u793e\",\"description\":\"Managed Network &amp; Voice Services Provider\",\"publisher\":{\"@id\":\"https:\/\/legacy.colt.net\/#organization\"},\"potentialAction\":[{\"@type\":\"SearchAction\",\"target\":{\"@type\":\"EntryPoint\",\"urlTemplate\":\"https:\/\/legacy.colt.net\/?s={search_term_string}\"},\"query-input\":{\"@type\":\"PropertyValueSpecification\",\"valueRequired\":true,\"valueName\":\"search_term_string\"}}],\"inLanguage\":\"de-DE\"},{\"@type\":\"Organization\",\"@id\":\"https:\/\/legacy.colt.net\/#organization\",\"name\":\"Colt Technology Services\",\"url\":\"https:\/\/legacy.colt.net\/\",\"logo\":{\"@type\":\"ImageObject\",\"inLanguage\":\"de-DE\",\"@id\":\"https:\/\/legacy.colt.net\/#\/schema\/logo\/image\/\",\"url\":\"https:\/\/legacy.colt.net\/wp-content\/uploads\/2019\/02\/Colt-Logo.png\",\"contentUrl\":\"https:\/\/legacy.colt.net\/wp-content\/uploads\/2019\/02\/Colt-Logo.png\",\"width\":195,\"height\":77,\"caption\":\"Colt Technology Services\"},\"image\":{\"@id\":\"https:\/\/legacy.colt.net\/#\/schema\/logo\/image\/\"},\"sameAs\":[\"https:\/\/www.facebook.com\/ColtTechnologyServices\/\",\"https:\/\/x.com\/colt_technology\",\"https:\/\/www.instagram.com\/colttechnologyservices\/\",\"https:\/\/www.linkedin.com\/company\/colt-technology-services\",\"https:\/\/www.youtube.com\/user\/ColtTechnology\"]}]}<\/script>\n<!-- \/ Yoast SEO plugin. -->","yoast_head_json":{"title":"Private Ethernet Netzwerk Services | Colt Technology Services | DE","description":"Private Ethernet nutzt Glasfaserleitungen und Hardware, die dem Kunden exklusiv zugeteilt sind. Das gew\u00e4hrleistet h\u00f6chste Sicherheit.","robots":{"index":"noindex","follow":"follow","max-snippet":"max-snippet:-1","max-image-preview":"max-image-preview:large","max-video-preview":"max-video-preview:-1"},"og_locale":"de_DE","og_type":"article","og_title":"Private Ethernet Netzwerk Services | Colt Technology Services | DE","og_description":"Private Ethernet nutzt Glasfaserleitungen und Hardware, die dem Kunden exklusiv zugeteilt sind. Das gew\u00e4hrleistet h\u00f6chste Sicherheit.","og_url":"https:\/\/legacy.colt.net\/de\/product\/private-ethernet\/","og_site_name":"Colt Technology Services","article_publisher":"https:\/\/www.facebook.com\/ColtTechnologyServices\/","article_modified_time":"2020-12-14T14:21:11+00:00","og_image":[{"width":1000,"height":667,"url":"https:\/\/legacy.colt.net\/wp-content\/uploads\/2021\/01\/Brand-2021-Stock-42.jpg","type":"image\/jpeg"}],"twitter_card":"summary_large_image","twitter_site":"@colt_technology","twitter_misc":{"Est. reading time":"1 minute"},"schema":{"@context":"https:\/\/schema.org","@graph":[{"@type":"WebPage","@id":"https:\/\/legacy.colt.net\/de\/product\/private-ethernet\/","url":"https:\/\/legacy.colt.net\/de\/product\/private-ethernet\/","name":"Private Ethernet Netzwerk Services | Colt Technology Services | DE","isPartOf":{"@id":"https:\/\/legacy.colt.net\/#website"},"datePublished":"2018-11-09T14:03:02+00:00","dateModified":"2020-12-14T14:21:11+00:00","description":"Private Ethernet nutzt Glasfaserleitungen und Hardware, die dem Kunden exklusiv zugeteilt sind. Das gew\u00e4hrleistet h\u00f6chste Sicherheit.","breadcrumb":{"@id":"https:\/\/legacy.colt.net\/de\/product\/private-ethernet\/#breadcrumb"},"inLanguage":"de-DE","potentialAction":[{"@type":"ReadAction","target":["https:\/\/legacy.colt.net\/de\/product\/private-ethernet\/"]}]},{"@type":"BreadcrumbList","@id":"https:\/\/legacy.colt.net\/de\/product\/private-ethernet\/#breadcrumb","itemListElement":[{"@type":"ListItem","position":1,"name":"Home","item":"https:\/\/legacy.colt.net\/de\/"},{"@type":"ListItem","position":2,"name":"Produkte &#038; Netzwerkservice","item":"https:\/\/legacy.colt.net\/de\/product\/"},{"@type":"ListItem","position":3,"name":"Private Ethernet"}]},{"@type":"WebSite","@id":"https:\/\/legacy.colt.net\/#website","url":"https:\/\/legacy.colt.net\/","name":"Colt\u30c6\u30af\u30ce\u30ed\u30b8\u30fc\u30b5\u30fc\u30d3\u30b9\u682a\u5f0f\u4f1a\u793e","description":"Managed Network &amp; Voice Services Provider","publisher":{"@id":"https:\/\/legacy.colt.net\/#organization"},"potentialAction":[{"@type":"SearchAction","target":{"@type":"EntryPoint","urlTemplate":"https:\/\/legacy.colt.net\/?s={search_term_string}"},"query-input":{"@type":"PropertyValueSpecification","valueRequired":true,"valueName":"search_term_string"}}],"inLanguage":"de-DE"},{"@type":"Organization","@id":"https:\/\/legacy.colt.net\/#organization","name":"Colt Technology Services","url":"https:\/\/legacy.colt.net\/","logo":{"@type":"ImageObject","inLanguage":"de-DE","@id":"https:\/\/legacy.colt.net\/#\/schema\/logo\/image\/","url":"https:\/\/legacy.colt.net\/wp-content\/uploads\/2019\/02\/Colt-Logo.png","contentUrl":"https:\/\/legacy.colt.net\/wp-content\/uploads\/2019\/02\/Colt-Logo.png","width":195,"height":77,"caption":"Colt Technology Services"},"image":{"@id":"https:\/\/legacy.colt.net\/#\/schema\/logo\/image\/"},"sameAs":["https:\/\/www.facebook.com\/ColtTechnologyServices\/","https:\/\/x.com\/colt_technology","https:\/\/www.instagram.com\/colttechnologyservices\/","https:\/\/www.linkedin.com\/company\/colt-technology-services","https:\/\/www.youtube.com\/user\/ColtTechnology"]}]}},"_links":{"self":[{"href":"https:\/\/legacy.colt.net\/de\/wp-json\/wp\/v2\/pages\/37065","targetHints":{"allow":["GET"]}}],"collection":[{"href":"https:\/\/legacy.colt.net\/de\/wp-json\/wp\/v2\/pages"}],"about":[{"href":"https:\/\/legacy.colt.net\/de\/wp-json\/wp\/v2\/types\/page"}],"author":[{"embeddable":true,"href":"https:\/\/legacy.colt.net\/de\/wp-json\/wp\/v2\/users\/143"}],"replies":[{"embeddable":true,"href":"https:\/\/legacy.colt.net\/de\/wp-json\/wp\/v2\/comments?post=37065"}],"version-history":[{"count":0,"href":"https:\/\/legacy.colt.net\/de\/wp-json\/wp\/v2\/pages\/37065\/revisions"}],"up":[{"embeddable":true,"href":"https:\/\/legacy.colt.net\/de\/wp-json\/wp\/v2\/pages\/35897"}],"wp:attachment":[{"href":"https:\/\/legacy.colt.net\/de\/wp-json\/wp\/v2\/media?parent=37065"}],"wp:term":[{"taxonomy":"colt_type","embeddable":true,"href":"https:\/\/legacy.colt.net\/de\/wp-json\/wp\/v2\/colt_type?post=37065"},{"taxonomy":"colt_products","embeddable":true,"href":"https:\/\/legacy.colt.net\/de\/wp-json\/wp\/v2\/colt_products?post=37065"}],"curies":[{"name":"wp","href":"https:\/\/api.w.org\/{rel}","templated":true}]}}