{"id":36987,"date":"2018-11-09T10:29:46","date_gmt":"2018-11-09T10:29:46","guid":{"rendered":"https:\/\/www.colt.net\/product\/spectrum\/"},"modified":"2022-02-27T21:55:13","modified_gmt":"2022-02-27T21:55:13","slug":"spectrum-1","status":"publish","type":"page","link":"https:\/\/legacy.colt.net\/de\/product\/spectrum-1\/","title":{"rendered":"Spectrum"},"content":{"rendered":"<p><iframe loading=\"lazy\" src=\"https:\/\/www.youtube.com\/embed\/Y2N61BsEWZY?rel=0\" width=\"844\" height=\"475\" frameborder=\"0\" allowfullscreen=\"allowfullscreen\"><span data-mce-type=\"bookmark\" style=\"display: inline-block; width: 0px; overflow: hidden; line-height: 0;\" class=\"mce_SELRES_start\">\ufeff<\/span><span data-mce-type=\"bookmark\" style=\"display: inline-block; width: 0px; overflow: hidden; line-height: 0;\" class=\"mce_SELRES_start\">\ufeff<\/span><span data-mce-type=\"bookmark\" style=\"display: inline-block; width: 0px; overflow: hidden; line-height: 0;\" class=\"mce_SELRES_start\">\ufeff<\/span><span data-mce-type=\"bookmark\" style=\"display: inline-block; width: 0px; overflow: hidden; line-height: 0;\" class=\"mce_SELRES_start\">\ufeff<\/span><\/iframe><\/p>\n<p class=\"intro\">Colt Spectrum bietet eine extrem hohe Bandbreitenkonnektivit\u00e4t und erm\u00f6glicht es Ihnen, Ihre eigenen Investitionen in DWDM-Ger\u00e4ten zu nutzen, w\u00e4hrend Sie gleichzeitig von der umfassenden optischen Reichweite und Konnektivit\u00e4t von Colt profitieren. Fibre Spectrum bietet die Flexibilit\u00e4t, Kontrolle und Aufr\u00fcstbarkeit eines Langstrecken-Glasfaser-Netzwerks und hilft Ihnen, die Markteinf\u00fchrungszeit f\u00fcr neue Routen zu verk\u00fcrzen. Dar\u00fcber hinaus bietet es ein vereinfachtes Betriebsmodell zur Unterst\u00fctzung von Multi-Terabit-Netzwerkerweiterungsaktivit\u00e4ten.<\/p>\n<h3>Netzwerkaufbau<\/h3>\n<p>Colt Spectrum bietet eine brauchbare Alternative zur Erschlie\u00dfung neuer Langstrecken-Glasfasern und bietet Volumen-Wellenl\u00e4ngen-Transport \u00fcber Colts hochmodernes optisches Backbone, das IQ Network. Colt Spectrum bietet einen h\u00f6heren Grad an Auswahlm\u00f6glichkeiten bei Build- oder Kaufentscheidungen. So k\u00f6nnen Sie den Einsatz von Web-Scale-Netzwerken beschleunigen und den ROI maximieren.<\/p>\n<h3>Vereinfachen<\/h3>\n<p>Mit Colt Spectrum haben Sie die Kontrolle \u00fcber Ihr Netzwerk. Das bedeutet, dass Sie die Flexibilit\u00e4t erhalten, neue 100G-Wellenl\u00e4ngen nach Bedarf zu erstellen. Wenn Sie bereits Erfahrung im Betrieb von optischen Netzwerken haben, k\u00f6nnen Sie mit der Spectrum DWDM-Transponder-Hardware verwalten &#8211; und unterst\u00fctzt sowohl Alien Wave- als auch Friendly Wave-Konfigurationen, die \u00fcber das vollst\u00e4ndig verwaltete Colt-Leitungssystem geliefert werden.<\/p>\n<h3>Zukunftssicher<\/h3>\n<p>Da webbasierte Technologien weiterhin den Bedarf nach h\u00f6heren Bandbreiten erfordern, entwickelt sich die optische Netzwerktechnologie, um die wachsende Nachfrage zu befriedigen. Das optische Langstrecken-Netzwerk von Colt basiert auf einer hochmodernen Plattform, die die flexiblen Grid-Technologien der Zukunft unterst\u00fctzt. Colt Spectrum bietet Unterst\u00fctzung f\u00fcr verschiedene Modulationsschemata und er\u00f6ffnet damit die M\u00f6glichkeit, zuk\u00fcnftige Bandbreiten-Upgrades bei \u00c4nderungen der Technologie bereitzustellen.<\/p>\n","protected":false},"excerpt":{"rendered":"<p>\ufeff\ufeff\ufeff\ufeff Colt Spectrum bietet eine extrem hohe Bandbreitenkonnektivit\u00e4t und erm\u00f6glicht es Ihnen, Ihre eigenen Investitionen in DWDM-Ger\u00e4ten zu nutzen, w\u00e4hrend Sie gleichzeitig von der umfassenden optischen Reichweite und Konnektivit\u00e4t von Colt profitieren. Fibre Spectrum bietet die Flexibilit\u00e4t, Kontrolle und Aufr\u00fcstbarkeit eines Langstrecken-Glasfaser-Netzwerks und hilft Ihnen, die Markteinf\u00fchrungszeit f\u00fcr neue Routen zu verk\u00fcrzen. Dar\u00fcber hinaus bietet&#8230;<\/p>\n","protected":false},"author":143,"featured_media":0,"parent":35897,"menu_order":0,"comment_status":"closed","ping_status":"closed","template":"","meta":{"_acf_changed":false,"footnotes":""},"colt_type":[],"colt_products":[1538],"class_list":["post-36987","page","type-page","status-publish","hentry","colt_products-optical"],"acf":[],"yoast_head":"<!-- This site is optimized with the Yoast SEO plugin v26.8 - https:\/\/yoast.com\/product\/yoast-seo-wordpress\/ -->\n<title>Spectrum | Colt Technology Services | DE<\/title>\n<meta name=\"description\" content=\"Colt Spectrum bietet eine extrem hohe Bandbreitenkonnektivit\u00e4t und erm\u00f6glicht es Ihnen, Ihre eigenen Investitionen in DWDM-Ger\u00e4ten zu nutzen, w\u00e4hrend Sie gleichzeitig von der umfassenden optischen Reichweite und Konnektivit\u00e4t von Colt profitieren.\" \/>\n<meta name=\"robots\" content=\"noindex, follow, max-snippet:-1, max-image-preview:large, max-video-preview:-1\" \/>\n<meta property=\"og:locale\" content=\"de_DE\" \/>\n<meta property=\"og:type\" content=\"article\" \/>\n<meta property=\"og:title\" content=\"Spectrum | Colt Technology Services | DE\" \/>\n<meta property=\"og:description\" content=\"Colt Spectrum bietet eine extrem hohe Bandbreitenkonnektivit\u00e4t und erm\u00f6glicht es Ihnen, Ihre eigenen Investitionen in DWDM-Ger\u00e4ten zu nutzen, w\u00e4hrend Sie gleichzeitig von der umfassenden optischen Reichweite und Konnektivit\u00e4t von Colt profitieren.\" \/>\n<meta property=\"og:url\" content=\"https:\/\/legacy.colt.net\/de\/product\/spectrum-1\/\" \/>\n<meta property=\"og:site_name\" content=\"Colt Technology Services\" \/>\n<meta property=\"article:publisher\" content=\"https:\/\/www.facebook.com\/ColtTechnologyServices\/\" \/>\n<meta property=\"article:modified_time\" content=\"2022-02-27T21:55:13+00:00\" \/>\n<meta name=\"twitter:card\" content=\"summary_large_image\" \/>\n<meta name=\"twitter:site\" content=\"@colt_technology\" \/>\n<meta name=\"twitter:label1\" content=\"Est. reading time\" \/>\n\t<meta name=\"twitter:data1\" content=\"1 minute\" \/>\n<script type=\"application\/ld+json\" class=\"yoast-schema-graph\">{\"@context\":\"https:\/\/schema.org\",\"@graph\":[{\"@type\":\"WebPage\",\"@id\":\"https:\/\/legacy.colt.net\/de\/product\/spectrum-1\/\",\"url\":\"https:\/\/legacy.colt.net\/de\/product\/spectrum-1\/\",\"name\":\"Spectrum | Colt Technology Services | DE\",\"isPartOf\":{\"@id\":\"https:\/\/legacy.colt.net\/#website\"},\"datePublished\":\"2018-11-09T10:29:46+00:00\",\"dateModified\":\"2022-02-27T21:55:13+00:00\",\"description\":\"Colt Spectrum bietet eine extrem hohe Bandbreitenkonnektivit\u00e4t und erm\u00f6glicht es Ihnen, Ihre eigenen Investitionen in DWDM-Ger\u00e4ten zu nutzen, w\u00e4hrend Sie gleichzeitig von der umfassenden optischen Reichweite und Konnektivit\u00e4t von Colt profitieren.\",\"breadcrumb\":{\"@id\":\"https:\/\/legacy.colt.net\/de\/product\/spectrum-1\/#breadcrumb\"},\"inLanguage\":\"de-DE\",\"potentialAction\":[{\"@type\":\"ReadAction\",\"target\":[\"https:\/\/legacy.colt.net\/de\/product\/spectrum-1\/\"]}]},{\"@type\":\"BreadcrumbList\",\"@id\":\"https:\/\/legacy.colt.net\/de\/product\/spectrum-1\/#breadcrumb\",\"itemListElement\":[{\"@type\":\"ListItem\",\"position\":1,\"name\":\"Home\",\"item\":\"https:\/\/legacy.colt.net\/de\/\"},{\"@type\":\"ListItem\",\"position\":2,\"name\":\"Produkte &#038; Netzwerkservice\",\"item\":\"https:\/\/legacy.colt.net\/de\/product\/\"},{\"@type\":\"ListItem\",\"position\":3,\"name\":\"Spectrum\"}]},{\"@type\":\"WebSite\",\"@id\":\"https:\/\/legacy.colt.net\/#website\",\"url\":\"https:\/\/legacy.colt.net\/\",\"name\":\"Colt\u30c6\u30af\u30ce\u30ed\u30b8\u30fc\u30b5\u30fc\u30d3\u30b9\u682a\u5f0f\u4f1a\u793e\",\"description\":\"Managed Network &amp; Voice Services Provider\",\"publisher\":{\"@id\":\"https:\/\/legacy.colt.net\/#organization\"},\"potentialAction\":[{\"@type\":\"SearchAction\",\"target\":{\"@type\":\"EntryPoint\",\"urlTemplate\":\"https:\/\/legacy.colt.net\/?s={search_term_string}\"},\"query-input\":{\"@type\":\"PropertyValueSpecification\",\"valueRequired\":true,\"valueName\":\"search_term_string\"}}],\"inLanguage\":\"de-DE\"},{\"@type\":\"Organization\",\"@id\":\"https:\/\/legacy.colt.net\/#organization\",\"name\":\"Colt Technology Services\",\"url\":\"https:\/\/legacy.colt.net\/\",\"logo\":{\"@type\":\"ImageObject\",\"inLanguage\":\"de-DE\",\"@id\":\"https:\/\/legacy.colt.net\/#\/schema\/logo\/image\/\",\"url\":\"https:\/\/legacy.colt.net\/wp-content\/uploads\/2019\/02\/Colt-Logo.png\",\"contentUrl\":\"https:\/\/legacy.colt.net\/wp-content\/uploads\/2019\/02\/Colt-Logo.png\",\"width\":195,\"height\":77,\"caption\":\"Colt Technology Services\"},\"image\":{\"@id\":\"https:\/\/legacy.colt.net\/#\/schema\/logo\/image\/\"},\"sameAs\":[\"https:\/\/www.facebook.com\/ColtTechnologyServices\/\",\"https:\/\/x.com\/colt_technology\",\"https:\/\/www.instagram.com\/colttechnologyservices\/\",\"https:\/\/www.linkedin.com\/company\/colt-technology-services\",\"https:\/\/www.youtube.com\/user\/ColtTechnology\"]}]}<\/script>\n<!-- \/ Yoast SEO plugin. -->","yoast_head_json":{"title":"Spectrum | Colt Technology Services | DE","description":"Colt Spectrum bietet eine extrem hohe Bandbreitenkonnektivit\u00e4t und erm\u00f6glicht es Ihnen, Ihre eigenen Investitionen in DWDM-Ger\u00e4ten zu nutzen, w\u00e4hrend Sie gleichzeitig von der umfassenden optischen Reichweite und Konnektivit\u00e4t von Colt profitieren.","robots":{"index":"noindex","follow":"follow","max-snippet":"max-snippet:-1","max-image-preview":"max-image-preview:large","max-video-preview":"max-video-preview:-1"},"og_locale":"de_DE","og_type":"article","og_title":"Spectrum | Colt Technology Services | DE","og_description":"Colt Spectrum bietet eine extrem hohe Bandbreitenkonnektivit\u00e4t und erm\u00f6glicht es Ihnen, Ihre eigenen Investitionen in DWDM-Ger\u00e4ten zu nutzen, w\u00e4hrend Sie gleichzeitig von der umfassenden optischen Reichweite und Konnektivit\u00e4t von Colt profitieren.","og_url":"https:\/\/legacy.colt.net\/de\/product\/spectrum-1\/","og_site_name":"Colt Technology Services","article_publisher":"https:\/\/www.facebook.com\/ColtTechnologyServices\/","article_modified_time":"2022-02-27T21:55:13+00:00","twitter_card":"summary_large_image","twitter_site":"@colt_technology","twitter_misc":{"Est. reading time":"1 minute"},"schema":{"@context":"https:\/\/schema.org","@graph":[{"@type":"WebPage","@id":"https:\/\/legacy.colt.net\/de\/product\/spectrum-1\/","url":"https:\/\/legacy.colt.net\/de\/product\/spectrum-1\/","name":"Spectrum | Colt Technology Services | DE","isPartOf":{"@id":"https:\/\/legacy.colt.net\/#website"},"datePublished":"2018-11-09T10:29:46+00:00","dateModified":"2022-02-27T21:55:13+00:00","description":"Colt Spectrum bietet eine extrem hohe Bandbreitenkonnektivit\u00e4t und erm\u00f6glicht es Ihnen, Ihre eigenen Investitionen in DWDM-Ger\u00e4ten zu nutzen, w\u00e4hrend Sie gleichzeitig von der umfassenden optischen Reichweite und Konnektivit\u00e4t von Colt profitieren.","breadcrumb":{"@id":"https:\/\/legacy.colt.net\/de\/product\/spectrum-1\/#breadcrumb"},"inLanguage":"de-DE","potentialAction":[{"@type":"ReadAction","target":["https:\/\/legacy.colt.net\/de\/product\/spectrum-1\/"]}]},{"@type":"BreadcrumbList","@id":"https:\/\/legacy.colt.net\/de\/product\/spectrum-1\/#breadcrumb","itemListElement":[{"@type":"ListItem","position":1,"name":"Home","item":"https:\/\/legacy.colt.net\/de\/"},{"@type":"ListItem","position":2,"name":"Produkte &#038; Netzwerkservice","item":"https:\/\/legacy.colt.net\/de\/product\/"},{"@type":"ListItem","position":3,"name":"Spectrum"}]},{"@type":"WebSite","@id":"https:\/\/legacy.colt.net\/#website","url":"https:\/\/legacy.colt.net\/","name":"Colt\u30c6\u30af\u30ce\u30ed\u30b8\u30fc\u30b5\u30fc\u30d3\u30b9\u682a\u5f0f\u4f1a\u793e","description":"Managed Network &amp; Voice Services Provider","publisher":{"@id":"https:\/\/legacy.colt.net\/#organization"},"potentialAction":[{"@type":"SearchAction","target":{"@type":"EntryPoint","urlTemplate":"https:\/\/legacy.colt.net\/?s={search_term_string}"},"query-input":{"@type":"PropertyValueSpecification","valueRequired":true,"valueName":"search_term_string"}}],"inLanguage":"de-DE"},{"@type":"Organization","@id":"https:\/\/legacy.colt.net\/#organization","name":"Colt Technology Services","url":"https:\/\/legacy.colt.net\/","logo":{"@type":"ImageObject","inLanguage":"de-DE","@id":"https:\/\/legacy.colt.net\/#\/schema\/logo\/image\/","url":"https:\/\/legacy.colt.net\/wp-content\/uploads\/2019\/02\/Colt-Logo.png","contentUrl":"https:\/\/legacy.colt.net\/wp-content\/uploads\/2019\/02\/Colt-Logo.png","width":195,"height":77,"caption":"Colt Technology Services"},"image":{"@id":"https:\/\/legacy.colt.net\/#\/schema\/logo\/image\/"},"sameAs":["https:\/\/www.facebook.com\/ColtTechnologyServices\/","https:\/\/x.com\/colt_technology","https:\/\/www.instagram.com\/colttechnologyservices\/","https:\/\/www.linkedin.com\/company\/colt-technology-services","https:\/\/www.youtube.com\/user\/ColtTechnology"]}]}},"_links":{"self":[{"href":"https:\/\/legacy.colt.net\/de\/wp-json\/wp\/v2\/pages\/36987","targetHints":{"allow":["GET"]}}],"collection":[{"href":"https:\/\/legacy.colt.net\/de\/wp-json\/wp\/v2\/pages"}],"about":[{"href":"https:\/\/legacy.colt.net\/de\/wp-json\/wp\/v2\/types\/page"}],"author":[{"embeddable":true,"href":"https:\/\/legacy.colt.net\/de\/wp-json\/wp\/v2\/users\/143"}],"replies":[{"embeddable":true,"href":"https:\/\/legacy.colt.net\/de\/wp-json\/wp\/v2\/comments?post=36987"}],"version-history":[{"count":0,"href":"https:\/\/legacy.colt.net\/de\/wp-json\/wp\/v2\/pages\/36987\/revisions"}],"up":[{"embeddable":true,"href":"https:\/\/legacy.colt.net\/de\/wp-json\/wp\/v2\/pages\/35897"}],"wp:attachment":[{"href":"https:\/\/legacy.colt.net\/de\/wp-json\/wp\/v2\/media?parent=36987"}],"wp:term":[{"taxonomy":"colt_type","embeddable":true,"href":"https:\/\/legacy.colt.net\/de\/wp-json\/wp\/v2\/colt_type?post=36987"},{"taxonomy":"colt_products","embeddable":true,"href":"https:\/\/legacy.colt.net\/de\/wp-json\/wp\/v2\/colt_products?post=36987"}],"curies":[{"name":"wp","href":"https:\/\/api.w.org\/{rel}","templated":true}]}}